





{"id":25780,"date":"2016-10-12T19:54:15","date_gmt":"2016-10-12T17:54:15","guid":{"rendered":"https:\/\/repliquemangacine.fr\/?post_type=product&#038;p=25780"},"modified":"2026-04-15T13:08:00","modified_gmt":"2026-04-15T11:08:00","slug":"broche-del-sheriff-del-condado-estrella","status":"publish","type":"product","link":"https:\/\/repliquemangacine.fr\/es\/holster-accessoires-western\/etoile-broche-sheriff-county\/","title":{"rendered":"Alfiler de sheriff del condado"},"content":{"rendered":"<h2>Alfiler de sheriff del condado<\/h2>\n<p>Para empezar, el<strong>Alfiler estrella del condado de Sheriff<\/strong> de metal decorado, el accesorio indispensable para tu disfraz de western.<\/p>\n<p>Un distintivo es una marca distintiva de pertenencia a un grupo, un rango o una funci\u00f3n.<\/p>\n<p>En singular, insignia suele referirse al elemento principal, generalmente met\u00e1lico o textil. En plural, insignia se refiere a todas las partes de una condecoraci\u00f3n, o a los distintos elementos que componen un rango, grado o dignidad.<\/p>\n<p>En Estados Unidos, un sheriff es un funcionario electo responsable de la justicia a nivel de condado. Cada estado se divide en condados (excepto Alaska y Luisiana), que comprenden un determinado n\u00famero de municipios.<\/p>\n<p>El sheriff es, en cierto modo, el ministro del orden p\u00fablico en su territorio. Es responsable de las prisiones del condado, los tribunales civiles y las medidas que deben adoptarse para hacer cumplir las leyes y reglamentos.<\/p>\n<h2>Tus accesorios western al mejor precio.<\/h2>\n<p>Ofrecemos una amplia gama de reproducciones de accesorios del Oeste.<\/p>\n<p>Lo primero y m\u00e1s importante,<\/p>\n<ul>\n<li>Este <a href=\"https:\/\/repliquemangacine.fr\/es\/accesorios-para-fundas\/ceinturon-cuir-pour-colt-45-holster-simple\/\">funda de cintur\u00f3n<\/a> para collares de sheriff para completar tu disfraz.<\/li>\n<li>Y balas falsas para tu rev\u00f3lver.<\/li>\n<li>Tambi\u00e9n hay soportes de madera para exponer sus potros.<\/li>\n<li>Y muchos m\u00e1s por descubrir en nuestra tienda en l\u00ednea.<\/li>\n<\/ul>\n<p>Por eso hemos pensado en algunas ideas para regalar a los aficionados a la historia.<\/p>\n<p>En conclusi\u00f3n, tambi\u00e9n puede utilizar este <strong>Alfiler de sheriff del condado<\/strong> para sus veladas campestres. Pero, sobre todo, este broche es una pieza decorativa de coleccionista.<\/p>\n<p>R\u00e9plique Manga Cin\u00e9 es una empresa familiar francesa. Distribuidor oficial de la marca <a href=\"https:\/\/www.denix.fr\/fr\/catalogue\/guerre-civile-occidentale-et-americaine-1861-1899\/plaques\/113-nq\/\" target=\"_blank\" rel=\"noopener noreferrer\">Denix<\/a>.<\/p>","protected":false},"excerpt":{"rendered":"<p>El Sheriff County Spit Star es el accesorio esencial para tu disfraz del Oeste.<\/p>\n<ul>\n<li>Este broche insignia est\u00e1 hecho de metal envejecido.<\/li>\n<li>Dise\u00f1o muy sofisticado.<\/li>\n<li>decoraciones en cada una de las seis ramas.<\/li>\n<li>Grabado en el centro de la inscripci\u00f3n Grand Sheriff County.<\/li>\n<li>Aguja de sujeci\u00f3n.<\/li>\n<li>Dimensiones: 6,9 cm - Peso: 18 grs<\/li>\n<\/ul>","protected":false},"featured_media":25781,"template":"","meta":[],"product_brand":[896],"product_cat":[51,34,102,90,28,27],"product_tag":[],"class_list":{"0":"post-25780","1":"product","2":"type-product","3":"status-publish","4":"has-post-thumbnail","6":"product_brand-replique-manga-cine","7":"product_cat-accessoires-western","8":"product_cat-armes-westerns","9":"product_cat-denix","10":"product_cat-holster-accessoires-western","11":"product_cat-repliques-darmes","12":"product_cat-armes-et-accessoires-western","14":"first","15":"instock","16":"taxable","17":"shipping-taxable","18":"purchasable","19":"product-type-simple"},"yoast_head":"<!-- This site is optimized with the Yoast SEO plugin v27.5 - https:\/\/yoast.com\/product\/yoast-seo-wordpress\/ -->\n<title>\u00c9toile broche Sh\u00e9riff County - Vente d&#039;Accessoires Western - RMC<\/title>\n<meta name=\"description\" content=\"Pour toutes vos soir\u00e9es country, d\u00e9couvrez cette \u00c9toile broche Sh\u00e9riff County au meilleur prix - 6 branches - Tout en m\u00e9tal grav\u00e9 - 6.9 cm\" \/>\n<meta name=\"robots\" content=\"index, follow, max-snippet:-1, max-image-preview:large, max-video-preview:-1\" \/>\n<link rel=\"canonical\" href=\"https:\/\/repliquemangacine.fr\/es\/accesorios-western-funda\/broche-del-sheriff-del-condado-estrella\/\" \/>\n<meta property=\"og:locale\" content=\"es_ES\" \/>\n<meta property=\"og:type\" content=\"article\" \/>\n<meta property=\"og:title\" content=\"\u00c9toile broche Sh\u00e9riff County - Vente d&#039;Accessoires Western - RMC\" \/>\n<meta property=\"og:description\" content=\"Pour toutes vos soir\u00e9es country, d\u00e9couvrez cette \u00c9toile broche Sh\u00e9riff County au meilleur prix - 6 branches - Tout en m\u00e9tal grav\u00e9 - 6.9 cm\" \/>\n<meta property=\"og:url\" content=\"https:\/\/repliquemangacine.fr\/es\/accesorios-western-funda\/broche-del-sheriff-del-condado-estrella\/\" \/>\n<meta property=\"og:site_name\" content=\"R\u00e9plique Manga Cin\u00e9\" \/>\n<meta property=\"article:publisher\" content=\"https:\/\/www.facebook.com\/RepliqueMangaCine\" \/>\n<meta property=\"article:modified_time\" content=\"2026-04-15T11:08:00+00:00\" \/>\n<meta property=\"og:image\" content=\"https:\/\/repliquemangacine.fr\/wp-content\/uploads\/2023\/10\/533-Etoile-grand-Sheriff-County-Insigne-broche.jpg\" \/>\n\t<meta property=\"og:image:width\" content=\"800\" \/>\n\t<meta property=\"og:image:height\" content=\"800\" \/>\n\t<meta property=\"og:image:type\" content=\"image\/jpeg\" \/>\n<meta name=\"twitter:card\" content=\"summary_large_image\" \/>\n<meta name=\"twitter:label1\" content=\"Tiempo de lectura\" \/>\n\t<meta name=\"twitter:data1\" content=\"2 minutos\" \/>\n<script type=\"application\/ld+json\" class=\"yoast-schema-graph\">{\"@context\":\"https:\\\/\\\/schema.org\",\"@graph\":[{\"@type\":\"WebPage\",\"@id\":\"https:\\\/\\\/repliquemangacine.fr\\\/holster-accessoires-western\\\/etoile-broche-sheriff-county\\\/\",\"url\":\"https:\\\/\\\/repliquemangacine.fr\\\/holster-accessoires-western\\\/etoile-broche-sheriff-county\\\/\",\"name\":\"\u00c9toile broche Sh\u00e9riff County - Vente d'Accessoires Western - RMC\",\"isPartOf\":{\"@id\":\"https:\\\/\\\/repliquemangacine.fr\\\/#website\"},\"primaryImageOfPage\":{\"@id\":\"https:\\\/\\\/repliquemangacine.fr\\\/holster-accessoires-western\\\/etoile-broche-sheriff-county\\\/#primaryimage\"},\"image\":{\"@id\":\"https:\\\/\\\/repliquemangacine.fr\\\/holster-accessoires-western\\\/etoile-broche-sheriff-county\\\/#primaryimage\"},\"thumbnailUrl\":\"https:\\\/\\\/repliquemangacine.fr\\\/wp-content\\\/uploads\\\/2023\\\/10\\\/533-Etoile-grand-Sheriff-County-Insigne-broche.jpg\",\"datePublished\":\"2016-10-12T17:54:15+00:00\",\"dateModified\":\"2026-04-15T11:08:00+00:00\",\"description\":\"Pour toutes vos soir\u00e9es country, d\u00e9couvrez cette \u00c9toile broche Sh\u00e9riff County au meilleur prix - 6 branches - Tout en m\u00e9tal grav\u00e9 - 6.9 cm\",\"breadcrumb\":{\"@id\":\"https:\\\/\\\/repliquemangacine.fr\\\/holster-accessoires-western\\\/etoile-broche-sheriff-county\\\/#breadcrumb\"},\"inLanguage\":\"es\",\"potentialAction\":[{\"@type\":\"ReadAction\",\"target\":[\"https:\\\/\\\/repliquemangacine.fr\\\/holster-accessoires-western\\\/etoile-broche-sheriff-county\\\/\"]}]},{\"@type\":\"ImageObject\",\"inLanguage\":\"es\",\"@id\":\"https:\\\/\\\/repliquemangacine.fr\\\/holster-accessoires-western\\\/etoile-broche-sheriff-county\\\/#primaryimage\",\"url\":\"https:\\\/\\\/repliquemangacine.fr\\\/wp-content\\\/uploads\\\/2023\\\/10\\\/533-Etoile-grand-Sheriff-County-Insigne-broche.jpg\",\"contentUrl\":\"https:\\\/\\\/repliquemangacine.fr\\\/wp-content\\\/uploads\\\/2023\\\/10\\\/533-Etoile-grand-Sheriff-County-Insigne-broche.jpg\",\"width\":800,\"height\":800,\"caption\":\"Etoile grand Sh\u00e9riff County - Insigne broche\"},{\"@type\":\"BreadcrumbList\",\"@id\":\"https:\\\/\\\/repliquemangacine.fr\\\/holster-accessoires-western\\\/etoile-broche-sheriff-county\\\/#breadcrumb\",\"itemListElement\":[{\"@type\":\"ListItem\",\"position\":1,\"name\":\"Accueil\",\"item\":\"https:\\\/\\\/repliquemangacine.fr\\\/\"},{\"@type\":\"ListItem\",\"position\":2,\"name\":\"Produits\",\"item\":\"https:\\\/\\\/repliquemangacine.fr\\\/boutique\\\/\"},{\"@type\":\"ListItem\",\"position\":3,\"name\":\"\u00c9toile broche Sh\u00e9riff County\"}]},{\"@type\":\"WebSite\",\"@id\":\"https:\\\/\\\/repliquemangacine.fr\\\/#website\",\"url\":\"https:\\\/\\\/repliquemangacine.fr\\\/\",\"name\":\"R\u00e9plique Manga Cin\u00e9\",\"description\":\"\",\"publisher\":{\"@id\":\"https:\\\/\\\/repliquemangacine.fr\\\/#organization\"},\"potentialAction\":[{\"@type\":\"SearchAction\",\"target\":{\"@type\":\"EntryPoint\",\"urlTemplate\":\"https:\\\/\\\/repliquemangacine.fr\\\/?s={search_term_string}\"},\"query-input\":{\"@type\":\"PropertyValueSpecification\",\"valueRequired\":true,\"valueName\":\"search_term_string\"}}],\"inLanguage\":\"es\"},{\"@type\":\"Organization\",\"@id\":\"https:\\\/\\\/repliquemangacine.fr\\\/#organization\",\"name\":\"R\u00e9plique Manga Cin\u00e9\",\"url\":\"https:\\\/\\\/repliquemangacine.fr\\\/\",\"logo\":{\"@type\":\"ImageObject\",\"inLanguage\":\"es\",\"@id\":\"https:\\\/\\\/repliquemangacine.fr\\\/#\\\/schema\\\/logo\\\/image\\\/\",\"url\":\"https:\\\/\\\/repliquemangacine.fr\\\/wp-content\\\/uploads\\\/2023\\\/10\\\/RMC-500250.png\",\"contentUrl\":\"https:\\\/\\\/repliquemangacine.fr\\\/wp-content\\\/uploads\\\/2023\\\/10\\\/RMC-500250.png\",\"width\":500,\"height\":250,\"caption\":\"R\u00e9plique Manga Cin\u00e9\"},\"image\":{\"@id\":\"https:\\\/\\\/repliquemangacine.fr\\\/#\\\/schema\\\/logo\\\/image\\\/\"},\"sameAs\":[\"https:\\\/\\\/www.facebook.com\\\/RepliqueMangaCine\",\"https:\\\/\\\/www.instagram.com\\\/repliquemangacine.fr\\\/\"]}]}<\/script>\n<!-- \/ Yoast SEO plugin. -->","yoast_head_json":{"title":"Alfiler de Sheriff County - Venta de Accesorios Western - RMC","description":"Para todas sus fiestas campestres, descubra este broche estrella del condado de Sheriff al mejor precio - 6 ramas - Todo metal grabado - 6,9 cm","robots":{"index":"index","follow":"follow","max-snippet":"max-snippet:-1","max-image-preview":"max-image-preview:large","max-video-preview":"max-video-preview:-1"},"canonical":"https:\/\/repliquemangacine.fr\/es\/accesorios-western-funda\/broche-del-sheriff-del-condado-estrella\/","og_locale":"es_ES","og_type":"article","og_title":"\u00c9toile broche Sh\u00e9riff County - Vente d'Accessoires Western - RMC","og_description":"Pour toutes vos soir\u00e9es country, d\u00e9couvrez cette \u00c9toile broche Sh\u00e9riff County au meilleur prix - 6 branches - Tout en m\u00e9tal grav\u00e9 - 6.9 cm","og_url":"https:\/\/repliquemangacine.fr\/es\/accesorios-western-funda\/broche-del-sheriff-del-condado-estrella\/","og_site_name":"R\u00e9plique Manga Cin\u00e9","article_publisher":"https:\/\/www.facebook.com\/RepliqueMangaCine","article_modified_time":"2026-04-15T11:08:00+00:00","og_image":[{"width":800,"height":800,"url":"https:\/\/repliquemangacine.fr\/wp-content\/uploads\/2023\/10\/533-Etoile-grand-Sheriff-County-Insigne-broche.jpg","type":"image\/jpeg"}],"twitter_card":"summary_large_image","twitter_misc":{"Tiempo de lectura":"2 minutos"},"schema":{"@context":"https:\/\/schema.org","@graph":[{"@type":"WebPage","@id":"https:\/\/repliquemangacine.fr\/holster-accessoires-western\/etoile-broche-sheriff-county\/","url":"https:\/\/repliquemangacine.fr\/holster-accessoires-western\/etoile-broche-sheriff-county\/","name":"Alfiler de Sheriff County - Venta de Accesorios Western - RMC","isPartOf":{"@id":"https:\/\/repliquemangacine.fr\/#website"},"primaryImageOfPage":{"@id":"https:\/\/repliquemangacine.fr\/holster-accessoires-western\/etoile-broche-sheriff-county\/#primaryimage"},"image":{"@id":"https:\/\/repliquemangacine.fr\/holster-accessoires-western\/etoile-broche-sheriff-county\/#primaryimage"},"thumbnailUrl":"https:\/\/repliquemangacine.fr\/wp-content\/uploads\/2023\/10\/533-Etoile-grand-Sheriff-County-Insigne-broche.jpg","datePublished":"2016-10-12T17:54:15+00:00","dateModified":"2026-04-15T11:08:00+00:00","description":"Para todas sus fiestas campestres, descubra este broche estrella del condado de Sheriff al mejor precio - 6 ramas - Todo metal grabado - 6,9 cm","breadcrumb":{"@id":"https:\/\/repliquemangacine.fr\/holster-accessoires-western\/etoile-broche-sheriff-county\/#breadcrumb"},"inLanguage":"es","potentialAction":[{"@type":"ReadAction","target":["https:\/\/repliquemangacine.fr\/holster-accessoires-western\/etoile-broche-sheriff-county\/"]}]},{"@type":"ImageObject","inLanguage":"es","@id":"https:\/\/repliquemangacine.fr\/holster-accessoires-western\/etoile-broche-sheriff-county\/#primaryimage","url":"https:\/\/repliquemangacine.fr\/wp-content\/uploads\/2023\/10\/533-Etoile-grand-Sheriff-County-Insigne-broche.jpg","contentUrl":"https:\/\/repliquemangacine.fr\/wp-content\/uploads\/2023\/10\/533-Etoile-grand-Sheriff-County-Insigne-broche.jpg","width":800,"height":800,"caption":"Etoile grand Sh\u00e9riff County - Insigne broche"},{"@type":"BreadcrumbList","@id":"https:\/\/repliquemangacine.fr\/holster-accessoires-western\/etoile-broche-sheriff-county\/#breadcrumb","itemListElement":[{"@type":"ListItem","position":1,"name":"Accueil","item":"https:\/\/repliquemangacine.fr\/"},{"@type":"ListItem","position":2,"name":"Produits","item":"https:\/\/repliquemangacine.fr\/boutique\/"},{"@type":"ListItem","position":3,"name":"\u00c9toile broche Sh\u00e9riff County"}]},{"@type":"WebSite","@id":"https:\/\/repliquemangacine.fr\/#website","url":"https:\/\/repliquemangacine.fr\/","name":"R\u00e9plique Manga Cin\u00e9","description":"","publisher":{"@id":"https:\/\/repliquemangacine.fr\/#organization"},"potentialAction":[{"@type":"SearchAction","target":{"@type":"EntryPoint","urlTemplate":"https:\/\/repliquemangacine.fr\/?s={search_term_string}"},"query-input":{"@type":"PropertyValueSpecification","valueRequired":true,"valueName":"search_term_string"}}],"inLanguage":"es"},{"@type":"Organization","@id":"https:\/\/repliquemangacine.fr\/#organization","name":"R\u00e9plique Manga Cin\u00e9","url":"https:\/\/repliquemangacine.fr\/","logo":{"@type":"ImageObject","inLanguage":"es","@id":"https:\/\/repliquemangacine.fr\/#\/schema\/logo\/image\/","url":"https:\/\/repliquemangacine.fr\/wp-content\/uploads\/2023\/10\/RMC-500250.png","contentUrl":"https:\/\/repliquemangacine.fr\/wp-content\/uploads\/2023\/10\/RMC-500250.png","width":500,"height":250,"caption":"R\u00e9plique Manga Cin\u00e9"},"image":{"@id":"https:\/\/repliquemangacine.fr\/#\/schema\/logo\/image\/"},"sameAs":["https:\/\/www.facebook.com\/RepliqueMangaCine","https:\/\/www.instagram.com\/repliquemangacine.fr\/"]}]}},"_links":{"self":[{"href":"https:\/\/repliquemangacine.fr\/es\/wp-json\/wp\/v2\/product\/25780","targetHints":{"allow":["GET"]}}],"collection":[{"href":"https:\/\/repliquemangacine.fr\/es\/wp-json\/wp\/v2\/product"}],"about":[{"href":"https:\/\/repliquemangacine.fr\/es\/wp-json\/wp\/v2\/types\/product"}],"wp:featuredmedia":[{"embeddable":true,"href":"https:\/\/repliquemangacine.fr\/es\/wp-json\/wp\/v2\/media\/25781"}],"wp:attachment":[{"href":"https:\/\/repliquemangacine.fr\/es\/wp-json\/wp\/v2\/media?parent=25780"}],"wp:term":[{"taxonomy":"product_brand","embeddable":true,"href":"https:\/\/repliquemangacine.fr\/es\/wp-json\/wp\/v2\/product_brand?post=25780"},{"taxonomy":"product_cat","embeddable":true,"href":"https:\/\/repliquemangacine.fr\/es\/wp-json\/wp\/v2\/product_cat?post=25780"},{"taxonomy":"product_tag","embeddable":true,"href":"https:\/\/repliquemangacine.fr\/es\/wp-json\/wp\/v2\/product_tag?post=25780"}],"curies":[{"name":"wp","href":"https:\/\/api.w.org\/{rel}","templated":true}]}}