





{"id":25774,"date":"2016-10-12T19:12:14","date_gmt":"2016-10-12T17:12:14","guid":{"rendered":"https:\/\/repliquemangacine.fr\/?post_type=product&#038;p=25774"},"modified":"2025-09-23T18:01:36","modified_gmt":"2025-09-23T16:01:36","slug":"texas-denix-insignia-de-policia-occidental-accesorios-de-disfraces","status":"publish","type":"product","link":"https:\/\/repliquemangacine.fr\/es\/holster-accessoires-western\/insigne-police-texas-denix-accessoires-deguisements-western\/","title":{"rendered":"Placa de polic\u00eda de Texas"},"content":{"rendered":"<h2>Placa de polic\u00eda de Texas<\/h2>\n<p>Para empezar, el<strong>Placa de polic\u00eda de Texas<\/strong> Es de metal decorado, el accesorio imprescindible para tu disfraz de western.<\/p>\n<p>Una insignia es una marca distintiva que indica la pertenencia a un grupo, un grado, un rango o una funci\u00f3n. En singular, la insignia suele designar el elemento principal, que suele ser met\u00e1lico o textil. En plural, las insignias designan el conjunto de las partes de una condecoraci\u00f3n, o los diferentes elementos que forman parte de un rango, un grado o una dignidad.<\/p>\n<p>En Estados Unidos, un sheriff es un funcionario electo responsable de la justicia a nivel de condado. Cada estado se divide en condados (excepto Alaska y Luisiana), que comprenden un determinado n\u00famero de municipios.<\/p>\n<p>El sheriff es, en cierto modo, el ministro del orden p\u00fablico en su territorio. Es responsable de las prisiones del condado, los tribunales civiles y las medidas que deben adoptarse para hacer cumplir las leyes y reglamentos.<\/p>\n<h2>Tus accesorios western al mejor precio.<\/h2>\n<p>Ofrecemos una amplia gama de reproducciones de accesorios del Oeste.<\/p>\n<p>Lo primero y m\u00e1s importante,<\/p>\n<ul>\n<li>Esta funda doble para sus Colts de Sheriff completar\u00e1 su disfraz.<\/li>\n<li>As\u00ed como <a href=\"https:\/\/repliquemangacine.fr\/es\/accesorios-para-fundas\/6-balles-factices-pour-colt-western-denix\/\">balas falsas<\/a> para acompa\u00f1ar a su rev\u00f3lver.<\/li>\n<li>Tambi\u00e9n hay este par de <a href=\"https:\/\/repliquemangacine.fr\/es\/pistola-kolser\/agarre-de-serpiente\/\">placa de agarre<\/a> para pistola Kolser con decoraci\u00f3n de serpiente<\/li>\n<li>Y muchos m\u00e1s por descubrir en nuestra tienda en l\u00ednea.<\/li>\n<\/ul>\n<p>Por eso hemos pensado en algunas ideas para regalar a los aficionados a la historia.<\/p>\n<p>En conclusi\u00f3n, tambi\u00e9n puede utilizar este <strong>Placa de polic\u00eda de Texas<\/strong> para tus fiestas country o tus representaciones de westerns.<\/p>\n<p>Ante todo, esta estrella de sheriff es una pieza de colecci\u00f3n y decoraci\u00f3n.<\/p>\n<p>R\u00e9plique Manga Cin\u00e9 es una empresa familiar francesa. Distribuidor oficial de la marca <a href=\"https:\/\/www.denix.fr\/fr\/catalogue\/guerre-civile-occidentale-et-americaine-1861-1899\/plaques\/110\/\" target=\"_blank\" rel=\"noopener noreferrer\">Denix<\/a>.<\/p>","protected":false},"excerpt":{"rendered":"<p>La insignia de Polic\u00eda de Texas es un accesorio esencial para tu disfraz del Oeste.<\/p>\n<ul>\n<li>Este broche insignia es de metal dorado con un dise\u00f1o original.<\/li>\n<li>Grabado con la inscripci\u00f3n Jefe de Polic\u00eda - Ennis Texas con condecoraciones .<\/li>\n<li>Dimensiones: 6,6 cm - Peso: 18 grs<\/li>\n<\/ul>","protected":false},"featured_media":25775,"template":"","meta":[],"product_brand":[896],"product_cat":[51,102,90,28,27],"product_tag":[],"class_list":{"0":"post-25774","1":"product","2":"type-product","3":"status-publish","4":"has-post-thumbnail","6":"product_brand-replique-manga-cine","7":"product_cat-accessoires-western","8":"product_cat-denix","9":"product_cat-holster-accessoires-western","10":"product_cat-repliques-darmes","11":"product_cat-armes-et-accessoires-western","13":"first","14":"instock","15":"taxable","16":"shipping-taxable","17":"purchasable","18":"product-type-simple"},"yoast_head":"<!-- This site is optimized with the Yoast SEO plugin v27.5 - https:\/\/yoast.com\/product\/yoast-seo-wordpress\/ -->\n<title>Insigne Police Texas - Vente d&#039;Accessoires western - Denix | RMC<\/title>\n<meta name=\"description\" content=\"Pour toutes vos soir\u00e9es country, l&#039;Insigne Police Texas au meilleur prix - Insigne broche en m\u00e9tal grav\u00e9 - \u00c9pingle au dos - Dimension : 6.6 cm\" \/>\n<meta name=\"robots\" content=\"index, follow, max-snippet:-1, max-image-preview:large, max-video-preview:-1\" \/>\n<link rel=\"canonical\" href=\"https:\/\/repliquemangacine.fr\/es\/denix\/texas-denix-insignia-de-policia-occidental-accesorios-de-disfraces\/\" \/>\n<meta property=\"og:locale\" content=\"es_ES\" \/>\n<meta property=\"og:type\" content=\"article\" \/>\n<meta property=\"og:title\" content=\"Insigne Police Texas - Vente d&#039;Accessoires western - Denix | RMC\" \/>\n<meta property=\"og:description\" content=\"Pour toutes vos soir\u00e9es country, l&#039;Insigne Police Texas au meilleur prix - Insigne broche en m\u00e9tal grav\u00e9 - \u00c9pingle au dos - Dimension : 6.6 cm\" \/>\n<meta property=\"og:url\" content=\"https:\/\/repliquemangacine.fr\/es\/denix\/texas-denix-insignia-de-policia-occidental-accesorios-de-disfraces\/\" \/>\n<meta property=\"og:site_name\" content=\"R\u00e9plique Manga Cin\u00e9\" \/>\n<meta property=\"article:publisher\" content=\"https:\/\/www.facebook.com\/RepliqueMangaCine\" \/>\n<meta property=\"article:modified_time\" content=\"2025-09-23T16:01:36+00:00\" \/>\n<meta property=\"og:image\" content=\"https:\/\/repliquemangacine.fr\/wp-content\/uploads\/2023\/10\/529-Insigne-Chef-de-Police-Etoile-Texas.jpg\" \/>\n\t<meta property=\"og:image:width\" content=\"800\" \/>\n\t<meta property=\"og:image:height\" content=\"800\" \/>\n\t<meta property=\"og:image:type\" content=\"image\/jpeg\" \/>\n<meta name=\"twitter:card\" content=\"summary_large_image\" \/>\n<meta name=\"twitter:label1\" content=\"Tiempo de lectura\" \/>\n\t<meta name=\"twitter:data1\" content=\"2 minutos\" \/>\n<script type=\"application\/ld+json\" class=\"yoast-schema-graph\">{\"@context\":\"https:\\\/\\\/schema.org\",\"@graph\":[{\"@type\":\"WebPage\",\"@id\":\"https:\\\/\\\/repliquemangacine.fr\\\/denix\\\/insigne-police-texas-denix-accessoires-deguisements-western\\\/\",\"url\":\"https:\\\/\\\/repliquemangacine.fr\\\/denix\\\/insigne-police-texas-denix-accessoires-deguisements-western\\\/\",\"name\":\"Insigne Police Texas - Vente d'Accessoires western - Denix | RMC\",\"isPartOf\":{\"@id\":\"https:\\\/\\\/repliquemangacine.fr\\\/#website\"},\"primaryImageOfPage\":{\"@id\":\"https:\\\/\\\/repliquemangacine.fr\\\/denix\\\/insigne-police-texas-denix-accessoires-deguisements-western\\\/#primaryimage\"},\"image\":{\"@id\":\"https:\\\/\\\/repliquemangacine.fr\\\/denix\\\/insigne-police-texas-denix-accessoires-deguisements-western\\\/#primaryimage\"},\"thumbnailUrl\":\"https:\\\/\\\/repliquemangacine.fr\\\/wp-content\\\/uploads\\\/2023\\\/10\\\/529-Insigne-Chef-de-Police-Etoile-Texas.jpg\",\"datePublished\":\"2016-10-12T17:12:14+00:00\",\"dateModified\":\"2025-09-23T16:01:36+00:00\",\"description\":\"Pour toutes vos soir\u00e9es country, l'Insigne Police Texas au meilleur prix - Insigne broche en m\u00e9tal grav\u00e9 - \u00c9pingle au dos - Dimension : 6.6 cm\",\"breadcrumb\":{\"@id\":\"https:\\\/\\\/repliquemangacine.fr\\\/denix\\\/insigne-police-texas-denix-accessoires-deguisements-western\\\/#breadcrumb\"},\"inLanguage\":\"es\",\"potentialAction\":[{\"@type\":\"ReadAction\",\"target\":[\"https:\\\/\\\/repliquemangacine.fr\\\/denix\\\/insigne-police-texas-denix-accessoires-deguisements-western\\\/\"]}]},{\"@type\":\"ImageObject\",\"inLanguage\":\"es\",\"@id\":\"https:\\\/\\\/repliquemangacine.fr\\\/denix\\\/insigne-police-texas-denix-accessoires-deguisements-western\\\/#primaryimage\",\"url\":\"https:\\\/\\\/repliquemangacine.fr\\\/wp-content\\\/uploads\\\/2023\\\/10\\\/529-Insigne-Chef-de-Police-Etoile-Texas.jpg\",\"contentUrl\":\"https:\\\/\\\/repliquemangacine.fr\\\/wp-content\\\/uploads\\\/2023\\\/10\\\/529-Insigne-Chef-de-Police-Etoile-Texas.jpg\",\"width\":800,\"height\":800,\"caption\":\"Insigne Chef de Police - Etoile Texas\"},{\"@type\":\"BreadcrumbList\",\"@id\":\"https:\\\/\\\/repliquemangacine.fr\\\/denix\\\/insigne-police-texas-denix-accessoires-deguisements-western\\\/#breadcrumb\",\"itemListElement\":[{\"@type\":\"ListItem\",\"position\":1,\"name\":\"Accueil\",\"item\":\"https:\\\/\\\/repliquemangacine.fr\\\/\"},{\"@type\":\"ListItem\",\"position\":2,\"name\":\"Produits\",\"item\":\"https:\\\/\\\/repliquemangacine.fr\\\/boutique\\\/\"},{\"@type\":\"ListItem\",\"position\":3,\"name\":\"Insigne Police Texas\"}]},{\"@type\":\"WebSite\",\"@id\":\"https:\\\/\\\/repliquemangacine.fr\\\/#website\",\"url\":\"https:\\\/\\\/repliquemangacine.fr\\\/\",\"name\":\"R\u00e9plique Manga Cin\u00e9\",\"description\":\"\",\"publisher\":{\"@id\":\"https:\\\/\\\/repliquemangacine.fr\\\/#organization\"},\"potentialAction\":[{\"@type\":\"SearchAction\",\"target\":{\"@type\":\"EntryPoint\",\"urlTemplate\":\"https:\\\/\\\/repliquemangacine.fr\\\/?s={search_term_string}\"},\"query-input\":{\"@type\":\"PropertyValueSpecification\",\"valueRequired\":true,\"valueName\":\"search_term_string\"}}],\"inLanguage\":\"es\"},{\"@type\":\"Organization\",\"@id\":\"https:\\\/\\\/repliquemangacine.fr\\\/#organization\",\"name\":\"R\u00e9plique Manga Cin\u00e9\",\"url\":\"https:\\\/\\\/repliquemangacine.fr\\\/\",\"logo\":{\"@type\":\"ImageObject\",\"inLanguage\":\"es\",\"@id\":\"https:\\\/\\\/repliquemangacine.fr\\\/#\\\/schema\\\/logo\\\/image\\\/\",\"url\":\"https:\\\/\\\/repliquemangacine.fr\\\/wp-content\\\/uploads\\\/2023\\\/10\\\/RMC-500250.png\",\"contentUrl\":\"https:\\\/\\\/repliquemangacine.fr\\\/wp-content\\\/uploads\\\/2023\\\/10\\\/RMC-500250.png\",\"width\":500,\"height\":250,\"caption\":\"R\u00e9plique Manga Cin\u00e9\"},\"image\":{\"@id\":\"https:\\\/\\\/repliquemangacine.fr\\\/#\\\/schema\\\/logo\\\/image\\\/\"},\"sameAs\":[\"https:\\\/\\\/www.facebook.com\\\/RepliqueMangaCine\",\"https:\\\/\\\/www.instagram.com\\\/repliquemangacine.fr\\\/\"]}]}<\/script>\n<!-- \/ Yoast SEO plugin. -->","yoast_head_json":{"title":"Insignia de Polic\u00eda de Texas - Venta de accesorios del oeste - Denix | RMC","description":"Para todas tus fiestas campestres, la insignia Police Texas al mejor precio - Insignia broche de metal grabado - Alfiler en la parte posterior - Tama\u00f1o: 6,6 cm","robots":{"index":"index","follow":"follow","max-snippet":"max-snippet:-1","max-image-preview":"max-image-preview:large","max-video-preview":"max-video-preview:-1"},"canonical":"https:\/\/repliquemangacine.fr\/es\/denix\/texas-denix-insignia-de-policia-occidental-accesorios-de-disfraces\/","og_locale":"es_ES","og_type":"article","og_title":"Insigne Police Texas - Vente d'Accessoires western - Denix | RMC","og_description":"Pour toutes vos soir\u00e9es country, l'Insigne Police Texas au meilleur prix - Insigne broche en m\u00e9tal grav\u00e9 - \u00c9pingle au dos - Dimension : 6.6 cm","og_url":"https:\/\/repliquemangacine.fr\/es\/denix\/texas-denix-insignia-de-policia-occidental-accesorios-de-disfraces\/","og_site_name":"R\u00e9plique Manga Cin\u00e9","article_publisher":"https:\/\/www.facebook.com\/RepliqueMangaCine","article_modified_time":"2025-09-23T16:01:36+00:00","og_image":[{"width":800,"height":800,"url":"https:\/\/repliquemangacine.fr\/wp-content\/uploads\/2023\/10\/529-Insigne-Chef-de-Police-Etoile-Texas.jpg","type":"image\/jpeg"}],"twitter_card":"summary_large_image","twitter_misc":{"Tiempo de lectura":"2 minutos"},"schema":{"@context":"https:\/\/schema.org","@graph":[{"@type":"WebPage","@id":"https:\/\/repliquemangacine.fr\/denix\/insigne-police-texas-denix-accessoires-deguisements-western\/","url":"https:\/\/repliquemangacine.fr\/denix\/insigne-police-texas-denix-accessoires-deguisements-western\/","name":"Insignia de Polic\u00eda de Texas - Venta de accesorios del oeste - Denix | RMC","isPartOf":{"@id":"https:\/\/repliquemangacine.fr\/#website"},"primaryImageOfPage":{"@id":"https:\/\/repliquemangacine.fr\/denix\/insigne-police-texas-denix-accessoires-deguisements-western\/#primaryimage"},"image":{"@id":"https:\/\/repliquemangacine.fr\/denix\/insigne-police-texas-denix-accessoires-deguisements-western\/#primaryimage"},"thumbnailUrl":"https:\/\/repliquemangacine.fr\/wp-content\/uploads\/2023\/10\/529-Insigne-Chef-de-Police-Etoile-Texas.jpg","datePublished":"2016-10-12T17:12:14+00:00","dateModified":"2025-09-23T16:01:36+00:00","description":"Para todas tus fiestas campestres, la insignia Police Texas al mejor precio - Insignia broche de metal grabado - Alfiler en la parte posterior - Tama\u00f1o: 6,6 cm","breadcrumb":{"@id":"https:\/\/repliquemangacine.fr\/denix\/insigne-police-texas-denix-accessoires-deguisements-western\/#breadcrumb"},"inLanguage":"es","potentialAction":[{"@type":"ReadAction","target":["https:\/\/repliquemangacine.fr\/denix\/insigne-police-texas-denix-accessoires-deguisements-western\/"]}]},{"@type":"ImageObject","inLanguage":"es","@id":"https:\/\/repliquemangacine.fr\/denix\/insigne-police-texas-denix-accessoires-deguisements-western\/#primaryimage","url":"https:\/\/repliquemangacine.fr\/wp-content\/uploads\/2023\/10\/529-Insigne-Chef-de-Police-Etoile-Texas.jpg","contentUrl":"https:\/\/repliquemangacine.fr\/wp-content\/uploads\/2023\/10\/529-Insigne-Chef-de-Police-Etoile-Texas.jpg","width":800,"height":800,"caption":"Insigne Chef de Police - Etoile Texas"},{"@type":"BreadcrumbList","@id":"https:\/\/repliquemangacine.fr\/denix\/insigne-police-texas-denix-accessoires-deguisements-western\/#breadcrumb","itemListElement":[{"@type":"ListItem","position":1,"name":"Accueil","item":"https:\/\/repliquemangacine.fr\/"},{"@type":"ListItem","position":2,"name":"Produits","item":"https:\/\/repliquemangacine.fr\/boutique\/"},{"@type":"ListItem","position":3,"name":"Insigne Police Texas"}]},{"@type":"WebSite","@id":"https:\/\/repliquemangacine.fr\/#website","url":"https:\/\/repliquemangacine.fr\/","name":"R\u00e9plique Manga Cin\u00e9","description":"","publisher":{"@id":"https:\/\/repliquemangacine.fr\/#organization"},"potentialAction":[{"@type":"SearchAction","target":{"@type":"EntryPoint","urlTemplate":"https:\/\/repliquemangacine.fr\/?s={search_term_string}"},"query-input":{"@type":"PropertyValueSpecification","valueRequired":true,"valueName":"search_term_string"}}],"inLanguage":"es"},{"@type":"Organization","@id":"https:\/\/repliquemangacine.fr\/#organization","name":"R\u00e9plique Manga Cin\u00e9","url":"https:\/\/repliquemangacine.fr\/","logo":{"@type":"ImageObject","inLanguage":"es","@id":"https:\/\/repliquemangacine.fr\/#\/schema\/logo\/image\/","url":"https:\/\/repliquemangacine.fr\/wp-content\/uploads\/2023\/10\/RMC-500250.png","contentUrl":"https:\/\/repliquemangacine.fr\/wp-content\/uploads\/2023\/10\/RMC-500250.png","width":500,"height":250,"caption":"R\u00e9plique Manga Cin\u00e9"},"image":{"@id":"https:\/\/repliquemangacine.fr\/#\/schema\/logo\/image\/"},"sameAs":["https:\/\/www.facebook.com\/RepliqueMangaCine","https:\/\/www.instagram.com\/repliquemangacine.fr\/"]}]}},"_links":{"self":[{"href":"https:\/\/repliquemangacine.fr\/es\/wp-json\/wp\/v2\/product\/25774","targetHints":{"allow":["GET"]}}],"collection":[{"href":"https:\/\/repliquemangacine.fr\/es\/wp-json\/wp\/v2\/product"}],"about":[{"href":"https:\/\/repliquemangacine.fr\/es\/wp-json\/wp\/v2\/types\/product"}],"wp:featuredmedia":[{"embeddable":true,"href":"https:\/\/repliquemangacine.fr\/es\/wp-json\/wp\/v2\/media\/25775"}],"wp:attachment":[{"href":"https:\/\/repliquemangacine.fr\/es\/wp-json\/wp\/v2\/media?parent=25774"}],"wp:term":[{"taxonomy":"product_brand","embeddable":true,"href":"https:\/\/repliquemangacine.fr\/es\/wp-json\/wp\/v2\/product_brand?post=25774"},{"taxonomy":"product_cat","embeddable":true,"href":"https:\/\/repliquemangacine.fr\/es\/wp-json\/wp\/v2\/product_cat?post=25774"},{"taxonomy":"product_tag","embeddable":true,"href":"https:\/\/repliquemangacine.fr\/es\/wp-json\/wp\/v2\/product_tag?post=25774"}],"curies":[{"name":"wp","href":"https:\/\/api.w.org\/{rel}","templated":true}]}}