





{"id":25759,"date":"2016-10-12T17:12:54","date_gmt":"2016-10-12T15:12:54","guid":{"rendered":"https:\/\/repliquemangacine.fr\/?post_type=product&#038;p=25759"},"modified":"2026-01-15T21:42:51","modified_gmt":"2026-01-15T20:42:51","slug":"sherif-de-etoile-condado-de-lincoln","status":"publish","type":"product","link":"https:\/\/repliquemangacine.fr\/es\/holster-accessoires-western\/etoile-sherif-lincoln-county\/","title":{"rendered":"Estrella del Sheriff del Condado de Lincoln"},"content":{"rendered":"<h2>Estrella del Sheriff del Condado de Lincoln<\/h2>\n<p>Para empezar, esta estrella de sheriff del condado de Lincoln est\u00e1 hecha de metal decorado y es el accesorio imprescindible para tu disfraz de western.<\/p>\n<p>Una insignia es una marca distintiva que indica la pertenencia a un grupo, un grado, un rango o una funci\u00f3n.<\/p>\n<p>En singular, insignia suele referirse al elemento principal, generalmente met\u00e1lico o textil. En plural, insignia se refiere a todas las partes de una condecoraci\u00f3n, o a los distintos elementos que componen un rango, grado o dignidad.<\/p>\n<p>En Estados Unidos, un sheriff es un funcionario electo responsable de la justicia a nivel de condado. Cada estado est\u00e1 dividido en condados (excepto Alaska y Luisiana), que incluyen una serie de municipios. El sheriff es una especie de ministro de la ley y el orden en el condado. Es responsable de las prisiones del condado, de los tribunales civiles y de hacer cumplir las leyes y reglamentos.<\/p>\n<h2>Tus accesorios western al mejor precio.<\/h2>\n<p>Ofrecemos una amplia gama de reproducciones de accesorios del Oeste.<\/p>\n<p>Lo primero y m\u00e1s importante,<\/p>\n<ul>\n<li>Le <a href=\"https:\/\/repliquemangacine.fr\/es\/accesorios-para-fundas\/fourreau-pour-carabine-winchester\/\">vaina para Winchester<\/a> para completar tu disfraz.<\/li>\n<li>As\u00ed como el <a href=\"https:\/\/repliquemangacine.fr\/es\/rifle-winchester-western-country\/wyatt-earp-escopeta-de-doble-canon-usa-1881\/\">Escopeta de doble ca\u00f1\u00f3n<\/a> Wyatt Earp.<\/li>\n<li>Tambi\u00e9n hay l\u00e1tigos vaqueros de cuero.<\/li>\n<li>Y muchos m\u00e1s por descubrir en nuestra tienda en l\u00ednea.<\/li>\n<\/ul>\n<p>Por eso hemos pensado en algunas ideas para regalar a los aficionados a la historia.<\/p>\n<p>En conclusi\u00f3n, tambi\u00e9n puede utilizar esta estrella del sheriff del condado de Lincoln para sus fiestas country. Pero, ante todo, este broche es una pieza de colecci\u00f3n y decoraci\u00f3n.<\/p>\n<p>R\u00e9plique Manga Cin\u00e9 es una empresa familiar francesa. Distribuidor oficial de la marca <a href=\"https:\/\/www.denix.fr\/fr\/catalogue\/guerre-civile-occidentale-et-americaine-1861-1899\/plaques\/104\/\" target=\"_blank\" rel=\"noopener noreferrer\">Denix<\/a>.<\/p>","protected":false},"excerpt":{"rendered":"<p>La Estrella del Sheriff del Condado de Lincoln es el accesorio esencial para tu disfraz del oeste.<\/p>\n<ul>\n<li>Este broche insignia es de metal chapado en oro de 5 puntas.<\/li>\n<li>Grabado con la inscripci\u00f3n sheriff y condado de Lincoln.<\/li>\n<li>Decoraciones por toda la estrella.<\/li>\n<li>Dimensiones: 6,5cm - Peso: 17 grs<\/li>\n<\/ul>","protected":false},"featured_media":25760,"template":"","meta":[],"product_brand":[896],"product_cat":[51,102,90,28,27],"product_tag":[],"class_list":{"0":"post-25759","1":"product","2":"type-product","3":"status-publish","4":"has-post-thumbnail","6":"product_brand-replique-manga-cine","7":"product_cat-accessoires-western","8":"product_cat-denix","9":"product_cat-holster-accessoires-western","10":"product_cat-repliques-darmes","11":"product_cat-armes-et-accessoires-western","13":"first","14":"outofstock","15":"taxable","16":"shipping-taxable","17":"purchasable","18":"product-type-simple"},"yoast_head":"<!-- This site is optimized with the Yoast SEO plugin v27.5 - https:\/\/yoast.com\/product\/yoast-seo-wordpress\/ -->\n<title>Etoile Sh\u00e9rif Lincoln County - Vente d&#039;Accessoires western | RMC<\/title>\n<meta name=\"description\" content=\"Offrez-vous ! Cette Etoile Sh\u00e9rif Lincoln County au meilleur prix du march\u00e9 - Tout en m\u00e9tal grav\u00e9 et d\u00e9cor\u00e9 - \u00c9pingle broche au dos - 5 branches - 6.5 cm\" \/>\n<meta name=\"robots\" content=\"index, follow, max-snippet:-1, max-image-preview:large, max-video-preview:-1\" \/>\n<link rel=\"canonical\" href=\"https:\/\/repliquemangacine.fr\/es\/denix\/sherif-de-etoile-condado-de-lincoln\/\" \/>\n<meta property=\"og:locale\" content=\"es_ES\" \/>\n<meta property=\"og:type\" content=\"article\" \/>\n<meta property=\"og:title\" content=\"Etoile Sh\u00e9rif Lincoln County - Vente d&#039;Accessoires western | RMC\" \/>\n<meta property=\"og:description\" content=\"Offrez-vous ! Cette Etoile Sh\u00e9rif Lincoln County au meilleur prix du march\u00e9 - Tout en m\u00e9tal grav\u00e9 et d\u00e9cor\u00e9 - \u00c9pingle broche au dos - 5 branches - 6.5 cm\" \/>\n<meta property=\"og:url\" content=\"https:\/\/repliquemangacine.fr\/es\/denix\/sherif-de-etoile-condado-de-lincoln\/\" \/>\n<meta property=\"og:site_name\" content=\"R\u00e9plique Manga Cin\u00e9\" \/>\n<meta property=\"article:publisher\" content=\"https:\/\/www.facebook.com\/RepliqueMangaCine\" \/>\n<meta property=\"article:modified_time\" content=\"2026-01-15T20:42:51+00:00\" \/>\n<meta property=\"og:image\" content=\"https:\/\/repliquemangacine.fr\/wp-content\/uploads\/2023\/10\/520-Etoile-Sherif-Insigne-Broche-Lincoln.jpg\" \/>\n\t<meta property=\"og:image:width\" content=\"800\" \/>\n\t<meta property=\"og:image:height\" content=\"800\" \/>\n\t<meta property=\"og:image:type\" content=\"image\/jpeg\" \/>\n<meta name=\"twitter:card\" content=\"summary_large_image\" \/>\n<meta name=\"twitter:label1\" content=\"Tiempo de lectura\" \/>\n\t<meta name=\"twitter:data1\" content=\"2 minutos\" \/>\n<script type=\"application\/ld+json\" class=\"yoast-schema-graph\">{\"@context\":\"https:\\\/\\\/schema.org\",\"@graph\":[{\"@type\":\"WebPage\",\"@id\":\"https:\\\/\\\/repliquemangacine.fr\\\/denix\\\/etoile-sherif-lincoln-county\\\/\",\"url\":\"https:\\\/\\\/repliquemangacine.fr\\\/denix\\\/etoile-sherif-lincoln-county\\\/\",\"name\":\"Etoile Sh\u00e9rif Lincoln County - Vente d'Accessoires western | RMC\",\"isPartOf\":{\"@id\":\"https:\\\/\\\/repliquemangacine.fr\\\/#website\"},\"primaryImageOfPage\":{\"@id\":\"https:\\\/\\\/repliquemangacine.fr\\\/denix\\\/etoile-sherif-lincoln-county\\\/#primaryimage\"},\"image\":{\"@id\":\"https:\\\/\\\/repliquemangacine.fr\\\/denix\\\/etoile-sherif-lincoln-county\\\/#primaryimage\"},\"thumbnailUrl\":\"https:\\\/\\\/repliquemangacine.fr\\\/wp-content\\\/uploads\\\/2023\\\/10\\\/520-Etoile-Sherif-Insigne-Broche-Lincoln.jpg\",\"datePublished\":\"2016-10-12T15:12:54+00:00\",\"dateModified\":\"2026-01-15T20:42:51+00:00\",\"description\":\"Offrez-vous ! Cette Etoile Sh\u00e9rif Lincoln County au meilleur prix du march\u00e9 - Tout en m\u00e9tal grav\u00e9 et d\u00e9cor\u00e9 - \u00c9pingle broche au dos - 5 branches - 6.5 cm\",\"breadcrumb\":{\"@id\":\"https:\\\/\\\/repliquemangacine.fr\\\/denix\\\/etoile-sherif-lincoln-county\\\/#breadcrumb\"},\"inLanguage\":\"es\",\"potentialAction\":[{\"@type\":\"ReadAction\",\"target\":[\"https:\\\/\\\/repliquemangacine.fr\\\/denix\\\/etoile-sherif-lincoln-county\\\/\"]}]},{\"@type\":\"ImageObject\",\"inLanguage\":\"es\",\"@id\":\"https:\\\/\\\/repliquemangacine.fr\\\/denix\\\/etoile-sherif-lincoln-county\\\/#primaryimage\",\"url\":\"https:\\\/\\\/repliquemangacine.fr\\\/wp-content\\\/uploads\\\/2023\\\/10\\\/520-Etoile-Sherif-Insigne-Broche-Lincoln.jpg\",\"contentUrl\":\"https:\\\/\\\/repliquemangacine.fr\\\/wp-content\\\/uploads\\\/2023\\\/10\\\/520-Etoile-Sherif-Insigne-Broche-Lincoln.jpg\",\"width\":800,\"height\":800,\"caption\":\"Etoile Sh\u00e9rif - Insigne Broche Lincoln\"},{\"@type\":\"BreadcrumbList\",\"@id\":\"https:\\\/\\\/repliquemangacine.fr\\\/denix\\\/etoile-sherif-lincoln-county\\\/#breadcrumb\",\"itemListElement\":[{\"@type\":\"ListItem\",\"position\":1,\"name\":\"Accueil\",\"item\":\"https:\\\/\\\/repliquemangacine.fr\\\/\"},{\"@type\":\"ListItem\",\"position\":2,\"name\":\"Produits\",\"item\":\"https:\\\/\\\/repliquemangacine.fr\\\/boutique\\\/\"},{\"@type\":\"ListItem\",\"position\":3,\"name\":\"Etoile Sh\u00e9rif Lincoln County\"}]},{\"@type\":\"WebSite\",\"@id\":\"https:\\\/\\\/repliquemangacine.fr\\\/#website\",\"url\":\"https:\\\/\\\/repliquemangacine.fr\\\/\",\"name\":\"R\u00e9plique Manga Cin\u00e9\",\"description\":\"\",\"publisher\":{\"@id\":\"https:\\\/\\\/repliquemangacine.fr\\\/#organization\"},\"potentialAction\":[{\"@type\":\"SearchAction\",\"target\":{\"@type\":\"EntryPoint\",\"urlTemplate\":\"https:\\\/\\\/repliquemangacine.fr\\\/?s={search_term_string}\"},\"query-input\":{\"@type\":\"PropertyValueSpecification\",\"valueRequired\":true,\"valueName\":\"search_term_string\"}}],\"inLanguage\":\"es\"},{\"@type\":\"Organization\",\"@id\":\"https:\\\/\\\/repliquemangacine.fr\\\/#organization\",\"name\":\"R\u00e9plique Manga Cin\u00e9\",\"url\":\"https:\\\/\\\/repliquemangacine.fr\\\/\",\"logo\":{\"@type\":\"ImageObject\",\"inLanguage\":\"es\",\"@id\":\"https:\\\/\\\/repliquemangacine.fr\\\/#\\\/schema\\\/logo\\\/image\\\/\",\"url\":\"https:\\\/\\\/repliquemangacine.fr\\\/wp-content\\\/uploads\\\/2023\\\/10\\\/RMC-500250.png\",\"contentUrl\":\"https:\\\/\\\/repliquemangacine.fr\\\/wp-content\\\/uploads\\\/2023\\\/10\\\/RMC-500250.png\",\"width\":500,\"height\":250,\"caption\":\"R\u00e9plique Manga Cin\u00e9\"},\"image\":{\"@id\":\"https:\\\/\\\/repliquemangacine.fr\\\/#\\\/schema\\\/logo\\\/image\\\/\"},\"sameAs\":[\"https:\\\/\\\/www.facebook.com\\\/RepliqueMangaCine\",\"https:\\\/\\\/www.instagram.com\\\/repliquemangacine.fr\\\/\"]}]}<\/script>\n<!-- \/ Yoast SEO plugin. -->","yoast_head_json":{"title":"Lincoln County Sheriff's Star - Venta de accesorios Western | RMC","description":"\u00a1Date un capricho! Esta estrella del sheriff del condado de Lincoln al mejor precio del mercado - Todo de metal grabado y decorado - Alfiler broche en la parte posterior - 5 brazos - 6,5 cm.","robots":{"index":"index","follow":"follow","max-snippet":"max-snippet:-1","max-image-preview":"max-image-preview:large","max-video-preview":"max-video-preview:-1"},"canonical":"https:\/\/repliquemangacine.fr\/es\/denix\/sherif-de-etoile-condado-de-lincoln\/","og_locale":"es_ES","og_type":"article","og_title":"Etoile Sh\u00e9rif Lincoln County - Vente d'Accessoires western | RMC","og_description":"Offrez-vous ! Cette Etoile Sh\u00e9rif Lincoln County au meilleur prix du march\u00e9 - Tout en m\u00e9tal grav\u00e9 et d\u00e9cor\u00e9 - \u00c9pingle broche au dos - 5 branches - 6.5 cm","og_url":"https:\/\/repliquemangacine.fr\/es\/denix\/sherif-de-etoile-condado-de-lincoln\/","og_site_name":"R\u00e9plique Manga Cin\u00e9","article_publisher":"https:\/\/www.facebook.com\/RepliqueMangaCine","article_modified_time":"2026-01-15T20:42:51+00:00","og_image":[{"width":800,"height":800,"url":"https:\/\/repliquemangacine.fr\/wp-content\/uploads\/2023\/10\/520-Etoile-Sherif-Insigne-Broche-Lincoln.jpg","type":"image\/jpeg"}],"twitter_card":"summary_large_image","twitter_misc":{"Tiempo de lectura":"2 minutos"},"schema":{"@context":"https:\/\/schema.org","@graph":[{"@type":"WebPage","@id":"https:\/\/repliquemangacine.fr\/denix\/etoile-sherif-lincoln-county\/","url":"https:\/\/repliquemangacine.fr\/denix\/etoile-sherif-lincoln-county\/","name":"Lincoln County Sheriff's Star - Venta de accesorios Western | RMC","isPartOf":{"@id":"https:\/\/repliquemangacine.fr\/#website"},"primaryImageOfPage":{"@id":"https:\/\/repliquemangacine.fr\/denix\/etoile-sherif-lincoln-county\/#primaryimage"},"image":{"@id":"https:\/\/repliquemangacine.fr\/denix\/etoile-sherif-lincoln-county\/#primaryimage"},"thumbnailUrl":"https:\/\/repliquemangacine.fr\/wp-content\/uploads\/2023\/10\/520-Etoile-Sherif-Insigne-Broche-Lincoln.jpg","datePublished":"2016-10-12T15:12:54+00:00","dateModified":"2026-01-15T20:42:51+00:00","description":"\u00a1Date un capricho! Esta estrella del sheriff del condado de Lincoln al mejor precio del mercado - Todo de metal grabado y decorado - Alfiler broche en la parte posterior - 5 brazos - 6,5 cm.","breadcrumb":{"@id":"https:\/\/repliquemangacine.fr\/denix\/etoile-sherif-lincoln-county\/#breadcrumb"},"inLanguage":"es","potentialAction":[{"@type":"ReadAction","target":["https:\/\/repliquemangacine.fr\/denix\/etoile-sherif-lincoln-county\/"]}]},{"@type":"ImageObject","inLanguage":"es","@id":"https:\/\/repliquemangacine.fr\/denix\/etoile-sherif-lincoln-county\/#primaryimage","url":"https:\/\/repliquemangacine.fr\/wp-content\/uploads\/2023\/10\/520-Etoile-Sherif-Insigne-Broche-Lincoln.jpg","contentUrl":"https:\/\/repliquemangacine.fr\/wp-content\/uploads\/2023\/10\/520-Etoile-Sherif-Insigne-Broche-Lincoln.jpg","width":800,"height":800,"caption":"Etoile Sh\u00e9rif - Insigne Broche Lincoln"},{"@type":"BreadcrumbList","@id":"https:\/\/repliquemangacine.fr\/denix\/etoile-sherif-lincoln-county\/#breadcrumb","itemListElement":[{"@type":"ListItem","position":1,"name":"Accueil","item":"https:\/\/repliquemangacine.fr\/"},{"@type":"ListItem","position":2,"name":"Produits","item":"https:\/\/repliquemangacine.fr\/boutique\/"},{"@type":"ListItem","position":3,"name":"Etoile Sh\u00e9rif Lincoln County"}]},{"@type":"WebSite","@id":"https:\/\/repliquemangacine.fr\/#website","url":"https:\/\/repliquemangacine.fr\/","name":"R\u00e9plique Manga Cin\u00e9","description":"","publisher":{"@id":"https:\/\/repliquemangacine.fr\/#organization"},"potentialAction":[{"@type":"SearchAction","target":{"@type":"EntryPoint","urlTemplate":"https:\/\/repliquemangacine.fr\/?s={search_term_string}"},"query-input":{"@type":"PropertyValueSpecification","valueRequired":true,"valueName":"search_term_string"}}],"inLanguage":"es"},{"@type":"Organization","@id":"https:\/\/repliquemangacine.fr\/#organization","name":"R\u00e9plique Manga Cin\u00e9","url":"https:\/\/repliquemangacine.fr\/","logo":{"@type":"ImageObject","inLanguage":"es","@id":"https:\/\/repliquemangacine.fr\/#\/schema\/logo\/image\/","url":"https:\/\/repliquemangacine.fr\/wp-content\/uploads\/2023\/10\/RMC-500250.png","contentUrl":"https:\/\/repliquemangacine.fr\/wp-content\/uploads\/2023\/10\/RMC-500250.png","width":500,"height":250,"caption":"R\u00e9plique Manga Cin\u00e9"},"image":{"@id":"https:\/\/repliquemangacine.fr\/#\/schema\/logo\/image\/"},"sameAs":["https:\/\/www.facebook.com\/RepliqueMangaCine","https:\/\/www.instagram.com\/repliquemangacine.fr\/"]}]}},"_links":{"self":[{"href":"https:\/\/repliquemangacine.fr\/es\/wp-json\/wp\/v2\/product\/25759","targetHints":{"allow":["GET"]}}],"collection":[{"href":"https:\/\/repliquemangacine.fr\/es\/wp-json\/wp\/v2\/product"}],"about":[{"href":"https:\/\/repliquemangacine.fr\/es\/wp-json\/wp\/v2\/types\/product"}],"wp:featuredmedia":[{"embeddable":true,"href":"https:\/\/repliquemangacine.fr\/es\/wp-json\/wp\/v2\/media\/25760"}],"wp:attachment":[{"href":"https:\/\/repliquemangacine.fr\/es\/wp-json\/wp\/v2\/media?parent=25759"}],"wp:term":[{"taxonomy":"product_brand","embeddable":true,"href":"https:\/\/repliquemangacine.fr\/es\/wp-json\/wp\/v2\/product_brand?post=25759"},{"taxonomy":"product_cat","embeddable":true,"href":"https:\/\/repliquemangacine.fr\/es\/wp-json\/wp\/v2\/product_cat?post=25759"},{"taxonomy":"product_tag","embeddable":true,"href":"https:\/\/repliquemangacine.fr\/es\/wp-json\/wp\/v2\/product_tag?post=25759"}],"curies":[{"name":"wp","href":"https:\/\/api.w.org\/{rel}","templated":true}]}}