





{"id":25751,"date":"2016-10-12T15:52:06","date_gmt":"2016-10-12T13:52:06","guid":{"rendered":"https:\/\/repliquemangacine.fr\/?post_type=product&#038;p=25751"},"modified":"2025-11-30T16:43:40","modified_gmt":"2025-11-30T15:43:40","slug":"broche-con-estrella-de-sheriff","status":"publish","type":"product","link":"https:\/\/repliquemangacine.fr\/es\/holster-accessoires-western\/etoile-de-sherif-insigne-broche\/","title":{"rendered":"Estrella del Sheriff"},"content":{"rendered":"<h2>Estrella del Sheriff - Denix<\/h2>\n<p>Para empezar, este <strong>Estrella del Sheriff<\/strong> Es de metal decorado, el accesorio indispensable para tu disfraz de western.<\/p>\n<p>Una insignia es una marca distintiva que indica la pertenencia a un grupo, un grado, un rango o una funci\u00f3n. En singular, la insignia suele designar el elemento principal, normalmente met\u00e1lico o textil. En plural, las insignias designan el conjunto de las partes de una condecoraci\u00f3n, o los diferentes elementos que forman parte de un rango, un grado o una dignidad.<\/p>\n<p>En Estados Unidos, un sheriff es un funcionario electo responsable de la justicia a nivel de condado. Cada estado est\u00e1 dividido en condados (excepto Alaska y Luisiana), que incluyen una serie de municipios. El sheriff es una especie de ministro de la ley y el orden en el condado. Es responsable de las prisiones del condado, de los tribunales civiles y de hacer cumplir las leyes y reglamentos.<\/p>\n<h2>Tus accesorios western al mejor precio.<\/h2>\n<p>Ofrecemos una amplia gama de reproducciones de accesorios del Oeste.<\/p>\n<p>Lo primero y m\u00e1s importante,<\/p>\n<ul>\n<li>El Sheriff siempre lleva su Colt y su <a href=\"https:\/\/repliquemangacine.fr\/es\/rifle-winchester-western-country\/winchester-yellow-boy-1866-rifle\/\">winchester Yellow Boy<\/a><\/li>\n<li>As\u00ed como<a href=\"https:\/\/repliquemangacine.fr\/es\/accesorios-para-fundas\/6-balles-factices-pour-winchester-denix\/\"> balas falsas<\/a> para acompa\u00f1ar a su rifle.<\/li>\n<li>Tambi\u00e9n hay l\u00e1tigos de cuero aut\u00e9ntico, disponibles en dos longitudes.<\/li>\n<li>Y muchos m\u00e1s por descubrir en nuestra tienda en l\u00ednea.<\/li>\n<\/ul>\n<p>Por eso hemos pensado en algunas ideas para regalar a los aficionados a la historia.<\/p>\n<p>En conclusi\u00f3n, tambi\u00e9n puede utilizar este <strong>Estrella del Sheriff<\/strong> para sus veladas campestres. Pero, sobre todo, este broche es una pieza decorativa de coleccionista.<\/p>\n<p>R\u00e9plique Manga Cin\u00e9 es una empresa familiar francesa. Distribuidor oficial de la marca <a href=\"https:\/\/www.denix.fr\/fr\/catalogue\/guerre-civile-occidentale-et-americaine-1861-1899\/plaques\/101\/\" target=\"_blank\" rel=\"noopener noreferrer\">Denix<\/a>.<\/p>","protected":false},"excerpt":{"rendered":"<p>La Estrella de Sheriff es el accesorio esencial para tu disfraz del Oeste.<\/p>\n<ul>\n<li>Este broche insignia est\u00e1 fabricado en metal plateado de 6 puntas.<\/li>\n<li>Grabado con la inscripci\u00f3n Sheriff con decoraci\u00f3n en los seis brazos.<\/li>\n<li>Dimensiones: 7,5cm - Peso: 23 grs<\/li>\n<\/ul>","protected":false},"featured_media":25752,"template":"","meta":[],"product_brand":[896],"product_cat":[51,102,90,28,27],"product_tag":[],"class_list":{"0":"post-25751","1":"product","2":"type-product","3":"status-publish","4":"has-post-thumbnail","6":"product_brand-replique-manga-cine","7":"product_cat-accessoires-western","8":"product_cat-denix","9":"product_cat-holster-accessoires-western","10":"product_cat-repliques-darmes","11":"product_cat-armes-et-accessoires-western","13":"first","14":"instock","15":"taxable","16":"shipping-taxable","17":"purchasable","18":"product-type-simple"},"yoast_head":"<!-- This site is optimized with the Yoast SEO plugin v27.4 - https:\/\/yoast.com\/product\/yoast-seo-wordpress\/ -->\n<title>Etoile de Sh\u00e9rif - Vente en ligne d&#039;Accessoires Western | RMC<\/title>\n<meta name=\"description\" content=\"Offrez-vous ! Cette Etoile de Sherif au meilleur prix - Tout en m\u00e9tal grav\u00e9 - \u00c9pingle broche au dos - 6 branches - Dimensions : 7.5 cm\" \/>\n<meta name=\"robots\" content=\"index, follow, max-snippet:-1, max-image-preview:large, max-video-preview:-1\" \/>\n<link rel=\"canonical\" href=\"https:\/\/repliquemangacine.fr\/es\/denix\/broche-con-estrella-de-sheriff\/\" \/>\n<meta property=\"og:locale\" content=\"es_ES\" \/>\n<meta property=\"og:type\" content=\"article\" \/>\n<meta property=\"og:title\" content=\"Etoile de Sh\u00e9rif - Vente en ligne d&#039;Accessoires Western | RMC\" \/>\n<meta property=\"og:description\" content=\"Offrez-vous ! Cette Etoile de Sherif au meilleur prix - Tout en m\u00e9tal grav\u00e9 - \u00c9pingle broche au dos - 6 branches - Dimensions : 7.5 cm\" \/>\n<meta property=\"og:url\" content=\"https:\/\/repliquemangacine.fr\/es\/denix\/broche-con-estrella-de-sheriff\/\" \/>\n<meta property=\"og:site_name\" content=\"R\u00e9plique Manga Cin\u00e9\" \/>\n<meta property=\"article:publisher\" content=\"https:\/\/www.facebook.com\/RepliqueMangaCine\" \/>\n<meta property=\"article:modified_time\" content=\"2025-11-30T15:43:40+00:00\" \/>\n<meta property=\"og:image\" content=\"https:\/\/repliquemangacine.fr\/wp-content\/uploads\/2023\/10\/515-Etoile-de-Sherif-Insigne-broche.jpg\" \/>\n\t<meta property=\"og:image:width\" content=\"800\" \/>\n\t<meta property=\"og:image:height\" content=\"800\" \/>\n\t<meta property=\"og:image:type\" content=\"image\/jpeg\" \/>\n<meta name=\"twitter:card\" content=\"summary_large_image\" \/>\n<meta name=\"twitter:label1\" content=\"Tiempo de lectura\" \/>\n\t<meta name=\"twitter:data1\" content=\"2 minutos\" \/>\n<script type=\"application\/ld+json\" class=\"yoast-schema-graph\">{\"@context\":\"https:\\\/\\\/schema.org\",\"@graph\":[{\"@type\":\"WebPage\",\"@id\":\"https:\\\/\\\/repliquemangacine.fr\\\/denix\\\/etoile-de-sherif-insigne-broche\\\/\",\"url\":\"https:\\\/\\\/repliquemangacine.fr\\\/denix\\\/etoile-de-sherif-insigne-broche\\\/\",\"name\":\"Etoile de Sh\u00e9rif - Vente en ligne d'Accessoires Western | RMC\",\"isPartOf\":{\"@id\":\"https:\\\/\\\/repliquemangacine.fr\\\/#website\"},\"primaryImageOfPage\":{\"@id\":\"https:\\\/\\\/repliquemangacine.fr\\\/denix\\\/etoile-de-sherif-insigne-broche\\\/#primaryimage\"},\"image\":{\"@id\":\"https:\\\/\\\/repliquemangacine.fr\\\/denix\\\/etoile-de-sherif-insigne-broche\\\/#primaryimage\"},\"thumbnailUrl\":\"https:\\\/\\\/repliquemangacine.fr\\\/wp-content\\\/uploads\\\/2023\\\/10\\\/515-Etoile-de-Sherif-Insigne-broche.jpg\",\"datePublished\":\"2016-10-12T13:52:06+00:00\",\"dateModified\":\"2025-11-30T15:43:40+00:00\",\"description\":\"Offrez-vous ! Cette Etoile de Sherif au meilleur prix - Tout en m\u00e9tal grav\u00e9 - \u00c9pingle broche au dos - 6 branches - Dimensions : 7.5 cm\",\"breadcrumb\":{\"@id\":\"https:\\\/\\\/repliquemangacine.fr\\\/denix\\\/etoile-de-sherif-insigne-broche\\\/#breadcrumb\"},\"inLanguage\":\"es\",\"potentialAction\":[{\"@type\":\"ReadAction\",\"target\":[\"https:\\\/\\\/repliquemangacine.fr\\\/denix\\\/etoile-de-sherif-insigne-broche\\\/\"]}]},{\"@type\":\"ImageObject\",\"inLanguage\":\"es\",\"@id\":\"https:\\\/\\\/repliquemangacine.fr\\\/denix\\\/etoile-de-sherif-insigne-broche\\\/#primaryimage\",\"url\":\"https:\\\/\\\/repliquemangacine.fr\\\/wp-content\\\/uploads\\\/2023\\\/10\\\/515-Etoile-de-Sherif-Insigne-broche.jpg\",\"contentUrl\":\"https:\\\/\\\/repliquemangacine.fr\\\/wp-content\\\/uploads\\\/2023\\\/10\\\/515-Etoile-de-Sherif-Insigne-broche.jpg\",\"width\":800,\"height\":800,\"caption\":\"Etoile de Sherif - Insigne broche\"},{\"@type\":\"BreadcrumbList\",\"@id\":\"https:\\\/\\\/repliquemangacine.fr\\\/denix\\\/etoile-de-sherif-insigne-broche\\\/#breadcrumb\",\"itemListElement\":[{\"@type\":\"ListItem\",\"position\":1,\"name\":\"Accueil\",\"item\":\"https:\\\/\\\/repliquemangacine.fr\\\/\"},{\"@type\":\"ListItem\",\"position\":2,\"name\":\"Produits\",\"item\":\"https:\\\/\\\/repliquemangacine.fr\\\/boutique\\\/\"},{\"@type\":\"ListItem\",\"position\":3,\"name\":\"Etoile de Sh\u00e9rif\"}]},{\"@type\":\"WebSite\",\"@id\":\"https:\\\/\\\/repliquemangacine.fr\\\/#website\",\"url\":\"https:\\\/\\\/repliquemangacine.fr\\\/\",\"name\":\"R\u00e9plique Manga Cin\u00e9\",\"description\":\"\",\"publisher\":{\"@id\":\"https:\\\/\\\/repliquemangacine.fr\\\/#organization\"},\"potentialAction\":[{\"@type\":\"SearchAction\",\"target\":{\"@type\":\"EntryPoint\",\"urlTemplate\":\"https:\\\/\\\/repliquemangacine.fr\\\/?s={search_term_string}\"},\"query-input\":{\"@type\":\"PropertyValueSpecification\",\"valueRequired\":true,\"valueName\":\"search_term_string\"}}],\"inLanguage\":\"es\"},{\"@type\":\"Organization\",\"@id\":\"https:\\\/\\\/repliquemangacine.fr\\\/#organization\",\"name\":\"R\u00e9plique Manga Cin\u00e9\",\"url\":\"https:\\\/\\\/repliquemangacine.fr\\\/\",\"logo\":{\"@type\":\"ImageObject\",\"inLanguage\":\"es\",\"@id\":\"https:\\\/\\\/repliquemangacine.fr\\\/#\\\/schema\\\/logo\\\/image\\\/\",\"url\":\"https:\\\/\\\/repliquemangacine.fr\\\/wp-content\\\/uploads\\\/2023\\\/10\\\/RMC-500250.png\",\"contentUrl\":\"https:\\\/\\\/repliquemangacine.fr\\\/wp-content\\\/uploads\\\/2023\\\/10\\\/RMC-500250.png\",\"width\":500,\"height\":250,\"caption\":\"R\u00e9plique Manga Cin\u00e9\"},\"image\":{\"@id\":\"https:\\\/\\\/repliquemangacine.fr\\\/#\\\/schema\\\/logo\\\/image\\\/\"},\"sameAs\":[\"https:\\\/\\\/www.facebook.com\\\/RepliqueMangaCine\",\"https:\\\/\\\/www.instagram.com\\\/repliquemangacine.fr\\\/\"]}]}<\/script>\n<!-- \/ Yoast SEO plugin. -->","yoast_head_json":{"title":"Etoile de Sh\u00e9rif - Venta en l\u00ednea de accesorios occidentales | RMC","description":"\u00a1Date un capricho! Esta Estrella de Sheriff al mejor precio - Todo de metal grabado - Broche al dorso - 6 ramas - Dimensiones : 7.5 cm","robots":{"index":"index","follow":"follow","max-snippet":"max-snippet:-1","max-image-preview":"max-image-preview:large","max-video-preview":"max-video-preview:-1"},"canonical":"https:\/\/repliquemangacine.fr\/es\/denix\/broche-con-estrella-de-sheriff\/","og_locale":"es_ES","og_type":"article","og_title":"Etoile de Sh\u00e9rif - Vente en ligne d'Accessoires Western | RMC","og_description":"Offrez-vous ! Cette Etoile de Sherif au meilleur prix - Tout en m\u00e9tal grav\u00e9 - \u00c9pingle broche au dos - 6 branches - Dimensions : 7.5 cm","og_url":"https:\/\/repliquemangacine.fr\/es\/denix\/broche-con-estrella-de-sheriff\/","og_site_name":"R\u00e9plique Manga Cin\u00e9","article_publisher":"https:\/\/www.facebook.com\/RepliqueMangaCine","article_modified_time":"2025-11-30T15:43:40+00:00","og_image":[{"width":800,"height":800,"url":"https:\/\/repliquemangacine.fr\/wp-content\/uploads\/2023\/10\/515-Etoile-de-Sherif-Insigne-broche.jpg","type":"image\/jpeg"}],"twitter_card":"summary_large_image","twitter_misc":{"Tiempo de lectura":"2 minutos"},"schema":{"@context":"https:\/\/schema.org","@graph":[{"@type":"WebPage","@id":"https:\/\/repliquemangacine.fr\/denix\/etoile-de-sherif-insigne-broche\/","url":"https:\/\/repliquemangacine.fr\/denix\/etoile-de-sherif-insigne-broche\/","name":"Etoile de Sh\u00e9rif - Venta en l\u00ednea de accesorios occidentales | RMC","isPartOf":{"@id":"https:\/\/repliquemangacine.fr\/#website"},"primaryImageOfPage":{"@id":"https:\/\/repliquemangacine.fr\/denix\/etoile-de-sherif-insigne-broche\/#primaryimage"},"image":{"@id":"https:\/\/repliquemangacine.fr\/denix\/etoile-de-sherif-insigne-broche\/#primaryimage"},"thumbnailUrl":"https:\/\/repliquemangacine.fr\/wp-content\/uploads\/2023\/10\/515-Etoile-de-Sherif-Insigne-broche.jpg","datePublished":"2016-10-12T13:52:06+00:00","dateModified":"2025-11-30T15:43:40+00:00","description":"\u00a1Date un capricho! Esta Estrella de Sheriff al mejor precio - Todo de metal grabado - Broche al dorso - 6 ramas - Dimensiones : 7.5 cm","breadcrumb":{"@id":"https:\/\/repliquemangacine.fr\/denix\/etoile-de-sherif-insigne-broche\/#breadcrumb"},"inLanguage":"es","potentialAction":[{"@type":"ReadAction","target":["https:\/\/repliquemangacine.fr\/denix\/etoile-de-sherif-insigne-broche\/"]}]},{"@type":"ImageObject","inLanguage":"es","@id":"https:\/\/repliquemangacine.fr\/denix\/etoile-de-sherif-insigne-broche\/#primaryimage","url":"https:\/\/repliquemangacine.fr\/wp-content\/uploads\/2023\/10\/515-Etoile-de-Sherif-Insigne-broche.jpg","contentUrl":"https:\/\/repliquemangacine.fr\/wp-content\/uploads\/2023\/10\/515-Etoile-de-Sherif-Insigne-broche.jpg","width":800,"height":800,"caption":"Etoile de Sherif - Insigne broche"},{"@type":"BreadcrumbList","@id":"https:\/\/repliquemangacine.fr\/denix\/etoile-de-sherif-insigne-broche\/#breadcrumb","itemListElement":[{"@type":"ListItem","position":1,"name":"Accueil","item":"https:\/\/repliquemangacine.fr\/"},{"@type":"ListItem","position":2,"name":"Produits","item":"https:\/\/repliquemangacine.fr\/boutique\/"},{"@type":"ListItem","position":3,"name":"Etoile de Sh\u00e9rif"}]},{"@type":"WebSite","@id":"https:\/\/repliquemangacine.fr\/#website","url":"https:\/\/repliquemangacine.fr\/","name":"R\u00e9plique Manga Cin\u00e9","description":"","publisher":{"@id":"https:\/\/repliquemangacine.fr\/#organization"},"potentialAction":[{"@type":"SearchAction","target":{"@type":"EntryPoint","urlTemplate":"https:\/\/repliquemangacine.fr\/?s={search_term_string}"},"query-input":{"@type":"PropertyValueSpecification","valueRequired":true,"valueName":"search_term_string"}}],"inLanguage":"es"},{"@type":"Organization","@id":"https:\/\/repliquemangacine.fr\/#organization","name":"R\u00e9plique Manga Cin\u00e9","url":"https:\/\/repliquemangacine.fr\/","logo":{"@type":"ImageObject","inLanguage":"es","@id":"https:\/\/repliquemangacine.fr\/#\/schema\/logo\/image\/","url":"https:\/\/repliquemangacine.fr\/wp-content\/uploads\/2023\/10\/RMC-500250.png","contentUrl":"https:\/\/repliquemangacine.fr\/wp-content\/uploads\/2023\/10\/RMC-500250.png","width":500,"height":250,"caption":"R\u00e9plique Manga Cin\u00e9"},"image":{"@id":"https:\/\/repliquemangacine.fr\/#\/schema\/logo\/image\/"},"sameAs":["https:\/\/www.facebook.com\/RepliqueMangaCine","https:\/\/www.instagram.com\/repliquemangacine.fr\/"]}]}},"_links":{"self":[{"href":"https:\/\/repliquemangacine.fr\/es\/wp-json\/wp\/v2\/product\/25751","targetHints":{"allow":["GET"]}}],"collection":[{"href":"https:\/\/repliquemangacine.fr\/es\/wp-json\/wp\/v2\/product"}],"about":[{"href":"https:\/\/repliquemangacine.fr\/es\/wp-json\/wp\/v2\/types\/product"}],"wp:featuredmedia":[{"embeddable":true,"href":"https:\/\/repliquemangacine.fr\/es\/wp-json\/wp\/v2\/media\/25752"}],"wp:attachment":[{"href":"https:\/\/repliquemangacine.fr\/es\/wp-json\/wp\/v2\/media?parent=25751"}],"wp:term":[{"taxonomy":"product_brand","embeddable":true,"href":"https:\/\/repliquemangacine.fr\/es\/wp-json\/wp\/v2\/product_brand?post=25751"},{"taxonomy":"product_cat","embeddable":true,"href":"https:\/\/repliquemangacine.fr\/es\/wp-json\/wp\/v2\/product_cat?post=25751"},{"taxonomy":"product_tag","embeddable":true,"href":"https:\/\/repliquemangacine.fr\/es\/wp-json\/wp\/v2\/product_tag?post=25751"}],"curies":[{"name":"wp","href":"https:\/\/api.w.org\/{rel}","templated":true}]}}