





{"id":25744,"date":"2016-10-11T19:53:51","date_gmt":"2016-10-11T17:53:51","guid":{"rendered":"https:\/\/repliquemangacine.fr\/?post_type=product&#038;p=25744"},"modified":"2026-04-06T17:07:04","modified_gmt":"2026-04-06T15:07:04","slug":"casco-real-lannister","status":"publish","type":"product","link":"https:\/\/repliquemangacine.fr\/es\/collectors-et-goodies-game-of-thrones\/casque-royal-des-lannister\/","title":{"rendered":"Casco del rey GOT"},"content":{"rendered":"<h2>Casco real de los Lannister en Juego de Tronos<\/h2>\n<p>Para empezar, el <strong>Casco real Lannister<\/strong> est\u00e1 muy bien hecho, totalmente funcional.<\/p>\n<p>La Casa Lannister es una de las grandes casas de Poniente y fue durante un tiempo la casa real de los Siete Reinos, bajo el mandato de Cersei Lannister, a quien sucedi\u00f3 brevemente la Casa Targaryen.<br \/>\nGobiernan la vasta regi\u00f3n de las Tierras del Oeste desde su sede, Castral Roc, un castillo que domina Puerto Lannis.<\/p>\n<p>Continuemos con los miembros imprescindibles de los Lannister:<\/p>\n<ul>\n<li style=\"list-style-type: none;\">\n<ul>\n<li>Lord Tywin Lannister. Se\u00f1or de Roca Casterly<\/li>\n<li>Entonces Cersei Lannister, Reina Regente de las Siete Coronas<\/li>\n<li>As\u00ed como Jaime Lannister, conocido como \"el Matarreyes\", Lord Comandante de la Guardia Real.<\/li>\n<li>El segundo hijo de Tywin y heredero leg\u00edtimo, Tyrion Lannister, conocido como \"el Enano\".<\/li>\n<\/ul>\n<\/li>\n<\/ul>\n<p>El lema de los Lannister es \"Yo Rujo\", y su emblema es un le\u00f3n. Sin embargo, su lema no oficial, que tambi\u00e9n es muy conocido, es \"Un Lannister siempre paga sus deudas\".<\/p>\n<h2>Casco Real Lannister al mejor precio.<\/h2>\n<p>Te ofrecemos todas las r\u00e9plicas de tus personajes favoritos de la serie Juego de Tronos.<\/p>\n<p>Lo primero y m\u00e1s importante,<\/p>\n<ul>\n<li>La r\u00e9plica del<a href=\"https:\/\/repliquemangacine.fr\/es\/espadas-de-juego-de-tronos\/jaime-lannister-espada-juego-de-tronos\/\">La espada de Jaime Lannister<\/a>\u00a0 con placa de presentaci\u00f3n.<\/li>\n<li>Adem\u00e1s de la armadura<a href=\"https:\/\/repliquemangacine.fr\/es\/juego-de-tronos\/juego-de-tronos-armadura-lannister-completa\/\"> familia Lannister completa<\/a> todo en acero y lat\u00f3n.<\/li>\n<li>Tambi\u00e9n hay huevos de drag\u00f3n distribuidos por <a href=\"https:\/\/noblecollection.fr\/game-thrones-oeuf-rhaegal-p-4792.html\" target=\"_blank\" rel=\"noopener noreferrer\">La Colecci\u00f3n Noble<\/a>.<\/li>\n<li>Y hay mucho m\u00e1s por descubrir.<\/li>\n<\/ul>\n<p>Por eso, aqu\u00ed tienes unas ideas fant\u00e1sticas para regalar a los fans de Juego de Tronos.<\/p>\n<p>En conclusi\u00f3n, tambi\u00e9n puedes utilizar el casco real de los Lannister para tus desfiles de cosplay o tus fiestas tem\u00e1ticas. Pero, ante todo, se trata de una pieza de colecci\u00f3n y decoraci\u00f3n.<\/p>\n<h2>Nuestros \u00faltimos lanzamientos baratos de Juego de Tronos.<\/h2>\n<p>Nuestro objetivo es satisfacerle, por eso hacemos todo lo posible para encontrar los objetos de colecci\u00f3n que busca. \u00a1No dude en hacernos llegar sus solicitudes y comentarios para que podamos continuar juntos esta aventura!<\/p>\n<p>Lo primero y m\u00e1s importante,<\/p>\n<ul>\n<li>La <a href=\"https:\/\/repliquemangacine.fr\/es\/juego-de-tronos-coleccionistas-y-golosinas\/armadura-lannister-60cm-juego-de-tronos\/\">mini armadura<\/a> de la guardia real Lannister toda de metal.<\/li>\n<li>As\u00ed como los huevos de drag\u00f3n HBO de Daenerys<\/li>\n<li>Tambi\u00e9n hay tazas de Juego de Tronos<\/li>\n<\/ul>\n<p>Y muchas m\u00e1s por descubrir.<\/p>\n<p>Pr\u00f3ximamente, tendremos el placer de ofrecerles figuras Funko Pop...<\/p>\n<p>R\u00e9plique Manga Cin\u00e9 es una empresa familiar francesa.<\/p>","protected":false},"excerpt":{"rendered":"<p>Casco real de los Lannister en Juego de Tronos.<\/p>\n<ul>\n<li>Acero, calibre 18, acabado en lat\u00f3n.<\/li>\n<li>Correa de cuero superpuesta.<\/li>\n<li>Forro de algod\u00f3n acolchado.<\/li>\n<li>Soporte para casco.<\/li>\n<li>Funcional.<\/li>\n<li>Altura: 38 cm - Anchura: 21 cm - Peso: 3200 Grs<\/li>\n<li>Profundidad: 25 cm - Circunferencia: 64 cm<\/li>\n<\/ul>","protected":false},"featured_media":25745,"template":"","meta":[],"product_brand":[896],"product_cat":[81,24,47],"product_tag":[],"class_list":{"0":"post-25744","1":"product","2":"type-product","3":"status-publish","4":"has-post-thumbnail","6":"product_brand-replique-manga-cine","7":"product_cat-collectors-et-goodies-game-of-thrones","8":"product_cat-films-series-tv-vente-de-katana-epee-et-produits-derives","9":"product_cat-game-of-thrones","11":"first","12":"instock","13":"sale","14":"taxable","15":"shipping-taxable","16":"purchasable","17":"product-type-simple"},"yoast_head":"<!-- This site is optimized with the Yoast SEO plugin v27.5 - https:\/\/yoast.com\/product\/yoast-seo-wordpress\/ -->\n<title>Casque Royal des Lannister - Game of Thrones | RMC<\/title>\n<meta name=\"description\" content=\"Cette reproduction du Casque royal des Lannister dans Game of Trones au meilleur prix. En acier finition laiton - Echelle 1\/1 - Casque fonctionnel\" \/>\n<meta name=\"robots\" content=\"index, follow, max-snippet:-1, max-image-preview:large, max-video-preview:-1\" \/>\n<link rel=\"canonical\" href=\"https:\/\/repliquemangacine.fr\/es\/juego-de-tronos-coleccionistas-y-golosinas\/casco-real-lannister\/\" \/>\n<meta property=\"og:locale\" content=\"es_ES\" \/>\n<meta property=\"og:type\" content=\"article\" \/>\n<meta property=\"og:title\" content=\"Casque Royal des Lannister - Game of Thrones | RMC\" \/>\n<meta property=\"og:description\" content=\"Cette reproduction du Casque royal des Lannister dans Game of Trones au meilleur prix. En acier finition laiton - Echelle 1\/1 - Casque fonctionnel\" \/>\n<meta property=\"og:url\" content=\"https:\/\/repliquemangacine.fr\/es\/juego-de-tronos-coleccionistas-y-golosinas\/casco-real-lannister\/\" \/>\n<meta property=\"og:site_name\" content=\"R\u00e9plique Manga Cin\u00e9\" \/>\n<meta property=\"article:publisher\" content=\"https:\/\/www.facebook.com\/RepliqueMangaCine\" \/>\n<meta property=\"article:modified_time\" content=\"2026-04-06T15:07:04+00:00\" \/>\n<meta property=\"og:image\" content=\"https:\/\/repliquemangacine.fr\/wp-content\/uploads\/2023\/10\/1535-Game-of-Thrones-Casque-du-roi.jpg\" \/>\n\t<meta property=\"og:image:width\" content=\"800\" \/>\n\t<meta property=\"og:image:height\" content=\"800\" \/>\n\t<meta property=\"og:image:type\" content=\"image\/jpeg\" \/>\n<meta name=\"twitter:card\" content=\"summary_large_image\" \/>\n<meta name=\"twitter:label1\" content=\"Tiempo de lectura\" \/>\n\t<meta name=\"twitter:data1\" content=\"2 minutos\" \/>\n<script type=\"application\/ld+json\" class=\"yoast-schema-graph\">{\"@context\":\"https:\\\/\\\/schema.org\",\"@graph\":[{\"@type\":\"WebPage\",\"@id\":\"https:\\\/\\\/repliquemangacine.fr\\\/collectors-et-goodies-game-of-thrones\\\/casque-royal-des-lannister\\\/\",\"url\":\"https:\\\/\\\/repliquemangacine.fr\\\/collectors-et-goodies-game-of-thrones\\\/casque-royal-des-lannister\\\/\",\"name\":\"Casque Royal des Lannister - Game of Thrones | RMC\",\"isPartOf\":{\"@id\":\"https:\\\/\\\/repliquemangacine.fr\\\/#website\"},\"primaryImageOfPage\":{\"@id\":\"https:\\\/\\\/repliquemangacine.fr\\\/collectors-et-goodies-game-of-thrones\\\/casque-royal-des-lannister\\\/#primaryimage\"},\"image\":{\"@id\":\"https:\\\/\\\/repliquemangacine.fr\\\/collectors-et-goodies-game-of-thrones\\\/casque-royal-des-lannister\\\/#primaryimage\"},\"thumbnailUrl\":\"https:\\\/\\\/repliquemangacine.fr\\\/wp-content\\\/uploads\\\/2023\\\/10\\\/1535-Game-of-Thrones-Casque-du-roi.jpg\",\"datePublished\":\"2016-10-11T17:53:51+00:00\",\"dateModified\":\"2026-04-06T15:07:04+00:00\",\"description\":\"Cette reproduction du Casque royal des Lannister dans Game of Trones au meilleur prix. En acier finition laiton - Echelle 1\\\/1 - Casque fonctionnel\",\"breadcrumb\":{\"@id\":\"https:\\\/\\\/repliquemangacine.fr\\\/collectors-et-goodies-game-of-thrones\\\/casque-royal-des-lannister\\\/#breadcrumb\"},\"inLanguage\":\"es\",\"potentialAction\":[{\"@type\":\"ReadAction\",\"target\":[\"https:\\\/\\\/repliquemangacine.fr\\\/collectors-et-goodies-game-of-thrones\\\/casque-royal-des-lannister\\\/\"]}]},{\"@type\":\"ImageObject\",\"inLanguage\":\"es\",\"@id\":\"https:\\\/\\\/repliquemangacine.fr\\\/collectors-et-goodies-game-of-thrones\\\/casque-royal-des-lannister\\\/#primaryimage\",\"url\":\"https:\\\/\\\/repliquemangacine.fr\\\/wp-content\\\/uploads\\\/2023\\\/10\\\/1535-Game-of-Thrones-Casque-du-roi.jpg\",\"contentUrl\":\"https:\\\/\\\/repliquemangacine.fr\\\/wp-content\\\/uploads\\\/2023\\\/10\\\/1535-Game-of-Thrones-Casque-du-roi.jpg\",\"width\":800,\"height\":800,\"caption\":\"Casque Royal des Lannister -Game of Thrones\"},{\"@type\":\"BreadcrumbList\",\"@id\":\"https:\\\/\\\/repliquemangacine.fr\\\/collectors-et-goodies-game-of-thrones\\\/casque-royal-des-lannister\\\/#breadcrumb\",\"itemListElement\":[{\"@type\":\"ListItem\",\"position\":1,\"name\":\"Accueil\",\"item\":\"https:\\\/\\\/repliquemangacine.fr\\\/\"},{\"@type\":\"ListItem\",\"position\":2,\"name\":\"Produits\",\"item\":\"https:\\\/\\\/repliquemangacine.fr\\\/boutique\\\/\"},{\"@type\":\"ListItem\",\"position\":3,\"name\":\"Casque du roi GOT\"}]},{\"@type\":\"WebSite\",\"@id\":\"https:\\\/\\\/repliquemangacine.fr\\\/#website\",\"url\":\"https:\\\/\\\/repliquemangacine.fr\\\/\",\"name\":\"R\u00e9plique Manga Cin\u00e9\",\"description\":\"\",\"publisher\":{\"@id\":\"https:\\\/\\\/repliquemangacine.fr\\\/#organization\"},\"potentialAction\":[{\"@type\":\"SearchAction\",\"target\":{\"@type\":\"EntryPoint\",\"urlTemplate\":\"https:\\\/\\\/repliquemangacine.fr\\\/?s={search_term_string}\"},\"query-input\":{\"@type\":\"PropertyValueSpecification\",\"valueRequired\":true,\"valueName\":\"search_term_string\"}}],\"inLanguage\":\"es\"},{\"@type\":\"Organization\",\"@id\":\"https:\\\/\\\/repliquemangacine.fr\\\/#organization\",\"name\":\"R\u00e9plique Manga Cin\u00e9\",\"url\":\"https:\\\/\\\/repliquemangacine.fr\\\/\",\"logo\":{\"@type\":\"ImageObject\",\"inLanguage\":\"es\",\"@id\":\"https:\\\/\\\/repliquemangacine.fr\\\/#\\\/schema\\\/logo\\\/image\\\/\",\"url\":\"https:\\\/\\\/repliquemangacine.fr\\\/wp-content\\\/uploads\\\/2023\\\/10\\\/RMC-500250.png\",\"contentUrl\":\"https:\\\/\\\/repliquemangacine.fr\\\/wp-content\\\/uploads\\\/2023\\\/10\\\/RMC-500250.png\",\"width\":500,\"height\":250,\"caption\":\"R\u00e9plique Manga Cin\u00e9\"},\"image\":{\"@id\":\"https:\\\/\\\/repliquemangacine.fr\\\/#\\\/schema\\\/logo\\\/image\\\/\"},\"sameAs\":[\"https:\\\/\\\/www.facebook.com\\\/RepliqueMangaCine\",\"https:\\\/\\\/www.instagram.com\\\/repliquemangacine.fr\\\/\"]}]}<\/script>\n<!-- \/ Yoast SEO plugin. -->","yoast_head_json":{"title":"Casco Real Lannister - Juego de Tronos | RMC","description":"Esta reproducci\u00f3n del Casco Real Lannister de Juego de Tronos est\u00e1 disponible al mejor precio. Fabricado en acero acabado en lat\u00f3n - Escala 1\/1 - Casco funcional.","robots":{"index":"index","follow":"follow","max-snippet":"max-snippet:-1","max-image-preview":"max-image-preview:large","max-video-preview":"max-video-preview:-1"},"canonical":"https:\/\/repliquemangacine.fr\/es\/juego-de-tronos-coleccionistas-y-golosinas\/casco-real-lannister\/","og_locale":"es_ES","og_type":"article","og_title":"Casque Royal des Lannister - Game of Thrones | RMC","og_description":"Cette reproduction du Casque royal des Lannister dans Game of Trones au meilleur prix. En acier finition laiton - Echelle 1\/1 - Casque fonctionnel","og_url":"https:\/\/repliquemangacine.fr\/es\/juego-de-tronos-coleccionistas-y-golosinas\/casco-real-lannister\/","og_site_name":"R\u00e9plique Manga Cin\u00e9","article_publisher":"https:\/\/www.facebook.com\/RepliqueMangaCine","article_modified_time":"2026-04-06T15:07:04+00:00","og_image":[{"width":800,"height":800,"url":"https:\/\/repliquemangacine.fr\/wp-content\/uploads\/2023\/10\/1535-Game-of-Thrones-Casque-du-roi.jpg","type":"image\/jpeg"}],"twitter_card":"summary_large_image","twitter_misc":{"Tiempo de lectura":"2 minutos"},"schema":{"@context":"https:\/\/schema.org","@graph":[{"@type":"WebPage","@id":"https:\/\/repliquemangacine.fr\/collectors-et-goodies-game-of-thrones\/casque-royal-des-lannister\/","url":"https:\/\/repliquemangacine.fr\/collectors-et-goodies-game-of-thrones\/casque-royal-des-lannister\/","name":"Casco Real Lannister - Juego de Tronos | RMC","isPartOf":{"@id":"https:\/\/repliquemangacine.fr\/#website"},"primaryImageOfPage":{"@id":"https:\/\/repliquemangacine.fr\/collectors-et-goodies-game-of-thrones\/casque-royal-des-lannister\/#primaryimage"},"image":{"@id":"https:\/\/repliquemangacine.fr\/collectors-et-goodies-game-of-thrones\/casque-royal-des-lannister\/#primaryimage"},"thumbnailUrl":"https:\/\/repliquemangacine.fr\/wp-content\/uploads\/2023\/10\/1535-Game-of-Thrones-Casque-du-roi.jpg","datePublished":"2016-10-11T17:53:51+00:00","dateModified":"2026-04-06T15:07:04+00:00","description":"Esta reproducci\u00f3n del Casco Real Lannister de Juego de Tronos est\u00e1 disponible al mejor precio. Fabricado en acero acabado en lat\u00f3n - Escala 1\/1 - Casco funcional.","breadcrumb":{"@id":"https:\/\/repliquemangacine.fr\/collectors-et-goodies-game-of-thrones\/casque-royal-des-lannister\/#breadcrumb"},"inLanguage":"es","potentialAction":[{"@type":"ReadAction","target":["https:\/\/repliquemangacine.fr\/collectors-et-goodies-game-of-thrones\/casque-royal-des-lannister\/"]}]},{"@type":"ImageObject","inLanguage":"es","@id":"https:\/\/repliquemangacine.fr\/collectors-et-goodies-game-of-thrones\/casque-royal-des-lannister\/#primaryimage","url":"https:\/\/repliquemangacine.fr\/wp-content\/uploads\/2023\/10\/1535-Game-of-Thrones-Casque-du-roi.jpg","contentUrl":"https:\/\/repliquemangacine.fr\/wp-content\/uploads\/2023\/10\/1535-Game-of-Thrones-Casque-du-roi.jpg","width":800,"height":800,"caption":"Casque Royal des Lannister -Game of Thrones"},{"@type":"BreadcrumbList","@id":"https:\/\/repliquemangacine.fr\/collectors-et-goodies-game-of-thrones\/casque-royal-des-lannister\/#breadcrumb","itemListElement":[{"@type":"ListItem","position":1,"name":"Accueil","item":"https:\/\/repliquemangacine.fr\/"},{"@type":"ListItem","position":2,"name":"Produits","item":"https:\/\/repliquemangacine.fr\/boutique\/"},{"@type":"ListItem","position":3,"name":"Casque du roi GOT"}]},{"@type":"WebSite","@id":"https:\/\/repliquemangacine.fr\/#website","url":"https:\/\/repliquemangacine.fr\/","name":"R\u00e9plique Manga Cin\u00e9","description":"","publisher":{"@id":"https:\/\/repliquemangacine.fr\/#organization"},"potentialAction":[{"@type":"SearchAction","target":{"@type":"EntryPoint","urlTemplate":"https:\/\/repliquemangacine.fr\/?s={search_term_string}"},"query-input":{"@type":"PropertyValueSpecification","valueRequired":true,"valueName":"search_term_string"}}],"inLanguage":"es"},{"@type":"Organization","@id":"https:\/\/repliquemangacine.fr\/#organization","name":"R\u00e9plique Manga Cin\u00e9","url":"https:\/\/repliquemangacine.fr\/","logo":{"@type":"ImageObject","inLanguage":"es","@id":"https:\/\/repliquemangacine.fr\/#\/schema\/logo\/image\/","url":"https:\/\/repliquemangacine.fr\/wp-content\/uploads\/2023\/10\/RMC-500250.png","contentUrl":"https:\/\/repliquemangacine.fr\/wp-content\/uploads\/2023\/10\/RMC-500250.png","width":500,"height":250,"caption":"R\u00e9plique Manga Cin\u00e9"},"image":{"@id":"https:\/\/repliquemangacine.fr\/#\/schema\/logo\/image\/"},"sameAs":["https:\/\/www.facebook.com\/RepliqueMangaCine","https:\/\/www.instagram.com\/repliquemangacine.fr\/"]}]}},"_links":{"self":[{"href":"https:\/\/repliquemangacine.fr\/es\/wp-json\/wp\/v2\/product\/25744","targetHints":{"allow":["GET"]}}],"collection":[{"href":"https:\/\/repliquemangacine.fr\/es\/wp-json\/wp\/v2\/product"}],"about":[{"href":"https:\/\/repliquemangacine.fr\/es\/wp-json\/wp\/v2\/types\/product"}],"wp:featuredmedia":[{"embeddable":true,"href":"https:\/\/repliquemangacine.fr\/es\/wp-json\/wp\/v2\/media\/25745"}],"wp:attachment":[{"href":"https:\/\/repliquemangacine.fr\/es\/wp-json\/wp\/v2\/media?parent=25744"}],"wp:term":[{"taxonomy":"product_brand","embeddable":true,"href":"https:\/\/repliquemangacine.fr\/es\/wp-json\/wp\/v2\/product_brand?post=25744"},{"taxonomy":"product_cat","embeddable":true,"href":"https:\/\/repliquemangacine.fr\/es\/wp-json\/wp\/v2\/product_cat?post=25744"},{"taxonomy":"product_tag","embeddable":true,"href":"https:\/\/repliquemangacine.fr\/es\/wp-json\/wp\/v2\/product_tag?post=25744"}],"curies":[{"name":"wp","href":"https:\/\/api.w.org\/{rel}","templated":true}]}}