





{"id":25735,"date":"2016-10-11T18:14:03","date_gmt":"2016-10-11T16:14:03","guid":{"rendered":"https:\/\/repliquemangacine.fr\/?post_type=product&#038;p=25735"},"modified":"2025-11-25T16:03:04","modified_gmt":"2025-11-25T15:03:04","slug":"juego-de-tronos-armadura-lannister-completa","status":"publish","type":"product","link":"https:\/\/repliquemangacine.fr\/es\/collectors-et-goodies-game-of-thrones\/armure-des-lannister-game-of-thrones-armure-complete\/","title":{"rendered":"Armadura Juego de Tronos Armadura guardia real lannister"},"content":{"rendered":"<h2>Juego de Tronos Armadura Lannister<\/h2>\n<p>Para empezar, el<strong>Armadura de <a href=\"https:\/\/gameofthrones.fandom.com\/fr\/wiki\/Maison_Lannister\" target=\"_blank\" rel=\"noopener noreferrer\">Lannister<\/a><\/strong> Hecho totalmente a mano con acero de calibre 18 y acabado en lat\u00f3n patinado, adornado con multitud de detalles complejos. Cuenta con piezas de cuero cosidas a mano superpuestas en el cuello, los brazos y las piernas. Correas de cuero ajustables con hebillas. El casco viene con un forro de algod\u00f3n acolchado.<\/p>\n<p>Para completar la armadura, se a\u00f1ade una capa de algod\u00f3n blanco y una base de acero para una presentaci\u00f3n magn\u00edfica. Completamente articulada y funcional.<\/p>\n<ul>\n<li><strong>Casco del Rey<\/strong><br \/>\nAltura: 33 cm \u2013 Anchura: 20 cm<br \/>\nProfundidad: 25 cm - Circunferencia: 64 cm<br \/>\nPeso: 2202 g<\/li>\n<li><strong>Armour King:<\/strong><br \/>\nAltura (cuello a la altura de las copas) \u2013 104 cm<br \/>\nAncho (de hombro a hombro): 62 cm.<br \/>\nProfundidad: 34 cm. Peso: 1400 g.<\/li>\n<\/ul>\n<p>Longitud de la capa: 150 cm - Altura sobre la base: 193 cm<\/p>\n<h2>Tu armadura Lannister al mejor precio<\/h2>\n<p>Te traemos todas las r\u00e9plicas de las espadas de tus h\u00e9roes favoritos de Juego de Tronos.<\/p>\n<p>Lo primero y m\u00e1s importante,<\/p>\n<ul>\n<li>L'<a href=\"https:\/\/repliquemangacine.fr\/es\/juego-de-tronos\/jon-snow-espada-gran-garra-espada-el-trono-de-hierro\/\">Espada Longclaw de Jon Nieve<\/a> versi\u00f3n novela, tambi\u00e9n existe en versi\u00f3n serie.<\/li>\n<li>Pero tambi\u00e9n la<a href=\"https:\/\/repliquemangacine.fr\/es\/espadas-de-juego-de-tronos\/espada-de-hielo-espada-eddard-stark-trono-de-hierro\/\">La espada de Eddard Stark<\/a> versiones de novela y serie.<\/li>\n<li>Y muchos m\u00e1s por descubrir en nuestra tienda en l\u00ednea.<\/li>\n<\/ul>\n<p>Por eso, aqu\u00ed tienes una idea estupenda para regalar a los fans de la serie Juego de Tronos.<\/p>\n<p>En conclusi\u00f3n, puede utilizar el\u2019<strong>Armadura Lannister<\/strong> para tus desfiles de cosplay o veladas tem\u00e1ticas. Pero, sobre todo, es una pieza de coleccionista y decoraci\u00f3n.<\/p>\n<h2>Nuestros \u00faltimos lanzamientos baratos de Juego de Tronos.<\/h2>\n<p>Nuestro objetivo es satisfacerle, por eso hacemos todo lo posible para encontrar los objetos de colecci\u00f3n que busca. \u00a1No dude en hacernos llegar sus solicitudes y comentarios para que podamos continuar juntos esta aventura!<\/p>\n<p>Lo primero y m\u00e1s importante,<\/p>\n<ul>\n<li>La <a href=\"https:\/\/repliquemangacine.fr\/es\/juego-de-tronos-coleccionistas-y-golosinas\/armadura-lannister-60cm-juego-de-tronos\/\">mini armadura<\/a> de la guardia real Lannister toda de metal.<\/li>\n<li>As\u00ed como los huevos de drag\u00f3n HBO de Daenerys<\/li>\n<li>Tambi\u00e9n hay <a href=\"https:\/\/repliquemangacine.fr\/es\/juego-de-tronos-coleccionistas-y-golosinas\/mug-chope-game-of-thrones-2\/\">Taza Juego de Tronos<\/a><\/li>\n<li>Y muchas m\u00e1s por descubrir.<\/li>\n<\/ul>\n<p>Pr\u00f3ximamente, tendremos el placer de ofrecerles figuras Funko Pop...<\/p>\n<p>R\u00e9plique Manga Cin\u00e9 es una empresa familiar francesa.<\/p>\n<p>&nbsp;<\/p>","protected":false},"excerpt":{"rendered":"<p>Reproducci\u00f3n a tama\u00f1o real de la armadura completa de los Lannister.<\/p>\n<ul>\n<li>Fabricado a mano en acero con acabado de lat\u00f3n patinado y cuero.<\/li>\n<li>Casco suministrado con forro de algod\u00f3n acolchado.<\/li>\n<li>Capa blanca de algod\u00f3n.<\/li>\n<li>Apoyo a la presentaci\u00f3n.<\/li>\n<li>Altura sobre el soporte: 193 cm<\/li>\n<\/ul>\n<p><strong>El casco tambi\u00e9n est\u00e1 disponible por s\u00ed solo.<\/strong><\/p>","protected":false},"featured_media":25736,"template":"","meta":[],"product_brand":[896],"product_cat":[25,75,81,24,47,43],"product_tag":[],"class_list":{"0":"post-25735","1":"product","2":"type-product","3":"status-publish","4":"has-post-thumbnail","6":"product_brand-replique-manga-cine","7":"product_cat-armes-historiques","8":"product_cat-boucliers-et-armures","9":"product_cat-collectors-et-goodies-game-of-thrones","10":"product_cat-films-series-tv-vente-de-katana-epee-et-produits-derives","11":"product_cat-game-of-thrones","12":"product_cat-reproductions-d-armes-et-accessoires-medievales","14":"first","15":"instock","16":"sale","17":"taxable","18":"shipping-taxable","19":"purchasable","20":"product-type-simple"},"yoast_head":"<!-- This site is optimized with the Yoast SEO plugin v27.4 - https:\/\/yoast.com\/product\/yoast-seo-wordpress\/ -->\n<title>Armure des Lannister - Game of Thrones - R\u00e9plique Manga Cin\u00e9<\/title>\n<meta name=\"description\" content=\"Reproduction en taille r\u00e9elle de l&#039;Armure des Lannister dans Game of Thrones. En acier Vieilli patin\u00e9 laiton - Echelle 1\/1 - Hauteur : 193cm\" \/>\n<meta name=\"robots\" content=\"index, follow, max-snippet:-1, max-image-preview:large, max-video-preview:-1\" \/>\n<link rel=\"canonical\" href=\"https:\/\/repliquemangacine.fr\/es\/juego-de-tronos-coleccionistas-y-golosinas\/juego-de-tronos-armadura-lannister-completa\/\" \/>\n<meta property=\"og:locale\" content=\"es_ES\" \/>\n<meta property=\"og:type\" content=\"article\" \/>\n<meta property=\"og:title\" content=\"Armure des Lannister - Game of Thrones - R\u00e9plique Manga Cin\u00e9\" \/>\n<meta property=\"og:description\" content=\"Reproduction en taille r\u00e9elle de l&#039;Armure des Lannister dans Game of Thrones. En acier Vieilli patin\u00e9 laiton - Echelle 1\/1 - Hauteur : 193cm\" \/>\n<meta property=\"og:url\" content=\"https:\/\/repliquemangacine.fr\/es\/juego-de-tronos-coleccionistas-y-golosinas\/juego-de-tronos-armadura-lannister-completa\/\" \/>\n<meta property=\"og:site_name\" content=\"R\u00e9plique Manga Cin\u00e9\" \/>\n<meta property=\"article:publisher\" content=\"https:\/\/www.facebook.com\/RepliqueMangaCine\" \/>\n<meta property=\"article:modified_time\" content=\"2025-11-25T15:03:04+00:00\" \/>\n<meta property=\"og:image\" content=\"https:\/\/repliquemangacine.fr\/wp-content\/uploads\/2023\/10\/armure-game-of-thrones-1.jpg\" \/>\n\t<meta property=\"og:image:width\" content=\"500\" \/>\n\t<meta property=\"og:image:height\" content=\"500\" \/>\n\t<meta property=\"og:image:type\" content=\"image\/jpeg\" \/>\n<meta name=\"twitter:card\" content=\"summary_large_image\" \/>\n<meta name=\"twitter:label1\" content=\"Tiempo de lectura\" \/>\n\t<meta name=\"twitter:data1\" content=\"2 minutos\" \/>\n<script type=\"application\/ld+json\" class=\"yoast-schema-graph\">{\"@context\":\"https:\\\/\\\/schema.org\",\"@graph\":[{\"@type\":\"WebPage\",\"@id\":\"https:\\\/\\\/repliquemangacine.fr\\\/collectors-et-goodies-game-of-thrones\\\/armure-des-lannister-game-of-thrones-armure-complete\\\/\",\"url\":\"https:\\\/\\\/repliquemangacine.fr\\\/collectors-et-goodies-game-of-thrones\\\/armure-des-lannister-game-of-thrones-armure-complete\\\/\",\"name\":\"Armure des Lannister - Game of Thrones - R\u00e9plique Manga Cin\u00e9\",\"isPartOf\":{\"@id\":\"https:\\\/\\\/repliquemangacine.fr\\\/#website\"},\"primaryImageOfPage\":{\"@id\":\"https:\\\/\\\/repliquemangacine.fr\\\/collectors-et-goodies-game-of-thrones\\\/armure-des-lannister-game-of-thrones-armure-complete\\\/#primaryimage\"},\"image\":{\"@id\":\"https:\\\/\\\/repliquemangacine.fr\\\/collectors-et-goodies-game-of-thrones\\\/armure-des-lannister-game-of-thrones-armure-complete\\\/#primaryimage\"},\"thumbnailUrl\":\"https:\\\/\\\/repliquemangacine.fr\\\/wp-content\\\/uploads\\\/2023\\\/10\\\/armure-game-of-thrones-1.jpg\",\"datePublished\":\"2016-10-11T16:14:03+00:00\",\"dateModified\":\"2025-11-25T15:03:04+00:00\",\"description\":\"Reproduction en taille r\u00e9elle de l'Armure des Lannister dans Game of Thrones. En acier Vieilli patin\u00e9 laiton - Echelle 1\\\/1 - Hauteur : 193cm\",\"breadcrumb\":{\"@id\":\"https:\\\/\\\/repliquemangacine.fr\\\/collectors-et-goodies-game-of-thrones\\\/armure-des-lannister-game-of-thrones-armure-complete\\\/#breadcrumb\"},\"inLanguage\":\"es\",\"potentialAction\":[{\"@type\":\"ReadAction\",\"target\":[\"https:\\\/\\\/repliquemangacine.fr\\\/collectors-et-goodies-game-of-thrones\\\/armure-des-lannister-game-of-thrones-armure-complete\\\/\"]}]},{\"@type\":\"ImageObject\",\"inLanguage\":\"es\",\"@id\":\"https:\\\/\\\/repliquemangacine.fr\\\/collectors-et-goodies-game-of-thrones\\\/armure-des-lannister-game-of-thrones-armure-complete\\\/#primaryimage\",\"url\":\"https:\\\/\\\/repliquemangacine.fr\\\/wp-content\\\/uploads\\\/2023\\\/10\\\/armure-game-of-thrones-1.jpg\",\"contentUrl\":\"https:\\\/\\\/repliquemangacine.fr\\\/wp-content\\\/uploads\\\/2023\\\/10\\\/armure-game-of-thrones-1.jpg\",\"width\":500,\"height\":500,\"caption\":\"armure game of thrones\"},{\"@type\":\"BreadcrumbList\",\"@id\":\"https:\\\/\\\/repliquemangacine.fr\\\/collectors-et-goodies-game-of-thrones\\\/armure-des-lannister-game-of-thrones-armure-complete\\\/#breadcrumb\",\"itemListElement\":[{\"@type\":\"ListItem\",\"position\":1,\"name\":\"Accueil\",\"item\":\"https:\\\/\\\/repliquemangacine.fr\\\/\"},{\"@type\":\"ListItem\",\"position\":2,\"name\":\"Produits\",\"item\":\"https:\\\/\\\/repliquemangacine.fr\\\/boutique\\\/\"},{\"@type\":\"ListItem\",\"position\":3,\"name\":\"Armure Game of Thrones Armure garde Royal lannister\"}]},{\"@type\":\"WebSite\",\"@id\":\"https:\\\/\\\/repliquemangacine.fr\\\/#website\",\"url\":\"https:\\\/\\\/repliquemangacine.fr\\\/\",\"name\":\"R\u00e9plique Manga Cin\u00e9\",\"description\":\"\",\"publisher\":{\"@id\":\"https:\\\/\\\/repliquemangacine.fr\\\/#organization\"},\"potentialAction\":[{\"@type\":\"SearchAction\",\"target\":{\"@type\":\"EntryPoint\",\"urlTemplate\":\"https:\\\/\\\/repliquemangacine.fr\\\/?s={search_term_string}\"},\"query-input\":{\"@type\":\"PropertyValueSpecification\",\"valueRequired\":true,\"valueName\":\"search_term_string\"}}],\"inLanguage\":\"es\"},{\"@type\":\"Organization\",\"@id\":\"https:\\\/\\\/repliquemangacine.fr\\\/#organization\",\"name\":\"R\u00e9plique Manga Cin\u00e9\",\"url\":\"https:\\\/\\\/repliquemangacine.fr\\\/\",\"logo\":{\"@type\":\"ImageObject\",\"inLanguage\":\"es\",\"@id\":\"https:\\\/\\\/repliquemangacine.fr\\\/#\\\/schema\\\/logo\\\/image\\\/\",\"url\":\"https:\\\/\\\/repliquemangacine.fr\\\/wp-content\\\/uploads\\\/2023\\\/10\\\/RMC-500250.png\",\"contentUrl\":\"https:\\\/\\\/repliquemangacine.fr\\\/wp-content\\\/uploads\\\/2023\\\/10\\\/RMC-500250.png\",\"width\":500,\"height\":250,\"caption\":\"R\u00e9plique Manga Cin\u00e9\"},\"image\":{\"@id\":\"https:\\\/\\\/repliquemangacine.fr\\\/#\\\/schema\\\/logo\\\/image\\\/\"},\"sameAs\":[\"https:\\\/\\\/www.facebook.com\\\/RepliqueMangaCine\",\"https:\\\/\\\/www.instagram.com\\\/repliquemangacine.fr\\\/\"]}]}<\/script>\n<!-- \/ Yoast SEO plugin. -->","yoast_head_json":{"title":"Armadura Lannister - Juego de Tronos - R\u00e9plique Manga Cin\u00e9","description":"Reproducci\u00f3n a tama\u00f1o real de la armadura Lannister de Juego de Tronos. Acero envejecido con p\u00e1tina de lat\u00f3n - Escala 1\/1 - Altura: 193 cm.","robots":{"index":"index","follow":"follow","max-snippet":"max-snippet:-1","max-image-preview":"max-image-preview:large","max-video-preview":"max-video-preview:-1"},"canonical":"https:\/\/repliquemangacine.fr\/es\/juego-de-tronos-coleccionistas-y-golosinas\/juego-de-tronos-armadura-lannister-completa\/","og_locale":"es_ES","og_type":"article","og_title":"Armure des Lannister - Game of Thrones - R\u00e9plique Manga Cin\u00e9","og_description":"Reproduction en taille r\u00e9elle de l'Armure des Lannister dans Game of Thrones. En acier Vieilli patin\u00e9 laiton - Echelle 1\/1 - Hauteur : 193cm","og_url":"https:\/\/repliquemangacine.fr\/es\/juego-de-tronos-coleccionistas-y-golosinas\/juego-de-tronos-armadura-lannister-completa\/","og_site_name":"R\u00e9plique Manga Cin\u00e9","article_publisher":"https:\/\/www.facebook.com\/RepliqueMangaCine","article_modified_time":"2025-11-25T15:03:04+00:00","og_image":[{"width":500,"height":500,"url":"https:\/\/repliquemangacine.fr\/wp-content\/uploads\/2023\/10\/armure-game-of-thrones-1.jpg","type":"image\/jpeg"}],"twitter_card":"summary_large_image","twitter_misc":{"Tiempo de lectura":"2 minutos"},"schema":{"@context":"https:\/\/schema.org","@graph":[{"@type":"WebPage","@id":"https:\/\/repliquemangacine.fr\/collectors-et-goodies-game-of-thrones\/armure-des-lannister-game-of-thrones-armure-complete\/","url":"https:\/\/repliquemangacine.fr\/collectors-et-goodies-game-of-thrones\/armure-des-lannister-game-of-thrones-armure-complete\/","name":"Armadura Lannister - Juego de Tronos - R\u00e9plique Manga Cin\u00e9","isPartOf":{"@id":"https:\/\/repliquemangacine.fr\/#website"},"primaryImageOfPage":{"@id":"https:\/\/repliquemangacine.fr\/collectors-et-goodies-game-of-thrones\/armure-des-lannister-game-of-thrones-armure-complete\/#primaryimage"},"image":{"@id":"https:\/\/repliquemangacine.fr\/collectors-et-goodies-game-of-thrones\/armure-des-lannister-game-of-thrones-armure-complete\/#primaryimage"},"thumbnailUrl":"https:\/\/repliquemangacine.fr\/wp-content\/uploads\/2023\/10\/armure-game-of-thrones-1.jpg","datePublished":"2016-10-11T16:14:03+00:00","dateModified":"2025-11-25T15:03:04+00:00","description":"Reproducci\u00f3n a tama\u00f1o real de la armadura Lannister de Juego de Tronos. Acero envejecido con p\u00e1tina de lat\u00f3n - Escala 1\/1 - Altura: 193 cm.","breadcrumb":{"@id":"https:\/\/repliquemangacine.fr\/collectors-et-goodies-game-of-thrones\/armure-des-lannister-game-of-thrones-armure-complete\/#breadcrumb"},"inLanguage":"es","potentialAction":[{"@type":"ReadAction","target":["https:\/\/repliquemangacine.fr\/collectors-et-goodies-game-of-thrones\/armure-des-lannister-game-of-thrones-armure-complete\/"]}]},{"@type":"ImageObject","inLanguage":"es","@id":"https:\/\/repliquemangacine.fr\/collectors-et-goodies-game-of-thrones\/armure-des-lannister-game-of-thrones-armure-complete\/#primaryimage","url":"https:\/\/repliquemangacine.fr\/wp-content\/uploads\/2023\/10\/armure-game-of-thrones-1.jpg","contentUrl":"https:\/\/repliquemangacine.fr\/wp-content\/uploads\/2023\/10\/armure-game-of-thrones-1.jpg","width":500,"height":500,"caption":"armure game of thrones"},{"@type":"BreadcrumbList","@id":"https:\/\/repliquemangacine.fr\/collectors-et-goodies-game-of-thrones\/armure-des-lannister-game-of-thrones-armure-complete\/#breadcrumb","itemListElement":[{"@type":"ListItem","position":1,"name":"Accueil","item":"https:\/\/repliquemangacine.fr\/"},{"@type":"ListItem","position":2,"name":"Produits","item":"https:\/\/repliquemangacine.fr\/boutique\/"},{"@type":"ListItem","position":3,"name":"Armure Game of Thrones Armure garde Royal lannister"}]},{"@type":"WebSite","@id":"https:\/\/repliquemangacine.fr\/#website","url":"https:\/\/repliquemangacine.fr\/","name":"R\u00e9plique Manga Cin\u00e9","description":"","publisher":{"@id":"https:\/\/repliquemangacine.fr\/#organization"},"potentialAction":[{"@type":"SearchAction","target":{"@type":"EntryPoint","urlTemplate":"https:\/\/repliquemangacine.fr\/?s={search_term_string}"},"query-input":{"@type":"PropertyValueSpecification","valueRequired":true,"valueName":"search_term_string"}}],"inLanguage":"es"},{"@type":"Organization","@id":"https:\/\/repliquemangacine.fr\/#organization","name":"R\u00e9plique Manga Cin\u00e9","url":"https:\/\/repliquemangacine.fr\/","logo":{"@type":"ImageObject","inLanguage":"es","@id":"https:\/\/repliquemangacine.fr\/#\/schema\/logo\/image\/","url":"https:\/\/repliquemangacine.fr\/wp-content\/uploads\/2023\/10\/RMC-500250.png","contentUrl":"https:\/\/repliquemangacine.fr\/wp-content\/uploads\/2023\/10\/RMC-500250.png","width":500,"height":250,"caption":"R\u00e9plique Manga Cin\u00e9"},"image":{"@id":"https:\/\/repliquemangacine.fr\/#\/schema\/logo\/image\/"},"sameAs":["https:\/\/www.facebook.com\/RepliqueMangaCine","https:\/\/www.instagram.com\/repliquemangacine.fr\/"]}]}},"_links":{"self":[{"href":"https:\/\/repliquemangacine.fr\/es\/wp-json\/wp\/v2\/product\/25735","targetHints":{"allow":["GET"]}}],"collection":[{"href":"https:\/\/repliquemangacine.fr\/es\/wp-json\/wp\/v2\/product"}],"about":[{"href":"https:\/\/repliquemangacine.fr\/es\/wp-json\/wp\/v2\/types\/product"}],"wp:featuredmedia":[{"embeddable":true,"href":"https:\/\/repliquemangacine.fr\/es\/wp-json\/wp\/v2\/media\/25736"}],"wp:attachment":[{"href":"https:\/\/repliquemangacine.fr\/es\/wp-json\/wp\/v2\/media?parent=25735"}],"wp:term":[{"taxonomy":"product_brand","embeddable":true,"href":"https:\/\/repliquemangacine.fr\/es\/wp-json\/wp\/v2\/product_brand?post=25735"},{"taxonomy":"product_cat","embeddable":true,"href":"https:\/\/repliquemangacine.fr\/es\/wp-json\/wp\/v2\/product_cat?post=25735"},{"taxonomy":"product_tag","embeddable":true,"href":"https:\/\/repliquemangacine.fr\/es\/wp-json\/wp\/v2\/product_tag?post=25735"}],"curies":[{"name":"wp","href":"https:\/\/api.w.org\/{rel}","templated":true}]}}