





{"id":25719,"date":"2016-10-10T19:08:59","date_gmt":"2016-10-10T17:08:59","guid":{"rendered":"https:\/\/repliquemangacine.fr\/?post_type=product&#038;p=25719"},"modified":"2025-12-12T16:36:23","modified_gmt":"2025-12-12T15:36:23","slug":"katana-erza-scarlett-espada-magica-fairy-tail","status":"publish","type":"product","link":"https:\/\/repliquemangacine.fr\/es\/katana-et-epee-de-manga-anime-autre-manga\/katana-erza-scarlett-epee-magique-fairy-tail\/","title":{"rendered":"Katana Erza Scarlett Fairy tail"},"content":{"rendered":"<h2>Katana Erza Fairy Tail, espada m\u00e1gica.<\/h2>\n<p>Para empezar, el <strong>Katana Erza Fairy Tail<\/strong> Es exactamente igual que en el anime, esta espada m\u00e1gica es una r\u00e9plica perfecta.<\/p>\n<p>Erza Scarlett es una maga de rango S del gremio Fairy Tail, considerada la m\u00e1s fuerte de las mujeres miembros. Es la mujer m\u00e1s fuerte y respetada de todo el gremio. Cuando la ven, da miedo e incluso hace huir a algunas personas. Por lo tanto, no duda en sacar su espada y amenazar a los dem\u00e1s con ella para conseguir lo que quiere.<\/p>\n<p>Cuando Erza lleva puesta la armadura Hakama, siempre saca dos espadas para luchar. Cabe destacar que estas espadas tienen un poder de ataque fenomenal. Se llaman Espadas Demon\u00edacas Benizakura. La <a href=\"https:\/\/fairytail-fandom-com.translate.goog\/wiki\/Demon_Blade_Benizakura\" target=\"_blank\" rel=\"noopener noreferrer\">Hoja del demonio Benizakura<\/a> es una espada m\u00e1gica que s\u00f3lo se utiliza con fines ofensivos.<\/p>\n<h2>Tu Katana Erza Fairy tail al mejor precio.<\/h2>\n<p>Te ofrecemos todas las r\u00e9plicas de tus personajes favoritos de los mangas animados y los videojuegos.<\/p>\n<p>Lo primero y m\u00e1s importante,<\/p>\n<ul>\n<li>L'<a href=\"https:\/\/repliquemangacine.fr\/es\/otros-manga\/erza-espada-armadura-fairy-tail\/\">Espada Erza Trinity<\/a> en su armadura de la naturaleza.<\/li>\n<li>Tambi\u00e9n existe la <a href=\"https:\/\/repliquemangacine.fr\/es\/otros-manga\/rin-espada-azul-exorcista-katana-kurikara\/\">katana Rin en Blue Exorcist<\/a>.<\/li>\n<li>Y muchos m\u00e1s por descubrir en nuestra tienda en l\u00ednea.<\/li>\n<\/ul>\n<p>Por eso, aqu\u00ed tienes unas ideas estupendas para regalar a los fans de Fairy Tell.<\/p>\n<p>En conclusi\u00f3n, tambi\u00e9n puede utilizar este <strong>Katana Erza Fairy Tail<\/strong> para tus desfiles de cosplay o tus fiestas tem\u00e1ticas. Pero, ante todo, la espada m\u00e1gica de Erza es tambi\u00e9n una pieza de colecci\u00f3n y decoraci\u00f3n.<\/p>\n<p>R\u00e9plique Manga Cin\u00e9 es una empresa francesa.<\/p>\n<h2>\u00bfC\u00f3mo se mantiene la hoja de la katana manga?<\/h2>\n<p>Las katanas de colecci\u00f3n y decorativas se fabrican y ensamblan de forma simplificada. Como su uso es decorativo, no cuentan con los elementos de seguridad exigidos a una espada japonesa destinada al entrenamiento.<\/p>\n<p>Sin embargo, su <strong>Katana Erza Fairy Tail<\/strong> a una hoja de acero que hay que cuidar para evitar que se estropee con el tiempo. Cuando exponga su katana, sus amigos sentir\u00e1n curiosidad por ver la hoja y tocarla. Aqu\u00ed es donde hay que tener cuidado, ya que la acidez de los dedos es muy perjudicial para el acero, sea cual sea su calidad.<\/p>\n<p>Sin embargo, si esto ocurre, no te asustes, todo lo que necesitas es un pa\u00f1o humedecido con un poco de aceite y limpiar las huellas dactilares. Si haces esto, tu espada durar\u00e1 mucho tiempo.<\/p>","protected":false},"excerpt":{"rendered":"<p>R\u00e9plica de la katana de Erza en Fairy Tail<\/p>\n<ul>\n<li>Hoja de acero 440.<\/li>\n<li>Asa rodeada de trenza de algod\u00f3n azul marino.<\/li>\n<li>Empu\u00f1adura y pomo de acero antiguo.<\/li>\n<li>Funda de madera lacada en negro con el logotipo de Fairy Tail.<\/li>\n<li>Longitud de la hoja: 69 cm - Longitud total: 103 cm<\/li>\n<\/ul>\n<p><strong>\u00a0<\/strong><\/p>\n<p>&nbsp;<\/p>","protected":false},"featured_media":25720,"template":"","meta":[],"product_brand":[896],"product_cat":[65,23],"product_tag":[],"class_list":{"0":"post-25719","1":"product","2":"type-product","3":"status-publish","4":"has-post-thumbnail","6":"product_brand-replique-manga-cine","7":"product_cat-katana-et-epee-de-manga-anime-autre-manga","8":"product_cat-repliques-manga-jeux-video","10":"first","11":"instock","12":"sale","13":"taxable","14":"shipping-taxable","15":"purchasable","16":"product-type-simple"},"yoast_head":"<!-- This site is optimized with the Yoast SEO plugin v27.4 - https:\/\/yoast.com\/product\/yoast-seo-wordpress\/ -->\n<title>Katana Erza Fairy Tail - Ep\u00e9e magique - Boutique en ligne | RMC<\/title>\n<meta name=\"description\" content=\"Offrez-vous le Katana Erza Fairy Tail au meilleur prix. Lame acier - Fourreau laqu\u00e9 noir - Echelle 1\/1 - Longueur totale : 103 cm - Envoi 24\/48h\" \/>\n<meta name=\"robots\" content=\"index, follow, max-snippet:-1, max-image-preview:large, max-video-preview:-1\" \/>\n<link rel=\"canonical\" href=\"https:\/\/repliquemangacine.fr\/es\/katana-y-manga-espada-anime-otros-manga\/katana-erza-scarlett-espada-magica-fairy-tail\/\" \/>\n<meta property=\"og:locale\" content=\"es_ES\" \/>\n<meta property=\"og:type\" content=\"article\" \/>\n<meta property=\"og:title\" content=\"Katana Erza Fairy Tail - Ep\u00e9e magique - Boutique en ligne | RMC\" \/>\n<meta property=\"og:description\" content=\"Offrez-vous le Katana Erza Fairy Tail au meilleur prix. Lame acier - Fourreau laqu\u00e9 noir - Echelle 1\/1 - Longueur totale : 103 cm - Envoi 24\/48h\" \/>\n<meta property=\"og:url\" content=\"https:\/\/repliquemangacine.fr\/es\/katana-y-manga-espada-anime-otros-manga\/katana-erza-scarlett-espada-magica-fairy-tail\/\" \/>\n<meta property=\"og:site_name\" content=\"R\u00e9plique Manga Cin\u00e9\" \/>\n<meta property=\"article:publisher\" content=\"https:\/\/www.facebook.com\/RepliqueMangaCine\" \/>\n<meta property=\"article:modified_time\" content=\"2025-12-12T15:36:23+00:00\" \/>\n<meta property=\"og:image\" content=\"https:\/\/repliquemangacine.fr\/wp-content\/uploads\/2023\/10\/491-Katana-Erza-Scarlett-Fairy-tail.jpg\" \/>\n\t<meta property=\"og:image:width\" content=\"800\" \/>\n\t<meta property=\"og:image:height\" content=\"800\" \/>\n\t<meta property=\"og:image:type\" content=\"image\/jpeg\" \/>\n<meta name=\"twitter:card\" content=\"summary_large_image\" \/>\n<meta name=\"twitter:label1\" content=\"Tiempo de lectura\" \/>\n\t<meta name=\"twitter:data1\" content=\"2 minutos\" \/>\n<script type=\"application\/ld+json\" class=\"yoast-schema-graph\">{\"@context\":\"https:\\\/\\\/schema.org\",\"@graph\":[{\"@type\":\"WebPage\",\"@id\":\"https:\\\/\\\/repliquemangacine.fr\\\/katana-et-epee-de-manga-anime-autre-manga\\\/katana-erza-scarlett-epee-magique-fairy-tail\\\/\",\"url\":\"https:\\\/\\\/repliquemangacine.fr\\\/katana-et-epee-de-manga-anime-autre-manga\\\/katana-erza-scarlett-epee-magique-fairy-tail\\\/\",\"name\":\"Katana Erza Fairy Tail - Ep\u00e9e magique - Boutique en ligne | RMC\",\"isPartOf\":{\"@id\":\"https:\\\/\\\/repliquemangacine.fr\\\/#website\"},\"primaryImageOfPage\":{\"@id\":\"https:\\\/\\\/repliquemangacine.fr\\\/katana-et-epee-de-manga-anime-autre-manga\\\/katana-erza-scarlett-epee-magique-fairy-tail\\\/#primaryimage\"},\"image\":{\"@id\":\"https:\\\/\\\/repliquemangacine.fr\\\/katana-et-epee-de-manga-anime-autre-manga\\\/katana-erza-scarlett-epee-magique-fairy-tail\\\/#primaryimage\"},\"thumbnailUrl\":\"https:\\\/\\\/repliquemangacine.fr\\\/wp-content\\\/uploads\\\/2023\\\/10\\\/491-Katana-Erza-Scarlett-Fairy-tail.jpg\",\"datePublished\":\"2016-10-10T17:08:59+00:00\",\"dateModified\":\"2025-12-12T15:36:23+00:00\",\"description\":\"Offrez-vous le Katana Erza Fairy Tail au meilleur prix. Lame acier - Fourreau laqu\u00e9 noir - Echelle 1\\\/1 - Longueur totale : 103 cm - Envoi 24\\\/48h\",\"breadcrumb\":{\"@id\":\"https:\\\/\\\/repliquemangacine.fr\\\/katana-et-epee-de-manga-anime-autre-manga\\\/katana-erza-scarlett-epee-magique-fairy-tail\\\/#breadcrumb\"},\"inLanguage\":\"es\",\"potentialAction\":[{\"@type\":\"ReadAction\",\"target\":[\"https:\\\/\\\/repliquemangacine.fr\\\/katana-et-epee-de-manga-anime-autre-manga\\\/katana-erza-scarlett-epee-magique-fairy-tail\\\/\"]}]},{\"@type\":\"ImageObject\",\"inLanguage\":\"es\",\"@id\":\"https:\\\/\\\/repliquemangacine.fr\\\/katana-et-epee-de-manga-anime-autre-manga\\\/katana-erza-scarlett-epee-magique-fairy-tail\\\/#primaryimage\",\"url\":\"https:\\\/\\\/repliquemangacine.fr\\\/wp-content\\\/uploads\\\/2023\\\/10\\\/491-Katana-Erza-Scarlett-Fairy-tail.jpg\",\"contentUrl\":\"https:\\\/\\\/repliquemangacine.fr\\\/wp-content\\\/uploads\\\/2023\\\/10\\\/491-Katana-Erza-Scarlett-Fairy-tail.jpg\",\"width\":800,\"height\":800,\"caption\":\"Katana Erza Scarlett - Fairy tail\"},{\"@type\":\"BreadcrumbList\",\"@id\":\"https:\\\/\\\/repliquemangacine.fr\\\/katana-et-epee-de-manga-anime-autre-manga\\\/katana-erza-scarlett-epee-magique-fairy-tail\\\/#breadcrumb\",\"itemListElement\":[{\"@type\":\"ListItem\",\"position\":1,\"name\":\"Accueil\",\"item\":\"https:\\\/\\\/repliquemangacine.fr\\\/\"},{\"@type\":\"ListItem\",\"position\":2,\"name\":\"Produits\",\"item\":\"https:\\\/\\\/repliquemangacine.fr\\\/boutique\\\/\"},{\"@type\":\"ListItem\",\"position\":3,\"name\":\"Katana Erza Scarlett Fairy tail\"}]},{\"@type\":\"WebSite\",\"@id\":\"https:\\\/\\\/repliquemangacine.fr\\\/#website\",\"url\":\"https:\\\/\\\/repliquemangacine.fr\\\/\",\"name\":\"R\u00e9plique Manga Cin\u00e9\",\"description\":\"\",\"publisher\":{\"@id\":\"https:\\\/\\\/repliquemangacine.fr\\\/#organization\"},\"potentialAction\":[{\"@type\":\"SearchAction\",\"target\":{\"@type\":\"EntryPoint\",\"urlTemplate\":\"https:\\\/\\\/repliquemangacine.fr\\\/?s={search_term_string}\"},\"query-input\":{\"@type\":\"PropertyValueSpecification\",\"valueRequired\":true,\"valueName\":\"search_term_string\"}}],\"inLanguage\":\"es\"},{\"@type\":\"Organization\",\"@id\":\"https:\\\/\\\/repliquemangacine.fr\\\/#organization\",\"name\":\"R\u00e9plique Manga Cin\u00e9\",\"url\":\"https:\\\/\\\/repliquemangacine.fr\\\/\",\"logo\":{\"@type\":\"ImageObject\",\"inLanguage\":\"es\",\"@id\":\"https:\\\/\\\/repliquemangacine.fr\\\/#\\\/schema\\\/logo\\\/image\\\/\",\"url\":\"https:\\\/\\\/repliquemangacine.fr\\\/wp-content\\\/uploads\\\/2023\\\/10\\\/RMC-500250.png\",\"contentUrl\":\"https:\\\/\\\/repliquemangacine.fr\\\/wp-content\\\/uploads\\\/2023\\\/10\\\/RMC-500250.png\",\"width\":500,\"height\":250,\"caption\":\"R\u00e9plique Manga Cin\u00e9\"},\"image\":{\"@id\":\"https:\\\/\\\/repliquemangacine.fr\\\/#\\\/schema\\\/logo\\\/image\\\/\"},\"sameAs\":[\"https:\\\/\\\/www.facebook.com\\\/RepliqueMangaCine\",\"https:\\\/\\\/www.instagram.com\\\/repliquemangacine.fr\\\/\"]}]}<\/script>\n<!-- \/ Yoast SEO plugin. -->","yoast_head_json":{"title":"Katana Erza Fairy Tail - Espada m\u00e1gica - Boutique en ligne | RMC","description":"Reg\u00e1late la Katana Erza Fairy Tail al mejor precio. Hoja de acero - Funda lacada negra - Escala 1\/1 - Longitud total : 103 cm - Env\u00edo 24\/48h","robots":{"index":"index","follow":"follow","max-snippet":"max-snippet:-1","max-image-preview":"max-image-preview:large","max-video-preview":"max-video-preview:-1"},"canonical":"https:\/\/repliquemangacine.fr\/es\/katana-y-manga-espada-anime-otros-manga\/katana-erza-scarlett-espada-magica-fairy-tail\/","og_locale":"es_ES","og_type":"article","og_title":"Katana Erza Fairy Tail - Ep\u00e9e magique - Boutique en ligne | RMC","og_description":"Offrez-vous le Katana Erza Fairy Tail au meilleur prix. Lame acier - Fourreau laqu\u00e9 noir - Echelle 1\/1 - Longueur totale : 103 cm - Envoi 24\/48h","og_url":"https:\/\/repliquemangacine.fr\/es\/katana-y-manga-espada-anime-otros-manga\/katana-erza-scarlett-espada-magica-fairy-tail\/","og_site_name":"R\u00e9plique Manga Cin\u00e9","article_publisher":"https:\/\/www.facebook.com\/RepliqueMangaCine","article_modified_time":"2025-12-12T15:36:23+00:00","og_image":[{"width":800,"height":800,"url":"https:\/\/repliquemangacine.fr\/wp-content\/uploads\/2023\/10\/491-Katana-Erza-Scarlett-Fairy-tail.jpg","type":"image\/jpeg"}],"twitter_card":"summary_large_image","twitter_misc":{"Tiempo de lectura":"2 minutos"},"schema":{"@context":"https:\/\/schema.org","@graph":[{"@type":"WebPage","@id":"https:\/\/repliquemangacine.fr\/katana-et-epee-de-manga-anime-autre-manga\/katana-erza-scarlett-epee-magique-fairy-tail\/","url":"https:\/\/repliquemangacine.fr\/katana-et-epee-de-manga-anime-autre-manga\/katana-erza-scarlett-epee-magique-fairy-tail\/","name":"Katana Erza Fairy Tail - Espada m\u00e1gica - Boutique en ligne | RMC","isPartOf":{"@id":"https:\/\/repliquemangacine.fr\/#website"},"primaryImageOfPage":{"@id":"https:\/\/repliquemangacine.fr\/katana-et-epee-de-manga-anime-autre-manga\/katana-erza-scarlett-epee-magique-fairy-tail\/#primaryimage"},"image":{"@id":"https:\/\/repliquemangacine.fr\/katana-et-epee-de-manga-anime-autre-manga\/katana-erza-scarlett-epee-magique-fairy-tail\/#primaryimage"},"thumbnailUrl":"https:\/\/repliquemangacine.fr\/wp-content\/uploads\/2023\/10\/491-Katana-Erza-Scarlett-Fairy-tail.jpg","datePublished":"2016-10-10T17:08:59+00:00","dateModified":"2025-12-12T15:36:23+00:00","description":"Reg\u00e1late la Katana Erza Fairy Tail al mejor precio. Hoja de acero - Funda lacada negra - Escala 1\/1 - Longitud total : 103 cm - Env\u00edo 24\/48h","breadcrumb":{"@id":"https:\/\/repliquemangacine.fr\/katana-et-epee-de-manga-anime-autre-manga\/katana-erza-scarlett-epee-magique-fairy-tail\/#breadcrumb"},"inLanguage":"es","potentialAction":[{"@type":"ReadAction","target":["https:\/\/repliquemangacine.fr\/katana-et-epee-de-manga-anime-autre-manga\/katana-erza-scarlett-epee-magique-fairy-tail\/"]}]},{"@type":"ImageObject","inLanguage":"es","@id":"https:\/\/repliquemangacine.fr\/katana-et-epee-de-manga-anime-autre-manga\/katana-erza-scarlett-epee-magique-fairy-tail\/#primaryimage","url":"https:\/\/repliquemangacine.fr\/wp-content\/uploads\/2023\/10\/491-Katana-Erza-Scarlett-Fairy-tail.jpg","contentUrl":"https:\/\/repliquemangacine.fr\/wp-content\/uploads\/2023\/10\/491-Katana-Erza-Scarlett-Fairy-tail.jpg","width":800,"height":800,"caption":"Katana Erza Scarlett - Fairy tail"},{"@type":"BreadcrumbList","@id":"https:\/\/repliquemangacine.fr\/katana-et-epee-de-manga-anime-autre-manga\/katana-erza-scarlett-epee-magique-fairy-tail\/#breadcrumb","itemListElement":[{"@type":"ListItem","position":1,"name":"Accueil","item":"https:\/\/repliquemangacine.fr\/"},{"@type":"ListItem","position":2,"name":"Produits","item":"https:\/\/repliquemangacine.fr\/boutique\/"},{"@type":"ListItem","position":3,"name":"Katana Erza Scarlett Fairy tail"}]},{"@type":"WebSite","@id":"https:\/\/repliquemangacine.fr\/#website","url":"https:\/\/repliquemangacine.fr\/","name":"R\u00e9plique Manga Cin\u00e9","description":"","publisher":{"@id":"https:\/\/repliquemangacine.fr\/#organization"},"potentialAction":[{"@type":"SearchAction","target":{"@type":"EntryPoint","urlTemplate":"https:\/\/repliquemangacine.fr\/?s={search_term_string}"},"query-input":{"@type":"PropertyValueSpecification","valueRequired":true,"valueName":"search_term_string"}}],"inLanguage":"es"},{"@type":"Organization","@id":"https:\/\/repliquemangacine.fr\/#organization","name":"R\u00e9plique Manga Cin\u00e9","url":"https:\/\/repliquemangacine.fr\/","logo":{"@type":"ImageObject","inLanguage":"es","@id":"https:\/\/repliquemangacine.fr\/#\/schema\/logo\/image\/","url":"https:\/\/repliquemangacine.fr\/wp-content\/uploads\/2023\/10\/RMC-500250.png","contentUrl":"https:\/\/repliquemangacine.fr\/wp-content\/uploads\/2023\/10\/RMC-500250.png","width":500,"height":250,"caption":"R\u00e9plique Manga Cin\u00e9"},"image":{"@id":"https:\/\/repliquemangacine.fr\/#\/schema\/logo\/image\/"},"sameAs":["https:\/\/www.facebook.com\/RepliqueMangaCine","https:\/\/www.instagram.com\/repliquemangacine.fr\/"]}]}},"_links":{"self":[{"href":"https:\/\/repliquemangacine.fr\/es\/wp-json\/wp\/v2\/product\/25719","targetHints":{"allow":["GET"]}}],"collection":[{"href":"https:\/\/repliquemangacine.fr\/es\/wp-json\/wp\/v2\/product"}],"about":[{"href":"https:\/\/repliquemangacine.fr\/es\/wp-json\/wp\/v2\/types\/product"}],"wp:featuredmedia":[{"embeddable":true,"href":"https:\/\/repliquemangacine.fr\/es\/wp-json\/wp\/v2\/media\/25720"}],"wp:attachment":[{"href":"https:\/\/repliquemangacine.fr\/es\/wp-json\/wp\/v2\/media?parent=25719"}],"wp:term":[{"taxonomy":"product_brand","embeddable":true,"href":"https:\/\/repliquemangacine.fr\/es\/wp-json\/wp\/v2\/product_brand?post=25719"},{"taxonomy":"product_cat","embeddable":true,"href":"https:\/\/repliquemangacine.fr\/es\/wp-json\/wp\/v2\/product_cat?post=25719"},{"taxonomy":"product_tag","embeddable":true,"href":"https:\/\/repliquemangacine.fr\/es\/wp-json\/wp\/v2\/product_tag?post=25719"}],"curies":[{"name":"wp","href":"https:\/\/api.w.org\/{rel}","templated":true}]}}