





{"id":25681,"date":"2016-09-28T18:50:59","date_gmt":"2016-09-28T16:50:59","guid":{"rendered":"https:\/\/repliquemangacine.fr\/?post_type=product&#038;p=25681"},"modified":"2026-01-21T09:13:57","modified_gmt":"2026-01-21T08:13:57","slug":"ichigo-katana-blanca-hueca","status":"publish","type":"product","link":"https:\/\/repliquemangacine.fr\/es\/katana-bleach\/katana-hollow-blanc-ichigo\/","title":{"rendered":"Katana Hollow blanca Ichigo"},"content":{"rendered":"<h2>R\u00e9plica de Katana Hueca Ichigo Blanca<\/h2>\n<p>Para empezar, el <strong>Katana Ichigo Hueca blanca<\/strong>, este Zangetsu es la manifestaci\u00f3n espiritual de los poderes hollow de Ichigo Kurosaki, as\u00ed como su Hollow interior.<\/p>\n<p>Cabe destacar que Zangetsu es el resultado de la fusi\u00f3n entre el hollow Blanco que Ichigo hered\u00f3 de su madre y los poderes de Shinigami heredados de su padre. \u00c9l mismo ha declarado que representa los instintos m\u00e1s puros de <a href=\"https:\/\/bleach.fandom.com\/fr\/wiki\/Ichigo_Kurosaki\" target=\"_blank\" rel=\"noopener noreferrer\">Ichigo<\/a>.<\/p>\n<p>Las caracter\u00edsticas m\u00e1s distintivas de Zangetsu son su risa psic\u00f3tica y su sonrisa man\u00edaca. Es brutal, arrogante, irrespetuoso y s\u00e1dico. La raz\u00f3n de ser de Zangetsu es recuperar el poder y el cuerpo de Ichigo y utilizarlos para matar todo lo que ve, en contraposici\u00f3n al deseo de Ichigo de proteger.<\/p>\n<h2>Tu Katana Ichigo Hollow blanca al mejor precio.<\/h2>\n<p>Te traemos todas las frases de tus personajes favoritos en este manga anime de Bleach.<\/p>\n<p>Lo primero y m\u00e1s importante,<\/p>\n<ul>\n<li>La primera <a href=\"https:\/\/repliquemangacine.fr\/es\/lejia\/bankai-ichigo-tensa-zangetsu-corte-142cm\/\">ichigo bankai forjado<\/a>una versi\u00f3n de vanguardia del Tensa Zangetsu.<\/li>\n<li>Pero tambi\u00e9n encontrar\u00e1s la versi\u00f3n m\u00e1s larga y la versi\u00f3n con la guarda diferente.<\/li>\n<li>Tambi\u00e9n existe la <a href=\"https:\/\/repliquemangacine.fr\/es\/lejia\/dernier-bankai-ichigo-tensa-zangetsu-v3-104cm\/\">Banka\u00ef Tensa Zangetsu V3<\/a>Esta es una forma alternativa del bankai de Ichigo.<\/li>\n<li>Y muchos m\u00e1s por descubrir en nuestra tienda en l\u00ednea.<\/li>\n<\/ul>\n<p>Aqu\u00ed tienes algunas ideas para regalar a los fans de Bleach.<\/p>\n<p>En conclusi\u00f3n, puedes pedir esta katana Ichigo Hollow blanca para tus desfiles de cosplay. Pero, ante todo, la Zangetsu Hollow  tambi\u00e9n es una pieza de colecci\u00f3n y decoraci\u00f3n.<\/p>\n<h2>\u00bfC\u00f3mo se mantiene la hoja de la katana Bleach?<\/h2>\n<p>Las katanas de colecci\u00f3n y decorativas se fabrican y ensamblan de forma simplificada. Como su uso es decorativo, no cuentan con los elementos de seguridad exigidos a una espada japonesa destinada al entrenamiento.<\/p>\n<p>Sin embargo, su <strong>Ichigo Katana blanca hueca<\/strong> a una hoja de acero que hay que cuidar para evitar que se estropee con el tiempo. Cuando exponga su katana, sus amigos sentir\u00e1n curiosidad por ver la hoja y tocarla. Aqu\u00ed es donde hay que tener cuidado, ya que la acidez de los dedos es muy perjudicial para el acero, sea cual sea su calidad.<\/p>\n<p>Sin embargo, si esto ocurre, no te asustes, todo lo que necesitas es un pa\u00f1o humedecido con un poco de aceite y limpiar las huellas dactilares. Si haces esto, tu espada durar\u00e1 mucho tiempo.<\/p>\n<p>&nbsp;<\/p>","protected":false},"excerpt":{"rendered":"<p>Zangetsu representa el lado oscuro del alma de Ichigo.<\/p>\n<ul>\n<li>Hoja de acero inoxidable.<\/li>\n<li>Guardia blanca espec\u00edfica.<\/li>\n<li>Vaina de madera lacada en blanco.<\/li>\n<li>Mango rodeado de trenza de algod\u00f3n.<\/li>\n<li>Longitud total: 103 cm- Longitud de la hoja: 68 cm<\/li>\n<\/ul>","protected":false},"featured_media":25682,"template":"","meta":[],"product_brand":[896],"product_cat":[30,23],"product_tag":[],"class_list":{"0":"post-25681","1":"product","2":"type-product","3":"status-publish","4":"has-post-thumbnail","6":"product_brand-replique-manga-cine","7":"product_cat-katana-bleach","8":"product_cat-repliques-manga-jeux-video","10":"first","11":"instock","12":"taxable","13":"shipping-taxable","14":"purchasable","15":"product-type-simple"},"yoast_head":"<!-- This site is optimized with the Yoast SEO plugin v27.4 - https:\/\/yoast.com\/product\/yoast-seo-wordpress\/ -->\n<title>Katana Ichigo Hollow blanc - Bleach -Boutique en ligne | RMC<\/title>\n<meta name=\"description\" content=\"Achetez vite ! Le Katana Ichigo Hollow blanc dans Bleach au meilleur prix. Lame acier - Fourreau blanc - Longueur totale : 103 cm - Envoi 24\/48h\" \/>\n<meta name=\"robots\" content=\"index, follow, max-snippet:-1, max-image-preview:large, max-video-preview:-1\" \/>\n<link rel=\"canonical\" href=\"https:\/\/repliquemangacine.fr\/es\/blanqueador-katana\/ichigo-katana-blanca-hueca\/\" \/>\n<meta property=\"og:locale\" content=\"es_ES\" \/>\n<meta property=\"og:type\" content=\"article\" \/>\n<meta property=\"og:title\" content=\"Katana Ichigo Hollow blanc - Bleach -Boutique en ligne | RMC\" \/>\n<meta property=\"og:description\" content=\"Achetez vite ! Le Katana Ichigo Hollow blanc dans Bleach au meilleur prix. Lame acier - Fourreau blanc - Longueur totale : 103 cm - Envoi 24\/48h\" \/>\n<meta property=\"og:url\" content=\"https:\/\/repliquemangacine.fr\/es\/blanqueador-katana\/ichigo-katana-blanca-hueca\/\" \/>\n<meta property=\"og:site_name\" content=\"R\u00e9plique Manga Cin\u00e9\" \/>\n<meta property=\"article:publisher\" content=\"https:\/\/www.facebook.com\/RepliqueMangaCine\" \/>\n<meta property=\"article:modified_time\" content=\"2026-01-21T08:13:57+00:00\" \/>\n<meta property=\"og:image\" content=\"https:\/\/repliquemangacine.fr\/wp-content\/uploads\/2023\/10\/459-Zangetsu-Hollow-Katana-blanc-Ichigo-Bleach.jpg\" \/>\n\t<meta property=\"og:image:width\" content=\"800\" \/>\n\t<meta property=\"og:image:height\" content=\"800\" \/>\n\t<meta property=\"og:image:type\" content=\"image\/jpeg\" \/>\n<meta name=\"twitter:card\" content=\"summary_large_image\" \/>\n<meta name=\"twitter:label1\" content=\"Tiempo de lectura\" \/>\n\t<meta name=\"twitter:data1\" content=\"2 minutos\" \/>\n<script type=\"application\/ld+json\" class=\"yoast-schema-graph\">{\"@context\":\"https:\\\/\\\/schema.org\",\"@graph\":[{\"@type\":\"WebPage\",\"@id\":\"https:\\\/\\\/repliquemangacine.fr\\\/katana-bleach\\\/katana-hollow-blanc-ichigo\\\/\",\"url\":\"https:\\\/\\\/repliquemangacine.fr\\\/katana-bleach\\\/katana-hollow-blanc-ichigo\\\/\",\"name\":\"Katana Ichigo Hollow blanc - Bleach -Boutique en ligne | RMC\",\"isPartOf\":{\"@id\":\"https:\\\/\\\/repliquemangacine.fr\\\/#website\"},\"primaryImageOfPage\":{\"@id\":\"https:\\\/\\\/repliquemangacine.fr\\\/katana-bleach\\\/katana-hollow-blanc-ichigo\\\/#primaryimage\"},\"image\":{\"@id\":\"https:\\\/\\\/repliquemangacine.fr\\\/katana-bleach\\\/katana-hollow-blanc-ichigo\\\/#primaryimage\"},\"thumbnailUrl\":\"https:\\\/\\\/repliquemangacine.fr\\\/wp-content\\\/uploads\\\/2023\\\/10\\\/459-Zangetsu-Hollow-Katana-blanc-Ichigo-Bleach.jpg\",\"datePublished\":\"2016-09-28T16:50:59+00:00\",\"dateModified\":\"2026-01-21T08:13:57+00:00\",\"description\":\"Achetez vite ! Le Katana Ichigo Hollow blanc dans Bleach au meilleur prix. Lame acier - Fourreau blanc - Longueur totale : 103 cm - Envoi 24\\\/48h\",\"breadcrumb\":{\"@id\":\"https:\\\/\\\/repliquemangacine.fr\\\/katana-bleach\\\/katana-hollow-blanc-ichigo\\\/#breadcrumb\"},\"inLanguage\":\"es\",\"potentialAction\":[{\"@type\":\"ReadAction\",\"target\":[\"https:\\\/\\\/repliquemangacine.fr\\\/katana-bleach\\\/katana-hollow-blanc-ichigo\\\/\"]}]},{\"@type\":\"ImageObject\",\"inLanguage\":\"es\",\"@id\":\"https:\\\/\\\/repliquemangacine.fr\\\/katana-bleach\\\/katana-hollow-blanc-ichigo\\\/#primaryimage\",\"url\":\"https:\\\/\\\/repliquemangacine.fr\\\/wp-content\\\/uploads\\\/2023\\\/10\\\/459-Zangetsu-Hollow-Katana-blanc-Ichigo-Bleach.jpg\",\"contentUrl\":\"https:\\\/\\\/repliquemangacine.fr\\\/wp-content\\\/uploads\\\/2023\\\/10\\\/459-Zangetsu-Hollow-Katana-blanc-Ichigo-Bleach.jpg\",\"width\":800,\"height\":800,\"caption\":\"Zangetsu Hollow - Katana blanc Ichigo - Bleach\"},{\"@type\":\"BreadcrumbList\",\"@id\":\"https:\\\/\\\/repliquemangacine.fr\\\/katana-bleach\\\/katana-hollow-blanc-ichigo\\\/#breadcrumb\",\"itemListElement\":[{\"@type\":\"ListItem\",\"position\":1,\"name\":\"Accueil\",\"item\":\"https:\\\/\\\/repliquemangacine.fr\\\/\"},{\"@type\":\"ListItem\",\"position\":2,\"name\":\"Produits\",\"item\":\"https:\\\/\\\/repliquemangacine.fr\\\/boutique\\\/\"},{\"@type\":\"ListItem\",\"position\":3,\"name\":\"Katana Hollow blanc Ichigo\"}]},{\"@type\":\"WebSite\",\"@id\":\"https:\\\/\\\/repliquemangacine.fr\\\/#website\",\"url\":\"https:\\\/\\\/repliquemangacine.fr\\\/\",\"name\":\"R\u00e9plique Manga Cin\u00e9\",\"description\":\"\",\"publisher\":{\"@id\":\"https:\\\/\\\/repliquemangacine.fr\\\/#organization\"},\"potentialAction\":[{\"@type\":\"SearchAction\",\"target\":{\"@type\":\"EntryPoint\",\"urlTemplate\":\"https:\\\/\\\/repliquemangacine.fr\\\/?s={search_term_string}\"},\"query-input\":{\"@type\":\"PropertyValueSpecification\",\"valueRequired\":true,\"valueName\":\"search_term_string\"}}],\"inLanguage\":\"es\"},{\"@type\":\"Organization\",\"@id\":\"https:\\\/\\\/repliquemangacine.fr\\\/#organization\",\"name\":\"R\u00e9plique Manga Cin\u00e9\",\"url\":\"https:\\\/\\\/repliquemangacine.fr\\\/\",\"logo\":{\"@type\":\"ImageObject\",\"inLanguage\":\"es\",\"@id\":\"https:\\\/\\\/repliquemangacine.fr\\\/#\\\/schema\\\/logo\\\/image\\\/\",\"url\":\"https:\\\/\\\/repliquemangacine.fr\\\/wp-content\\\/uploads\\\/2023\\\/10\\\/RMC-500250.png\",\"contentUrl\":\"https:\\\/\\\/repliquemangacine.fr\\\/wp-content\\\/uploads\\\/2023\\\/10\\\/RMC-500250.png\",\"width\":500,\"height\":250,\"caption\":\"R\u00e9plique Manga Cin\u00e9\"},\"image\":{\"@id\":\"https:\\\/\\\/repliquemangacine.fr\\\/#\\\/schema\\\/logo\\\/image\\\/\"},\"sameAs\":[\"https:\\\/\\\/www.facebook.com\\\/RepliqueMangaCine\",\"https:\\\/\\\/www.instagram.com\\\/repliquemangacine.fr\\\/\"]}]}<\/script>\n<!-- \/ Yoast SEO plugin. -->","yoast_head_json":{"title":"Katana Ichigo Hollow blanca - Bleach - Tienda Online | RMC","description":"\u00a1C\u00f3mprala ya! La Katana Ichigo Hollow blanca de Bleach al mejor precio. Hoja de acero - Vaina blanca - Longitud total: 103 cm - Env\u00edo 24\/48h","robots":{"index":"index","follow":"follow","max-snippet":"max-snippet:-1","max-image-preview":"max-image-preview:large","max-video-preview":"max-video-preview:-1"},"canonical":"https:\/\/repliquemangacine.fr\/es\/blanqueador-katana\/ichigo-katana-blanca-hueca\/","og_locale":"es_ES","og_type":"article","og_title":"Katana Ichigo Hollow blanc - Bleach -Boutique en ligne | RMC","og_description":"Achetez vite ! Le Katana Ichigo Hollow blanc dans Bleach au meilleur prix. Lame acier - Fourreau blanc - Longueur totale : 103 cm - Envoi 24\/48h","og_url":"https:\/\/repliquemangacine.fr\/es\/blanqueador-katana\/ichigo-katana-blanca-hueca\/","og_site_name":"R\u00e9plique Manga Cin\u00e9","article_publisher":"https:\/\/www.facebook.com\/RepliqueMangaCine","article_modified_time":"2026-01-21T08:13:57+00:00","og_image":[{"width":800,"height":800,"url":"https:\/\/repliquemangacine.fr\/wp-content\/uploads\/2023\/10\/459-Zangetsu-Hollow-Katana-blanc-Ichigo-Bleach.jpg","type":"image\/jpeg"}],"twitter_card":"summary_large_image","twitter_misc":{"Tiempo de lectura":"2 minutos"},"schema":{"@context":"https:\/\/schema.org","@graph":[{"@type":"WebPage","@id":"https:\/\/repliquemangacine.fr\/katana-bleach\/katana-hollow-blanc-ichigo\/","url":"https:\/\/repliquemangacine.fr\/katana-bleach\/katana-hollow-blanc-ichigo\/","name":"Katana Ichigo Hollow blanca - Bleach - Tienda Online | RMC","isPartOf":{"@id":"https:\/\/repliquemangacine.fr\/#website"},"primaryImageOfPage":{"@id":"https:\/\/repliquemangacine.fr\/katana-bleach\/katana-hollow-blanc-ichigo\/#primaryimage"},"image":{"@id":"https:\/\/repliquemangacine.fr\/katana-bleach\/katana-hollow-blanc-ichigo\/#primaryimage"},"thumbnailUrl":"https:\/\/repliquemangacine.fr\/wp-content\/uploads\/2023\/10\/459-Zangetsu-Hollow-Katana-blanc-Ichigo-Bleach.jpg","datePublished":"2016-09-28T16:50:59+00:00","dateModified":"2026-01-21T08:13:57+00:00","description":"\u00a1C\u00f3mprala ya! La Katana Ichigo Hollow blanca de Bleach al mejor precio. Hoja de acero - Vaina blanca - Longitud total: 103 cm - Env\u00edo 24\/48h","breadcrumb":{"@id":"https:\/\/repliquemangacine.fr\/katana-bleach\/katana-hollow-blanc-ichigo\/#breadcrumb"},"inLanguage":"es","potentialAction":[{"@type":"ReadAction","target":["https:\/\/repliquemangacine.fr\/katana-bleach\/katana-hollow-blanc-ichigo\/"]}]},{"@type":"ImageObject","inLanguage":"es","@id":"https:\/\/repliquemangacine.fr\/katana-bleach\/katana-hollow-blanc-ichigo\/#primaryimage","url":"https:\/\/repliquemangacine.fr\/wp-content\/uploads\/2023\/10\/459-Zangetsu-Hollow-Katana-blanc-Ichigo-Bleach.jpg","contentUrl":"https:\/\/repliquemangacine.fr\/wp-content\/uploads\/2023\/10\/459-Zangetsu-Hollow-Katana-blanc-Ichigo-Bleach.jpg","width":800,"height":800,"caption":"Zangetsu Hollow - Katana blanc Ichigo - Bleach"},{"@type":"BreadcrumbList","@id":"https:\/\/repliquemangacine.fr\/katana-bleach\/katana-hollow-blanc-ichigo\/#breadcrumb","itemListElement":[{"@type":"ListItem","position":1,"name":"Accueil","item":"https:\/\/repliquemangacine.fr\/"},{"@type":"ListItem","position":2,"name":"Produits","item":"https:\/\/repliquemangacine.fr\/boutique\/"},{"@type":"ListItem","position":3,"name":"Katana Hollow blanc Ichigo"}]},{"@type":"WebSite","@id":"https:\/\/repliquemangacine.fr\/#website","url":"https:\/\/repliquemangacine.fr\/","name":"R\u00e9plique Manga Cin\u00e9","description":"","publisher":{"@id":"https:\/\/repliquemangacine.fr\/#organization"},"potentialAction":[{"@type":"SearchAction","target":{"@type":"EntryPoint","urlTemplate":"https:\/\/repliquemangacine.fr\/?s={search_term_string}"},"query-input":{"@type":"PropertyValueSpecification","valueRequired":true,"valueName":"search_term_string"}}],"inLanguage":"es"},{"@type":"Organization","@id":"https:\/\/repliquemangacine.fr\/#organization","name":"R\u00e9plique Manga Cin\u00e9","url":"https:\/\/repliquemangacine.fr\/","logo":{"@type":"ImageObject","inLanguage":"es","@id":"https:\/\/repliquemangacine.fr\/#\/schema\/logo\/image\/","url":"https:\/\/repliquemangacine.fr\/wp-content\/uploads\/2023\/10\/RMC-500250.png","contentUrl":"https:\/\/repliquemangacine.fr\/wp-content\/uploads\/2023\/10\/RMC-500250.png","width":500,"height":250,"caption":"R\u00e9plique Manga Cin\u00e9"},"image":{"@id":"https:\/\/repliquemangacine.fr\/#\/schema\/logo\/image\/"},"sameAs":["https:\/\/www.facebook.com\/RepliqueMangaCine","https:\/\/www.instagram.com\/repliquemangacine.fr\/"]}]}},"_links":{"self":[{"href":"https:\/\/repliquemangacine.fr\/es\/wp-json\/wp\/v2\/product\/25681","targetHints":{"allow":["GET"]}}],"collection":[{"href":"https:\/\/repliquemangacine.fr\/es\/wp-json\/wp\/v2\/product"}],"about":[{"href":"https:\/\/repliquemangacine.fr\/es\/wp-json\/wp\/v2\/types\/product"}],"wp:featuredmedia":[{"embeddable":true,"href":"https:\/\/repliquemangacine.fr\/es\/wp-json\/wp\/v2\/media\/25682"}],"wp:attachment":[{"href":"https:\/\/repliquemangacine.fr\/es\/wp-json\/wp\/v2\/media?parent=25681"}],"wp:term":[{"taxonomy":"product_brand","embeddable":true,"href":"https:\/\/repliquemangacine.fr\/es\/wp-json\/wp\/v2\/product_brand?post=25681"},{"taxonomy":"product_cat","embeddable":true,"href":"https:\/\/repliquemangacine.fr\/es\/wp-json\/wp\/v2\/product_cat?post=25681"},{"taxonomy":"product_tag","embeddable":true,"href":"https:\/\/repliquemangacine.fr\/es\/wp-json\/wp\/v2\/product_tag?post=25681"}],"curies":[{"name":"wp","href":"https:\/\/api.w.org\/{rel}","templated":true}]}}