





{"id":25597,"date":"2016-09-21T15:44:36","date_gmt":"2016-09-21T13:44:36","guid":{"rendered":"https:\/\/repliquemangacine.fr\/?post_type=product&#038;p=25597"},"modified":"2026-05-14T22:45:31","modified_gmt":"2026-05-14T20:45:31","slug":"dague-aragorn-poignard-elfique-cuchillo-elfo-daragorn","status":"publish","type":"product","link":"https:\/\/repliquemangacine.fr\/es\/epees-seigneur-des-anneaux\/dague-aragorn-poignard-elfique-elven-knife-d-aragorn\/","title":{"rendered":"Daga de Aragorn Daga \u00e9lfica"},"content":{"rendered":"<h2>Daga de Aragorn Daga \u00e9lfica en El Se\u00f1or de los Anillos.<\/h2>\n<p>Para empezar, el <strong>Daga de Aragorn Daga \u00e9lfica<\/strong> Es absolutamente sublime, y una r\u00e9plica id\u00e9ntica de la trilog\u00eda.<\/p>\n<p>Miembro de la Hermandad del Anillo, Aragorn es un viejo amigo de Gandalf y de los Elfos de la Tierra Media, quienes le regalaron esta magn\u00edfica daga llamada Elven Knife.<\/p>\n<p>Convertido en Strider (en ingl\u00e9s), Aragorn se encuentra con los cuatro hobbits (Frodo, Merry, Pippin y Sam) en la posada El Poni Ligero, donde los protege de un ataque de los Nazg\u00fbl.<\/p>\n<p>Aragorn, gran guerrero de la Tercera Edad, obtiene varias victorias importantes. Combate contra cinco Nazg\u00fbl en el Monte Ventoso. Luego toma el camino de los muertos para levantar el ej\u00e9rcito de los muertos y luchar contra los corsarios de Umbar.<\/p>\n<h2>Tu Daga \u00c9lfica Aragorn al mejor precio.<\/h2>\n<p>Te traemos todas las frases de El Se\u00f1or de los Anillos del escritor <a href=\"https:\/\/www.tolkiendil.com\/tolkien\/biographie\" target=\"_blank\" rel=\"noopener noreferrer\">J.R.R. Tolkien<\/a>.<\/p>\n<p>Lo primero y m\u00e1s importante,<\/p>\n<ul>\n<li>Los dos <a href=\"https:\/\/repliquemangacine.fr\/es\/espadas-del-senor-de-los-anillos\/sabre-legolas-le-seigneur-des-anneaux\/\">Espadas \u00e9lficas de Legolas<\/a>tan \u00fatil en la b\u00fasqueda del anillo.<\/li>\n<li>Pero tambi\u00e9n la<a href=\"https:\/\/repliquemangacine.fr\/es\/espadas-del-senor-de-los-anillos\/anduril-aragorn-espada-senor-de-los-anillos\/\">Anduril espada en su plato<\/a> en versi\u00f3n decorativa y con funda.<\/li>\n<li>Y mucho m\u00e1s por descubrir en nuestra tienda en l\u00ednea.<\/li>\n<\/ul>\n<p>He aqu\u00ed una estupenda idea de regalo para los fans de la trilog\u00eda de El Se\u00f1or de los Anillos.<\/p>\n<p>En conclusi\u00f3n, tambi\u00e9n puede utilizarla la <strong>Daga de Aragorn Daga \u00e9lfica<\/strong> para tus fiestas tem\u00e1ticas o desfiles de cosplay. Pero sobre todo, Elven Knife es una pieza de coleccionista y una pieza decorativa.<\/p>\n<h2>\u00bfC\u00f3mo mantengo la hoja de mi daga de El Se\u00f1or de los Anillos?<\/h2>\n<p>Las dagas de colecci\u00f3n y decorativas se fabrican y ensamblan de forma simplificada. Como su uso es decorativo, no cuentan con los elementos de seguridad exigidos para un sable japon\u00e9s destinado al entrenamiento.<\/p>\n<p>Sin embargo, su <strong>Daga de Aragorn Daga \u00e9lfica<\/strong> a una hoja de acero que hay que cuidar para evitar que se estropee con el tiempo. Cuando exponga su katana, sus amigos sentir\u00e1n curiosidad por ver la hoja y tocarla. Aqu\u00ed es donde hay que tener cuidado, ya que la acidez de los dedos es muy perjudicial para el acero, sea cual sea su calidad.<\/p>\n<p>Sin embargo, si esto ocurre, no te asustes, todo lo que necesitas es un pa\u00f1o humedecido con un poco de aceite y limpiar las huellas dactilares. Si haces esto, tu espada durar\u00e1 mucho tiempo.<\/p>","protected":false},"excerpt":{"rendered":"<p>Cuchillo \u00e9lfico que le dieron los elfos.<\/p>\n<ul>\n<li>Hoja de acero con grabados \u00e9lficos.<\/li>\n<li>Mango de ABS imitaci\u00f3n madera.<\/li>\n<li>Vaina de madera recubierta de cuero sint\u00e9tico.<\/li>\n<li>Expositor mural de madera.<\/li>\n<li>Longitud de la hoja: 35 cm - Longitud total: 56 cm<\/li>\n<\/ul>\n<p>&nbsp;<\/p>","protected":false},"featured_media":25598,"template":"","meta":[],"product_brand":[896],"product_cat":[68,24,29],"product_tag":[],"class_list":{"0":"post-25597","1":"product","2":"type-product","3":"status-publish","4":"has-post-thumbnail","6":"product_brand-replique-manga-cine","7":"product_cat-epees-seigneur-des-anneaux","8":"product_cat-films-series-tv-vente-de-katana-epee-et-produits-derives","9":"product_cat-le-seigneur-des-anneaux","11":"first","12":"outofstock","13":"taxable","14":"shipping-taxable","15":"purchasable","16":"product-type-simple"},"yoast_head":"<!-- This site is optimized with the Yoast SEO plugin v27.6 - https:\/\/yoast.com\/product\/yoast-seo-wordpress\/ -->\n<title>Dague Aragorn Poignard Elfique - Seigneur des Anneaux | RMC<\/title>\n<meta name=\"description\" content=\"Offrez-vous cette Dague Aragorn Poignard Elfique au meilleur prix - Lame grav\u00e9e - Fourreau - Support - Longueur totale : 56 cm - Envoi 24\/48h\" \/>\n<meta name=\"robots\" content=\"index, follow, max-snippet:-1, max-image-preview:large, max-video-preview:-1\" \/>\n<link rel=\"canonical\" href=\"https:\/\/repliquemangacine.fr\/es\/espadas-del-senor-de-los-anillos\/dague-aragorn-poignard-elfique-cuchillo-elfo-daragorn\/\" \/>\n<meta property=\"og:locale\" content=\"es_ES\" \/>\n<meta property=\"og:type\" content=\"article\" \/>\n<meta property=\"og:title\" content=\"Dague Aragorn Poignard Elfique - Seigneur des Anneaux | RMC\" \/>\n<meta property=\"og:description\" content=\"Offrez-vous cette Dague Aragorn Poignard Elfique au meilleur prix - Lame grav\u00e9e - Fourreau - Support - Longueur totale : 56 cm - Envoi 24\/48h\" \/>\n<meta property=\"og:url\" content=\"https:\/\/repliquemangacine.fr\/es\/espadas-del-senor-de-los-anillos\/dague-aragorn-poignard-elfique-cuchillo-elfo-daragorn\/\" \/>\n<meta property=\"og:site_name\" content=\"R\u00e9plique Manga Cin\u00e9\" \/>\n<meta property=\"article:publisher\" content=\"https:\/\/www.facebook.com\/RepliqueMangaCine\" \/>\n<meta property=\"article:modified_time\" content=\"2026-05-14T20:45:31+00:00\" \/>\n<meta property=\"og:image\" content=\"https:\/\/repliquemangacine.fr\/wp-content\/uploads\/2023\/10\/dague-aragorn.jpg\" \/>\n\t<meta property=\"og:image:width\" content=\"500\" \/>\n\t<meta property=\"og:image:height\" content=\"500\" \/>\n\t<meta property=\"og:image:type\" content=\"image\/jpeg\" \/>\n<meta name=\"twitter:card\" content=\"summary_large_image\" \/>\n<meta name=\"twitter:label1\" content=\"Tiempo de lectura\" \/>\n\t<meta name=\"twitter:data1\" content=\"2 minutos\" \/>\n<script type=\"application\/ld+json\" class=\"yoast-schema-graph\">{\"@context\":\"https:\\\/\\\/schema.org\",\"@graph\":[{\"@type\":\"WebPage\",\"@id\":\"https:\\\/\\\/repliquemangacine.fr\\\/epees-seigneur-des-anneaux\\\/dague-aragorn-poignard-elfique-elven-knife-d-aragorn\\\/\",\"url\":\"https:\\\/\\\/repliquemangacine.fr\\\/epees-seigneur-des-anneaux\\\/dague-aragorn-poignard-elfique-elven-knife-d-aragorn\\\/\",\"name\":\"Dague Aragorn Poignard Elfique - Seigneur des Anneaux | RMC\",\"isPartOf\":{\"@id\":\"https:\\\/\\\/repliquemangacine.fr\\\/#website\"},\"primaryImageOfPage\":{\"@id\":\"https:\\\/\\\/repliquemangacine.fr\\\/epees-seigneur-des-anneaux\\\/dague-aragorn-poignard-elfique-elven-knife-d-aragorn\\\/#primaryimage\"},\"image\":{\"@id\":\"https:\\\/\\\/repliquemangacine.fr\\\/epees-seigneur-des-anneaux\\\/dague-aragorn-poignard-elfique-elven-knife-d-aragorn\\\/#primaryimage\"},\"thumbnailUrl\":\"https:\\\/\\\/repliquemangacine.fr\\\/wp-content\\\/uploads\\\/2023\\\/10\\\/dague-aragorn.jpg\",\"datePublished\":\"2016-09-21T13:44:36+00:00\",\"dateModified\":\"2026-05-14T20:45:31+00:00\",\"description\":\"Offrez-vous cette Dague Aragorn Poignard Elfique au meilleur prix - Lame grav\u00e9e - Fourreau - Support - Longueur totale : 56 cm - Envoi 24\\\/48h\",\"breadcrumb\":{\"@id\":\"https:\\\/\\\/repliquemangacine.fr\\\/epees-seigneur-des-anneaux\\\/dague-aragorn-poignard-elfique-elven-knife-d-aragorn\\\/#breadcrumb\"},\"inLanguage\":\"es\",\"potentialAction\":[{\"@type\":\"ReadAction\",\"target\":[\"https:\\\/\\\/repliquemangacine.fr\\\/epees-seigneur-des-anneaux\\\/dague-aragorn-poignard-elfique-elven-knife-d-aragorn\\\/\"]}]},{\"@type\":\"ImageObject\",\"inLanguage\":\"es\",\"@id\":\"https:\\\/\\\/repliquemangacine.fr\\\/epees-seigneur-des-anneaux\\\/dague-aragorn-poignard-elfique-elven-knife-d-aragorn\\\/#primaryimage\",\"url\":\"https:\\\/\\\/repliquemangacine.fr\\\/wp-content\\\/uploads\\\/2023\\\/10\\\/dague-aragorn.jpg\",\"contentUrl\":\"https:\\\/\\\/repliquemangacine.fr\\\/wp-content\\\/uploads\\\/2023\\\/10\\\/dague-aragorn.jpg\",\"width\":500,\"height\":500,\"caption\":\"Dague Aragorn Poignard Elfique Seigneur des Anneaux\"},{\"@type\":\"BreadcrumbList\",\"@id\":\"https:\\\/\\\/repliquemangacine.fr\\\/epees-seigneur-des-anneaux\\\/dague-aragorn-poignard-elfique-elven-knife-d-aragorn\\\/#breadcrumb\",\"itemListElement\":[{\"@type\":\"ListItem\",\"position\":1,\"name\":\"Accueil\",\"item\":\"https:\\\/\\\/repliquemangacine.fr\\\/\"},{\"@type\":\"ListItem\",\"position\":2,\"name\":\"Produits\",\"item\":\"https:\\\/\\\/repliquemangacine.fr\\\/boutique\\\/\"},{\"@type\":\"ListItem\",\"position\":3,\"name\":\"Dague Aragorn Poignard Elfique\"}]},{\"@type\":\"WebSite\",\"@id\":\"https:\\\/\\\/repliquemangacine.fr\\\/#website\",\"url\":\"https:\\\/\\\/repliquemangacine.fr\\\/\",\"name\":\"R\u00e9plique Manga Cin\u00e9\",\"description\":\"\",\"publisher\":{\"@id\":\"https:\\\/\\\/repliquemangacine.fr\\\/#organization\"},\"potentialAction\":[{\"@type\":\"SearchAction\",\"target\":{\"@type\":\"EntryPoint\",\"urlTemplate\":\"https:\\\/\\\/repliquemangacine.fr\\\/?s={search_term_string}\"},\"query-input\":{\"@type\":\"PropertyValueSpecification\",\"valueRequired\":true,\"valueName\":\"search_term_string\"}}],\"inLanguage\":\"es\"},{\"@type\":\"Organization\",\"@id\":\"https:\\\/\\\/repliquemangacine.fr\\\/#organization\",\"name\":\"R\u00e9plique Manga Cin\u00e9\",\"url\":\"https:\\\/\\\/repliquemangacine.fr\\\/\",\"logo\":{\"@type\":\"ImageObject\",\"inLanguage\":\"es\",\"@id\":\"https:\\\/\\\/repliquemangacine.fr\\\/#\\\/schema\\\/logo\\\/image\\\/\",\"url\":\"https:\\\/\\\/repliquemangacine.fr\\\/wp-content\\\/uploads\\\/2023\\\/10\\\/RMC-500250.png\",\"contentUrl\":\"https:\\\/\\\/repliquemangacine.fr\\\/wp-content\\\/uploads\\\/2023\\\/10\\\/RMC-500250.png\",\"width\":500,\"height\":250,\"caption\":\"R\u00e9plique Manga Cin\u00e9\"},\"image\":{\"@id\":\"https:\\\/\\\/repliquemangacine.fr\\\/#\\\/schema\\\/logo\\\/image\\\/\"},\"sameAs\":[\"https:\\\/\\\/www.facebook.com\\\/RepliqueMangaCine\",\"https:\\\/\\\/www.instagram.com\\\/repliquemangacine.fr\\\/\"]}]}<\/script>\n<!-- \/ Yoast SEO plugin. -->","yoast_head_json":{"title":"Daga \u00e9lfica de Aragorn - El Se\u00f1or de los Anillos | RMC","description":"Reg\u00e1late esta Daga de Aragorn Daga \u00e9lfica al mejor precio - Hoja grabada - Vaina - Funda - Longitud total: 56 cm - Env\u00edo 24\/48h","robots":{"index":"index","follow":"follow","max-snippet":"max-snippet:-1","max-image-preview":"max-image-preview:large","max-video-preview":"max-video-preview:-1"},"canonical":"https:\/\/repliquemangacine.fr\/es\/espadas-del-senor-de-los-anillos\/dague-aragorn-poignard-elfique-cuchillo-elfo-daragorn\/","og_locale":"es_ES","og_type":"article","og_title":"Dague Aragorn Poignard Elfique - Seigneur des Anneaux | RMC","og_description":"Offrez-vous cette Dague Aragorn Poignard Elfique au meilleur prix - Lame grav\u00e9e - Fourreau - Support - Longueur totale : 56 cm - Envoi 24\/48h","og_url":"https:\/\/repliquemangacine.fr\/es\/espadas-del-senor-de-los-anillos\/dague-aragorn-poignard-elfique-cuchillo-elfo-daragorn\/","og_site_name":"R\u00e9plique Manga Cin\u00e9","article_publisher":"https:\/\/www.facebook.com\/RepliqueMangaCine","article_modified_time":"2026-05-14T20:45:31+00:00","og_image":[{"width":500,"height":500,"url":"https:\/\/repliquemangacine.fr\/wp-content\/uploads\/2023\/10\/dague-aragorn.jpg","type":"image\/jpeg"}],"twitter_card":"summary_large_image","twitter_misc":{"Tiempo de lectura":"2 minutos"},"schema":{"@context":"https:\/\/schema.org","@graph":[{"@type":"WebPage","@id":"https:\/\/repliquemangacine.fr\/epees-seigneur-des-anneaux\/dague-aragorn-poignard-elfique-elven-knife-d-aragorn\/","url":"https:\/\/repliquemangacine.fr\/epees-seigneur-des-anneaux\/dague-aragorn-poignard-elfique-elven-knife-d-aragorn\/","name":"Daga \u00e9lfica de Aragorn - El Se\u00f1or de los Anillos | RMC","isPartOf":{"@id":"https:\/\/repliquemangacine.fr\/#website"},"primaryImageOfPage":{"@id":"https:\/\/repliquemangacine.fr\/epees-seigneur-des-anneaux\/dague-aragorn-poignard-elfique-elven-knife-d-aragorn\/#primaryimage"},"image":{"@id":"https:\/\/repliquemangacine.fr\/epees-seigneur-des-anneaux\/dague-aragorn-poignard-elfique-elven-knife-d-aragorn\/#primaryimage"},"thumbnailUrl":"https:\/\/repliquemangacine.fr\/wp-content\/uploads\/2023\/10\/dague-aragorn.jpg","datePublished":"2016-09-21T13:44:36+00:00","dateModified":"2026-05-14T20:45:31+00:00","description":"Reg\u00e1late esta Daga de Aragorn Daga \u00e9lfica al mejor precio - Hoja grabada - Vaina - Funda - Longitud total: 56 cm - Env\u00edo 24\/48h","breadcrumb":{"@id":"https:\/\/repliquemangacine.fr\/epees-seigneur-des-anneaux\/dague-aragorn-poignard-elfique-elven-knife-d-aragorn\/#breadcrumb"},"inLanguage":"es","potentialAction":[{"@type":"ReadAction","target":["https:\/\/repliquemangacine.fr\/epees-seigneur-des-anneaux\/dague-aragorn-poignard-elfique-elven-knife-d-aragorn\/"]}]},{"@type":"ImageObject","inLanguage":"es","@id":"https:\/\/repliquemangacine.fr\/epees-seigneur-des-anneaux\/dague-aragorn-poignard-elfique-elven-knife-d-aragorn\/#primaryimage","url":"https:\/\/repliquemangacine.fr\/wp-content\/uploads\/2023\/10\/dague-aragorn.jpg","contentUrl":"https:\/\/repliquemangacine.fr\/wp-content\/uploads\/2023\/10\/dague-aragorn.jpg","width":500,"height":500,"caption":"Dague Aragorn Poignard Elfique Seigneur des Anneaux"},{"@type":"BreadcrumbList","@id":"https:\/\/repliquemangacine.fr\/epees-seigneur-des-anneaux\/dague-aragorn-poignard-elfique-elven-knife-d-aragorn\/#breadcrumb","itemListElement":[{"@type":"ListItem","position":1,"name":"Accueil","item":"https:\/\/repliquemangacine.fr\/"},{"@type":"ListItem","position":2,"name":"Produits","item":"https:\/\/repliquemangacine.fr\/boutique\/"},{"@type":"ListItem","position":3,"name":"Dague Aragorn Poignard Elfique"}]},{"@type":"WebSite","@id":"https:\/\/repliquemangacine.fr\/#website","url":"https:\/\/repliquemangacine.fr\/","name":"R\u00e9plique Manga Cin\u00e9","description":"","publisher":{"@id":"https:\/\/repliquemangacine.fr\/#organization"},"potentialAction":[{"@type":"SearchAction","target":{"@type":"EntryPoint","urlTemplate":"https:\/\/repliquemangacine.fr\/?s={search_term_string}"},"query-input":{"@type":"PropertyValueSpecification","valueRequired":true,"valueName":"search_term_string"}}],"inLanguage":"es"},{"@type":"Organization","@id":"https:\/\/repliquemangacine.fr\/#organization","name":"R\u00e9plique Manga Cin\u00e9","url":"https:\/\/repliquemangacine.fr\/","logo":{"@type":"ImageObject","inLanguage":"es","@id":"https:\/\/repliquemangacine.fr\/#\/schema\/logo\/image\/","url":"https:\/\/repliquemangacine.fr\/wp-content\/uploads\/2023\/10\/RMC-500250.png","contentUrl":"https:\/\/repliquemangacine.fr\/wp-content\/uploads\/2023\/10\/RMC-500250.png","width":500,"height":250,"caption":"R\u00e9plique Manga Cin\u00e9"},"image":{"@id":"https:\/\/repliquemangacine.fr\/#\/schema\/logo\/image\/"},"sameAs":["https:\/\/www.facebook.com\/RepliqueMangaCine","https:\/\/www.instagram.com\/repliquemangacine.fr\/"]}]}},"_links":{"self":[{"href":"https:\/\/repliquemangacine.fr\/es\/wp-json\/wp\/v2\/product\/25597","targetHints":{"allow":["GET"]}}],"collection":[{"href":"https:\/\/repliquemangacine.fr\/es\/wp-json\/wp\/v2\/product"}],"about":[{"href":"https:\/\/repliquemangacine.fr\/es\/wp-json\/wp\/v2\/types\/product"}],"wp:featuredmedia":[{"embeddable":true,"href":"https:\/\/repliquemangacine.fr\/es\/wp-json\/wp\/v2\/media\/25598"}],"wp:attachment":[{"href":"https:\/\/repliquemangacine.fr\/es\/wp-json\/wp\/v2\/media?parent=25597"}],"wp:term":[{"taxonomy":"product_brand","embeddable":true,"href":"https:\/\/repliquemangacine.fr\/es\/wp-json\/wp\/v2\/product_brand?post=25597"},{"taxonomy":"product_cat","embeddable":true,"href":"https:\/\/repliquemangacine.fr\/es\/wp-json\/wp\/v2\/product_cat?post=25597"},{"taxonomy":"product_tag","embeddable":true,"href":"https:\/\/repliquemangacine.fr\/es\/wp-json\/wp\/v2\/product_tag?post=25597"}],"curies":[{"name":"wp","href":"https:\/\/api.w.org\/{rel}","templated":true}]}}