





{"id":25573,"date":"2016-09-21T11:31:31","date_gmt":"2016-09-21T09:31:31","guid":{"rendered":"https:\/\/repliquemangacine.fr\/?post_type=product&#038;p=25573"},"modified":"2026-04-02T22:51:37","modified_gmt":"2026-04-02T20:51:37","slug":"espada-theoden-espada-herugrim","status":"publish","type":"product","link":"https:\/\/repliquemangacine.fr\/es\/epees-seigneur-des-anneaux\/epee-de-theoden-epee-herugrim\/","title":{"rendered":"Espada de Theoden Herugrim"},"content":{"rendered":"<h2>Espada de Theoden Herugrim de El Se\u00f1or de los Anillos.<\/h2>\n<p>Para empezar, el<strong>Espada de Theoden Herugrim<\/strong> es la r\u00e9plica exacta de la trilog\u00eda El Se\u00f1or de los Anillos.<\/p>\n<p>Th\u00e9oden, rey de Rohan, debilitado por la muerte de su \u00fanico hijo Th\u00e9odred y por la brujer\u00eda de Saruman, ayudado por su consejero Gr\u00edma Lengua de Serpiente. Gandalf lo libera de estas influencias. Entonces lucha contra las fuerzas de Saruman para salvar su reino.<\/p>\n<p>Durante la batalla de los Campos de Pelennor, mata al jefe de los Haradrim y luego muere aplastado por su caballo Snawmana, derribado por el Rey Brujo de Angmar. Para proteger el cuerpo de su t\u00edo, \u00c9owyn logra la haza\u00f1a legendaria de destruir al Nazg\u00fbl con la ayuda de Meriadoc Brandebouc.<\/p>\n<h2>Tu Espada de Theoden Herugrim al mejor precio.<\/h2>\n<p>Le ofrecemos todas las r\u00e9plicas de El Se\u00f1or de los Anillos.<\/p>\n<p>Entra en el universo de <a href=\"https:\/\/www.tolkiendil.com\/tolkien\/biographie\" target=\"_blank\" rel=\"noopener noreferrer\">Tolkien<\/a> con sus l\u00edneas, en primer lugar,<\/p>\n<ul>\n<li>L'<a href=\"https:\/\/repliquemangacine.fr\/es\/el-senor-de-los-anillos\/narsil-epee-d-elendil\/\">Espada de Elendil Narsil<\/a>Se reforj\u00f3 tras romperse y recibi\u00f3 el nombre de Anduril.<\/li>\n<li>As\u00ed como el<a href=\"https:\/\/repliquemangacine.fr\/es\/espadas-del-senor-de-los-anillos\/espada-de-boromir\/\">La espada de Boromir<\/a> sobrio y elegante.<\/li>\n<li>Tambi\u00e9n est\u00e1 el magn\u00edfico <a href=\"https:\/\/repliquemangacine.fr\/es\/espadas-del-senor-de-los-anillos\/dague-aragorn-poignard-elfique-cuchillo-elfo-daragorn\/\">La daga \u00e9lfica de Aragorn<\/a> con su magn\u00edfico soporte de presentaci\u00f3n.<\/li>\n<li>Y mucho m\u00e1s por descubrir en nuestra tienda en l\u00ednea.<\/li>\n<\/ul>\n<p>He aqu\u00ed una estupenda idea de regalo para los fans de la trilog\u00eda de El Se\u00f1or de los Anillos.<\/p>\n<p>Para concluir, tambi\u00e9n puede utilizarlo el\u2019<strong>Espada de Theoden Herugrim<\/strong> en tus retos de Cosplays en las convenciones. Pero sobre todo, es una pieza de coleccionista y decoraci\u00f3n.<\/p>\n<h2>\u00bfC\u00f3mo se mantiene la hoja de la espada de El Se\u00f1or de los Anillos?<\/h2>\n<p>Las espadas de colecci\u00f3n y decorativas se fabrican y ensamblan de forma simplificada. Como su uso es decorativo, no cuentan con los elementos de seguridad necesarios para una espada japonesa destinada al entrenamiento.<\/p>\n<p>Sin embargo, su <strong>Espada de Theoden Herugrim<\/strong> a una hoja de acero que hay que cuidar para evitar que se estropee con el tiempo. Cuando exponga su katana, sus amigos sentir\u00e1n curiosidad por ver la hoja y tocarla. Aqu\u00ed es donde hay que tener cuidado, ya que la acidez de los dedos es muy perjudicial para el acero, sea cual sea su calidad.<\/p>\n<p>Sin embargo, si esto ocurre, no te asustes, todo lo que necesitas es un pa\u00f1o humedecido con un poco de aceite y limpiar las huellas dactilares. Si haces esto, tu espada durar\u00e1 mucho tiempo.<\/p>","protected":false},"excerpt":{"rendered":"<p>Herugrim es el nombre de la espada utilizada por Theoden, rey de Rohan, en la trilog\u00eda de El Se\u00f1or de los Anillos.<\/p>\n<ul>\n<li>Hoja de acero con ranura.<\/li>\n<li>Un guardia con la forma simb\u00f3lica de Rohan.<\/li>\n<li>Mango de imitaci\u00f3n de madera.<\/li>\n<li>Soporte de pared con el s\u00edmbolo de Rohan.<\/li>\n<li>Longitud de la hoja: 75 cm - Longitud total: 98 cm<\/li>\n<\/ul>","protected":false},"featured_media":25574,"template":"","meta":[],"product_brand":[896],"product_cat":[68,24,29],"product_tag":[],"class_list":{"0":"post-25573","1":"product","2":"type-product","3":"status-publish","4":"has-post-thumbnail","6":"product_brand-replique-manga-cine","7":"product_cat-epees-seigneur-des-anneaux","8":"product_cat-films-series-tv-vente-de-katana-epee-et-produits-derives","9":"product_cat-le-seigneur-des-anneaux","11":"first","12":"instock","13":"taxable","14":"shipping-taxable","15":"purchasable","16":"product-type-simple"},"yoast_head":"<!-- This site is optimized with the Yoast SEO plugin v27.4 - https:\/\/yoast.com\/product\/yoast-seo-wordpress\/ -->\n<title>Ep\u00e9e de Th\u00e9oden Herugrim - Ep\u00e9es Seigneur des Anneaux | RMC<\/title>\n<meta name=\"description\" content=\"Superbe r\u00e9plique de l&#039;Ep\u00e9e de Th\u00e9oden Herugrim dans le Seigneur des Anneaux pas cher. Lame acier 440 - Garde m\u00e9tal - Longueur : 98 cm - Envoi 24\/48h\" \/>\n<meta name=\"robots\" content=\"index, follow, max-snippet:-1, max-image-preview:large, max-video-preview:-1\" \/>\n<link rel=\"canonical\" href=\"https:\/\/repliquemangacine.fr\/es\/espadas-del-senor-de-los-anillos\/espada-theoden-espada-herugrim\/\" \/>\n<meta property=\"og:locale\" content=\"es_ES\" \/>\n<meta property=\"og:type\" content=\"article\" \/>\n<meta property=\"og:title\" content=\"Ep\u00e9e de Th\u00e9oden Herugrim - Ep\u00e9es Seigneur des Anneaux | RMC\" \/>\n<meta property=\"og:description\" content=\"Superbe r\u00e9plique de l&#039;Ep\u00e9e de Th\u00e9oden Herugrim dans le Seigneur des Anneaux pas cher. Lame acier 440 - Garde m\u00e9tal - Longueur : 98 cm - Envoi 24\/48h\" \/>\n<meta property=\"og:url\" content=\"https:\/\/repliquemangacine.fr\/es\/espadas-del-senor-de-los-anillos\/espada-theoden-espada-herugrim\/\" \/>\n<meta property=\"og:site_name\" content=\"R\u00e9plique Manga Cin\u00e9\" \/>\n<meta property=\"article:publisher\" content=\"https:\/\/www.facebook.com\/RepliqueMangaCine\" \/>\n<meta property=\"article:modified_time\" content=\"2026-04-02T20:51:37+00:00\" \/>\n<meta property=\"og:image\" content=\"https:\/\/repliquemangacine.fr\/wp-content\/uploads\/2023\/10\/epee-theoden.jpg\" \/>\n\t<meta property=\"og:image:width\" content=\"500\" \/>\n\t<meta property=\"og:image:height\" content=\"500\" \/>\n\t<meta property=\"og:image:type\" content=\"image\/jpeg\" \/>\n<meta name=\"twitter:card\" content=\"summary_large_image\" \/>\n<meta name=\"twitter:label1\" content=\"Tiempo de lectura\" \/>\n\t<meta name=\"twitter:data1\" content=\"3 minutos\" \/>\n<script type=\"application\/ld+json\" class=\"yoast-schema-graph\">{\"@context\":\"https:\\\/\\\/schema.org\",\"@graph\":[{\"@type\":\"WebPage\",\"@id\":\"https:\\\/\\\/repliquemangacine.fr\\\/epees-seigneur-des-anneaux\\\/epee-de-theoden-epee-herugrim\\\/\",\"url\":\"https:\\\/\\\/repliquemangacine.fr\\\/epees-seigneur-des-anneaux\\\/epee-de-theoden-epee-herugrim\\\/\",\"name\":\"Ep\u00e9e de Th\u00e9oden Herugrim - Ep\u00e9es Seigneur des Anneaux | RMC\",\"isPartOf\":{\"@id\":\"https:\\\/\\\/repliquemangacine.fr\\\/#website\"},\"primaryImageOfPage\":{\"@id\":\"https:\\\/\\\/repliquemangacine.fr\\\/epees-seigneur-des-anneaux\\\/epee-de-theoden-epee-herugrim\\\/#primaryimage\"},\"image\":{\"@id\":\"https:\\\/\\\/repliquemangacine.fr\\\/epees-seigneur-des-anneaux\\\/epee-de-theoden-epee-herugrim\\\/#primaryimage\"},\"thumbnailUrl\":\"https:\\\/\\\/repliquemangacine.fr\\\/wp-content\\\/uploads\\\/2023\\\/10\\\/epee-theoden.jpg\",\"datePublished\":\"2016-09-21T09:31:31+00:00\",\"dateModified\":\"2026-04-02T20:51:37+00:00\",\"description\":\"Superbe r\u00e9plique de l'Ep\u00e9e de Th\u00e9oden Herugrim dans le Seigneur des Anneaux pas cher. Lame acier 440 - Garde m\u00e9tal - Longueur : 98 cm - Envoi 24\\\/48h\",\"breadcrumb\":{\"@id\":\"https:\\\/\\\/repliquemangacine.fr\\\/epees-seigneur-des-anneaux\\\/epee-de-theoden-epee-herugrim\\\/#breadcrumb\"},\"inLanguage\":\"es\",\"potentialAction\":[{\"@type\":\"ReadAction\",\"target\":[\"https:\\\/\\\/repliquemangacine.fr\\\/epees-seigneur-des-anneaux\\\/epee-de-theoden-epee-herugrim\\\/\"]}]},{\"@type\":\"ImageObject\",\"inLanguage\":\"es\",\"@id\":\"https:\\\/\\\/repliquemangacine.fr\\\/epees-seigneur-des-anneaux\\\/epee-de-theoden-epee-herugrim\\\/#primaryimage\",\"url\":\"https:\\\/\\\/repliquemangacine.fr\\\/wp-content\\\/uploads\\\/2023\\\/10\\\/epee-theoden.jpg\",\"contentUrl\":\"https:\\\/\\\/repliquemangacine.fr\\\/wp-content\\\/uploads\\\/2023\\\/10\\\/epee-theoden.jpg\",\"width\":500,\"height\":500,\"caption\":\"Ep\u00e9e de Th\u00e9oden Herugrim\"},{\"@type\":\"BreadcrumbList\",\"@id\":\"https:\\\/\\\/repliquemangacine.fr\\\/epees-seigneur-des-anneaux\\\/epee-de-theoden-epee-herugrim\\\/#breadcrumb\",\"itemListElement\":[{\"@type\":\"ListItem\",\"position\":1,\"name\":\"Accueil\",\"item\":\"https:\\\/\\\/repliquemangacine.fr\\\/\"},{\"@type\":\"ListItem\",\"position\":2,\"name\":\"Produits\",\"item\":\"https:\\\/\\\/repliquemangacine.fr\\\/boutique\\\/\"},{\"@type\":\"ListItem\",\"position\":3,\"name\":\"Ep\u00e9e de Th\u00e9oden Herugrim\"}]},{\"@type\":\"WebSite\",\"@id\":\"https:\\\/\\\/repliquemangacine.fr\\\/#website\",\"url\":\"https:\\\/\\\/repliquemangacine.fr\\\/\",\"name\":\"R\u00e9plique Manga Cin\u00e9\",\"description\":\"\",\"publisher\":{\"@id\":\"https:\\\/\\\/repliquemangacine.fr\\\/#organization\"},\"potentialAction\":[{\"@type\":\"SearchAction\",\"target\":{\"@type\":\"EntryPoint\",\"urlTemplate\":\"https:\\\/\\\/repliquemangacine.fr\\\/?s={search_term_string}\"},\"query-input\":{\"@type\":\"PropertyValueSpecification\",\"valueRequired\":true,\"valueName\":\"search_term_string\"}}],\"inLanguage\":\"es\"},{\"@type\":\"Organization\",\"@id\":\"https:\\\/\\\/repliquemangacine.fr\\\/#organization\",\"name\":\"R\u00e9plique Manga Cin\u00e9\",\"url\":\"https:\\\/\\\/repliquemangacine.fr\\\/\",\"logo\":{\"@type\":\"ImageObject\",\"inLanguage\":\"es\",\"@id\":\"https:\\\/\\\/repliquemangacine.fr\\\/#\\\/schema\\\/logo\\\/image\\\/\",\"url\":\"https:\\\/\\\/repliquemangacine.fr\\\/wp-content\\\/uploads\\\/2023\\\/10\\\/RMC-500250.png\",\"contentUrl\":\"https:\\\/\\\/repliquemangacine.fr\\\/wp-content\\\/uploads\\\/2023\\\/10\\\/RMC-500250.png\",\"width\":500,\"height\":250,\"caption\":\"R\u00e9plique Manga Cin\u00e9\"},\"image\":{\"@id\":\"https:\\\/\\\/repliquemangacine.fr\\\/#\\\/schema\\\/logo\\\/image\\\/\"},\"sameAs\":[\"https:\\\/\\\/www.facebook.com\\\/RepliqueMangaCine\",\"https:\\\/\\\/www.instagram.com\\\/repliquemangacine.fr\\\/\"]}]}<\/script>\n<!-- \/ Yoast SEO plugin. -->","yoast_head_json":{"title":"Espada de Theoden Herugrim - Espadas de El Se\u00f1or de los Anillos | RMC","description":"Magn\u00edfica r\u00e9plica de la Espada de Theoden Herugrim en El Se\u00f1or de los Anillos. Hoja de acero 440 - Guarda de metal - Longitud : 98 cm - Env\u00edo 24\/48h","robots":{"index":"index","follow":"follow","max-snippet":"max-snippet:-1","max-image-preview":"max-image-preview:large","max-video-preview":"max-video-preview:-1"},"canonical":"https:\/\/repliquemangacine.fr\/es\/espadas-del-senor-de-los-anillos\/espada-theoden-espada-herugrim\/","og_locale":"es_ES","og_type":"article","og_title":"Ep\u00e9e de Th\u00e9oden Herugrim - Ep\u00e9es Seigneur des Anneaux | RMC","og_description":"Superbe r\u00e9plique de l'Ep\u00e9e de Th\u00e9oden Herugrim dans le Seigneur des Anneaux pas cher. Lame acier 440 - Garde m\u00e9tal - Longueur : 98 cm - Envoi 24\/48h","og_url":"https:\/\/repliquemangacine.fr\/es\/espadas-del-senor-de-los-anillos\/espada-theoden-espada-herugrim\/","og_site_name":"R\u00e9plique Manga Cin\u00e9","article_publisher":"https:\/\/www.facebook.com\/RepliqueMangaCine","article_modified_time":"2026-04-02T20:51:37+00:00","og_image":[{"width":500,"height":500,"url":"https:\/\/repliquemangacine.fr\/wp-content\/uploads\/2023\/10\/epee-theoden.jpg","type":"image\/jpeg"}],"twitter_card":"summary_large_image","twitter_misc":{"Tiempo de lectura":"3 minutos"},"schema":{"@context":"https:\/\/schema.org","@graph":[{"@type":"WebPage","@id":"https:\/\/repliquemangacine.fr\/epees-seigneur-des-anneaux\/epee-de-theoden-epee-herugrim\/","url":"https:\/\/repliquemangacine.fr\/epees-seigneur-des-anneaux\/epee-de-theoden-epee-herugrim\/","name":"Espada de Theoden Herugrim - Espadas de El Se\u00f1or de los Anillos | RMC","isPartOf":{"@id":"https:\/\/repliquemangacine.fr\/#website"},"primaryImageOfPage":{"@id":"https:\/\/repliquemangacine.fr\/epees-seigneur-des-anneaux\/epee-de-theoden-epee-herugrim\/#primaryimage"},"image":{"@id":"https:\/\/repliquemangacine.fr\/epees-seigneur-des-anneaux\/epee-de-theoden-epee-herugrim\/#primaryimage"},"thumbnailUrl":"https:\/\/repliquemangacine.fr\/wp-content\/uploads\/2023\/10\/epee-theoden.jpg","datePublished":"2016-09-21T09:31:31+00:00","dateModified":"2026-04-02T20:51:37+00:00","description":"Magn\u00edfica r\u00e9plica de la Espada de Theoden Herugrim en El Se\u00f1or de los Anillos. Hoja de acero 440 - Guarda de metal - Longitud : 98 cm - Env\u00edo 24\/48h","breadcrumb":{"@id":"https:\/\/repliquemangacine.fr\/epees-seigneur-des-anneaux\/epee-de-theoden-epee-herugrim\/#breadcrumb"},"inLanguage":"es","potentialAction":[{"@type":"ReadAction","target":["https:\/\/repliquemangacine.fr\/epees-seigneur-des-anneaux\/epee-de-theoden-epee-herugrim\/"]}]},{"@type":"ImageObject","inLanguage":"es","@id":"https:\/\/repliquemangacine.fr\/epees-seigneur-des-anneaux\/epee-de-theoden-epee-herugrim\/#primaryimage","url":"https:\/\/repliquemangacine.fr\/wp-content\/uploads\/2023\/10\/epee-theoden.jpg","contentUrl":"https:\/\/repliquemangacine.fr\/wp-content\/uploads\/2023\/10\/epee-theoden.jpg","width":500,"height":500,"caption":"Ep\u00e9e de Th\u00e9oden Herugrim"},{"@type":"BreadcrumbList","@id":"https:\/\/repliquemangacine.fr\/epees-seigneur-des-anneaux\/epee-de-theoden-epee-herugrim\/#breadcrumb","itemListElement":[{"@type":"ListItem","position":1,"name":"Accueil","item":"https:\/\/repliquemangacine.fr\/"},{"@type":"ListItem","position":2,"name":"Produits","item":"https:\/\/repliquemangacine.fr\/boutique\/"},{"@type":"ListItem","position":3,"name":"Ep\u00e9e de Th\u00e9oden Herugrim"}]},{"@type":"WebSite","@id":"https:\/\/repliquemangacine.fr\/#website","url":"https:\/\/repliquemangacine.fr\/","name":"R\u00e9plique Manga Cin\u00e9","description":"","publisher":{"@id":"https:\/\/repliquemangacine.fr\/#organization"},"potentialAction":[{"@type":"SearchAction","target":{"@type":"EntryPoint","urlTemplate":"https:\/\/repliquemangacine.fr\/?s={search_term_string}"},"query-input":{"@type":"PropertyValueSpecification","valueRequired":true,"valueName":"search_term_string"}}],"inLanguage":"es"},{"@type":"Organization","@id":"https:\/\/repliquemangacine.fr\/#organization","name":"R\u00e9plique Manga Cin\u00e9","url":"https:\/\/repliquemangacine.fr\/","logo":{"@type":"ImageObject","inLanguage":"es","@id":"https:\/\/repliquemangacine.fr\/#\/schema\/logo\/image\/","url":"https:\/\/repliquemangacine.fr\/wp-content\/uploads\/2023\/10\/RMC-500250.png","contentUrl":"https:\/\/repliquemangacine.fr\/wp-content\/uploads\/2023\/10\/RMC-500250.png","width":500,"height":250,"caption":"R\u00e9plique Manga Cin\u00e9"},"image":{"@id":"https:\/\/repliquemangacine.fr\/#\/schema\/logo\/image\/"},"sameAs":["https:\/\/www.facebook.com\/RepliqueMangaCine","https:\/\/www.instagram.com\/repliquemangacine.fr\/"]}]}},"_links":{"self":[{"href":"https:\/\/repliquemangacine.fr\/es\/wp-json\/wp\/v2\/product\/25573","targetHints":{"allow":["GET"]}}],"collection":[{"href":"https:\/\/repliquemangacine.fr\/es\/wp-json\/wp\/v2\/product"}],"about":[{"href":"https:\/\/repliquemangacine.fr\/es\/wp-json\/wp\/v2\/types\/product"}],"wp:featuredmedia":[{"embeddable":true,"href":"https:\/\/repliquemangacine.fr\/es\/wp-json\/wp\/v2\/media\/25574"}],"wp:attachment":[{"href":"https:\/\/repliquemangacine.fr\/es\/wp-json\/wp\/v2\/media?parent=25573"}],"wp:term":[{"taxonomy":"product_brand","embeddable":true,"href":"https:\/\/repliquemangacine.fr\/es\/wp-json\/wp\/v2\/product_brand?post=25573"},{"taxonomy":"product_cat","embeddable":true,"href":"https:\/\/repliquemangacine.fr\/es\/wp-json\/wp\/v2\/product_cat?post=25573"},{"taxonomy":"product_tag","embeddable":true,"href":"https:\/\/repliquemangacine.fr\/es\/wp-json\/wp\/v2\/product_tag?post=25573"}],"curies":[{"name":"wp","href":"https:\/\/api.w.org\/{rel}","templated":true}]}}