





{"id":25567,"date":"2016-09-13T19:21:50","date_gmt":"2016-09-13T17:21:50","guid":{"rendered":"https:\/\/repliquemangacine.fr\/?post_type=product&#038;p=25567"},"modified":"2026-05-04T07:20:37","modified_gmt":"2026-05-04T05:20:37","slug":"tauriel-daga-el-hobbit","status":"publish","type":"product","link":"https:\/\/repliquemangacine.fr\/es\/epees-the-hobbit\/dagues-tauriel-the-hobbit\/","title":{"rendered":"Daga Hobbit Tauriel"},"content":{"rendered":"<h2>Dagas de Tauriel en la trilog\u00eda de El Hobbit<\/h2>\n<p>Para empezar, el <strong>Dagas de Tauriel<\/strong>, Estas son las armas que utiliza con el arco. Tauriel es una h\u00e1bil arquera y tiradora, con reflejos y precisi\u00f3n \u00e9lficas. Puede manejar el arco y la daga simult\u00e1neamente en combate.<\/p>\n<p>Capitana de la Guardia \u00c9lfica de Thranduil, Tauriel es una profesional militar y dirige las fuerzas armadas del Reino Silvano. Sus padres murieron a manos de los orcos cuando era m\u00e1s joven, y se rumorea que Thranduil ha cuidado de ella desde entonces.<\/p>\n<p>Finalmente, en la Batalla de los Cinco Ej\u00e9rcitos, Tauriel abandona a Thranduil y acompa\u00f1a a Legolas y Bilbo a la Monta\u00f1a de los Cuervos para advertir a Thorin de un pr\u00f3ximo ataque de Bolg.<\/p>\n<h2>Tu Dagas Tauriel al mejor precio.<\/h2>\n<p>Ofrecemos una amplia selecci\u00f3n de espadas inspiradas en la trilog\u00eda de El Hobbit.<\/p>\n<p>Lo primero y m\u00e1s importante,<\/p>\n<ul>\n<li>L'<a href=\"https:\/\/repliquemangacine.fr\/es\/las-espadas-del-hobbit\/espada-orcrist-espada-thorin\/\">Espada Orcrist<\/a>el Goblin-cuchilla y apodado Mordeuse, que Thorin utiliza.<\/li>\n<li>Tambi\u00e9n existe la<a href=\"https:\/\/repliquemangacine.fr\/es\/espadas-del-senor-de-los-anillos\/senor-de-los-anillos-glamdring-gandalf-espada\/\">La espada de Gandalf<\/a> tambi\u00e9n en El Se\u00f1or de los Anillos.<\/li>\n<li>En la categor\u00eda de joyer\u00eda, <a href=\"https:\/\/noblecollection.fr\/bijoux-officiels-des-films-bilbon-hobbit-c-129_41_42.html\" target=\"_blank\" rel=\"noopener noreferrer\">La colecci\u00f3n noble<\/a> ofrece una amplia gama de objetos de colecci\u00f3n, disponibles previa solicitud.<\/li>\n<\/ul>\n<p>Aqu\u00ed tienes algunas ideas para regalar a los fans de la trilog\u00eda de El Hobbit.<\/p>\n<p>En conclusi\u00f3n, tambi\u00e9n puede utilizar su <strong>Dagas de Tauriel<\/strong> para tus desfiles de cosplay o veladas tem\u00e1ticas. Pero, sobre todo, estas Dagas son tambi\u00e9n objetos de colecci\u00f3n y decoraci\u00f3n.<\/p>\n<h2>\u00bfC\u00f3mo mantengo la hoja de mi espada de El Hobbit?<\/h2>\n<p>Las espadas de colecci\u00f3n y decorativas se fabrican y ensamblan de forma simplificada. Como su uso es decorativo, no cuentan con los elementos de seguridad necesarios para una espada japonesa destinada al entrenamiento.<\/p>\n<p>Sin embargo, su <strong>Dagas de Tauriel<\/strong> tienen una hoja de acero que hay que mantener para evitar que se da\u00f1e con el tiempo. Cuando exponga su katana, sus amigos sentir\u00e1n curiosidad por ver la hoja y tocarla. Aqu\u00ed es donde hay que tener cuidado, ya que la acidez de los dedos es muy perjudicial para el acero, sea cual sea su calidad.<\/p>\n<p>Sin embargo, si esto ocurre, no te asustes, todo lo que necesitas es un pa\u00f1o humedecido con un poco de aceite y limpiar las huellas dactilares. Si haces esto, tu espada durar\u00e1 mucho tiempo.<\/p>","protected":false},"excerpt":{"rendered":"<p>S\u00e9 tan combativa como la elfa Tauriel con este set r\u00e9plica de dos dagas.<\/p>\n<ul>\n<li>Cuchillas de acero no cortantes con friso de resina en la parte superior.<\/li>\n<li>Asa de ABS.<\/li>\n<li>Soporte de pared.<\/li>\n<li>Longitud de cada hoja: 39 cm - Longitud total de cada daga: 49 cm<\/li>\n<\/ul>\n<p>&nbsp;<\/p>","protected":false},"featured_media":25568,"template":"","meta":[],"product_brand":[896],"product_cat":[69,35],"product_tag":[],"class_list":{"0":"post-25567","1":"product","2":"type-product","3":"status-publish","4":"has-post-thumbnail","6":"product_brand-replique-manga-cine","7":"product_cat-epees-the-hobbit","8":"product_cat-epee-et-bijoux-the-hobbit","10":"first","11":"outofstock","12":"taxable","13":"shipping-taxable","14":"purchasable","15":"product-type-simple"},"yoast_head":"<!-- This site is optimized with the Yoast SEO plugin v27.6 - https:\/\/yoast.com\/product\/yoast-seo-wordpress\/ -->\n<title>Dagues de Tauriel - Ep\u00e9e The Hobbit - Boutique en ligne | RMC<\/title>\n<meta name=\"description\" content=\"Offrez-lui les deux Dagues de Tauriel dans The Hobbit au meilleur prix. Lames acier - Frise en r\u00e9sine sur le dessus - Longueur : 49 cm chacune - Support\" \/>\n<meta name=\"robots\" content=\"index, follow, max-snippet:-1, max-image-preview:large, max-video-preview:-1\" \/>\n<link rel=\"canonical\" href=\"https:\/\/repliquemangacine.fr\/es\/las-espadas-del-hobbit\/tauriel-daga-el-hobbit\/\" \/>\n<meta property=\"og:locale\" content=\"es_ES\" \/>\n<meta property=\"og:type\" content=\"article\" \/>\n<meta property=\"og:title\" content=\"Dagues de Tauriel - Ep\u00e9e The Hobbit - Boutique en ligne | RMC\" \/>\n<meta property=\"og:description\" content=\"Offrez-lui les deux Dagues de Tauriel dans The Hobbit au meilleur prix. Lames acier - Frise en r\u00e9sine sur le dessus - Longueur : 49 cm chacune - Support\" \/>\n<meta property=\"og:url\" content=\"https:\/\/repliquemangacine.fr\/es\/las-espadas-del-hobbit\/tauriel-daga-el-hobbit\/\" \/>\n<meta property=\"og:site_name\" content=\"R\u00e9plique Manga Cin\u00e9\" \/>\n<meta property=\"article:publisher\" content=\"https:\/\/www.facebook.com\/RepliqueMangaCine\" \/>\n<meta property=\"article:modified_time\" content=\"2026-05-04T05:20:37+00:00\" \/>\n<meta property=\"og:image\" content=\"https:\/\/repliquemangacine.fr\/wp-content\/uploads\/2023\/10\/341-Les-Dagues-de-Tauriel-The-Hobbit.jpg\" \/>\n\t<meta property=\"og:image:width\" content=\"800\" \/>\n\t<meta property=\"og:image:height\" content=\"800\" \/>\n\t<meta property=\"og:image:type\" content=\"image\/jpeg\" \/>\n<meta name=\"twitter:card\" content=\"summary_large_image\" \/>\n<meta name=\"twitter:label1\" content=\"Tiempo de lectura\" \/>\n\t<meta name=\"twitter:data1\" content=\"2 minutos\" \/>\n<script type=\"application\/ld+json\" class=\"yoast-schema-graph\">{\"@context\":\"https:\\\/\\\/schema.org\",\"@graph\":[{\"@type\":\"WebPage\",\"@id\":\"https:\\\/\\\/repliquemangacine.fr\\\/epees-the-hobbit\\\/dagues-tauriel-the-hobbit\\\/\",\"url\":\"https:\\\/\\\/repliquemangacine.fr\\\/epees-the-hobbit\\\/dagues-tauriel-the-hobbit\\\/\",\"name\":\"Dagues de Tauriel - Ep\u00e9e The Hobbit - Boutique en ligne | RMC\",\"isPartOf\":{\"@id\":\"https:\\\/\\\/repliquemangacine.fr\\\/#website\"},\"primaryImageOfPage\":{\"@id\":\"https:\\\/\\\/repliquemangacine.fr\\\/epees-the-hobbit\\\/dagues-tauriel-the-hobbit\\\/#primaryimage\"},\"image\":{\"@id\":\"https:\\\/\\\/repliquemangacine.fr\\\/epees-the-hobbit\\\/dagues-tauriel-the-hobbit\\\/#primaryimage\"},\"thumbnailUrl\":\"https:\\\/\\\/repliquemangacine.fr\\\/wp-content\\\/uploads\\\/2023\\\/10\\\/341-Les-Dagues-de-Tauriel-The-Hobbit.jpg\",\"datePublished\":\"2016-09-13T17:21:50+00:00\",\"dateModified\":\"2026-05-04T05:20:37+00:00\",\"description\":\"Offrez-lui les deux Dagues de Tauriel dans The Hobbit au meilleur prix. Lames acier - Frise en r\u00e9sine sur le dessus - Longueur : 49 cm chacune - Support\",\"breadcrumb\":{\"@id\":\"https:\\\/\\\/repliquemangacine.fr\\\/epees-the-hobbit\\\/dagues-tauriel-the-hobbit\\\/#breadcrumb\"},\"inLanguage\":\"es\",\"potentialAction\":[{\"@type\":\"ReadAction\",\"target\":[\"https:\\\/\\\/repliquemangacine.fr\\\/epees-the-hobbit\\\/dagues-tauriel-the-hobbit\\\/\"]}]},{\"@type\":\"ImageObject\",\"inLanguage\":\"es\",\"@id\":\"https:\\\/\\\/repliquemangacine.fr\\\/epees-the-hobbit\\\/dagues-tauriel-the-hobbit\\\/#primaryimage\",\"url\":\"https:\\\/\\\/repliquemangacine.fr\\\/wp-content\\\/uploads\\\/2023\\\/10\\\/341-Les-Dagues-de-Tauriel-The-Hobbit.jpg\",\"contentUrl\":\"https:\\\/\\\/repliquemangacine.fr\\\/wp-content\\\/uploads\\\/2023\\\/10\\\/341-Les-Dagues-de-Tauriel-The-Hobbit.jpg\",\"width\":800,\"height\":800,\"caption\":\"Les Dagues de Tauriel - The Hobbit\"},{\"@type\":\"BreadcrumbList\",\"@id\":\"https:\\\/\\\/repliquemangacine.fr\\\/epees-the-hobbit\\\/dagues-tauriel-the-hobbit\\\/#breadcrumb\",\"itemListElement\":[{\"@type\":\"ListItem\",\"position\":1,\"name\":\"Accueil\",\"item\":\"https:\\\/\\\/repliquemangacine.fr\\\/\"},{\"@type\":\"ListItem\",\"position\":2,\"name\":\"Produits\",\"item\":\"https:\\\/\\\/repliquemangacine.fr\\\/boutique\\\/\"},{\"@type\":\"ListItem\",\"position\":3,\"name\":\"Dague Tauriel Hobbit\"}]},{\"@type\":\"WebSite\",\"@id\":\"https:\\\/\\\/repliquemangacine.fr\\\/#website\",\"url\":\"https:\\\/\\\/repliquemangacine.fr\\\/\",\"name\":\"R\u00e9plique Manga Cin\u00e9\",\"description\":\"\",\"publisher\":{\"@id\":\"https:\\\/\\\/repliquemangacine.fr\\\/#organization\"},\"potentialAction\":[{\"@type\":\"SearchAction\",\"target\":{\"@type\":\"EntryPoint\",\"urlTemplate\":\"https:\\\/\\\/repliquemangacine.fr\\\/?s={search_term_string}\"},\"query-input\":{\"@type\":\"PropertyValueSpecification\",\"valueRequired\":true,\"valueName\":\"search_term_string\"}}],\"inLanguage\":\"es\"},{\"@type\":\"Organization\",\"@id\":\"https:\\\/\\\/repliquemangacine.fr\\\/#organization\",\"name\":\"R\u00e9plique Manga Cin\u00e9\",\"url\":\"https:\\\/\\\/repliquemangacine.fr\\\/\",\"logo\":{\"@type\":\"ImageObject\",\"inLanguage\":\"es\",\"@id\":\"https:\\\/\\\/repliquemangacine.fr\\\/#\\\/schema\\\/logo\\\/image\\\/\",\"url\":\"https:\\\/\\\/repliquemangacine.fr\\\/wp-content\\\/uploads\\\/2023\\\/10\\\/RMC-500250.png\",\"contentUrl\":\"https:\\\/\\\/repliquemangacine.fr\\\/wp-content\\\/uploads\\\/2023\\\/10\\\/RMC-500250.png\",\"width\":500,\"height\":250,\"caption\":\"R\u00e9plique Manga Cin\u00e9\"},\"image\":{\"@id\":\"https:\\\/\\\/repliquemangacine.fr\\\/#\\\/schema\\\/logo\\\/image\\\/\"},\"sameAs\":[\"https:\\\/\\\/www.facebook.com\\\/RepliqueMangaCine\",\"https:\\\/\\\/www.instagram.com\\\/repliquemangacine.fr\\\/\"]}]}<\/script>\n<!-- \/ Yoast SEO plugin. -->","yoast_head_json":{"title":"Dagas de Tauriel - Espada El Hobbit - Boutique en ligne | RMC","description":"Ofr\u00e9cele las dos Dagas de Tauriel en El Hobbit al mejor precio. Hojas de acero - Friso de resina en la parte superior - Longitud: 49 cm cada una - Soporte","robots":{"index":"index","follow":"follow","max-snippet":"max-snippet:-1","max-image-preview":"max-image-preview:large","max-video-preview":"max-video-preview:-1"},"canonical":"https:\/\/repliquemangacine.fr\/es\/las-espadas-del-hobbit\/tauriel-daga-el-hobbit\/","og_locale":"es_ES","og_type":"article","og_title":"Dagues de Tauriel - Ep\u00e9e The Hobbit - Boutique en ligne | RMC","og_description":"Offrez-lui les deux Dagues de Tauriel dans The Hobbit au meilleur prix. Lames acier - Frise en r\u00e9sine sur le dessus - Longueur : 49 cm chacune - Support","og_url":"https:\/\/repliquemangacine.fr\/es\/las-espadas-del-hobbit\/tauriel-daga-el-hobbit\/","og_site_name":"R\u00e9plique Manga Cin\u00e9","article_publisher":"https:\/\/www.facebook.com\/RepliqueMangaCine","article_modified_time":"2026-05-04T05:20:37+00:00","og_image":[{"width":800,"height":800,"url":"https:\/\/repliquemangacine.fr\/wp-content\/uploads\/2023\/10\/341-Les-Dagues-de-Tauriel-The-Hobbit.jpg","type":"image\/jpeg"}],"twitter_card":"summary_large_image","twitter_misc":{"Tiempo de lectura":"2 minutos"},"schema":{"@context":"https:\/\/schema.org","@graph":[{"@type":"WebPage","@id":"https:\/\/repliquemangacine.fr\/epees-the-hobbit\/dagues-tauriel-the-hobbit\/","url":"https:\/\/repliquemangacine.fr\/epees-the-hobbit\/dagues-tauriel-the-hobbit\/","name":"Dagas de Tauriel - Espada El Hobbit - Boutique en ligne | RMC","isPartOf":{"@id":"https:\/\/repliquemangacine.fr\/#website"},"primaryImageOfPage":{"@id":"https:\/\/repliquemangacine.fr\/epees-the-hobbit\/dagues-tauriel-the-hobbit\/#primaryimage"},"image":{"@id":"https:\/\/repliquemangacine.fr\/epees-the-hobbit\/dagues-tauriel-the-hobbit\/#primaryimage"},"thumbnailUrl":"https:\/\/repliquemangacine.fr\/wp-content\/uploads\/2023\/10\/341-Les-Dagues-de-Tauriel-The-Hobbit.jpg","datePublished":"2016-09-13T17:21:50+00:00","dateModified":"2026-05-04T05:20:37+00:00","description":"Ofr\u00e9cele las dos Dagas de Tauriel en El Hobbit al mejor precio. Hojas de acero - Friso de resina en la parte superior - Longitud: 49 cm cada una - Soporte","breadcrumb":{"@id":"https:\/\/repliquemangacine.fr\/epees-the-hobbit\/dagues-tauriel-the-hobbit\/#breadcrumb"},"inLanguage":"es","potentialAction":[{"@type":"ReadAction","target":["https:\/\/repliquemangacine.fr\/epees-the-hobbit\/dagues-tauriel-the-hobbit\/"]}]},{"@type":"ImageObject","inLanguage":"es","@id":"https:\/\/repliquemangacine.fr\/epees-the-hobbit\/dagues-tauriel-the-hobbit\/#primaryimage","url":"https:\/\/repliquemangacine.fr\/wp-content\/uploads\/2023\/10\/341-Les-Dagues-de-Tauriel-The-Hobbit.jpg","contentUrl":"https:\/\/repliquemangacine.fr\/wp-content\/uploads\/2023\/10\/341-Les-Dagues-de-Tauriel-The-Hobbit.jpg","width":800,"height":800,"caption":"Les Dagues de Tauriel - The Hobbit"},{"@type":"BreadcrumbList","@id":"https:\/\/repliquemangacine.fr\/epees-the-hobbit\/dagues-tauriel-the-hobbit\/#breadcrumb","itemListElement":[{"@type":"ListItem","position":1,"name":"Accueil","item":"https:\/\/repliquemangacine.fr\/"},{"@type":"ListItem","position":2,"name":"Produits","item":"https:\/\/repliquemangacine.fr\/boutique\/"},{"@type":"ListItem","position":3,"name":"Dague Tauriel Hobbit"}]},{"@type":"WebSite","@id":"https:\/\/repliquemangacine.fr\/#website","url":"https:\/\/repliquemangacine.fr\/","name":"R\u00e9plique Manga Cin\u00e9","description":"","publisher":{"@id":"https:\/\/repliquemangacine.fr\/#organization"},"potentialAction":[{"@type":"SearchAction","target":{"@type":"EntryPoint","urlTemplate":"https:\/\/repliquemangacine.fr\/?s={search_term_string}"},"query-input":{"@type":"PropertyValueSpecification","valueRequired":true,"valueName":"search_term_string"}}],"inLanguage":"es"},{"@type":"Organization","@id":"https:\/\/repliquemangacine.fr\/#organization","name":"R\u00e9plique Manga Cin\u00e9","url":"https:\/\/repliquemangacine.fr\/","logo":{"@type":"ImageObject","inLanguage":"es","@id":"https:\/\/repliquemangacine.fr\/#\/schema\/logo\/image\/","url":"https:\/\/repliquemangacine.fr\/wp-content\/uploads\/2023\/10\/RMC-500250.png","contentUrl":"https:\/\/repliquemangacine.fr\/wp-content\/uploads\/2023\/10\/RMC-500250.png","width":500,"height":250,"caption":"R\u00e9plique Manga Cin\u00e9"},"image":{"@id":"https:\/\/repliquemangacine.fr\/#\/schema\/logo\/image\/"},"sameAs":["https:\/\/www.facebook.com\/RepliqueMangaCine","https:\/\/www.instagram.com\/repliquemangacine.fr\/"]}]}},"_links":{"self":[{"href":"https:\/\/repliquemangacine.fr\/es\/wp-json\/wp\/v2\/product\/25567","targetHints":{"allow":["GET"]}}],"collection":[{"href":"https:\/\/repliquemangacine.fr\/es\/wp-json\/wp\/v2\/product"}],"about":[{"href":"https:\/\/repliquemangacine.fr\/es\/wp-json\/wp\/v2\/types\/product"}],"wp:featuredmedia":[{"embeddable":true,"href":"https:\/\/repliquemangacine.fr\/es\/wp-json\/wp\/v2\/media\/25568"}],"wp:attachment":[{"href":"https:\/\/repliquemangacine.fr\/es\/wp-json\/wp\/v2\/media?parent=25567"}],"wp:term":[{"taxonomy":"product_brand","embeddable":true,"href":"https:\/\/repliquemangacine.fr\/es\/wp-json\/wp\/v2\/product_brand?post=25567"},{"taxonomy":"product_cat","embeddable":true,"href":"https:\/\/repliquemangacine.fr\/es\/wp-json\/wp\/v2\/product_cat?post=25567"},{"taxonomy":"product_tag","embeddable":true,"href":"https:\/\/repliquemangacine.fr\/es\/wp-json\/wp\/v2\/product_tag?post=25567"}],"curies":[{"name":"wp","href":"https:\/\/api.w.org\/{rel}","templated":true}]}}