





{"id":25559,"date":"2016-09-13T18:01:03","date_gmt":"2016-09-13T16:01:03","guid":{"rendered":"https:\/\/repliquemangacine.fr\/?post_type=product&#038;p=25559"},"modified":"2025-09-23T18:01:33","modified_gmt":"2025-09-23T16:01:33","slug":"espada-enana-de-thorin-el-hobbit","status":"publish","type":"product","link":"https:\/\/repliquemangacine.fr\/es\/epees-the-hobbit\/epee-naine-de-thorin-the-hobbit\/","title":{"rendered":"Espada Enano Thorin El Hobbit"},"content":{"rendered":"<h2>La espada enana de Thorin en El Hobbit<\/h2>\n<p>Para empezar, descubrimos la<strong>Espada enana de Thorin<\/strong>, en la primera pel\u00edcula: El Hobbit: Un viaje inesperado.<\/p>\n<p>Thorin, apodado \u00abEl Escudo de Roble\u00bb, es un personaje de la novela de Tolkien El Hobbit. Es un enano, heredero del Reino bajo la Monta\u00f1a del que el drag\u00f3n Smaug expuls\u00f3 a su familia.<br \/>\nEs el instigador de la expedici\u00f3n para recuperar el tesoro de sus padres, en la que el hobbit Bilbo se alista de mala gana.<\/p>\n<p>Durante su viaje, los enanos son encarcelados en las prisiones de los elfos. Thranduil, el rey de los elfos, ofrece a Thorin un trato. Sugiere ayudarles a llegar a la Monta\u00f1a Solitaria a cambio de las gemas blancas que el rey Thranduil codicia. Thorin se niega.<\/p>\n<h2>Tu Espada Enana de Thorin al mejor precio.<\/h2>\n<p>Aqu\u00ed tienes todas las frases de tus personajes favoritos de la trilog\u00eda de El Hobbit.<\/p>\n<p>En primer lugar, encontrar\u00e1 :<\/p>\n<ul>\n<li>El famoso <a href=\"https:\/\/repliquemangacine.fr\/es\/las-espadas-del-hobbit\/espada-orcrist-espada-thorin\/\">Espada Orcrist<\/a>La espada de Thorin, apodada Mordeuse.<\/li>\n<li>A continuaci\u00f3n, el <a href=\"https:\/\/repliquemangacine.fr\/es\/el-hobbit\/espada-thranduil-el-hobbit-espada-elfa\/\">Espada \u00e9lfica de Thranduil<\/a> rey de la selva negra.<\/li>\n<li>Tambi\u00e9n encontrar\u00e1 algunas joyas <a href=\"https:\/\/noblecollection.fr\/bijoux-officiels-des-films-bilbon-hobbit-c-129_41_42.html\" target=\"_blank\" rel=\"noopener noreferrer\">La Colecci\u00f3n Noble<\/a>.<\/li>\n<li>Y muchos m\u00e1s por descubrir en nuestra tienda en l\u00ednea.<\/li>\n<\/ul>\n<p>Aqu\u00ed tienes algunas ideas para regalar a los fans de la trilog\u00eda de El Hobbit.<\/p>\n<p>En conclusi\u00f3n, tambi\u00e9n puede utilizar este <strong>Espada enana de Thorin<\/strong> para tus desfiles de cosplay o veladas tem\u00e1ticas. Pero, sobre todo, esta espada es tambi\u00e9n una pieza de coleccionista y una pieza decorativa.<\/p>\n<h2>\u00bfC\u00f3mo mantengo la hoja de mi espada de El Hobbit?<\/h2>\n<p>Las espadas de colecci\u00f3n y decorativas se fabrican y ensamblan de forma simplificada. Como su uso es decorativo, no cuentan con los elementos de seguridad necesarios para una espada japonesa destinada al entrenamiento.<\/p>\n<p>Sin embargo, su <strong>Espada enana de Thorin<\/strong> a una hoja de acero que hay que cuidar para evitar que se estropee con el tiempo. Cuando exponga su katana, sus amigos sentir\u00e1n curiosidad por ver la hoja y tocarla. Aqu\u00ed es donde hay que tener cuidado, ya que la acidez de los dedos es muy perjudicial para el acero, sea cual sea su calidad.<\/p>\n<p>Sin embargo, si esto ocurre, no te asustes, todo lo que necesitas es un pa\u00f1o humedecido con un poco de aceite y limpiar las huellas dactilares. Si haces esto, tu espada durar\u00e1 mucho tiempo.<\/p>\n<p><strong>\u00a0<\/strong><\/p>\n<p><strong>\u00a0<\/strong><\/p>","protected":false},"excerpt":{"rendered":"<p>Emb\u00e1rcate en una expedici\u00f3n con esta r\u00e9plica de la espada enana de Thorin.<\/p>\n<ul>\n<li>Hoja de acero grabado.<\/li>\n<li>Empu\u00f1adura y pomo de metal, decorados con runas enanas.<\/li>\n<li>Expositor mural.<\/li>\n<li>Longitud de la hoja: 42 cm - Longitud total: 60 cm<\/li>\n<\/ul>","protected":false},"featured_media":25560,"template":"","meta":[],"product_brand":[896],"product_cat":[69,35],"product_tag":[],"class_list":{"0":"post-25559","1":"product","2":"type-product","3":"status-publish","4":"has-post-thumbnail","6":"product_brand-replique-manga-cine","7":"product_cat-epees-the-hobbit","8":"product_cat-epee-et-bijoux-the-hobbit","10":"first","11":"instock","12":"taxable","13":"shipping-taxable","14":"purchasable","15":"product-type-simple"},"yoast_head":"<!-- This site is optimized with the Yoast SEO plugin v27.4 - https:\/\/yoast.com\/product\/yoast-seo-wordpress\/ -->\n<title>Ep\u00e9e Naine de Thorin - Ep\u00e9e The Hobbit - R\u00e9plique Manga Cin\u00e9<\/title>\n<meta name=\"description\" content=\"Offrez-vous l&#039;Ep\u00e9e Naine de Thorin dans The Hobbit au meilleur prix. Lame en acier 440 - Poign\u00e9e m\u00e9tal - Support - Longueur totale : 60 cm - Envoi 24\/48h\" \/>\n<meta name=\"robots\" content=\"index, follow, max-snippet:-1, max-image-preview:large, max-video-preview:-1\" \/>\n<link rel=\"canonical\" href=\"https:\/\/repliquemangacine.fr\/es\/las-espadas-del-hobbit\/espada-enana-de-thorin-el-hobbit\/\" \/>\n<meta property=\"og:locale\" content=\"es_ES\" \/>\n<meta property=\"og:type\" content=\"article\" \/>\n<meta property=\"og:title\" content=\"Ep\u00e9e Naine de Thorin - Ep\u00e9e The Hobbit - R\u00e9plique Manga Cin\u00e9\" \/>\n<meta property=\"og:description\" content=\"Offrez-vous l&#039;Ep\u00e9e Naine de Thorin dans The Hobbit au meilleur prix. Lame en acier 440 - Poign\u00e9e m\u00e9tal - Support - Longueur totale : 60 cm - Envoi 24\/48h\" \/>\n<meta property=\"og:url\" content=\"https:\/\/repliquemangacine.fr\/es\/las-espadas-del-hobbit\/espada-enana-de-thorin-el-hobbit\/\" \/>\n<meta property=\"og:site_name\" content=\"R\u00e9plique Manga Cin\u00e9\" \/>\n<meta property=\"article:publisher\" content=\"https:\/\/www.facebook.com\/RepliqueMangaCine\" \/>\n<meta property=\"article:modified_time\" content=\"2025-09-23T16:01:33+00:00\" \/>\n<meta property=\"og:image\" content=\"https:\/\/repliquemangacine.fr\/wp-content\/uploads\/2023\/10\/334-Epee-Naine-de-Thorin-en-metal-The-Hobbit.jpg\" \/>\n\t<meta property=\"og:image:width\" content=\"800\" \/>\n\t<meta property=\"og:image:height\" content=\"800\" \/>\n\t<meta property=\"og:image:type\" content=\"image\/jpeg\" \/>\n<meta name=\"twitter:card\" content=\"summary_large_image\" \/>\n<meta name=\"twitter:label1\" content=\"Tiempo de lectura\" \/>\n\t<meta name=\"twitter:data1\" content=\"2 minutos\" \/>\n<script type=\"application\/ld+json\" class=\"yoast-schema-graph\">{\"@context\":\"https:\\\/\\\/schema.org\",\"@graph\":[{\"@type\":\"WebPage\",\"@id\":\"https:\\\/\\\/repliquemangacine.fr\\\/epees-the-hobbit\\\/epee-naine-de-thorin-the-hobbit\\\/\",\"url\":\"https:\\\/\\\/repliquemangacine.fr\\\/epees-the-hobbit\\\/epee-naine-de-thorin-the-hobbit\\\/\",\"name\":\"Ep\u00e9e Naine de Thorin - Ep\u00e9e The Hobbit - R\u00e9plique Manga Cin\u00e9\",\"isPartOf\":{\"@id\":\"https:\\\/\\\/repliquemangacine.fr\\\/#website\"},\"primaryImageOfPage\":{\"@id\":\"https:\\\/\\\/repliquemangacine.fr\\\/epees-the-hobbit\\\/epee-naine-de-thorin-the-hobbit\\\/#primaryimage\"},\"image\":{\"@id\":\"https:\\\/\\\/repliquemangacine.fr\\\/epees-the-hobbit\\\/epee-naine-de-thorin-the-hobbit\\\/#primaryimage\"},\"thumbnailUrl\":\"https:\\\/\\\/repliquemangacine.fr\\\/wp-content\\\/uploads\\\/2023\\\/10\\\/334-Epee-Naine-de-Thorin-en-metal-The-Hobbit.jpg\",\"datePublished\":\"2016-09-13T16:01:03+00:00\",\"dateModified\":\"2025-09-23T16:01:33+00:00\",\"description\":\"Offrez-vous l'Ep\u00e9e Naine de Thorin dans The Hobbit au meilleur prix. Lame en acier 440 - Poign\u00e9e m\u00e9tal - Support - Longueur totale : 60 cm - Envoi 24\\\/48h\",\"breadcrumb\":{\"@id\":\"https:\\\/\\\/repliquemangacine.fr\\\/epees-the-hobbit\\\/epee-naine-de-thorin-the-hobbit\\\/#breadcrumb\"},\"inLanguage\":\"es\",\"potentialAction\":[{\"@type\":\"ReadAction\",\"target\":[\"https:\\\/\\\/repliquemangacine.fr\\\/epees-the-hobbit\\\/epee-naine-de-thorin-the-hobbit\\\/\"]}]},{\"@type\":\"ImageObject\",\"inLanguage\":\"es\",\"@id\":\"https:\\\/\\\/repliquemangacine.fr\\\/epees-the-hobbit\\\/epee-naine-de-thorin-the-hobbit\\\/#primaryimage\",\"url\":\"https:\\\/\\\/repliquemangacine.fr\\\/wp-content\\\/uploads\\\/2023\\\/10\\\/334-Epee-Naine-de-Thorin-en-metal-The-Hobbit.jpg\",\"contentUrl\":\"https:\\\/\\\/repliquemangacine.fr\\\/wp-content\\\/uploads\\\/2023\\\/10\\\/334-Epee-Naine-de-Thorin-en-metal-The-Hobbit.jpg\",\"width\":800,\"height\":800,\"caption\":\"Ep\u00e9e Naine de Thorin en m\u00e9tal - The Hobbit\"},{\"@type\":\"BreadcrumbList\",\"@id\":\"https:\\\/\\\/repliquemangacine.fr\\\/epees-the-hobbit\\\/epee-naine-de-thorin-the-hobbit\\\/#breadcrumb\",\"itemListElement\":[{\"@type\":\"ListItem\",\"position\":1,\"name\":\"Accueil\",\"item\":\"https:\\\/\\\/repliquemangacine.fr\\\/\"},{\"@type\":\"ListItem\",\"position\":2,\"name\":\"Produits\",\"item\":\"https:\\\/\\\/repliquemangacine.fr\\\/boutique\\\/\"},{\"@type\":\"ListItem\",\"position\":3,\"name\":\"Ep\u00e9e Naine Thorin The Hobbit\"}]},{\"@type\":\"WebSite\",\"@id\":\"https:\\\/\\\/repliquemangacine.fr\\\/#website\",\"url\":\"https:\\\/\\\/repliquemangacine.fr\\\/\",\"name\":\"R\u00e9plique Manga Cin\u00e9\",\"description\":\"\",\"publisher\":{\"@id\":\"https:\\\/\\\/repliquemangacine.fr\\\/#organization\"},\"potentialAction\":[{\"@type\":\"SearchAction\",\"target\":{\"@type\":\"EntryPoint\",\"urlTemplate\":\"https:\\\/\\\/repliquemangacine.fr\\\/?s={search_term_string}\"},\"query-input\":{\"@type\":\"PropertyValueSpecification\",\"valueRequired\":true,\"valueName\":\"search_term_string\"}}],\"inLanguage\":\"es\"},{\"@type\":\"Organization\",\"@id\":\"https:\\\/\\\/repliquemangacine.fr\\\/#organization\",\"name\":\"R\u00e9plique Manga Cin\u00e9\",\"url\":\"https:\\\/\\\/repliquemangacine.fr\\\/\",\"logo\":{\"@type\":\"ImageObject\",\"inLanguage\":\"es\",\"@id\":\"https:\\\/\\\/repliquemangacine.fr\\\/#\\\/schema\\\/logo\\\/image\\\/\",\"url\":\"https:\\\/\\\/repliquemangacine.fr\\\/wp-content\\\/uploads\\\/2023\\\/10\\\/RMC-500250.png\",\"contentUrl\":\"https:\\\/\\\/repliquemangacine.fr\\\/wp-content\\\/uploads\\\/2023\\\/10\\\/RMC-500250.png\",\"width\":500,\"height\":250,\"caption\":\"R\u00e9plique Manga Cin\u00e9\"},\"image\":{\"@id\":\"https:\\\/\\\/repliquemangacine.fr\\\/#\\\/schema\\\/logo\\\/image\\\/\"},\"sameAs\":[\"https:\\\/\\\/www.facebook.com\\\/RepliqueMangaCine\",\"https:\\\/\\\/www.instagram.com\\\/repliquemangacine.fr\\\/\"]}]}<\/script>\n<!-- \/ Yoast SEO plugin. -->","yoast_head_json":{"title":"Espada Enana de Thorin - El Hobbit Espada - R\u00e9plique Manga Cin\u00e9","description":"Reg\u00e1late la espada enana de Thorin en El Hobbit al mejor precio. Hoja de acero 440 - Empu\u00f1adura de metal - Soporte - Longitud total: 60 cm - Env\u00edo 24\/48h","robots":{"index":"index","follow":"follow","max-snippet":"max-snippet:-1","max-image-preview":"max-image-preview:large","max-video-preview":"max-video-preview:-1"},"canonical":"https:\/\/repliquemangacine.fr\/es\/las-espadas-del-hobbit\/espada-enana-de-thorin-el-hobbit\/","og_locale":"es_ES","og_type":"article","og_title":"Ep\u00e9e Naine de Thorin - Ep\u00e9e The Hobbit - R\u00e9plique Manga Cin\u00e9","og_description":"Offrez-vous l'Ep\u00e9e Naine de Thorin dans The Hobbit au meilleur prix. Lame en acier 440 - Poign\u00e9e m\u00e9tal - Support - Longueur totale : 60 cm - Envoi 24\/48h","og_url":"https:\/\/repliquemangacine.fr\/es\/las-espadas-del-hobbit\/espada-enana-de-thorin-el-hobbit\/","og_site_name":"R\u00e9plique Manga Cin\u00e9","article_publisher":"https:\/\/www.facebook.com\/RepliqueMangaCine","article_modified_time":"2025-09-23T16:01:33+00:00","og_image":[{"width":800,"height":800,"url":"https:\/\/repliquemangacine.fr\/wp-content\/uploads\/2023\/10\/334-Epee-Naine-de-Thorin-en-metal-The-Hobbit.jpg","type":"image\/jpeg"}],"twitter_card":"summary_large_image","twitter_misc":{"Tiempo de lectura":"2 minutos"},"schema":{"@context":"https:\/\/schema.org","@graph":[{"@type":"WebPage","@id":"https:\/\/repliquemangacine.fr\/epees-the-hobbit\/epee-naine-de-thorin-the-hobbit\/","url":"https:\/\/repliquemangacine.fr\/epees-the-hobbit\/epee-naine-de-thorin-the-hobbit\/","name":"Espada Enana de Thorin - El Hobbit Espada - R\u00e9plique Manga Cin\u00e9","isPartOf":{"@id":"https:\/\/repliquemangacine.fr\/#website"},"primaryImageOfPage":{"@id":"https:\/\/repliquemangacine.fr\/epees-the-hobbit\/epee-naine-de-thorin-the-hobbit\/#primaryimage"},"image":{"@id":"https:\/\/repliquemangacine.fr\/epees-the-hobbit\/epee-naine-de-thorin-the-hobbit\/#primaryimage"},"thumbnailUrl":"https:\/\/repliquemangacine.fr\/wp-content\/uploads\/2023\/10\/334-Epee-Naine-de-Thorin-en-metal-The-Hobbit.jpg","datePublished":"2016-09-13T16:01:03+00:00","dateModified":"2025-09-23T16:01:33+00:00","description":"Reg\u00e1late la espada enana de Thorin en El Hobbit al mejor precio. Hoja de acero 440 - Empu\u00f1adura de metal - Soporte - Longitud total: 60 cm - Env\u00edo 24\/48h","breadcrumb":{"@id":"https:\/\/repliquemangacine.fr\/epees-the-hobbit\/epee-naine-de-thorin-the-hobbit\/#breadcrumb"},"inLanguage":"es","potentialAction":[{"@type":"ReadAction","target":["https:\/\/repliquemangacine.fr\/epees-the-hobbit\/epee-naine-de-thorin-the-hobbit\/"]}]},{"@type":"ImageObject","inLanguage":"es","@id":"https:\/\/repliquemangacine.fr\/epees-the-hobbit\/epee-naine-de-thorin-the-hobbit\/#primaryimage","url":"https:\/\/repliquemangacine.fr\/wp-content\/uploads\/2023\/10\/334-Epee-Naine-de-Thorin-en-metal-The-Hobbit.jpg","contentUrl":"https:\/\/repliquemangacine.fr\/wp-content\/uploads\/2023\/10\/334-Epee-Naine-de-Thorin-en-metal-The-Hobbit.jpg","width":800,"height":800,"caption":"Ep\u00e9e Naine de Thorin en m\u00e9tal - The Hobbit"},{"@type":"BreadcrumbList","@id":"https:\/\/repliquemangacine.fr\/epees-the-hobbit\/epee-naine-de-thorin-the-hobbit\/#breadcrumb","itemListElement":[{"@type":"ListItem","position":1,"name":"Accueil","item":"https:\/\/repliquemangacine.fr\/"},{"@type":"ListItem","position":2,"name":"Produits","item":"https:\/\/repliquemangacine.fr\/boutique\/"},{"@type":"ListItem","position":3,"name":"Ep\u00e9e Naine Thorin The Hobbit"}]},{"@type":"WebSite","@id":"https:\/\/repliquemangacine.fr\/#website","url":"https:\/\/repliquemangacine.fr\/","name":"R\u00e9plique Manga Cin\u00e9","description":"","publisher":{"@id":"https:\/\/repliquemangacine.fr\/#organization"},"potentialAction":[{"@type":"SearchAction","target":{"@type":"EntryPoint","urlTemplate":"https:\/\/repliquemangacine.fr\/?s={search_term_string}"},"query-input":{"@type":"PropertyValueSpecification","valueRequired":true,"valueName":"search_term_string"}}],"inLanguage":"es"},{"@type":"Organization","@id":"https:\/\/repliquemangacine.fr\/#organization","name":"R\u00e9plique Manga Cin\u00e9","url":"https:\/\/repliquemangacine.fr\/","logo":{"@type":"ImageObject","inLanguage":"es","@id":"https:\/\/repliquemangacine.fr\/#\/schema\/logo\/image\/","url":"https:\/\/repliquemangacine.fr\/wp-content\/uploads\/2023\/10\/RMC-500250.png","contentUrl":"https:\/\/repliquemangacine.fr\/wp-content\/uploads\/2023\/10\/RMC-500250.png","width":500,"height":250,"caption":"R\u00e9plique Manga Cin\u00e9"},"image":{"@id":"https:\/\/repliquemangacine.fr\/#\/schema\/logo\/image\/"},"sameAs":["https:\/\/www.facebook.com\/RepliqueMangaCine","https:\/\/www.instagram.com\/repliquemangacine.fr\/"]}]}},"_links":{"self":[{"href":"https:\/\/repliquemangacine.fr\/es\/wp-json\/wp\/v2\/product\/25559","targetHints":{"allow":["GET"]}}],"collection":[{"href":"https:\/\/repliquemangacine.fr\/es\/wp-json\/wp\/v2\/product"}],"about":[{"href":"https:\/\/repliquemangacine.fr\/es\/wp-json\/wp\/v2\/types\/product"}],"wp:featuredmedia":[{"embeddable":true,"href":"https:\/\/repliquemangacine.fr\/es\/wp-json\/wp\/v2\/media\/25560"}],"wp:attachment":[{"href":"https:\/\/repliquemangacine.fr\/es\/wp-json\/wp\/v2\/media?parent=25559"}],"wp:term":[{"taxonomy":"product_brand","embeddable":true,"href":"https:\/\/repliquemangacine.fr\/es\/wp-json\/wp\/v2\/product_brand?post=25559"},{"taxonomy":"product_cat","embeddable":true,"href":"https:\/\/repliquemangacine.fr\/es\/wp-json\/wp\/v2\/product_cat?post=25559"},{"taxonomy":"product_tag","embeddable":true,"href":"https:\/\/repliquemangacine.fr\/es\/wp-json\/wp\/v2\/product_tag?post=25559"}],"curies":[{"name":"wp","href":"https:\/\/api.w.org\/{rel}","templated":true}]}}