





{"id":25506,"date":"2016-09-07T16:51:00","date_gmt":"2016-09-07T14:51:00","guid":{"rendered":"https:\/\/repliquemangacine.fr\/?post_type=product&#038;p=25506"},"modified":"2025-11-25T10:40:46","modified_gmt":"2025-11-25T09:40:46","slug":"epee-rebellion-epee-de-dante-devil-may-cry","status":"publish","type":"product","link":"https:\/\/repliquemangacine.fr\/es\/devil-may-cry\/epee-rebellion-epee-de-dante-devil-may-cry\/","title":{"rendered":"Espada Dante DMC Rebellion - Devil May Cry"},"content":{"rendered":"<h2>Dante DMC Rebellion Sword (Devil May Cry)<\/h2>\n<p>Para empezar, el<strong>Dante DMC Rebeli\u00f3n Espada<\/strong> Es el arma b\u00e1sica de Dante. Creada por Sparda, el padre de Dante, tiene un aspecto normal, pero es una espada demon\u00edaca que sirve como manifestaci\u00f3n f\u00edsica del poder de Dante.<\/p>\n<p>Cambiar\u00e1 de forma tras entrar en contacto con la sangre de Dante. Se ha transformado para adoptar una forma m\u00e1s grande y poderosa. Rebellion es la \u00fanica capaz de detener los golpes de Yamato, la legendaria espada de Vergil.<\/p>\n<p><a href=\"https:\/\/devilmaycrydmc.fandom.com\/fr\/wiki\/Dante_(DmC)#Personnalit\u00e9\" target=\"_blank\" rel=\"noopener noreferrer\">Dante<\/a> es el hijo mayor de un \u00e1ngel llamado Eva y del demonio Sparda, y hermano de Vergil. Gracias a su linaje sobrenatural, Dante posee un sinf\u00edn de habilidades sobrehumanas que le convierten en una fuerza a tener en cuenta.<\/p>\n<h2>Tu Dante DMC Rebellion Sword al mejor precio.<\/h2>\n<p>Ofrecemos una amplia gama de r\u00e9plicas de manga y videojuegos.<\/p>\n<p>Lo primero y m\u00e1s importante,<\/p>\n<ul>\n<li>La r\u00e9plica del <a href=\"https:\/\/repliquemangacine.fr\/es\/otros-videojuegos\/katana-yamoto-vergil-dmc-devil-my-cry\/\">Katana yamoto<\/a> la legendaria espada de su hermano Vergil.<\/li>\n<li>As\u00ed como el<a href=\"https:\/\/repliquemangacine.fr\/es\/otros-videojuegos\/fushigiri-mortal-blade-sekiro-shadows-die-twice\/\"> Fushigiri katana, Hoja mortal<\/a> en el videojuego sekiro: las sombras mueren dos veces...<\/li>\n<li>Tambi\u00e9n existe la <a href=\"https:\/\/repliquemangacine.fr\/es\/otros-videojuegos\/katana-sephiroth-masamune-140cm\/\">Katana de Sephiroth<\/a>La masamune de 140 cm de Final Fantasy VII.<\/li>\n<li>Y muchos m\u00e1s por descubrir en nuestra tienda en l\u00ednea.<\/li>\n<\/ul>\n<p>Por eso, aqu\u00ed tienes unas ideas fant\u00e1sticas para regalar a todos los fans de Devil May Cry.<\/p>\n<p>Para concluir, puede utilizar el\u2019<strong>Dante DMC Rebeli\u00f3n Espada<\/strong> para tus desfiles de cosplay o veladas tem\u00e1ticas. Pero sobre todo, esta espada es una pieza de coleccionista y una pieza decorativa.<\/p>\n<p>R\u00e9plique Manga Cin\u00e9 es una empresa francesa<\/p>\n<h2>\u00bfC\u00f3mo mantengo la hoja de mi espada Devil My Cry?<\/h2>\n<p>Las katanas de colecci\u00f3n y decorativas se fabrican y ensamblan de forma simplificada. Como su uso es decorativo, no cuentan con los elementos de seguridad exigidos a una espada japonesa destinada al entrenamiento.<\/p>\n<p>Sin embargo, su <strong>Dante DMC Rebeli\u00f3n Espada<\/strong> a una hoja de acero que hay que cuidar para evitar que se estropee con el tiempo. Cuando exponga su katana, sus amigos sentir\u00e1n curiosidad por ver la hoja y tocarla. Aqu\u00ed es donde hay que tener cuidado, ya que la acidez de los dedos es muy perjudicial para el acero, sea cual sea su calidad.<\/p>\n<p>Sin embargo, si esto ocurre, no te asustes, todo lo que necesitas es un pa\u00f1o humedecido con un poco de aceite y limpiar las huellas dactilares. Si haces esto, tu espada durar\u00e1 mucho tiempo.<\/p>","protected":false},"excerpt":{"rendered":"<p>Rebeli\u00f3n, la espada b\u00e1sica de Dante.<\/p>\n<ul>\n<li>Hoja de acero de doble filo (no cortante).<\/li>\n<li>Asa de metal.<\/li>\n<li>Guarda de acero en forma de demonio.<\/li>\n<li>Pomo de acero con forma especial.<\/li>\n<li>Soporte de pared Devil My Cry.<\/li>\n<li>Longitud hoja: 96 cm - Longitud total: 140 cm - Peso total: 3180 grs<\/li>\n<\/ul>","protected":false},"featured_media":25507,"template":"","meta":[],"product_brand":[896],"product_cat":[880,23,67],"product_tag":[],"class_list":{"0":"post-25506","1":"product","2":"type-product","3":"status-publish","4":"has-post-thumbnail","6":"product_brand-replique-manga-cine","7":"product_cat-devil-may-cry","8":"product_cat-repliques-manga-jeux-video","9":"product_cat-katana-et-epee-de-jeux-video-autre-jeux-video","11":"first","12":"instock","13":"taxable","14":"shipping-taxable","15":"purchasable","16":"product-type-simple"},"yoast_head":"<!-- This site is optimized with the Yoast SEO plugin v27.4 - https:\/\/yoast.com\/product\/yoast-seo-wordpress\/ -->\n<title>Ep\u00e9e Rebellion Dante DMC - Devil My Cry - R\u00e9plique Manga Cin\u00e9<\/title>\n<meta name=\"description\" content=\"Offrez-vous cette Ep\u00e9e Rebellion Dante DMC au meilleur prix. Lame en acier - Garde t\u00eate de mort - \u00c9chelle 1\/1 - Longueur : 140 cm - Envoi 24\/48h\" \/>\n<meta name=\"robots\" content=\"index, follow, max-snippet:-1, max-image-preview:large, max-video-preview:-1\" \/>\n<link rel=\"canonical\" href=\"https:\/\/repliquemangacine.fr\/es\/el-diablo-puede-llorar\/epee-rebellion-epee-de-dante-devil-may-cry\/\" \/>\n<meta property=\"og:locale\" content=\"es_ES\" \/>\n<meta property=\"og:type\" content=\"article\" \/>\n<meta property=\"og:title\" content=\"Ep\u00e9e Rebellion Dante DMC - Devil My Cry - R\u00e9plique Manga Cin\u00e9\" \/>\n<meta property=\"og:description\" content=\"Offrez-vous cette Ep\u00e9e Rebellion Dante DMC au meilleur prix. Lame en acier - Garde t\u00eate de mort - \u00c9chelle 1\/1 - Longueur : 140 cm - Envoi 24\/48h\" \/>\n<meta property=\"og:url\" content=\"https:\/\/repliquemangacine.fr\/es\/el-diablo-puede-llorar\/epee-rebellion-epee-de-dante-devil-may-cry\/\" \/>\n<meta property=\"og:site_name\" content=\"R\u00e9plique Manga Cin\u00e9\" \/>\n<meta property=\"article:publisher\" content=\"https:\/\/www.facebook.com\/RepliqueMangaCine\" \/>\n<meta property=\"article:modified_time\" content=\"2025-11-25T09:40:46+00:00\" \/>\n<meta property=\"og:image\" content=\"https:\/\/repliquemangacine.fr\/wp-content\/uploads\/2023\/10\/287-Epee-Rebellion-Devil-My-Cry.jpg\" \/>\n\t<meta property=\"og:image:width\" content=\"800\" \/>\n\t<meta property=\"og:image:height\" content=\"800\" \/>\n\t<meta property=\"og:image:type\" content=\"image\/jpeg\" \/>\n<meta name=\"twitter:card\" content=\"summary_large_image\" \/>\n<meta name=\"twitter:label1\" content=\"Tiempo de lectura\" \/>\n\t<meta name=\"twitter:data1\" content=\"3 minutos\" \/>\n<script type=\"application\/ld+json\" class=\"yoast-schema-graph\">{\"@context\":\"https:\\\/\\\/schema.org\",\"@graph\":[{\"@type\":\"WebPage\",\"@id\":\"https:\\\/\\\/repliquemangacine.fr\\\/devil-may-cry\\\/epee-rebellion-epee-de-dante-devil-may-cry\\\/\",\"url\":\"https:\\\/\\\/repliquemangacine.fr\\\/devil-may-cry\\\/epee-rebellion-epee-de-dante-devil-may-cry\\\/\",\"name\":\"Ep\u00e9e Rebellion Dante DMC - Devil My Cry - R\u00e9plique Manga Cin\u00e9\",\"isPartOf\":{\"@id\":\"https:\\\/\\\/repliquemangacine.fr\\\/#website\"},\"primaryImageOfPage\":{\"@id\":\"https:\\\/\\\/repliquemangacine.fr\\\/devil-may-cry\\\/epee-rebellion-epee-de-dante-devil-may-cry\\\/#primaryimage\"},\"image\":{\"@id\":\"https:\\\/\\\/repliquemangacine.fr\\\/devil-may-cry\\\/epee-rebellion-epee-de-dante-devil-may-cry\\\/#primaryimage\"},\"thumbnailUrl\":\"https:\\\/\\\/repliquemangacine.fr\\\/wp-content\\\/uploads\\\/2023\\\/10\\\/287-Epee-Rebellion-Devil-My-Cry.jpg\",\"datePublished\":\"2016-09-07T14:51:00+00:00\",\"dateModified\":\"2025-11-25T09:40:46+00:00\",\"description\":\"Offrez-vous cette Ep\u00e9e Rebellion Dante DMC au meilleur prix. Lame en acier - Garde t\u00eate de mort - \u00c9chelle 1\\\/1 - Longueur : 140 cm - Envoi 24\\\/48h\",\"breadcrumb\":{\"@id\":\"https:\\\/\\\/repliquemangacine.fr\\\/devil-may-cry\\\/epee-rebellion-epee-de-dante-devil-may-cry\\\/#breadcrumb\"},\"inLanguage\":\"es\",\"potentialAction\":[{\"@type\":\"ReadAction\",\"target\":[\"https:\\\/\\\/repliquemangacine.fr\\\/devil-may-cry\\\/epee-rebellion-epee-de-dante-devil-may-cry\\\/\"]}]},{\"@type\":\"ImageObject\",\"inLanguage\":\"es\",\"@id\":\"https:\\\/\\\/repliquemangacine.fr\\\/devil-may-cry\\\/epee-rebellion-epee-de-dante-devil-may-cry\\\/#primaryimage\",\"url\":\"https:\\\/\\\/repliquemangacine.fr\\\/wp-content\\\/uploads\\\/2023\\\/10\\\/287-Epee-Rebellion-Devil-My-Cry.jpg\",\"contentUrl\":\"https:\\\/\\\/repliquemangacine.fr\\\/wp-content\\\/uploads\\\/2023\\\/10\\\/287-Epee-Rebellion-Devil-My-Cry.jpg\",\"width\":800,\"height\":800,\"caption\":\"Ep\u00e9e Rebellion Dante DMC - Devil My Cry\"},{\"@type\":\"BreadcrumbList\",\"@id\":\"https:\\\/\\\/repliquemangacine.fr\\\/devil-may-cry\\\/epee-rebellion-epee-de-dante-devil-may-cry\\\/#breadcrumb\",\"itemListElement\":[{\"@type\":\"ListItem\",\"position\":1,\"name\":\"Accueil\",\"item\":\"https:\\\/\\\/repliquemangacine.fr\\\/\"},{\"@type\":\"ListItem\",\"position\":2,\"name\":\"Produits\",\"item\":\"https:\\\/\\\/repliquemangacine.fr\\\/boutique\\\/\"},{\"@type\":\"ListItem\",\"position\":3,\"name\":\"Ep\u00e9e Rebellion Dante DMC &#8211; Devil May Cry\"}]},{\"@type\":\"WebSite\",\"@id\":\"https:\\\/\\\/repliquemangacine.fr\\\/#website\",\"url\":\"https:\\\/\\\/repliquemangacine.fr\\\/\",\"name\":\"R\u00e9plique Manga Cin\u00e9\",\"description\":\"\",\"publisher\":{\"@id\":\"https:\\\/\\\/repliquemangacine.fr\\\/#organization\"},\"potentialAction\":[{\"@type\":\"SearchAction\",\"target\":{\"@type\":\"EntryPoint\",\"urlTemplate\":\"https:\\\/\\\/repliquemangacine.fr\\\/?s={search_term_string}\"},\"query-input\":{\"@type\":\"PropertyValueSpecification\",\"valueRequired\":true,\"valueName\":\"search_term_string\"}}],\"inLanguage\":\"es\"},{\"@type\":\"Organization\",\"@id\":\"https:\\\/\\\/repliquemangacine.fr\\\/#organization\",\"name\":\"R\u00e9plique Manga Cin\u00e9\",\"url\":\"https:\\\/\\\/repliquemangacine.fr\\\/\",\"logo\":{\"@type\":\"ImageObject\",\"inLanguage\":\"es\",\"@id\":\"https:\\\/\\\/repliquemangacine.fr\\\/#\\\/schema\\\/logo\\\/image\\\/\",\"url\":\"https:\\\/\\\/repliquemangacine.fr\\\/wp-content\\\/uploads\\\/2023\\\/10\\\/RMC-500250.png\",\"contentUrl\":\"https:\\\/\\\/repliquemangacine.fr\\\/wp-content\\\/uploads\\\/2023\\\/10\\\/RMC-500250.png\",\"width\":500,\"height\":250,\"caption\":\"R\u00e9plique Manga Cin\u00e9\"},\"image\":{\"@id\":\"https:\\\/\\\/repliquemangacine.fr\\\/#\\\/schema\\\/logo\\\/image\\\/\"},\"sameAs\":[\"https:\\\/\\\/www.facebook.com\\\/RepliqueMangaCine\",\"https:\\\/\\\/www.instagram.com\\\/repliquemangacine.fr\\\/\"]}]}<\/script>\n<!-- \/ Yoast SEO plugin. -->","yoast_head_json":{"title":"Dante DMC Rebeli\u00f3n Espada - Devil My Cry - R\u00e9plique Manga Cin\u00e9","description":"Reg\u00e1late esta Espada Dante DMC Rebellion al mejor precio. Hoja de acero - Guarda cr\u00e1neo - Escala 1\/1 - Longitud : 140 cm - Env\u00edo 24\/48h","robots":{"index":"index","follow":"follow","max-snippet":"max-snippet:-1","max-image-preview":"max-image-preview:large","max-video-preview":"max-video-preview:-1"},"canonical":"https:\/\/repliquemangacine.fr\/es\/el-diablo-puede-llorar\/epee-rebellion-epee-de-dante-devil-may-cry\/","og_locale":"es_ES","og_type":"article","og_title":"Ep\u00e9e Rebellion Dante DMC - Devil My Cry - R\u00e9plique Manga Cin\u00e9","og_description":"Offrez-vous cette Ep\u00e9e Rebellion Dante DMC au meilleur prix. Lame en acier - Garde t\u00eate de mort - \u00c9chelle 1\/1 - Longueur : 140 cm - Envoi 24\/48h","og_url":"https:\/\/repliquemangacine.fr\/es\/el-diablo-puede-llorar\/epee-rebellion-epee-de-dante-devil-may-cry\/","og_site_name":"R\u00e9plique Manga Cin\u00e9","article_publisher":"https:\/\/www.facebook.com\/RepliqueMangaCine","article_modified_time":"2025-11-25T09:40:46+00:00","og_image":[{"width":800,"height":800,"url":"https:\/\/repliquemangacine.fr\/wp-content\/uploads\/2023\/10\/287-Epee-Rebellion-Devil-My-Cry.jpg","type":"image\/jpeg"}],"twitter_card":"summary_large_image","twitter_misc":{"Tiempo de lectura":"3 minutos"},"schema":{"@context":"https:\/\/schema.org","@graph":[{"@type":"WebPage","@id":"https:\/\/repliquemangacine.fr\/devil-may-cry\/epee-rebellion-epee-de-dante-devil-may-cry\/","url":"https:\/\/repliquemangacine.fr\/devil-may-cry\/epee-rebellion-epee-de-dante-devil-may-cry\/","name":"Dante DMC Rebeli\u00f3n Espada - Devil My Cry - R\u00e9plique Manga Cin\u00e9","isPartOf":{"@id":"https:\/\/repliquemangacine.fr\/#website"},"primaryImageOfPage":{"@id":"https:\/\/repliquemangacine.fr\/devil-may-cry\/epee-rebellion-epee-de-dante-devil-may-cry\/#primaryimage"},"image":{"@id":"https:\/\/repliquemangacine.fr\/devil-may-cry\/epee-rebellion-epee-de-dante-devil-may-cry\/#primaryimage"},"thumbnailUrl":"https:\/\/repliquemangacine.fr\/wp-content\/uploads\/2023\/10\/287-Epee-Rebellion-Devil-My-Cry.jpg","datePublished":"2016-09-07T14:51:00+00:00","dateModified":"2025-11-25T09:40:46+00:00","description":"Reg\u00e1late esta Espada Dante DMC Rebellion al mejor precio. Hoja de acero - Guarda cr\u00e1neo - Escala 1\/1 - Longitud : 140 cm - Env\u00edo 24\/48h","breadcrumb":{"@id":"https:\/\/repliquemangacine.fr\/devil-may-cry\/epee-rebellion-epee-de-dante-devil-may-cry\/#breadcrumb"},"inLanguage":"es","potentialAction":[{"@type":"ReadAction","target":["https:\/\/repliquemangacine.fr\/devil-may-cry\/epee-rebellion-epee-de-dante-devil-may-cry\/"]}]},{"@type":"ImageObject","inLanguage":"es","@id":"https:\/\/repliquemangacine.fr\/devil-may-cry\/epee-rebellion-epee-de-dante-devil-may-cry\/#primaryimage","url":"https:\/\/repliquemangacine.fr\/wp-content\/uploads\/2023\/10\/287-Epee-Rebellion-Devil-My-Cry.jpg","contentUrl":"https:\/\/repliquemangacine.fr\/wp-content\/uploads\/2023\/10\/287-Epee-Rebellion-Devil-My-Cry.jpg","width":800,"height":800,"caption":"Ep\u00e9e Rebellion Dante DMC - Devil My Cry"},{"@type":"BreadcrumbList","@id":"https:\/\/repliquemangacine.fr\/devil-may-cry\/epee-rebellion-epee-de-dante-devil-may-cry\/#breadcrumb","itemListElement":[{"@type":"ListItem","position":1,"name":"Accueil","item":"https:\/\/repliquemangacine.fr\/"},{"@type":"ListItem","position":2,"name":"Produits","item":"https:\/\/repliquemangacine.fr\/boutique\/"},{"@type":"ListItem","position":3,"name":"Ep\u00e9e Rebellion Dante DMC &#8211; Devil May Cry"}]},{"@type":"WebSite","@id":"https:\/\/repliquemangacine.fr\/#website","url":"https:\/\/repliquemangacine.fr\/","name":"R\u00e9plique Manga Cin\u00e9","description":"","publisher":{"@id":"https:\/\/repliquemangacine.fr\/#organization"},"potentialAction":[{"@type":"SearchAction","target":{"@type":"EntryPoint","urlTemplate":"https:\/\/repliquemangacine.fr\/?s={search_term_string}"},"query-input":{"@type":"PropertyValueSpecification","valueRequired":true,"valueName":"search_term_string"}}],"inLanguage":"es"},{"@type":"Organization","@id":"https:\/\/repliquemangacine.fr\/#organization","name":"R\u00e9plique Manga Cin\u00e9","url":"https:\/\/repliquemangacine.fr\/","logo":{"@type":"ImageObject","inLanguage":"es","@id":"https:\/\/repliquemangacine.fr\/#\/schema\/logo\/image\/","url":"https:\/\/repliquemangacine.fr\/wp-content\/uploads\/2023\/10\/RMC-500250.png","contentUrl":"https:\/\/repliquemangacine.fr\/wp-content\/uploads\/2023\/10\/RMC-500250.png","width":500,"height":250,"caption":"R\u00e9plique Manga Cin\u00e9"},"image":{"@id":"https:\/\/repliquemangacine.fr\/#\/schema\/logo\/image\/"},"sameAs":["https:\/\/www.facebook.com\/RepliqueMangaCine","https:\/\/www.instagram.com\/repliquemangacine.fr\/"]}]}},"_links":{"self":[{"href":"https:\/\/repliquemangacine.fr\/es\/wp-json\/wp\/v2\/product\/25506","targetHints":{"allow":["GET"]}}],"collection":[{"href":"https:\/\/repliquemangacine.fr\/es\/wp-json\/wp\/v2\/product"}],"about":[{"href":"https:\/\/repliquemangacine.fr\/es\/wp-json\/wp\/v2\/types\/product"}],"wp:featuredmedia":[{"embeddable":true,"href":"https:\/\/repliquemangacine.fr\/es\/wp-json\/wp\/v2\/media\/25507"}],"wp:attachment":[{"href":"https:\/\/repliquemangacine.fr\/es\/wp-json\/wp\/v2\/media?parent=25506"}],"wp:term":[{"taxonomy":"product_brand","embeddable":true,"href":"https:\/\/repliquemangacine.fr\/es\/wp-json\/wp\/v2\/product_brand?post=25506"},{"taxonomy":"product_cat","embeddable":true,"href":"https:\/\/repliquemangacine.fr\/es\/wp-json\/wp\/v2\/product_cat?post=25506"},{"taxonomy":"product_tag","embeddable":true,"href":"https:\/\/repliquemangacine.fr\/es\/wp-json\/wp\/v2\/product_tag?post=25506"}],"curies":[{"name":"wp","href":"https:\/\/api.w.org\/{rel}","templated":true}]}}