





{"id":25485,"date":"2016-09-05T18:54:05","date_gmt":"2016-09-05T16:54:05","guid":{"rendered":"https:\/\/repliquemangacine.fr\/?post_type=product&#038;p=25485"},"modified":"2025-09-30T15:44:01","modified_gmt":"2025-09-30T13:44:01","slug":"epee-dark-link-zelda-link-corrompu","status":"publish","type":"product","link":"https:\/\/repliquemangacine.fr\/es\/epee-zelda\/epee-dark-link-zelda-link-corrompu\/","title":{"rendered":"Dark Link Espada Zelda"},"content":{"rendered":"<h2>La espada de Link el Oscuro en Zelda.<\/h2>\n<p>Para empezar, el<strong>Espada Dark Link<\/strong> tambi\u00e9n conocido como Link Noir, Link Sombre o <a href=\"https:\/\/zelda.fandom.com\/fr\/wiki\/Dark_Link\" target=\"_blank\" rel=\"noopener noreferrer\">Enlace corrupto<\/a>, es el reflejo malvado de Link. Por lo general, posee las mismas habilidades que este. Apareci\u00f3 por primera vez en The Adventure of Link.<\/p>\n<p>Es uno de los antagonistas m\u00e1s populares del universo The Legend of Zelda, principalmente debido a su parecido y habilidades similares a las del personaje central de la serie, Link.<\/p>\n<p>La Espada Legendaria es la m\u00e1s emblem\u00e1tica de la serie. Denominada Master Sword en las traducciones al ingl\u00e9s, esta espada sagrada sirve para repeler el mal, o m\u00e1s a menudo para repeler a Ganon, pero tambi\u00e9n sirve para adquirir nuevos poderes.<\/p>\n<h2>Tu espada Dark Link al mejor precio.<\/h2>\n<p>Te ofrecemos una amplia selecci\u00f3n de r\u00e9plicas de los videojuegos Zelda.<\/p>\n<p>Lo primero y m\u00e1s importante,<\/p>\n<ul>\n<li>L'<a href=\"https:\/\/repliquemangacine.fr\/es\/zelda\/espada-maestra-espada-zelda\/\">Espada maestra<\/a> en una versi\u00f3n de lujo con su funda de cuero y un acabado absolutamente extraordinario.<\/li>\n<li>El siguiente paso, <a href=\"https:\/\/repliquemangacine.fr\/es\/zelda\/bouclier-de-zelda-en-mousse-bouclier-hylian-de-link\/\">El escudo hyliano<\/a> La Trifuerza de espuma de Link.<\/li>\n<li>As\u00ed como el<a href=\"https:\/\/repliquemangacine.fr\/es\/zelda\/link-espada-maestra-espada-de-espuma-en-zelda\/\">espada legendaria en versi\u00f3n de espuma<\/a>.<\/li>\n<li>Y muchos m\u00e1s por descubrir en nuestra tienda en l\u00ednea.<\/li>\n<\/ul>\n<p>Por eso, esta es una idea estupenda para regalar a los fans de Zelda.<\/p>\n<p>En conclusi\u00f3n, puedes usar la espada Dark Link de Zelda para tus desfiles de cosplay en convenciones. Pero, ante todo, es una pieza de colecci\u00f3n y decoraci\u00f3n.<\/p>\n<h2>\u00bfC\u00f3mo mantengo la hoja de mi espada Zelda?<\/h2>\n<p>Las espadas de colecci\u00f3n y decorativas se fabrican y ensamblan de forma simplificada. Como su uso es decorativo, no cuentan con los elementos de seguridad necesarios para una espada japonesa destinada al entrenamiento.<\/p>\n<p>Sin embargo, su <strong>Espada Dark Link<\/strong> a una hoja de acero que hay que cuidar para evitar que se estropee con el tiempo. Cuando exponga su katana, sus amigos sentir\u00e1n curiosidad por ver la hoja y tocarla. Aqu\u00ed es donde hay que tener cuidado, ya que la acidez de los dedos es muy perjudicial para el acero, sea cual sea su calidad.<\/p>\n<p>Sin embargo, si esto ocurre, no te asustes, todo lo que necesitas es un pa\u00f1o humedecido con un poco de aceite y limpiar las huellas dactilares. Si haces esto, tu espada durar\u00e1 mucho tiempo.<\/p>\n<p><strong>\u00a0<\/strong><\/p>","protected":false},"excerpt":{"rendered":"<p>Link Oscuro, tambi\u00e9n conocido como Link Noir, es el reflejo malvado de Link.<\/p>\n<ul>\n<li>Hoja de acero con grabado de la Trifuerza.<\/li>\n<li>Vaina de madera lacada en negro con emblema de Zelda<\/li>\n<li>Empu\u00f1adura y mango de metal lacado en negro.<\/li>\n<li>Longitud de la hoja: 74 cm - Longitud total: 100 cm<\/li>\n<\/ul>","protected":false},"featured_media":25486,"template":"","meta":[],"product_brand":[896],"product_cat":[23,56],"product_tag":[],"class_list":{"0":"post-25485","1":"product","2":"type-product","3":"status-publish","4":"has-post-thumbnail","6":"product_brand-replique-manga-cine","7":"product_cat-repliques-manga-jeux-video","8":"product_cat-epee-zelda","10":"first","11":"instock","12":"taxable","13":"shipping-taxable","14":"purchasable","15":"product-type-simple"},"yoast_head":"<!-- This site is optimized with the Yoast SEO plugin v27.4 - https:\/\/yoast.com\/product\/yoast-seo-wordpress\/ -->\n<title>Ep\u00e9e Dark Link - Ep\u00e9e Zelda - Boutique en ligne | RMC<\/title>\n<meta name=\"description\" content=\"Commandez vite ! L&#039;Ep\u00e9e Dark Link dans Zelda au meilleur prix - Lame en acier - Fourreau d\u00e9cor\u00e9 - Echelle 1\/1 - Longueur : 100cm - Envoi 24\/48h\" \/>\n<meta name=\"robots\" content=\"index, follow, max-snippet:-1, max-image-preview:large, max-video-preview:-1\" \/>\n<link rel=\"canonical\" href=\"https:\/\/repliquemangacine.fr\/es\/espada-de-zelda\/epee-dark-link-zelda-link-corrompu\/\" \/>\n<meta property=\"og:locale\" content=\"es_ES\" \/>\n<meta property=\"og:type\" content=\"article\" \/>\n<meta property=\"og:title\" content=\"Ep\u00e9e Dark Link - Ep\u00e9e Zelda - Boutique en ligne | RMC\" \/>\n<meta property=\"og:description\" content=\"Commandez vite ! L&#039;Ep\u00e9e Dark Link dans Zelda au meilleur prix - Lame en acier - Fourreau d\u00e9cor\u00e9 - Echelle 1\/1 - Longueur : 100cm - Envoi 24\/48h\" \/>\n<meta property=\"og:url\" content=\"https:\/\/repliquemangacine.fr\/es\/espada-de-zelda\/epee-dark-link-zelda-link-corrompu\/\" \/>\n<meta property=\"og:site_name\" content=\"R\u00e9plique Manga Cin\u00e9\" \/>\n<meta property=\"article:publisher\" content=\"https:\/\/www.facebook.com\/RepliqueMangaCine\" \/>\n<meta property=\"article:modified_time\" content=\"2025-09-30T13:44:01+00:00\" \/>\n<meta property=\"og:image\" content=\"https:\/\/repliquemangacine.fr\/wp-content\/uploads\/2023\/10\/272-Zelda-Epee-Dark-Link-Link-corrompu-noir.jpg\" \/>\n\t<meta property=\"og:image:width\" content=\"800\" \/>\n\t<meta property=\"og:image:height\" content=\"800\" \/>\n\t<meta property=\"og:image:type\" content=\"image\/jpeg\" \/>\n<meta name=\"twitter:card\" content=\"summary_large_image\" \/>\n<meta name=\"twitter:label1\" content=\"Tiempo de lectura\" \/>\n\t<meta name=\"twitter:data1\" content=\"2 minutos\" \/>\n<script type=\"application\/ld+json\" class=\"yoast-schema-graph\">{\"@context\":\"https:\\\/\\\/schema.org\",\"@graph\":[{\"@type\":\"WebPage\",\"@id\":\"https:\\\/\\\/repliquemangacine.fr\\\/epee-zelda\\\/epee-dark-link-zelda-link-corrompu\\\/\",\"url\":\"https:\\\/\\\/repliquemangacine.fr\\\/epee-zelda\\\/epee-dark-link-zelda-link-corrompu\\\/\",\"name\":\"Ep\u00e9e Dark Link - Ep\u00e9e Zelda - Boutique en ligne | RMC\",\"isPartOf\":{\"@id\":\"https:\\\/\\\/repliquemangacine.fr\\\/#website\"},\"primaryImageOfPage\":{\"@id\":\"https:\\\/\\\/repliquemangacine.fr\\\/epee-zelda\\\/epee-dark-link-zelda-link-corrompu\\\/#primaryimage\"},\"image\":{\"@id\":\"https:\\\/\\\/repliquemangacine.fr\\\/epee-zelda\\\/epee-dark-link-zelda-link-corrompu\\\/#primaryimage\"},\"thumbnailUrl\":\"https:\\\/\\\/repliquemangacine.fr\\\/wp-content\\\/uploads\\\/2023\\\/10\\\/272-Zelda-Epee-Dark-Link-Link-corrompu-noir.jpg\",\"datePublished\":\"2016-09-05T16:54:05+00:00\",\"dateModified\":\"2025-09-30T13:44:01+00:00\",\"description\":\"Commandez vite ! L'Ep\u00e9e Dark Link dans Zelda au meilleur prix - Lame en acier - Fourreau d\u00e9cor\u00e9 - Echelle 1\\\/1 - Longueur : 100cm - Envoi 24\\\/48h\",\"breadcrumb\":{\"@id\":\"https:\\\/\\\/repliquemangacine.fr\\\/epee-zelda\\\/epee-dark-link-zelda-link-corrompu\\\/#breadcrumb\"},\"inLanguage\":\"es\",\"potentialAction\":[{\"@type\":\"ReadAction\",\"target\":[\"https:\\\/\\\/repliquemangacine.fr\\\/epee-zelda\\\/epee-dark-link-zelda-link-corrompu\\\/\"]}]},{\"@type\":\"ImageObject\",\"inLanguage\":\"es\",\"@id\":\"https:\\\/\\\/repliquemangacine.fr\\\/epee-zelda\\\/epee-dark-link-zelda-link-corrompu\\\/#primaryimage\",\"url\":\"https:\\\/\\\/repliquemangacine.fr\\\/wp-content\\\/uploads\\\/2023\\\/10\\\/272-Zelda-Epee-Dark-Link-Link-corrompu-noir.jpg\",\"contentUrl\":\"https:\\\/\\\/repliquemangacine.fr\\\/wp-content\\\/uploads\\\/2023\\\/10\\\/272-Zelda-Epee-Dark-Link-Link-corrompu-noir.jpg\",\"width\":800,\"height\":800,\"caption\":\"Zelda - Ep\u00e9e Dark Link - Link corrompu noir\"},{\"@type\":\"BreadcrumbList\",\"@id\":\"https:\\\/\\\/repliquemangacine.fr\\\/epee-zelda\\\/epee-dark-link-zelda-link-corrompu\\\/#breadcrumb\",\"itemListElement\":[{\"@type\":\"ListItem\",\"position\":1,\"name\":\"Accueil\",\"item\":\"https:\\\/\\\/repliquemangacine.fr\\\/\"},{\"@type\":\"ListItem\",\"position\":2,\"name\":\"Produits\",\"item\":\"https:\\\/\\\/repliquemangacine.fr\\\/boutique\\\/\"},{\"@type\":\"ListItem\",\"position\":3,\"name\":\"Ep\u00e9e Dark Link Zelda\"}]},{\"@type\":\"WebSite\",\"@id\":\"https:\\\/\\\/repliquemangacine.fr\\\/#website\",\"url\":\"https:\\\/\\\/repliquemangacine.fr\\\/\",\"name\":\"R\u00e9plique Manga Cin\u00e9\",\"description\":\"\",\"publisher\":{\"@id\":\"https:\\\/\\\/repliquemangacine.fr\\\/#organization\"},\"potentialAction\":[{\"@type\":\"SearchAction\",\"target\":{\"@type\":\"EntryPoint\",\"urlTemplate\":\"https:\\\/\\\/repliquemangacine.fr\\\/?s={search_term_string}\"},\"query-input\":{\"@type\":\"PropertyValueSpecification\",\"valueRequired\":true,\"valueName\":\"search_term_string\"}}],\"inLanguage\":\"es\"},{\"@type\":\"Organization\",\"@id\":\"https:\\\/\\\/repliquemangacine.fr\\\/#organization\",\"name\":\"R\u00e9plique Manga Cin\u00e9\",\"url\":\"https:\\\/\\\/repliquemangacine.fr\\\/\",\"logo\":{\"@type\":\"ImageObject\",\"inLanguage\":\"es\",\"@id\":\"https:\\\/\\\/repliquemangacine.fr\\\/#\\\/schema\\\/logo\\\/image\\\/\",\"url\":\"https:\\\/\\\/repliquemangacine.fr\\\/wp-content\\\/uploads\\\/2023\\\/10\\\/RMC-500250.png\",\"contentUrl\":\"https:\\\/\\\/repliquemangacine.fr\\\/wp-content\\\/uploads\\\/2023\\\/10\\\/RMC-500250.png\",\"width\":500,\"height\":250,\"caption\":\"R\u00e9plique Manga Cin\u00e9\"},\"image\":{\"@id\":\"https:\\\/\\\/repliquemangacine.fr\\\/#\\\/schema\\\/logo\\\/image\\\/\"},\"sameAs\":[\"https:\\\/\\\/www.facebook.com\\\/RepliqueMangaCine\",\"https:\\\/\\\/www.instagram.com\\\/repliquemangacine.fr\\\/\"]}]}<\/script>\n<!-- \/ Yoast SEO plugin. -->","yoast_head_json":{"title":"Espada Link Oscuro - Espada Zelda - Boutique en ligne | RMC","description":"Haz tu pedido La espada de Link el Oscuro de The Legend of Zelda al mejor precio - Hoja de acero - Vaina decorada - Escala 1\/1 - Longitud : 100cm - Env\u00edo 24\/48h","robots":{"index":"index","follow":"follow","max-snippet":"max-snippet:-1","max-image-preview":"max-image-preview:large","max-video-preview":"max-video-preview:-1"},"canonical":"https:\/\/repliquemangacine.fr\/es\/espada-de-zelda\/epee-dark-link-zelda-link-corrompu\/","og_locale":"es_ES","og_type":"article","og_title":"Ep\u00e9e Dark Link - Ep\u00e9e Zelda - Boutique en ligne | RMC","og_description":"Commandez vite ! L'Ep\u00e9e Dark Link dans Zelda au meilleur prix - Lame en acier - Fourreau d\u00e9cor\u00e9 - Echelle 1\/1 - Longueur : 100cm - Envoi 24\/48h","og_url":"https:\/\/repliquemangacine.fr\/es\/espada-de-zelda\/epee-dark-link-zelda-link-corrompu\/","og_site_name":"R\u00e9plique Manga Cin\u00e9","article_publisher":"https:\/\/www.facebook.com\/RepliqueMangaCine","article_modified_time":"2025-09-30T13:44:01+00:00","og_image":[{"width":800,"height":800,"url":"https:\/\/repliquemangacine.fr\/wp-content\/uploads\/2023\/10\/272-Zelda-Epee-Dark-Link-Link-corrompu-noir.jpg","type":"image\/jpeg"}],"twitter_card":"summary_large_image","twitter_misc":{"Tiempo de lectura":"2 minutos"},"schema":{"@context":"https:\/\/schema.org","@graph":[{"@type":"WebPage","@id":"https:\/\/repliquemangacine.fr\/epee-zelda\/epee-dark-link-zelda-link-corrompu\/","url":"https:\/\/repliquemangacine.fr\/epee-zelda\/epee-dark-link-zelda-link-corrompu\/","name":"Espada Link Oscuro - Espada Zelda - Boutique en ligne | RMC","isPartOf":{"@id":"https:\/\/repliquemangacine.fr\/#website"},"primaryImageOfPage":{"@id":"https:\/\/repliquemangacine.fr\/epee-zelda\/epee-dark-link-zelda-link-corrompu\/#primaryimage"},"image":{"@id":"https:\/\/repliquemangacine.fr\/epee-zelda\/epee-dark-link-zelda-link-corrompu\/#primaryimage"},"thumbnailUrl":"https:\/\/repliquemangacine.fr\/wp-content\/uploads\/2023\/10\/272-Zelda-Epee-Dark-Link-Link-corrompu-noir.jpg","datePublished":"2016-09-05T16:54:05+00:00","dateModified":"2025-09-30T13:44:01+00:00","description":"Haz tu pedido La espada de Link el Oscuro de The Legend of Zelda al mejor precio - Hoja de acero - Vaina decorada - Escala 1\/1 - Longitud : 100cm - Env\u00edo 24\/48h","breadcrumb":{"@id":"https:\/\/repliquemangacine.fr\/epee-zelda\/epee-dark-link-zelda-link-corrompu\/#breadcrumb"},"inLanguage":"es","potentialAction":[{"@type":"ReadAction","target":["https:\/\/repliquemangacine.fr\/epee-zelda\/epee-dark-link-zelda-link-corrompu\/"]}]},{"@type":"ImageObject","inLanguage":"es","@id":"https:\/\/repliquemangacine.fr\/epee-zelda\/epee-dark-link-zelda-link-corrompu\/#primaryimage","url":"https:\/\/repliquemangacine.fr\/wp-content\/uploads\/2023\/10\/272-Zelda-Epee-Dark-Link-Link-corrompu-noir.jpg","contentUrl":"https:\/\/repliquemangacine.fr\/wp-content\/uploads\/2023\/10\/272-Zelda-Epee-Dark-Link-Link-corrompu-noir.jpg","width":800,"height":800,"caption":"Zelda - Ep\u00e9e Dark Link - Link corrompu noir"},{"@type":"BreadcrumbList","@id":"https:\/\/repliquemangacine.fr\/epee-zelda\/epee-dark-link-zelda-link-corrompu\/#breadcrumb","itemListElement":[{"@type":"ListItem","position":1,"name":"Accueil","item":"https:\/\/repliquemangacine.fr\/"},{"@type":"ListItem","position":2,"name":"Produits","item":"https:\/\/repliquemangacine.fr\/boutique\/"},{"@type":"ListItem","position":3,"name":"Ep\u00e9e Dark Link Zelda"}]},{"@type":"WebSite","@id":"https:\/\/repliquemangacine.fr\/#website","url":"https:\/\/repliquemangacine.fr\/","name":"R\u00e9plique Manga Cin\u00e9","description":"","publisher":{"@id":"https:\/\/repliquemangacine.fr\/#organization"},"potentialAction":[{"@type":"SearchAction","target":{"@type":"EntryPoint","urlTemplate":"https:\/\/repliquemangacine.fr\/?s={search_term_string}"},"query-input":{"@type":"PropertyValueSpecification","valueRequired":true,"valueName":"search_term_string"}}],"inLanguage":"es"},{"@type":"Organization","@id":"https:\/\/repliquemangacine.fr\/#organization","name":"R\u00e9plique Manga Cin\u00e9","url":"https:\/\/repliquemangacine.fr\/","logo":{"@type":"ImageObject","inLanguage":"es","@id":"https:\/\/repliquemangacine.fr\/#\/schema\/logo\/image\/","url":"https:\/\/repliquemangacine.fr\/wp-content\/uploads\/2023\/10\/RMC-500250.png","contentUrl":"https:\/\/repliquemangacine.fr\/wp-content\/uploads\/2023\/10\/RMC-500250.png","width":500,"height":250,"caption":"R\u00e9plique Manga Cin\u00e9"},"image":{"@id":"https:\/\/repliquemangacine.fr\/#\/schema\/logo\/image\/"},"sameAs":["https:\/\/www.facebook.com\/RepliqueMangaCine","https:\/\/www.instagram.com\/repliquemangacine.fr\/"]}]}},"_links":{"self":[{"href":"https:\/\/repliquemangacine.fr\/es\/wp-json\/wp\/v2\/product\/25485","targetHints":{"allow":["GET"]}}],"collection":[{"href":"https:\/\/repliquemangacine.fr\/es\/wp-json\/wp\/v2\/product"}],"about":[{"href":"https:\/\/repliquemangacine.fr\/es\/wp-json\/wp\/v2\/types\/product"}],"wp:featuredmedia":[{"embeddable":true,"href":"https:\/\/repliquemangacine.fr\/es\/wp-json\/wp\/v2\/media\/25486"}],"wp:attachment":[{"href":"https:\/\/repliquemangacine.fr\/es\/wp-json\/wp\/v2\/media?parent=25485"}],"wp:term":[{"taxonomy":"product_brand","embeddable":true,"href":"https:\/\/repliquemangacine.fr\/es\/wp-json\/wp\/v2\/product_brand?post=25485"},{"taxonomy":"product_cat","embeddable":true,"href":"https:\/\/repliquemangacine.fr\/es\/wp-json\/wp\/v2\/product_cat?post=25485"},{"taxonomy":"product_tag","embeddable":true,"href":"https:\/\/repliquemangacine.fr\/es\/wp-json\/wp\/v2\/product_tag?post=25485"}],"curies":[{"name":"wp","href":"https:\/\/api.w.org\/{rel}","templated":true}]}}