





{"id":25469,"date":"2016-09-04T20:31:29","date_gmt":"2016-09-04T18:31:29","guid":{"rendered":"https:\/\/repliquemangacine.fr\/?post_type=product&#038;p=25469"},"modified":"2025-09-25T16:55:50","modified_gmt":"2025-09-25T14:55:50","slug":"kirito-lost-song-long-sword-blue-alfheim-online","status":"publish","type":"product","link":"https:\/\/repliquemangacine.fr\/es\/epee-sword-art-online\/epee-kirito-lost-song-longue-epee-bleu-alfheim-online\/","title":{"rendered":"Canci\u00f3n perdida de Sword Kirito"},"content":{"rendered":"<h2>Canci\u00f3n perdida de Sword of Kirito - Alfheim Online<\/h2>\n<p>Para empezar, el<strong>Canci\u00f3n perdida de Sword of Kirito<\/strong> llamada Espada larga azul hace referencia a la espada secundaria sin nombre que Kirito utiliza en Alfheim Online.<\/p>\n<p>Utilizada junto con la \u201cEspada Negra Larga\u201d sin nombre por Kirito durante los acontecimientos de Calibur. Posteriormente fue sustituida por la \u2019Espada Sagrada Excalibur\u00ab.<\/p>\n<p>La <a href=\"https:\/\/sword-art-online.fandom.com\/fr\/wiki\/Longue_\u00e9p\u00e9e_bleu\" target=\"_blank\" rel=\"noopener noreferrer\">Espada larga azul<\/a> Es la segunda espada utilizada para la habilidad fuera del sistema \u201cConnect\u201d de Kirito. De hecho, en Lost Song se puede obtener una espada similar llamada \u201cDivination\u201d.<\/p>\n<p>La espada Kirito Lost Song, conocida como \u201cEspada larga azul\u201d, fue soltada por el jefe del piso 15 de Nueva Aincrad.<\/p>\n<p>ALfheim Online (ALO) es el segundo VRMMORPG, despu\u00e9s de Sword Art Online, al que juega Kirito. En este juego, el objetivo principal de Kazuto ser\u00e1 salvar a Asuna. Ella es prisionera de un hombre llamado Sugou Nobuyuki (alias Ob\u00e9ron), que resulta ser el gobernante de este mundo.<\/p>\n<h2>Tu Canci\u00f3n Perdida de Sword of Kirito al mejor precio.<\/h2>\n<p>Te ofrecemos todas las r\u00e9plicas del videojuego Sword Art Online \u2013 Alfheim Online.<\/p>\n<p>Lo primero y m\u00e1s importante,<\/p>\n<ul>\n<li>L'<a href=\"https:\/\/repliquemangacine.fr\/es\/sword-art-online-2\/epee-elucidator-kirito-sao\/\">Espada Elucidator<\/a> arma principal de kirito con Dark Repulser<\/li>\n<li>As\u00ed como <a href=\"https:\/\/repliquemangacine.fr\/es\/sword-art-online-2\/lambent-light-rapiere-espada-asuna-sao\/\">Luz lambiscente<\/a> el estoque de una mano de Asuna en Sword Art Online (SAO).<\/li>\n<li>Tambi\u00e9n est\u00e1 la espada <a href=\"https:\/\/repliquemangacine.fr\/es\/sword-art-online-2\/kirito-sao-espada-repulsora-oscura\/\">Repulsor oscuro<\/a>una de las dos espadas de Kirito.<\/li>\n<li>Y muchos m\u00e1s por descubrir en nuestra tienda en l\u00ednea.<\/li>\n<\/ul>\n<p>Por eso, aqu\u00ed tienes unas ideas fant\u00e1sticas para regalar a los fans de Sword Art Online.<\/p>\n<p>En conclusi\u00f3n, tambi\u00e9n puede utilizar este <strong>Canci\u00f3n perdida de Sword of Kirito<\/strong> para tus desfiles de cosplay o veladas tem\u00e1ticas. Pero sobre todo, esta espada de una mano de Kirito es tambi\u00e9n un objeto de coleccionista y una pieza decorativa.<\/p>\n<h2>\u00bfC\u00f3mo mantengo la hoja de mi espada de Sword Art Online?<\/h2>\n<p>Las espadas de colecci\u00f3n y decorativas se fabrican y ensamblan de forma simplificada. Como su uso es decorativo, no cuentan con los elementos de seguridad necesarios para una espada japonesa destinada al entrenamiento.<\/p>\n<p>Sin embargo, su <strong>Canci\u00f3n perdida de Sword of Kirito<\/strong> a una hoja de acero que hay que cuidar para evitar que se estropee con el tiempo. Cuando exponga su katana, sus amigos sentir\u00e1n curiosidad por ver la hoja y tocarla. Aqu\u00ed es donde hay que tener cuidado, ya que la acidez de los dedos es muy perjudicial para el acero, sea cual sea su calidad.<\/p>\n<p>Sin embargo, si esto ocurre, no te asustes, todo lo que necesitas es un pa\u00f1o humedecido con un poco de aceite y limpiar las huellas dactilares. Si haces esto, tu espada durar\u00e1 mucho tiempo.<\/p>","protected":false},"excerpt":{"rendered":"<p>La espada larga Azul Turquesa hace referencia a la espada secundaria sin nombre de Kirito en Alfheim Online - Sword art Online Lost Song.<\/p>\n<ul>\n<li>Hoja de metal turquesa.<\/li>\n<li>Asa de metal envuelta en polipiel negra.<\/li>\n<li>Guarda de metal con piedra de resina azul.<\/li>\n<li>Funda de polipiel<\/li>\n<li>Longitud total: 120 cm<\/li>\n<\/ul>\n<p><iframe title=\"Reproductor de v\u00eddeo YouTube\" src=\"https:\/\/www.youtube.com\/embed\/2ziCsI2iFFk\" width=\"560\" height=\"315\" frameborder=\"0\" allowfullscreen=\"allowfullscreen\"><\/iframe><\/p>","protected":false},"featured_media":25470,"template":"","meta":[],"product_brand":[896],"product_cat":[23,53],"product_tag":[],"class_list":{"0":"post-25469","1":"product","2":"type-product","3":"status-publish","4":"has-post-thumbnail","6":"product_brand-replique-manga-cine","7":"product_cat-repliques-manga-jeux-video","8":"product_cat-epee-sword-art-online","10":"first","11":"instock","12":"taxable","13":"shipping-taxable","14":"purchasable","15":"product-type-simple"},"yoast_head":"<!-- This site is optimized with the Yoast SEO plugin v27.4 - https:\/\/yoast.com\/product\/yoast-seo-wordpress\/ -->\n<title>Ep\u00e9e de Kirito Lost Song - SAO - Boutique en ligne | RMC<\/title>\n<meta name=\"description\" content=\"Achetez vite ! L&#039;Ep\u00e9e kirito Lost Song dans Alfheim Online au meilleur prix - Lame acier - Echelle 1\/1 - Longueur totale\u00a0: 120 cm - Envoi 24\/48h\" \/>\n<meta name=\"robots\" content=\"index, follow, max-snippet:-1, max-image-preview:large, max-video-preview:-1\" \/>\n<link rel=\"canonical\" href=\"https:\/\/repliquemangacine.fr\/es\/sword-art-online-2\/kirito-lost-song-long-sword-blue-alfheim-online\/\" \/>\n<meta property=\"og:locale\" content=\"es_ES\" \/>\n<meta property=\"og:type\" content=\"article\" \/>\n<meta property=\"og:title\" content=\"Ep\u00e9e de Kirito Lost Song - SAO - Boutique en ligne | RMC\" \/>\n<meta property=\"og:description\" content=\"Achetez vite ! L&#039;Ep\u00e9e kirito Lost Song dans Alfheim Online au meilleur prix - Lame acier - Echelle 1\/1 - Longueur totale\u00a0: 120 cm - Envoi 24\/48h\" \/>\n<meta property=\"og:url\" content=\"https:\/\/repliquemangacine.fr\/es\/sword-art-online-2\/kirito-lost-song-long-sword-blue-alfheim-online\/\" \/>\n<meta property=\"og:site_name\" content=\"R\u00e9plique Manga Cin\u00e9\" \/>\n<meta property=\"article:publisher\" content=\"https:\/\/www.facebook.com\/RepliqueMangaCine\" \/>\n<meta property=\"article:modified_time\" content=\"2025-09-25T14:55:50+00:00\" \/>\n<meta property=\"og:image\" content=\"https:\/\/repliquemangacine.fr\/wp-content\/uploads\/2023\/10\/252-Epee-longue-Kirito-ALfheim-Online.jpg\" \/>\n\t<meta property=\"og:image:width\" content=\"800\" \/>\n\t<meta property=\"og:image:height\" content=\"800\" \/>\n\t<meta property=\"og:image:type\" content=\"image\/jpeg\" \/>\n<meta name=\"twitter:card\" content=\"summary_large_image\" \/>\n<meta name=\"twitter:label1\" content=\"Tiempo de lectura\" \/>\n\t<meta name=\"twitter:data1\" content=\"3 minutos\" \/>\n<script type=\"application\/ld+json\" class=\"yoast-schema-graph\">{\"@context\":\"https:\\\/\\\/schema.org\",\"@graph\":[{\"@type\":\"WebPage\",\"@id\":\"https:\\\/\\\/repliquemangacine.fr\\\/epee-sword-art-online\\\/epee-kirito-lost-song-longue-epee-bleu-alfheim-online\\\/\",\"url\":\"https:\\\/\\\/repliquemangacine.fr\\\/epee-sword-art-online\\\/epee-kirito-lost-song-longue-epee-bleu-alfheim-online\\\/\",\"name\":\"Ep\u00e9e de Kirito Lost Song - SAO - Boutique en ligne | RMC\",\"isPartOf\":{\"@id\":\"https:\\\/\\\/repliquemangacine.fr\\\/#website\"},\"primaryImageOfPage\":{\"@id\":\"https:\\\/\\\/repliquemangacine.fr\\\/epee-sword-art-online\\\/epee-kirito-lost-song-longue-epee-bleu-alfheim-online\\\/#primaryimage\"},\"image\":{\"@id\":\"https:\\\/\\\/repliquemangacine.fr\\\/epee-sword-art-online\\\/epee-kirito-lost-song-longue-epee-bleu-alfheim-online\\\/#primaryimage\"},\"thumbnailUrl\":\"https:\\\/\\\/repliquemangacine.fr\\\/wp-content\\\/uploads\\\/2023\\\/10\\\/252-Epee-longue-Kirito-ALfheim-Online.jpg\",\"datePublished\":\"2016-09-04T18:31:29+00:00\",\"dateModified\":\"2025-09-25T14:55:50+00:00\",\"description\":\"Achetez vite ! L'Ep\u00e9e kirito Lost Song dans Alfheim Online au meilleur prix - Lame acier - Echelle 1\\\/1 - Longueur totale\u00a0: 120 cm - Envoi 24\\\/48h\",\"breadcrumb\":{\"@id\":\"https:\\\/\\\/repliquemangacine.fr\\\/epee-sword-art-online\\\/epee-kirito-lost-song-longue-epee-bleu-alfheim-online\\\/#breadcrumb\"},\"inLanguage\":\"es\",\"potentialAction\":[{\"@type\":\"ReadAction\",\"target\":[\"https:\\\/\\\/repliquemangacine.fr\\\/epee-sword-art-online\\\/epee-kirito-lost-song-longue-epee-bleu-alfheim-online\\\/\"]}]},{\"@type\":\"ImageObject\",\"inLanguage\":\"es\",\"@id\":\"https:\\\/\\\/repliquemangacine.fr\\\/epee-sword-art-online\\\/epee-kirito-lost-song-longue-epee-bleu-alfheim-online\\\/#primaryimage\",\"url\":\"https:\\\/\\\/repliquemangacine.fr\\\/wp-content\\\/uploads\\\/2023\\\/10\\\/252-Epee-longue-Kirito-ALfheim-Online.jpg\",\"contentUrl\":\"https:\\\/\\\/repliquemangacine.fr\\\/wp-content\\\/uploads\\\/2023\\\/10\\\/252-Epee-longue-Kirito-ALfheim-Online.jpg\",\"width\":800,\"height\":800,\"caption\":\"Ep\u00e9e longue Kirito ALfheim Online\"},{\"@type\":\"BreadcrumbList\",\"@id\":\"https:\\\/\\\/repliquemangacine.fr\\\/epee-sword-art-online\\\/epee-kirito-lost-song-longue-epee-bleu-alfheim-online\\\/#breadcrumb\",\"itemListElement\":[{\"@type\":\"ListItem\",\"position\":1,\"name\":\"Accueil\",\"item\":\"https:\\\/\\\/repliquemangacine.fr\\\/\"},{\"@type\":\"ListItem\",\"position\":2,\"name\":\"Produits\",\"item\":\"https:\\\/\\\/repliquemangacine.fr\\\/boutique\\\/\"},{\"@type\":\"ListItem\",\"position\":3,\"name\":\"Ep\u00e9e Kirito Lost Song\"}]},{\"@type\":\"WebSite\",\"@id\":\"https:\\\/\\\/repliquemangacine.fr\\\/#website\",\"url\":\"https:\\\/\\\/repliquemangacine.fr\\\/\",\"name\":\"R\u00e9plique Manga Cin\u00e9\",\"description\":\"\",\"publisher\":{\"@id\":\"https:\\\/\\\/repliquemangacine.fr\\\/#organization\"},\"potentialAction\":[{\"@type\":\"SearchAction\",\"target\":{\"@type\":\"EntryPoint\",\"urlTemplate\":\"https:\\\/\\\/repliquemangacine.fr\\\/?s={search_term_string}\"},\"query-input\":{\"@type\":\"PropertyValueSpecification\",\"valueRequired\":true,\"valueName\":\"search_term_string\"}}],\"inLanguage\":\"es\"},{\"@type\":\"Organization\",\"@id\":\"https:\\\/\\\/repliquemangacine.fr\\\/#organization\",\"name\":\"R\u00e9plique Manga Cin\u00e9\",\"url\":\"https:\\\/\\\/repliquemangacine.fr\\\/\",\"logo\":{\"@type\":\"ImageObject\",\"inLanguage\":\"es\",\"@id\":\"https:\\\/\\\/repliquemangacine.fr\\\/#\\\/schema\\\/logo\\\/image\\\/\",\"url\":\"https:\\\/\\\/repliquemangacine.fr\\\/wp-content\\\/uploads\\\/2023\\\/10\\\/RMC-500250.png\",\"contentUrl\":\"https:\\\/\\\/repliquemangacine.fr\\\/wp-content\\\/uploads\\\/2023\\\/10\\\/RMC-500250.png\",\"width\":500,\"height\":250,\"caption\":\"R\u00e9plique Manga Cin\u00e9\"},\"image\":{\"@id\":\"https:\\\/\\\/repliquemangacine.fr\\\/#\\\/schema\\\/logo\\\/image\\\/\"},\"sameAs\":[\"https:\\\/\\\/www.facebook.com\\\/RepliqueMangaCine\",\"https:\\\/\\\/www.instagram.com\\\/repliquemangacine.fr\\\/\"]}]}<\/script>\n<!-- \/ Yoast SEO plugin. -->","yoast_head_json":{"title":"Sword of Kirito Lost Song - SAO - Boutique en ligne | RMC","description":"Comprar ahora La Espada Canci\u00f3n Perdida de kirito en Alfheim Online al mejor precio - Hoja de acero - Escala 1\/1 - Longitud total: 120 cm - Entrega 24\/48h","robots":{"index":"index","follow":"follow","max-snippet":"max-snippet:-1","max-image-preview":"max-image-preview:large","max-video-preview":"max-video-preview:-1"},"canonical":"https:\/\/repliquemangacine.fr\/es\/sword-art-online-2\/kirito-lost-song-long-sword-blue-alfheim-online\/","og_locale":"es_ES","og_type":"article","og_title":"Ep\u00e9e de Kirito Lost Song - SAO - Boutique en ligne | RMC","og_description":"Achetez vite ! L'Ep\u00e9e kirito Lost Song dans Alfheim Online au meilleur prix - Lame acier - Echelle 1\/1 - Longueur totale\u00a0: 120 cm - Envoi 24\/48h","og_url":"https:\/\/repliquemangacine.fr\/es\/sword-art-online-2\/kirito-lost-song-long-sword-blue-alfheim-online\/","og_site_name":"R\u00e9plique Manga Cin\u00e9","article_publisher":"https:\/\/www.facebook.com\/RepliqueMangaCine","article_modified_time":"2025-09-25T14:55:50+00:00","og_image":[{"width":800,"height":800,"url":"https:\/\/repliquemangacine.fr\/wp-content\/uploads\/2023\/10\/252-Epee-longue-Kirito-ALfheim-Online.jpg","type":"image\/jpeg"}],"twitter_card":"summary_large_image","twitter_misc":{"Tiempo de lectura":"3 minutos"},"schema":{"@context":"https:\/\/schema.org","@graph":[{"@type":"WebPage","@id":"https:\/\/repliquemangacine.fr\/epee-sword-art-online\/epee-kirito-lost-song-longue-epee-bleu-alfheim-online\/","url":"https:\/\/repliquemangacine.fr\/epee-sword-art-online\/epee-kirito-lost-song-longue-epee-bleu-alfheim-online\/","name":"Sword of Kirito Lost Song - SAO - Boutique en ligne | RMC","isPartOf":{"@id":"https:\/\/repliquemangacine.fr\/#website"},"primaryImageOfPage":{"@id":"https:\/\/repliquemangacine.fr\/epee-sword-art-online\/epee-kirito-lost-song-longue-epee-bleu-alfheim-online\/#primaryimage"},"image":{"@id":"https:\/\/repliquemangacine.fr\/epee-sword-art-online\/epee-kirito-lost-song-longue-epee-bleu-alfheim-online\/#primaryimage"},"thumbnailUrl":"https:\/\/repliquemangacine.fr\/wp-content\/uploads\/2023\/10\/252-Epee-longue-Kirito-ALfheim-Online.jpg","datePublished":"2016-09-04T18:31:29+00:00","dateModified":"2025-09-25T14:55:50+00:00","description":"Comprar ahora La Espada Canci\u00f3n Perdida de kirito en Alfheim Online al mejor precio - Hoja de acero - Escala 1\/1 - Longitud total: 120 cm - Entrega 24\/48h","breadcrumb":{"@id":"https:\/\/repliquemangacine.fr\/epee-sword-art-online\/epee-kirito-lost-song-longue-epee-bleu-alfheim-online\/#breadcrumb"},"inLanguage":"es","potentialAction":[{"@type":"ReadAction","target":["https:\/\/repliquemangacine.fr\/epee-sword-art-online\/epee-kirito-lost-song-longue-epee-bleu-alfheim-online\/"]}]},{"@type":"ImageObject","inLanguage":"es","@id":"https:\/\/repliquemangacine.fr\/epee-sword-art-online\/epee-kirito-lost-song-longue-epee-bleu-alfheim-online\/#primaryimage","url":"https:\/\/repliquemangacine.fr\/wp-content\/uploads\/2023\/10\/252-Epee-longue-Kirito-ALfheim-Online.jpg","contentUrl":"https:\/\/repliquemangacine.fr\/wp-content\/uploads\/2023\/10\/252-Epee-longue-Kirito-ALfheim-Online.jpg","width":800,"height":800,"caption":"Ep\u00e9e longue Kirito ALfheim Online"},{"@type":"BreadcrumbList","@id":"https:\/\/repliquemangacine.fr\/epee-sword-art-online\/epee-kirito-lost-song-longue-epee-bleu-alfheim-online\/#breadcrumb","itemListElement":[{"@type":"ListItem","position":1,"name":"Accueil","item":"https:\/\/repliquemangacine.fr\/"},{"@type":"ListItem","position":2,"name":"Produits","item":"https:\/\/repliquemangacine.fr\/boutique\/"},{"@type":"ListItem","position":3,"name":"Ep\u00e9e Kirito Lost Song"}]},{"@type":"WebSite","@id":"https:\/\/repliquemangacine.fr\/#website","url":"https:\/\/repliquemangacine.fr\/","name":"R\u00e9plique Manga Cin\u00e9","description":"","publisher":{"@id":"https:\/\/repliquemangacine.fr\/#organization"},"potentialAction":[{"@type":"SearchAction","target":{"@type":"EntryPoint","urlTemplate":"https:\/\/repliquemangacine.fr\/?s={search_term_string}"},"query-input":{"@type":"PropertyValueSpecification","valueRequired":true,"valueName":"search_term_string"}}],"inLanguage":"es"},{"@type":"Organization","@id":"https:\/\/repliquemangacine.fr\/#organization","name":"R\u00e9plique Manga Cin\u00e9","url":"https:\/\/repliquemangacine.fr\/","logo":{"@type":"ImageObject","inLanguage":"es","@id":"https:\/\/repliquemangacine.fr\/#\/schema\/logo\/image\/","url":"https:\/\/repliquemangacine.fr\/wp-content\/uploads\/2023\/10\/RMC-500250.png","contentUrl":"https:\/\/repliquemangacine.fr\/wp-content\/uploads\/2023\/10\/RMC-500250.png","width":500,"height":250,"caption":"R\u00e9plique Manga Cin\u00e9"},"image":{"@id":"https:\/\/repliquemangacine.fr\/#\/schema\/logo\/image\/"},"sameAs":["https:\/\/www.facebook.com\/RepliqueMangaCine","https:\/\/www.instagram.com\/repliquemangacine.fr\/"]}]}},"_links":{"self":[{"href":"https:\/\/repliquemangacine.fr\/es\/wp-json\/wp\/v2\/product\/25469","targetHints":{"allow":["GET"]}}],"collection":[{"href":"https:\/\/repliquemangacine.fr\/es\/wp-json\/wp\/v2\/product"}],"about":[{"href":"https:\/\/repliquemangacine.fr\/es\/wp-json\/wp\/v2\/types\/product"}],"wp:featuredmedia":[{"embeddable":true,"href":"https:\/\/repliquemangacine.fr\/es\/wp-json\/wp\/v2\/media\/25470"}],"wp:attachment":[{"href":"https:\/\/repliquemangacine.fr\/es\/wp-json\/wp\/v2\/media?parent=25469"}],"wp:term":[{"taxonomy":"product_brand","embeddable":true,"href":"https:\/\/repliquemangacine.fr\/es\/wp-json\/wp\/v2\/product_brand?post=25469"},{"taxonomy":"product_cat","embeddable":true,"href":"https:\/\/repliquemangacine.fr\/es\/wp-json\/wp\/v2\/product_cat?post=25469"},{"taxonomy":"product_tag","embeddable":true,"href":"https:\/\/repliquemangacine.fr\/es\/wp-json\/wp\/v2\/product_tag?post=25469"}],"curies":[{"name":"wp","href":"https:\/\/api.w.org\/{rel}","templated":true}]}}