





{"id":25437,"date":"2016-08-30T15:03:01","date_gmt":"2016-08-30T13:03:01","guid":{"rendered":"https:\/\/repliquemangacine.fr\/?post_type=product&#038;p=25437"},"modified":"2025-12-05T11:55:30","modified_gmt":"2025-12-05T10:55:30","slug":"edward-kenway-pistola-italiana-de-chispa-assassin-s-creed-iv","status":"publish","type":"product","link":"https:\/\/repliquemangacine.fr\/es\/pistolet-pirate\/pistolet-a-silex-italien-edward-kenway-assassin-s-creed-iv\/","title":{"rendered":"Pistola de pedernal de Edward Kenway para Assassin's Creed IV"},"content":{"rendered":"<h2>Pistola Edward Kenway Assassin's Creed IV<\/h2>\n<p>Para empezar, el <strong>Pistola Edward Kenway<\/strong> de Assassin's Creed IV es una reproducci\u00f3n de la pistola italiana de chispa del siglo XVIII.<\/p>\n<p>Edward es un h\u00e1bil luchador y un genio arrogante y descarado, como cualquier otro pirata. Edward Kenway es el primer protagonista principal de Assassin's Creed IV. Tras una larga lucha, Edward mata a El Tibur\u00f2n con sus pistolas y escapa del fuerte tras deducir que Torres se dirig\u00eda al Observatorio.<\/p>\n<p>Como recargar las armas de fuego segu\u00eda siendo un engorro, los piratas pronto adquirieron la costumbre de llevar varias. Edward Kenway y Edward Thatch, por ejemplo, llevaban hasta cuatro en el cintur\u00f3n.<\/p>\n<p>Las pistolas de chispa eran una de las armas de fuego m\u00e1s utilizadas por los piratas en el siglo XVIII.<\/p>\n<h2>Tu Pistola Edward Kenway al mejor precio.<\/h2>\n<p>Te traemos todas las r\u00e9plicas de tu videojuego favorito Assassin's Creed.<\/p>\n<p>Lo primero y m\u00e1s importante,<\/p>\n<ul>\n<li>Le <a href=\"https:\/\/repliquemangacine.fr\/es\/assassins-creed\/tomahawk-des-assassins-hache-connor-kenway\/\">Tomahawk de los asesinos<\/a> usado por el Asesino Mohawk Connor Kenway.<\/li>\n<li>Tambi\u00e9n existe la<a href=\"https:\/\/repliquemangacine.fr\/es\/assassins-creed\/arma-hacha-pirata-siglo-xviii\/\"> hacha pistola<\/a> el Hacha Pistolera en Assassin's Creed Unity: Dead Kings.<\/li>\n<li>As\u00ed como el <a href=\"https:\/\/repliquemangacine.fr\/es\/pistola-antigua\/pistola-kentucky-19th-usa\/\">Pistola Kentucky<\/a> el arma cl\u00e1sica de los primeros exploradores del Oeste americano.<\/li>\n<li>Y muchos m\u00e1s por descubrir en nuestra tienda en l\u00ednea.<\/li>\n<\/ul>\n<p>Si eres fan de Assassin's Creed, esta pistola es un gran complemento para tu arsenal. Por eso es una gran idea de regalo para los fans.<\/p>\n<p>En conclusi\u00f3n, tambi\u00e9n puedes utilizar esta pistola de pedernal para tus desfiles de cosplay o tus fiestas tem\u00e1ticas. Pero, ante todo, la r\u00e9plica del <strong>Pistola Edward Kenway<\/strong> en Assassin's Creed IV, es un objeto de coleccionista, adem\u00e1s de decorativo.<\/p>\n<h2>\u00bfC\u00f3mo se fabrican las r\u00e9plicas de armas Denix?<\/h2>\n<p>Utilizadas en recreaciones hist\u00f3ricas, pel\u00edculas y series de televisi\u00f3n, as\u00ed como por coleccionistas. Reproducciones de armas <a href=\"https:\/\/www.denix.fr\/\" target=\"_blank\" rel=\"noopener noreferrer\">Denix<\/a>est\u00e1n fabricadas con materiales de alta calidad. Cuidadosamente elaboradas y ensambladas para crear armas de colecci\u00f3n realistas.<\/p>\n<ul>\n<li>Los metales se encuentran en una aleaci\u00f3n met\u00e1lica conocida como Zamac, cuya composici\u00f3n b\u00e1sica es zinc en 95%.<\/li>\n<li>Las piezas de pl\u00e1stico de las r\u00e9plicas son de ABS moldeado, que ofrece una gran resistencia.<\/li>\n<li>Las maderas elegidas por su belleza y durabilidad, como la caoba, el olivo o el nogal, dar\u00e1n a sus culatas y barricas un aspecto elegante y aut\u00e9ntico.<\/li>\n<\/ul>\n<p>Cabe se\u00f1alar que todas las reproducciones Denix son id\u00e9nticas a los originales, como su <strong>Pistola Edward Kenway<\/strong>.<\/p>","protected":false},"excerpt":{"rendered":"<p>S\u00e9 tan arrogante como Edward Kenway en Assassin's Creed Black Flag.<\/p>\n<ul>\n<li>Metal bicolor (zamac) y madera maciza.<\/li>\n<li>Pistolas y golpes como los de verdad, pero es totalmente <strong>no apto para disparar<\/strong>.<\/li>\n<li>No se requiere autorizaci\u00f3n.<\/li>\n<li>Venta y posesi\u00f3n libres.<\/li>\n<li>Longitud total: 39 cm - Peso: 690 Grs<\/li>\n<\/ul>","protected":false},"featured_media":25438,"template":"","meta":[],"product_brand":[896],"product_cat":[836,49,25,48,23,52,114],"product_tag":[],"class_list":{"0":"post-25437","1":"product","2":"type-product","3":"status-publish","4":"has-post-thumbnail","6":"product_brand-replique-manga-cine","7":"product_cat-armes-assassins-creed","8":"product_cat-armes-de-pirates","9":"product_cat-armes-historiques","10":"product_cat-epees-assassins-creed-armes-assassins-creed","11":"product_cat-repliques-manga-jeux-video","12":"product_cat-pistolet-ancien","13":"product_cat-pistolet-pirate","15":"first","16":"instock","17":"sale","18":"taxable","19":"shipping-taxable","20":"purchasable","21":"product-type-simple"},"yoast_head":"<!-- This site is optimized with the Yoast SEO plugin v27.4 - https:\/\/yoast.com\/product\/yoast-seo-wordpress\/ -->\n<title>Pistolet Edward Kenway - Assassin&#039;s Creed - Vente en ligne | RMC<\/title>\n<meta name=\"description\" content=\"Offrez-vous ce Pistolet Edward Kenway dans Assassin&#039;s Creed au meilleur prix - Bois massif - Simulation de tir - Echelle 1\/1 - Envoi 24\/48h\" \/>\n<meta name=\"robots\" content=\"index, follow, max-snippet:-1, max-image-preview:large, max-video-preview:-1\" \/>\n<link rel=\"canonical\" href=\"https:\/\/repliquemangacine.fr\/es\/armas-de-assassins-creed\/edward-kenway-pistola-italiana-de-chispa-assassin-s-creed-iv\/\" \/>\n<meta property=\"og:locale\" content=\"es_ES\" \/>\n<meta property=\"og:type\" content=\"article\" \/>\n<meta property=\"og:title\" content=\"Pistolet Edward Kenway - Assassin&#039;s Creed - Vente en ligne | RMC\" \/>\n<meta property=\"og:description\" content=\"Offrez-vous ce Pistolet Edward Kenway dans Assassin&#039;s Creed au meilleur prix - Bois massif - Simulation de tir - Echelle 1\/1 - Envoi 24\/48h\" \/>\n<meta property=\"og:url\" content=\"https:\/\/repliquemangacine.fr\/es\/armas-de-assassins-creed\/edward-kenway-pistola-italiana-de-chispa-assassin-s-creed-iv\/\" \/>\n<meta property=\"og:site_name\" content=\"R\u00e9plique Manga Cin\u00e9\" \/>\n<meta property=\"article:publisher\" content=\"https:\/\/www.facebook.com\/RepliqueMangaCine\" \/>\n<meta property=\"article:modified_time\" content=\"2025-12-05T10:55:30+00:00\" \/>\n<meta property=\"og:image\" content=\"https:\/\/repliquemangacine.fr\/wp-content\/uploads\/2023\/10\/227-Pistolet-a-silex-Edward-Kenway-Assassins-Creed-IV.jpg\" \/>\n\t<meta property=\"og:image:width\" content=\"800\" \/>\n\t<meta property=\"og:image:height\" content=\"800\" \/>\n\t<meta property=\"og:image:type\" content=\"image\/jpeg\" \/>\n<meta name=\"twitter:card\" content=\"summary_large_image\" \/>\n<meta name=\"twitter:label1\" content=\"Tiempo de lectura\" \/>\n\t<meta name=\"twitter:data1\" content=\"3 minutos\" \/>\n<script type=\"application\/ld+json\" class=\"yoast-schema-graph\">{\"@context\":\"https:\\\/\\\/schema.org\",\"@graph\":[{\"@type\":\"WebPage\",\"@id\":\"https:\\\/\\\/repliquemangacine.fr\\\/armes-assassins-creed\\\/pistolet-a-silex-italien-edward-kenway-assassin-s-creed-iv\\\/\",\"url\":\"https:\\\/\\\/repliquemangacine.fr\\\/armes-assassins-creed\\\/pistolet-a-silex-italien-edward-kenway-assassin-s-creed-iv\\\/\",\"name\":\"Pistolet Edward Kenway - Assassin's Creed - Vente en ligne | RMC\",\"isPartOf\":{\"@id\":\"https:\\\/\\\/repliquemangacine.fr\\\/#website\"},\"primaryImageOfPage\":{\"@id\":\"https:\\\/\\\/repliquemangacine.fr\\\/armes-assassins-creed\\\/pistolet-a-silex-italien-edward-kenway-assassin-s-creed-iv\\\/#primaryimage\"},\"image\":{\"@id\":\"https:\\\/\\\/repliquemangacine.fr\\\/armes-assassins-creed\\\/pistolet-a-silex-italien-edward-kenway-assassin-s-creed-iv\\\/#primaryimage\"},\"thumbnailUrl\":\"https:\\\/\\\/repliquemangacine.fr\\\/wp-content\\\/uploads\\\/2023\\\/10\\\/227-Pistolet-a-silex-Edward-Kenway-Assassins-Creed-IV.jpg\",\"datePublished\":\"2016-08-30T13:03:01+00:00\",\"dateModified\":\"2025-12-05T10:55:30+00:00\",\"description\":\"Offrez-vous ce Pistolet Edward Kenway dans Assassin's Creed au meilleur prix - Bois massif - Simulation de tir - Echelle 1\\\/1 - Envoi 24\\\/48h\",\"breadcrumb\":{\"@id\":\"https:\\\/\\\/repliquemangacine.fr\\\/armes-assassins-creed\\\/pistolet-a-silex-italien-edward-kenway-assassin-s-creed-iv\\\/#breadcrumb\"},\"inLanguage\":\"es\",\"potentialAction\":[{\"@type\":\"ReadAction\",\"target\":[\"https:\\\/\\\/repliquemangacine.fr\\\/armes-assassins-creed\\\/pistolet-a-silex-italien-edward-kenway-assassin-s-creed-iv\\\/\"]}]},{\"@type\":\"ImageObject\",\"inLanguage\":\"es\",\"@id\":\"https:\\\/\\\/repliquemangacine.fr\\\/armes-assassins-creed\\\/pistolet-a-silex-italien-edward-kenway-assassin-s-creed-iv\\\/#primaryimage\",\"url\":\"https:\\\/\\\/repliquemangacine.fr\\\/wp-content\\\/uploads\\\/2023\\\/10\\\/227-Pistolet-a-silex-Edward-Kenway-Assassins-Creed-IV.jpg\",\"contentUrl\":\"https:\\\/\\\/repliquemangacine.fr\\\/wp-content\\\/uploads\\\/2023\\\/10\\\/227-Pistolet-a-silex-Edward-Kenway-Assassins-Creed-IV.jpg\",\"width\":800,\"height\":800,\"caption\":\"Pistolet \u00e0 silex - Edward Kenway - Assassin's Creed IV\"},{\"@type\":\"BreadcrumbList\",\"@id\":\"https:\\\/\\\/repliquemangacine.fr\\\/armes-assassins-creed\\\/pistolet-a-silex-italien-edward-kenway-assassin-s-creed-iv\\\/#breadcrumb\",\"itemListElement\":[{\"@type\":\"ListItem\",\"position\":1,\"name\":\"Accueil\",\"item\":\"https:\\\/\\\/repliquemangacine.fr\\\/\"},{\"@type\":\"ListItem\",\"position\":2,\"name\":\"Produits\",\"item\":\"https:\\\/\\\/repliquemangacine.fr\\\/boutique\\\/\"},{\"@type\":\"ListItem\",\"position\":3,\"name\":\"Pistolet \u00e0 silex d&#8217;Edward Kenway Assassin&#8217;s Creed IV\"}]},{\"@type\":\"WebSite\",\"@id\":\"https:\\\/\\\/repliquemangacine.fr\\\/#website\",\"url\":\"https:\\\/\\\/repliquemangacine.fr\\\/\",\"name\":\"R\u00e9plique Manga Cin\u00e9\",\"description\":\"\",\"publisher\":{\"@id\":\"https:\\\/\\\/repliquemangacine.fr\\\/#organization\"},\"potentialAction\":[{\"@type\":\"SearchAction\",\"target\":{\"@type\":\"EntryPoint\",\"urlTemplate\":\"https:\\\/\\\/repliquemangacine.fr\\\/?s={search_term_string}\"},\"query-input\":{\"@type\":\"PropertyValueSpecification\",\"valueRequired\":true,\"valueName\":\"search_term_string\"}}],\"inLanguage\":\"es\"},{\"@type\":\"Organization\",\"@id\":\"https:\\\/\\\/repliquemangacine.fr\\\/#organization\",\"name\":\"R\u00e9plique Manga Cin\u00e9\",\"url\":\"https:\\\/\\\/repliquemangacine.fr\\\/\",\"logo\":{\"@type\":\"ImageObject\",\"inLanguage\":\"es\",\"@id\":\"https:\\\/\\\/repliquemangacine.fr\\\/#\\\/schema\\\/logo\\\/image\\\/\",\"url\":\"https:\\\/\\\/repliquemangacine.fr\\\/wp-content\\\/uploads\\\/2023\\\/10\\\/RMC-500250.png\",\"contentUrl\":\"https:\\\/\\\/repliquemangacine.fr\\\/wp-content\\\/uploads\\\/2023\\\/10\\\/RMC-500250.png\",\"width\":500,\"height\":250,\"caption\":\"R\u00e9plique Manga Cin\u00e9\"},\"image\":{\"@id\":\"https:\\\/\\\/repliquemangacine.fr\\\/#\\\/schema\\\/logo\\\/image\\\/\"},\"sameAs\":[\"https:\\\/\\\/www.facebook.com\\\/RepliqueMangaCine\",\"https:\\\/\\\/www.instagram.com\\\/repliquemangacine.fr\\\/\"]}]}<\/script>\n<!-- \/ Yoast SEO plugin. -->","yoast_head_json":{"title":"Pistola Edward Kenway - Assassin's Creed - Venta en l\u00ednea | RMC","description":"Reg\u00e1late esta Pistola Edward Kenway de Assassin's Creed al mejor precio - Madera maciza - Simulaci\u00f3n de tiro - Escala 1\/1 - Env\u00edo 24\/48h","robots":{"index":"index","follow":"follow","max-snippet":"max-snippet:-1","max-image-preview":"max-image-preview:large","max-video-preview":"max-video-preview:-1"},"canonical":"https:\/\/repliquemangacine.fr\/es\/armas-de-assassins-creed\/edward-kenway-pistola-italiana-de-chispa-assassin-s-creed-iv\/","og_locale":"es_ES","og_type":"article","og_title":"Pistolet Edward Kenway - Assassin's Creed - Vente en ligne | RMC","og_description":"Offrez-vous ce Pistolet Edward Kenway dans Assassin's Creed au meilleur prix - Bois massif - Simulation de tir - Echelle 1\/1 - Envoi 24\/48h","og_url":"https:\/\/repliquemangacine.fr\/es\/armas-de-assassins-creed\/edward-kenway-pistola-italiana-de-chispa-assassin-s-creed-iv\/","og_site_name":"R\u00e9plique Manga Cin\u00e9","article_publisher":"https:\/\/www.facebook.com\/RepliqueMangaCine","article_modified_time":"2025-12-05T10:55:30+00:00","og_image":[{"width":800,"height":800,"url":"https:\/\/repliquemangacine.fr\/wp-content\/uploads\/2023\/10\/227-Pistolet-a-silex-Edward-Kenway-Assassins-Creed-IV.jpg","type":"image\/jpeg"}],"twitter_card":"summary_large_image","twitter_misc":{"Tiempo de lectura":"3 minutos"},"schema":{"@context":"https:\/\/schema.org","@graph":[{"@type":"WebPage","@id":"https:\/\/repliquemangacine.fr\/armes-assassins-creed\/pistolet-a-silex-italien-edward-kenway-assassin-s-creed-iv\/","url":"https:\/\/repliquemangacine.fr\/armes-assassins-creed\/pistolet-a-silex-italien-edward-kenway-assassin-s-creed-iv\/","name":"Pistola Edward Kenway - Assassin's Creed - Venta en l\u00ednea | RMC","isPartOf":{"@id":"https:\/\/repliquemangacine.fr\/#website"},"primaryImageOfPage":{"@id":"https:\/\/repliquemangacine.fr\/armes-assassins-creed\/pistolet-a-silex-italien-edward-kenway-assassin-s-creed-iv\/#primaryimage"},"image":{"@id":"https:\/\/repliquemangacine.fr\/armes-assassins-creed\/pistolet-a-silex-italien-edward-kenway-assassin-s-creed-iv\/#primaryimage"},"thumbnailUrl":"https:\/\/repliquemangacine.fr\/wp-content\/uploads\/2023\/10\/227-Pistolet-a-silex-Edward-Kenway-Assassins-Creed-IV.jpg","datePublished":"2016-08-30T13:03:01+00:00","dateModified":"2025-12-05T10:55:30+00:00","description":"Reg\u00e1late esta Pistola Edward Kenway de Assassin's Creed al mejor precio - Madera maciza - Simulaci\u00f3n de tiro - Escala 1\/1 - Env\u00edo 24\/48h","breadcrumb":{"@id":"https:\/\/repliquemangacine.fr\/armes-assassins-creed\/pistolet-a-silex-italien-edward-kenway-assassin-s-creed-iv\/#breadcrumb"},"inLanguage":"es","potentialAction":[{"@type":"ReadAction","target":["https:\/\/repliquemangacine.fr\/armes-assassins-creed\/pistolet-a-silex-italien-edward-kenway-assassin-s-creed-iv\/"]}]},{"@type":"ImageObject","inLanguage":"es","@id":"https:\/\/repliquemangacine.fr\/armes-assassins-creed\/pistolet-a-silex-italien-edward-kenway-assassin-s-creed-iv\/#primaryimage","url":"https:\/\/repliquemangacine.fr\/wp-content\/uploads\/2023\/10\/227-Pistolet-a-silex-Edward-Kenway-Assassins-Creed-IV.jpg","contentUrl":"https:\/\/repliquemangacine.fr\/wp-content\/uploads\/2023\/10\/227-Pistolet-a-silex-Edward-Kenway-Assassins-Creed-IV.jpg","width":800,"height":800,"caption":"Pistolet \u00e0 silex - Edward Kenway - Assassin's Creed IV"},{"@type":"BreadcrumbList","@id":"https:\/\/repliquemangacine.fr\/armes-assassins-creed\/pistolet-a-silex-italien-edward-kenway-assassin-s-creed-iv\/#breadcrumb","itemListElement":[{"@type":"ListItem","position":1,"name":"Accueil","item":"https:\/\/repliquemangacine.fr\/"},{"@type":"ListItem","position":2,"name":"Produits","item":"https:\/\/repliquemangacine.fr\/boutique\/"},{"@type":"ListItem","position":3,"name":"Pistolet \u00e0 silex d&#8217;Edward Kenway Assassin&#8217;s Creed IV"}]},{"@type":"WebSite","@id":"https:\/\/repliquemangacine.fr\/#website","url":"https:\/\/repliquemangacine.fr\/","name":"R\u00e9plique Manga Cin\u00e9","description":"","publisher":{"@id":"https:\/\/repliquemangacine.fr\/#organization"},"potentialAction":[{"@type":"SearchAction","target":{"@type":"EntryPoint","urlTemplate":"https:\/\/repliquemangacine.fr\/?s={search_term_string}"},"query-input":{"@type":"PropertyValueSpecification","valueRequired":true,"valueName":"search_term_string"}}],"inLanguage":"es"},{"@type":"Organization","@id":"https:\/\/repliquemangacine.fr\/#organization","name":"R\u00e9plique Manga Cin\u00e9","url":"https:\/\/repliquemangacine.fr\/","logo":{"@type":"ImageObject","inLanguage":"es","@id":"https:\/\/repliquemangacine.fr\/#\/schema\/logo\/image\/","url":"https:\/\/repliquemangacine.fr\/wp-content\/uploads\/2023\/10\/RMC-500250.png","contentUrl":"https:\/\/repliquemangacine.fr\/wp-content\/uploads\/2023\/10\/RMC-500250.png","width":500,"height":250,"caption":"R\u00e9plique Manga Cin\u00e9"},"image":{"@id":"https:\/\/repliquemangacine.fr\/#\/schema\/logo\/image\/"},"sameAs":["https:\/\/www.facebook.com\/RepliqueMangaCine","https:\/\/www.instagram.com\/repliquemangacine.fr\/"]}]}},"_links":{"self":[{"href":"https:\/\/repliquemangacine.fr\/es\/wp-json\/wp\/v2\/product\/25437","targetHints":{"allow":["GET"]}}],"collection":[{"href":"https:\/\/repliquemangacine.fr\/es\/wp-json\/wp\/v2\/product"}],"about":[{"href":"https:\/\/repliquemangacine.fr\/es\/wp-json\/wp\/v2\/types\/product"}],"wp:featuredmedia":[{"embeddable":true,"href":"https:\/\/repliquemangacine.fr\/es\/wp-json\/wp\/v2\/media\/25438"}],"wp:attachment":[{"href":"https:\/\/repliquemangacine.fr\/es\/wp-json\/wp\/v2\/media?parent=25437"}],"wp:term":[{"taxonomy":"product_brand","embeddable":true,"href":"https:\/\/repliquemangacine.fr\/es\/wp-json\/wp\/v2\/product_brand?post=25437"},{"taxonomy":"product_cat","embeddable":true,"href":"https:\/\/repliquemangacine.fr\/es\/wp-json\/wp\/v2\/product_cat?post=25437"},{"taxonomy":"product_tag","embeddable":true,"href":"https:\/\/repliquemangacine.fr\/es\/wp-json\/wp\/v2\/product_tag?post=25437"}],"curies":[{"name":"wp","href":"https:\/\/api.w.org\/{rel}","templated":true}]}}