





{"id":25425,"date":"2016-08-29T19:01:05","date_gmt":"2016-08-29T17:01:05","guid":{"rendered":"https:\/\/repliquemangacine.fr\/?post_type=product&#038;p=25425"},"modified":"2025-09-25T16:55:26","modified_gmt":"2025-09-25T14:55:26","slug":"tomahawk-assassins-creed-hacha-connor-kenway","status":"publish","type":"product","link":"https:\/\/repliquemangacine.fr\/es\/armes-assassins-creed\/tomahawk-assassins-creed-hache-connor-kenway\/","title":{"rendered":"Assassin's Creed Tomahawk"},"content":{"rendered":"<h2>R\u00e9plica del Tomahawk de Assassin's Creed.<\/h2>\n<p>Para empezar, el <strong>Assassin's Creed Tomahawk<\/strong> Es el hacha de Connor Kenway.<\/p>\n<p>Connor, su verdadero nombre <a href=\"https:\/\/assassinscreed.fandom.com\/fr\/wiki\/Ratonhnhak\u00e9:ton?so=search\" target=\"_blank\" rel=\"noopener noreferrer\">Ratonhnhak\u00e9<\/a>. Adoptando el seud\u00f3nimo de Connor, dio nueva vida a la Hermandad ampliando el Dominio Davenport y renovando su buque insignia, el Aquila. Robert Faulkner lo nombr\u00f3 capit\u00e1n, mientras que Connor reclut\u00f3 a otros seis Asesinos.<\/p>\n<p>El Tomahawk de los Asesinos era un peque\u00f1o hacha utilizada por el asesino mohawk Connor Kenway en el siglo XVIII, m\u00e1s concretamente durante la Revoluci\u00f3n Americana.<\/p>\n<p>Originalmente pertenec\u00eda a Jean de la Tour, el primer Asesino del Nuevo Mundo, antes de ser cedido a Connor muchos a\u00f1os despu\u00e9s. La Asesina de Luisiana Aveline de Grandpr\u00e9 obtuvo a su vez el tomahawk, tras conocer a Connor en 1777, quien la ayud\u00f3 a asesinar al templario George Davidson, miembro del regimiento et\u00edope de Lord Dunmore.<\/p>\n<h2>Tu Assassin's Creed Tomahawk al mejor precio.<\/h2>\n<p>Te traemos todas las r\u00e9plicas de tu videojuego favorito Assassin's Creed.<\/p>\n<p>Lo primero y m\u00e1s importante,<\/p>\n<ul>\n<li>La r\u00e9plica del <a href=\"https:\/\/repliquemangacine.fr\/es\/assassins-creed\/edward-keway-pistola-de-chispa-replica-manga-cine\/\">pistola de chispa<\/a> por Edward Kenway.<\/li>\n<li>Pero tambi\u00e9n, la pistola hacha pirata, la <a href=\"https:\/\/repliquemangacine.fr\/es\/assassins-creed\/arma-hacha-pirata-siglo-xviii\/\">Hacha<\/a> en Assassin's Creed Unity: Dead Kings.<\/li>\n<li>Y muchos m\u00e1s por descubrir en nuestra tienda en l\u00ednea.<\/li>\n<\/ul>\n<p>Si eres fan de Assassin's Creed, esta hacha es una excelente incorporaci\u00f3n a tu arsenal. Por eso, es una idea estupenda para regalar a los fans.<\/p>\n<p>En conclusi\u00f3n, tambi\u00e9n puede utilizar este <strong>Assassin's Creed Tomahawk<\/strong> para tus desfiles de cosplay o fiestas tem\u00e1ticas. Pero sobre todo, esta hacha es una pieza de coleccionista, y una pieza decorativa.<\/p>\n<h2>\u00bfC\u00f3mo debo mantener la hoja de mi hacha?<\/h2>\n<p>Las katanas de colecci\u00f3n y decorativas se fabrican y ensamblan de forma simplificada. Como su uso es decorativo, no cuentan con los elementos de seguridad exigidos a una espada japonesa destinada al entrenamiento.<\/p>\n<p>Sin embargo, su <strong>Assassin's Creed Tomahawk<\/strong> a una hoja de acero que hay que cuidar para evitar que se estropee con el tiempo. Cuando exponga su katana, sus amigos sentir\u00e1n curiosidad por ver la hoja y tocarla. Aqu\u00ed es donde hay que tener cuidado, ya que la acidez de los dedos es muy perjudicial para el acero, sea cual sea su calidad.<\/p>\n<p>Sin embargo, si esto ocurre, no te asustes, todo lo que necesitas es un pa\u00f1o humedecido con un poco de aceite y limpiar las huellas dactilares. Si haces esto, tu espada durar\u00e1 mucho tiempo.<\/p>\n<p>&nbsp;<\/p>","protected":false},"excerpt":{"rendered":"<p>El Assassin's Tomahawk era un hacha utilizada por el Assassin Connor Kenway en Assassin's Creed III.<\/p>\n<ul>\n<li>Hoja de acero con la forma del s\u00edmbolo del Asesino.<\/li>\n<li>Mango de madera con grabado y ribete de ante alrededor de la empu\u00f1adura.<\/li>\n<li>Soporte de madera suministrado.<\/li>\n<li>Longitud total de 40 cm<\/li>\n<\/ul>","protected":false},"featured_media":25426,"template":"","meta":[],"product_brand":[896],"product_cat":[836,48,23],"product_tag":[],"class_list":{"0":"post-25425","1":"product","2":"type-product","3":"status-publish","4":"has-post-thumbnail","6":"product_brand-replique-manga-cine","7":"product_cat-armes-assassins-creed","8":"product_cat-epees-assassins-creed-armes-assassins-creed","9":"product_cat-repliques-manga-jeux-video","11":"first","12":"instock","13":"taxable","14":"shipping-taxable","15":"purchasable","16":"product-type-simple"},"yoast_head":"<!-- This site is optimized with the Yoast SEO plugin v27.4 - https:\/\/yoast.com\/product\/yoast-seo-wordpress\/ -->\n<title>Tomahawk Assassin&#039;s Creed - Hache - Boutique en ligne | RMC<\/title>\n<meta name=\"description\" content=\"Armez-vous du Tomahawk Assassin&#039;s Creed au meilleur prix - Lame en acier - Support - Longueur totale : 40 cm - Envoi 24\/48h\" \/>\n<meta name=\"robots\" content=\"index, follow, max-snippet:-1, max-image-preview:large, max-video-preview:-1\" \/>\n<link rel=\"canonical\" href=\"https:\/\/repliquemangacine.fr\/es\/armas-de-assassins-creed\/tomahawk-assassins-creed-hacha-connor-kenway\/\" \/>\n<meta property=\"og:locale\" content=\"es_ES\" \/>\n<meta property=\"og:type\" content=\"article\" \/>\n<meta property=\"og:title\" content=\"Tomahawk Assassin&#039;s Creed - Hache - Boutique en ligne | RMC\" \/>\n<meta property=\"og:description\" content=\"Armez-vous du Tomahawk Assassin&#039;s Creed au meilleur prix - Lame en acier - Support - Longueur totale : 40 cm - Envoi 24\/48h\" \/>\n<meta property=\"og:url\" content=\"https:\/\/repliquemangacine.fr\/es\/armas-de-assassins-creed\/tomahawk-assassins-creed-hacha-connor-kenway\/\" \/>\n<meta property=\"og:site_name\" content=\"R\u00e9plique Manga Cin\u00e9\" \/>\n<meta property=\"article:publisher\" content=\"https:\/\/www.facebook.com\/RepliqueMangaCine\" \/>\n<meta property=\"article:modified_time\" content=\"2025-09-25T14:55:26+00:00\" \/>\n<meta property=\"og:image\" content=\"https:\/\/repliquemangacine.fr\/wp-content\/uploads\/2023\/10\/217-Tomahawk-Connor-Kenway.jpg\" \/>\n\t<meta property=\"og:image:width\" content=\"800\" \/>\n\t<meta property=\"og:image:height\" content=\"800\" \/>\n\t<meta property=\"og:image:type\" content=\"image\/jpeg\" \/>\n<meta name=\"twitter:card\" content=\"summary_large_image\" \/>\n<meta name=\"twitter:label1\" content=\"Tiempo de lectura\" \/>\n\t<meta name=\"twitter:data1\" content=\"3 minutos\" \/>\n<script type=\"application\/ld+json\" class=\"yoast-schema-graph\">{\"@context\":\"https:\\\/\\\/schema.org\",\"@graph\":[{\"@type\":\"WebPage\",\"@id\":\"https:\\\/\\\/repliquemangacine.fr\\\/armes-assassins-creed\\\/tomahawk-assassins-creed-hache-connor-kenway\\\/\",\"url\":\"https:\\\/\\\/repliquemangacine.fr\\\/armes-assassins-creed\\\/tomahawk-assassins-creed-hache-connor-kenway\\\/\",\"name\":\"Tomahawk Assassin's Creed - Hache - Boutique en ligne | RMC\",\"isPartOf\":{\"@id\":\"https:\\\/\\\/repliquemangacine.fr\\\/#website\"},\"primaryImageOfPage\":{\"@id\":\"https:\\\/\\\/repliquemangacine.fr\\\/armes-assassins-creed\\\/tomahawk-assassins-creed-hache-connor-kenway\\\/#primaryimage\"},\"image\":{\"@id\":\"https:\\\/\\\/repliquemangacine.fr\\\/armes-assassins-creed\\\/tomahawk-assassins-creed-hache-connor-kenway\\\/#primaryimage\"},\"thumbnailUrl\":\"https:\\\/\\\/repliquemangacine.fr\\\/wp-content\\\/uploads\\\/2023\\\/10\\\/217-Tomahawk-Connor-Kenway.jpg\",\"datePublished\":\"2016-08-29T17:01:05+00:00\",\"dateModified\":\"2025-09-25T14:55:26+00:00\",\"description\":\"Armez-vous du Tomahawk Assassin's Creed au meilleur prix - Lame en acier - Support - Longueur totale : 40 cm - Envoi 24\\\/48h\",\"breadcrumb\":{\"@id\":\"https:\\\/\\\/repliquemangacine.fr\\\/armes-assassins-creed\\\/tomahawk-assassins-creed-hache-connor-kenway\\\/#breadcrumb\"},\"inLanguage\":\"es\",\"potentialAction\":[{\"@type\":\"ReadAction\",\"target\":[\"https:\\\/\\\/repliquemangacine.fr\\\/armes-assassins-creed\\\/tomahawk-assassins-creed-hache-connor-kenway\\\/\"]}]},{\"@type\":\"ImageObject\",\"inLanguage\":\"es\",\"@id\":\"https:\\\/\\\/repliquemangacine.fr\\\/armes-assassins-creed\\\/tomahawk-assassins-creed-hache-connor-kenway\\\/#primaryimage\",\"url\":\"https:\\\/\\\/repliquemangacine.fr\\\/wp-content\\\/uploads\\\/2023\\\/10\\\/217-Tomahawk-Connor-Kenway.jpg\",\"contentUrl\":\"https:\\\/\\\/repliquemangacine.fr\\\/wp-content\\\/uploads\\\/2023\\\/10\\\/217-Tomahawk-Connor-Kenway.jpg\",\"width\":800,\"height\":800,\"caption\":\"Tomahawk Assassin's Creed\"},{\"@type\":\"BreadcrumbList\",\"@id\":\"https:\\\/\\\/repliquemangacine.fr\\\/armes-assassins-creed\\\/tomahawk-assassins-creed-hache-connor-kenway\\\/#breadcrumb\",\"itemListElement\":[{\"@type\":\"ListItem\",\"position\":1,\"name\":\"Accueil\",\"item\":\"https:\\\/\\\/repliquemangacine.fr\\\/\"},{\"@type\":\"ListItem\",\"position\":2,\"name\":\"Produits\",\"item\":\"https:\\\/\\\/repliquemangacine.fr\\\/boutique\\\/\"},{\"@type\":\"ListItem\",\"position\":3,\"name\":\"Tomahawk Assassin&#8217;s Creed\"}]},{\"@type\":\"WebSite\",\"@id\":\"https:\\\/\\\/repliquemangacine.fr\\\/#website\",\"url\":\"https:\\\/\\\/repliquemangacine.fr\\\/\",\"name\":\"R\u00e9plique Manga Cin\u00e9\",\"description\":\"\",\"publisher\":{\"@id\":\"https:\\\/\\\/repliquemangacine.fr\\\/#organization\"},\"potentialAction\":[{\"@type\":\"SearchAction\",\"target\":{\"@type\":\"EntryPoint\",\"urlTemplate\":\"https:\\\/\\\/repliquemangacine.fr\\\/?s={search_term_string}\"},\"query-input\":{\"@type\":\"PropertyValueSpecification\",\"valueRequired\":true,\"valueName\":\"search_term_string\"}}],\"inLanguage\":\"es\"},{\"@type\":\"Organization\",\"@id\":\"https:\\\/\\\/repliquemangacine.fr\\\/#organization\",\"name\":\"R\u00e9plique Manga Cin\u00e9\",\"url\":\"https:\\\/\\\/repliquemangacine.fr\\\/\",\"logo\":{\"@type\":\"ImageObject\",\"inLanguage\":\"es\",\"@id\":\"https:\\\/\\\/repliquemangacine.fr\\\/#\\\/schema\\\/logo\\\/image\\\/\",\"url\":\"https:\\\/\\\/repliquemangacine.fr\\\/wp-content\\\/uploads\\\/2023\\\/10\\\/RMC-500250.png\",\"contentUrl\":\"https:\\\/\\\/repliquemangacine.fr\\\/wp-content\\\/uploads\\\/2023\\\/10\\\/RMC-500250.png\",\"width\":500,\"height\":250,\"caption\":\"R\u00e9plique Manga Cin\u00e9\"},\"image\":{\"@id\":\"https:\\\/\\\/repliquemangacine.fr\\\/#\\\/schema\\\/logo\\\/image\\\/\"},\"sameAs\":[\"https:\\\/\\\/www.facebook.com\\\/RepliqueMangaCine\",\"https:\\\/\\\/www.instagram.com\\\/repliquemangacine.fr\\\/\"]}]}<\/script>\n<!-- \/ Yoast SEO plugin. -->","yoast_head_json":{"title":"Tomahawk Assassin's Creed - Hacha - Boutique en ligne | RMC","description":"\u00c1rmate con el Tomahawk de Assassin's Creed al mejor precio - Hoja de acero - Soporte - Longitud total: 40 cm - Env\u00edo 24\/48h","robots":{"index":"index","follow":"follow","max-snippet":"max-snippet:-1","max-image-preview":"max-image-preview:large","max-video-preview":"max-video-preview:-1"},"canonical":"https:\/\/repliquemangacine.fr\/es\/armas-de-assassins-creed\/tomahawk-assassins-creed-hacha-connor-kenway\/","og_locale":"es_ES","og_type":"article","og_title":"Tomahawk Assassin's Creed - Hache - Boutique en ligne | RMC","og_description":"Armez-vous du Tomahawk Assassin's Creed au meilleur prix - Lame en acier - Support - Longueur totale : 40 cm - Envoi 24\/48h","og_url":"https:\/\/repliquemangacine.fr\/es\/armas-de-assassins-creed\/tomahawk-assassins-creed-hacha-connor-kenway\/","og_site_name":"R\u00e9plique Manga Cin\u00e9","article_publisher":"https:\/\/www.facebook.com\/RepliqueMangaCine","article_modified_time":"2025-09-25T14:55:26+00:00","og_image":[{"width":800,"height":800,"url":"https:\/\/repliquemangacine.fr\/wp-content\/uploads\/2023\/10\/217-Tomahawk-Connor-Kenway.jpg","type":"image\/jpeg"}],"twitter_card":"summary_large_image","twitter_misc":{"Tiempo de lectura":"3 minutos"},"schema":{"@context":"https:\/\/schema.org","@graph":[{"@type":"WebPage","@id":"https:\/\/repliquemangacine.fr\/armes-assassins-creed\/tomahawk-assassins-creed-hache-connor-kenway\/","url":"https:\/\/repliquemangacine.fr\/armes-assassins-creed\/tomahawk-assassins-creed-hache-connor-kenway\/","name":"Tomahawk Assassin's Creed - Hacha - Boutique en ligne | RMC","isPartOf":{"@id":"https:\/\/repliquemangacine.fr\/#website"},"primaryImageOfPage":{"@id":"https:\/\/repliquemangacine.fr\/armes-assassins-creed\/tomahawk-assassins-creed-hache-connor-kenway\/#primaryimage"},"image":{"@id":"https:\/\/repliquemangacine.fr\/armes-assassins-creed\/tomahawk-assassins-creed-hache-connor-kenway\/#primaryimage"},"thumbnailUrl":"https:\/\/repliquemangacine.fr\/wp-content\/uploads\/2023\/10\/217-Tomahawk-Connor-Kenway.jpg","datePublished":"2016-08-29T17:01:05+00:00","dateModified":"2025-09-25T14:55:26+00:00","description":"\u00c1rmate con el Tomahawk de Assassin's Creed al mejor precio - Hoja de acero - Soporte - Longitud total: 40 cm - Env\u00edo 24\/48h","breadcrumb":{"@id":"https:\/\/repliquemangacine.fr\/armes-assassins-creed\/tomahawk-assassins-creed-hache-connor-kenway\/#breadcrumb"},"inLanguage":"es","potentialAction":[{"@type":"ReadAction","target":["https:\/\/repliquemangacine.fr\/armes-assassins-creed\/tomahawk-assassins-creed-hache-connor-kenway\/"]}]},{"@type":"ImageObject","inLanguage":"es","@id":"https:\/\/repliquemangacine.fr\/armes-assassins-creed\/tomahawk-assassins-creed-hache-connor-kenway\/#primaryimage","url":"https:\/\/repliquemangacine.fr\/wp-content\/uploads\/2023\/10\/217-Tomahawk-Connor-Kenway.jpg","contentUrl":"https:\/\/repliquemangacine.fr\/wp-content\/uploads\/2023\/10\/217-Tomahawk-Connor-Kenway.jpg","width":800,"height":800,"caption":"Tomahawk Assassin's Creed"},{"@type":"BreadcrumbList","@id":"https:\/\/repliquemangacine.fr\/armes-assassins-creed\/tomahawk-assassins-creed-hache-connor-kenway\/#breadcrumb","itemListElement":[{"@type":"ListItem","position":1,"name":"Accueil","item":"https:\/\/repliquemangacine.fr\/"},{"@type":"ListItem","position":2,"name":"Produits","item":"https:\/\/repliquemangacine.fr\/boutique\/"},{"@type":"ListItem","position":3,"name":"Tomahawk Assassin&#8217;s Creed"}]},{"@type":"WebSite","@id":"https:\/\/repliquemangacine.fr\/#website","url":"https:\/\/repliquemangacine.fr\/","name":"R\u00e9plique Manga Cin\u00e9","description":"","publisher":{"@id":"https:\/\/repliquemangacine.fr\/#organization"},"potentialAction":[{"@type":"SearchAction","target":{"@type":"EntryPoint","urlTemplate":"https:\/\/repliquemangacine.fr\/?s={search_term_string}"},"query-input":{"@type":"PropertyValueSpecification","valueRequired":true,"valueName":"search_term_string"}}],"inLanguage":"es"},{"@type":"Organization","@id":"https:\/\/repliquemangacine.fr\/#organization","name":"R\u00e9plique Manga Cin\u00e9","url":"https:\/\/repliquemangacine.fr\/","logo":{"@type":"ImageObject","inLanguage":"es","@id":"https:\/\/repliquemangacine.fr\/#\/schema\/logo\/image\/","url":"https:\/\/repliquemangacine.fr\/wp-content\/uploads\/2023\/10\/RMC-500250.png","contentUrl":"https:\/\/repliquemangacine.fr\/wp-content\/uploads\/2023\/10\/RMC-500250.png","width":500,"height":250,"caption":"R\u00e9plique Manga Cin\u00e9"},"image":{"@id":"https:\/\/repliquemangacine.fr\/#\/schema\/logo\/image\/"},"sameAs":["https:\/\/www.facebook.com\/RepliqueMangaCine","https:\/\/www.instagram.com\/repliquemangacine.fr\/"]}]}},"_links":{"self":[{"href":"https:\/\/repliquemangacine.fr\/es\/wp-json\/wp\/v2\/product\/25425","targetHints":{"allow":["GET"]}}],"collection":[{"href":"https:\/\/repliquemangacine.fr\/es\/wp-json\/wp\/v2\/product"}],"about":[{"href":"https:\/\/repliquemangacine.fr\/es\/wp-json\/wp\/v2\/types\/product"}],"wp:featuredmedia":[{"embeddable":true,"href":"https:\/\/repliquemangacine.fr\/es\/wp-json\/wp\/v2\/media\/25426"}],"wp:attachment":[{"href":"https:\/\/repliquemangacine.fr\/es\/wp-json\/wp\/v2\/media?parent=25425"}],"wp:term":[{"taxonomy":"product_brand","embeddable":true,"href":"https:\/\/repliquemangacine.fr\/es\/wp-json\/wp\/v2\/product_brand?post=25425"},{"taxonomy":"product_cat","embeddable":true,"href":"https:\/\/repliquemangacine.fr\/es\/wp-json\/wp\/v2\/product_cat?post=25425"},{"taxonomy":"product_tag","embeddable":true,"href":"https:\/\/repliquemangacine.fr\/es\/wp-json\/wp\/v2\/product_tag?post=25425"}],"curies":[{"name":"wp","href":"https:\/\/api.w.org\/{rel}","templated":true}]}}