





{"id":25421,"date":"2016-08-29T18:34:32","date_gmt":"2016-08-29T16:34:32","guid":{"rendered":"https:\/\/repliquemangacine.fr\/?post_type=product&#038;p=25421"},"modified":"2025-09-23T18:01:32","modified_gmt":"2025-09-23T16:01:32","slug":"altair-assassin-s-creed-cuchillos-arrojadizos","status":"publish","type":"product","link":"https:\/\/repliquemangacine.fr\/es\/armes-assassins-creed\/couteaux-a-lancer-altair-assassin-s-creed\/","title":{"rendered":"Cuchillos arrojadizos Alta\u00efr"},"content":{"rendered":"<h2>Cuchillos arrojadizos llevados por Alta\u00efr.<\/h2>\n<p>Para empezar, el <strong>Cuchillos arrojadizos Alta\u00efr<\/strong> est\u00e1n hechos totalmente de acero no cortante.<\/p>\n<p>Alta\u00efr es miembro de la hermandad de los Asesinos. Enfrentado a una misi\u00f3n que no lleva a cabo correctamente, se ve despojado de su rango de \u00abMaestro Asesino\u00bb. Sin embargo, su mentor, que ve en \u00e9l un buen elemento, decide darle una segunda oportunidad. Alta\u00efr se ve obligado a realizar nueve asesinatos para recuperar su honor y su rango.<\/p>\n<p>Altair era un <a href=\"https:\/\/assassinscreed.fandom.com\/fr\/wiki\/Ma\u00eetre_Assassin\" target=\"_blank\" rel=\"noopener noreferrer\">Maestro Asesino<\/a>, Era capaz de incre\u00edbles proezas acrob\u00e1ticas, que pon\u00eda al servicio de su arte mortal. Sobreentrenado, pod\u00eda superar cualquier obst\u00e1culo.<\/p>\n<p>Al igual que los dem\u00e1s Asesinos, tambi\u00e9n fue entrenado en t\u00e9cnicas de asesinato sigiloso, combate cuerpo a cuerpo y combate armado, as\u00ed como en el lanzamiento de armas.<\/p>\n<h2>Tus cuchillos arrojadizos Alta\u00efr al mejor precio.<\/h2>\n<p>Te traemos todas las r\u00e9plicas de tu videojuego favorito Assassin's Creed.<\/p>\n<p>Lo primero y m\u00e1s importante,<\/p>\n<ul>\n<li>L'<a href=\"https:\/\/repliquemangacine.fr\/es\/assassins-creed\/epee-d-altair-assassin-s-creed\/\">espada de Alta\u00efr<\/a>Esta es una de las cuatro armas que posee.<\/li>\n<li>Tambi\u00e9n hay dagas y cuchillos arrojadizos de Alta\u00efr.<\/li>\n<li>Tambi\u00e9n ofrecemos <a href=\"https:\/\/repliquemangacine.fr\/es\/assassins-creed\/assassin-s-creed-odyssey-replica-lanza-rota-de-leonidas\/\">Lanza de Le\u00f3nidas<\/a> en Assassin's Creed Odyssey<\/li>\n<li>Y muchos m\u00e1s por descubrir en nuestra tienda en l\u00ednea.<\/li>\n<\/ul>\n<p>Si eres un fan de Assassin's Creed, estos cuchillos son una gran adici\u00f3n a tu arsenal. Una gran idea de regalo para los fans.<\/p>\n<p>En conclusi\u00f3n, tambi\u00e9n puede utilizar su <strong>Cuchillos arrojadizos Alta\u00efr<\/strong> para tus desfiles de cosplay o fiestas tem\u00e1ticas. Pero, sobre todo, la r\u00e9plica de los dos cuchillos de Alta\u00efr en Assassin's Creed es una pieza de coleccionista y decoraci\u00f3n.<\/p>\n<h2>\u00bfC\u00f3mo puedo mantener la hoja de mi cuchillo Assassin's Creed?<\/h2>\n<p>Los cuchillos de colecci\u00f3n y decorativos se fabrican y ensamblan de forma simplificada. Como su uso es decorativo, no cuentan con los elementos de seguridad exigidos para una espada japonesa destinada al entrenamiento.<\/p>\n<p>Sin embargo, sus dos <strong>Cuchillos arrojadizos Alta\u00efr<\/strong> tienen una hoja de acero que hay que mantener para evitar que se da\u00f1e con el tiempo. Cuando exponga su katana, sus amigos sentir\u00e1n curiosidad por ver la hoja y tocarla. Aqu\u00ed es donde hay que tener cuidado, ya que la acidez de los dedos es muy perjudicial para el acero, sea cual sea su calidad.<\/p>\n<p>Sin embargo, si esto ocurre, no te asustes, todo lo que necesitas es un pa\u00f1o humedecido con un poco de aceite y limpiar las huellas dactilares. Si haces esto, tu espada durar\u00e1 mucho tiempo.<\/p>\n<p><strong>\u00a0<\/strong><\/p>","protected":false},"excerpt":{"rendered":"<p>Alta\u00efr tiene cuatro armas, que recoge una a una.<\/p>\n<ul>\n<li>Juego de 2 cuchillos arrojadizos.<\/li>\n<li>Fabricado totalmente en metal y de una sola pieza.<\/li>\n<li>Funda de transporte de Cordura.<\/li>\n<li>Longitud de cada cuchillo: 20,5 cm<\/li>\n<\/ul>","protected":false},"featured_media":25422,"template":"","meta":[],"product_brand":[896],"product_cat":[836,48,23],"product_tag":[],"class_list":{"0":"post-25421","1":"product","2":"type-product","3":"status-publish","4":"has-post-thumbnail","6":"product_brand-replique-manga-cine","7":"product_cat-armes-assassins-creed","8":"product_cat-epees-assassins-creed-armes-assassins-creed","9":"product_cat-repliques-manga-jeux-video","11":"first","12":"outofstock","13":"taxable","14":"shipping-taxable","15":"purchasable","16":"product-type-simple"},"yoast_head":"<!-- This site is optimized with the Yoast SEO plugin v27.4 - https:\/\/yoast.com\/product\/yoast-seo-wordpress\/ -->\n<title>Couteaux \u00e0 lancer Alta\u00efr - Assassin&#039;s Creed - Vente en ligne | RMC<\/title>\n<meta name=\"description\" content=\"Commandez vite ! Ce jeu de 2 Couteaux \u00e0 lancer Alta\u00efr au meilleur prix - Tout en m\u00e9tal, au prix de 19.90\u20ac les deux ! Envoi 24\/48h\" \/>\n<meta name=\"robots\" content=\"index, follow, max-snippet:-1, max-image-preview:large, max-video-preview:-1\" \/>\n<link rel=\"canonical\" href=\"https:\/\/repliquemangacine.fr\/es\/armas-de-assassins-creed\/altair-assassin-s-creed-cuchillos-arrojadizos\/\" \/>\n<meta property=\"og:locale\" content=\"es_ES\" \/>\n<meta property=\"og:type\" content=\"article\" \/>\n<meta property=\"og:title\" content=\"Couteaux \u00e0 lancer Alta\u00efr - Assassin&#039;s Creed - Vente en ligne | RMC\" \/>\n<meta property=\"og:description\" content=\"Commandez vite ! Ce jeu de 2 Couteaux \u00e0 lancer Alta\u00efr au meilleur prix - Tout en m\u00e9tal, au prix de 19.90\u20ac les deux ! Envoi 24\/48h\" \/>\n<meta property=\"og:url\" content=\"https:\/\/repliquemangacine.fr\/es\/armas-de-assassins-creed\/altair-assassin-s-creed-cuchillos-arrojadizos\/\" \/>\n<meta property=\"og:site_name\" content=\"R\u00e9plique Manga Cin\u00e9\" \/>\n<meta property=\"article:publisher\" content=\"https:\/\/www.facebook.com\/RepliqueMangaCine\" \/>\n<meta property=\"article:modified_time\" content=\"2025-09-23T16:01:32+00:00\" \/>\n<meta property=\"og:image\" content=\"https:\/\/repliquemangacine.fr\/wp-content\/uploads\/2023\/10\/214-Couteaux-de-jet-Assassins-Creed.jpg\" \/>\n\t<meta property=\"og:image:width\" content=\"800\" \/>\n\t<meta property=\"og:image:height\" content=\"800\" \/>\n\t<meta property=\"og:image:type\" content=\"image\/jpeg\" \/>\n<meta name=\"twitter:card\" content=\"summary_large_image\" \/>\n<meta name=\"twitter:label1\" content=\"Tiempo de lectura\" \/>\n\t<meta name=\"twitter:data1\" content=\"3 minutos\" \/>\n<script type=\"application\/ld+json\" class=\"yoast-schema-graph\">{\"@context\":\"https:\\\/\\\/schema.org\",\"@graph\":[{\"@type\":\"WebPage\",\"@id\":\"https:\\\/\\\/repliquemangacine.fr\\\/armes-assassins-creed\\\/couteaux-a-lancer-altair-assassin-s-creed\\\/\",\"url\":\"https:\\\/\\\/repliquemangacine.fr\\\/armes-assassins-creed\\\/couteaux-a-lancer-altair-assassin-s-creed\\\/\",\"name\":\"Couteaux \u00e0 lancer Alta\u00efr - Assassin's Creed - Vente en ligne | RMC\",\"isPartOf\":{\"@id\":\"https:\\\/\\\/repliquemangacine.fr\\\/#website\"},\"primaryImageOfPage\":{\"@id\":\"https:\\\/\\\/repliquemangacine.fr\\\/armes-assassins-creed\\\/couteaux-a-lancer-altair-assassin-s-creed\\\/#primaryimage\"},\"image\":{\"@id\":\"https:\\\/\\\/repliquemangacine.fr\\\/armes-assassins-creed\\\/couteaux-a-lancer-altair-assassin-s-creed\\\/#primaryimage\"},\"thumbnailUrl\":\"https:\\\/\\\/repliquemangacine.fr\\\/wp-content\\\/uploads\\\/2023\\\/10\\\/214-Couteaux-de-jet-Assassins-Creed.jpg\",\"datePublished\":\"2016-08-29T16:34:32+00:00\",\"dateModified\":\"2025-09-23T16:01:32+00:00\",\"description\":\"Commandez vite ! Ce jeu de 2 Couteaux \u00e0 lancer Alta\u00efr au meilleur prix - Tout en m\u00e9tal, au prix de 19.90\u20ac les deux ! Envoi 24\\\/48h\",\"breadcrumb\":{\"@id\":\"https:\\\/\\\/repliquemangacine.fr\\\/armes-assassins-creed\\\/couteaux-a-lancer-altair-assassin-s-creed\\\/#breadcrumb\"},\"inLanguage\":\"es\",\"potentialAction\":[{\"@type\":\"ReadAction\",\"target\":[\"https:\\\/\\\/repliquemangacine.fr\\\/armes-assassins-creed\\\/couteaux-a-lancer-altair-assassin-s-creed\\\/\"]}]},{\"@type\":\"ImageObject\",\"inLanguage\":\"es\",\"@id\":\"https:\\\/\\\/repliquemangacine.fr\\\/armes-assassins-creed\\\/couteaux-a-lancer-altair-assassin-s-creed\\\/#primaryimage\",\"url\":\"https:\\\/\\\/repliquemangacine.fr\\\/wp-content\\\/uploads\\\/2023\\\/10\\\/214-Couteaux-de-jet-Assassins-Creed.jpg\",\"contentUrl\":\"https:\\\/\\\/repliquemangacine.fr\\\/wp-content\\\/uploads\\\/2023\\\/10\\\/214-Couteaux-de-jet-Assassins-Creed.jpg\",\"width\":800,\"height\":800,\"caption\":\"Couteaux de jet - Assassin's Creed\"},{\"@type\":\"BreadcrumbList\",\"@id\":\"https:\\\/\\\/repliquemangacine.fr\\\/armes-assassins-creed\\\/couteaux-a-lancer-altair-assassin-s-creed\\\/#breadcrumb\",\"itemListElement\":[{\"@type\":\"ListItem\",\"position\":1,\"name\":\"Accueil\",\"item\":\"https:\\\/\\\/repliquemangacine.fr\\\/\"},{\"@type\":\"ListItem\",\"position\":2,\"name\":\"Produits\",\"item\":\"https:\\\/\\\/repliquemangacine.fr\\\/boutique\\\/\"},{\"@type\":\"ListItem\",\"position\":3,\"name\":\"Couteaux \u00e0 lancer Alta\u00efr\"}]},{\"@type\":\"WebSite\",\"@id\":\"https:\\\/\\\/repliquemangacine.fr\\\/#website\",\"url\":\"https:\\\/\\\/repliquemangacine.fr\\\/\",\"name\":\"R\u00e9plique Manga Cin\u00e9\",\"description\":\"\",\"publisher\":{\"@id\":\"https:\\\/\\\/repliquemangacine.fr\\\/#organization\"},\"potentialAction\":[{\"@type\":\"SearchAction\",\"target\":{\"@type\":\"EntryPoint\",\"urlTemplate\":\"https:\\\/\\\/repliquemangacine.fr\\\/?s={search_term_string}\"},\"query-input\":{\"@type\":\"PropertyValueSpecification\",\"valueRequired\":true,\"valueName\":\"search_term_string\"}}],\"inLanguage\":\"es\"},{\"@type\":\"Organization\",\"@id\":\"https:\\\/\\\/repliquemangacine.fr\\\/#organization\",\"name\":\"R\u00e9plique Manga Cin\u00e9\",\"url\":\"https:\\\/\\\/repliquemangacine.fr\\\/\",\"logo\":{\"@type\":\"ImageObject\",\"inLanguage\":\"es\",\"@id\":\"https:\\\/\\\/repliquemangacine.fr\\\/#\\\/schema\\\/logo\\\/image\\\/\",\"url\":\"https:\\\/\\\/repliquemangacine.fr\\\/wp-content\\\/uploads\\\/2023\\\/10\\\/RMC-500250.png\",\"contentUrl\":\"https:\\\/\\\/repliquemangacine.fr\\\/wp-content\\\/uploads\\\/2023\\\/10\\\/RMC-500250.png\",\"width\":500,\"height\":250,\"caption\":\"R\u00e9plique Manga Cin\u00e9\"},\"image\":{\"@id\":\"https:\\\/\\\/repliquemangacine.fr\\\/#\\\/schema\\\/logo\\\/image\\\/\"},\"sameAs\":[\"https:\\\/\\\/www.facebook.com\\\/RepliqueMangaCine\",\"https:\\\/\\\/www.instagram.com\\\/repliquemangacine.fr\\\/\"]}]}<\/script>\n<!-- \/ Yoast SEO plugin. -->","yoast_head_json":{"title":"Cuchillos arrojadizos Alta\u00efr - Assassin's Creed - Venta en l\u00ednea | RMC","description":"\u00a1P\u00eddalo ya! Este lote de 2 cuchillos arrojadizos Alta\u00efr al mejor precio - \u00a1Todos de metal, por 19,90 euros cada uno! Entrega 24\/48h","robots":{"index":"index","follow":"follow","max-snippet":"max-snippet:-1","max-image-preview":"max-image-preview:large","max-video-preview":"max-video-preview:-1"},"canonical":"https:\/\/repliquemangacine.fr\/es\/armas-de-assassins-creed\/altair-assassin-s-creed-cuchillos-arrojadizos\/","og_locale":"es_ES","og_type":"article","og_title":"Couteaux \u00e0 lancer Alta\u00efr - Assassin's Creed - Vente en ligne | RMC","og_description":"Commandez vite ! Ce jeu de 2 Couteaux \u00e0 lancer Alta\u00efr au meilleur prix - Tout en m\u00e9tal, au prix de 19.90\u20ac les deux ! Envoi 24\/48h","og_url":"https:\/\/repliquemangacine.fr\/es\/armas-de-assassins-creed\/altair-assassin-s-creed-cuchillos-arrojadizos\/","og_site_name":"R\u00e9plique Manga Cin\u00e9","article_publisher":"https:\/\/www.facebook.com\/RepliqueMangaCine","article_modified_time":"2025-09-23T16:01:32+00:00","og_image":[{"width":800,"height":800,"url":"https:\/\/repliquemangacine.fr\/wp-content\/uploads\/2023\/10\/214-Couteaux-de-jet-Assassins-Creed.jpg","type":"image\/jpeg"}],"twitter_card":"summary_large_image","twitter_misc":{"Tiempo de lectura":"3 minutos"},"schema":{"@context":"https:\/\/schema.org","@graph":[{"@type":"WebPage","@id":"https:\/\/repliquemangacine.fr\/armes-assassins-creed\/couteaux-a-lancer-altair-assassin-s-creed\/","url":"https:\/\/repliquemangacine.fr\/armes-assassins-creed\/couteaux-a-lancer-altair-assassin-s-creed\/","name":"Cuchillos arrojadizos Alta\u00efr - Assassin's Creed - Venta en l\u00ednea | RMC","isPartOf":{"@id":"https:\/\/repliquemangacine.fr\/#website"},"primaryImageOfPage":{"@id":"https:\/\/repliquemangacine.fr\/armes-assassins-creed\/couteaux-a-lancer-altair-assassin-s-creed\/#primaryimage"},"image":{"@id":"https:\/\/repliquemangacine.fr\/armes-assassins-creed\/couteaux-a-lancer-altair-assassin-s-creed\/#primaryimage"},"thumbnailUrl":"https:\/\/repliquemangacine.fr\/wp-content\/uploads\/2023\/10\/214-Couteaux-de-jet-Assassins-Creed.jpg","datePublished":"2016-08-29T16:34:32+00:00","dateModified":"2025-09-23T16:01:32+00:00","description":"\u00a1P\u00eddalo ya! Este lote de 2 cuchillos arrojadizos Alta\u00efr al mejor precio - \u00a1Todos de metal, por 19,90 euros cada uno! Entrega 24\/48h","breadcrumb":{"@id":"https:\/\/repliquemangacine.fr\/armes-assassins-creed\/couteaux-a-lancer-altair-assassin-s-creed\/#breadcrumb"},"inLanguage":"es","potentialAction":[{"@type":"ReadAction","target":["https:\/\/repliquemangacine.fr\/armes-assassins-creed\/couteaux-a-lancer-altair-assassin-s-creed\/"]}]},{"@type":"ImageObject","inLanguage":"es","@id":"https:\/\/repliquemangacine.fr\/armes-assassins-creed\/couteaux-a-lancer-altair-assassin-s-creed\/#primaryimage","url":"https:\/\/repliquemangacine.fr\/wp-content\/uploads\/2023\/10\/214-Couteaux-de-jet-Assassins-Creed.jpg","contentUrl":"https:\/\/repliquemangacine.fr\/wp-content\/uploads\/2023\/10\/214-Couteaux-de-jet-Assassins-Creed.jpg","width":800,"height":800,"caption":"Couteaux de jet - Assassin's Creed"},{"@type":"BreadcrumbList","@id":"https:\/\/repliquemangacine.fr\/armes-assassins-creed\/couteaux-a-lancer-altair-assassin-s-creed\/#breadcrumb","itemListElement":[{"@type":"ListItem","position":1,"name":"Accueil","item":"https:\/\/repliquemangacine.fr\/"},{"@type":"ListItem","position":2,"name":"Produits","item":"https:\/\/repliquemangacine.fr\/boutique\/"},{"@type":"ListItem","position":3,"name":"Couteaux \u00e0 lancer Alta\u00efr"}]},{"@type":"WebSite","@id":"https:\/\/repliquemangacine.fr\/#website","url":"https:\/\/repliquemangacine.fr\/","name":"R\u00e9plique Manga Cin\u00e9","description":"","publisher":{"@id":"https:\/\/repliquemangacine.fr\/#organization"},"potentialAction":[{"@type":"SearchAction","target":{"@type":"EntryPoint","urlTemplate":"https:\/\/repliquemangacine.fr\/?s={search_term_string}"},"query-input":{"@type":"PropertyValueSpecification","valueRequired":true,"valueName":"search_term_string"}}],"inLanguage":"es"},{"@type":"Organization","@id":"https:\/\/repliquemangacine.fr\/#organization","name":"R\u00e9plique Manga Cin\u00e9","url":"https:\/\/repliquemangacine.fr\/","logo":{"@type":"ImageObject","inLanguage":"es","@id":"https:\/\/repliquemangacine.fr\/#\/schema\/logo\/image\/","url":"https:\/\/repliquemangacine.fr\/wp-content\/uploads\/2023\/10\/RMC-500250.png","contentUrl":"https:\/\/repliquemangacine.fr\/wp-content\/uploads\/2023\/10\/RMC-500250.png","width":500,"height":250,"caption":"R\u00e9plique Manga Cin\u00e9"},"image":{"@id":"https:\/\/repliquemangacine.fr\/#\/schema\/logo\/image\/"},"sameAs":["https:\/\/www.facebook.com\/RepliqueMangaCine","https:\/\/www.instagram.com\/repliquemangacine.fr\/"]}]}},"_links":{"self":[{"href":"https:\/\/repliquemangacine.fr\/es\/wp-json\/wp\/v2\/product\/25421","targetHints":{"allow":["GET"]}}],"collection":[{"href":"https:\/\/repliquemangacine.fr\/es\/wp-json\/wp\/v2\/product"}],"about":[{"href":"https:\/\/repliquemangacine.fr\/es\/wp-json\/wp\/v2\/types\/product"}],"wp:featuredmedia":[{"embeddable":true,"href":"https:\/\/repliquemangacine.fr\/es\/wp-json\/wp\/v2\/media\/25422"}],"wp:attachment":[{"href":"https:\/\/repliquemangacine.fr\/es\/wp-json\/wp\/v2\/media?parent=25421"}],"wp:term":[{"taxonomy":"product_brand","embeddable":true,"href":"https:\/\/repliquemangacine.fr\/es\/wp-json\/wp\/v2\/product_brand?post=25421"},{"taxonomy":"product_cat","embeddable":true,"href":"https:\/\/repliquemangacine.fr\/es\/wp-json\/wp\/v2\/product_cat?post=25421"},{"taxonomy":"product_tag","embeddable":true,"href":"https:\/\/repliquemangacine.fr\/es\/wp-json\/wp\/v2\/product_tag?post=25421"}],"curies":[{"name":"wp","href":"https:\/\/api.w.org\/{rel}","templated":true}]}}