





{"id":25400,"date":"2016-08-28T15:43:01","date_gmt":"2016-08-28T13:43:01","guid":{"rendered":"https:\/\/repliquemangacine.fr\/?post_type=product&#038;p=25400"},"modified":"2026-02-20T17:16:42","modified_gmt":"2026-02-20T16:16:42","slug":"naruto-kunai-grande","status":"publish","type":"product","link":"https:\/\/repliquemangacine.fr\/es\/kunai-et-shuriken-naruto\/grand-kunai-naruto\/","title":{"rendered":"Naruto kunai grande"},"content":{"rendered":"<h2>Gran kunai met\u00e1lico de Naruto<\/h2>\n<p>Le <strong>Naruto kunai grande<\/strong> es esencial para ampliar tu colecci\u00f3n.<\/p>\n<p>Para empezar, el kunai, un arma blanca utilizada antiguamente por los ninjas (t\u00e9rmino shinobi en Naruto), que puede servir como arma arrojadiza. Esta arma ninja tiene un extremo puntiagudo con forma de cuchillo. Su longitud media es del tama\u00f1o de una mano.<\/p>\n<p><a href=\"https:\/\/naruto.fandom.com\/fr\/wiki\/Shurikenjutsu\" target=\"_blank\" rel=\"noopener noreferrer\">Shurikenjutsu<\/a> (Significado: T\u00e9cnicas de espada oculta en la mano), arte marcial que se refiere a las t\u00e9cnicas que implican lanzar shurikens, kunais, senbons o cualquier otra arma blanca arrojadiza, como por ejemplo las estrellas ninja.<\/p>\n<p>En Naruto hay diferentes modelos de kunai, como:<\/p>\n<ul>\n<li>Minato Namikaze, que utiliza <a href=\"https:\/\/repliquemangacine.fr\/es\/katana-goodies-naruto-kunai\/kunai-yondaime-minato-namikaze\/\">kunai de tres hojas<\/a> d\u00e1ndole el apodo de \"Rayo Amarillo de Konoha\".<\/li>\n<li>Kabuto utiliza un arma arrojadiza sin anillo para matar a un miembro de los Anbu.<\/li>\n<\/ul>\n<h2>Kunai Naruto grande barato<\/h2>\n<p>R\u00e9plique Manga Cin\u00e9 le ofrece una amplia gama de Kuna\u00ef a los mejores precios:<\/p>\n<ul>\n<li>Todos <a href=\"https:\/\/repliquemangacine.fr\/es\/katana-goodies-naruto-kunai\/3-naruto-kunai\/\">tres kunai con grabado<\/a> el emblema de Naruto.<\/li>\n<li>As\u00ed como el <a href=\"https:\/\/repliquemangacine.fr\/es\/naruto\/kunai-yondaime-minato-namikaze\/\">El kunai de Minato<\/a>con sus tres puntos y el grabado de su sello.<\/li>\n<li>Tambi\u00e9n hay una diadema de Konoha con un s\u00edmbolo.<\/li>\n<li>Y mucho m\u00e1s por descubrir en nuestra tienda en l\u00ednea.<\/li>\n<\/ul>\n<p>Por eso es una gran idea de regalo para todos los fans de Naruto.<strong><br \/>\n<\/strong><\/p>\n<p>En conclusi\u00f3n, puedes utilizar este Grand Kuna\u00ef para tus desfiles de Cosplays o tus veladas tem\u00e1ticas.<\/p>\n<h2>Encuentra nuestras \u00faltimas novedades en Naruto al mejor precio.<\/h2>\n<p>Siempre a la vanguardia de la innovaci\u00f3n, le ofrecemos :<\/p>\n<ul>\n<li>El magn\u00edfico <a href=\"https:\/\/repliquemangacine.fr\/es\/katana-goodies-naruto-kunai\/3-naruto-kunai\/\">Naruto box set<\/a> y sus 28 habitaciones donde descubrir\u00e1s una diadema de Konoha, un <strong>gran Naruto Kunai...<\/strong><\/li>\n<li>Le <a href=\"https:\/\/repliquemangacine.fr\/es\/katana-goodies-naruto-kunai\/katana-boruto-sasuke-naruto\/\">La katana de Boruto<\/a> utilizado por Sasuke para ense\u00f1ar a Boruto a usarlo en Naruto Next Generations.<\/li>\n<\/ul>\n<p>Adem\u00e1s, muy pronto tendremos el placer de ofrecerles p\u00f3sters enrollables, tazas y figuritas.<\/p>\n<p>R\u00e9plique Manga Cin\u00e9 es una empresa familiar francesa.<\/p>\n<p><strong>Tenga en cuenta que todas nuestras r\u00e9plicas son objetos de colecci\u00f3n y decoraci\u00f3n. Puede utilizarlas para sus desfiles de cosplay o para su decoraci\u00f3n interior. En consecuencia, no es posible acudir a lugares p\u00fablicos con estas r\u00e9plicas.<\/strong><\/p>\n<p>&nbsp;<\/p>","protected":false},"excerpt":{"rendered":"<p>A menudo se ven con los personajes de Naruto practicando Shuriken-jutsu (Espada Oculta en la Mano), que consiste en lanzar un kunai.<\/p>\n<ul>\n<li>Fabricado totalmente en metal de una sola pieza.<\/li>\n<li>Un hilo de algod\u00f3n rodea el mango para un agarre seguro.<\/li>\n<li>La punta del kunai es roma para mayor seguridad.<\/li>\n<li>No est\u00e1 afilado.<\/li>\n<li>Longitud total: 24,5 cm<\/li>\n<\/ul>","protected":false},"featured_media":25401,"template":"","meta":[],"product_brand":[896],"product_cat":[108],"product_tag":[],"class_list":{"0":"post-25400","1":"product","2":"type-product","3":"status-publish","4":"has-post-thumbnail","6":"product_brand-replique-manga-cine","7":"product_cat-kunai-et-shuriken-naruto","9":"first","10":"instock","11":"taxable","12":"shipping-taxable","13":"purchasable","14":"product-type-simple"},"yoast_head":"<!-- This site is optimized with the Yoast SEO plugin v27.4 - https:\/\/yoast.com\/product\/yoast-seo-wordpress\/ -->\n<title>Grand Kuna\u00ef Naruto - Shuriken Naruto | R\u00e9plique Manga Cin\u00e9<\/title>\n<meta name=\"description\" content=\"Achetez vite ! Ce Grand Kuna\u00ef Naruto m\u00e9tal en grand mod\u00e8le au meilleur prix. Pointe \u00e9mouss\u00e9e. Paiement s\u00e9curis\u00e9 - Envoi 24\/48h -\" \/>\n<meta name=\"robots\" content=\"index, follow, max-snippet:-1, max-image-preview:large, max-video-preview:-1\" \/>\n<link rel=\"canonical\" href=\"https:\/\/repliquemangacine.fr\/es\/naruto-kunai-y-shuriken\/naruto-kunai-grande\/\" \/>\n<meta property=\"og:locale\" content=\"es_ES\" \/>\n<meta property=\"og:type\" content=\"article\" \/>\n<meta property=\"og:title\" content=\"Grand Kuna\u00ef Naruto - Shuriken Naruto | R\u00e9plique Manga Cin\u00e9\" \/>\n<meta property=\"og:description\" content=\"Achetez vite ! Ce Grand Kuna\u00ef Naruto m\u00e9tal en grand mod\u00e8le au meilleur prix. Pointe \u00e9mouss\u00e9e. Paiement s\u00e9curis\u00e9 - Envoi 24\/48h -\" \/>\n<meta property=\"og:url\" content=\"https:\/\/repliquemangacine.fr\/es\/naruto-kunai-y-shuriken\/naruto-kunai-grande\/\" \/>\n<meta property=\"og:site_name\" content=\"R\u00e9plique Manga Cin\u00e9\" \/>\n<meta property=\"article:publisher\" content=\"https:\/\/www.facebook.com\/RepliqueMangaCine\" \/>\n<meta property=\"article:modified_time\" content=\"2026-02-20T16:16:42+00:00\" \/>\n<meta property=\"og:image\" content=\"https:\/\/repliquemangacine.fr\/wp-content\/uploads\/2023\/10\/198-Kunai-metal-Naruto.jpg\" \/>\n\t<meta property=\"og:image:width\" content=\"800\" \/>\n\t<meta property=\"og:image:height\" content=\"800\" \/>\n\t<meta property=\"og:image:type\" content=\"image\/jpeg\" \/>\n<meta name=\"twitter:card\" content=\"summary_large_image\" \/>\n<meta name=\"twitter:label1\" content=\"Tiempo de lectura\" \/>\n\t<meta name=\"twitter:data1\" content=\"2 minutos\" \/>\n<script type=\"application\/ld+json\" class=\"yoast-schema-graph\">{\"@context\":\"https:\\\/\\\/schema.org\",\"@graph\":[{\"@type\":\"WebPage\",\"@id\":\"https:\\\/\\\/repliquemangacine.fr\\\/kunai-et-shuriken-naruto\\\/grand-kunai-naruto\\\/\",\"url\":\"https:\\\/\\\/repliquemangacine.fr\\\/kunai-et-shuriken-naruto\\\/grand-kunai-naruto\\\/\",\"name\":\"Grand Kuna\u00ef Naruto - Shuriken Naruto | R\u00e9plique Manga Cin\u00e9\",\"isPartOf\":{\"@id\":\"https:\\\/\\\/repliquemangacine.fr\\\/#website\"},\"primaryImageOfPage\":{\"@id\":\"https:\\\/\\\/repliquemangacine.fr\\\/kunai-et-shuriken-naruto\\\/grand-kunai-naruto\\\/#primaryimage\"},\"image\":{\"@id\":\"https:\\\/\\\/repliquemangacine.fr\\\/kunai-et-shuriken-naruto\\\/grand-kunai-naruto\\\/#primaryimage\"},\"thumbnailUrl\":\"https:\\\/\\\/repliquemangacine.fr\\\/wp-content\\\/uploads\\\/2023\\\/10\\\/198-Kunai-metal-Naruto.jpg\",\"datePublished\":\"2016-08-28T13:43:01+00:00\",\"dateModified\":\"2026-02-20T16:16:42+00:00\",\"description\":\"Achetez vite ! Ce Grand Kuna\u00ef Naruto m\u00e9tal en grand mod\u00e8le au meilleur prix. Pointe \u00e9mouss\u00e9e. Paiement s\u00e9curis\u00e9 - Envoi 24\\\/48h -\",\"breadcrumb\":{\"@id\":\"https:\\\/\\\/repliquemangacine.fr\\\/kunai-et-shuriken-naruto\\\/grand-kunai-naruto\\\/#breadcrumb\"},\"inLanguage\":\"es\",\"potentialAction\":[{\"@type\":\"ReadAction\",\"target\":[\"https:\\\/\\\/repliquemangacine.fr\\\/kunai-et-shuriken-naruto\\\/grand-kunai-naruto\\\/\"]}]},{\"@type\":\"ImageObject\",\"inLanguage\":\"es\",\"@id\":\"https:\\\/\\\/repliquemangacine.fr\\\/kunai-et-shuriken-naruto\\\/grand-kunai-naruto\\\/#primaryimage\",\"url\":\"https:\\\/\\\/repliquemangacine.fr\\\/wp-content\\\/uploads\\\/2023\\\/10\\\/198-Kunai-metal-Naruto.jpg\",\"contentUrl\":\"https:\\\/\\\/repliquemangacine.fr\\\/wp-content\\\/uploads\\\/2023\\\/10\\\/198-Kunai-metal-Naruto.jpg\",\"width\":800,\"height\":800,\"caption\":\"Kuna\u00ef m\u00e9tal - Naruto\"},{\"@type\":\"BreadcrumbList\",\"@id\":\"https:\\\/\\\/repliquemangacine.fr\\\/kunai-et-shuriken-naruto\\\/grand-kunai-naruto\\\/#breadcrumb\",\"itemListElement\":[{\"@type\":\"ListItem\",\"position\":1,\"name\":\"Accueil\",\"item\":\"https:\\\/\\\/repliquemangacine.fr\\\/\"},{\"@type\":\"ListItem\",\"position\":2,\"name\":\"Produits\",\"item\":\"https:\\\/\\\/repliquemangacine.fr\\\/boutique\\\/\"},{\"@type\":\"ListItem\",\"position\":3,\"name\":\"Grand Kuna\u00ef Naruto\"}]},{\"@type\":\"WebSite\",\"@id\":\"https:\\\/\\\/repliquemangacine.fr\\\/#website\",\"url\":\"https:\\\/\\\/repliquemangacine.fr\\\/\",\"name\":\"R\u00e9plique Manga Cin\u00e9\",\"description\":\"\",\"publisher\":{\"@id\":\"https:\\\/\\\/repliquemangacine.fr\\\/#organization\"},\"potentialAction\":[{\"@type\":\"SearchAction\",\"target\":{\"@type\":\"EntryPoint\",\"urlTemplate\":\"https:\\\/\\\/repliquemangacine.fr\\\/?s={search_term_string}\"},\"query-input\":{\"@type\":\"PropertyValueSpecification\",\"valueRequired\":true,\"valueName\":\"search_term_string\"}}],\"inLanguage\":\"es\"},{\"@type\":\"Organization\",\"@id\":\"https:\\\/\\\/repliquemangacine.fr\\\/#organization\",\"name\":\"R\u00e9plique Manga Cin\u00e9\",\"url\":\"https:\\\/\\\/repliquemangacine.fr\\\/\",\"logo\":{\"@type\":\"ImageObject\",\"inLanguage\":\"es\",\"@id\":\"https:\\\/\\\/repliquemangacine.fr\\\/#\\\/schema\\\/logo\\\/image\\\/\",\"url\":\"https:\\\/\\\/repliquemangacine.fr\\\/wp-content\\\/uploads\\\/2023\\\/10\\\/RMC-500250.png\",\"contentUrl\":\"https:\\\/\\\/repliquemangacine.fr\\\/wp-content\\\/uploads\\\/2023\\\/10\\\/RMC-500250.png\",\"width\":500,\"height\":250,\"caption\":\"R\u00e9plique Manga Cin\u00e9\"},\"image\":{\"@id\":\"https:\\\/\\\/repliquemangacine.fr\\\/#\\\/schema\\\/logo\\\/image\\\/\"},\"sameAs\":[\"https:\\\/\\\/www.facebook.com\\\/RepliqueMangaCine\",\"https:\\\/\\\/www.instagram.com\\\/repliquemangacine.fr\\\/\"]}]}<\/script>\n<!-- \/ Yoast SEO plugin. -->","yoast_head_json":{"title":"Gran Kuna\u00ef Naruto - Shuriken Naruto | R\u00e9plique Manga Cin\u00e9","description":"\u00a1C\u00f3mpralo ya! Este gran Naruto Kunai de metal al mejor precio. Punta roma. Pago seguro - Env\u00edo 24\/48 horas.","robots":{"index":"index","follow":"follow","max-snippet":"max-snippet:-1","max-image-preview":"max-image-preview:large","max-video-preview":"max-video-preview:-1"},"canonical":"https:\/\/repliquemangacine.fr\/es\/naruto-kunai-y-shuriken\/naruto-kunai-grande\/","og_locale":"es_ES","og_type":"article","og_title":"Grand Kuna\u00ef Naruto - Shuriken Naruto | R\u00e9plique Manga Cin\u00e9","og_description":"Achetez vite ! Ce Grand Kuna\u00ef Naruto m\u00e9tal en grand mod\u00e8le au meilleur prix. Pointe \u00e9mouss\u00e9e. Paiement s\u00e9curis\u00e9 - Envoi 24\/48h -","og_url":"https:\/\/repliquemangacine.fr\/es\/naruto-kunai-y-shuriken\/naruto-kunai-grande\/","og_site_name":"R\u00e9plique Manga Cin\u00e9","article_publisher":"https:\/\/www.facebook.com\/RepliqueMangaCine","article_modified_time":"2026-02-20T16:16:42+00:00","og_image":[{"width":800,"height":800,"url":"https:\/\/repliquemangacine.fr\/wp-content\/uploads\/2023\/10\/198-Kunai-metal-Naruto.jpg","type":"image\/jpeg"}],"twitter_card":"summary_large_image","twitter_misc":{"Tiempo de lectura":"2 minutos"},"schema":{"@context":"https:\/\/schema.org","@graph":[{"@type":"WebPage","@id":"https:\/\/repliquemangacine.fr\/kunai-et-shuriken-naruto\/grand-kunai-naruto\/","url":"https:\/\/repliquemangacine.fr\/kunai-et-shuriken-naruto\/grand-kunai-naruto\/","name":"Gran Kuna\u00ef Naruto - Shuriken Naruto | R\u00e9plique Manga Cin\u00e9","isPartOf":{"@id":"https:\/\/repliquemangacine.fr\/#website"},"primaryImageOfPage":{"@id":"https:\/\/repliquemangacine.fr\/kunai-et-shuriken-naruto\/grand-kunai-naruto\/#primaryimage"},"image":{"@id":"https:\/\/repliquemangacine.fr\/kunai-et-shuriken-naruto\/grand-kunai-naruto\/#primaryimage"},"thumbnailUrl":"https:\/\/repliquemangacine.fr\/wp-content\/uploads\/2023\/10\/198-Kunai-metal-Naruto.jpg","datePublished":"2016-08-28T13:43:01+00:00","dateModified":"2026-02-20T16:16:42+00:00","description":"\u00a1C\u00f3mpralo ya! Este gran Naruto Kunai de metal al mejor precio. Punta roma. Pago seguro - Env\u00edo 24\/48 horas.","breadcrumb":{"@id":"https:\/\/repliquemangacine.fr\/kunai-et-shuriken-naruto\/grand-kunai-naruto\/#breadcrumb"},"inLanguage":"es","potentialAction":[{"@type":"ReadAction","target":["https:\/\/repliquemangacine.fr\/kunai-et-shuriken-naruto\/grand-kunai-naruto\/"]}]},{"@type":"ImageObject","inLanguage":"es","@id":"https:\/\/repliquemangacine.fr\/kunai-et-shuriken-naruto\/grand-kunai-naruto\/#primaryimage","url":"https:\/\/repliquemangacine.fr\/wp-content\/uploads\/2023\/10\/198-Kunai-metal-Naruto.jpg","contentUrl":"https:\/\/repliquemangacine.fr\/wp-content\/uploads\/2023\/10\/198-Kunai-metal-Naruto.jpg","width":800,"height":800,"caption":"Kuna\u00ef m\u00e9tal - Naruto"},{"@type":"BreadcrumbList","@id":"https:\/\/repliquemangacine.fr\/kunai-et-shuriken-naruto\/grand-kunai-naruto\/#breadcrumb","itemListElement":[{"@type":"ListItem","position":1,"name":"Accueil","item":"https:\/\/repliquemangacine.fr\/"},{"@type":"ListItem","position":2,"name":"Produits","item":"https:\/\/repliquemangacine.fr\/boutique\/"},{"@type":"ListItem","position":3,"name":"Grand Kuna\u00ef Naruto"}]},{"@type":"WebSite","@id":"https:\/\/repliquemangacine.fr\/#website","url":"https:\/\/repliquemangacine.fr\/","name":"R\u00e9plique Manga Cin\u00e9","description":"","publisher":{"@id":"https:\/\/repliquemangacine.fr\/#organization"},"potentialAction":[{"@type":"SearchAction","target":{"@type":"EntryPoint","urlTemplate":"https:\/\/repliquemangacine.fr\/?s={search_term_string}"},"query-input":{"@type":"PropertyValueSpecification","valueRequired":true,"valueName":"search_term_string"}}],"inLanguage":"es"},{"@type":"Organization","@id":"https:\/\/repliquemangacine.fr\/#organization","name":"R\u00e9plique Manga Cin\u00e9","url":"https:\/\/repliquemangacine.fr\/","logo":{"@type":"ImageObject","inLanguage":"es","@id":"https:\/\/repliquemangacine.fr\/#\/schema\/logo\/image\/","url":"https:\/\/repliquemangacine.fr\/wp-content\/uploads\/2023\/10\/RMC-500250.png","contentUrl":"https:\/\/repliquemangacine.fr\/wp-content\/uploads\/2023\/10\/RMC-500250.png","width":500,"height":250,"caption":"R\u00e9plique Manga Cin\u00e9"},"image":{"@id":"https:\/\/repliquemangacine.fr\/#\/schema\/logo\/image\/"},"sameAs":["https:\/\/www.facebook.com\/RepliqueMangaCine","https:\/\/www.instagram.com\/repliquemangacine.fr\/"]}]}},"_links":{"self":[{"href":"https:\/\/repliquemangacine.fr\/es\/wp-json\/wp\/v2\/product\/25400","targetHints":{"allow":["GET"]}}],"collection":[{"href":"https:\/\/repliquemangacine.fr\/es\/wp-json\/wp\/v2\/product"}],"about":[{"href":"https:\/\/repliquemangacine.fr\/es\/wp-json\/wp\/v2\/types\/product"}],"wp:featuredmedia":[{"embeddable":true,"href":"https:\/\/repliquemangacine.fr\/es\/wp-json\/wp\/v2\/media\/25401"}],"wp:attachment":[{"href":"https:\/\/repliquemangacine.fr\/es\/wp-json\/wp\/v2\/media?parent=25400"}],"wp:term":[{"taxonomy":"product_brand","embeddable":true,"href":"https:\/\/repliquemangacine.fr\/es\/wp-json\/wp\/v2\/product_brand?post=25400"},{"taxonomy":"product_cat","embeddable":true,"href":"https:\/\/repliquemangacine.fr\/es\/wp-json\/wp\/v2\/product_cat?post=25400"},{"taxonomy":"product_tag","embeddable":true,"href":"https:\/\/repliquemangacine.fr\/es\/wp-json\/wp\/v2\/product_tag?post=25400"}],"curies":[{"name":"wp","href":"https:\/\/api.w.org\/{rel}","templated":true}]}}