





{"id":25394,"date":"2016-08-27T23:17:08","date_gmt":"2016-08-27T21:17:08","guid":{"rendered":"https:\/\/repliquemangacine.fr\/?post_type=product&#038;p=25394"},"modified":"2025-12-12T19:55:36","modified_gmt":"2025-12-12T18:55:36","slug":"espada-zabuza-espada-kubikiribocho","status":"publish","type":"product","link":"https:\/\/repliquemangacine.fr\/es\/katana-naruto\/epee-de-zabuza-epee-kubikiribocho\/","title":{"rendered":"Zabuza Naruto espada"},"content":{"rendered":"<h2>Espada Zabuza Kubikirib\u00f4ch\u00f4 Naruto<\/h2>\n<p>Para empezar, el<strong>Espada de Zabuza<\/strong> se llama Kubikirib\u00f4ch\u00f4, y tiene el aspecto de una cuchilla de carnicero gigante. El Kubikirib\u00f4ch\u00f4 tiene una propiedad especial que hace que nunca se corte ni astille: se regenera absorbiendo el hierro de la sangre de sus v\u00edctimas.<\/p>\n<p><a href=\"https:\/\/naruto.fandom.com\/fr\/wiki\/Zabuza_Momochi\" target=\"_blank\" rel=\"noopener noreferrer\">Zabuza,<\/a> Ninja especializado en t\u00e9cnicas de asesinato silencioso. Crea una niebla para ocultarse. Tambi\u00e9n es un maestro en taijutsu, que combina con t\u00e9cnicas de kenjutsu. Zabuza es, adem\u00e1s, uno de los Siete Espadachines de la Niebla, un grupo de legendarios espadachines de Kiri.<\/p>\n<p>Combinada con el poder de su usuario, esta espada se convierte en una de las m\u00e1s poderosas que jam\u00e1s se hayan visto. De hecho, cuando Wuros desenvaina Kubikirib\u00f4ch\u00f4, es capaz de destruir el suelo sin siquiera tocarlo.<\/p>\n<h2>Tu Espada Zabuza Kubikirib\u00f4ch\u00f4 al mejor precio.<\/h2>\n<p>Te ofrecemos una amplia selecci\u00f3n de r\u00e9plicas de katanas y espadas del manga animado Naruto.<\/p>\n<p>Lo primero y m\u00e1s importante,<\/p>\n<ul>\n<li>Le <a href=\"https:\/\/repliquemangacine.fr\/es\/katana-naruto\/kusanagi-espada-sasuke-naruto\/\">katana de sasuke<\/a>la espada Kusanagi en su versi\u00f3n manga, pero tambi\u00e9n en una versi\u00f3n animada.<\/li>\n<li>Tambi\u00e9n existe la <a href=\"https:\/\/repliquemangacine.fr\/es\/naruto\/naruto-kunai-grande\/\">Kunai grande de metal<\/a><\/li>\n<li>As\u00ed como el <a href=\"https:\/\/repliquemangacine.fr\/es\/katana-naruto\/katana-boruto-sasuke-naruto\/\">Katana de Boruto<\/a> utilizado por Sasuke para ense\u00f1arle c\u00f3mo manejarlo.<\/li>\n<li>Y muchos m\u00e1s por descubrir en nuestra tienda en l\u00ednea.<\/li>\n<\/ul>\n<p>Por eso es una gran idea de regalo para todos los fans de Naruto.<\/p>\n<p>En conclusi\u00f3n, puede utilizar el\u2019<strong>Espada de Zabuza<\/strong> en Naruto para tus desfiles de cosplay y fiestas tem\u00e1ticas. Pero sobre todo, es una r\u00e9plica para coleccionar y decorar.<\/p>\n<h2>\u00bfC\u00f3mo mantienes la hoja de tu katana de Naruto?<\/h2>\n<p>Las katanas de colecci\u00f3n y decorativas se fabrican y ensamblan de forma simplificada. Como su uso es decorativo, no cuentan con los elementos de seguridad exigidos a una espada japonesa destinada al entrenamiento.<\/p>\n<p>Sin embargo, su <strong>Espada Zabuza Kibikirib\u00f4ch\u00f4<\/strong> a una hoja de acero que hay que cuidar para evitar que se estropee con el tiempo. Cuando exponga su katana, sus amigos sentir\u00e1n curiosidad por ver la hoja y tocarla. Aqu\u00ed es donde hay que tener cuidado, ya que la acidez de los dedos es muy perjudicial para el acero, sea cual sea su calidad.<\/p>\n<p>Sin embargo, si esto ocurre, no te asustes, todo lo que necesitas es un pa\u00f1o humedecido con un poco de aceite y limpiar las huellas dactilares. Si haces esto, tu espada durar\u00e1 mucho tiempo.<\/p>","protected":false},"excerpt":{"rendered":"<p>La espada Kubikirib\u00f4ch\u00f4 de\u00a0<span class=\"PBLongTxt\">Zabuza Momochi<\/span> parece un cuchillo de carnicero gigante.<\/p>\n<ul>\n<li>Hoja de acero no afilada.<\/li>\n<li>Perforado en el extremo, con un arco circular cerca del pomo.<\/li>\n<li>Mango de metal envuelto con hilo de algod\u00f3n a media altura para un agarre seguro.<\/li>\n<li>Se suministra con funda de transporte.<\/li>\n<li>Peso: 2.250kg - Longitud de la hoja: 65cm - Anchura de la hoja: 10.5cm - Longitud total: 94cm<\/li>\n<\/ul>\n<p>&nbsp;<\/p>","protected":false},"featured_media":25395,"template":"","meta":[],"product_brand":[896],"product_cat":[109],"product_tag":[],"class_list":{"0":"post-25394","1":"product","2":"type-product","3":"status-publish","4":"has-post-thumbnail","6":"product_brand-replique-manga-cine","7":"product_cat-katana-naruto","9":"first","10":"outofstock","11":"taxable","12":"shipping-taxable","13":"purchasable","14":"product-type-simple"},"yoast_head":"<!-- This site is optimized with the Yoast SEO plugin v27.4 - https:\/\/yoast.com\/product\/yoast-seo-wordpress\/ -->\n<title>\u00c9p\u00e9e de Zabuza Kubikirib\u00f4ch\u00f4 Naruto - Boutique en ligne | RMC<\/title>\n<meta name=\"description\" content=\"Commandez vite ! La r\u00e9plique de l&#039;\u00e9p\u00e9e de Zabuza kubikirib\u00f4ch\u00f4 dans Naruto au meilleur prix. Lame en acier - Longueur totale : 94 cm - Envoi 24\/48h\" \/>\n<meta name=\"robots\" content=\"index, follow, max-snippet:-1, max-image-preview:large, max-video-preview:-1\" \/>\n<link rel=\"canonical\" href=\"https:\/\/repliquemangacine.fr\/es\/katana-naruto\/espada-zabuza-espada-kubikiribocho\/\" \/>\n<meta property=\"og:locale\" content=\"es_ES\" \/>\n<meta property=\"og:type\" content=\"article\" \/>\n<meta property=\"og:title\" content=\"\u00c9p\u00e9e de Zabuza Kubikirib\u00f4ch\u00f4 Naruto - Boutique en ligne | RMC\" \/>\n<meta property=\"og:description\" content=\"Commandez vite ! La r\u00e9plique de l&#039;\u00e9p\u00e9e de Zabuza kubikirib\u00f4ch\u00f4 dans Naruto au meilleur prix. Lame en acier - Longueur totale : 94 cm - Envoi 24\/48h\" \/>\n<meta property=\"og:url\" content=\"https:\/\/repliquemangacine.fr\/es\/katana-naruto\/espada-zabuza-espada-kubikiribocho\/\" \/>\n<meta property=\"og:site_name\" content=\"R\u00e9plique Manga Cin\u00e9\" \/>\n<meta property=\"article:publisher\" content=\"https:\/\/www.facebook.com\/RepliqueMangaCine\" \/>\n<meta property=\"article:modified_time\" content=\"2025-12-12T18:55:36+00:00\" \/>\n<meta property=\"og:image\" content=\"https:\/\/repliquemangacine.fr\/wp-content\/uploads\/2023\/10\/193-Epee-de-Zabuza-epee-Naruto.jpg\" \/>\n\t<meta property=\"og:image:width\" content=\"800\" \/>\n\t<meta property=\"og:image:height\" content=\"800\" \/>\n\t<meta property=\"og:image:type\" content=\"image\/jpeg\" \/>\n<meta name=\"twitter:card\" content=\"summary_large_image\" \/>\n<meta name=\"twitter:label1\" content=\"Tiempo de lectura\" \/>\n\t<meta name=\"twitter:data1\" content=\"2 minutos\" \/>\n<script type=\"application\/ld+json\" class=\"yoast-schema-graph\">{\"@context\":\"https:\\\/\\\/schema.org\",\"@graph\":[{\"@type\":\"WebPage\",\"@id\":\"https:\\\/\\\/repliquemangacine.fr\\\/katana-naruto\\\/epee-de-zabuza-epee-kubikiribocho\\\/\",\"url\":\"https:\\\/\\\/repliquemangacine.fr\\\/katana-naruto\\\/epee-de-zabuza-epee-kubikiribocho\\\/\",\"name\":\"\u00c9p\u00e9e de Zabuza Kubikirib\u00f4ch\u00f4 Naruto - Boutique en ligne | RMC\",\"isPartOf\":{\"@id\":\"https:\\\/\\\/repliquemangacine.fr\\\/#website\"},\"primaryImageOfPage\":{\"@id\":\"https:\\\/\\\/repliquemangacine.fr\\\/katana-naruto\\\/epee-de-zabuza-epee-kubikiribocho\\\/#primaryimage\"},\"image\":{\"@id\":\"https:\\\/\\\/repliquemangacine.fr\\\/katana-naruto\\\/epee-de-zabuza-epee-kubikiribocho\\\/#primaryimage\"},\"thumbnailUrl\":\"https:\\\/\\\/repliquemangacine.fr\\\/wp-content\\\/uploads\\\/2023\\\/10\\\/193-Epee-de-Zabuza-epee-Naruto.jpg\",\"datePublished\":\"2016-08-27T21:17:08+00:00\",\"dateModified\":\"2025-12-12T18:55:36+00:00\",\"description\":\"Commandez vite ! La r\u00e9plique de l'\u00e9p\u00e9e de Zabuza kubikirib\u00f4ch\u00f4 dans Naruto au meilleur prix. Lame en acier - Longueur totale : 94 cm - Envoi 24\\\/48h\",\"breadcrumb\":{\"@id\":\"https:\\\/\\\/repliquemangacine.fr\\\/katana-naruto\\\/epee-de-zabuza-epee-kubikiribocho\\\/#breadcrumb\"},\"inLanguage\":\"es\",\"potentialAction\":[{\"@type\":\"ReadAction\",\"target\":[\"https:\\\/\\\/repliquemangacine.fr\\\/katana-naruto\\\/epee-de-zabuza-epee-kubikiribocho\\\/\"]}]},{\"@type\":\"ImageObject\",\"inLanguage\":\"es\",\"@id\":\"https:\\\/\\\/repliquemangacine.fr\\\/katana-naruto\\\/epee-de-zabuza-epee-kubikiribocho\\\/#primaryimage\",\"url\":\"https:\\\/\\\/repliquemangacine.fr\\\/wp-content\\\/uploads\\\/2023\\\/10\\\/193-Epee-de-Zabuza-epee-Naruto.jpg\",\"contentUrl\":\"https:\\\/\\\/repliquemangacine.fr\\\/wp-content\\\/uploads\\\/2023\\\/10\\\/193-Epee-de-Zabuza-epee-Naruto.jpg\",\"width\":800,\"height\":800,\"caption\":\"Ep\u00e9e de Zabuza - \u00e9p\u00e9e Naruto\"},{\"@type\":\"BreadcrumbList\",\"@id\":\"https:\\\/\\\/repliquemangacine.fr\\\/katana-naruto\\\/epee-de-zabuza-epee-kubikiribocho\\\/#breadcrumb\",\"itemListElement\":[{\"@type\":\"ListItem\",\"position\":1,\"name\":\"Accueil\",\"item\":\"https:\\\/\\\/repliquemangacine.fr\\\/\"},{\"@type\":\"ListItem\",\"position\":2,\"name\":\"Produits\",\"item\":\"https:\\\/\\\/repliquemangacine.fr\\\/boutique\\\/\"},{\"@type\":\"ListItem\",\"position\":3,\"name\":\"Ep\u00e9e de Zabuza Naruto\"}]},{\"@type\":\"WebSite\",\"@id\":\"https:\\\/\\\/repliquemangacine.fr\\\/#website\",\"url\":\"https:\\\/\\\/repliquemangacine.fr\\\/\",\"name\":\"R\u00e9plique Manga Cin\u00e9\",\"description\":\"\",\"publisher\":{\"@id\":\"https:\\\/\\\/repliquemangacine.fr\\\/#organization\"},\"potentialAction\":[{\"@type\":\"SearchAction\",\"target\":{\"@type\":\"EntryPoint\",\"urlTemplate\":\"https:\\\/\\\/repliquemangacine.fr\\\/?s={search_term_string}\"},\"query-input\":{\"@type\":\"PropertyValueSpecification\",\"valueRequired\":true,\"valueName\":\"search_term_string\"}}],\"inLanguage\":\"es\"},{\"@type\":\"Organization\",\"@id\":\"https:\\\/\\\/repliquemangacine.fr\\\/#organization\",\"name\":\"R\u00e9plique Manga Cin\u00e9\",\"url\":\"https:\\\/\\\/repliquemangacine.fr\\\/\",\"logo\":{\"@type\":\"ImageObject\",\"inLanguage\":\"es\",\"@id\":\"https:\\\/\\\/repliquemangacine.fr\\\/#\\\/schema\\\/logo\\\/image\\\/\",\"url\":\"https:\\\/\\\/repliquemangacine.fr\\\/wp-content\\\/uploads\\\/2023\\\/10\\\/RMC-500250.png\",\"contentUrl\":\"https:\\\/\\\/repliquemangacine.fr\\\/wp-content\\\/uploads\\\/2023\\\/10\\\/RMC-500250.png\",\"width\":500,\"height\":250,\"caption\":\"R\u00e9plique Manga Cin\u00e9\"},\"image\":{\"@id\":\"https:\\\/\\\/repliquemangacine.fr\\\/#\\\/schema\\\/logo\\\/image\\\/\"},\"sameAs\":[\"https:\\\/\\\/www.facebook.com\\\/RepliqueMangaCine\",\"https:\\\/\\\/www.instagram.com\\\/repliquemangacine.fr\\\/\"]}]}<\/script>\n<!-- \/ Yoast SEO plugin. -->","yoast_head_json":{"title":"Zabuza Sword Kubikirib\u00f4ch\u00f4 Naruto - Boutique en ligne | RMC","description":"\u00a1P\u00eddela ya! La r\u00e9plica de la espada kubikirib\u00f4ch\u00f4 de Zabuza en Naruto al mejor precio. Hoja de acero - Longitud total: 94 cm - Env\u00edo 24\/48h","robots":{"index":"index","follow":"follow","max-snippet":"max-snippet:-1","max-image-preview":"max-image-preview:large","max-video-preview":"max-video-preview:-1"},"canonical":"https:\/\/repliquemangacine.fr\/es\/katana-naruto\/espada-zabuza-espada-kubikiribocho\/","og_locale":"es_ES","og_type":"article","og_title":"\u00c9p\u00e9e de Zabuza Kubikirib\u00f4ch\u00f4 Naruto - Boutique en ligne | RMC","og_description":"Commandez vite ! La r\u00e9plique de l'\u00e9p\u00e9e de Zabuza kubikirib\u00f4ch\u00f4 dans Naruto au meilleur prix. Lame en acier - Longueur totale : 94 cm - Envoi 24\/48h","og_url":"https:\/\/repliquemangacine.fr\/es\/katana-naruto\/espada-zabuza-espada-kubikiribocho\/","og_site_name":"R\u00e9plique Manga Cin\u00e9","article_publisher":"https:\/\/www.facebook.com\/RepliqueMangaCine","article_modified_time":"2025-12-12T18:55:36+00:00","og_image":[{"width":800,"height":800,"url":"https:\/\/repliquemangacine.fr\/wp-content\/uploads\/2023\/10\/193-Epee-de-Zabuza-epee-Naruto.jpg","type":"image\/jpeg"}],"twitter_card":"summary_large_image","twitter_misc":{"Tiempo de lectura":"2 minutos"},"schema":{"@context":"https:\/\/schema.org","@graph":[{"@type":"WebPage","@id":"https:\/\/repliquemangacine.fr\/katana-naruto\/epee-de-zabuza-epee-kubikiribocho\/","url":"https:\/\/repliquemangacine.fr\/katana-naruto\/epee-de-zabuza-epee-kubikiribocho\/","name":"Zabuza Sword Kubikirib\u00f4ch\u00f4 Naruto - Boutique en ligne | RMC","isPartOf":{"@id":"https:\/\/repliquemangacine.fr\/#website"},"primaryImageOfPage":{"@id":"https:\/\/repliquemangacine.fr\/katana-naruto\/epee-de-zabuza-epee-kubikiribocho\/#primaryimage"},"image":{"@id":"https:\/\/repliquemangacine.fr\/katana-naruto\/epee-de-zabuza-epee-kubikiribocho\/#primaryimage"},"thumbnailUrl":"https:\/\/repliquemangacine.fr\/wp-content\/uploads\/2023\/10\/193-Epee-de-Zabuza-epee-Naruto.jpg","datePublished":"2016-08-27T21:17:08+00:00","dateModified":"2025-12-12T18:55:36+00:00","description":"\u00a1P\u00eddela ya! La r\u00e9plica de la espada kubikirib\u00f4ch\u00f4 de Zabuza en Naruto al mejor precio. Hoja de acero - Longitud total: 94 cm - Env\u00edo 24\/48h","breadcrumb":{"@id":"https:\/\/repliquemangacine.fr\/katana-naruto\/epee-de-zabuza-epee-kubikiribocho\/#breadcrumb"},"inLanguage":"es","potentialAction":[{"@type":"ReadAction","target":["https:\/\/repliquemangacine.fr\/katana-naruto\/epee-de-zabuza-epee-kubikiribocho\/"]}]},{"@type":"ImageObject","inLanguage":"es","@id":"https:\/\/repliquemangacine.fr\/katana-naruto\/epee-de-zabuza-epee-kubikiribocho\/#primaryimage","url":"https:\/\/repliquemangacine.fr\/wp-content\/uploads\/2023\/10\/193-Epee-de-Zabuza-epee-Naruto.jpg","contentUrl":"https:\/\/repliquemangacine.fr\/wp-content\/uploads\/2023\/10\/193-Epee-de-Zabuza-epee-Naruto.jpg","width":800,"height":800,"caption":"Ep\u00e9e de Zabuza - \u00e9p\u00e9e Naruto"},{"@type":"BreadcrumbList","@id":"https:\/\/repliquemangacine.fr\/katana-naruto\/epee-de-zabuza-epee-kubikiribocho\/#breadcrumb","itemListElement":[{"@type":"ListItem","position":1,"name":"Accueil","item":"https:\/\/repliquemangacine.fr\/"},{"@type":"ListItem","position":2,"name":"Produits","item":"https:\/\/repliquemangacine.fr\/boutique\/"},{"@type":"ListItem","position":3,"name":"Ep\u00e9e de Zabuza Naruto"}]},{"@type":"WebSite","@id":"https:\/\/repliquemangacine.fr\/#website","url":"https:\/\/repliquemangacine.fr\/","name":"R\u00e9plique Manga Cin\u00e9","description":"","publisher":{"@id":"https:\/\/repliquemangacine.fr\/#organization"},"potentialAction":[{"@type":"SearchAction","target":{"@type":"EntryPoint","urlTemplate":"https:\/\/repliquemangacine.fr\/?s={search_term_string}"},"query-input":{"@type":"PropertyValueSpecification","valueRequired":true,"valueName":"search_term_string"}}],"inLanguage":"es"},{"@type":"Organization","@id":"https:\/\/repliquemangacine.fr\/#organization","name":"R\u00e9plique Manga Cin\u00e9","url":"https:\/\/repliquemangacine.fr\/","logo":{"@type":"ImageObject","inLanguage":"es","@id":"https:\/\/repliquemangacine.fr\/#\/schema\/logo\/image\/","url":"https:\/\/repliquemangacine.fr\/wp-content\/uploads\/2023\/10\/RMC-500250.png","contentUrl":"https:\/\/repliquemangacine.fr\/wp-content\/uploads\/2023\/10\/RMC-500250.png","width":500,"height":250,"caption":"R\u00e9plique Manga Cin\u00e9"},"image":{"@id":"https:\/\/repliquemangacine.fr\/#\/schema\/logo\/image\/"},"sameAs":["https:\/\/www.facebook.com\/RepliqueMangaCine","https:\/\/www.instagram.com\/repliquemangacine.fr\/"]}]}},"_links":{"self":[{"href":"https:\/\/repliquemangacine.fr\/es\/wp-json\/wp\/v2\/product\/25394","targetHints":{"allow":["GET"]}}],"collection":[{"href":"https:\/\/repliquemangacine.fr\/es\/wp-json\/wp\/v2\/product"}],"about":[{"href":"https:\/\/repliquemangacine.fr\/es\/wp-json\/wp\/v2\/types\/product"}],"wp:featuredmedia":[{"embeddable":true,"href":"https:\/\/repliquemangacine.fr\/es\/wp-json\/wp\/v2\/media\/25395"}],"wp:attachment":[{"href":"https:\/\/repliquemangacine.fr\/es\/wp-json\/wp\/v2\/media?parent=25394"}],"wp:term":[{"taxonomy":"product_brand","embeddable":true,"href":"https:\/\/repliquemangacine.fr\/es\/wp-json\/wp\/v2\/product_brand?post=25394"},{"taxonomy":"product_cat","embeddable":true,"href":"https:\/\/repliquemangacine.fr\/es\/wp-json\/wp\/v2\/product_cat?post=25394"},{"taxonomy":"product_tag","embeddable":true,"href":"https:\/\/repliquemangacine.fr\/es\/wp-json\/wp\/v2\/product_tag?post=25394"}],"curies":[{"name":"wp","href":"https:\/\/api.w.org\/{rel}","templated":true}]}}