





{"id":25390,"date":"2016-08-27T22:51:57","date_gmt":"2016-08-27T20:51:57","guid":{"rendered":"https:\/\/repliquemangacine.fr\/?post_type=product&#038;p=25390"},"modified":"2026-04-12T06:16:11","modified_gmt":"2026-04-12T04:16:11","slug":"shuriken-naruto","status":"publish","type":"product","link":"https:\/\/repliquemangacine.fr\/es\/couteaux-de-lancer-et-etoiles\/shuriken-naruto\/","title":{"rendered":"Shuriken Naruto"},"content":{"rendered":"<h2>Naruto shuriken de metal<\/h2>\n<p>Para empezar, el <strong>Naruto shuriken<\/strong>, al igual que el kunai, es un arma muy utilizada por los ninjas.  El agujero del centro sirve para agarrar el arma con un dedo sin cortarse. Este agujero tambi\u00e9n mejora la aerodin\u00e1mica del arma, optimizando la precisi\u00f3n del lanzamiento.<\/p>\n<p>El shuriken, arma tradicional japonesa con forma de estrella, que normalmente se lanza con la mano. En la popular serie de anime y manga \u201cNaruto\u201d, muchos personajes utilizan los shurikens como arma a distancia en combate. El personaje principal, Naruto Uzumaki, tambi\u00e9n aparece utilizando shurikens en muchos episodios y arcos argumentales de la serie.<\/p>\n<p>El Shuriken-jutsu (que significa \u00abt\u00e9cnicas de espada oculta en la mano\u00bb) se refiere a las t\u00e9cnicas que implican lanzar shurikens, kunais, <a href=\"https:\/\/narutopages.wiki\/fr\/outils\/senbon\" target=\"_blank\" rel=\"noopener noreferrer\">Senbon<\/a> o cualquier otra arma arrojadiza.<\/p>\n<h2>Naruto Shuriken baratos<\/h2>\n<p>R\u00e9plique Manga Cin\u00e9 le ofrece <strong>Shuriken Naruto<\/strong> Con sus 4 puntas (no cortantes). Shuriken totalmente met\u00e1lico.<\/p>\n<p>\u00bfEres fan de Naruto? Si quieres ampliar tu colecci\u00f3n, te ofrecemos una amplia selecci\u00f3n de productos derivados de Naruto, como:<\/p>\n<ul>\n<li>Le <a href=\"https:\/\/repliquemangacine.fr\/es\/katana-goodies-naruto-kunai\/kusanagi-espada-sasuke-naruto\/\">katana sasuke<\/a> en blanco para el manga y en negro para el anime.<\/li>\n<li>Tambi\u00e9n existe la <a href=\"https:\/\/repliquemangacine.fr\/es\/katana-goodies-naruto-kunai\/diadema-konoha-naruto\/\">Diadema Konoha<\/a> Naruto lleva<\/li>\n<li>As\u00ed como todos <a href=\"https:\/\/repliquemangacine.fr\/es\/katana-goodies-naruto-kunai\/3-naruto-kunai\/\">tres kunai<\/a> con las iniciales de Naruto grabadas<\/li>\n<\/ul>\n<p>Por eso, aqu\u00ed tienes algunas ideas de regalos para los fans de Naruto.<\/p>\n<p>En conclusi\u00f3n, esto <strong>Shuriken Naruto<\/strong> es una idea de regalo barata que seguro le gustar\u00e1.<\/p>\n<h2>Encuentra nuestros \u00faltimos lanzamientos de Naruto al mejor precio<\/h2>\n<p>Siempre a la vanguardia de la innovaci\u00f3n, le ofrecemos :<\/p>\n<ul>\n<li>Le <a href=\"https:\/\/repliquemangacine.fr\/es\/katana-goodies-naruto-kunai\/katana-boruto-sasuke-naruto\/\">Katana de Boruto<\/a> utilizado por Sasuke para ense\u00f1ar a Boruto a usarlo en Naruto Next Generations.<\/li>\n<li>As\u00ed como el <a href=\"https:\/\/repliquemangacine.fr\/es\/katana-goodies-naruto-kunai\/kunai-despace-time-minato\/\">Kunai espacio-tiempo<\/a> utilizado por Minato con su sello grabado en el mango.<\/li>\n<\/ul>\n<p>Pr\u00f3ximamente le ofreceremos figuritas, tazas y pergaminos de pared, \u00a1y podr\u00e1 beneficiarse de magn\u00edficas ofertas de lanzamiento!<\/p>\n<p><strong>Tenga en cuenta que todas nuestras r\u00e9plicas son objetos de colecci\u00f3n y decoraci\u00f3n. Puede utilizarlas para recreaciones hist\u00f3ricas, desfiles de cosplay o decoraci\u00f3n de interiores. En consecuencia, no es posible acudir a lugares p\u00fablicos con estas r\u00e9plicas.<\/strong><\/p>","protected":false},"excerpt":{"rendered":"<p>Shuriken-jutsu (que significa t\u00e9cnicas de espada oculta) se refiere a las t\u00e9cnicas que implican el lanzamiento de shuriken, kunai, senbon u otras armas arrojadizas con hoja.<\/p>\n<ul>\n<li>Shuriken totalmente met\u00e1licos.<\/li>\n<li>Las puntas son romas para mayor seguridad.<\/li>\n<li>Di\u00e1metro: 9,5 cm<\/li>\n<\/ul>","protected":false},"featured_media":25391,"template":"","meta":[],"product_brand":[896],"product_cat":[894,108,42],"product_tag":[],"class_list":{"0":"post-25390","1":"product","2":"type-product","3":"status-publish","4":"has-post-thumbnail","6":"product_brand-replique-manga-cine","7":"product_cat-couteaux-de-lancer-et-etoiles","8":"product_cat-kunai-et-shuriken-naruto","9":"product_cat-katana-goodies-naruto-kunai","11":"first","12":"instock","13":"taxable","14":"shipping-taxable","15":"purchasable","16":"product-type-simple"},"yoast_head":"<!-- This site is optimized with the Yoast SEO plugin v27.4 - https:\/\/yoast.com\/product\/yoast-seo-wordpress\/ -->\n<title>Shuriken Naruto - Kunai naruto pas cher - R\u00e9plique Manga Cin\u00e9<\/title>\n<meta name=\"description\" content=\"Envie de pratiquer la technique du Shuriken jutsu comme Naruto ! Offrez vous ce shuriken tout en m\u00e9tal au meilleur prix. Envoi 24\/48H\" \/>\n<meta name=\"robots\" content=\"index, follow, max-snippet:-1, max-image-preview:large, max-video-preview:-1\" \/>\n<link rel=\"canonical\" href=\"https:\/\/www.repliquemangacine.fr\/kunai-et-shuriken-naruto\/shuriken-naruto\/\" \/>\n<meta property=\"og:locale\" content=\"es_ES\" \/>\n<meta property=\"og:type\" content=\"article\" \/>\n<meta property=\"og:title\" content=\"Shuriken Naruto - Kunai naruto pas cher - R\u00e9plique Manga Cin\u00e9\" \/>\n<meta property=\"og:description\" content=\"Envie de pratiquer la technique du Shuriken jutsu comme Naruto ! Offrez vous ce shuriken tout en m\u00e9tal au meilleur prix. Envoi 24\/48H\" \/>\n<meta property=\"og:url\" content=\"https:\/\/www.repliquemangacine.fr\/kunai-et-shuriken-naruto\/shuriken-naruto\/\" \/>\n<meta property=\"og:site_name\" content=\"R\u00e9plique Manga Cin\u00e9\" \/>\n<meta property=\"article:publisher\" content=\"https:\/\/www.facebook.com\/RepliqueMangaCine\" \/>\n<meta property=\"article:modified_time\" content=\"2026-04-12T04:16:11+00:00\" \/>\n<meta property=\"og:image\" content=\"https:\/\/repliquemangacine.fr\/wp-content\/uploads\/2023\/10\/192-Shuriken-Etoile-a-lancer-Naruto.jpg\" \/>\n\t<meta property=\"og:image:width\" content=\"800\" \/>\n\t<meta property=\"og:image:height\" content=\"800\" \/>\n\t<meta property=\"og:image:type\" content=\"image\/jpeg\" \/>\n<meta name=\"twitter:card\" content=\"summary_large_image\" \/>\n<meta name=\"twitter:label1\" content=\"Tiempo de lectura\" \/>\n\t<meta name=\"twitter:data1\" content=\"3 minutos\" \/>\n<script type=\"application\/ld+json\" class=\"yoast-schema-graph\">{\"@context\":\"https:\\\/\\\/schema.org\",\"@graph\":[{\"@type\":\"WebPage\",\"@id\":\"https:\\\/\\\/repliquemangacine.fr\\\/couteaux-de-lancer-et-etoiles\\\/shuriken-naruto\\\/\",\"url\":\"https:\\\/\\\/www.repliquemangacine.fr\\\/kunai-et-shuriken-naruto\\\/shuriken-naruto\\\/\",\"name\":\"Shuriken Naruto - Kunai naruto pas cher - R\u00e9plique Manga Cin\u00e9\",\"isPartOf\":{\"@id\":\"https:\\\/\\\/repliquemangacine.fr\\\/#website\"},\"primaryImageOfPage\":{\"@id\":\"https:\\\/\\\/www.repliquemangacine.fr\\\/kunai-et-shuriken-naruto\\\/shuriken-naruto\\\/#primaryimage\"},\"image\":{\"@id\":\"https:\\\/\\\/www.repliquemangacine.fr\\\/kunai-et-shuriken-naruto\\\/shuriken-naruto\\\/#primaryimage\"},\"thumbnailUrl\":\"https:\\\/\\\/repliquemangacine.fr\\\/wp-content\\\/uploads\\\/2023\\\/10\\\/192-Shuriken-Etoile-a-lancer-Naruto.jpg\",\"datePublished\":\"2016-08-27T20:51:57+00:00\",\"dateModified\":\"2026-04-12T04:16:11+00:00\",\"description\":\"Envie de pratiquer la technique du Shuriken jutsu comme Naruto ! Offrez vous ce shuriken tout en m\u00e9tal au meilleur prix. Envoi 24\\\/48H\",\"breadcrumb\":{\"@id\":\"https:\\\/\\\/www.repliquemangacine.fr\\\/kunai-et-shuriken-naruto\\\/shuriken-naruto\\\/#breadcrumb\"},\"inLanguage\":\"es\",\"potentialAction\":[{\"@type\":\"ReadAction\",\"target\":[\"https:\\\/\\\/www.repliquemangacine.fr\\\/kunai-et-shuriken-naruto\\\/shuriken-naruto\\\/\"]}]},{\"@type\":\"ImageObject\",\"inLanguage\":\"es\",\"@id\":\"https:\\\/\\\/www.repliquemangacine.fr\\\/kunai-et-shuriken-naruto\\\/shuriken-naruto\\\/#primaryimage\",\"url\":\"https:\\\/\\\/repliquemangacine.fr\\\/wp-content\\\/uploads\\\/2023\\\/10\\\/192-Shuriken-Etoile-a-lancer-Naruto.jpg\",\"contentUrl\":\"https:\\\/\\\/repliquemangacine.fr\\\/wp-content\\\/uploads\\\/2023\\\/10\\\/192-Shuriken-Etoile-a-lancer-Naruto.jpg\",\"width\":800,\"height\":800,\"caption\":\"Shuriken - Etoile a lancer - Naruto\"},{\"@type\":\"BreadcrumbList\",\"@id\":\"https:\\\/\\\/www.repliquemangacine.fr\\\/kunai-et-shuriken-naruto\\\/shuriken-naruto\\\/#breadcrumb\",\"itemListElement\":[{\"@type\":\"ListItem\",\"position\":1,\"name\":\"Accueil\",\"item\":\"https:\\\/\\\/repliquemangacine.fr\\\/\"},{\"@type\":\"ListItem\",\"position\":2,\"name\":\"Produits\",\"item\":\"https:\\\/\\\/repliquemangacine.fr\\\/boutique\\\/\"},{\"@type\":\"ListItem\",\"position\":3,\"name\":\"Shuriken Naruto\"}]},{\"@type\":\"WebSite\",\"@id\":\"https:\\\/\\\/repliquemangacine.fr\\\/#website\",\"url\":\"https:\\\/\\\/repliquemangacine.fr\\\/\",\"name\":\"R\u00e9plique Manga Cin\u00e9\",\"description\":\"\",\"publisher\":{\"@id\":\"https:\\\/\\\/repliquemangacine.fr\\\/#organization\"},\"potentialAction\":[{\"@type\":\"SearchAction\",\"target\":{\"@type\":\"EntryPoint\",\"urlTemplate\":\"https:\\\/\\\/repliquemangacine.fr\\\/?s={search_term_string}\"},\"query-input\":{\"@type\":\"PropertyValueSpecification\",\"valueRequired\":true,\"valueName\":\"search_term_string\"}}],\"inLanguage\":\"es\"},{\"@type\":\"Organization\",\"@id\":\"https:\\\/\\\/repliquemangacine.fr\\\/#organization\",\"name\":\"R\u00e9plique Manga Cin\u00e9\",\"url\":\"https:\\\/\\\/repliquemangacine.fr\\\/\",\"logo\":{\"@type\":\"ImageObject\",\"inLanguage\":\"es\",\"@id\":\"https:\\\/\\\/repliquemangacine.fr\\\/#\\\/schema\\\/logo\\\/image\\\/\",\"url\":\"https:\\\/\\\/repliquemangacine.fr\\\/wp-content\\\/uploads\\\/2023\\\/10\\\/RMC-500250.png\",\"contentUrl\":\"https:\\\/\\\/repliquemangacine.fr\\\/wp-content\\\/uploads\\\/2023\\\/10\\\/RMC-500250.png\",\"width\":500,\"height\":250,\"caption\":\"R\u00e9plique Manga Cin\u00e9\"},\"image\":{\"@id\":\"https:\\\/\\\/repliquemangacine.fr\\\/#\\\/schema\\\/logo\\\/image\\\/\"},\"sameAs\":[\"https:\\\/\\\/www.facebook.com\\\/RepliqueMangaCine\",\"https:\\\/\\\/www.instagram.com\\\/repliquemangacine.fr\\\/\"]}]}<\/script>\n<!-- \/ Yoast SEO plugin. -->","yoast_head_json":{"title":"Shuriken Naruto - Kunai Naruto Barato - R\u00e9plique Manga Cin\u00e9","description":"\u00bfQuieres practicar la t\u00e9cnica Shuriken jutsu como Naruto? Reg\u00e1late este shuriken totalmente met\u00e1lico al mejor precio. Entrega 24\/48H","robots":{"index":"index","follow":"follow","max-snippet":"max-snippet:-1","max-image-preview":"max-image-preview:large","max-video-preview":"max-video-preview:-1"},"canonical":"https:\/\/www.repliquemangacine.fr\/kunai-et-shuriken-naruto\/shuriken-naruto\/","og_locale":"es_ES","og_type":"article","og_title":"Shuriken Naruto - Kunai naruto pas cher - R\u00e9plique Manga Cin\u00e9","og_description":"Envie de pratiquer la technique du Shuriken jutsu comme Naruto ! Offrez vous ce shuriken tout en m\u00e9tal au meilleur prix. Envoi 24\/48H","og_url":"https:\/\/www.repliquemangacine.fr\/kunai-et-shuriken-naruto\/shuriken-naruto\/","og_site_name":"R\u00e9plique Manga Cin\u00e9","article_publisher":"https:\/\/www.facebook.com\/RepliqueMangaCine","article_modified_time":"2026-04-12T04:16:11+00:00","og_image":[{"width":800,"height":800,"url":"https:\/\/repliquemangacine.fr\/wp-content\/uploads\/2023\/10\/192-Shuriken-Etoile-a-lancer-Naruto.jpg","type":"image\/jpeg"}],"twitter_card":"summary_large_image","twitter_misc":{"Tiempo de lectura":"3 minutos"},"schema":{"@context":"https:\/\/schema.org","@graph":[{"@type":"WebPage","@id":"https:\/\/repliquemangacine.fr\/couteaux-de-lancer-et-etoiles\/shuriken-naruto\/","url":"https:\/\/www.repliquemangacine.fr\/kunai-et-shuriken-naruto\/shuriken-naruto\/","name":"Shuriken Naruto - Kunai Naruto Barato - R\u00e9plique Manga Cin\u00e9","isPartOf":{"@id":"https:\/\/repliquemangacine.fr\/#website"},"primaryImageOfPage":{"@id":"https:\/\/www.repliquemangacine.fr\/kunai-et-shuriken-naruto\/shuriken-naruto\/#primaryimage"},"image":{"@id":"https:\/\/www.repliquemangacine.fr\/kunai-et-shuriken-naruto\/shuriken-naruto\/#primaryimage"},"thumbnailUrl":"https:\/\/repliquemangacine.fr\/wp-content\/uploads\/2023\/10\/192-Shuriken-Etoile-a-lancer-Naruto.jpg","datePublished":"2016-08-27T20:51:57+00:00","dateModified":"2026-04-12T04:16:11+00:00","description":"\u00bfQuieres practicar la t\u00e9cnica Shuriken jutsu como Naruto? Reg\u00e1late este shuriken totalmente met\u00e1lico al mejor precio. Entrega 24\/48H","breadcrumb":{"@id":"https:\/\/www.repliquemangacine.fr\/kunai-et-shuriken-naruto\/shuriken-naruto\/#breadcrumb"},"inLanguage":"es","potentialAction":[{"@type":"ReadAction","target":["https:\/\/www.repliquemangacine.fr\/kunai-et-shuriken-naruto\/shuriken-naruto\/"]}]},{"@type":"ImageObject","inLanguage":"es","@id":"https:\/\/www.repliquemangacine.fr\/kunai-et-shuriken-naruto\/shuriken-naruto\/#primaryimage","url":"https:\/\/repliquemangacine.fr\/wp-content\/uploads\/2023\/10\/192-Shuriken-Etoile-a-lancer-Naruto.jpg","contentUrl":"https:\/\/repliquemangacine.fr\/wp-content\/uploads\/2023\/10\/192-Shuriken-Etoile-a-lancer-Naruto.jpg","width":800,"height":800,"caption":"Shuriken - Etoile a lancer - Naruto"},{"@type":"BreadcrumbList","@id":"https:\/\/www.repliquemangacine.fr\/kunai-et-shuriken-naruto\/shuriken-naruto\/#breadcrumb","itemListElement":[{"@type":"ListItem","position":1,"name":"Accueil","item":"https:\/\/repliquemangacine.fr\/"},{"@type":"ListItem","position":2,"name":"Produits","item":"https:\/\/repliquemangacine.fr\/boutique\/"},{"@type":"ListItem","position":3,"name":"Shuriken Naruto"}]},{"@type":"WebSite","@id":"https:\/\/repliquemangacine.fr\/#website","url":"https:\/\/repliquemangacine.fr\/","name":"R\u00e9plique Manga Cin\u00e9","description":"","publisher":{"@id":"https:\/\/repliquemangacine.fr\/#organization"},"potentialAction":[{"@type":"SearchAction","target":{"@type":"EntryPoint","urlTemplate":"https:\/\/repliquemangacine.fr\/?s={search_term_string}"},"query-input":{"@type":"PropertyValueSpecification","valueRequired":true,"valueName":"search_term_string"}}],"inLanguage":"es"},{"@type":"Organization","@id":"https:\/\/repliquemangacine.fr\/#organization","name":"R\u00e9plique Manga Cin\u00e9","url":"https:\/\/repliquemangacine.fr\/","logo":{"@type":"ImageObject","inLanguage":"es","@id":"https:\/\/repliquemangacine.fr\/#\/schema\/logo\/image\/","url":"https:\/\/repliquemangacine.fr\/wp-content\/uploads\/2023\/10\/RMC-500250.png","contentUrl":"https:\/\/repliquemangacine.fr\/wp-content\/uploads\/2023\/10\/RMC-500250.png","width":500,"height":250,"caption":"R\u00e9plique Manga Cin\u00e9"},"image":{"@id":"https:\/\/repliquemangacine.fr\/#\/schema\/logo\/image\/"},"sameAs":["https:\/\/www.facebook.com\/RepliqueMangaCine","https:\/\/www.instagram.com\/repliquemangacine.fr\/"]}]}},"_links":{"self":[{"href":"https:\/\/repliquemangacine.fr\/es\/wp-json\/wp\/v2\/product\/25390","targetHints":{"allow":["GET"]}}],"collection":[{"href":"https:\/\/repliquemangacine.fr\/es\/wp-json\/wp\/v2\/product"}],"about":[{"href":"https:\/\/repliquemangacine.fr\/es\/wp-json\/wp\/v2\/types\/product"}],"wp:featuredmedia":[{"embeddable":true,"href":"https:\/\/repliquemangacine.fr\/es\/wp-json\/wp\/v2\/media\/25391"}],"wp:attachment":[{"href":"https:\/\/repliquemangacine.fr\/es\/wp-json\/wp\/v2\/media?parent=25390"}],"wp:term":[{"taxonomy":"product_brand","embeddable":true,"href":"https:\/\/repliquemangacine.fr\/es\/wp-json\/wp\/v2\/product_brand?post=25390"},{"taxonomy":"product_cat","embeddable":true,"href":"https:\/\/repliquemangacine.fr\/es\/wp-json\/wp\/v2\/product_cat?post=25390"},{"taxonomy":"product_tag","embeddable":true,"href":"https:\/\/repliquemangacine.fr\/es\/wp-json\/wp\/v2\/product_tag?post=25390"}],"curies":[{"name":"wp","href":"https:\/\/api.w.org\/{rel}","templated":true}]}}