





{"id":25387,"date":"2016-08-27T19:20:23","date_gmt":"2016-08-27T17:20:23","guid":{"rendered":"https:\/\/repliquemangacine.fr\/?post_type=product&#038;p=25387"},"modified":"2025-12-20T10:06:09","modified_gmt":"2025-12-20T09:06:09","slug":"kunai-yondaime-minato-namikaze","status":"publish","type":"product","link":"https:\/\/repliquemangacine.fr\/es\/kunai-et-shuriken-naruto\/kunai-yondaime-minato-namikaze\/","title":{"rendered":"Kunai Minato Yondaime Namikaze"},"content":{"rendered":"<h2>Kunai Minato Yondaime naruto.<\/h2>\n<p>Para empezar, el Kuna\u00ef Minato Yondaime est\u00e1 fabricado \u00edntegramente en acero de una sola pieza.<\/p>\n<p>Minato es famoso por su t\u00e9cnica espacio-temporal: El vuelo del dios del trueno volador. Esto le permite teletransportarse a cualquier lugar con poco o ning\u00fan movimiento. Lo consigue gracias al uso de sus kunais especiales.<\/p>\n<p>Minato siempre llevaba consigo un kunai original. Se llamaba \u00abKunai del Dios del Trueno Volador\u00bb. Es un kunai personalizado de <a href=\"https:\/\/naruto.fandom.com\/fr\/wiki\/Minato_Namikaze\" target=\"_blank\" rel=\"noopener noreferrer\">Minato Namikaze<\/a>. Se diferenciaba del Kunai normal por su peso, pero tambi\u00e9n porque ten\u00eda tres puntas.<span class=\"Apple-converted-space\">\u00a0<\/span><\/p>\n<p>Shurikenjutsu (que significa t\u00e9cnicas de espada oculta) se refiere a las t\u00e9cnicas que implican el lanzamiento de shuriken, kunai, senbon u otras armas arrojadizas con hoja.<\/p>\n<h2>Tu Kuna\u00ef Minato Yondaime al mejor precio.<\/h2>\n<p>Te ofrecemos todas las r\u00e9plicas de tus personajes favoritos de este manga animado Naruto.<\/p>\n<p>Lo primero y m\u00e1s importante,<\/p>\n<ul>\n<li>Le <a href=\"https:\/\/repliquemangacine.fr\/es\/naruto\/shirasaya-de-kakashi-hatake-anbu-naruto\/\">shirasaya de Kakashi Hatake<\/a> Todo negro con hilo de algod\u00f3n rojo para un aspecto estupendo.<\/li>\n<li>Tambi\u00e9n existe la <a href=\"https:\/\/repliquemangacine.fr\/es\/naruto\/diadema-konoha-naruto\/\">Diadema Konoha<\/a> se entrega en su caja expositora.<\/li>\n<li>Y muchos m\u00e1s por descubrir en nuestra tienda en l\u00ednea.<\/li>\n<\/ul>\n<p>Por eso, aqu\u00ed tienes unas ideas estupendas para regalar a los fans de Naruto.<\/p>\n<p>En conclusi\u00f3n, tambi\u00e9n puedes utilizar este Kunai Minato Yondaime para tus desfiles de cosplay o tus fiestas tem\u00e1ticas. Pero, ante todo, el Kunai Minato Yondaime Naruto es tambi\u00e9n una pieza de colecci\u00f3n y decoraci\u00f3n.<\/p>\n<h2>Nuestros \u00faltimos lanzamientos de Naruto a bajo precio.<\/h2>\n<p>Siempre en busca de novedades y con el objetivo de satisfacer sus demandas, \u00a1tenemos algunas peque\u00f1as joyas que pronto le presentaremos!<\/p>\n<p>Por ejemplo: el gran Kunai Naruto con su mango blanco. Dentro de poco, tendremos el gran placer de presentaros las figuras de Naruto.<\/p>\n<p>R\u00e9plique Manga Cin\u00e9 es una empresa familiar francesa.<\/p>\n<p><strong>Tenga en cuenta que todas nuestras r\u00e9plicas son objetos de colecci\u00f3n y decoraci\u00f3n. Puede utilizarlas para recreaciones hist\u00f3ricas, desfiles de cosplay o decoraci\u00f3n de interiores. En consecuencia, no es posible acudir a lugares p\u00fablicos con estas r\u00e9plicas.<br \/>\n<\/strong><\/p>","protected":false},"excerpt":{"rendered":"<p>Considerado una leyenda, Minato Namikaze, apodado el \"Rayo Amarillo de Konoha\", fue un ninja que se convirti\u00f3 en el Cuarto Hokage. Sus kunais eran \u00fanicos, ya que ten\u00edan tres puntas.<\/p>\n<ul>\n<li>R\u00e9plica totalmente met\u00e1lica de una sola pieza.<\/li>\n<li>Hoja no afilada con tres puntas.<\/li>\n<li>Asa rodeada de algod\u00f3n beige para un agarre seguro.<\/li>\n<li>Longitud total: 28 cm<\/li>\n<\/ul>","protected":false},"featured_media":25388,"template":"","meta":[],"product_brand":[896],"product_cat":[108],"product_tag":[],"class_list":{"0":"post-25387","1":"product","2":"type-product","3":"status-publish","4":"has-post-thumbnail","6":"product_brand-replique-manga-cine","7":"product_cat-kunai-et-shuriken-naruto","9":"first","10":"instock","11":"taxable","12":"shipping-taxable","13":"purchasable","14":"product-type-simple"},"yoast_head":"<!-- This site is optimized with the Yoast SEO plugin v27.4 - https:\/\/yoast.com\/product\/yoast-seo-wordpress\/ -->\n<title>Kuna\u00ef Minato Yondaime - Naruto - R\u00e9plique Manga Cin\u00e9<\/title>\n<meta name=\"description\" content=\"Soyez aussi vif que l&#039;\u00e9clair avec le kuna\u00ef de Minato, le 4\u00e8me Hokage &quot;Yondaime Hokage&quot; dans Naruto. Tout en m\u00e9tal 3 pointes Livraison 24\/48h\" \/>\n<meta name=\"robots\" content=\"index, follow, max-snippet:-1, max-image-preview:large, max-video-preview:-1\" \/>\n<link rel=\"canonical\" href=\"https:\/\/repliquemangacine.fr\/es\/naruto-kunai-y-shuriken\/kunai-yondaime-minato-namikaze\/\" \/>\n<meta property=\"og:locale\" content=\"es_ES\" \/>\n<meta property=\"og:type\" content=\"article\" \/>\n<meta property=\"og:title\" content=\"Kuna\u00ef Minato Yondaime - Naruto - R\u00e9plique Manga Cin\u00e9\" \/>\n<meta property=\"og:description\" content=\"Soyez aussi vif que l&#039;\u00e9clair avec le kuna\u00ef de Minato, le 4\u00e8me Hokage &quot;Yondaime Hokage&quot; dans Naruto. Tout en m\u00e9tal 3 pointes Livraison 24\/48h\" \/>\n<meta property=\"og:url\" content=\"https:\/\/repliquemangacine.fr\/es\/naruto-kunai-y-shuriken\/kunai-yondaime-minato-namikaze\/\" \/>\n<meta property=\"og:site_name\" content=\"R\u00e9plique Manga Cin\u00e9\" \/>\n<meta property=\"article:publisher\" content=\"https:\/\/www.facebook.com\/RepliqueMangaCine\" \/>\n<meta property=\"article:modified_time\" content=\"2025-12-20T09:06:09+00:00\" \/>\n<meta property=\"og:image\" content=\"https:\/\/repliquemangacine.fr\/wp-content\/uploads\/2023\/10\/186-Kunai-Yondaime-Naruto.jpg\" \/>\n\t<meta property=\"og:image:width\" content=\"800\" \/>\n\t<meta property=\"og:image:height\" content=\"800\" \/>\n\t<meta property=\"og:image:type\" content=\"image\/jpeg\" \/>\n<meta name=\"twitter:card\" content=\"summary_large_image\" \/>\n<meta name=\"twitter:label1\" content=\"Tiempo de lectura\" \/>\n\t<meta name=\"twitter:data1\" content=\"2 minutos\" \/>\n<script type=\"application\/ld+json\" class=\"yoast-schema-graph\">{\"@context\":\"https:\\\/\\\/schema.org\",\"@graph\":[{\"@type\":\"WebPage\",\"@id\":\"https:\\\/\\\/repliquemangacine.fr\\\/kunai-et-shuriken-naruto\\\/kunai-yondaime-minato-namikaze\\\/\",\"url\":\"https:\\\/\\\/repliquemangacine.fr\\\/kunai-et-shuriken-naruto\\\/kunai-yondaime-minato-namikaze\\\/\",\"name\":\"Kuna\u00ef Minato Yondaime - Naruto - R\u00e9plique Manga Cin\u00e9\",\"isPartOf\":{\"@id\":\"https:\\\/\\\/repliquemangacine.fr\\\/#website\"},\"primaryImageOfPage\":{\"@id\":\"https:\\\/\\\/repliquemangacine.fr\\\/kunai-et-shuriken-naruto\\\/kunai-yondaime-minato-namikaze\\\/#primaryimage\"},\"image\":{\"@id\":\"https:\\\/\\\/repliquemangacine.fr\\\/kunai-et-shuriken-naruto\\\/kunai-yondaime-minato-namikaze\\\/#primaryimage\"},\"thumbnailUrl\":\"https:\\\/\\\/repliquemangacine.fr\\\/wp-content\\\/uploads\\\/2023\\\/10\\\/186-Kunai-Yondaime-Naruto.jpg\",\"datePublished\":\"2016-08-27T17:20:23+00:00\",\"dateModified\":\"2025-12-20T09:06:09+00:00\",\"description\":\"Soyez aussi vif que l'\u00e9clair avec le kuna\u00ef de Minato, le 4\u00e8me Hokage \\\"Yondaime Hokage\\\" dans Naruto. Tout en m\u00e9tal 3 pointes Livraison 24\\\/48h\",\"breadcrumb\":{\"@id\":\"https:\\\/\\\/repliquemangacine.fr\\\/kunai-et-shuriken-naruto\\\/kunai-yondaime-minato-namikaze\\\/#breadcrumb\"},\"inLanguage\":\"es\",\"potentialAction\":[{\"@type\":\"ReadAction\",\"target\":[\"https:\\\/\\\/repliquemangacine.fr\\\/kunai-et-shuriken-naruto\\\/kunai-yondaime-minato-namikaze\\\/\"]}]},{\"@type\":\"ImageObject\",\"inLanguage\":\"es\",\"@id\":\"https:\\\/\\\/repliquemangacine.fr\\\/kunai-et-shuriken-naruto\\\/kunai-yondaime-minato-namikaze\\\/#primaryimage\",\"url\":\"https:\\\/\\\/repliquemangacine.fr\\\/wp-content\\\/uploads\\\/2023\\\/10\\\/186-Kunai-Yondaime-Naruto.jpg\",\"contentUrl\":\"https:\\\/\\\/repliquemangacine.fr\\\/wp-content\\\/uploads\\\/2023\\\/10\\\/186-Kunai-Yondaime-Naruto.jpg\",\"width\":800,\"height\":800,\"caption\":\"Kuna\u00ef Yondaime - Naruto\"},{\"@type\":\"BreadcrumbList\",\"@id\":\"https:\\\/\\\/repliquemangacine.fr\\\/kunai-et-shuriken-naruto\\\/kunai-yondaime-minato-namikaze\\\/#breadcrumb\",\"itemListElement\":[{\"@type\":\"ListItem\",\"position\":1,\"name\":\"Accueil\",\"item\":\"https:\\\/\\\/repliquemangacine.fr\\\/\"},{\"@type\":\"ListItem\",\"position\":2,\"name\":\"Produits\",\"item\":\"https:\\\/\\\/repliquemangacine.fr\\\/boutique\\\/\"},{\"@type\":\"ListItem\",\"position\":3,\"name\":\"Kuna\u00ef Minato Yondaime Namikaze\"}]},{\"@type\":\"WebSite\",\"@id\":\"https:\\\/\\\/repliquemangacine.fr\\\/#website\",\"url\":\"https:\\\/\\\/repliquemangacine.fr\\\/\",\"name\":\"R\u00e9plique Manga Cin\u00e9\",\"description\":\"\",\"publisher\":{\"@id\":\"https:\\\/\\\/repliquemangacine.fr\\\/#organization\"},\"potentialAction\":[{\"@type\":\"SearchAction\",\"target\":{\"@type\":\"EntryPoint\",\"urlTemplate\":\"https:\\\/\\\/repliquemangacine.fr\\\/?s={search_term_string}\"},\"query-input\":{\"@type\":\"PropertyValueSpecification\",\"valueRequired\":true,\"valueName\":\"search_term_string\"}}],\"inLanguage\":\"es\"},{\"@type\":\"Organization\",\"@id\":\"https:\\\/\\\/repliquemangacine.fr\\\/#organization\",\"name\":\"R\u00e9plique Manga Cin\u00e9\",\"url\":\"https:\\\/\\\/repliquemangacine.fr\\\/\",\"logo\":{\"@type\":\"ImageObject\",\"inLanguage\":\"es\",\"@id\":\"https:\\\/\\\/repliquemangacine.fr\\\/#\\\/schema\\\/logo\\\/image\\\/\",\"url\":\"https:\\\/\\\/repliquemangacine.fr\\\/wp-content\\\/uploads\\\/2023\\\/10\\\/RMC-500250.png\",\"contentUrl\":\"https:\\\/\\\/repliquemangacine.fr\\\/wp-content\\\/uploads\\\/2023\\\/10\\\/RMC-500250.png\",\"width\":500,\"height\":250,\"caption\":\"R\u00e9plique Manga Cin\u00e9\"},\"image\":{\"@id\":\"https:\\\/\\\/repliquemangacine.fr\\\/#\\\/schema\\\/logo\\\/image\\\/\"},\"sameAs\":[\"https:\\\/\\\/www.facebook.com\\\/RepliqueMangaCine\",\"https:\\\/\\\/www.instagram.com\\\/repliquemangacine.fr\\\/\"]}]}<\/script>\n<!-- \/ Yoast SEO plugin. -->","yoast_head_json":{"title":"Kunai Minato Yondaime - Naruto - R\u00e9plique Manga Cin\u00e9","description":"S\u00e9 r\u00e1pido como el rayo con el kunai de Minato, el 4\u00ba Hokage \"Yondaime Hokage\" en Naruto. Todo metal 3 puntos Entrega en 24\/48h","robots":{"index":"index","follow":"follow","max-snippet":"max-snippet:-1","max-image-preview":"max-image-preview:large","max-video-preview":"max-video-preview:-1"},"canonical":"https:\/\/repliquemangacine.fr\/es\/naruto-kunai-y-shuriken\/kunai-yondaime-minato-namikaze\/","og_locale":"es_ES","og_type":"article","og_title":"Kuna\u00ef Minato Yondaime - Naruto - R\u00e9plique Manga Cin\u00e9","og_description":"Soyez aussi vif que l'\u00e9clair avec le kuna\u00ef de Minato, le 4\u00e8me Hokage \"Yondaime Hokage\" dans Naruto. Tout en m\u00e9tal 3 pointes Livraison 24\/48h","og_url":"https:\/\/repliquemangacine.fr\/es\/naruto-kunai-y-shuriken\/kunai-yondaime-minato-namikaze\/","og_site_name":"R\u00e9plique Manga Cin\u00e9","article_publisher":"https:\/\/www.facebook.com\/RepliqueMangaCine","article_modified_time":"2025-12-20T09:06:09+00:00","og_image":[{"width":800,"height":800,"url":"https:\/\/repliquemangacine.fr\/wp-content\/uploads\/2023\/10\/186-Kunai-Yondaime-Naruto.jpg","type":"image\/jpeg"}],"twitter_card":"summary_large_image","twitter_misc":{"Tiempo de lectura":"2 minutos"},"schema":{"@context":"https:\/\/schema.org","@graph":[{"@type":"WebPage","@id":"https:\/\/repliquemangacine.fr\/kunai-et-shuriken-naruto\/kunai-yondaime-minato-namikaze\/","url":"https:\/\/repliquemangacine.fr\/kunai-et-shuriken-naruto\/kunai-yondaime-minato-namikaze\/","name":"Kunai Minato Yondaime - Naruto - R\u00e9plique Manga Cin\u00e9","isPartOf":{"@id":"https:\/\/repliquemangacine.fr\/#website"},"primaryImageOfPage":{"@id":"https:\/\/repliquemangacine.fr\/kunai-et-shuriken-naruto\/kunai-yondaime-minato-namikaze\/#primaryimage"},"image":{"@id":"https:\/\/repliquemangacine.fr\/kunai-et-shuriken-naruto\/kunai-yondaime-minato-namikaze\/#primaryimage"},"thumbnailUrl":"https:\/\/repliquemangacine.fr\/wp-content\/uploads\/2023\/10\/186-Kunai-Yondaime-Naruto.jpg","datePublished":"2016-08-27T17:20:23+00:00","dateModified":"2025-12-20T09:06:09+00:00","description":"S\u00e9 r\u00e1pido como el rayo con el kunai de Minato, el 4\u00ba Hokage \"Yondaime Hokage\" en Naruto. Todo metal 3 puntos Entrega en 24\/48h","breadcrumb":{"@id":"https:\/\/repliquemangacine.fr\/kunai-et-shuriken-naruto\/kunai-yondaime-minato-namikaze\/#breadcrumb"},"inLanguage":"es","potentialAction":[{"@type":"ReadAction","target":["https:\/\/repliquemangacine.fr\/kunai-et-shuriken-naruto\/kunai-yondaime-minato-namikaze\/"]}]},{"@type":"ImageObject","inLanguage":"es","@id":"https:\/\/repliquemangacine.fr\/kunai-et-shuriken-naruto\/kunai-yondaime-minato-namikaze\/#primaryimage","url":"https:\/\/repliquemangacine.fr\/wp-content\/uploads\/2023\/10\/186-Kunai-Yondaime-Naruto.jpg","contentUrl":"https:\/\/repliquemangacine.fr\/wp-content\/uploads\/2023\/10\/186-Kunai-Yondaime-Naruto.jpg","width":800,"height":800,"caption":"Kuna\u00ef Yondaime - Naruto"},{"@type":"BreadcrumbList","@id":"https:\/\/repliquemangacine.fr\/kunai-et-shuriken-naruto\/kunai-yondaime-minato-namikaze\/#breadcrumb","itemListElement":[{"@type":"ListItem","position":1,"name":"Accueil","item":"https:\/\/repliquemangacine.fr\/"},{"@type":"ListItem","position":2,"name":"Produits","item":"https:\/\/repliquemangacine.fr\/boutique\/"},{"@type":"ListItem","position":3,"name":"Kuna\u00ef Minato Yondaime Namikaze"}]},{"@type":"WebSite","@id":"https:\/\/repliquemangacine.fr\/#website","url":"https:\/\/repliquemangacine.fr\/","name":"R\u00e9plique Manga Cin\u00e9","description":"","publisher":{"@id":"https:\/\/repliquemangacine.fr\/#organization"},"potentialAction":[{"@type":"SearchAction","target":{"@type":"EntryPoint","urlTemplate":"https:\/\/repliquemangacine.fr\/?s={search_term_string}"},"query-input":{"@type":"PropertyValueSpecification","valueRequired":true,"valueName":"search_term_string"}}],"inLanguage":"es"},{"@type":"Organization","@id":"https:\/\/repliquemangacine.fr\/#organization","name":"R\u00e9plique Manga Cin\u00e9","url":"https:\/\/repliquemangacine.fr\/","logo":{"@type":"ImageObject","inLanguage":"es","@id":"https:\/\/repliquemangacine.fr\/#\/schema\/logo\/image\/","url":"https:\/\/repliquemangacine.fr\/wp-content\/uploads\/2023\/10\/RMC-500250.png","contentUrl":"https:\/\/repliquemangacine.fr\/wp-content\/uploads\/2023\/10\/RMC-500250.png","width":500,"height":250,"caption":"R\u00e9plique Manga Cin\u00e9"},"image":{"@id":"https:\/\/repliquemangacine.fr\/#\/schema\/logo\/image\/"},"sameAs":["https:\/\/www.facebook.com\/RepliqueMangaCine","https:\/\/www.instagram.com\/repliquemangacine.fr\/"]}]}},"_links":{"self":[{"href":"https:\/\/repliquemangacine.fr\/es\/wp-json\/wp\/v2\/product\/25387","targetHints":{"allow":["GET"]}}],"collection":[{"href":"https:\/\/repliquemangacine.fr\/es\/wp-json\/wp\/v2\/product"}],"about":[{"href":"https:\/\/repliquemangacine.fr\/es\/wp-json\/wp\/v2\/types\/product"}],"wp:featuredmedia":[{"embeddable":true,"href":"https:\/\/repliquemangacine.fr\/es\/wp-json\/wp\/v2\/media\/25388"}],"wp:attachment":[{"href":"https:\/\/repliquemangacine.fr\/es\/wp-json\/wp\/v2\/media?parent=25387"}],"wp:term":[{"taxonomy":"product_brand","embeddable":true,"href":"https:\/\/repliquemangacine.fr\/es\/wp-json\/wp\/v2\/product_brand?post=25387"},{"taxonomy":"product_cat","embeddable":true,"href":"https:\/\/repliquemangacine.fr\/es\/wp-json\/wp\/v2\/product_cat?post=25387"},{"taxonomy":"product_tag","embeddable":true,"href":"https:\/\/repliquemangacine.fr\/es\/wp-json\/wp\/v2\/product_tag?post=25387"}],"curies":[{"name":"wp","href":"https:\/\/api.w.org\/{rel}","templated":true}]}}