





{"id":25380,"date":"2016-08-27T18:11:15","date_gmt":"2016-08-27T16:11:15","guid":{"rendered":"https:\/\/repliquemangacine.fr\/?post_type=product&#038;p=25380"},"modified":"2026-03-31T15:00:48","modified_gmt":"2026-03-31T13:00:48","slug":"katana-sasuke-espada-kusanagi","status":"publish","type":"product","link":"https:\/\/repliquemangacine.fr\/es\/katana-naruto\/katana-sasuke-epee-kusanagi\/","title":{"rendered":"Katana Sasuk\u00e9 Naruto Stand + Diadema pack"},"content":{"rendered":"<h2>Katana Kusanagi Espada Sasuke Naruto.<\/h2>\n<p>Para empezar, el <strong>Katana Kusanagi Espada Sasuke<\/strong> versi\u00f3n blanca en el manga Naruto frente a la versi\u00f3n negra del anime.<\/p>\n<p>En primer lugar, es una espada legendaria japonesa, tan importante en este pa\u00eds como lo es Excalibur en Inglaterra. Es una de las tres reliquias de la corona imperial de Jap\u00f3n. Su representaci\u00f3n en la cultura japonesa, en pel\u00edculas, animes y novelas, var\u00eda considerablemente. Cada autor tiene su propia idea y su propio dise\u00f1o.<\/p>\n<p>As\u00ed, en el manga animado <a href=\"https:\/\/naruto.fandom.com\/fr\/wiki\/Accueil\" target=\"_blank\" rel=\"noopener noreferrer\">Naruto<\/a>Orochimaru posee la espada Kusanagi, con fama de ser m\u00e1s fuerte que el diamante. La utiliza para matar al tercer Hokage durante el examen final de los ch\u016bnin. Sasuke tiene otra versi\u00f3n de la espada Kusanagi, no es la misma, pero tiene el mismo nombre.<\/p>\n<h2>Tu Katana Kusanagi Espada Sasuke al mejor precio.<\/h2>\n<p>Te ofrecemos todas las r\u00e9plicas de tus personajes favoritos de este manga animado Naruto.<\/p>\n<p>Lo primero y m\u00e1s importante,<\/p>\n<ul>\n<li>L' <a href=\"https:\/\/repliquemangacine.fr\/es\/katana-naruto\/kusanagi-espada-sasuke-naruto\/\">Espada Kusanagi<\/a>Encontrar\u00e1s el otro sable del mismo nombre.<\/li>\n<li>Pero tambi\u00e9n el gran Kunai de metal, as\u00ed como el <a href=\"https:\/\/repliquemangacine.fr\/es\/naruto\/hoja-de-chakra-asuma\/\">Cuchillas chakra<\/a>.<\/li>\n<li>Y muchos m\u00e1s por descubrir en nuestra tienda en l\u00ednea.<\/li>\n<\/ul>\n<p>Por eso, aqu\u00ed tienes unas ideas estupendas para regalar a los fans de Naruto.<\/p>\n<p>En conclusi\u00f3n, tambi\u00e9n puede utilizar este <strong>Katana Kusanagi Espada Sasuke <\/strong>para tus desfiles de cosplay o veladas tem\u00e1ticas. Pero, sobre todo, la espada Kusanagi es tambi\u00e9n una pieza de coleccionista y un objeto decorativo.<\/p>\n<h2>\u00bfC\u00f3mo se mantiene la hoja de la katana de Naruto?<\/h2>\n<p>Las katanas de colecci\u00f3n y decorativas se fabrican y ensamblan de forma simplificada. Como su uso es decorativo, no cuentan con los elementos de seguridad exigidos a una espada japonesa destinada al entrenamiento.<\/p>\n<p>Sin embargo, su <strong>katana Kusanagi Espada Sasuke<\/strong> a una hoja de acero que hay que cuidar para evitar que se estropee con el tiempo. Cuando exponga su katana, sus amigos sentir\u00e1n curiosidad por ver la hoja y tocarla. Aqu\u00ed es donde hay que tener cuidado, ya que la acidez de los dedos es muy perjudicial para el acero, sea cual sea su calidad.<\/p>\n<p>Sin embargo, si esto ocurre, no te asustes, todo lo que necesitas es un pa\u00f1o humedecido con un poco de aceite y limpiar las huellas dactilares. Si haces esto, tu espada durar\u00e1 mucho tiempo.<\/p>\n<p><strong>\u00a0<\/strong><\/p>","protected":false},"excerpt":{"rendered":"<p>Sasuke Uchiwa tiene un chokut\u014d que \u00e9l llama la versi\u00f3n Manga de la espada Kusanagi.<\/p>\n<ul>\n<li>Hoja recta de acero bicolor.<\/li>\n<li>Guardia con el signo del Uchiwa.<\/li>\n<li>Vaina de madera blanca con una l\u00ednea negra en el centro.<\/li>\n<li>Longitud de la hoja: 69 cm - Longitud total: 102 cm. - Peso : 800 gr<\/li>\n<li><strong>Se entrega con soporte de presentaci\u00f3n y pancarta<\/strong><\/li>\n<\/ul>","protected":false},"featured_media":97278,"template":"","meta":[],"product_brand":[896],"product_cat":[109],"product_tag":[],"class_list":{"0":"post-25380","1":"product","2":"type-product","3":"status-publish","4":"has-post-thumbnail","6":"product_brand-replique-manga-cine","7":"product_cat-katana-naruto","9":"first","10":"instock","11":"taxable","12":"shipping-taxable","13":"purchasable","14":"product-type-simple"},"yoast_head":"<!-- This site is optimized with the Yoast SEO plugin v27.4 - https:\/\/yoast.com\/product\/yoast-seo-wordpress\/ -->\n<title>Katana Kusanagi Ep\u00e9e Sasuke Naruto - Boutique en ligne | RMC<\/title>\n<meta name=\"description\" content=\"Achetez vite ! Votre Katana Kusanagi Ep\u00e9e Sasuke au meilleur prix. Lame en acier - Fourreau blanc- Longueur totale\u00a0: 102 cm - Envoi 24\/48h\" \/>\n<meta name=\"robots\" content=\"index, follow, max-snippet:-1, max-image-preview:large, max-video-preview:-1\" \/>\n<link rel=\"canonical\" href=\"https:\/\/repliquemangacine.fr\/es\/katana-naruto\/katana-sasuke-espada-kusanagi\/\" \/>\n<meta property=\"og:locale\" content=\"es_ES\" \/>\n<meta property=\"og:type\" content=\"article\" \/>\n<meta property=\"og:title\" content=\"Katana Kusanagi Ep\u00e9e Sasuke Naruto - Boutique en ligne | RMC\" \/>\n<meta property=\"og:description\" content=\"Achetez vite ! Votre Katana Kusanagi Ep\u00e9e Sasuke au meilleur prix. Lame en acier - Fourreau blanc- Longueur totale\u00a0: 102 cm - Envoi 24\/48h\" \/>\n<meta property=\"og:url\" content=\"https:\/\/repliquemangacine.fr\/es\/katana-naruto\/katana-sasuke-espada-kusanagi\/\" \/>\n<meta property=\"og:site_name\" content=\"R\u00e9plique Manga Cin\u00e9\" \/>\n<meta property=\"article:publisher\" content=\"https:\/\/www.facebook.com\/RepliqueMangaCine\" \/>\n<meta property=\"article:modified_time\" content=\"2026-03-31T13:00:48+00:00\" \/>\n<meta property=\"og:image\" content=\"https:\/\/repliquemangacine.fr\/wp-content\/uploads\/2016\/08\/epee-naruto.jpg\" \/>\n\t<meta property=\"og:image:width\" content=\"700\" \/>\n\t<meta property=\"og:image:height\" content=\"700\" \/>\n\t<meta property=\"og:image:type\" content=\"image\/jpeg\" \/>\n<meta name=\"twitter:card\" content=\"summary_large_image\" \/>\n<meta name=\"twitter:label1\" content=\"Tiempo de lectura\" \/>\n\t<meta name=\"twitter:data1\" content=\"2 minutos\" \/>\n<script type=\"application\/ld+json\" class=\"yoast-schema-graph\">{\"@context\":\"https:\\\/\\\/schema.org\",\"@graph\":[{\"@type\":\"WebPage\",\"@id\":\"https:\\\/\\\/repliquemangacine.fr\\\/katana-naruto\\\/katana-sasuke-epee-kusanagi\\\/\",\"url\":\"https:\\\/\\\/repliquemangacine.fr\\\/katana-naruto\\\/katana-sasuke-epee-kusanagi\\\/\",\"name\":\"Katana Kusanagi Ep\u00e9e Sasuke Naruto - Boutique en ligne | RMC\",\"isPartOf\":{\"@id\":\"https:\\\/\\\/repliquemangacine.fr\\\/#website\"},\"primaryImageOfPage\":{\"@id\":\"https:\\\/\\\/repliquemangacine.fr\\\/katana-naruto\\\/katana-sasuke-epee-kusanagi\\\/#primaryimage\"},\"image\":{\"@id\":\"https:\\\/\\\/repliquemangacine.fr\\\/katana-naruto\\\/katana-sasuke-epee-kusanagi\\\/#primaryimage\"},\"thumbnailUrl\":\"https:\\\/\\\/repliquemangacine.fr\\\/wp-content\\\/uploads\\\/2016\\\/08\\\/epee-naruto.webp\",\"datePublished\":\"2016-08-27T16:11:15+00:00\",\"dateModified\":\"2026-03-31T13:00:48+00:00\",\"description\":\"Achetez vite ! Votre Katana Kusanagi Ep\u00e9e Sasuke au meilleur prix. Lame en acier - Fourreau blanc- Longueur totale\u00a0: 102 cm - Envoi 24\\\/48h\",\"breadcrumb\":{\"@id\":\"https:\\\/\\\/repliquemangacine.fr\\\/katana-naruto\\\/katana-sasuke-epee-kusanagi\\\/#breadcrumb\"},\"inLanguage\":\"es\",\"potentialAction\":[{\"@type\":\"ReadAction\",\"target\":[\"https:\\\/\\\/repliquemangacine.fr\\\/katana-naruto\\\/katana-sasuke-epee-kusanagi\\\/\"]}]},{\"@type\":\"ImageObject\",\"inLanguage\":\"es\",\"@id\":\"https:\\\/\\\/repliquemangacine.fr\\\/katana-naruto\\\/katana-sasuke-epee-kusanagi\\\/#primaryimage\",\"url\":\"https:\\\/\\\/repliquemangacine.fr\\\/wp-content\\\/uploads\\\/2016\\\/08\\\/epee-naruto.webp\",\"contentUrl\":\"https:\\\/\\\/repliquemangacine.fr\\\/wp-content\\\/uploads\\\/2016\\\/08\\\/epee-naruto.webp\",\"width\":700,\"height\":700,\"caption\":\"Katana Kusanagi Ep\u00e9e Sasuke Naruto support et bandeau\"},{\"@type\":\"BreadcrumbList\",\"@id\":\"https:\\\/\\\/repliquemangacine.fr\\\/katana-naruto\\\/katana-sasuke-epee-kusanagi\\\/#breadcrumb\",\"itemListElement\":[{\"@type\":\"ListItem\",\"position\":1,\"name\":\"Accueil\",\"item\":\"https:\\\/\\\/repliquemangacine.fr\\\/\"},{\"@type\":\"ListItem\",\"position\":2,\"name\":\"Produits\",\"item\":\"https:\\\/\\\/repliquemangacine.fr\\\/boutique\\\/\"},{\"@type\":\"ListItem\",\"position\":3,\"name\":\"Katana Sasuk\u00e9 Naruto Pack support + Bandeau\"}]},{\"@type\":\"WebSite\",\"@id\":\"https:\\\/\\\/repliquemangacine.fr\\\/#website\",\"url\":\"https:\\\/\\\/repliquemangacine.fr\\\/\",\"name\":\"R\u00e9plique Manga Cin\u00e9\",\"description\":\"\",\"publisher\":{\"@id\":\"https:\\\/\\\/repliquemangacine.fr\\\/#organization\"},\"potentialAction\":[{\"@type\":\"SearchAction\",\"target\":{\"@type\":\"EntryPoint\",\"urlTemplate\":\"https:\\\/\\\/repliquemangacine.fr\\\/?s={search_term_string}\"},\"query-input\":{\"@type\":\"PropertyValueSpecification\",\"valueRequired\":true,\"valueName\":\"search_term_string\"}}],\"inLanguage\":\"es\"},{\"@type\":\"Organization\",\"@id\":\"https:\\\/\\\/repliquemangacine.fr\\\/#organization\",\"name\":\"R\u00e9plique Manga Cin\u00e9\",\"url\":\"https:\\\/\\\/repliquemangacine.fr\\\/\",\"logo\":{\"@type\":\"ImageObject\",\"inLanguage\":\"es\",\"@id\":\"https:\\\/\\\/repliquemangacine.fr\\\/#\\\/schema\\\/logo\\\/image\\\/\",\"url\":\"https:\\\/\\\/repliquemangacine.fr\\\/wp-content\\\/uploads\\\/2023\\\/10\\\/RMC-500250.png\",\"contentUrl\":\"https:\\\/\\\/repliquemangacine.fr\\\/wp-content\\\/uploads\\\/2023\\\/10\\\/RMC-500250.png\",\"width\":500,\"height\":250,\"caption\":\"R\u00e9plique Manga Cin\u00e9\"},\"image\":{\"@id\":\"https:\\\/\\\/repliquemangacine.fr\\\/#\\\/schema\\\/logo\\\/image\\\/\"},\"sameAs\":[\"https:\\\/\\\/www.facebook.com\\\/RepliqueMangaCine\",\"https:\\\/\\\/www.instagram.com\\\/repliquemangacine.fr\\\/\"]}]}<\/script>\n<!-- \/ Yoast SEO plugin. -->","yoast_head_json":{"title":"Katana Kusanagi Espada Sasuke Naruto - Boutique en ligne | RMC","description":"\u00a1C\u00f3mprala ya! Tu Katana Kusanagi Espada Sasuke al mejor precio. Hoja de acero - Funda blanca - Longitud total: 102 cm - Env\u00edo 24\/48h","robots":{"index":"index","follow":"follow","max-snippet":"max-snippet:-1","max-image-preview":"max-image-preview:large","max-video-preview":"max-video-preview:-1"},"canonical":"https:\/\/repliquemangacine.fr\/es\/katana-naruto\/katana-sasuke-espada-kusanagi\/","og_locale":"es_ES","og_type":"article","og_title":"Katana Kusanagi Ep\u00e9e Sasuke Naruto - Boutique en ligne | RMC","og_description":"Achetez vite ! Votre Katana Kusanagi Ep\u00e9e Sasuke au meilleur prix. Lame en acier - Fourreau blanc- Longueur totale\u00a0: 102 cm - Envoi 24\/48h","og_url":"https:\/\/repliquemangacine.fr\/es\/katana-naruto\/katana-sasuke-espada-kusanagi\/","og_site_name":"R\u00e9plique Manga Cin\u00e9","article_publisher":"https:\/\/www.facebook.com\/RepliqueMangaCine","article_modified_time":"2026-03-31T13:00:48+00:00","og_image":[{"width":700,"height":700,"url":"https:\/\/repliquemangacine.fr\/wp-content\/uploads\/2016\/08\/epee-naruto.jpg","type":"image\/jpeg"}],"twitter_card":"summary_large_image","twitter_misc":{"Tiempo de lectura":"2 minutos"},"schema":{"@context":"https:\/\/schema.org","@graph":[{"@type":"WebPage","@id":"https:\/\/repliquemangacine.fr\/katana-naruto\/katana-sasuke-epee-kusanagi\/","url":"https:\/\/repliquemangacine.fr\/katana-naruto\/katana-sasuke-epee-kusanagi\/","name":"Katana Kusanagi Espada Sasuke Naruto - Boutique en ligne | RMC","isPartOf":{"@id":"https:\/\/repliquemangacine.fr\/#website"},"primaryImageOfPage":{"@id":"https:\/\/repliquemangacine.fr\/katana-naruto\/katana-sasuke-epee-kusanagi\/#primaryimage"},"image":{"@id":"https:\/\/repliquemangacine.fr\/katana-naruto\/katana-sasuke-epee-kusanagi\/#primaryimage"},"thumbnailUrl":"https:\/\/repliquemangacine.fr\/wp-content\/uploads\/2016\/08\/epee-naruto.webp","datePublished":"2016-08-27T16:11:15+00:00","dateModified":"2026-03-31T13:00:48+00:00","description":"\u00a1C\u00f3mprala ya! Tu Katana Kusanagi Espada Sasuke al mejor precio. Hoja de acero - Funda blanca - Longitud total: 102 cm - Env\u00edo 24\/48h","breadcrumb":{"@id":"https:\/\/repliquemangacine.fr\/katana-naruto\/katana-sasuke-epee-kusanagi\/#breadcrumb"},"inLanguage":"es","potentialAction":[{"@type":"ReadAction","target":["https:\/\/repliquemangacine.fr\/katana-naruto\/katana-sasuke-epee-kusanagi\/"]}]},{"@type":"ImageObject","inLanguage":"es","@id":"https:\/\/repliquemangacine.fr\/katana-naruto\/katana-sasuke-epee-kusanagi\/#primaryimage","url":"https:\/\/repliquemangacine.fr\/wp-content\/uploads\/2016\/08\/epee-naruto.webp","contentUrl":"https:\/\/repliquemangacine.fr\/wp-content\/uploads\/2016\/08\/epee-naruto.webp","width":700,"height":700,"caption":"Katana Kusanagi Ep\u00e9e Sasuke Naruto support et bandeau"},{"@type":"BreadcrumbList","@id":"https:\/\/repliquemangacine.fr\/katana-naruto\/katana-sasuke-epee-kusanagi\/#breadcrumb","itemListElement":[{"@type":"ListItem","position":1,"name":"Accueil","item":"https:\/\/repliquemangacine.fr\/"},{"@type":"ListItem","position":2,"name":"Produits","item":"https:\/\/repliquemangacine.fr\/boutique\/"},{"@type":"ListItem","position":3,"name":"Katana Sasuk\u00e9 Naruto Pack support + Bandeau"}]},{"@type":"WebSite","@id":"https:\/\/repliquemangacine.fr\/#website","url":"https:\/\/repliquemangacine.fr\/","name":"R\u00e9plique Manga Cin\u00e9","description":"","publisher":{"@id":"https:\/\/repliquemangacine.fr\/#organization"},"potentialAction":[{"@type":"SearchAction","target":{"@type":"EntryPoint","urlTemplate":"https:\/\/repliquemangacine.fr\/?s={search_term_string}"},"query-input":{"@type":"PropertyValueSpecification","valueRequired":true,"valueName":"search_term_string"}}],"inLanguage":"es"},{"@type":"Organization","@id":"https:\/\/repliquemangacine.fr\/#organization","name":"R\u00e9plique Manga Cin\u00e9","url":"https:\/\/repliquemangacine.fr\/","logo":{"@type":"ImageObject","inLanguage":"es","@id":"https:\/\/repliquemangacine.fr\/#\/schema\/logo\/image\/","url":"https:\/\/repliquemangacine.fr\/wp-content\/uploads\/2023\/10\/RMC-500250.png","contentUrl":"https:\/\/repliquemangacine.fr\/wp-content\/uploads\/2023\/10\/RMC-500250.png","width":500,"height":250,"caption":"R\u00e9plique Manga Cin\u00e9"},"image":{"@id":"https:\/\/repliquemangacine.fr\/#\/schema\/logo\/image\/"},"sameAs":["https:\/\/www.facebook.com\/RepliqueMangaCine","https:\/\/www.instagram.com\/repliquemangacine.fr\/"]}]}},"_links":{"self":[{"href":"https:\/\/repliquemangacine.fr\/es\/wp-json\/wp\/v2\/product\/25380","targetHints":{"allow":["GET"]}}],"collection":[{"href":"https:\/\/repliquemangacine.fr\/es\/wp-json\/wp\/v2\/product"}],"about":[{"href":"https:\/\/repliquemangacine.fr\/es\/wp-json\/wp\/v2\/types\/product"}],"wp:featuredmedia":[{"embeddable":true,"href":"https:\/\/repliquemangacine.fr\/es\/wp-json\/wp\/v2\/media\/97278"}],"wp:attachment":[{"href":"https:\/\/repliquemangacine.fr\/es\/wp-json\/wp\/v2\/media?parent=25380"}],"wp:term":[{"taxonomy":"product_brand","embeddable":true,"href":"https:\/\/repliquemangacine.fr\/es\/wp-json\/wp\/v2\/product_brand?post=25380"},{"taxonomy":"product_cat","embeddable":true,"href":"https:\/\/repliquemangacine.fr\/es\/wp-json\/wp\/v2\/product_cat?post=25380"},{"taxonomy":"product_tag","embeddable":true,"href":"https:\/\/repliquemangacine.fr\/es\/wp-json\/wp\/v2\/product_tag?post=25380"}],"curies":[{"name":"wp","href":"https:\/\/api.w.org\/{rel}","templated":true}]}}