





{"id":25374,"date":"2016-08-27T17:46:00","date_gmt":"2016-08-27T15:46:00","guid":{"rendered":"https:\/\/repliquemangacine.fr\/?post_type=product&#038;p=25374"},"modified":"2026-04-18T09:45:02","modified_gmt":"2026-04-18T07:45:02","slug":"kusanagi-espada-sasuke-naruto","status":"publish","type":"product","link":"https:\/\/repliquemangacine.fr\/es\/katana-naruto\/epee-kusanagi-sasuke-naruto\/","title":{"rendered":"Espada sasuk\u00e9 - Katana Kusanagi Support pack + Cinta para la cabeza"},"content":{"rendered":"<h2>Espada Kusanagi Katana Sasuke Naruto.<\/h2>\n<p>Para empezar, el<strong>Kusanagi espada Katana sasuke<\/strong> Naruto, versi\u00f3n animada en contraposici\u00f3n a la versi\u00f3n manga y su katana blanca.<\/p>\n<p>En primer lugar, es una espada legendaria japonesa, tan importante en este pa\u00eds como lo es Excalibur en Inglaterra. Es una de las tres reliquias de la corona imperial de Jap\u00f3n.<br \/>\nSu representaci\u00f3n en la cultura japonesa, en pel\u00edculas, animes y novelas, var\u00eda considerablemente. Cada autor tiene su propia idea y su propio dise\u00f1o.<\/p>\n<p>As\u00ed, en el manga animado<a href=\"https:\/\/naruto.fandom.com\/fr\/wiki\/Accueil\" target=\"_blank\" rel=\"noopener noreferrer\"> Naruto<\/a>, Orochimaru posee la espada de Kusanagi, que tiene fama de ser m\u00e1s resistente que el diamante.<br \/>\nLa utiliza para matar al tercer Hokage durante el examen final de ch\u016bnin. Sasuke tiene otra versi\u00f3n de la espada de Kusanagi, no es la misma, pero tiene el mismo nombre.<\/p>\n<h2>Tu Naruto Kusanagi Katana Sasuke Espada al mejor precio.<\/h2>\n<p>Te ofrecemos todas las r\u00e9plicas de tus personajes favoritos de este manga animado Naruto.<\/p>\n<p>Lo primero y m\u00e1s importante,<\/p>\n<ul>\n<li>L'<a href=\"https:\/\/repliquemangacine.fr\/es\/katana-naruto\/espada-zabuza-espada-kubikiribocho\/\">Espada Kubikirib\u00f4ch\u00f4<\/a> de Zabuza Momochi, que parece un cuchillo de carnicero gigante.<\/li>\n<li>Pero tambi\u00e9n la <a href=\"https:\/\/repliquemangacine.fr\/es\/naruto\/naruto-kunai-grande\/\">Kunai grande<\/a> as\u00ed como las cuchillas Chakra.<\/li>\n<li>Y muchos m\u00e1s por descubrir en nuestra tienda en l\u00ednea.<\/li>\n<\/ul>\n<p>Por eso, aqu\u00ed tienes unas ideas estupendas para regalar a los fans de Naruto.<\/p>\n<p>En conclusi\u00f3n, tambi\u00e9n puede utilizar este <strong>Espada Kusanagi Katana Sasuke<\/strong> Naruto para tus desfiles de cosplay o fiestas tem\u00e1ticas. Pero sobre todo, la espada Naruto Sasuke es tambi\u00e9n un objeto de colecci\u00f3n y un objeto decorativo.<\/p>\n<h2>\u00bfC\u00f3mo se mantiene la hoja de la katana de Naruto?<\/h2>\n<p>Las katanas de colecci\u00f3n y decorativas se fabrican y ensamblan de forma simplificada. Como su uso es decorativo, no cuentan con los elementos de seguridad exigidos a una espada japonesa destinada al entrenamiento.<\/p>\n<p>Sin embargo, su <strong>Espada Kusanagi Katana Sasuke<\/strong> a una hoja de acero que hay que cuidar para evitar que se estropee con el tiempo. Cuando exponga su katana, sus amigos sentir\u00e1n curiosidad por ver la hoja y tocarla. Aqu\u00ed es donde hay que tener cuidado, ya que la acidez de los dedos es muy perjudicial para el acero, sea cual sea su calidad.<\/p>\n<p>Sin embargo, si esto ocurre, no te asustes, todo lo que necesitas es un pa\u00f1o humedecido con un poco de aceite y limpiar las huellas dactilares. Si haces esto, tu espada durar\u00e1 mucho tiempo.<\/p>\n<p><strong>\u00a0<\/strong><\/p>","protected":false},"excerpt":{"rendered":"<p>Sasuke Uchiwa est\u00e1 equipado con un chokut\u014d al que llama espada Kusanagi. Os traemos la versi\u00f3n 2.<\/p>\n<ul>\n<li>Hoja recta de acero.<\/li>\n<li>Guardia con el signo de los Uchiwas<\/li>\n<li>Vaina de madera totalmente negra.<\/li>\n<li>Longitud de la hoja: 69cm - Longitud total: 102cm - Peso: 800grs.<\/li>\n<li><strong>Se suministra con soporte de presentaci\u00f3n y diadema<\/strong><\/li>\n<\/ul>\n<p>&nbsp;<\/p>","protected":false},"featured_media":97275,"template":"","meta":[],"product_brand":[896],"product_cat":[109],"product_tag":[],"class_list":{"0":"post-25374","1":"product","2":"type-product","3":"status-publish","4":"has-post-thumbnail","6":"product_brand-replique-manga-cine","7":"product_cat-katana-naruto","9":"first","10":"instock","11":"featured","12":"taxable","13":"shipping-taxable","14":"purchasable","15":"product-type-simple"},"yoast_head":"<!-- This site is optimized with the Yoast SEO plugin v27.4 - https:\/\/yoast.com\/product\/yoast-seo-wordpress\/ -->\n<title>Ep\u00e9e Kusanagi Katana Sasuke Naruto - Boutique en ligne | RMC<\/title>\n<meta name=\"description\" content=\"Commandez vite ! Votre Ep\u00e9e Kusanagi Katana Sasuke dans Naruto au meilleur prix. Lame acier - Fourreau noir - Longueur totale : 102cm - Envoi 24\/48h\" \/>\n<meta name=\"robots\" content=\"index, follow, max-snippet:-1, max-image-preview:large, max-video-preview:-1\" \/>\n<link rel=\"canonical\" href=\"https:\/\/repliquemangacine.fr\/es\/katana-naruto\/kusanagi-espada-sasuke-naruto\/\" \/>\n<meta property=\"og:locale\" content=\"es_ES\" \/>\n<meta property=\"og:type\" content=\"article\" \/>\n<meta property=\"og:title\" content=\"Ep\u00e9e Kusanagi Katana Sasuke Naruto - Boutique en ligne | RMC\" \/>\n<meta property=\"og:description\" content=\"Commandez vite ! Votre Ep\u00e9e Kusanagi Katana Sasuke dans Naruto au meilleur prix. Lame acier - Fourreau noir - Longueur totale : 102cm - Envoi 24\/48h\" \/>\n<meta property=\"og:url\" content=\"https:\/\/repliquemangacine.fr\/es\/katana-naruto\/kusanagi-espada-sasuke-naruto\/\" \/>\n<meta property=\"og:site_name\" content=\"R\u00e9plique Manga Cin\u00e9\" \/>\n<meta property=\"article:publisher\" content=\"https:\/\/www.facebook.com\/RepliqueMangaCine\" \/>\n<meta property=\"article:modified_time\" content=\"2026-04-18T07:45:02+00:00\" \/>\n<meta property=\"og:image\" content=\"https:\/\/repliquemangacine.fr\/wp-content\/uploads\/2016\/08\/epee-sasuke-noir.webp\" \/>\n\t<meta property=\"og:image:width\" content=\"700\" \/>\n\t<meta property=\"og:image:height\" content=\"700\" \/>\n\t<meta property=\"og:image:type\" content=\"image\/webp\" \/>\n<meta name=\"twitter:card\" content=\"summary_large_image\" \/>\n<meta name=\"twitter:label1\" content=\"Tiempo de lectura\" \/>\n\t<meta name=\"twitter:data1\" content=\"3 minutos\" \/>\n<script type=\"application\/ld+json\" class=\"yoast-schema-graph\">{\"@context\":\"https:\\\/\\\/schema.org\",\"@graph\":[{\"@type\":\"WebPage\",\"@id\":\"https:\\\/\\\/repliquemangacine.fr\\\/katana-naruto\\\/epee-kusanagi-sasuke-naruto\\\/\",\"url\":\"https:\\\/\\\/repliquemangacine.fr\\\/katana-naruto\\\/epee-kusanagi-sasuke-naruto\\\/\",\"name\":\"Ep\u00e9e Kusanagi Katana Sasuke Naruto - Boutique en ligne | RMC\",\"isPartOf\":{\"@id\":\"https:\\\/\\\/repliquemangacine.fr\\\/#website\"},\"primaryImageOfPage\":{\"@id\":\"https:\\\/\\\/repliquemangacine.fr\\\/katana-naruto\\\/epee-kusanagi-sasuke-naruto\\\/#primaryimage\"},\"image\":{\"@id\":\"https:\\\/\\\/repliquemangacine.fr\\\/katana-naruto\\\/epee-kusanagi-sasuke-naruto\\\/#primaryimage\"},\"thumbnailUrl\":\"https:\\\/\\\/repliquemangacine.fr\\\/wp-content\\\/uploads\\\/2016\\\/08\\\/epee-sasuke-noir.webp\",\"datePublished\":\"2016-08-27T15:46:00+00:00\",\"dateModified\":\"2026-04-18T07:45:02+00:00\",\"description\":\"Commandez vite ! Votre Ep\u00e9e Kusanagi Katana Sasuke dans Naruto au meilleur prix. Lame acier - Fourreau noir - Longueur totale : 102cm - Envoi 24\\\/48h\",\"breadcrumb\":{\"@id\":\"https:\\\/\\\/repliquemangacine.fr\\\/katana-naruto\\\/epee-kusanagi-sasuke-naruto\\\/#breadcrumb\"},\"inLanguage\":\"es\",\"potentialAction\":[{\"@type\":\"ReadAction\",\"target\":[\"https:\\\/\\\/repliquemangacine.fr\\\/katana-naruto\\\/epee-kusanagi-sasuke-naruto\\\/\"]}]},{\"@type\":\"ImageObject\",\"inLanguage\":\"es\",\"@id\":\"https:\\\/\\\/repliquemangacine.fr\\\/katana-naruto\\\/epee-kusanagi-sasuke-naruto\\\/#primaryimage\",\"url\":\"https:\\\/\\\/repliquemangacine.fr\\\/wp-content\\\/uploads\\\/2016\\\/08\\\/epee-sasuke-noir.webp\",\"contentUrl\":\"https:\\\/\\\/repliquemangacine.fr\\\/wp-content\\\/uploads\\\/2016\\\/08\\\/epee-sasuke-noir.webp\",\"width\":700,\"height\":700,\"caption\":\"Ep\u00e9e Kusanagi Katana Sasuke one piece avec support et bandeau\"},{\"@type\":\"BreadcrumbList\",\"@id\":\"https:\\\/\\\/repliquemangacine.fr\\\/katana-naruto\\\/epee-kusanagi-sasuke-naruto\\\/#breadcrumb\",\"itemListElement\":[{\"@type\":\"ListItem\",\"position\":1,\"name\":\"Accueil\",\"item\":\"https:\\\/\\\/repliquemangacine.fr\\\/\"},{\"@type\":\"ListItem\",\"position\":2,\"name\":\"Produits\",\"item\":\"https:\\\/\\\/repliquemangacine.fr\\\/boutique\\\/\"},{\"@type\":\"ListItem\",\"position\":3,\"name\":\"Ep\u00e9e sasuk\u00e9 &#8211; Katana Kusanagi Pack support + Bandeau\"}]},{\"@type\":\"WebSite\",\"@id\":\"https:\\\/\\\/repliquemangacine.fr\\\/#website\",\"url\":\"https:\\\/\\\/repliquemangacine.fr\\\/\",\"name\":\"R\u00e9plique Manga Cin\u00e9\",\"description\":\"\",\"publisher\":{\"@id\":\"https:\\\/\\\/repliquemangacine.fr\\\/#organization\"},\"potentialAction\":[{\"@type\":\"SearchAction\",\"target\":{\"@type\":\"EntryPoint\",\"urlTemplate\":\"https:\\\/\\\/repliquemangacine.fr\\\/?s={search_term_string}\"},\"query-input\":{\"@type\":\"PropertyValueSpecification\",\"valueRequired\":true,\"valueName\":\"search_term_string\"}}],\"inLanguage\":\"es\"},{\"@type\":\"Organization\",\"@id\":\"https:\\\/\\\/repliquemangacine.fr\\\/#organization\",\"name\":\"R\u00e9plique Manga Cin\u00e9\",\"url\":\"https:\\\/\\\/repliquemangacine.fr\\\/\",\"logo\":{\"@type\":\"ImageObject\",\"inLanguage\":\"es\",\"@id\":\"https:\\\/\\\/repliquemangacine.fr\\\/#\\\/schema\\\/logo\\\/image\\\/\",\"url\":\"https:\\\/\\\/repliquemangacine.fr\\\/wp-content\\\/uploads\\\/2023\\\/10\\\/RMC-500250.png\",\"contentUrl\":\"https:\\\/\\\/repliquemangacine.fr\\\/wp-content\\\/uploads\\\/2023\\\/10\\\/RMC-500250.png\",\"width\":500,\"height\":250,\"caption\":\"R\u00e9plique Manga Cin\u00e9\"},\"image\":{\"@id\":\"https:\\\/\\\/repliquemangacine.fr\\\/#\\\/schema\\\/logo\\\/image\\\/\"},\"sameAs\":[\"https:\\\/\\\/www.facebook.com\\\/RepliqueMangaCine\",\"https:\\\/\\\/www.instagram.com\\\/repliquemangacine.fr\\\/\"]}]}<\/script>\n<!-- \/ Yoast SEO plugin. -->","yoast_head_json":{"title":"Espada Kusanagi Katana Sasuke Naruto - Boutique en ligne | RMC","description":"Haz tu pedido Tu Espada Kusanagi Katana Sasuke en Naruto al mejor precio. Hoja de acero - Vaina negra - Longitud total: 102cm - Env\u00edo 24\/48h","robots":{"index":"index","follow":"follow","max-snippet":"max-snippet:-1","max-image-preview":"max-image-preview:large","max-video-preview":"max-video-preview:-1"},"canonical":"https:\/\/repliquemangacine.fr\/es\/katana-naruto\/kusanagi-espada-sasuke-naruto\/","og_locale":"es_ES","og_type":"article","og_title":"Ep\u00e9e Kusanagi Katana Sasuke Naruto - Boutique en ligne | RMC","og_description":"Commandez vite ! Votre Ep\u00e9e Kusanagi Katana Sasuke dans Naruto au meilleur prix. Lame acier - Fourreau noir - Longueur totale : 102cm - Envoi 24\/48h","og_url":"https:\/\/repliquemangacine.fr\/es\/katana-naruto\/kusanagi-espada-sasuke-naruto\/","og_site_name":"R\u00e9plique Manga Cin\u00e9","article_publisher":"https:\/\/www.facebook.com\/RepliqueMangaCine","article_modified_time":"2026-04-18T07:45:02+00:00","og_image":[{"width":700,"height":700,"url":"https:\/\/repliquemangacine.fr\/wp-content\/uploads\/2016\/08\/epee-sasuke-noir.webp","type":"image\/webp"}],"twitter_card":"summary_large_image","twitter_misc":{"Tiempo de lectura":"3 minutos"},"schema":{"@context":"https:\/\/schema.org","@graph":[{"@type":"WebPage","@id":"https:\/\/repliquemangacine.fr\/katana-naruto\/epee-kusanagi-sasuke-naruto\/","url":"https:\/\/repliquemangacine.fr\/katana-naruto\/epee-kusanagi-sasuke-naruto\/","name":"Espada Kusanagi Katana Sasuke Naruto - Boutique en ligne | RMC","isPartOf":{"@id":"https:\/\/repliquemangacine.fr\/#website"},"primaryImageOfPage":{"@id":"https:\/\/repliquemangacine.fr\/katana-naruto\/epee-kusanagi-sasuke-naruto\/#primaryimage"},"image":{"@id":"https:\/\/repliquemangacine.fr\/katana-naruto\/epee-kusanagi-sasuke-naruto\/#primaryimage"},"thumbnailUrl":"https:\/\/repliquemangacine.fr\/wp-content\/uploads\/2016\/08\/epee-sasuke-noir.webp","datePublished":"2016-08-27T15:46:00+00:00","dateModified":"2026-04-18T07:45:02+00:00","description":"Haz tu pedido Tu Espada Kusanagi Katana Sasuke en Naruto al mejor precio. Hoja de acero - Vaina negra - Longitud total: 102cm - Env\u00edo 24\/48h","breadcrumb":{"@id":"https:\/\/repliquemangacine.fr\/katana-naruto\/epee-kusanagi-sasuke-naruto\/#breadcrumb"},"inLanguage":"es","potentialAction":[{"@type":"ReadAction","target":["https:\/\/repliquemangacine.fr\/katana-naruto\/epee-kusanagi-sasuke-naruto\/"]}]},{"@type":"ImageObject","inLanguage":"es","@id":"https:\/\/repliquemangacine.fr\/katana-naruto\/epee-kusanagi-sasuke-naruto\/#primaryimage","url":"https:\/\/repliquemangacine.fr\/wp-content\/uploads\/2016\/08\/epee-sasuke-noir.webp","contentUrl":"https:\/\/repliquemangacine.fr\/wp-content\/uploads\/2016\/08\/epee-sasuke-noir.webp","width":700,"height":700,"caption":"Ep\u00e9e Kusanagi Katana Sasuke one piece avec support et bandeau"},{"@type":"BreadcrumbList","@id":"https:\/\/repliquemangacine.fr\/katana-naruto\/epee-kusanagi-sasuke-naruto\/#breadcrumb","itemListElement":[{"@type":"ListItem","position":1,"name":"Accueil","item":"https:\/\/repliquemangacine.fr\/"},{"@type":"ListItem","position":2,"name":"Produits","item":"https:\/\/repliquemangacine.fr\/boutique\/"},{"@type":"ListItem","position":3,"name":"Ep\u00e9e sasuk\u00e9 &#8211; Katana Kusanagi Pack support + Bandeau"}]},{"@type":"WebSite","@id":"https:\/\/repliquemangacine.fr\/#website","url":"https:\/\/repliquemangacine.fr\/","name":"R\u00e9plique Manga Cin\u00e9","description":"","publisher":{"@id":"https:\/\/repliquemangacine.fr\/#organization"},"potentialAction":[{"@type":"SearchAction","target":{"@type":"EntryPoint","urlTemplate":"https:\/\/repliquemangacine.fr\/?s={search_term_string}"},"query-input":{"@type":"PropertyValueSpecification","valueRequired":true,"valueName":"search_term_string"}}],"inLanguage":"es"},{"@type":"Organization","@id":"https:\/\/repliquemangacine.fr\/#organization","name":"R\u00e9plique Manga Cin\u00e9","url":"https:\/\/repliquemangacine.fr\/","logo":{"@type":"ImageObject","inLanguage":"es","@id":"https:\/\/repliquemangacine.fr\/#\/schema\/logo\/image\/","url":"https:\/\/repliquemangacine.fr\/wp-content\/uploads\/2023\/10\/RMC-500250.png","contentUrl":"https:\/\/repliquemangacine.fr\/wp-content\/uploads\/2023\/10\/RMC-500250.png","width":500,"height":250,"caption":"R\u00e9plique Manga Cin\u00e9"},"image":{"@id":"https:\/\/repliquemangacine.fr\/#\/schema\/logo\/image\/"},"sameAs":["https:\/\/www.facebook.com\/RepliqueMangaCine","https:\/\/www.instagram.com\/repliquemangacine.fr\/"]}]}},"_links":{"self":[{"href":"https:\/\/repliquemangacine.fr\/es\/wp-json\/wp\/v2\/product\/25374","targetHints":{"allow":["GET"]}}],"collection":[{"href":"https:\/\/repliquemangacine.fr\/es\/wp-json\/wp\/v2\/product"}],"about":[{"href":"https:\/\/repliquemangacine.fr\/es\/wp-json\/wp\/v2\/types\/product"}],"wp:featuredmedia":[{"embeddable":true,"href":"https:\/\/repliquemangacine.fr\/es\/wp-json\/wp\/v2\/media\/97275"}],"wp:attachment":[{"href":"https:\/\/repliquemangacine.fr\/es\/wp-json\/wp\/v2\/media?parent=25374"}],"wp:term":[{"taxonomy":"product_brand","embeddable":true,"href":"https:\/\/repliquemangacine.fr\/es\/wp-json\/wp\/v2\/product_brand?post=25374"},{"taxonomy":"product_cat","embeddable":true,"href":"https:\/\/repliquemangacine.fr\/es\/wp-json\/wp\/v2\/product_cat?post=25374"},{"taxonomy":"product_tag","embeddable":true,"href":"https:\/\/repliquemangacine.fr\/es\/wp-json\/wp\/v2\/product_tag?post=25374"}],"curies":[{"name":"wp","href":"https:\/\/api.w.org\/{rel}","templated":true}]}}