





{"id":25347,"date":"2016-08-25T14:25:11","date_gmt":"2016-08-25T12:25:11","guid":{"rendered":"https:\/\/repliquemangacine.fr\/?post_type=product&#038;p=25347"},"modified":"2025-09-23T18:01:28","modified_gmt":"2025-09-23T16:01:28","slug":"katana-kikoku-de-trafalgar-law-143cm-una-pieza","status":"publish","type":"product","link":"https:\/\/repliquemangacine.fr\/es\/repliques-manga-jeux-video\/katana-kikoku-de-trafalgar-law-143cm-one-piece\/","title":{"rendered":"Katana Trafalgar Law 143cm"},"content":{"rendered":"<h2>Trafalgar Law Katana 143cm Una Pieza<\/h2>\n<p>Para empezar, el <strong>Katana Trafalgar Law 143cm<\/strong> es una espada maldita<\/p>\n<p>En primer lugar, Trafalgar Law, cuyo nombre real es Trafalgar D. Water Law, es el capit\u00e1n y m\u00e9dico de la tripulaci\u00f3n del Heart, una banda pirata compuesta principalmente por m\u00e9dicos. Cabe destacar que su nombre est\u00e1 inspirado en dos derrotas de Napole\u00f3n: Trafalgar y Waterloo.<\/p>\n<p>\u00c9l utiliza <a href=\"https:\/\/onepiece.fandom.com\/fr\/wiki\/Kikoku\" target=\"_blank\" rel=\"noopener noreferrer\">Kikoku<\/a> como una especie de \"bistur\u00ed\", para cortar a larga distancia. Debido a su tama\u00f1o, Trafalgar suele llevar esta espada al hombro, a diferencia de los dem\u00e1s espadachines y espadachinas de la serie. \u00c9stos suelen llevar sus armas a la espalda o en la cadera. A veces, Law pide a Bepo, un miembro de su tripulaci\u00f3n, que lleve su espada por \u00e9l.<\/p>\n<h2>Tu Trafalgar Law Katana 143cm al mejor precio<\/h2>\n<p>Te traemos todas las frases de tus personajes favoritos del manga animado One Piece.<\/p>\n<p>Lo primero y m\u00e1s importante,<strong><br \/>\n<\/strong><\/p>\n<ul>\n<li>V\u00e9ase tambi\u00e9n la versi\u00f3n corta de la espada de la Ley de Trafalgar, <a href=\"https:\/\/repliquemangacine.fr\/es\/katana-de-una-pieza\/epee-trafalgar-law-noir-one-piece\/\">Katana Kikoku<\/a> versi\u00f3n en negro.<\/li>\n<li>Adem\u00e1s del nuevo <a href=\"https:\/\/repliquemangacine.fr\/es\/una-pieza\/nidai-kitetsu-la-espada-de-luffy-one-piece\/\">Katana Luffy Nidai Kitetsu<\/a> con una mirada propia.<\/li>\n<li>Y mucho m\u00e1s por descubrir en nuestra tienda en l\u00ednea.<\/li>\n<\/ul>\n<p>Por eso, aqu\u00ed tienes unas ideas fant\u00e1sticas para regalar a todos los fans de One Piece.<\/p>\n<p>En conclusi\u00f3n, tambi\u00e9n puede utilizar este <strong>Katana Trafalgar Law 143cm<\/strong> para tus desfiles de cosplay o veladas tem\u00e1ticas. Pero, sobre todo, la espada Kikoku es tambi\u00e9n una pieza de coleccionista y un objeto decorativo.<\/p>\n<h2>\u00bfC\u00f3mo se mantiene la hoja de tu katana de One Piece?<\/h2>\n<p>Las katanas de colecci\u00f3n y decorativas se fabrican y ensamblan de forma simplificada. Como su uso es decorativo, no cuentan con los elementos de seguridad exigidos a una espada japonesa destinada al entrenamiento.<\/p>\n<p>Sin embargo, su <strong>Katana Trafalgar Law 143cm<\/strong> One Piece tiene una hoja de acero que hay que cuidar para evitar que se da\u00f1e con el tiempo. De hecho, vas a exponer tu katana, tus amigos tendr\u00e1n curiosidad por ver la hoja y tocarla. Ah\u00ed es donde hay que tener cuidado, hay que saber que la acidez de los dedos es muy perjudicial para el acero, independientemente de su calidad.<\/p>\n<p>Sin embargo, si esto ocurre, no te asustes, todo lo que necesitas es un pa\u00f1o humedecido con un poco de aceite y limpiar las huellas dactilares. Si haces esto, tu espada durar\u00e1 mucho tiempo.<\/p>\n<p><strong>\u00a0<\/strong><\/p>","protected":false},"excerpt":{"rendered":"<p>Kikoku es el nombre de la espada de Trafalgar Law. Es una hoja maldita.<\/p>\n<ul>\n<li>Hoja de acero bicolor (sin filo).<\/li>\n<li>Mango recubierto de trenza de algod\u00f3n marr\u00f3n.<\/li>\n<li>Protector de piel sint\u00e9tica blanca.<\/li>\n<li>Vaina de madera lacada en negro decorada con cruces blancas.<\/li>\n<li><strong>Tama\u00f1o de la r\u00e9plica 143 cm<\/strong><\/li>\n<\/ul>","protected":false},"featured_media":25348,"template":"","meta":[],"product_brand":[896],"product_cat":[123,23],"product_tag":[],"class_list":{"0":"post-25347","1":"product","2":"type-product","3":"status-publish","4":"has-post-thumbnail","6":"product_brand-replique-manga-cine","7":"product_cat-katana-en-metal-one-piece","8":"product_cat-repliques-manga-jeux-video","10":"first","11":"instock","12":"taxable","13":"shipping-taxable","14":"purchasable","15":"product-type-simple"},"yoast_head":"<!-- This site is optimized with the Yoast SEO plugin v27.4 - https:\/\/yoast.com\/product\/yoast-seo-wordpress\/ -->\n<title>Katana Trafalgar Law 143cm One Piece - Boutique en ligne | RMC<\/title>\n<meta name=\"description\" content=\"Achetez vite ! Ce grand Katana Trafalgar Law 143cm dans One Piece au meilleur prix. Lame acier - Longueur totale 143 cm - Envoi 24\/48h\" \/>\n<meta name=\"robots\" content=\"index, follow, max-snippet:-1, max-image-preview:large, max-video-preview:-1\" \/>\n<link rel=\"canonical\" href=\"https:\/\/repliquemangacine.fr\/es\/replica-de-videojuegos-manga\/katana-kikoku-de-trafalgar-law-143cm-una-pieza\/\" \/>\n<meta property=\"og:locale\" content=\"es_ES\" \/>\n<meta property=\"og:type\" content=\"article\" \/>\n<meta property=\"og:title\" content=\"Katana Trafalgar Law 143cm One Piece - Boutique en ligne | RMC\" \/>\n<meta property=\"og:description\" content=\"Achetez vite ! Ce grand Katana Trafalgar Law 143cm dans One Piece au meilleur prix. Lame acier - Longueur totale 143 cm - Envoi 24\/48h\" \/>\n<meta property=\"og:url\" content=\"https:\/\/repliquemangacine.fr\/es\/replica-de-videojuegos-manga\/katana-kikoku-de-trafalgar-law-143cm-una-pieza\/\" \/>\n<meta property=\"og:site_name\" content=\"R\u00e9plique Manga Cin\u00e9\" \/>\n<meta property=\"article:publisher\" content=\"https:\/\/www.facebook.com\/RepliqueMangaCine\" \/>\n<meta property=\"article:modified_time\" content=\"2025-09-23T16:01:28+00:00\" \/>\n<meta property=\"og:image\" content=\"https:\/\/repliquemangacine.fr\/wp-content\/uploads\/2023\/10\/trafalgar-long.png\" \/>\n\t<meta property=\"og:image:width\" content=\"500\" \/>\n\t<meta property=\"og:image:height\" content=\"500\" \/>\n\t<meta property=\"og:image:type\" content=\"image\/png\" \/>\n<meta name=\"twitter:card\" content=\"summary_large_image\" \/>\n<meta name=\"twitter:label1\" content=\"Tiempo de lectura\" \/>\n\t<meta name=\"twitter:data1\" content=\"3 minutos\" \/>\n<script type=\"application\/ld+json\" class=\"yoast-schema-graph\">{\"@context\":\"https:\\\/\\\/schema.org\",\"@graph\":[{\"@type\":\"WebPage\",\"@id\":\"https:\\\/\\\/repliquemangacine.fr\\\/de\\\/repliken-manga-videospiele\\\/katana-kikoku-von-trafalgar-law-143cm-one-piece\\\/\",\"url\":\"https:\\\/\\\/repliquemangacine.fr\\\/de\\\/repliken-manga-videospiele\\\/katana-kikoku-von-trafalgar-law-143cm-one-piece\\\/\",\"name\":\"Katana Trafalgar Law 143cm One Piece - Boutique en ligne | RMC\",\"isPartOf\":{\"@id\":\"https:\\\/\\\/repliquemangacine.fr\\\/#website\"},\"primaryImageOfPage\":{\"@id\":\"https:\\\/\\\/repliquemangacine.fr\\\/de\\\/repliken-manga-videospiele\\\/katana-kikoku-von-trafalgar-law-143cm-one-piece\\\/#primaryimage\"},\"image\":{\"@id\":\"https:\\\/\\\/repliquemangacine.fr\\\/de\\\/repliken-manga-videospiele\\\/katana-kikoku-von-trafalgar-law-143cm-one-piece\\\/#primaryimage\"},\"thumbnailUrl\":\"https:\\\/\\\/repliquemangacine.fr\\\/wp-content\\\/uploads\\\/2023\\\/10\\\/trafalgar-long.png\",\"datePublished\":\"2016-08-25T12:25:11+00:00\",\"dateModified\":\"2025-09-23T16:01:28+00:00\",\"description\":\"Achetez vite ! Ce grand Katana Trafalgar Law 143cm dans One Piece au meilleur prix. Lame acier - Longueur totale 143 cm - Envoi 24\\\/48h\",\"breadcrumb\":{\"@id\":\"https:\\\/\\\/repliquemangacine.fr\\\/de\\\/repliken-manga-videospiele\\\/katana-kikoku-von-trafalgar-law-143cm-one-piece\\\/#breadcrumb\"},\"inLanguage\":\"es\",\"potentialAction\":[{\"@type\":\"ReadAction\",\"target\":[\"https:\\\/\\\/repliquemangacine.fr\\\/de\\\/repliken-manga-videospiele\\\/katana-kikoku-von-trafalgar-law-143cm-one-piece\\\/\"]}]},{\"@type\":\"ImageObject\",\"inLanguage\":\"es\",\"@id\":\"https:\\\/\\\/repliquemangacine.fr\\\/de\\\/repliken-manga-videospiele\\\/katana-kikoku-von-trafalgar-law-143cm-one-piece\\\/#primaryimage\",\"url\":\"https:\\\/\\\/repliquemangacine.fr\\\/wp-content\\\/uploads\\\/2023\\\/10\\\/trafalgar-long.png\",\"contentUrl\":\"https:\\\/\\\/repliquemangacine.fr\\\/wp-content\\\/uploads\\\/2023\\\/10\\\/trafalgar-long.png\",\"width\":500,\"height\":500,\"caption\":\"Katana Kikoku Trafalgar Law 143cm one piece\"},{\"@type\":\"BreadcrumbList\",\"@id\":\"https:\\\/\\\/repliquemangacine.fr\\\/de\\\/repliken-manga-videospiele\\\/katana-kikoku-von-trafalgar-law-143cm-one-piece\\\/#breadcrumb\",\"itemListElement\":[{\"@type\":\"ListItem\",\"position\":1,\"name\":\"Accueil\",\"item\":\"https:\\\/\\\/repliquemangacine.fr\\\/\"},{\"@type\":\"ListItem\",\"position\":2,\"name\":\"Produits\",\"item\":\"https:\\\/\\\/repliquemangacine.fr\\\/boutique\\\/\"},{\"@type\":\"ListItem\",\"position\":3,\"name\":\"Katana Trafalgar Law 143cm\"}]},{\"@type\":\"WebSite\",\"@id\":\"https:\\\/\\\/repliquemangacine.fr\\\/#website\",\"url\":\"https:\\\/\\\/repliquemangacine.fr\\\/\",\"name\":\"R\u00e9plique Manga Cin\u00e9\",\"description\":\"\",\"publisher\":{\"@id\":\"https:\\\/\\\/repliquemangacine.fr\\\/#organization\"},\"potentialAction\":[{\"@type\":\"SearchAction\",\"target\":{\"@type\":\"EntryPoint\",\"urlTemplate\":\"https:\\\/\\\/repliquemangacine.fr\\\/?s={search_term_string}\"},\"query-input\":{\"@type\":\"PropertyValueSpecification\",\"valueRequired\":true,\"valueName\":\"search_term_string\"}}],\"inLanguage\":\"es\"},{\"@type\":\"Organization\",\"@id\":\"https:\\\/\\\/repliquemangacine.fr\\\/#organization\",\"name\":\"R\u00e9plique Manga Cin\u00e9\",\"url\":\"https:\\\/\\\/repliquemangacine.fr\\\/\",\"logo\":{\"@type\":\"ImageObject\",\"inLanguage\":\"es\",\"@id\":\"https:\\\/\\\/repliquemangacine.fr\\\/#\\\/schema\\\/logo\\\/image\\\/\",\"url\":\"https:\\\/\\\/repliquemangacine.fr\\\/wp-content\\\/uploads\\\/2023\\\/10\\\/RMC-500250.png\",\"contentUrl\":\"https:\\\/\\\/repliquemangacine.fr\\\/wp-content\\\/uploads\\\/2023\\\/10\\\/RMC-500250.png\",\"width\":500,\"height\":250,\"caption\":\"R\u00e9plique Manga Cin\u00e9\"},\"image\":{\"@id\":\"https:\\\/\\\/repliquemangacine.fr\\\/#\\\/schema\\\/logo\\\/image\\\/\"},\"sameAs\":[\"https:\\\/\\\/www.facebook.com\\\/RepliqueMangaCine\",\"https:\\\/\\\/www.instagram.com\\\/repliquemangacine.fr\\\/\"]}]}<\/script>\n<!-- \/ Yoast SEO plugin. -->","yoast_head_json":{"title":"Katana Trafalgar Ley 143cm Una Pieza - Boutique en ligne | RMC","description":"\u00a1Compre ahora ! Esta gran Katana Trafalgar Law 143cm en Una Pieza al mejor precio. Hoja de acero - Longitud total 143 cm - Env\u00edo 24\/48h","robots":{"index":"index","follow":"follow","max-snippet":"max-snippet:-1","max-image-preview":"max-image-preview:large","max-video-preview":"max-video-preview:-1"},"canonical":"https:\/\/repliquemangacine.fr\/es\/replica-de-videojuegos-manga\/katana-kikoku-de-trafalgar-law-143cm-una-pieza\/","og_locale":"es_ES","og_type":"article","og_title":"Katana Trafalgar Law 143cm One Piece - Boutique en ligne | RMC","og_description":"Achetez vite ! Ce grand Katana Trafalgar Law 143cm dans One Piece au meilleur prix. Lame acier - Longueur totale 143 cm - Envoi 24\/48h","og_url":"https:\/\/repliquemangacine.fr\/es\/replica-de-videojuegos-manga\/katana-kikoku-de-trafalgar-law-143cm-una-pieza\/","og_site_name":"R\u00e9plique Manga Cin\u00e9","article_publisher":"https:\/\/www.facebook.com\/RepliqueMangaCine","article_modified_time":"2025-09-23T16:01:28+00:00","og_image":[{"width":500,"height":500,"url":"https:\/\/repliquemangacine.fr\/wp-content\/uploads\/2023\/10\/trafalgar-long.png","type":"image\/png"}],"twitter_card":"summary_large_image","twitter_misc":{"Tiempo de lectura":"3 minutos"},"schema":{"@context":"https:\/\/schema.org","@graph":[{"@type":"WebPage","@id":"https:\/\/repliquemangacine.fr\/de\/repliken-manga-videospiele\/katana-kikoku-von-trafalgar-law-143cm-one-piece\/","url":"https:\/\/repliquemangacine.fr\/de\/repliken-manga-videospiele\/katana-kikoku-von-trafalgar-law-143cm-one-piece\/","name":"Katana Trafalgar Ley 143cm Una Pieza - Boutique en ligne | RMC","isPartOf":{"@id":"https:\/\/repliquemangacine.fr\/#website"},"primaryImageOfPage":{"@id":"https:\/\/repliquemangacine.fr\/de\/repliken-manga-videospiele\/katana-kikoku-von-trafalgar-law-143cm-one-piece\/#primaryimage"},"image":{"@id":"https:\/\/repliquemangacine.fr\/de\/repliken-manga-videospiele\/katana-kikoku-von-trafalgar-law-143cm-one-piece\/#primaryimage"},"thumbnailUrl":"https:\/\/repliquemangacine.fr\/wp-content\/uploads\/2023\/10\/trafalgar-long.png","datePublished":"2016-08-25T12:25:11+00:00","dateModified":"2025-09-23T16:01:28+00:00","description":"\u00a1Compre ahora ! Esta gran Katana Trafalgar Law 143cm en Una Pieza al mejor precio. Hoja de acero - Longitud total 143 cm - Env\u00edo 24\/48h","breadcrumb":{"@id":"https:\/\/repliquemangacine.fr\/de\/repliken-manga-videospiele\/katana-kikoku-von-trafalgar-law-143cm-one-piece\/#breadcrumb"},"inLanguage":"es","potentialAction":[{"@type":"ReadAction","target":["https:\/\/repliquemangacine.fr\/de\/repliken-manga-videospiele\/katana-kikoku-von-trafalgar-law-143cm-one-piece\/"]}]},{"@type":"ImageObject","inLanguage":"es","@id":"https:\/\/repliquemangacine.fr\/de\/repliken-manga-videospiele\/katana-kikoku-von-trafalgar-law-143cm-one-piece\/#primaryimage","url":"https:\/\/repliquemangacine.fr\/wp-content\/uploads\/2023\/10\/trafalgar-long.png","contentUrl":"https:\/\/repliquemangacine.fr\/wp-content\/uploads\/2023\/10\/trafalgar-long.png","width":500,"height":500,"caption":"Katana Kikoku Trafalgar Law 143cm one piece"},{"@type":"BreadcrumbList","@id":"https:\/\/repliquemangacine.fr\/de\/repliken-manga-videospiele\/katana-kikoku-von-trafalgar-law-143cm-one-piece\/#breadcrumb","itemListElement":[{"@type":"ListItem","position":1,"name":"Accueil","item":"https:\/\/repliquemangacine.fr\/"},{"@type":"ListItem","position":2,"name":"Produits","item":"https:\/\/repliquemangacine.fr\/boutique\/"},{"@type":"ListItem","position":3,"name":"Katana Trafalgar Law 143cm"}]},{"@type":"WebSite","@id":"https:\/\/repliquemangacine.fr\/#website","url":"https:\/\/repliquemangacine.fr\/","name":"R\u00e9plique Manga Cin\u00e9","description":"","publisher":{"@id":"https:\/\/repliquemangacine.fr\/#organization"},"potentialAction":[{"@type":"SearchAction","target":{"@type":"EntryPoint","urlTemplate":"https:\/\/repliquemangacine.fr\/?s={search_term_string}"},"query-input":{"@type":"PropertyValueSpecification","valueRequired":true,"valueName":"search_term_string"}}],"inLanguage":"es"},{"@type":"Organization","@id":"https:\/\/repliquemangacine.fr\/#organization","name":"R\u00e9plique Manga Cin\u00e9","url":"https:\/\/repliquemangacine.fr\/","logo":{"@type":"ImageObject","inLanguage":"es","@id":"https:\/\/repliquemangacine.fr\/#\/schema\/logo\/image\/","url":"https:\/\/repliquemangacine.fr\/wp-content\/uploads\/2023\/10\/RMC-500250.png","contentUrl":"https:\/\/repliquemangacine.fr\/wp-content\/uploads\/2023\/10\/RMC-500250.png","width":500,"height":250,"caption":"R\u00e9plique Manga Cin\u00e9"},"image":{"@id":"https:\/\/repliquemangacine.fr\/#\/schema\/logo\/image\/"},"sameAs":["https:\/\/www.facebook.com\/RepliqueMangaCine","https:\/\/www.instagram.com\/repliquemangacine.fr\/"]}]}},"_links":{"self":[{"href":"https:\/\/repliquemangacine.fr\/es\/wp-json\/wp\/v2\/product\/25347","targetHints":{"allow":["GET"]}}],"collection":[{"href":"https:\/\/repliquemangacine.fr\/es\/wp-json\/wp\/v2\/product"}],"about":[{"href":"https:\/\/repliquemangacine.fr\/es\/wp-json\/wp\/v2\/types\/product"}],"wp:featuredmedia":[{"embeddable":true,"href":"https:\/\/repliquemangacine.fr\/es\/wp-json\/wp\/v2\/media\/25348"}],"wp:attachment":[{"href":"https:\/\/repliquemangacine.fr\/es\/wp-json\/wp\/v2\/media?parent=25347"}],"wp:term":[{"taxonomy":"product_brand","embeddable":true,"href":"https:\/\/repliquemangacine.fr\/es\/wp-json\/wp\/v2\/product_brand?post=25347"},{"taxonomy":"product_cat","embeddable":true,"href":"https:\/\/repliquemangacine.fr\/es\/wp-json\/wp\/v2\/product_cat?post=25347"},{"taxonomy":"product_tag","embeddable":true,"href":"https:\/\/repliquemangacine.fr\/es\/wp-json\/wp\/v2\/product_tag?post=25347"}],"curies":[{"name":"wp","href":"https:\/\/api.w.org\/{rel}","templated":true}]}}