





{"id":25332,"date":"2016-08-25T11:40:27","date_gmt":"2016-08-25T09:40:27","guid":{"rendered":"https:\/\/repliquemangacine.fr\/?post_type=product&#038;p=25332"},"modified":"2026-04-14T12:22:05","modified_gmt":"2026-04-14T10:22:05","slug":"katana-sandai-kitetsu-espada-zoro","status":"publish","type":"product","link":"https:\/\/repliquemangacine.fr\/es\/repliques-manga-jeux-video\/katana-sandai-kitetsu-sabre-de-zoro\/","title":{"rendered":"Katana Sandai Kitetsu - La espada de Zoro"},"content":{"rendered":"<h2>Katana Sandai Kitetsu de Zoro One Piece.<\/h2>\n<p>Para empezar, el <strong>Katana Sandai Kitetsu<\/strong> es la espada que Zoro consigui\u00f3 al mismo tiempo que el <a href=\"https:\/\/onepiece.fandom.com\/fr\/wiki\/Yubashiri\" target=\"_blank\" rel=\"noopener noreferrer\">Yubashiri<\/a> en Loguetown. Zoro quer\u00eda comprarla, ya que buscaba reemplazar sus dos espadas antiguas, que se hab\u00edan roto durante su combate con Mihawk, pero Ippon-Matsu se neg\u00f3 a vend\u00e9rsela porque tem\u00eda la maldici\u00f3n.<\/p>\n<p>Kitetsu es el nombre de la escuela de forja que permiti\u00f3 la creaci\u00f3n de las espadas malditas \u00abkitetsu\u00bb.<\/p>\n<p>Por eso, la katana Sandai Kitetsu forma parte de las tres espadas malditas de la serie de espadas Kitetsu. Sandai Kitetsu es una de las 50 hojas de calidad superior, por lo que pertenece a la categor\u00eda de Ryo Wazamono.<\/p>\n<p>Es la tercera y \u00faltima espada de la serie Kitetsu. Zoro la empu\u00f1a con la mano izquierda durante sus combates.<\/p>\n<h2>Tu Katana Sandai Kitetsu al mejor precio.<\/h2>\n<p>Te traemos todas las frases de tus personajes favoritos del manga animado One Piece.<\/p>\n<p>Lo primero y m\u00e1s importante,<\/p>\n<ul>\n<li>Le <a href=\"https:\/\/repliquemangacine.fr\/es\/katana-de-una-pieza\/sabre-wado-ichimonji-epee-de-zoro\/\">Espada Wado Ichimonji<\/a> que Zoro sostiene entre los dientes en One Piece.<\/li>\n<li>Tambi\u00e9n est\u00e1 el enorme <a href=\"https:\/\/repliquemangacine.fr\/es\/katana-de-una-pieza\/sabre-kokuto-yoru-epee-de-dracule-mihawk\/\">espada Yoru Kokuto<\/a> de Mihawk.<\/li>\n<li>As\u00ed como el <a href=\"https:\/\/repliquemangacine.fr\/es\/katana-de-una-pieza\/nidai-kitetsu-la-espada-de-luffy-one-piece\/\">La espada de Luffy<\/a> Nidai Kitetsu.<\/li>\n<li>Y muchos m\u00e1s por descubrir en nuestra tienda en l\u00ednea.<\/li>\n<\/ul>\n<p>Por eso, aqu\u00ed tienes unas ideas fant\u00e1sticas para regalar a todos los fans de One Piece.<\/p>\n<p>En conclusi\u00f3n, tambi\u00e9n puede utilizar este <strong>Katana Sandai Kitetsu<\/strong> para tus desfiles de cosplay o veladas tem\u00e1ticas. Por encima de todo, esta espada es una pieza de coleccionista y un objeto decorativo.<\/p>\n<h2>\u00bfC\u00f3mo mantienes la hoja de tu katana Zoro?<\/h2>\n<p>Las katanas de colecci\u00f3n y decorativas se fabrican y ensamblan de forma simplificada. Como su uso es decorativo, no cuentan con los elementos de seguridad exigidos a una espada japonesa destinada al entrenamiento.<\/p>\n<p>Sin embargo, su <strong>Katana Sandai Kitetsu<\/strong> One Piece tiene una hoja de acero que hay que cuidar para evitar que se da\u00f1e con el tiempo. De hecho, vas a exponer tu katana, tus amigos tendr\u00e1n curiosidad por ver la hoja y tocarla. Ah\u00ed es donde hay que tener cuidado, hay que saber que la acidez de los dedos es muy perjudicial para el acero, independientemente de su calidad.<\/p>\n<p>Sin embargo, si esto ocurre, no te asustes, todo lo que necesitas es un pa\u00f1o humedecido con un poco de aceite y limpiar las huellas dactilares. Si haces esto, tu espada durar\u00e1 mucho tiempo.<\/p>","protected":false},"excerpt":{"rendered":"<p>La Sandai Kitetsu es la tercera y \u00faltima espada de la serie Kitetsu. Zoro la lleva en la mano izquierda durante sus combates.<\/p>\n<ul>\n<li>Hoja de acero.<\/li>\n<li>Asa rodeada de trenza de algod\u00f3n rojo.<\/li>\n<li>Protecci\u00f3n transversal de acero envejecido.<\/li>\n<li>Vaina de madera lacada con adornos.<\/li>\n<li>Longitud de la hoja 68 cm - longitud total 104 cm<\/li>\n<\/ul>","protected":false},"featured_media":25333,"template":"","meta":[],"product_brand":[896],"product_cat":[123,23],"product_tag":[],"class_list":{"0":"post-25332","1":"product","2":"type-product","3":"status-publish","4":"has-post-thumbnail","6":"product_brand-replique-manga-cine","7":"product_cat-katana-en-metal-one-piece","8":"product_cat-repliques-manga-jeux-video","10":"first","11":"instock","12":"taxable","13":"shipping-taxable","14":"purchasable","15":"product-type-simple"},"yoast_head":"<!-- This site is optimized with the Yoast SEO plugin v27.4 - https:\/\/yoast.com\/product\/yoast-seo-wordpress\/ -->\n<title>Katana Sandai Kitetsu - One Piece - Boutique en ligne | RMC<\/title>\n<meta name=\"description\" content=\"Achetez vite ! Votre Katana Sandai Kitetsu au meilleur prix. Lame en acier de 68 cm - Fourreau en bois laqu\u00e9 - Longueur totale : 104cm - Envoi 24\/48h\" \/>\n<meta name=\"robots\" content=\"index, follow, max-snippet:-1, max-image-preview:large, max-video-preview:-1\" \/>\n<link rel=\"canonical\" href=\"https:\/\/repliquemangacine.fr\/es\/replica-de-videojuegos-manga\/katana-sandai-kitetsu-espada-zoro\/\" \/>\n<meta property=\"og:locale\" content=\"es_ES\" \/>\n<meta property=\"og:type\" content=\"article\" \/>\n<meta property=\"og:title\" content=\"Katana Sandai Kitetsu - One Piece - Boutique en ligne | RMC\" \/>\n<meta property=\"og:description\" content=\"Achetez vite ! Votre Katana Sandai Kitetsu au meilleur prix. Lame en acier de 68 cm - Fourreau en bois laqu\u00e9 - Longueur totale : 104cm - Envoi 24\/48h\" \/>\n<meta property=\"og:url\" content=\"https:\/\/repliquemangacine.fr\/es\/replica-de-videojuegos-manga\/katana-sandai-kitetsu-espada-zoro\/\" \/>\n<meta property=\"og:site_name\" content=\"R\u00e9plique Manga Cin\u00e9\" \/>\n<meta property=\"article:publisher\" content=\"https:\/\/www.facebook.com\/RepliqueMangaCine\" \/>\n<meta property=\"article:modified_time\" content=\"2026-04-14T10:22:05+00:00\" \/>\n<meta property=\"og:image\" content=\"https:\/\/repliquemangacine.fr\/wp-content\/uploads\/2023\/10\/9413.png\" \/>\n\t<meta property=\"og:image:width\" content=\"500\" \/>\n\t<meta property=\"og:image:height\" content=\"500\" \/>\n\t<meta property=\"og:image:type\" content=\"image\/png\" \/>\n<meta name=\"twitter:card\" content=\"summary_large_image\" \/>\n<meta name=\"twitter:label1\" content=\"Tiempo de lectura\" \/>\n\t<meta name=\"twitter:data1\" content=\"3 minutos\" \/>\n<script type=\"application\/ld+json\" class=\"yoast-schema-graph\">{\"@context\":\"https:\\\/\\\/schema.org\",\"@graph\":[{\"@type\":\"WebPage\",\"@id\":\"https:\\\/\\\/repliquemangacine.fr\\\/repliques-manga-jeux-video\\\/katana-sandai-kitetsu-sabre-de-zoro\\\/\",\"url\":\"https:\\\/\\\/repliquemangacine.fr\\\/repliques-manga-jeux-video\\\/katana-sandai-kitetsu-sabre-de-zoro\\\/\",\"name\":\"Katana Sandai Kitetsu - One Piece - Boutique en ligne | RMC\",\"isPartOf\":{\"@id\":\"https:\\\/\\\/repliquemangacine.fr\\\/#website\"},\"primaryImageOfPage\":{\"@id\":\"https:\\\/\\\/repliquemangacine.fr\\\/repliques-manga-jeux-video\\\/katana-sandai-kitetsu-sabre-de-zoro\\\/#primaryimage\"},\"image\":{\"@id\":\"https:\\\/\\\/repliquemangacine.fr\\\/repliques-manga-jeux-video\\\/katana-sandai-kitetsu-sabre-de-zoro\\\/#primaryimage\"},\"thumbnailUrl\":\"https:\\\/\\\/repliquemangacine.fr\\\/wp-content\\\/uploads\\\/2023\\\/10\\\/9413.png\",\"datePublished\":\"2016-08-25T09:40:27+00:00\",\"dateModified\":\"2026-04-14T10:22:05+00:00\",\"description\":\"Achetez vite ! Votre Katana Sandai Kitetsu au meilleur prix. Lame en acier de 68 cm - Fourreau en bois laqu\u00e9 - Longueur totale : 104cm - Envoi 24\\\/48h\",\"breadcrumb\":{\"@id\":\"https:\\\/\\\/repliquemangacine.fr\\\/repliques-manga-jeux-video\\\/katana-sandai-kitetsu-sabre-de-zoro\\\/#breadcrumb\"},\"inLanguage\":\"es\",\"potentialAction\":[{\"@type\":\"ReadAction\",\"target\":[\"https:\\\/\\\/repliquemangacine.fr\\\/repliques-manga-jeux-video\\\/katana-sandai-kitetsu-sabre-de-zoro\\\/\"]}]},{\"@type\":\"ImageObject\",\"inLanguage\":\"es\",\"@id\":\"https:\\\/\\\/repliquemangacine.fr\\\/repliques-manga-jeux-video\\\/katana-sandai-kitetsu-sabre-de-zoro\\\/#primaryimage\",\"url\":\"https:\\\/\\\/repliquemangacine.fr\\\/wp-content\\\/uploads\\\/2023\\\/10\\\/9413.png\",\"contentUrl\":\"https:\\\/\\\/repliquemangacine.fr\\\/wp-content\\\/uploads\\\/2023\\\/10\\\/9413.png\",\"width\":500,\"height\":500,\"caption\":\"Katana Sandai Kitetsu one piece \u00e9p\u00e9e de zoro\"},{\"@type\":\"BreadcrumbList\",\"@id\":\"https:\\\/\\\/repliquemangacine.fr\\\/repliques-manga-jeux-video\\\/katana-sandai-kitetsu-sabre-de-zoro\\\/#breadcrumb\",\"itemListElement\":[{\"@type\":\"ListItem\",\"position\":1,\"name\":\"Accueil\",\"item\":\"https:\\\/\\\/repliquemangacine.fr\\\/\"},{\"@type\":\"ListItem\",\"position\":2,\"name\":\"Produits\",\"item\":\"https:\\\/\\\/repliquemangacine.fr\\\/boutique\\\/\"},{\"@type\":\"ListItem\",\"position\":3,\"name\":\"Katana Sandai Kitetsu &#8211; Sabre de Zoro\"}]},{\"@type\":\"WebSite\",\"@id\":\"https:\\\/\\\/repliquemangacine.fr\\\/#website\",\"url\":\"https:\\\/\\\/repliquemangacine.fr\\\/\",\"name\":\"R\u00e9plique Manga Cin\u00e9\",\"description\":\"\",\"publisher\":{\"@id\":\"https:\\\/\\\/repliquemangacine.fr\\\/#organization\"},\"potentialAction\":[{\"@type\":\"SearchAction\",\"target\":{\"@type\":\"EntryPoint\",\"urlTemplate\":\"https:\\\/\\\/repliquemangacine.fr\\\/?s={search_term_string}\"},\"query-input\":{\"@type\":\"PropertyValueSpecification\",\"valueRequired\":true,\"valueName\":\"search_term_string\"}}],\"inLanguage\":\"es\"},{\"@type\":\"Organization\",\"@id\":\"https:\\\/\\\/repliquemangacine.fr\\\/#organization\",\"name\":\"R\u00e9plique Manga Cin\u00e9\",\"url\":\"https:\\\/\\\/repliquemangacine.fr\\\/\",\"logo\":{\"@type\":\"ImageObject\",\"inLanguage\":\"es\",\"@id\":\"https:\\\/\\\/repliquemangacine.fr\\\/#\\\/schema\\\/logo\\\/image\\\/\",\"url\":\"https:\\\/\\\/repliquemangacine.fr\\\/wp-content\\\/uploads\\\/2023\\\/10\\\/RMC-500250.png\",\"contentUrl\":\"https:\\\/\\\/repliquemangacine.fr\\\/wp-content\\\/uploads\\\/2023\\\/10\\\/RMC-500250.png\",\"width\":500,\"height\":250,\"caption\":\"R\u00e9plique Manga Cin\u00e9\"},\"image\":{\"@id\":\"https:\\\/\\\/repliquemangacine.fr\\\/#\\\/schema\\\/logo\\\/image\\\/\"},\"sameAs\":[\"https:\\\/\\\/www.facebook.com\\\/RepliqueMangaCine\",\"https:\\\/\\\/www.instagram.com\\\/repliquemangacine.fr\\\/\"]}]}<\/script>\n<!-- \/ Yoast SEO plugin. -->","yoast_head_json":{"title":"Katana Sandai Kitetsu - One Piece - Boutique en ligne | RMC","description":"\u00a1C\u00f3mpralo ya! Tu Katana Sandai Kitetsu al mejor precio. Hoja de acero de 68 cm - Vaina de madera lacada - Longitud total: 104cm - Env\u00edo 24\/48h","robots":{"index":"index","follow":"follow","max-snippet":"max-snippet:-1","max-image-preview":"max-image-preview:large","max-video-preview":"max-video-preview:-1"},"canonical":"https:\/\/repliquemangacine.fr\/es\/replica-de-videojuegos-manga\/katana-sandai-kitetsu-espada-zoro\/","og_locale":"es_ES","og_type":"article","og_title":"Katana Sandai Kitetsu - One Piece - Boutique en ligne | RMC","og_description":"Achetez vite ! Votre Katana Sandai Kitetsu au meilleur prix. Lame en acier de 68 cm - Fourreau en bois laqu\u00e9 - Longueur totale : 104cm - Envoi 24\/48h","og_url":"https:\/\/repliquemangacine.fr\/es\/replica-de-videojuegos-manga\/katana-sandai-kitetsu-espada-zoro\/","og_site_name":"R\u00e9plique Manga Cin\u00e9","article_publisher":"https:\/\/www.facebook.com\/RepliqueMangaCine","article_modified_time":"2026-04-14T10:22:05+00:00","og_image":[{"width":500,"height":500,"url":"https:\/\/repliquemangacine.fr\/wp-content\/uploads\/2023\/10\/9413.png","type":"image\/png"}],"twitter_card":"summary_large_image","twitter_misc":{"Tiempo de lectura":"3 minutos"},"schema":{"@context":"https:\/\/schema.org","@graph":[{"@type":"WebPage","@id":"https:\/\/repliquemangacine.fr\/repliques-manga-jeux-video\/katana-sandai-kitetsu-sabre-de-zoro\/","url":"https:\/\/repliquemangacine.fr\/repliques-manga-jeux-video\/katana-sandai-kitetsu-sabre-de-zoro\/","name":"Katana Sandai Kitetsu - One Piece - Boutique en ligne | RMC","isPartOf":{"@id":"https:\/\/repliquemangacine.fr\/#website"},"primaryImageOfPage":{"@id":"https:\/\/repliquemangacine.fr\/repliques-manga-jeux-video\/katana-sandai-kitetsu-sabre-de-zoro\/#primaryimage"},"image":{"@id":"https:\/\/repliquemangacine.fr\/repliques-manga-jeux-video\/katana-sandai-kitetsu-sabre-de-zoro\/#primaryimage"},"thumbnailUrl":"https:\/\/repliquemangacine.fr\/wp-content\/uploads\/2023\/10\/9413.png","datePublished":"2016-08-25T09:40:27+00:00","dateModified":"2026-04-14T10:22:05+00:00","description":"\u00a1C\u00f3mpralo ya! Tu Katana Sandai Kitetsu al mejor precio. Hoja de acero de 68 cm - Vaina de madera lacada - Longitud total: 104cm - Env\u00edo 24\/48h","breadcrumb":{"@id":"https:\/\/repliquemangacine.fr\/repliques-manga-jeux-video\/katana-sandai-kitetsu-sabre-de-zoro\/#breadcrumb"},"inLanguage":"es","potentialAction":[{"@type":"ReadAction","target":["https:\/\/repliquemangacine.fr\/repliques-manga-jeux-video\/katana-sandai-kitetsu-sabre-de-zoro\/"]}]},{"@type":"ImageObject","inLanguage":"es","@id":"https:\/\/repliquemangacine.fr\/repliques-manga-jeux-video\/katana-sandai-kitetsu-sabre-de-zoro\/#primaryimage","url":"https:\/\/repliquemangacine.fr\/wp-content\/uploads\/2023\/10\/9413.png","contentUrl":"https:\/\/repliquemangacine.fr\/wp-content\/uploads\/2023\/10\/9413.png","width":500,"height":500,"caption":"Katana Sandai Kitetsu one piece \u00e9p\u00e9e de zoro"},{"@type":"BreadcrumbList","@id":"https:\/\/repliquemangacine.fr\/repliques-manga-jeux-video\/katana-sandai-kitetsu-sabre-de-zoro\/#breadcrumb","itemListElement":[{"@type":"ListItem","position":1,"name":"Accueil","item":"https:\/\/repliquemangacine.fr\/"},{"@type":"ListItem","position":2,"name":"Produits","item":"https:\/\/repliquemangacine.fr\/boutique\/"},{"@type":"ListItem","position":3,"name":"Katana Sandai Kitetsu &#8211; Sabre de Zoro"}]},{"@type":"WebSite","@id":"https:\/\/repliquemangacine.fr\/#website","url":"https:\/\/repliquemangacine.fr\/","name":"R\u00e9plique Manga Cin\u00e9","description":"","publisher":{"@id":"https:\/\/repliquemangacine.fr\/#organization"},"potentialAction":[{"@type":"SearchAction","target":{"@type":"EntryPoint","urlTemplate":"https:\/\/repliquemangacine.fr\/?s={search_term_string}"},"query-input":{"@type":"PropertyValueSpecification","valueRequired":true,"valueName":"search_term_string"}}],"inLanguage":"es"},{"@type":"Organization","@id":"https:\/\/repliquemangacine.fr\/#organization","name":"R\u00e9plique Manga Cin\u00e9","url":"https:\/\/repliquemangacine.fr\/","logo":{"@type":"ImageObject","inLanguage":"es","@id":"https:\/\/repliquemangacine.fr\/#\/schema\/logo\/image\/","url":"https:\/\/repliquemangacine.fr\/wp-content\/uploads\/2023\/10\/RMC-500250.png","contentUrl":"https:\/\/repliquemangacine.fr\/wp-content\/uploads\/2023\/10\/RMC-500250.png","width":500,"height":250,"caption":"R\u00e9plique Manga Cin\u00e9"},"image":{"@id":"https:\/\/repliquemangacine.fr\/#\/schema\/logo\/image\/"},"sameAs":["https:\/\/www.facebook.com\/RepliqueMangaCine","https:\/\/www.instagram.com\/repliquemangacine.fr\/"]}]}},"_links":{"self":[{"href":"https:\/\/repliquemangacine.fr\/es\/wp-json\/wp\/v2\/product\/25332","targetHints":{"allow":["GET"]}}],"collection":[{"href":"https:\/\/repliquemangacine.fr\/es\/wp-json\/wp\/v2\/product"}],"about":[{"href":"https:\/\/repliquemangacine.fr\/es\/wp-json\/wp\/v2\/types\/product"}],"wp:featuredmedia":[{"embeddable":true,"href":"https:\/\/repliquemangacine.fr\/es\/wp-json\/wp\/v2\/media\/25333"}],"wp:attachment":[{"href":"https:\/\/repliquemangacine.fr\/es\/wp-json\/wp\/v2\/media?parent=25332"}],"wp:term":[{"taxonomy":"product_brand","embeddable":true,"href":"https:\/\/repliquemangacine.fr\/es\/wp-json\/wp\/v2\/product_brand?post=25332"},{"taxonomy":"product_cat","embeddable":true,"href":"https:\/\/repliquemangacine.fr\/es\/wp-json\/wp\/v2\/product_cat?post=25332"},{"taxonomy":"product_tag","embeddable":true,"href":"https:\/\/repliquemangacine.fr\/es\/wp-json\/wp\/v2\/product_tag?post=25332"}],"curies":[{"name":"wp","href":"https:\/\/api.w.org\/{rel}","templated":true}]}}