





{"id":25326,"date":"2016-08-25T10:29:54","date_gmt":"2016-08-25T08:29:54","guid":{"rendered":"https:\/\/repliquemangacine.fr\/?post_type=product&#038;p=25326"},"modified":"2026-04-20T23:01:54","modified_gmt":"2026-04-20T21:01:54","slug":"katana-espada-wado-ichimonji-espada-de-zoro","status":"publish","type":"product","link":"https:\/\/repliquemangacine.fr\/es\/repliques-manga-jeux-video\/katana-sabre-wado-ichimonji-epee-de-zoro\/","title":{"rendered":"Katana wado Ichimonji Zoro"},"content":{"rendered":"<h2>Katana Wado Ichimonji de Zoro en One Piece<\/h2>\n<p>Para empezar, Le <strong>Katana de Zoro Wado Ichimonji<\/strong> es la espada que Zoro lleva entre los dientes.<\/p>\n<p><a href=\"https:\/\/onepiece.fandom.com\/fr\/wiki\/Wad\u00f4_Ichimonji\" target=\"_blank\" rel=\"noopener noreferrer\">Wado Ichimonji<\/a> Es una espada muy importante para Roronoa. Esta katana perteneci\u00f3 en su d\u00eda a su amiga de la infancia Kuina y es la espada m\u00e1s famosa de su familia. Esta espada forma parte de la clase de las 21 \u00d4 Wazamono y fue forjada por Shimotsuki Kozaburo.<\/p>\n<p>Siendo una de las veintiuna mejores katanas del mundo, la Wad\u00f4 Ichimonji es una espada extremadamente poderosa. Es muy resistente y tiene una hoja duradera, como indic\u00f3 Mihawk cuando destruy\u00f3 las dos espadas de Zoro y solo esta resisti\u00f3.<\/p>\n<p>Zoro le pidi\u00f3 a su maestro K\u00f4shir\u00f4 que le diera la espada y este acept\u00f3 la petici\u00f3n de su alumno tras la muerte de su hija.<\/p>\n<h2>Tu Katana Wado Ichimonji de Zoro al mejor precio.<\/h2>\n<p>Te ofrecemos todas las r\u00e9plicas del manga animado One Piece.<\/p>\n<p>Lo primero y m\u00e1s importante,<\/p>\n<ul>\n<li>Le <a href=\"https:\/\/repliquemangacine.fr\/es\/katana-de-una-pieza\/katana-shusui-zoro-una-pieza\/\">Katana Shusui<\/a> conocida como la maudite, con su vaina decorada.<\/li>\n<li>Tambi\u00e9n est\u00e1 el enorme <a href=\"https:\/\/repliquemangacine.fr\/es\/katana-de-una-pieza\/sabre-kokuto-yoru-epee-de-dracule-mihawk\/\">espada de Mihawk Yoru<\/a> Kokuto.<\/li>\n<li>As\u00ed como el <a href=\"https:\/\/repliquemangacine.fr\/es\/katana-de-una-pieza\/katana-sandai-kitetsu-espada-zoro\/\">Katana Sandai Kitetsu<\/a>la \u00faltima de las espadas Sandai.<\/li>\n<li>Y muchos m\u00e1s por descubrir en nuestra tienda online.<\/li>\n<\/ul>\n<p>Por eso, aqu\u00ed tienes unas ideas fant\u00e1sticas para regalar a todos los fans de One Piece.<\/p>\n<p>En conclusi\u00f3n, tambi\u00e9n puede utilizar el <strong>Katana de Zoro Wado Ichimonji<\/strong> para tus desfiles de cosplay. Pero sobre todo, la espada Wado Ichimonji es tambi\u00e9n una pieza de coleccionista y una pieza decorativa.<\/p>\n<h2>\u00bfC\u00f3mo mantienes la hoja de tu katana Zoro?<\/h2>\n<p>Las katanas de colecci\u00f3n y decorativas se fabrican y ensamblan de forma simplificada. Como su uso es decorativo, no cuentan con los elementos de seguridad exigidos a una espada japonesa destinada al entrenamiento.<\/p>\n<p>Sin embargo, su <strong>Katana Wado Ichimonji de Zoro<\/strong> One Piece tiene una hoja de acero que hay que cuidar para evitar que se da\u00f1e con el tiempo. De hecho, vas a exponer tu katana, tus amigos tendr\u00e1n curiosidad por ver la hoja y tocarla. Ah\u00ed es donde hay que tener cuidado, hay que saber que la acidez de los dedos es muy perjudicial para el acero, independientemente de su calidad.<\/p>\n<p>Sin embargo, si esto ocurre, no te asustes, todo lo que necesitas es un pa\u00f1o humedecido con un poco de aceite y limpiar las huellas dactilares. Si haces esto, tu espada durar\u00e1 mucho tiempo.<\/p>\n<p>&nbsp;<\/p>","protected":false},"excerpt":{"rendered":"<p>La espada Wado Ichimonji de Zoro es la que sostiene en la boca.<\/p>\n<ul>\n<li>Hoja bicolor de acero 440.<\/li>\n<li>Un mango con trenzado de algod\u00f3n blanco puro.<\/li>\n<li>Guarda circular de metal antiguo<\/li>\n<li>Una vaina de madera lacada en blanco brillante.<\/li>\n<li>Longitud de la hoja: 68 cm - Longitud total: 104 cm<\/li>\n<\/ul>\n<p>&nbsp;<\/p>","protected":false},"featured_media":25327,"template":"","meta":[],"product_brand":[896],"product_cat":[123,23],"product_tag":[],"class_list":{"0":"post-25326","1":"product","2":"type-product","3":"status-publish","4":"has-post-thumbnail","6":"product_brand-replique-manga-cine","7":"product_cat-katana-en-metal-one-piece","8":"product_cat-repliques-manga-jeux-video","10":"first","11":"instock","12":"taxable","13":"shipping-taxable","14":"purchasable","15":"product-type-simple"},"yoast_head":"<!-- This site is optimized with the Yoast SEO plugin v27.4 - https:\/\/yoast.com\/product\/yoast-seo-wordpress\/ -->\n<title>Katana Wado Ichimonji - One Piece - Boutique en ligne | RMC<\/title>\n<meta name=\"description\" content=\"Commandez vite ! Votre Katana Wado Ichimonji de Zoro dans One Piece au meilleur prix. Lame acier - Retrouvez les 3 sabres de Zoro pas chers - Envoi 24\/48h\" \/>\n<meta name=\"robots\" content=\"index, follow, max-snippet:-1, max-image-preview:large, max-video-preview:-1\" \/>\n<link rel=\"canonical\" href=\"https:\/\/repliquemangacine.fr\/es\/replica-de-videojuegos-manga\/katana-espada-wado-ichimonji-espada-de-zoro\/\" \/>\n<meta property=\"og:locale\" content=\"es_ES\" \/>\n<meta property=\"og:type\" content=\"article\" \/>\n<meta property=\"og:title\" content=\"Katana Wado Ichimonji - One Piece - Boutique en ligne | RMC\" \/>\n<meta property=\"og:description\" content=\"Commandez vite ! Votre Katana Wado Ichimonji de Zoro dans One Piece au meilleur prix. Lame acier - Retrouvez les 3 sabres de Zoro pas chers - Envoi 24\/48h\" \/>\n<meta property=\"og:url\" content=\"https:\/\/repliquemangacine.fr\/es\/replica-de-videojuegos-manga\/katana-espada-wado-ichimonji-espada-de-zoro\/\" \/>\n<meta property=\"og:site_name\" content=\"R\u00e9plique Manga Cin\u00e9\" \/>\n<meta property=\"article:publisher\" content=\"https:\/\/www.facebook.com\/RepliqueMangaCine\" \/>\n<meta property=\"article:modified_time\" content=\"2026-04-20T21:01:54+00:00\" \/>\n<meta property=\"og:image\" content=\"https:\/\/repliquemangacine.fr\/wp-content\/uploads\/2023\/10\/Sabre-Wado-Ichimonji-Zoro.png\" \/>\n\t<meta property=\"og:image:width\" content=\"500\" \/>\n\t<meta property=\"og:image:height\" content=\"500\" \/>\n\t<meta property=\"og:image:type\" content=\"image\/png\" \/>\n<meta name=\"twitter:card\" content=\"summary_large_image\" \/>\n<meta name=\"twitter:label1\" content=\"Tiempo de lectura\" \/>\n\t<meta name=\"twitter:data1\" content=\"3 minutos\" \/>\n<script type=\"application\/ld+json\" class=\"yoast-schema-graph\">{\"@context\":\"https:\\\/\\\/schema.org\",\"@graph\":[{\"@type\":\"WebPage\",\"@id\":\"https:\\\/\\\/repliquemangacine.fr\\\/repliques-manga-jeux-video\\\/katana-sabre-wado-ichimonji-epee-de-zoro\\\/\",\"url\":\"https:\\\/\\\/repliquemangacine.fr\\\/repliques-manga-jeux-video\\\/katana-sabre-wado-ichimonji-epee-de-zoro\\\/\",\"name\":\"Katana Wado Ichimonji - One Piece - Boutique en ligne | RMC\",\"isPartOf\":{\"@id\":\"https:\\\/\\\/repliquemangacine.fr\\\/#website\"},\"primaryImageOfPage\":{\"@id\":\"https:\\\/\\\/repliquemangacine.fr\\\/repliques-manga-jeux-video\\\/katana-sabre-wado-ichimonji-epee-de-zoro\\\/#primaryimage\"},\"image\":{\"@id\":\"https:\\\/\\\/repliquemangacine.fr\\\/repliques-manga-jeux-video\\\/katana-sabre-wado-ichimonji-epee-de-zoro\\\/#primaryimage\"},\"thumbnailUrl\":\"https:\\\/\\\/repliquemangacine.fr\\\/wp-content\\\/uploads\\\/2023\\\/10\\\/Sabre-Wado-Ichimonji-Zoro.png\",\"datePublished\":\"2016-08-25T08:29:54+00:00\",\"dateModified\":\"2026-04-20T21:01:54+00:00\",\"description\":\"Commandez vite ! Votre Katana Wado Ichimonji de Zoro dans One Piece au meilleur prix. Lame acier - Retrouvez les 3 sabres de Zoro pas chers - Envoi 24\\\/48h\",\"breadcrumb\":{\"@id\":\"https:\\\/\\\/repliquemangacine.fr\\\/repliques-manga-jeux-video\\\/katana-sabre-wado-ichimonji-epee-de-zoro\\\/#breadcrumb\"},\"inLanguage\":\"es\",\"potentialAction\":[{\"@type\":\"ReadAction\",\"target\":[\"https:\\\/\\\/repliquemangacine.fr\\\/repliques-manga-jeux-video\\\/katana-sabre-wado-ichimonji-epee-de-zoro\\\/\"]}]},{\"@type\":\"ImageObject\",\"inLanguage\":\"es\",\"@id\":\"https:\\\/\\\/repliquemangacine.fr\\\/repliques-manga-jeux-video\\\/katana-sabre-wado-ichimonji-epee-de-zoro\\\/#primaryimage\",\"url\":\"https:\\\/\\\/repliquemangacine.fr\\\/wp-content\\\/uploads\\\/2023\\\/10\\\/Sabre-Wado-Ichimonji-Zoro.png\",\"contentUrl\":\"https:\\\/\\\/repliquemangacine.fr\\\/wp-content\\\/uploads\\\/2023\\\/10\\\/Sabre-Wado-Ichimonji-Zoro.png\",\"width\":500,\"height\":500,\"caption\":\"Sabre Wado Ichimonji Zoro katana zoro\"},{\"@type\":\"BreadcrumbList\",\"@id\":\"https:\\\/\\\/repliquemangacine.fr\\\/repliques-manga-jeux-video\\\/katana-sabre-wado-ichimonji-epee-de-zoro\\\/#breadcrumb\",\"itemListElement\":[{\"@type\":\"ListItem\",\"position\":1,\"name\":\"Accueil\",\"item\":\"https:\\\/\\\/repliquemangacine.fr\\\/\"},{\"@type\":\"ListItem\",\"position\":2,\"name\":\"Produits\",\"item\":\"https:\\\/\\\/repliquemangacine.fr\\\/boutique\\\/\"},{\"@type\":\"ListItem\",\"position\":3,\"name\":\"Katana wado Ichimonji Zoro\"}]},{\"@type\":\"WebSite\",\"@id\":\"https:\\\/\\\/repliquemangacine.fr\\\/#website\",\"url\":\"https:\\\/\\\/repliquemangacine.fr\\\/\",\"name\":\"R\u00e9plique Manga Cin\u00e9\",\"description\":\"\",\"publisher\":{\"@id\":\"https:\\\/\\\/repliquemangacine.fr\\\/#organization\"},\"potentialAction\":[{\"@type\":\"SearchAction\",\"target\":{\"@type\":\"EntryPoint\",\"urlTemplate\":\"https:\\\/\\\/repliquemangacine.fr\\\/?s={search_term_string}\"},\"query-input\":{\"@type\":\"PropertyValueSpecification\",\"valueRequired\":true,\"valueName\":\"search_term_string\"}}],\"inLanguage\":\"es\"},{\"@type\":\"Organization\",\"@id\":\"https:\\\/\\\/repliquemangacine.fr\\\/#organization\",\"name\":\"R\u00e9plique Manga Cin\u00e9\",\"url\":\"https:\\\/\\\/repliquemangacine.fr\\\/\",\"logo\":{\"@type\":\"ImageObject\",\"inLanguage\":\"es\",\"@id\":\"https:\\\/\\\/repliquemangacine.fr\\\/#\\\/schema\\\/logo\\\/image\\\/\",\"url\":\"https:\\\/\\\/repliquemangacine.fr\\\/wp-content\\\/uploads\\\/2023\\\/10\\\/RMC-500250.png\",\"contentUrl\":\"https:\\\/\\\/repliquemangacine.fr\\\/wp-content\\\/uploads\\\/2023\\\/10\\\/RMC-500250.png\",\"width\":500,\"height\":250,\"caption\":\"R\u00e9plique Manga Cin\u00e9\"},\"image\":{\"@id\":\"https:\\\/\\\/repliquemangacine.fr\\\/#\\\/schema\\\/logo\\\/image\\\/\"},\"sameAs\":[\"https:\\\/\\\/www.facebook.com\\\/RepliqueMangaCine\",\"https:\\\/\\\/www.instagram.com\\\/repliquemangacine.fr\\\/\"]}]}<\/script>\n<!-- \/ Yoast SEO plugin. -->","yoast_head_json":{"title":"Katana Wado Ichimonji - One Piece - Boutique en ligne | RMC","description":"Haz tu pedido Tu Katana Wado Ichimonji de Zoro en One Piece al mejor precio. Hoja de acero - Encuentra las 3 espadas baratas de Zoro - Env\u00edo 24\/48h","robots":{"index":"index","follow":"follow","max-snippet":"max-snippet:-1","max-image-preview":"max-image-preview:large","max-video-preview":"max-video-preview:-1"},"canonical":"https:\/\/repliquemangacine.fr\/es\/replica-de-videojuegos-manga\/katana-espada-wado-ichimonji-espada-de-zoro\/","og_locale":"es_ES","og_type":"article","og_title":"Katana Wado Ichimonji - One Piece - Boutique en ligne | RMC","og_description":"Commandez vite ! Votre Katana Wado Ichimonji de Zoro dans One Piece au meilleur prix. Lame acier - Retrouvez les 3 sabres de Zoro pas chers - Envoi 24\/48h","og_url":"https:\/\/repliquemangacine.fr\/es\/replica-de-videojuegos-manga\/katana-espada-wado-ichimonji-espada-de-zoro\/","og_site_name":"R\u00e9plique Manga Cin\u00e9","article_publisher":"https:\/\/www.facebook.com\/RepliqueMangaCine","article_modified_time":"2026-04-20T21:01:54+00:00","og_image":[{"width":500,"height":500,"url":"https:\/\/repliquemangacine.fr\/wp-content\/uploads\/2023\/10\/Sabre-Wado-Ichimonji-Zoro.png","type":"image\/png"}],"twitter_card":"summary_large_image","twitter_misc":{"Tiempo de lectura":"3 minutos"},"schema":{"@context":"https:\/\/schema.org","@graph":[{"@type":"WebPage","@id":"https:\/\/repliquemangacine.fr\/repliques-manga-jeux-video\/katana-sabre-wado-ichimonji-epee-de-zoro\/","url":"https:\/\/repliquemangacine.fr\/repliques-manga-jeux-video\/katana-sabre-wado-ichimonji-epee-de-zoro\/","name":"Katana Wado Ichimonji - One Piece - Boutique en ligne | RMC","isPartOf":{"@id":"https:\/\/repliquemangacine.fr\/#website"},"primaryImageOfPage":{"@id":"https:\/\/repliquemangacine.fr\/repliques-manga-jeux-video\/katana-sabre-wado-ichimonji-epee-de-zoro\/#primaryimage"},"image":{"@id":"https:\/\/repliquemangacine.fr\/repliques-manga-jeux-video\/katana-sabre-wado-ichimonji-epee-de-zoro\/#primaryimage"},"thumbnailUrl":"https:\/\/repliquemangacine.fr\/wp-content\/uploads\/2023\/10\/Sabre-Wado-Ichimonji-Zoro.png","datePublished":"2016-08-25T08:29:54+00:00","dateModified":"2026-04-20T21:01:54+00:00","description":"Haz tu pedido Tu Katana Wado Ichimonji de Zoro en One Piece al mejor precio. Hoja de acero - Encuentra las 3 espadas baratas de Zoro - Env\u00edo 24\/48h","breadcrumb":{"@id":"https:\/\/repliquemangacine.fr\/repliques-manga-jeux-video\/katana-sabre-wado-ichimonji-epee-de-zoro\/#breadcrumb"},"inLanguage":"es","potentialAction":[{"@type":"ReadAction","target":["https:\/\/repliquemangacine.fr\/repliques-manga-jeux-video\/katana-sabre-wado-ichimonji-epee-de-zoro\/"]}]},{"@type":"ImageObject","inLanguage":"es","@id":"https:\/\/repliquemangacine.fr\/repliques-manga-jeux-video\/katana-sabre-wado-ichimonji-epee-de-zoro\/#primaryimage","url":"https:\/\/repliquemangacine.fr\/wp-content\/uploads\/2023\/10\/Sabre-Wado-Ichimonji-Zoro.png","contentUrl":"https:\/\/repliquemangacine.fr\/wp-content\/uploads\/2023\/10\/Sabre-Wado-Ichimonji-Zoro.png","width":500,"height":500,"caption":"Sabre Wado Ichimonji Zoro katana zoro"},{"@type":"BreadcrumbList","@id":"https:\/\/repliquemangacine.fr\/repliques-manga-jeux-video\/katana-sabre-wado-ichimonji-epee-de-zoro\/#breadcrumb","itemListElement":[{"@type":"ListItem","position":1,"name":"Accueil","item":"https:\/\/repliquemangacine.fr\/"},{"@type":"ListItem","position":2,"name":"Produits","item":"https:\/\/repliquemangacine.fr\/boutique\/"},{"@type":"ListItem","position":3,"name":"Katana wado Ichimonji Zoro"}]},{"@type":"WebSite","@id":"https:\/\/repliquemangacine.fr\/#website","url":"https:\/\/repliquemangacine.fr\/","name":"R\u00e9plique Manga Cin\u00e9","description":"","publisher":{"@id":"https:\/\/repliquemangacine.fr\/#organization"},"potentialAction":[{"@type":"SearchAction","target":{"@type":"EntryPoint","urlTemplate":"https:\/\/repliquemangacine.fr\/?s={search_term_string}"},"query-input":{"@type":"PropertyValueSpecification","valueRequired":true,"valueName":"search_term_string"}}],"inLanguage":"es"},{"@type":"Organization","@id":"https:\/\/repliquemangacine.fr\/#organization","name":"R\u00e9plique Manga Cin\u00e9","url":"https:\/\/repliquemangacine.fr\/","logo":{"@type":"ImageObject","inLanguage":"es","@id":"https:\/\/repliquemangacine.fr\/#\/schema\/logo\/image\/","url":"https:\/\/repliquemangacine.fr\/wp-content\/uploads\/2023\/10\/RMC-500250.png","contentUrl":"https:\/\/repliquemangacine.fr\/wp-content\/uploads\/2023\/10\/RMC-500250.png","width":500,"height":250,"caption":"R\u00e9plique Manga Cin\u00e9"},"image":{"@id":"https:\/\/repliquemangacine.fr\/#\/schema\/logo\/image\/"},"sameAs":["https:\/\/www.facebook.com\/RepliqueMangaCine","https:\/\/www.instagram.com\/repliquemangacine.fr\/"]}]}},"_links":{"self":[{"href":"https:\/\/repliquemangacine.fr\/es\/wp-json\/wp\/v2\/product\/25326","targetHints":{"allow":["GET"]}}],"collection":[{"href":"https:\/\/repliquemangacine.fr\/es\/wp-json\/wp\/v2\/product"}],"about":[{"href":"https:\/\/repliquemangacine.fr\/es\/wp-json\/wp\/v2\/types\/product"}],"wp:featuredmedia":[{"embeddable":true,"href":"https:\/\/repliquemangacine.fr\/es\/wp-json\/wp\/v2\/media\/25327"}],"wp:attachment":[{"href":"https:\/\/repliquemangacine.fr\/es\/wp-json\/wp\/v2\/media?parent=25326"}],"wp:term":[{"taxonomy":"product_brand","embeddable":true,"href":"https:\/\/repliquemangacine.fr\/es\/wp-json\/wp\/v2\/product_brand?post=25326"},{"taxonomy":"product_cat","embeddable":true,"href":"https:\/\/repliquemangacine.fr\/es\/wp-json\/wp\/v2\/product_cat?post=25326"},{"taxonomy":"product_tag","embeddable":true,"href":"https:\/\/repliquemangacine.fr\/es\/wp-json\/wp\/v2\/product_tag?post=25326"}],"curies":[{"name":"wp","href":"https:\/\/api.w.org\/{rel}","templated":true}]}}