





{"id":25316,"date":"2016-08-22T18:51:51","date_gmt":"2016-08-22T16:51:51","guid":{"rendered":"https:\/\/repliquemangacine.fr\/?post_type=product&#038;p=25316"},"modified":"2026-04-20T18:43:35","modified_gmt":"2026-04-20T16:43:35","slug":"katana-benihime-shikai-urahara-kisuke-bleach","status":"publish","type":"product","link":"https:\/\/repliquemangacine.fr\/es\/katana-bleach\/katana-benihime-shikai-urahara-kisuke-bleach\/","title":{"rendered":"Katana Kisuke Shika\u00ef Benihime"},"content":{"rendered":"<h2>Katana Benihime Shika\u00ef Urahara en Bleach<\/h2>\n<p>Para empezar, el <strong>Katana Benihime Shika\u00ef Urahara<\/strong>, su forma sellada de zanpakuto es la espada bast\u00f3n benihime (princesa escarlata).<\/p>\n<p>Para activar su Shikai, <a href=\"https:\/\/bleach.fandom.com\/fr\/wiki\/Kisuke_Urahara?so=search#Shikai_:_Awake,_ou_l\u00e8ve_toi,_Benihime.\" target=\"_blank\" rel=\"noopener noreferrer\">Kisuke<\/a> pronuncia las siguientes palabras: \u201c\u00a1Okiro, Benihime! \u201d (\u00a1Despierta, Benihime!).<\/p>\n<p>Urahara es muy poderoso con su espada, sus artima\u00f1as y su sentido de la observaci\u00f3n son incre\u00edbles. Sus habilidades han sido consideradas peligrosas por el Espada 4 Ulquiorra. Es una persona muy misteriosa, de la que al principio se sabe muy poco.<\/p>\n<p>Dotado de un sentido del humor bastante singular. Rara vez se muestra serio y parece bastante despreocupado, aunque en realidad solo es una fachada. Kisuke es, en realidad, extremadamente inteligente y perspicaz. Siempre sabe mucho m\u00e1s que los dem\u00e1s.<\/p>\n<h2>Tu Katana Benihime Shika\u00ef Urahara al mejor precio.<\/h2>\n<p>Te traemos todas las frases de tus personajes favoritos en este manga anime de Bleach.<\/p>\n<ul>\n<li>Por supuesto, el <a href=\"https:\/\/repliquemangacine.fr\/es\/blanqueador-katana\/benihime-kisuke-urahara-blanqueador-espada-baston\/\">Vara espada Benihime<\/a> la forma sellada de su Shikai<\/li>\n<li>Y la Espada <a href=\"https:\/\/repliquemangacine.fr\/es\/blanqueador-katana\/zangetsu-ichigo-bleach-epee-zanpakuto-ichigo\/\">Shikai Zangetsu<\/a> con su hoja calada.<\/li>\n<li>Tambi\u00e9n existe la <a href=\"https:\/\/repliquemangacine.fr\/es\/blanqueador-katana\/katana-pantera-grimmjow-lejia\/\">Katana Pantera<\/a> utilizado por Grimmjow Jaggerjack, con su guardia en forma de Z.<\/li>\n<li>Y muchos m\u00e1s por descubrir en nuestra tienda en l\u00ednea.<\/li>\n<\/ul>\n<p>Aqu\u00ed tienes algunas ideas para regalar a los fans de Bleach.<\/p>\n<p>En conclusi\u00f3n, puede utilizar el <strong>Katana Benihime Shika\u00ef Urahara<\/strong> en Bleach para tus desfiles de cosplay. Pero, sobre todo, esta espada Benihime es tambi\u00e9n un objeto de coleccionista y una pieza decorativa.<\/p>\n<h2>\u00bfC\u00f3mo se mantiene la hoja de la katana Bleach?<\/h2>\n<p>Las katanas de colecci\u00f3n y decorativas se fabrican y ensamblan de forma simplificada. Como su uso es decorativo, no cuentan con los elementos de seguridad exigidos a una espada japonesa destinada al entrenamiento.<\/p>\n<p>Sin embargo, su <strong>katana Benihime Shika\u00ef Urahara<\/strong> a una hoja de acero que hay que cuidar para evitar que se estropee con el tiempo. Cuando exponga su katana, sus amigos sentir\u00e1n curiosidad por ver la hoja y tocarla. Aqu\u00ed es donde hay que tener cuidado, ya que la acidez de los dedos es muy perjudicial para el acero, sea cual sea su calidad.<\/p>\n<p>Sin embargo, si esto ocurre, no te asustes: basta con un pa\u00f1o humedecido con un poco de aceite y limpiar las huellas. Si haces esto, tu espada durar\u00e1 mucho tiempo.<\/p>\n<p><strong>\u00a0<\/strong><\/p>\n<p>&nbsp;<\/p>","protected":false},"excerpt":{"rendered":"<p>Descubre el Shikai de Urahara y di \"\u00a1Despierta Benihime!\".<\/p>\n<ul>\n<li>Hoja de acero no afilada<\/li>\n<li>Vaina de madera.<\/li>\n<li>Pomo y guarda de metal antiguo con forma espec\u00edfica.<\/li>\n<li>Mango recubierto de trenza de algod\u00f3n negro.<\/li>\n<li>Longitud total: 110 cm - Longitud de la hoja: 74 cm<\/li>\n<\/ul>","protected":false},"featured_media":25317,"template":"","meta":[],"product_brand":[896],"product_cat":[30,23],"product_tag":[],"class_list":{"0":"post-25316","1":"product","2":"type-product","3":"status-publish","4":"has-post-thumbnail","6":"product_brand-replique-manga-cine","7":"product_cat-katana-bleach","8":"product_cat-repliques-manga-jeux-video","10":"first","11":"instock","12":"taxable","13":"shipping-taxable","14":"purchasable","15":"product-type-simple"},"yoast_head":"<!-- This site is optimized with the Yoast SEO plugin v27.4 - https:\/\/yoast.com\/product\/yoast-seo-wordpress\/ -->\n<title>Katana Benihime Shika\u00ef Urahara Bleach - Boutique en ligne | RMC<\/title>\n<meta name=\"description\" content=\"Commandez vite ! Le Katana Benihime Shika\u00ef Urahara dans Bleach au meilleur prix. Lame acier - Longueur totale : 110cm - Envoi 24\/48h\" \/>\n<meta name=\"robots\" content=\"index, follow, max-snippet:-1, max-image-preview:large, max-video-preview:-1\" \/>\n<link rel=\"canonical\" href=\"https:\/\/repliquemangacine.fr\/es\/blanqueador-katana\/katana-benihime-shikai-urahara-kisuke-bleach\/\" \/>\n<meta property=\"og:locale\" content=\"es_ES\" \/>\n<meta property=\"og:type\" content=\"article\" \/>\n<meta property=\"og:title\" content=\"Katana Benihime Shika\u00ef Urahara Bleach - Boutique en ligne | RMC\" \/>\n<meta property=\"og:description\" content=\"Commandez vite ! Le Katana Benihime Shika\u00ef Urahara dans Bleach au meilleur prix. Lame acier - Longueur totale : 110cm - Envoi 24\/48h\" \/>\n<meta property=\"og:url\" content=\"https:\/\/repliquemangacine.fr\/es\/blanqueador-katana\/katana-benihime-shikai-urahara-kisuke-bleach\/\" \/>\n<meta property=\"og:site_name\" content=\"R\u00e9plique Manga Cin\u00e9\" \/>\n<meta property=\"article:publisher\" content=\"https:\/\/www.facebook.com\/RepliqueMangaCine\" \/>\n<meta property=\"article:modified_time\" content=\"2026-04-20T16:43:35+00:00\" \/>\n<meta property=\"og:image\" content=\"https:\/\/repliquemangacine.fr\/wp-content\/uploads\/2023\/10\/129-Shikai-Benihime-Katana-Urahara-Kisuke-Bleach.jpg\" \/>\n\t<meta property=\"og:image:width\" content=\"800\" \/>\n\t<meta property=\"og:image:height\" content=\"800\" \/>\n\t<meta property=\"og:image:type\" content=\"image\/jpeg\" \/>\n<meta name=\"twitter:card\" content=\"summary_large_image\" \/>\n<meta name=\"twitter:label1\" content=\"Tiempo de lectura\" \/>\n\t<meta name=\"twitter:data1\" content=\"2 minutos\" \/>\n<script type=\"application\/ld+json\" class=\"yoast-schema-graph\">{\"@context\":\"https:\\\/\\\/schema.org\",\"@graph\":[{\"@type\":\"WebPage\",\"@id\":\"https:\\\/\\\/repliquemangacine.fr\\\/katana-bleach\\\/katana-benihime-shikai-urahara-kisuke-bleach\\\/\",\"url\":\"https:\\\/\\\/repliquemangacine.fr\\\/katana-bleach\\\/katana-benihime-shikai-urahara-kisuke-bleach\\\/\",\"name\":\"Katana Benihime Shika\u00ef Urahara Bleach - Boutique en ligne | RMC\",\"isPartOf\":{\"@id\":\"https:\\\/\\\/repliquemangacine.fr\\\/#website\"},\"primaryImageOfPage\":{\"@id\":\"https:\\\/\\\/repliquemangacine.fr\\\/katana-bleach\\\/katana-benihime-shikai-urahara-kisuke-bleach\\\/#primaryimage\"},\"image\":{\"@id\":\"https:\\\/\\\/repliquemangacine.fr\\\/katana-bleach\\\/katana-benihime-shikai-urahara-kisuke-bleach\\\/#primaryimage\"},\"thumbnailUrl\":\"https:\\\/\\\/repliquemangacine.fr\\\/wp-content\\\/uploads\\\/2023\\\/10\\\/129-Shikai-Benihime-Katana-Urahara-Kisuke-Bleach.jpg\",\"datePublished\":\"2016-08-22T16:51:51+00:00\",\"dateModified\":\"2026-04-20T16:43:35+00:00\",\"description\":\"Commandez vite ! Le Katana Benihime Shika\u00ef Urahara dans Bleach au meilleur prix. Lame acier - Longueur totale : 110cm - Envoi 24\\\/48h\",\"breadcrumb\":{\"@id\":\"https:\\\/\\\/repliquemangacine.fr\\\/katana-bleach\\\/katana-benihime-shikai-urahara-kisuke-bleach\\\/#breadcrumb\"},\"inLanguage\":\"es\",\"potentialAction\":[{\"@type\":\"ReadAction\",\"target\":[\"https:\\\/\\\/repliquemangacine.fr\\\/katana-bleach\\\/katana-benihime-shikai-urahara-kisuke-bleach\\\/\"]}]},{\"@type\":\"ImageObject\",\"inLanguage\":\"es\",\"@id\":\"https:\\\/\\\/repliquemangacine.fr\\\/katana-bleach\\\/katana-benihime-shikai-urahara-kisuke-bleach\\\/#primaryimage\",\"url\":\"https:\\\/\\\/repliquemangacine.fr\\\/wp-content\\\/uploads\\\/2023\\\/10\\\/129-Shikai-Benihime-Katana-Urahara-Kisuke-Bleach.jpg\",\"contentUrl\":\"https:\\\/\\\/repliquemangacine.fr\\\/wp-content\\\/uploads\\\/2023\\\/10\\\/129-Shikai-Benihime-Katana-Urahara-Kisuke-Bleach.jpg\",\"width\":800,\"height\":800,\"caption\":\"Shikai Benihime - Katana Urahara Kisuk\u00e9 - Bleach\"},{\"@type\":\"BreadcrumbList\",\"@id\":\"https:\\\/\\\/repliquemangacine.fr\\\/katana-bleach\\\/katana-benihime-shikai-urahara-kisuke-bleach\\\/#breadcrumb\",\"itemListElement\":[{\"@type\":\"ListItem\",\"position\":1,\"name\":\"Accueil\",\"item\":\"https:\\\/\\\/repliquemangacine.fr\\\/\"},{\"@type\":\"ListItem\",\"position\":2,\"name\":\"Produits\",\"item\":\"https:\\\/\\\/repliquemangacine.fr\\\/boutique\\\/\"},{\"@type\":\"ListItem\",\"position\":3,\"name\":\"Katana Kisuke Shika\u00ef Benihime\"}]},{\"@type\":\"WebSite\",\"@id\":\"https:\\\/\\\/repliquemangacine.fr\\\/#website\",\"url\":\"https:\\\/\\\/repliquemangacine.fr\\\/\",\"name\":\"R\u00e9plique Manga Cin\u00e9\",\"description\":\"\",\"publisher\":{\"@id\":\"https:\\\/\\\/repliquemangacine.fr\\\/#organization\"},\"potentialAction\":[{\"@type\":\"SearchAction\",\"target\":{\"@type\":\"EntryPoint\",\"urlTemplate\":\"https:\\\/\\\/repliquemangacine.fr\\\/?s={search_term_string}\"},\"query-input\":{\"@type\":\"PropertyValueSpecification\",\"valueRequired\":true,\"valueName\":\"search_term_string\"}}],\"inLanguage\":\"es\"},{\"@type\":\"Organization\",\"@id\":\"https:\\\/\\\/repliquemangacine.fr\\\/#organization\",\"name\":\"R\u00e9plique Manga Cin\u00e9\",\"url\":\"https:\\\/\\\/repliquemangacine.fr\\\/\",\"logo\":{\"@type\":\"ImageObject\",\"inLanguage\":\"es\",\"@id\":\"https:\\\/\\\/repliquemangacine.fr\\\/#\\\/schema\\\/logo\\\/image\\\/\",\"url\":\"https:\\\/\\\/repliquemangacine.fr\\\/wp-content\\\/uploads\\\/2023\\\/10\\\/RMC-500250.png\",\"contentUrl\":\"https:\\\/\\\/repliquemangacine.fr\\\/wp-content\\\/uploads\\\/2023\\\/10\\\/RMC-500250.png\",\"width\":500,\"height\":250,\"caption\":\"R\u00e9plique Manga Cin\u00e9\"},\"image\":{\"@id\":\"https:\\\/\\\/repliquemangacine.fr\\\/#\\\/schema\\\/logo\\\/image\\\/\"},\"sameAs\":[\"https:\\\/\\\/www.facebook.com\\\/RepliqueMangaCine\",\"https:\\\/\\\/www.instagram.com\\\/repliquemangacine.fr\\\/\"]}]}<\/script>\n<!-- \/ Yoast SEO plugin. -->","yoast_head_json":{"title":"Katana Benihime Shika\u00ef Urahara Bleach - Boutique en ligne | RMC","description":"Haz tu pedido La Katana Benihime Shika\u00ef Urahara en Bleach al mejor precio. Hoja de acero - Longitud total: 110cm - Env\u00edo 24\/48h","robots":{"index":"index","follow":"follow","max-snippet":"max-snippet:-1","max-image-preview":"max-image-preview:large","max-video-preview":"max-video-preview:-1"},"canonical":"https:\/\/repliquemangacine.fr\/es\/blanqueador-katana\/katana-benihime-shikai-urahara-kisuke-bleach\/","og_locale":"es_ES","og_type":"article","og_title":"Katana Benihime Shika\u00ef Urahara Bleach - Boutique en ligne | RMC","og_description":"Commandez vite ! Le Katana Benihime Shika\u00ef Urahara dans Bleach au meilleur prix. Lame acier - Longueur totale : 110cm - Envoi 24\/48h","og_url":"https:\/\/repliquemangacine.fr\/es\/blanqueador-katana\/katana-benihime-shikai-urahara-kisuke-bleach\/","og_site_name":"R\u00e9plique Manga Cin\u00e9","article_publisher":"https:\/\/www.facebook.com\/RepliqueMangaCine","article_modified_time":"2026-04-20T16:43:35+00:00","og_image":[{"width":800,"height":800,"url":"https:\/\/repliquemangacine.fr\/wp-content\/uploads\/2023\/10\/129-Shikai-Benihime-Katana-Urahara-Kisuke-Bleach.jpg","type":"image\/jpeg"}],"twitter_card":"summary_large_image","twitter_misc":{"Tiempo de lectura":"2 minutos"},"schema":{"@context":"https:\/\/schema.org","@graph":[{"@type":"WebPage","@id":"https:\/\/repliquemangacine.fr\/katana-bleach\/katana-benihime-shikai-urahara-kisuke-bleach\/","url":"https:\/\/repliquemangacine.fr\/katana-bleach\/katana-benihime-shikai-urahara-kisuke-bleach\/","name":"Katana Benihime Shika\u00ef Urahara Bleach - Boutique en ligne | RMC","isPartOf":{"@id":"https:\/\/repliquemangacine.fr\/#website"},"primaryImageOfPage":{"@id":"https:\/\/repliquemangacine.fr\/katana-bleach\/katana-benihime-shikai-urahara-kisuke-bleach\/#primaryimage"},"image":{"@id":"https:\/\/repliquemangacine.fr\/katana-bleach\/katana-benihime-shikai-urahara-kisuke-bleach\/#primaryimage"},"thumbnailUrl":"https:\/\/repliquemangacine.fr\/wp-content\/uploads\/2023\/10\/129-Shikai-Benihime-Katana-Urahara-Kisuke-Bleach.jpg","datePublished":"2016-08-22T16:51:51+00:00","dateModified":"2026-04-20T16:43:35+00:00","description":"Haz tu pedido La Katana Benihime Shika\u00ef Urahara en Bleach al mejor precio. Hoja de acero - Longitud total: 110cm - Env\u00edo 24\/48h","breadcrumb":{"@id":"https:\/\/repliquemangacine.fr\/katana-bleach\/katana-benihime-shikai-urahara-kisuke-bleach\/#breadcrumb"},"inLanguage":"es","potentialAction":[{"@type":"ReadAction","target":["https:\/\/repliquemangacine.fr\/katana-bleach\/katana-benihime-shikai-urahara-kisuke-bleach\/"]}]},{"@type":"ImageObject","inLanguage":"es","@id":"https:\/\/repliquemangacine.fr\/katana-bleach\/katana-benihime-shikai-urahara-kisuke-bleach\/#primaryimage","url":"https:\/\/repliquemangacine.fr\/wp-content\/uploads\/2023\/10\/129-Shikai-Benihime-Katana-Urahara-Kisuke-Bleach.jpg","contentUrl":"https:\/\/repliquemangacine.fr\/wp-content\/uploads\/2023\/10\/129-Shikai-Benihime-Katana-Urahara-Kisuke-Bleach.jpg","width":800,"height":800,"caption":"Shikai Benihime - Katana Urahara Kisuk\u00e9 - Bleach"},{"@type":"BreadcrumbList","@id":"https:\/\/repliquemangacine.fr\/katana-bleach\/katana-benihime-shikai-urahara-kisuke-bleach\/#breadcrumb","itemListElement":[{"@type":"ListItem","position":1,"name":"Accueil","item":"https:\/\/repliquemangacine.fr\/"},{"@type":"ListItem","position":2,"name":"Produits","item":"https:\/\/repliquemangacine.fr\/boutique\/"},{"@type":"ListItem","position":3,"name":"Katana Kisuke Shika\u00ef Benihime"}]},{"@type":"WebSite","@id":"https:\/\/repliquemangacine.fr\/#website","url":"https:\/\/repliquemangacine.fr\/","name":"R\u00e9plique Manga Cin\u00e9","description":"","publisher":{"@id":"https:\/\/repliquemangacine.fr\/#organization"},"potentialAction":[{"@type":"SearchAction","target":{"@type":"EntryPoint","urlTemplate":"https:\/\/repliquemangacine.fr\/?s={search_term_string}"},"query-input":{"@type":"PropertyValueSpecification","valueRequired":true,"valueName":"search_term_string"}}],"inLanguage":"es"},{"@type":"Organization","@id":"https:\/\/repliquemangacine.fr\/#organization","name":"R\u00e9plique Manga Cin\u00e9","url":"https:\/\/repliquemangacine.fr\/","logo":{"@type":"ImageObject","inLanguage":"es","@id":"https:\/\/repliquemangacine.fr\/#\/schema\/logo\/image\/","url":"https:\/\/repliquemangacine.fr\/wp-content\/uploads\/2023\/10\/RMC-500250.png","contentUrl":"https:\/\/repliquemangacine.fr\/wp-content\/uploads\/2023\/10\/RMC-500250.png","width":500,"height":250,"caption":"R\u00e9plique Manga Cin\u00e9"},"image":{"@id":"https:\/\/repliquemangacine.fr\/#\/schema\/logo\/image\/"},"sameAs":["https:\/\/www.facebook.com\/RepliqueMangaCine","https:\/\/www.instagram.com\/repliquemangacine.fr\/"]}]}},"_links":{"self":[{"href":"https:\/\/repliquemangacine.fr\/es\/wp-json\/wp\/v2\/product\/25316","targetHints":{"allow":["GET"]}}],"collection":[{"href":"https:\/\/repliquemangacine.fr\/es\/wp-json\/wp\/v2\/product"}],"about":[{"href":"https:\/\/repliquemangacine.fr\/es\/wp-json\/wp\/v2\/types\/product"}],"wp:featuredmedia":[{"embeddable":true,"href":"https:\/\/repliquemangacine.fr\/es\/wp-json\/wp\/v2\/media\/25317"}],"wp:attachment":[{"href":"https:\/\/repliquemangacine.fr\/es\/wp-json\/wp\/v2\/media?parent=25316"}],"wp:term":[{"taxonomy":"product_brand","embeddable":true,"href":"https:\/\/repliquemangacine.fr\/es\/wp-json\/wp\/v2\/product_brand?post=25316"},{"taxonomy":"product_cat","embeddable":true,"href":"https:\/\/repliquemangacine.fr\/es\/wp-json\/wp\/v2\/product_cat?post=25316"},{"taxonomy":"product_tag","embeddable":true,"href":"https:\/\/repliquemangacine.fr\/es\/wp-json\/wp\/v2\/product_tag?post=25316"}],"curies":[{"name":"wp","href":"https:\/\/api.w.org\/{rel}","templated":true}]}}