





{"id":25309,"date":"2016-08-22T18:09:40","date_gmt":"2016-08-22T16:09:40","guid":{"rendered":"https:\/\/repliquemangacine.fr\/?post_type=product&#038;p=25309"},"modified":"2026-04-14T12:24:35","modified_gmt":"2026-04-14T10:24:35","slug":"katana-rukia-zanpakuto-shirayuki-rukia-kuchiki","status":"publish","type":"product","link":"https:\/\/repliquemangacine.fr\/es\/katana-bleach\/katana-rukia-zanpakuto-shirayuki-rukia-kuchiki\/","title":{"rendered":"Katana Rukia Shirayuki"},"content":{"rendered":"<h2>Katana Rukia Zanpakuto Shirayuki en Bleach<\/h2>\n<p>Para empezar, el <strong>Katana Rukia Zanpakuto Shirayuki<\/strong> es liberado por Rukia al pronunciar la siguiente aria: Danza.<\/p>\n<p>Rukia Kuchiki es la Shinigami que permiti\u00f3 a Ichigo Kurosaki obtener sus poderes de Shinigami por primera vez. Oficial de la 13.\u00aa Divisi\u00f3n bajo las \u00f3rdenes de J\u016bshir\u014d Ukitake, fue condenada a muerte por la Soul Society por haberle dado sus poderes a Ichigo, antes de ser absuelta.<\/p>\n<p><a href=\"https:\/\/bleach.fandom.com\/fr\/wiki\/Rukia_Kuchiki#_Zanpakut\u014d\" target=\"_blank\" rel=\"noopener noreferrer\">Rukia<\/a> es una excelente espadachina, como demuestran sus numerosos combates, combinando gracia y eficacia de forma brillante en la mayor\u00eda de los casos. Sode no Shirayuki (Mango de Nieve Blanca), considerado el Zanpakuto m\u00e1s bello de la Sociedad de Almas. Cuando se libera, se asemeja a una katana totalmente blanca con una cinta sujeta al pomo.<\/p>\n<h2>Tu Katana Rukia Zanpakuto Shirayuki al mejor precio.<\/h2>\n<p>Te traemos todas las frases de tus personajes favoritos en este manga anime de Bleach.<\/p>\n<p>Lo primero y m\u00e1s importante,<\/p>\n<ul>\n<li>Le <a href=\"https:\/\/repliquemangacine.fr\/es\/lejia\/katana-bleach-bankai-ichigo-v3-140cm\/\">Banka\u00ef d'Ichigo V3 140cm<\/a>, la forma alternativa del bankai, el zanpakuto Getsuga Tensh\u014d Ultimate.<\/li>\n<li>As\u00ed como el <a href=\"https:\/\/repliquemangacine.fr\/es\/blanqueador-katana\/katana-byakuya-senbonzakura-bleach-epee-bleach\/\">La katana de Byakuya<\/a> senbozakura con su vaina todo vestido de blanco<\/li>\n<li>Tambi\u00e9n existe la <a href=\"https:\/\/repliquemangacine.fr\/es\/lejia\/katana-bleach-epee-de-kenpachi-nozarashi\/\">katana de Zaraki Kenpachi<\/a>el Nozarashi (Tormenta Cicatrizada) y su hoja desgastada.<\/li>\n<li>Y muchos m\u00e1s por descubrir en nuestra tienda en l\u00ednea.<\/li>\n<\/ul>\n<p>Aqu\u00ed tienes algunas ideas para regalar a los fans de Bleach.<\/p>\n<p>En conclusi\u00f3n, puede utilizar este <strong>Katana Rukia Zanpakuto Shirayuki<\/strong> para tus desfiles de cosplay. Pero sobre todo, la Katana Rukia es tambi\u00e9n una pieza de coleccionista y una pieza decorativa.<\/p>\n<h2>\u00bfC\u00f3mo se mantiene la hoja de la katana Bleach?<\/h2>\n<p>Las katanas de colecci\u00f3n y decorativas se fabrican y ensamblan de forma simplificada. Como su uso es decorativo, no cuentan con los elementos de seguridad exigidos a una espada japonesa destinada al entrenamiento.<\/p>\n<p>Sin embargo, su <strong>katana Rukia zanpakuto Shirayuki<\/strong> a una hoja de acero que hay que cuidar para evitar que se estropee con el tiempo. Cuando exponga su katana, sus amigos sentir\u00e1n curiosidad por ver la hoja y tocarla. Aqu\u00ed es donde hay que tener cuidado, ya que la acidez de los dedos es muy perjudicial para el acero, sea cual sea su calidad.<\/p>\n<p>Sin embargo, si esto ocurre, no te asustes: basta con un pa\u00f1o humedecido con un poco de aceite y limpiar las huellas. Si haces esto, tu espada durar\u00e1 mucho tiempo.<\/p>","protected":false},"excerpt":{"rendered":"<p>El Zanpakut\u00f4 m\u00e1s bello, el shikai de Rukia cumple todas sus promesas.<\/p>\n<ul>\n<li>Hoja de acero inoxidable 440.<\/li>\n<li>Funda lacada en blanco.<\/li>\n<li>Mango recubierto de trenza de algod\u00f3n.<\/li>\n<li>Protector met\u00e1lico.<\/li>\n<li>Cinta larga de raso blanco.<\/li>\n<li>Longitud de la hoja: 68 cm - Longitud total: 112 cm<\/li>\n<\/ul>","protected":false},"featured_media":25310,"template":"","meta":[],"product_brand":[896],"product_cat":[30,23],"product_tag":[],"class_list":{"0":"post-25309","1":"product","2":"type-product","3":"status-publish","4":"has-post-thumbnail","6":"product_brand-replique-manga-cine","7":"product_cat-katana-bleach","8":"product_cat-repliques-manga-jeux-video","10":"first","11":"instock","12":"taxable","13":"shipping-taxable","14":"purchasable","15":"product-type-simple"},"yoast_head":"<!-- This site is optimized with the Yoast SEO plugin v27.4 - https:\/\/yoast.com\/product\/yoast-seo-wordpress\/ -->\n<title>Katana Rukia Zanpakuto Shirayuki - Boutique en ligne | RMC<\/title>\n<meta name=\"description\" content=\"Achetez vite ! Le Katana Rukia Zanpakuto Shirayuki au meilleur prix. Lame en acier - Fourreau laqu\u00e9 blanc- Longueur totale : 112 cm - Envoi 24\/48h\" \/>\n<meta name=\"robots\" content=\"index, follow, max-snippet:-1, max-image-preview:large, max-video-preview:-1\" \/>\n<link rel=\"canonical\" href=\"https:\/\/repliquemangacine.fr\/es\/blanqueador-katana\/katana-rukia-zanpakuto-shirayuki-rukia-kuchiki\/\" \/>\n<meta property=\"og:locale\" content=\"es_ES\" \/>\n<meta property=\"og:type\" content=\"article\" \/>\n<meta property=\"og:title\" content=\"Katana Rukia Zanpakuto Shirayuki - Boutique en ligne | RMC\" \/>\n<meta property=\"og:description\" content=\"Achetez vite ! Le Katana Rukia Zanpakuto Shirayuki au meilleur prix. Lame en acier - Fourreau laqu\u00e9 blanc- Longueur totale : 112 cm - Envoi 24\/48h\" \/>\n<meta property=\"og:url\" content=\"https:\/\/repliquemangacine.fr\/es\/blanqueador-katana\/katana-rukia-zanpakuto-shirayuki-rukia-kuchiki\/\" \/>\n<meta property=\"og:site_name\" content=\"R\u00e9plique Manga Cin\u00e9\" \/>\n<meta property=\"article:publisher\" content=\"https:\/\/www.facebook.com\/RepliqueMangaCine\" \/>\n<meta property=\"article:modified_time\" content=\"2026-04-14T10:24:35+00:00\" \/>\n<meta property=\"og:image\" content=\"https:\/\/repliquemangacine.fr\/wp-content\/uploads\/2023\/10\/124-Katana-Rukia-Kuchiki.jpg\" \/>\n\t<meta property=\"og:image:width\" content=\"800\" \/>\n\t<meta property=\"og:image:height\" content=\"800\" \/>\n\t<meta property=\"og:image:type\" content=\"image\/jpeg\" \/>\n<meta name=\"twitter:card\" content=\"summary_large_image\" \/>\n<meta name=\"twitter:label1\" content=\"Tiempo de lectura\" \/>\n\t<meta name=\"twitter:data1\" content=\"2 minutos\" \/>\n<script type=\"application\/ld+json\" class=\"yoast-schema-graph\">{\"@context\":\"https:\\\/\\\/schema.org\",\"@graph\":[{\"@type\":\"WebPage\",\"@id\":\"https:\\\/\\\/repliquemangacine.fr\\\/katana-bleach\\\/katana-rukia-zanpakuto-shirayuki-rukia-kuchiki\\\/\",\"url\":\"https:\\\/\\\/repliquemangacine.fr\\\/katana-bleach\\\/katana-rukia-zanpakuto-shirayuki-rukia-kuchiki\\\/\",\"name\":\"Katana Rukia Zanpakuto Shirayuki - Boutique en ligne | RMC\",\"isPartOf\":{\"@id\":\"https:\\\/\\\/repliquemangacine.fr\\\/#website\"},\"primaryImageOfPage\":{\"@id\":\"https:\\\/\\\/repliquemangacine.fr\\\/katana-bleach\\\/katana-rukia-zanpakuto-shirayuki-rukia-kuchiki\\\/#primaryimage\"},\"image\":{\"@id\":\"https:\\\/\\\/repliquemangacine.fr\\\/katana-bleach\\\/katana-rukia-zanpakuto-shirayuki-rukia-kuchiki\\\/#primaryimage\"},\"thumbnailUrl\":\"https:\\\/\\\/repliquemangacine.fr\\\/wp-content\\\/uploads\\\/2023\\\/10\\\/124-Katana-Rukia-Kuchiki.jpg\",\"datePublished\":\"2016-08-22T16:09:40+00:00\",\"dateModified\":\"2026-04-14T10:24:35+00:00\",\"description\":\"Achetez vite ! Le Katana Rukia Zanpakuto Shirayuki au meilleur prix. Lame en acier - Fourreau laqu\u00e9 blanc- Longueur totale : 112 cm - Envoi 24\\\/48h\",\"breadcrumb\":{\"@id\":\"https:\\\/\\\/repliquemangacine.fr\\\/katana-bleach\\\/katana-rukia-zanpakuto-shirayuki-rukia-kuchiki\\\/#breadcrumb\"},\"inLanguage\":\"es\",\"potentialAction\":[{\"@type\":\"ReadAction\",\"target\":[\"https:\\\/\\\/repliquemangacine.fr\\\/katana-bleach\\\/katana-rukia-zanpakuto-shirayuki-rukia-kuchiki\\\/\"]}]},{\"@type\":\"ImageObject\",\"inLanguage\":\"es\",\"@id\":\"https:\\\/\\\/repliquemangacine.fr\\\/katana-bleach\\\/katana-rukia-zanpakuto-shirayuki-rukia-kuchiki\\\/#primaryimage\",\"url\":\"https:\\\/\\\/repliquemangacine.fr\\\/wp-content\\\/uploads\\\/2023\\\/10\\\/124-Katana-Rukia-Kuchiki.jpg\",\"contentUrl\":\"https:\\\/\\\/repliquemangacine.fr\\\/wp-content\\\/uploads\\\/2023\\\/10\\\/124-Katana-Rukia-Kuchiki.jpg\",\"width\":800,\"height\":800,\"caption\":\"Rukia Kuchiki\"},{\"@type\":\"BreadcrumbList\",\"@id\":\"https:\\\/\\\/repliquemangacine.fr\\\/katana-bleach\\\/katana-rukia-zanpakuto-shirayuki-rukia-kuchiki\\\/#breadcrumb\",\"itemListElement\":[{\"@type\":\"ListItem\",\"position\":1,\"name\":\"Accueil\",\"item\":\"https:\\\/\\\/repliquemangacine.fr\\\/\"},{\"@type\":\"ListItem\",\"position\":2,\"name\":\"Produits\",\"item\":\"https:\\\/\\\/repliquemangacine.fr\\\/boutique\\\/\"},{\"@type\":\"ListItem\",\"position\":3,\"name\":\"Katana Rukia Shirayuki\"}]},{\"@type\":\"WebSite\",\"@id\":\"https:\\\/\\\/repliquemangacine.fr\\\/#website\",\"url\":\"https:\\\/\\\/repliquemangacine.fr\\\/\",\"name\":\"R\u00e9plique Manga Cin\u00e9\",\"description\":\"\",\"publisher\":{\"@id\":\"https:\\\/\\\/repliquemangacine.fr\\\/#organization\"},\"potentialAction\":[{\"@type\":\"SearchAction\",\"target\":{\"@type\":\"EntryPoint\",\"urlTemplate\":\"https:\\\/\\\/repliquemangacine.fr\\\/?s={search_term_string}\"},\"query-input\":{\"@type\":\"PropertyValueSpecification\",\"valueRequired\":true,\"valueName\":\"search_term_string\"}}],\"inLanguage\":\"es\"},{\"@type\":\"Organization\",\"@id\":\"https:\\\/\\\/repliquemangacine.fr\\\/#organization\",\"name\":\"R\u00e9plique Manga Cin\u00e9\",\"url\":\"https:\\\/\\\/repliquemangacine.fr\\\/\",\"logo\":{\"@type\":\"ImageObject\",\"inLanguage\":\"es\",\"@id\":\"https:\\\/\\\/repliquemangacine.fr\\\/#\\\/schema\\\/logo\\\/image\\\/\",\"url\":\"https:\\\/\\\/repliquemangacine.fr\\\/wp-content\\\/uploads\\\/2023\\\/10\\\/RMC-500250.png\",\"contentUrl\":\"https:\\\/\\\/repliquemangacine.fr\\\/wp-content\\\/uploads\\\/2023\\\/10\\\/RMC-500250.png\",\"width\":500,\"height\":250,\"caption\":\"R\u00e9plique Manga Cin\u00e9\"},\"image\":{\"@id\":\"https:\\\/\\\/repliquemangacine.fr\\\/#\\\/schema\\\/logo\\\/image\\\/\"},\"sameAs\":[\"https:\\\/\\\/www.facebook.com\\\/RepliqueMangaCine\",\"https:\\\/\\\/www.instagram.com\\\/repliquemangacine.fr\\\/\"]}]}<\/script>\n<!-- \/ Yoast SEO plugin. -->","yoast_head_json":{"title":"Katana Rukia Zanpakuto Shirayuki - Tienda Online | RMC","description":"Comprar ahora La Katana Rukia Zanpakuto Shirayuki al mejor precio. Hoja de acero - Vaina lacada blanca - Longitud total: 112 cm - Env\u00edo 24\/48h","robots":{"index":"index","follow":"follow","max-snippet":"max-snippet:-1","max-image-preview":"max-image-preview:large","max-video-preview":"max-video-preview:-1"},"canonical":"https:\/\/repliquemangacine.fr\/es\/blanqueador-katana\/katana-rukia-zanpakuto-shirayuki-rukia-kuchiki\/","og_locale":"es_ES","og_type":"article","og_title":"Katana Rukia Zanpakuto Shirayuki - Boutique en ligne | RMC","og_description":"Achetez vite ! Le Katana Rukia Zanpakuto Shirayuki au meilleur prix. Lame en acier - Fourreau laqu\u00e9 blanc- Longueur totale : 112 cm - Envoi 24\/48h","og_url":"https:\/\/repliquemangacine.fr\/es\/blanqueador-katana\/katana-rukia-zanpakuto-shirayuki-rukia-kuchiki\/","og_site_name":"R\u00e9plique Manga Cin\u00e9","article_publisher":"https:\/\/www.facebook.com\/RepliqueMangaCine","article_modified_time":"2026-04-14T10:24:35+00:00","og_image":[{"width":800,"height":800,"url":"https:\/\/repliquemangacine.fr\/wp-content\/uploads\/2023\/10\/124-Katana-Rukia-Kuchiki.jpg","type":"image\/jpeg"}],"twitter_card":"summary_large_image","twitter_misc":{"Tiempo de lectura":"2 minutos"},"schema":{"@context":"https:\/\/schema.org","@graph":[{"@type":"WebPage","@id":"https:\/\/repliquemangacine.fr\/katana-bleach\/katana-rukia-zanpakuto-shirayuki-rukia-kuchiki\/","url":"https:\/\/repliquemangacine.fr\/katana-bleach\/katana-rukia-zanpakuto-shirayuki-rukia-kuchiki\/","name":"Katana Rukia Zanpakuto Shirayuki - Tienda Online | RMC","isPartOf":{"@id":"https:\/\/repliquemangacine.fr\/#website"},"primaryImageOfPage":{"@id":"https:\/\/repliquemangacine.fr\/katana-bleach\/katana-rukia-zanpakuto-shirayuki-rukia-kuchiki\/#primaryimage"},"image":{"@id":"https:\/\/repliquemangacine.fr\/katana-bleach\/katana-rukia-zanpakuto-shirayuki-rukia-kuchiki\/#primaryimage"},"thumbnailUrl":"https:\/\/repliquemangacine.fr\/wp-content\/uploads\/2023\/10\/124-Katana-Rukia-Kuchiki.jpg","datePublished":"2016-08-22T16:09:40+00:00","dateModified":"2026-04-14T10:24:35+00:00","description":"Comprar ahora La Katana Rukia Zanpakuto Shirayuki al mejor precio. Hoja de acero - Vaina lacada blanca - Longitud total: 112 cm - Env\u00edo 24\/48h","breadcrumb":{"@id":"https:\/\/repliquemangacine.fr\/katana-bleach\/katana-rukia-zanpakuto-shirayuki-rukia-kuchiki\/#breadcrumb"},"inLanguage":"es","potentialAction":[{"@type":"ReadAction","target":["https:\/\/repliquemangacine.fr\/katana-bleach\/katana-rukia-zanpakuto-shirayuki-rukia-kuchiki\/"]}]},{"@type":"ImageObject","inLanguage":"es","@id":"https:\/\/repliquemangacine.fr\/katana-bleach\/katana-rukia-zanpakuto-shirayuki-rukia-kuchiki\/#primaryimage","url":"https:\/\/repliquemangacine.fr\/wp-content\/uploads\/2023\/10\/124-Katana-Rukia-Kuchiki.jpg","contentUrl":"https:\/\/repliquemangacine.fr\/wp-content\/uploads\/2023\/10\/124-Katana-Rukia-Kuchiki.jpg","width":800,"height":800,"caption":"Rukia Kuchiki"},{"@type":"BreadcrumbList","@id":"https:\/\/repliquemangacine.fr\/katana-bleach\/katana-rukia-zanpakuto-shirayuki-rukia-kuchiki\/#breadcrumb","itemListElement":[{"@type":"ListItem","position":1,"name":"Accueil","item":"https:\/\/repliquemangacine.fr\/"},{"@type":"ListItem","position":2,"name":"Produits","item":"https:\/\/repliquemangacine.fr\/boutique\/"},{"@type":"ListItem","position":3,"name":"Katana Rukia Shirayuki"}]},{"@type":"WebSite","@id":"https:\/\/repliquemangacine.fr\/#website","url":"https:\/\/repliquemangacine.fr\/","name":"R\u00e9plique Manga Cin\u00e9","description":"","publisher":{"@id":"https:\/\/repliquemangacine.fr\/#organization"},"potentialAction":[{"@type":"SearchAction","target":{"@type":"EntryPoint","urlTemplate":"https:\/\/repliquemangacine.fr\/?s={search_term_string}"},"query-input":{"@type":"PropertyValueSpecification","valueRequired":true,"valueName":"search_term_string"}}],"inLanguage":"es"},{"@type":"Organization","@id":"https:\/\/repliquemangacine.fr\/#organization","name":"R\u00e9plique Manga Cin\u00e9","url":"https:\/\/repliquemangacine.fr\/","logo":{"@type":"ImageObject","inLanguage":"es","@id":"https:\/\/repliquemangacine.fr\/#\/schema\/logo\/image\/","url":"https:\/\/repliquemangacine.fr\/wp-content\/uploads\/2023\/10\/RMC-500250.png","contentUrl":"https:\/\/repliquemangacine.fr\/wp-content\/uploads\/2023\/10\/RMC-500250.png","width":500,"height":250,"caption":"R\u00e9plique Manga Cin\u00e9"},"image":{"@id":"https:\/\/repliquemangacine.fr\/#\/schema\/logo\/image\/"},"sameAs":["https:\/\/www.facebook.com\/RepliqueMangaCine","https:\/\/www.instagram.com\/repliquemangacine.fr\/"]}]}},"_links":{"self":[{"href":"https:\/\/repliquemangacine.fr\/es\/wp-json\/wp\/v2\/product\/25309","targetHints":{"allow":["GET"]}}],"collection":[{"href":"https:\/\/repliquemangacine.fr\/es\/wp-json\/wp\/v2\/product"}],"about":[{"href":"https:\/\/repliquemangacine.fr\/es\/wp-json\/wp\/v2\/types\/product"}],"wp:featuredmedia":[{"embeddable":true,"href":"https:\/\/repliquemangacine.fr\/es\/wp-json\/wp\/v2\/media\/25310"}],"wp:attachment":[{"href":"https:\/\/repliquemangacine.fr\/es\/wp-json\/wp\/v2\/media?parent=25309"}],"wp:term":[{"taxonomy":"product_brand","embeddable":true,"href":"https:\/\/repliquemangacine.fr\/es\/wp-json\/wp\/v2\/product_brand?post=25309"},{"taxonomy":"product_cat","embeddable":true,"href":"https:\/\/repliquemangacine.fr\/es\/wp-json\/wp\/v2\/product_cat?post=25309"},{"taxonomy":"product_tag","embeddable":true,"href":"https:\/\/repliquemangacine.fr\/es\/wp-json\/wp\/v2\/product_tag?post=25309"}],"curies":[{"name":"wp","href":"https:\/\/api.w.org\/{rel}","templated":true}]}}