





{"id":25303,"date":"2016-08-22T15:56:31","date_gmt":"2016-08-22T13:56:31","guid":{"rendered":"https:\/\/repliquemangacine.fr\/?post_type=product&#038;p=25303"},"modified":"2026-02-11T07:00:59","modified_gmt":"2026-02-11T06:00:59","slug":"katana-de-toshiro-hitsugaya-zanpakuto-hyorinmaru","status":"publish","type":"product","link":"https:\/\/repliquemangacine.fr\/es\/katana-bleach\/katana-de-toshiro-hitsugaya-zanpakuto-hyorinmaru\/","title":{"rendered":"Katana de Toshiro Hitsugaya"},"content":{"rendered":"<h2>Katana de Toshiro Hitsugaya - Zanpakuto Hyorinmaru en Bleach<\/h2>\n<p>Para empezar, el <strong>Katana de Toshiro Hitsugaya<\/strong> es el Hyorinmaru zanpakuto. Es el m\u00e1s fuerte de todos los Zanpakut\u014d de Hielo de toda la Sociedad de Almas.La espada es un poco m\u00e1s larga que la mayor\u00eda de los Zanpakut\u014d. Esto hace que sea m\u00e1s alta que Hitsugaya, lo que le impide llevarla en la cadera. Por esta raz\u00f3n, Hitsugaya en su lugar la lleva a la espalda por su cintur\u00f3n verde en el hombro derecho.<\/p>\n<p>Toshiro Hitsugaya es el capit\u00e1n m\u00e1s joven de las 13 Divisiones. Tiene un inmenso talento para el combate.<\/p>\n<p>Hitsugaya posee un gran Poder Espiritual as\u00ed como un Zanpakut\u014d muy poderoso, el m\u00e1s fuerte de los Zanpakut\u014ds de hielo, <a href=\"https:\/\/bleach.fandom.com\/fr\/wiki\/T\u00f4shir\u00f4_Hitsugaya?so=search#Zanpakut\u014d\" target=\"_blank\" rel=\"noopener noreferrer\">Hy\u014drinmaru<\/a>.  Su nivel seguir\u00e1 subiendo a lo largo de la historia, hasta convertirse en uno de los Shinigami m\u00e1s poderosos durante la Guerra Sangrienta del Milenio.<\/p>\n<h2>Tu katana Toshiro Hitsugaya al mejor precio.<\/h2>\n<p>Te traemos todas las frases de tus personajes favoritos en este manga anime de Bleach.<\/p>\n<p>Lo primero y m\u00e1s importante,<\/p>\n<ul>\n<li>La primera <a href=\"https:\/\/repliquemangacine.fr\/es\/blanqueador-katana\/katana-tensa-zangetsu-v2-bankai-ichigo\/\">bankai d'ichigo<\/a>la versi\u00f3n larga de Tensa Zangetsu.<\/li>\n<li>Pero tambi\u00e9n encontrar\u00e1s la versi\u00f3n m\u00e1s corta y la versi\u00f3n con la guardia diferente.<\/li>\n<li>Tambi\u00e9n est\u00e1 Banka\u00ef <a href=\"https:\/\/repliquemangacine.fr\/es\/lejia\/dernier-bankai-ichigo-tensa-zangetsu-v3-104cm\/\">Tensa Zangetsu V3<\/a>Esta es una forma alternativa del bankai de Ichigo.<\/li>\n<li>Y muchos m\u00e1s por descubrir en nuestra tienda en l\u00ednea.<\/li>\n<\/ul>\n<p>Aqu\u00ed tienes algunas ideas para regalar a los fans de Bleach.<\/p>\n<p>En conclusi\u00f3n, puede utilizar este <strong>Katana de Toshiro Hitsugaya<\/strong> para tus desfiles de cosplay. Pero, sobre todo, el Zanpakuto Hy\u014drinmaru es tambi\u00e9n un objeto de coleccionista y una pieza decorativa.<\/p>\n<h2>\u00bfC\u00f3mo se mantiene la hoja de la katana Bleach?<\/h2>\n<p>Las katanas de colecci\u00f3n y decorativas se fabrican y ensamblan de forma simplificada. Como su uso es decorativo, no cuentan con los elementos de seguridad exigidos a una espada japonesa destinada al entrenamiento.<\/p>\n<p>Sin embargo, su<strong> katana de Toshiro Hitsugaya<\/strong> a una hoja de acero que hay que cuidar para evitar que se estropee con el tiempo. Cuando exponga su katana, sus amigos sentir\u00e1n curiosidad por ver la hoja y tocarla. Aqu\u00ed es donde hay que tener cuidado, ya que la acidez de los dedos es muy perjudicial para el acero, sea cual sea su calidad.<\/p>\n<p>Sin embargo, si esto ocurre, no te asustes: basta con un pa\u00f1o humedecido con un poco de aceite y limpiar las huellas. Si haces esto, tu espada durar\u00e1 mucho tiempo.<\/p>","protected":false},"excerpt":{"rendered":"<p>Katana Hitsugaya Toshiro, Zanpakuto Hyorinmaru<\/p>\n<ul>\n<li>Hoja de acero sin afilar.<\/li>\n<li>Empu\u00f1adura de lat\u00f3n de 4 puntas.<\/li>\n<li>Vaina de madera negra.<\/li>\n<li>Mango recubierto de trenza de algod\u00f3n azul.<\/li>\n<li>Bandolera de tela verde con medall\u00f3n de lat\u00f3n.<\/li>\n<li>Longitud de la hoja: 69 cm - Longitud total: 103 cm<\/li>\n<\/ul>","protected":false},"featured_media":25304,"template":"","meta":[],"product_brand":[896],"product_cat":[30,23],"product_tag":[],"class_list":{"0":"post-25303","1":"product","2":"type-product","3":"status-publish","4":"has-post-thumbnail","6":"product_brand-replique-manga-cine","7":"product_cat-katana-bleach","8":"product_cat-repliques-manga-jeux-video","10":"first","11":"instock","12":"taxable","13":"shipping-taxable","14":"purchasable","15":"product-type-simple"},"yoast_head":"<!-- This site is optimized with the Yoast SEO plugin v27.4 - https:\/\/yoast.com\/product\/yoast-seo-wordpress\/ -->\n<title>Katana de Toshiro Hitsugaya Hyorinmaru - Boutique en ligne - RMC<\/title>\n<meta name=\"description\" content=\"Commandez le Katana de Toshiro Hitsugaya, Zanpakuto Hyorinmaru dans Bleach au meilleur prix. Lame acier de 69cm - Longueur totale : 103cm - Envoi 24\/48h\" \/>\n<meta name=\"robots\" content=\"index, follow, max-snippet:-1, max-image-preview:large, max-video-preview:-1\" \/>\n<link rel=\"canonical\" href=\"https:\/\/repliquemangacine.fr\/es\/blanqueador-katana\/katana-de-toshiro-hitsugaya-zanpakuto-hyorinmaru\/\" \/>\n<meta property=\"og:locale\" content=\"es_ES\" \/>\n<meta property=\"og:type\" content=\"article\" \/>\n<meta property=\"og:title\" content=\"Katana de Toshiro Hitsugaya Hyorinmaru - Boutique en ligne - RMC\" \/>\n<meta property=\"og:description\" content=\"Commandez le Katana de Toshiro Hitsugaya, Zanpakuto Hyorinmaru dans Bleach au meilleur prix. Lame acier de 69cm - Longueur totale : 103cm - Envoi 24\/48h\" \/>\n<meta property=\"og:url\" content=\"https:\/\/repliquemangacine.fr\/es\/blanqueador-katana\/katana-de-toshiro-hitsugaya-zanpakuto-hyorinmaru\/\" \/>\n<meta property=\"og:site_name\" content=\"R\u00e9plique Manga Cin\u00e9\" \/>\n<meta property=\"article:publisher\" content=\"https:\/\/www.facebook.com\/RepliqueMangaCine\" \/>\n<meta property=\"article:modified_time\" content=\"2026-02-11T06:00:59+00:00\" \/>\n<meta property=\"og:image\" content=\"https:\/\/repliquemangacine.fr\/wp-content\/uploads\/2023\/10\/118-katana-Hitsugaya-Toshiro.jpg\" \/>\n\t<meta property=\"og:image:width\" content=\"800\" \/>\n\t<meta property=\"og:image:height\" content=\"800\" \/>\n\t<meta property=\"og:image:type\" content=\"image\/jpeg\" \/>\n<meta name=\"twitter:card\" content=\"summary_large_image\" \/>\n<meta name=\"twitter:label1\" content=\"Tiempo de lectura\" \/>\n\t<meta name=\"twitter:data1\" content=\"3 minutos\" \/>\n<script type=\"application\/ld+json\" class=\"yoast-schema-graph\">{\"@context\":\"https:\\\/\\\/schema.org\",\"@graph\":[{\"@type\":\"WebPage\",\"@id\":\"https:\\\/\\\/repliquemangacine.fr\\\/katana-bleach\\\/katana-de-toshiro-hitsugaya-zanpakuto-hyorinmaru\\\/\",\"url\":\"https:\\\/\\\/repliquemangacine.fr\\\/katana-bleach\\\/katana-de-toshiro-hitsugaya-zanpakuto-hyorinmaru\\\/\",\"name\":\"Katana de Toshiro Hitsugaya Hyorinmaru - Boutique en ligne - RMC\",\"isPartOf\":{\"@id\":\"https:\\\/\\\/repliquemangacine.fr\\\/#website\"},\"primaryImageOfPage\":{\"@id\":\"https:\\\/\\\/repliquemangacine.fr\\\/katana-bleach\\\/katana-de-toshiro-hitsugaya-zanpakuto-hyorinmaru\\\/#primaryimage\"},\"image\":{\"@id\":\"https:\\\/\\\/repliquemangacine.fr\\\/katana-bleach\\\/katana-de-toshiro-hitsugaya-zanpakuto-hyorinmaru\\\/#primaryimage\"},\"thumbnailUrl\":\"https:\\\/\\\/repliquemangacine.fr\\\/wp-content\\\/uploads\\\/2023\\\/10\\\/118-katana-Hitsugaya-Toshiro.jpg\",\"datePublished\":\"2016-08-22T13:56:31+00:00\",\"dateModified\":\"2026-02-11T06:00:59+00:00\",\"description\":\"Commandez le Katana de Toshiro Hitsugaya, Zanpakuto Hyorinmaru dans Bleach au meilleur prix. Lame acier de 69cm - Longueur totale : 103cm - Envoi 24\\\/48h\",\"breadcrumb\":{\"@id\":\"https:\\\/\\\/repliquemangacine.fr\\\/katana-bleach\\\/katana-de-toshiro-hitsugaya-zanpakuto-hyorinmaru\\\/#breadcrumb\"},\"inLanguage\":\"es\",\"potentialAction\":[{\"@type\":\"ReadAction\",\"target\":[\"https:\\\/\\\/repliquemangacine.fr\\\/katana-bleach\\\/katana-de-toshiro-hitsugaya-zanpakuto-hyorinmaru\\\/\"]}]},{\"@type\":\"ImageObject\",\"inLanguage\":\"es\",\"@id\":\"https:\\\/\\\/repliquemangacine.fr\\\/katana-bleach\\\/katana-de-toshiro-hitsugaya-zanpakuto-hyorinmaru\\\/#primaryimage\",\"url\":\"https:\\\/\\\/repliquemangacine.fr\\\/wp-content\\\/uploads\\\/2023\\\/10\\\/118-katana-Hitsugaya-Toshiro.jpg\",\"contentUrl\":\"https:\\\/\\\/repliquemangacine.fr\\\/wp-content\\\/uploads\\\/2023\\\/10\\\/118-katana-Hitsugaya-Toshiro.jpg\",\"width\":800,\"height\":800,\"caption\":\"katana Hitsugaya Toshiro\"},{\"@type\":\"BreadcrumbList\",\"@id\":\"https:\\\/\\\/repliquemangacine.fr\\\/katana-bleach\\\/katana-de-toshiro-hitsugaya-zanpakuto-hyorinmaru\\\/#breadcrumb\",\"itemListElement\":[{\"@type\":\"ListItem\",\"position\":1,\"name\":\"Accueil\",\"item\":\"https:\\\/\\\/repliquemangacine.fr\\\/\"},{\"@type\":\"ListItem\",\"position\":2,\"name\":\"Produits\",\"item\":\"https:\\\/\\\/repliquemangacine.fr\\\/boutique\\\/\"},{\"@type\":\"ListItem\",\"position\":3,\"name\":\"Katana de Toshiro Hitsugaya\"}]},{\"@type\":\"WebSite\",\"@id\":\"https:\\\/\\\/repliquemangacine.fr\\\/#website\",\"url\":\"https:\\\/\\\/repliquemangacine.fr\\\/\",\"name\":\"R\u00e9plique Manga Cin\u00e9\",\"description\":\"\",\"publisher\":{\"@id\":\"https:\\\/\\\/repliquemangacine.fr\\\/#organization\"},\"potentialAction\":[{\"@type\":\"SearchAction\",\"target\":{\"@type\":\"EntryPoint\",\"urlTemplate\":\"https:\\\/\\\/repliquemangacine.fr\\\/?s={search_term_string}\"},\"query-input\":{\"@type\":\"PropertyValueSpecification\",\"valueRequired\":true,\"valueName\":\"search_term_string\"}}],\"inLanguage\":\"es\"},{\"@type\":\"Organization\",\"@id\":\"https:\\\/\\\/repliquemangacine.fr\\\/#organization\",\"name\":\"R\u00e9plique Manga Cin\u00e9\",\"url\":\"https:\\\/\\\/repliquemangacine.fr\\\/\",\"logo\":{\"@type\":\"ImageObject\",\"inLanguage\":\"es\",\"@id\":\"https:\\\/\\\/repliquemangacine.fr\\\/#\\\/schema\\\/logo\\\/image\\\/\",\"url\":\"https:\\\/\\\/repliquemangacine.fr\\\/wp-content\\\/uploads\\\/2023\\\/10\\\/RMC-500250.png\",\"contentUrl\":\"https:\\\/\\\/repliquemangacine.fr\\\/wp-content\\\/uploads\\\/2023\\\/10\\\/RMC-500250.png\",\"width\":500,\"height\":250,\"caption\":\"R\u00e9plique Manga Cin\u00e9\"},\"image\":{\"@id\":\"https:\\\/\\\/repliquemangacine.fr\\\/#\\\/schema\\\/logo\\\/image\\\/\"},\"sameAs\":[\"https:\\\/\\\/www.facebook.com\\\/RepliqueMangaCine\",\"https:\\\/\\\/www.instagram.com\\\/repliquemangacine.fr\\\/\"]}]}<\/script>\n<!-- \/ Yoast SEO plugin. -->","yoast_head_json":{"title":"Katana de Toshiro Hitsugaya Hyorinmaru - Tienda online - RMC","description":"Comprar Katana de Toshiro Hitsugaya, Zanpakuto Hyorinmaru en Bleach al mejor precio. 69cm hoja de acero - Longitud total: 103cm - Env\u00edo 24\/48h","robots":{"index":"index","follow":"follow","max-snippet":"max-snippet:-1","max-image-preview":"max-image-preview:large","max-video-preview":"max-video-preview:-1"},"canonical":"https:\/\/repliquemangacine.fr\/es\/blanqueador-katana\/katana-de-toshiro-hitsugaya-zanpakuto-hyorinmaru\/","og_locale":"es_ES","og_type":"article","og_title":"Katana de Toshiro Hitsugaya Hyorinmaru - Boutique en ligne - RMC","og_description":"Commandez le Katana de Toshiro Hitsugaya, Zanpakuto Hyorinmaru dans Bleach au meilleur prix. Lame acier de 69cm - Longueur totale : 103cm - Envoi 24\/48h","og_url":"https:\/\/repliquemangacine.fr\/es\/blanqueador-katana\/katana-de-toshiro-hitsugaya-zanpakuto-hyorinmaru\/","og_site_name":"R\u00e9plique Manga Cin\u00e9","article_publisher":"https:\/\/www.facebook.com\/RepliqueMangaCine","article_modified_time":"2026-02-11T06:00:59+00:00","og_image":[{"width":800,"height":800,"url":"https:\/\/repliquemangacine.fr\/wp-content\/uploads\/2023\/10\/118-katana-Hitsugaya-Toshiro.jpg","type":"image\/jpeg"}],"twitter_card":"summary_large_image","twitter_misc":{"Tiempo de lectura":"3 minutos"},"schema":{"@context":"https:\/\/schema.org","@graph":[{"@type":"WebPage","@id":"https:\/\/repliquemangacine.fr\/katana-bleach\/katana-de-toshiro-hitsugaya-zanpakuto-hyorinmaru\/","url":"https:\/\/repliquemangacine.fr\/katana-bleach\/katana-de-toshiro-hitsugaya-zanpakuto-hyorinmaru\/","name":"Katana de Toshiro Hitsugaya Hyorinmaru - Tienda online - RMC","isPartOf":{"@id":"https:\/\/repliquemangacine.fr\/#website"},"primaryImageOfPage":{"@id":"https:\/\/repliquemangacine.fr\/katana-bleach\/katana-de-toshiro-hitsugaya-zanpakuto-hyorinmaru\/#primaryimage"},"image":{"@id":"https:\/\/repliquemangacine.fr\/katana-bleach\/katana-de-toshiro-hitsugaya-zanpakuto-hyorinmaru\/#primaryimage"},"thumbnailUrl":"https:\/\/repliquemangacine.fr\/wp-content\/uploads\/2023\/10\/118-katana-Hitsugaya-Toshiro.jpg","datePublished":"2016-08-22T13:56:31+00:00","dateModified":"2026-02-11T06:00:59+00:00","description":"Comprar Katana de Toshiro Hitsugaya, Zanpakuto Hyorinmaru en Bleach al mejor precio. 69cm hoja de acero - Longitud total: 103cm - Env\u00edo 24\/48h","breadcrumb":{"@id":"https:\/\/repliquemangacine.fr\/katana-bleach\/katana-de-toshiro-hitsugaya-zanpakuto-hyorinmaru\/#breadcrumb"},"inLanguage":"es","potentialAction":[{"@type":"ReadAction","target":["https:\/\/repliquemangacine.fr\/katana-bleach\/katana-de-toshiro-hitsugaya-zanpakuto-hyorinmaru\/"]}]},{"@type":"ImageObject","inLanguage":"es","@id":"https:\/\/repliquemangacine.fr\/katana-bleach\/katana-de-toshiro-hitsugaya-zanpakuto-hyorinmaru\/#primaryimage","url":"https:\/\/repliquemangacine.fr\/wp-content\/uploads\/2023\/10\/118-katana-Hitsugaya-Toshiro.jpg","contentUrl":"https:\/\/repliquemangacine.fr\/wp-content\/uploads\/2023\/10\/118-katana-Hitsugaya-Toshiro.jpg","width":800,"height":800,"caption":"katana Hitsugaya Toshiro"},{"@type":"BreadcrumbList","@id":"https:\/\/repliquemangacine.fr\/katana-bleach\/katana-de-toshiro-hitsugaya-zanpakuto-hyorinmaru\/#breadcrumb","itemListElement":[{"@type":"ListItem","position":1,"name":"Accueil","item":"https:\/\/repliquemangacine.fr\/"},{"@type":"ListItem","position":2,"name":"Produits","item":"https:\/\/repliquemangacine.fr\/boutique\/"},{"@type":"ListItem","position":3,"name":"Katana de Toshiro Hitsugaya"}]},{"@type":"WebSite","@id":"https:\/\/repliquemangacine.fr\/#website","url":"https:\/\/repliquemangacine.fr\/","name":"R\u00e9plique Manga Cin\u00e9","description":"","publisher":{"@id":"https:\/\/repliquemangacine.fr\/#organization"},"potentialAction":[{"@type":"SearchAction","target":{"@type":"EntryPoint","urlTemplate":"https:\/\/repliquemangacine.fr\/?s={search_term_string}"},"query-input":{"@type":"PropertyValueSpecification","valueRequired":true,"valueName":"search_term_string"}}],"inLanguage":"es"},{"@type":"Organization","@id":"https:\/\/repliquemangacine.fr\/#organization","name":"R\u00e9plique Manga Cin\u00e9","url":"https:\/\/repliquemangacine.fr\/","logo":{"@type":"ImageObject","inLanguage":"es","@id":"https:\/\/repliquemangacine.fr\/#\/schema\/logo\/image\/","url":"https:\/\/repliquemangacine.fr\/wp-content\/uploads\/2023\/10\/RMC-500250.png","contentUrl":"https:\/\/repliquemangacine.fr\/wp-content\/uploads\/2023\/10\/RMC-500250.png","width":500,"height":250,"caption":"R\u00e9plique Manga Cin\u00e9"},"image":{"@id":"https:\/\/repliquemangacine.fr\/#\/schema\/logo\/image\/"},"sameAs":["https:\/\/www.facebook.com\/RepliqueMangaCine","https:\/\/www.instagram.com\/repliquemangacine.fr\/"]}]}},"_links":{"self":[{"href":"https:\/\/repliquemangacine.fr\/es\/wp-json\/wp\/v2\/product\/25303","targetHints":{"allow":["GET"]}}],"collection":[{"href":"https:\/\/repliquemangacine.fr\/es\/wp-json\/wp\/v2\/product"}],"about":[{"href":"https:\/\/repliquemangacine.fr\/es\/wp-json\/wp\/v2\/types\/product"}],"wp:featuredmedia":[{"embeddable":true,"href":"https:\/\/repliquemangacine.fr\/es\/wp-json\/wp\/v2\/media\/25304"}],"wp:attachment":[{"href":"https:\/\/repliquemangacine.fr\/es\/wp-json\/wp\/v2\/media?parent=25303"}],"wp:term":[{"taxonomy":"product_brand","embeddable":true,"href":"https:\/\/repliquemangacine.fr\/es\/wp-json\/wp\/v2\/product_brand?post=25303"},{"taxonomy":"product_cat","embeddable":true,"href":"https:\/\/repliquemangacine.fr\/es\/wp-json\/wp\/v2\/product_cat?post=25303"},{"taxonomy":"product_tag","embeddable":true,"href":"https:\/\/repliquemangacine.fr\/es\/wp-json\/wp\/v2\/product_tag?post=25303"}],"curies":[{"name":"wp","href":"https:\/\/api.w.org\/{rel}","templated":true}]}}