





{"id":25297,"date":"2016-08-21T21:58:15","date_gmt":"2016-08-21T19:58:15","guid":{"rendered":"https:\/\/repliquemangacine.fr\/?post_type=product&#038;p=25297"},"modified":"2026-04-14T21:18:11","modified_gmt":"2026-04-14T19:18:11","slug":"bankai-ichigo-v3-140cm","status":"publish","type":"product","link":"https:\/\/repliquemangacine.fr\/es\/katana-bleach\/bankai-ichigo-v3-140cm\/","title":{"rendered":"Banka\u00ef Ichigo V3 140cm"},"content":{"rendered":"<h2>Katana Banka\u00ef Ichigo V3 140cm - Bleach<\/h2>\n<p>Para empezar, el <strong>Katana Banka\u00ef Ichigo V3<\/strong> 140cm, es una forma alternativa del bankai, el Getsuga Tensh\u014d Ultimate zanpakuto. Despu\u00e9s de recuperar sus poderes perdidos a trav\u00e9s de Fullbring, Ichigo recupera su Zanpakuto. En su estado Bankai, sufre cambios como que la hoja es m\u00e1s larga y afilada, completa con dientes. El arma est\u00e1 mucho m\u00e1s afilada.<\/p>\n<p>Con el objetivo de acabar con Aizen, Ichigo entrena en el Dangai (los mundos intermedios) durante 3 meses, que corresponden a 1 hora en el Mundo Real, para aprender la t\u00e9cnica definitiva de su Zanpakut\u014d, el Ultimate Getsuga Tensh\u014d.<\/p>\n<p>A su regreso del Dangai, <a href=\"https:\/\/bleach.fandom.com\/fr\/wiki\/Ichigo_Kurosaki#Zanpakut\u014d\" target=\"_blank\" rel=\"noopener noreferrer\">Ichigo<\/a> ha adquirido una fuerza sin precedentes, capaz de superar la forma final de la fusi\u00f3n de Aizen con H\u00f4gyoku y de resistir a Had\u00f4 #90 con un encantamiento saliendo indemne.<\/p>\n<h2>Tu Katana Banka\u00ef Ichigo V3 al mejor precio.<\/h2>\n<p>Te traemos todas las frases de tus personajes favoritos en este manga anime de Bleach.<\/p>\n<p>Lo primero y m\u00e1s importante,<\/p>\n<ul>\n<li>La primera <a href=\"https:\/\/repliquemangacine.fr\/es\/lejia\/bankai-tensa-zangetsu\/\">bankai d'ichigo<\/a> versi\u00f3n corta, el Tensa Zangetsu.<\/li>\n<li>Pero tambi\u00e9n encontrar\u00e1s la versi\u00f3n m\u00e1s larga y la versi\u00f3n con la guarda diferente.<\/li>\n<li>Tambi\u00e9n existe la<a href=\"https:\/\/repliquemangacine.fr\/es\/lejia\/zanpakuto-shirayuki-shikai-rukia-kuchiki\/\"> La katana de Rukia<\/a>Shirayuki, la Zanpakuto m\u00e1s bella de la Sociedad de Almas.<\/li>\n<li>Y muchos m\u00e1s por descubrir en nuestra tienda en l\u00ednea.<\/li>\n<\/ul>\n<p>Aqu\u00ed tienes algunas ideas para regalar a los fans de Bleach.<\/p>\n<p>En conclusi\u00f3n, puede pedir este <strong>Katana Banka\u00ef Ichigo V3<\/strong> para tus desfiles de cosplay o veladas tem\u00e1ticas. Pero sobre todo, el Tensa Zangetsu 140cm es tambi\u00e9n una pieza de coleccionista y una pieza decorativa.<\/p>\n<h2>\u00bfC\u00f3mo se mantiene la hoja de la katana Bleach?<\/h2>\n<p>Las katanas de colecci\u00f3n y decorativas se fabrican y ensamblan de forma simplificada. Como su uso es decorativo, no cuentan con los elementos de seguridad exigidos a una espada japonesa destinada al entrenamiento.<\/p>\n<p>Sin embargo, su <strong>Katana Banka\u00ef Ichigo V3<\/strong> a una hoja de acero que hay que cuidar para evitar que se estropee con el tiempo. Cuando exponga su katana, sus amigos sentir\u00e1n curiosidad por ver la hoja y tocarla. Aqu\u00ed es donde hay que tener cuidado, ya que la acidez de los dedos es muy perjudicial para el acero, sea cual sea su calidad.<\/p>\n<p>Sin embargo, si esto ocurre, no te asustes: basta con un pa\u00f1o humedecido con un poco de aceite y limpiar las huellas. Si haces esto, tu espada durar\u00e1 mucho tiempo.<\/p>\n<p><strong>\u00a0<\/strong><\/p>","protected":false},"excerpt":{"rendered":"<p>Versi\u00f3n3 del Tensa Zangetsu, zanpakuto Getsuga Tensh\u014d Ultimate.<\/p>\n<ul>\n<li>Hoja muy afilada de acero negro sin afilar con 3 curvas dentadas.<\/li>\n<li>Asa rodeada de trenza de algod\u00f3n negro.<\/li>\n<li>Cadena larga de metal de 150 cm.<\/li>\n<li>Protector met\u00e1lico.<\/li>\n<li>Vaina de madera negra.<\/li>\n<li>Longitud de la hoja: 98 cm - Longitud total: 140 cm<\/li>\n<\/ul>","protected":false},"featured_media":25298,"template":"","meta":[],"product_brand":[896],"product_cat":[30,23],"product_tag":[],"class_list":{"0":"post-25297","1":"product","2":"type-product","3":"status-publish","4":"has-post-thumbnail","6":"product_brand-replique-manga-cine","7":"product_cat-katana-bleach","8":"product_cat-repliques-manga-jeux-video","10":"first","11":"outofstock","12":"taxable","13":"shipping-taxable","14":"purchasable","15":"product-type-simple"},"yoast_head":"<!-- This site is optimized with the Yoast SEO plugin v27.4 - https:\/\/yoast.com\/product\/yoast-seo-wordpress\/ -->\n<title>Katana Banka\u00ef Ichigo V3 - Sabre Bleach - Boutique en ligne | RMC<\/title>\n<meta name=\"description\" content=\"Achetez vite ! Le Katana Banka\u00ef Ichigo V3 140cm dans Bleach au meilleur prix. Lame acier de 98cm - Chaine de 150cm. Longueur du baka\u00ef : 140cm - Envoi 24\/48h\" \/>\n<meta name=\"robots\" content=\"index, follow, max-snippet:-1, max-image-preview:large, max-video-preview:-1\" \/>\n<link rel=\"canonical\" href=\"https:\/\/repliquemangacine.fr\/es\/blanqueador-katana\/bankai-ichigo-v3-140cm\/\" \/>\n<meta property=\"og:locale\" content=\"es_ES\" \/>\n<meta property=\"og:type\" content=\"article\" \/>\n<meta property=\"og:title\" content=\"Katana Banka\u00ef Ichigo V3 - Sabre Bleach - Boutique en ligne | RMC\" \/>\n<meta property=\"og:description\" content=\"Achetez vite ! Le Katana Banka\u00ef Ichigo V3 140cm dans Bleach au meilleur prix. Lame acier de 98cm - Chaine de 150cm. Longueur du baka\u00ef : 140cm - Envoi 24\/48h\" \/>\n<meta property=\"og:url\" content=\"https:\/\/repliquemangacine.fr\/es\/blanqueador-katana\/bankai-ichigo-v3-140cm\/\" \/>\n<meta property=\"og:site_name\" content=\"R\u00e9plique Manga Cin\u00e9\" \/>\n<meta property=\"article:publisher\" content=\"https:\/\/www.facebook.com\/RepliqueMangaCine\" \/>\n<meta property=\"article:modified_time\" content=\"2026-04-14T19:18:11+00:00\" \/>\n<meta property=\"og:image\" content=\"https:\/\/repliquemangacine.fr\/wp-content\/uploads\/2023\/10\/113-Replique-Katana-Bleach-Bankai-ichigo-V3-140cm.jpg\" \/>\n\t<meta property=\"og:image:width\" content=\"800\" \/>\n\t<meta property=\"og:image:height\" content=\"800\" \/>\n\t<meta property=\"og:image:type\" content=\"image\/jpeg\" \/>\n<meta name=\"twitter:card\" content=\"summary_large_image\" \/>\n<meta name=\"twitter:label1\" content=\"Tiempo de lectura\" \/>\n\t<meta name=\"twitter:data1\" content=\"3 minutos\" \/>\n<script type=\"application\/ld+json\" class=\"yoast-schema-graph\">{\"@context\":\"https:\\\/\\\/schema.org\",\"@graph\":[{\"@type\":\"WebPage\",\"@id\":\"https:\\\/\\\/repliquemangacine.fr\\\/katana-bleach\\\/bankai-ichigo-v3-140cm\\\/\",\"url\":\"https:\\\/\\\/repliquemangacine.fr\\\/katana-bleach\\\/bankai-ichigo-v3-140cm\\\/\",\"name\":\"Katana Banka\u00ef Ichigo V3 - Sabre Bleach - Boutique en ligne | RMC\",\"isPartOf\":{\"@id\":\"https:\\\/\\\/repliquemangacine.fr\\\/#website\"},\"primaryImageOfPage\":{\"@id\":\"https:\\\/\\\/repliquemangacine.fr\\\/katana-bleach\\\/bankai-ichigo-v3-140cm\\\/#primaryimage\"},\"image\":{\"@id\":\"https:\\\/\\\/repliquemangacine.fr\\\/katana-bleach\\\/bankai-ichigo-v3-140cm\\\/#primaryimage\"},\"thumbnailUrl\":\"https:\\\/\\\/repliquemangacine.fr\\\/wp-content\\\/uploads\\\/2023\\\/10\\\/113-Replique-Katana-Bleach-Bankai-ichigo-V3-140cm.jpg\",\"datePublished\":\"2016-08-21T19:58:15+00:00\",\"dateModified\":\"2026-04-14T19:18:11+00:00\",\"description\":\"Achetez vite ! Le Katana Banka\u00ef Ichigo V3 140cm dans Bleach au meilleur prix. Lame acier de 98cm - Chaine de 150cm. Longueur du baka\u00ef : 140cm - Envoi 24\\\/48h\",\"breadcrumb\":{\"@id\":\"https:\\\/\\\/repliquemangacine.fr\\\/katana-bleach\\\/bankai-ichigo-v3-140cm\\\/#breadcrumb\"},\"inLanguage\":\"es\",\"potentialAction\":[{\"@type\":\"ReadAction\",\"target\":[\"https:\\\/\\\/repliquemangacine.fr\\\/katana-bleach\\\/bankai-ichigo-v3-140cm\\\/\"]}]},{\"@type\":\"ImageObject\",\"inLanguage\":\"es\",\"@id\":\"https:\\\/\\\/repliquemangacine.fr\\\/katana-bleach\\\/bankai-ichigo-v3-140cm\\\/#primaryimage\",\"url\":\"https:\\\/\\\/repliquemangacine.fr\\\/wp-content\\\/uploads\\\/2023\\\/10\\\/113-Replique-Katana-Bleach-Bankai-ichigo-V3-140cm.jpg\",\"contentUrl\":\"https:\\\/\\\/repliquemangacine.fr\\\/wp-content\\\/uploads\\\/2023\\\/10\\\/113-Replique-Katana-Bleach-Bankai-ichigo-V3-140cm.jpg\",\"width\":800,\"height\":800,\"caption\":\"R\u00e9plique Katana Bleach - Banka\u00ef ichigo V3 - 140cm\"},{\"@type\":\"BreadcrumbList\",\"@id\":\"https:\\\/\\\/repliquemangacine.fr\\\/katana-bleach\\\/bankai-ichigo-v3-140cm\\\/#breadcrumb\",\"itemListElement\":[{\"@type\":\"ListItem\",\"position\":1,\"name\":\"Accueil\",\"item\":\"https:\\\/\\\/repliquemangacine.fr\\\/\"},{\"@type\":\"ListItem\",\"position\":2,\"name\":\"Produits\",\"item\":\"https:\\\/\\\/repliquemangacine.fr\\\/boutique\\\/\"},{\"@type\":\"ListItem\",\"position\":3,\"name\":\"Banka\u00ef Ichigo V3 140cm\"}]},{\"@type\":\"WebSite\",\"@id\":\"https:\\\/\\\/repliquemangacine.fr\\\/#website\",\"url\":\"https:\\\/\\\/repliquemangacine.fr\\\/\",\"name\":\"R\u00e9plique Manga Cin\u00e9\",\"description\":\"\",\"publisher\":{\"@id\":\"https:\\\/\\\/repliquemangacine.fr\\\/#organization\"},\"potentialAction\":[{\"@type\":\"SearchAction\",\"target\":{\"@type\":\"EntryPoint\",\"urlTemplate\":\"https:\\\/\\\/repliquemangacine.fr\\\/?s={search_term_string}\"},\"query-input\":{\"@type\":\"PropertyValueSpecification\",\"valueRequired\":true,\"valueName\":\"search_term_string\"}}],\"inLanguage\":\"es\"},{\"@type\":\"Organization\",\"@id\":\"https:\\\/\\\/repliquemangacine.fr\\\/#organization\",\"name\":\"R\u00e9plique Manga Cin\u00e9\",\"url\":\"https:\\\/\\\/repliquemangacine.fr\\\/\",\"logo\":{\"@type\":\"ImageObject\",\"inLanguage\":\"es\",\"@id\":\"https:\\\/\\\/repliquemangacine.fr\\\/#\\\/schema\\\/logo\\\/image\\\/\",\"url\":\"https:\\\/\\\/repliquemangacine.fr\\\/wp-content\\\/uploads\\\/2023\\\/10\\\/RMC-500250.png\",\"contentUrl\":\"https:\\\/\\\/repliquemangacine.fr\\\/wp-content\\\/uploads\\\/2023\\\/10\\\/RMC-500250.png\",\"width\":500,\"height\":250,\"caption\":\"R\u00e9plique Manga Cin\u00e9\"},\"image\":{\"@id\":\"https:\\\/\\\/repliquemangacine.fr\\\/#\\\/schema\\\/logo\\\/image\\\/\"},\"sameAs\":[\"https:\\\/\\\/www.facebook.com\\\/RepliqueMangaCine\",\"https:\\\/\\\/www.instagram.com\\\/repliquemangacine.fr\\\/\"]}]}<\/script>\n<!-- \/ Yoast SEO plugin. -->","yoast_head_json":{"title":"Katana Banka\u00ef Ichigo V3 - Espada Bleach - Boutique en ligne | RMC","description":"\u00a1C\u00f3mprala ahora! Katana Banka\u00ef Ichigo V3 140cm en Bleach al mejor precio. Hoja de acero de 98cm - Cadena de 150cm. Longitud de la baka\u00ef: 140cm - Env\u00edo 24\/48h","robots":{"index":"index","follow":"follow","max-snippet":"max-snippet:-1","max-image-preview":"max-image-preview:large","max-video-preview":"max-video-preview:-1"},"canonical":"https:\/\/repliquemangacine.fr\/es\/blanqueador-katana\/bankai-ichigo-v3-140cm\/","og_locale":"es_ES","og_type":"article","og_title":"Katana Banka\u00ef Ichigo V3 - Sabre Bleach - Boutique en ligne | RMC","og_description":"Achetez vite ! Le Katana Banka\u00ef Ichigo V3 140cm dans Bleach au meilleur prix. Lame acier de 98cm - Chaine de 150cm. Longueur du baka\u00ef : 140cm - Envoi 24\/48h","og_url":"https:\/\/repliquemangacine.fr\/es\/blanqueador-katana\/bankai-ichigo-v3-140cm\/","og_site_name":"R\u00e9plique Manga Cin\u00e9","article_publisher":"https:\/\/www.facebook.com\/RepliqueMangaCine","article_modified_time":"2026-04-14T19:18:11+00:00","og_image":[{"width":800,"height":800,"url":"https:\/\/repliquemangacine.fr\/wp-content\/uploads\/2023\/10\/113-Replique-Katana-Bleach-Bankai-ichigo-V3-140cm.jpg","type":"image\/jpeg"}],"twitter_card":"summary_large_image","twitter_misc":{"Tiempo de lectura":"3 minutos"},"schema":{"@context":"https:\/\/schema.org","@graph":[{"@type":"WebPage","@id":"https:\/\/repliquemangacine.fr\/katana-bleach\/bankai-ichigo-v3-140cm\/","url":"https:\/\/repliquemangacine.fr\/katana-bleach\/bankai-ichigo-v3-140cm\/","name":"Katana Banka\u00ef Ichigo V3 - Espada Bleach - Boutique en ligne | RMC","isPartOf":{"@id":"https:\/\/repliquemangacine.fr\/#website"},"primaryImageOfPage":{"@id":"https:\/\/repliquemangacine.fr\/katana-bleach\/bankai-ichigo-v3-140cm\/#primaryimage"},"image":{"@id":"https:\/\/repliquemangacine.fr\/katana-bleach\/bankai-ichigo-v3-140cm\/#primaryimage"},"thumbnailUrl":"https:\/\/repliquemangacine.fr\/wp-content\/uploads\/2023\/10\/113-Replique-Katana-Bleach-Bankai-ichigo-V3-140cm.jpg","datePublished":"2016-08-21T19:58:15+00:00","dateModified":"2026-04-14T19:18:11+00:00","description":"\u00a1C\u00f3mprala ahora! Katana Banka\u00ef Ichigo V3 140cm en Bleach al mejor precio. Hoja de acero de 98cm - Cadena de 150cm. Longitud de la baka\u00ef: 140cm - Env\u00edo 24\/48h","breadcrumb":{"@id":"https:\/\/repliquemangacine.fr\/katana-bleach\/bankai-ichigo-v3-140cm\/#breadcrumb"},"inLanguage":"es","potentialAction":[{"@type":"ReadAction","target":["https:\/\/repliquemangacine.fr\/katana-bleach\/bankai-ichigo-v3-140cm\/"]}]},{"@type":"ImageObject","inLanguage":"es","@id":"https:\/\/repliquemangacine.fr\/katana-bleach\/bankai-ichigo-v3-140cm\/#primaryimage","url":"https:\/\/repliquemangacine.fr\/wp-content\/uploads\/2023\/10\/113-Replique-Katana-Bleach-Bankai-ichigo-V3-140cm.jpg","contentUrl":"https:\/\/repliquemangacine.fr\/wp-content\/uploads\/2023\/10\/113-Replique-Katana-Bleach-Bankai-ichigo-V3-140cm.jpg","width":800,"height":800,"caption":"R\u00e9plique Katana Bleach - Banka\u00ef ichigo V3 - 140cm"},{"@type":"BreadcrumbList","@id":"https:\/\/repliquemangacine.fr\/katana-bleach\/bankai-ichigo-v3-140cm\/#breadcrumb","itemListElement":[{"@type":"ListItem","position":1,"name":"Accueil","item":"https:\/\/repliquemangacine.fr\/"},{"@type":"ListItem","position":2,"name":"Produits","item":"https:\/\/repliquemangacine.fr\/boutique\/"},{"@type":"ListItem","position":3,"name":"Banka\u00ef Ichigo V3 140cm"}]},{"@type":"WebSite","@id":"https:\/\/repliquemangacine.fr\/#website","url":"https:\/\/repliquemangacine.fr\/","name":"R\u00e9plique Manga Cin\u00e9","description":"","publisher":{"@id":"https:\/\/repliquemangacine.fr\/#organization"},"potentialAction":[{"@type":"SearchAction","target":{"@type":"EntryPoint","urlTemplate":"https:\/\/repliquemangacine.fr\/?s={search_term_string}"},"query-input":{"@type":"PropertyValueSpecification","valueRequired":true,"valueName":"search_term_string"}}],"inLanguage":"es"},{"@type":"Organization","@id":"https:\/\/repliquemangacine.fr\/#organization","name":"R\u00e9plique Manga Cin\u00e9","url":"https:\/\/repliquemangacine.fr\/","logo":{"@type":"ImageObject","inLanguage":"es","@id":"https:\/\/repliquemangacine.fr\/#\/schema\/logo\/image\/","url":"https:\/\/repliquemangacine.fr\/wp-content\/uploads\/2023\/10\/RMC-500250.png","contentUrl":"https:\/\/repliquemangacine.fr\/wp-content\/uploads\/2023\/10\/RMC-500250.png","width":500,"height":250,"caption":"R\u00e9plique Manga Cin\u00e9"},"image":{"@id":"https:\/\/repliquemangacine.fr\/#\/schema\/logo\/image\/"},"sameAs":["https:\/\/www.facebook.com\/RepliqueMangaCine","https:\/\/www.instagram.com\/repliquemangacine.fr\/"]}]}},"_links":{"self":[{"href":"https:\/\/repliquemangacine.fr\/es\/wp-json\/wp\/v2\/product\/25297","targetHints":{"allow":["GET"]}}],"collection":[{"href":"https:\/\/repliquemangacine.fr\/es\/wp-json\/wp\/v2\/product"}],"about":[{"href":"https:\/\/repliquemangacine.fr\/es\/wp-json\/wp\/v2\/types\/product"}],"wp:featuredmedia":[{"embeddable":true,"href":"https:\/\/repliquemangacine.fr\/es\/wp-json\/wp\/v2\/media\/25298"}],"wp:attachment":[{"href":"https:\/\/repliquemangacine.fr\/es\/wp-json\/wp\/v2\/media?parent=25297"}],"wp:term":[{"taxonomy":"product_brand","embeddable":true,"href":"https:\/\/repliquemangacine.fr\/es\/wp-json\/wp\/v2\/product_brand?post=25297"},{"taxonomy":"product_cat","embeddable":true,"href":"https:\/\/repliquemangacine.fr\/es\/wp-json\/wp\/v2\/product_cat?post=25297"},{"taxonomy":"product_tag","embeddable":true,"href":"https:\/\/repliquemangacine.fr\/es\/wp-json\/wp\/v2\/product_tag?post=25297"}],"curies":[{"name":"wp","href":"https:\/\/api.w.org\/{rel}","templated":true}]}}