





{"id":25292,"date":"2016-08-21T21:18:44","date_gmt":"2016-08-21T19:18:44","guid":{"rendered":"https:\/\/repliquemangacine.fr\/?post_type=product&#038;p=25292"},"modified":"2026-04-14T12:25:03","modified_gmt":"2026-04-14T10:25:03","slug":"katana-tensa-zangetsu-v2-bankai-ichigo","status":"publish","type":"product","link":"https:\/\/repliquemangacine.fr\/es\/katana-bleach\/katana-tensa-zangetsu-v2-bankai-ichigo\/","title":{"rendered":"Banka\u00ef ichigo Tensa Zangetsu V2"},"content":{"rendered":"<h2>103cm Tensa Zangetsu V2 Katana r\u00e9plica<\/h2>\n<p>La Katana Tensa Zangetsu V2 es una forma alternativa del bankai. Tras el entrenamiento en Dangai, la Zanpakuto de Ichigo sufre grandes cambios. La empu\u00f1adura derecha del Shihakushou se rompe y, en su lugar, la cadena del karma del mango se alarga hasta el punto de poder rodear todo el brazo del joven sustituto.<\/p>\n<p>Adem\u00e1s, una especie de guantelete sustituye al mango. Aizen Sosuke afirma que este nivel de evoluci\u00f3n del chico ha producido una \u201cfusi\u00f3n\u201d entre su mano y su espada. Adem\u00e1s, la guarda met\u00e1lica es m\u00e1s ancha y los extremos de las ramas se vuelven puntiagudos.<\/p>\n<p><a href=\"https:\/\/bleach.fandom.com\/fr\/wiki\/Ichigo_Kurosaki#Zanpakut\u014d\" target=\"_blank\" rel=\"noopener noreferrer\">Ichigo Kurosaki<\/a> es un humano con la excepcional habilidad de distinguir fantasmas. Su vida da un vuelco cuando conoce a Rukia Kuchiki, que le otorga sus poderes de Shinigami para salvar a su familia de un Hollow.<\/p>\n<h2>Tu Katana Tensa Zangetsu V2 al mejor precio.<\/h2>\n<p>Te traemos todas las frases de tus personajes favoritos en este manga anime de Bleach.<\/p>\n<p>Lo primero y m\u00e1s importante,<\/p>\n<ul>\n<li>Le <a href=\"https:\/\/repliquemangacine.fr\/es\/blanqueador-katana\/ichigo-katana-blanca-hueca\/\">Katana hueca<\/a> (katana blanca), que representa el lado oscuro del alma de Ichigo.<\/li>\n<li>Pero tambi\u00e9n encontrar\u00e1 diferentes versiones, m\u00e1s largas y con diferente envejecimiento.<\/li>\n<li>Tambi\u00e9n existe la <a href=\"https:\/\/repliquemangacine.fr\/es\/lejia\/canne-benihime-kisuke-urahara-bleach\/\">Bast\u00f3n espada Benihime<\/a> de Kisuk\u00e9 urahara.<\/li>\n<li>Y muchos m\u00e1s por descubrir en nuestra tienda en l\u00ednea.<\/li>\n<\/ul>\n<p>Aqu\u00ed tienes algunas ideas para regalar a los fans de Bleach.<\/p>\n<p>En conclusi\u00f3n, puedes utilizar esta Katana Tensa Zangetsu V2 para tus desfiles de cosplay. Pero, ante todo, la Banka\u00ef de Ichigo es tambi\u00e9n una pieza de colecci\u00f3n y decoraci\u00f3n.<\/p>\n<h2>\u00bfC\u00f3mo se mantiene la hoja de la katana Bleach?<\/h2>\n<p>Las katanas de colecci\u00f3n y decorativas se fabrican y ensamblan de forma simplificada. Como su uso es decorativo, no cuentan con los elementos de seguridad exigidos a una espada japonesa destinada al entrenamiento.<\/p>\n<p>Sin embargo, su <strong>katana Tensa Zangetsu V2<\/strong> a una hoja de acero que hay que cuidar para evitar que se estropee con el tiempo. Cuando exponga su katana, sus amigos sentir\u00e1n curiosidad por ver la hoja y tocarla. Aqu\u00ed es donde hay que tener cuidado, ya que la acidez de los dedos es muy perjudicial para el acero, sea cual sea su calidad.<\/p>\n<p>Sin embargo, si esto ocurre, no te asustes: basta con un pa\u00f1o humedecido con un poco de aceite y limpiar las huellas. Si haces esto, tu espada durar\u00e1 mucho tiempo.<\/p>","protected":false},"excerpt":{"rendered":"<p>Versi\u00f3n 2 del bankai de ichigo \"el Tensa Zangetsu\" usado en su batalla con Aizen.<\/p>\n<ul>\n<li>Hoja de acero sin afilar.<\/li>\n<li>Asa rodeada de trenza de algod\u00f3n negro.<\/li>\n<li>Cadena met\u00e1lica de 105 cm de largo.<\/li>\n<li>Protector met\u00e1lico.<\/li>\n<li>Longitud de la hoja: 69 cm - Longitud total: 103 cm<\/li>\n<\/ul>","protected":false},"featured_media":25293,"template":"","meta":[],"product_brand":[896],"product_cat":[30,23],"product_tag":[],"class_list":{"0":"post-25292","1":"product","2":"type-product","3":"status-publish","4":"has-post-thumbnail","6":"product_brand-replique-manga-cine","7":"product_cat-katana-bleach","8":"product_cat-repliques-manga-jeux-video","10":"first","11":"instock","12":"taxable","13":"shipping-taxable","14":"purchasable","15":"product-type-simple"},"yoast_head":"<!-- This site is optimized with the Yoast SEO plugin v27.4 - https:\/\/yoast.com\/product\/yoast-seo-wordpress\/ -->\n<title>Katana Tensa Zangetsu V2 - Bleach - Boutique en ligne | RMC<\/title>\n<meta name=\"description\" content=\"Commander le Katana Tensa Zangetsu V2 dans Bleach au meilleur prix. Lame acier de 69 cm - Chaine de 105cm - Longueur Totale : 103cm - Envoi 24\/48h\" \/>\n<meta name=\"robots\" content=\"index, follow, max-snippet:-1, max-image-preview:large, max-video-preview:-1\" \/>\n<link rel=\"canonical\" href=\"https:\/\/repliquemangacine.fr\/es\/blanqueador-katana\/katana-tensa-zangetsu-v2-bankai-ichigo\/\" \/>\n<meta property=\"og:locale\" content=\"es_ES\" \/>\n<meta property=\"og:type\" content=\"article\" \/>\n<meta property=\"og:title\" content=\"Katana Tensa Zangetsu V2 - Bleach - Boutique en ligne | RMC\" \/>\n<meta property=\"og:description\" content=\"Commander le Katana Tensa Zangetsu V2 dans Bleach au meilleur prix. Lame acier de 69 cm - Chaine de 105cm - Longueur Totale : 103cm - Envoi 24\/48h\" \/>\n<meta property=\"og:url\" content=\"https:\/\/repliquemangacine.fr\/es\/blanqueador-katana\/katana-tensa-zangetsu-v2-bankai-ichigo\/\" \/>\n<meta property=\"og:site_name\" content=\"R\u00e9plique Manga Cin\u00e9\" \/>\n<meta property=\"article:publisher\" content=\"https:\/\/www.facebook.com\/RepliqueMangaCine\" \/>\n<meta property=\"article:modified_time\" content=\"2026-04-14T10:25:03+00:00\" \/>\n<meta property=\"og:image\" content=\"https:\/\/repliquemangacine.fr\/wp-content\/uploads\/2023\/10\/104-katana-ichigo-Tensa-Zangetsu-contre-Aizen-version-2.jpg\" \/>\n\t<meta property=\"og:image:width\" content=\"800\" \/>\n\t<meta property=\"og:image:height\" content=\"800\" \/>\n\t<meta property=\"og:image:type\" content=\"image\/jpeg\" \/>\n<meta name=\"twitter:card\" content=\"summary_large_image\" \/>\n<meta name=\"twitter:label1\" content=\"Tiempo de lectura\" \/>\n\t<meta name=\"twitter:data1\" content=\"3 minutos\" \/>\n<script type=\"application\/ld+json\" class=\"yoast-schema-graph\">{\"@context\":\"https:\\\/\\\/schema.org\",\"@graph\":[{\"@type\":\"WebPage\",\"@id\":\"https:\\\/\\\/repliquemangacine.fr\\\/katana-bleach\\\/katana-tensa-zangetsu-v2-bankai-ichigo\\\/\",\"url\":\"https:\\\/\\\/repliquemangacine.fr\\\/katana-bleach\\\/katana-tensa-zangetsu-v2-bankai-ichigo\\\/\",\"name\":\"Katana Tensa Zangetsu V2 - Bleach - Boutique en ligne | RMC\",\"isPartOf\":{\"@id\":\"https:\\\/\\\/repliquemangacine.fr\\\/#website\"},\"primaryImageOfPage\":{\"@id\":\"https:\\\/\\\/repliquemangacine.fr\\\/katana-bleach\\\/katana-tensa-zangetsu-v2-bankai-ichigo\\\/#primaryimage\"},\"image\":{\"@id\":\"https:\\\/\\\/repliquemangacine.fr\\\/katana-bleach\\\/katana-tensa-zangetsu-v2-bankai-ichigo\\\/#primaryimage\"},\"thumbnailUrl\":\"https:\\\/\\\/repliquemangacine.fr\\\/wp-content\\\/uploads\\\/2023\\\/10\\\/104-katana-ichigo-Tensa-Zangetsu-contre-Aizen-version-2.jpg\",\"datePublished\":\"2016-08-21T19:18:44+00:00\",\"dateModified\":\"2026-04-14T10:25:03+00:00\",\"description\":\"Commander le Katana Tensa Zangetsu V2 dans Bleach au meilleur prix. Lame acier de 69 cm - Chaine de 105cm - Longueur Totale : 103cm - Envoi 24\\\/48h\",\"breadcrumb\":{\"@id\":\"https:\\\/\\\/repliquemangacine.fr\\\/katana-bleach\\\/katana-tensa-zangetsu-v2-bankai-ichigo\\\/#breadcrumb\"},\"inLanguage\":\"es\",\"potentialAction\":[{\"@type\":\"ReadAction\",\"target\":[\"https:\\\/\\\/repliquemangacine.fr\\\/katana-bleach\\\/katana-tensa-zangetsu-v2-bankai-ichigo\\\/\"]}]},{\"@type\":\"ImageObject\",\"inLanguage\":\"es\",\"@id\":\"https:\\\/\\\/repliquemangacine.fr\\\/katana-bleach\\\/katana-tensa-zangetsu-v2-bankai-ichigo\\\/#primaryimage\",\"url\":\"https:\\\/\\\/repliquemangacine.fr\\\/wp-content\\\/uploads\\\/2023\\\/10\\\/104-katana-ichigo-Tensa-Zangetsu-contre-Aizen-version-2.jpg\",\"contentUrl\":\"https:\\\/\\\/repliquemangacine.fr\\\/wp-content\\\/uploads\\\/2023\\\/10\\\/104-katana-ichigo-Tensa-Zangetsu-contre-Aizen-version-2.jpg\",\"width\":800,\"height\":800,\"caption\":\"katana ichigo Tensa Zangetsu contre Aizen - version 2\"},{\"@type\":\"BreadcrumbList\",\"@id\":\"https:\\\/\\\/repliquemangacine.fr\\\/katana-bleach\\\/katana-tensa-zangetsu-v2-bankai-ichigo\\\/#breadcrumb\",\"itemListElement\":[{\"@type\":\"ListItem\",\"position\":1,\"name\":\"Accueil\",\"item\":\"https:\\\/\\\/repliquemangacine.fr\\\/\"},{\"@type\":\"ListItem\",\"position\":2,\"name\":\"Produits\",\"item\":\"https:\\\/\\\/repliquemangacine.fr\\\/boutique\\\/\"},{\"@type\":\"ListItem\",\"position\":3,\"name\":\"Banka\u00ef ichigo Tensa Zangetsu V2\"}]},{\"@type\":\"WebSite\",\"@id\":\"https:\\\/\\\/repliquemangacine.fr\\\/#website\",\"url\":\"https:\\\/\\\/repliquemangacine.fr\\\/\",\"name\":\"R\u00e9plique Manga Cin\u00e9\",\"description\":\"\",\"publisher\":{\"@id\":\"https:\\\/\\\/repliquemangacine.fr\\\/#organization\"},\"potentialAction\":[{\"@type\":\"SearchAction\",\"target\":{\"@type\":\"EntryPoint\",\"urlTemplate\":\"https:\\\/\\\/repliquemangacine.fr\\\/?s={search_term_string}\"},\"query-input\":{\"@type\":\"PropertyValueSpecification\",\"valueRequired\":true,\"valueName\":\"search_term_string\"}}],\"inLanguage\":\"es\"},{\"@type\":\"Organization\",\"@id\":\"https:\\\/\\\/repliquemangacine.fr\\\/#organization\",\"name\":\"R\u00e9plique Manga Cin\u00e9\",\"url\":\"https:\\\/\\\/repliquemangacine.fr\\\/\",\"logo\":{\"@type\":\"ImageObject\",\"inLanguage\":\"es\",\"@id\":\"https:\\\/\\\/repliquemangacine.fr\\\/#\\\/schema\\\/logo\\\/image\\\/\",\"url\":\"https:\\\/\\\/repliquemangacine.fr\\\/wp-content\\\/uploads\\\/2023\\\/10\\\/RMC-500250.png\",\"contentUrl\":\"https:\\\/\\\/repliquemangacine.fr\\\/wp-content\\\/uploads\\\/2023\\\/10\\\/RMC-500250.png\",\"width\":500,\"height\":250,\"caption\":\"R\u00e9plique Manga Cin\u00e9\"},\"image\":{\"@id\":\"https:\\\/\\\/repliquemangacine.fr\\\/#\\\/schema\\\/logo\\\/image\\\/\"},\"sameAs\":[\"https:\\\/\\\/www.facebook.com\\\/RepliqueMangaCine\",\"https:\\\/\\\/www.instagram.com\\\/repliquemangacine.fr\\\/\"]}]}<\/script>\n<!-- \/ Yoast SEO plugin. -->","yoast_head_json":{"title":"Katana Tensa Zangetsu V2 - Bleach - Tienda Online | RMC","description":"Pida la Katana Tensa Zangetsu V2 en Bleach al mejor precio. Hoja de acero de 69 cm - Cadena de 105cm - Longitud total: 103cm - Env\u00edo 24\/48h","robots":{"index":"index","follow":"follow","max-snippet":"max-snippet:-1","max-image-preview":"max-image-preview:large","max-video-preview":"max-video-preview:-1"},"canonical":"https:\/\/repliquemangacine.fr\/es\/blanqueador-katana\/katana-tensa-zangetsu-v2-bankai-ichigo\/","og_locale":"es_ES","og_type":"article","og_title":"Katana Tensa Zangetsu V2 - Bleach - Boutique en ligne | RMC","og_description":"Commander le Katana Tensa Zangetsu V2 dans Bleach au meilleur prix. Lame acier de 69 cm - Chaine de 105cm - Longueur Totale : 103cm - Envoi 24\/48h","og_url":"https:\/\/repliquemangacine.fr\/es\/blanqueador-katana\/katana-tensa-zangetsu-v2-bankai-ichigo\/","og_site_name":"R\u00e9plique Manga Cin\u00e9","article_publisher":"https:\/\/www.facebook.com\/RepliqueMangaCine","article_modified_time":"2026-04-14T10:25:03+00:00","og_image":[{"width":800,"height":800,"url":"https:\/\/repliquemangacine.fr\/wp-content\/uploads\/2023\/10\/104-katana-ichigo-Tensa-Zangetsu-contre-Aizen-version-2.jpg","type":"image\/jpeg"}],"twitter_card":"summary_large_image","twitter_misc":{"Tiempo de lectura":"3 minutos"},"schema":{"@context":"https:\/\/schema.org","@graph":[{"@type":"WebPage","@id":"https:\/\/repliquemangacine.fr\/katana-bleach\/katana-tensa-zangetsu-v2-bankai-ichigo\/","url":"https:\/\/repliquemangacine.fr\/katana-bleach\/katana-tensa-zangetsu-v2-bankai-ichigo\/","name":"Katana Tensa Zangetsu V2 - Bleach - Tienda Online | RMC","isPartOf":{"@id":"https:\/\/repliquemangacine.fr\/#website"},"primaryImageOfPage":{"@id":"https:\/\/repliquemangacine.fr\/katana-bleach\/katana-tensa-zangetsu-v2-bankai-ichigo\/#primaryimage"},"image":{"@id":"https:\/\/repliquemangacine.fr\/katana-bleach\/katana-tensa-zangetsu-v2-bankai-ichigo\/#primaryimage"},"thumbnailUrl":"https:\/\/repliquemangacine.fr\/wp-content\/uploads\/2023\/10\/104-katana-ichigo-Tensa-Zangetsu-contre-Aizen-version-2.jpg","datePublished":"2016-08-21T19:18:44+00:00","dateModified":"2026-04-14T10:25:03+00:00","description":"Pida la Katana Tensa Zangetsu V2 en Bleach al mejor precio. Hoja de acero de 69 cm - Cadena de 105cm - Longitud total: 103cm - Env\u00edo 24\/48h","breadcrumb":{"@id":"https:\/\/repliquemangacine.fr\/katana-bleach\/katana-tensa-zangetsu-v2-bankai-ichigo\/#breadcrumb"},"inLanguage":"es","potentialAction":[{"@type":"ReadAction","target":["https:\/\/repliquemangacine.fr\/katana-bleach\/katana-tensa-zangetsu-v2-bankai-ichigo\/"]}]},{"@type":"ImageObject","inLanguage":"es","@id":"https:\/\/repliquemangacine.fr\/katana-bleach\/katana-tensa-zangetsu-v2-bankai-ichigo\/#primaryimage","url":"https:\/\/repliquemangacine.fr\/wp-content\/uploads\/2023\/10\/104-katana-ichigo-Tensa-Zangetsu-contre-Aizen-version-2.jpg","contentUrl":"https:\/\/repliquemangacine.fr\/wp-content\/uploads\/2023\/10\/104-katana-ichigo-Tensa-Zangetsu-contre-Aizen-version-2.jpg","width":800,"height":800,"caption":"katana ichigo Tensa Zangetsu contre Aizen - version 2"},{"@type":"BreadcrumbList","@id":"https:\/\/repliquemangacine.fr\/katana-bleach\/katana-tensa-zangetsu-v2-bankai-ichigo\/#breadcrumb","itemListElement":[{"@type":"ListItem","position":1,"name":"Accueil","item":"https:\/\/repliquemangacine.fr\/"},{"@type":"ListItem","position":2,"name":"Produits","item":"https:\/\/repliquemangacine.fr\/boutique\/"},{"@type":"ListItem","position":3,"name":"Banka\u00ef ichigo Tensa Zangetsu V2"}]},{"@type":"WebSite","@id":"https:\/\/repliquemangacine.fr\/#website","url":"https:\/\/repliquemangacine.fr\/","name":"R\u00e9plique Manga Cin\u00e9","description":"","publisher":{"@id":"https:\/\/repliquemangacine.fr\/#organization"},"potentialAction":[{"@type":"SearchAction","target":{"@type":"EntryPoint","urlTemplate":"https:\/\/repliquemangacine.fr\/?s={search_term_string}"},"query-input":{"@type":"PropertyValueSpecification","valueRequired":true,"valueName":"search_term_string"}}],"inLanguage":"es"},{"@type":"Organization","@id":"https:\/\/repliquemangacine.fr\/#organization","name":"R\u00e9plique Manga Cin\u00e9","url":"https:\/\/repliquemangacine.fr\/","logo":{"@type":"ImageObject","inLanguage":"es","@id":"https:\/\/repliquemangacine.fr\/#\/schema\/logo\/image\/","url":"https:\/\/repliquemangacine.fr\/wp-content\/uploads\/2023\/10\/RMC-500250.png","contentUrl":"https:\/\/repliquemangacine.fr\/wp-content\/uploads\/2023\/10\/RMC-500250.png","width":500,"height":250,"caption":"R\u00e9plique Manga Cin\u00e9"},"image":{"@id":"https:\/\/repliquemangacine.fr\/#\/schema\/logo\/image\/"},"sameAs":["https:\/\/www.facebook.com\/RepliqueMangaCine","https:\/\/www.instagram.com\/repliquemangacine.fr\/"]}]}},"_links":{"self":[{"href":"https:\/\/repliquemangacine.fr\/es\/wp-json\/wp\/v2\/product\/25292","targetHints":{"allow":["GET"]}}],"collection":[{"href":"https:\/\/repliquemangacine.fr\/es\/wp-json\/wp\/v2\/product"}],"about":[{"href":"https:\/\/repliquemangacine.fr\/es\/wp-json\/wp\/v2\/types\/product"}],"wp:featuredmedia":[{"embeddable":true,"href":"https:\/\/repliquemangacine.fr\/es\/wp-json\/wp\/v2\/media\/25293"}],"wp:attachment":[{"href":"https:\/\/repliquemangacine.fr\/es\/wp-json\/wp\/v2\/media?parent=25292"}],"wp:term":[{"taxonomy":"product_brand","embeddable":true,"href":"https:\/\/repliquemangacine.fr\/es\/wp-json\/wp\/v2\/product_brand?post=25292"},{"taxonomy":"product_cat","embeddable":true,"href":"https:\/\/repliquemangacine.fr\/es\/wp-json\/wp\/v2\/product_cat?post=25292"},{"taxonomy":"product_tag","embeddable":true,"href":"https:\/\/repliquemangacine.fr\/es\/wp-json\/wp\/v2\/product_tag?post=25292"}],"curies":[{"name":"wp","href":"https:\/\/api.w.org\/{rel}","templated":true}]}}