





{"id":25282,"date":"2016-08-21T17:52:07","date_gmt":"2016-08-21T15:52:07","guid":{"rendered":"https:\/\/repliquemangacine.fr\/?post_type=product&#038;p=25282"},"modified":"2026-01-28T20:53:41","modified_gmt":"2026-01-28T19:53:41","slug":"katana-bankai-tensa-zangetsu-ichigo-104cm","status":"publish","type":"product","link":"https:\/\/repliquemangacine.fr\/es\/katana-bleach\/katana-bankai-tensa-zangetsu-ichigo-104cm\/","title":{"rendered":"Katana Banka\u00ef Ichigo 104cm"},"content":{"rendered":"<h2>R\u00e9plica Katana Banka\u00ef Ichigo 104cm - Bleach<\/h2>\n<p>Para empezar, la Katana Banka\u00ef Ichigo de 104 cm se llama Tensa Zangetsu, Cadena Celestial, Luna Afilada.\u00a0 <a href=\"https:\/\/bleach.fandom.com\/fr\/wiki\/Ichigo_Kurosaki\" target=\"_blank\" rel=\"noopener noreferrer\">Ichigo Kurosaki<\/a> es un humano con la excepcional habilidad de distinguir fantasmas. Su vida da un vuelco cuando conoce a Rukia Kuchiki, que le otorga sus poderes de Shinigami para salvar a su familia de un Hollow.<\/p>\n<p>Tras un peligroso y acelerado proceso ideado por Kisuke Urahara para obtener el Bankai en tres d\u00edas, Ichigo logr\u00f3 desbloquear la segunda liberaci\u00f3n de su espada. Con la forma de una katana negra, este Bankai aumenta considerablemente la velocidad de Ichigo, al tiempo que incrementa la ya de por s\u00ed gran potencia de la espada.<\/p>\n<p>Mientras que otras Zanpakut\u00f4 aumentan la potencia de su espada o aportan otras t\u00e9cnicas, Tensa Zangetsu solo aporta una ganancia de velocidad y la liberaci\u00f3n completa del poder espiritual de Ichigo, significativo en el Bankai.<\/p>\n<h2>Tu Katana Banka\u00ef Ichigo 104cm al mejor precio.<\/h2>\n<p>Te traemos todas las frases de tus personajes favoritos en este manga anime de Bleach.<\/p>\n<p>Lo primero y m\u00e1s importante,<\/p>\n<ul>\n<li>La primera <a href=\"https:\/\/repliquemangacine.fr\/es\/lejia\/bankai-ichigo-tensa-zangetsu-corte-142cm\/\">ichigo bankai forjado<\/a>una versi\u00f3n de vanguardia del Tensa Zangetsu.<\/li>\n<li>Pero tambi\u00e9n encontrar\u00e1s la versi\u00f3n m\u00e1s larga y la versi\u00f3n con la guarda diferente. 3<\/li>\n<li>Tambi\u00e9n existe la <a href=\"https:\/\/repliquemangacine.fr\/es\/blanqueador-katana\/zanpakuto-hyorinmaru-hitsugaya-toshiro\/\">Hitsugaya katana<\/a> Toshiro, Hy\u014drinmaru el m\u00e1s poderoso de los zanpakutos de hielo.<\/li>\n<li>Y hay mucho m\u00e1s por descubrir.<\/li>\n<\/ul>\n<p>Aqu\u00ed tienes algunas ideas para regalar a los fans de Bleach.<\/p>\n<p>En conclusi\u00f3n, tambi\u00e9n puede utilizar este <strong>Katana Banka\u00ef Ichigo 104cm<\/strong> para tus desfiles de cosplay o veladas tem\u00e1ticas. Pero, sobre todo, el Tensa Zangetsu es tambi\u00e9n una pieza de coleccionista y una pieza decorativa.<\/p>\n<h2>\u00bfC\u00f3mo se mantiene la hoja de la katana Bleach?<\/h2>\n<p>Las katanas de colecci\u00f3n y decorativas se fabrican y ensamblan de forma simplificada. Como su uso es decorativo, no cuentan con los elementos de seguridad exigidos a una espada japonesa destinada al entrenamiento.<\/p>\n<p>Sin embargo, su <strong>katana Banka\u00ef Ichigo 104cm<\/strong> a una hoja de acero que hay que cuidar para evitar que se estropee con el tiempo. Cuando exponga su katana, sus amigos sentir\u00e1n curiosidad por ver la hoja y tocarla. Aqu\u00ed es donde hay que tener cuidado, ya que la acidez de los dedos es muy perjudicial para el acero, sea cual sea su calidad.<\/p>\n<p>Sin embargo, si esto ocurre, no te asustes: basta con un pa\u00f1o humedecido con un poco de aceite y limpiar las huellas. Si haces esto, tu espada durar\u00e1 mucho tiempo.<\/p>\n<p><strong>\u00a0<\/strong><\/p>","protected":false},"excerpt":{"rendered":"<p>No hace falta presentar el primer bankai de ichigo, la versi\u00f3n corta de Tensa Zangetsu.<\/p>\n<ul>\n<li>Su Zanpakuto con su hoja de acero negro sin afilar.<\/li>\n<li>Asa rodeada de trenza de algod\u00f3n negro.<\/li>\n<li>Cadena rota, simboliza el karma roto de Ichigo.<\/li>\n<li>Empu\u00f1adura de metal en forma de esv\u00e1stica.<\/li>\n<li>Vaina de madera negra.<\/li>\n<li>Longitud de la hoja: 69 cm - Longitud total: 104 cm<\/li>\n<\/ul>","protected":false},"featured_media":25283,"template":"","meta":[],"product_brand":[896],"product_cat":[30,23],"product_tag":[],"class_list":{"0":"post-25282","1":"product","2":"type-product","3":"status-publish","4":"has-post-thumbnail","6":"product_brand-replique-manga-cine","7":"product_cat-katana-bleach","8":"product_cat-repliques-manga-jeux-video","10":"first","11":"instock","12":"taxable","13":"shipping-taxable","14":"purchasable","15":"product-type-simple"},"yoast_head":"<!-- This site is optimized with the Yoast SEO plugin v27.5 - https:\/\/yoast.com\/product\/yoast-seo-wordpress\/ -->\n<title>Katana Banka\u00ef Ichigo 104cm - Bleach -Boutique en ligne | RMC<\/title>\n<meta name=\"description\" content=\"Commandez le premier Katana Banka\u00ef Ichigo 104cm Tensa Zangetsu au meilleur prix - Chaine bris\u00e9e - Lame en acier. Longueur totale : 104cm - Envoi 24\/48h\" \/>\n<meta name=\"robots\" content=\"index, follow, max-snippet:-1, max-image-preview:large, max-video-preview:-1\" \/>\n<link rel=\"canonical\" href=\"https:\/\/repliquemangacine.fr\/es\/blanqueador-katana\/katana-bankai-tensa-zangetsu-ichigo-104cm\/\" \/>\n<meta property=\"og:locale\" content=\"es_ES\" \/>\n<meta property=\"og:type\" content=\"article\" \/>\n<meta property=\"og:title\" content=\"Katana Banka\u00ef Ichigo 104cm - Bleach -Boutique en ligne | RMC\" \/>\n<meta property=\"og:description\" content=\"Commandez le premier Katana Banka\u00ef Ichigo 104cm Tensa Zangetsu au meilleur prix - Chaine bris\u00e9e - Lame en acier. Longueur totale : 104cm - Envoi 24\/48h\" \/>\n<meta property=\"og:url\" content=\"https:\/\/repliquemangacine.fr\/es\/blanqueador-katana\/katana-bankai-tensa-zangetsu-ichigo-104cm\/\" \/>\n<meta property=\"og:site_name\" content=\"R\u00e9plique Manga Cin\u00e9\" \/>\n<meta property=\"article:publisher\" content=\"https:\/\/www.facebook.com\/RepliqueMangaCine\" \/>\n<meta property=\"article:modified_time\" content=\"2026-01-28T19:53:41+00:00\" \/>\n<meta property=\"og:image\" content=\"https:\/\/repliquemangacine.fr\/wp-content\/uploads\/2023\/10\/96-replique-katana-Ichigo-Tensa-Zangetsu-104cm.jpg\" \/>\n\t<meta property=\"og:image:width\" content=\"800\" \/>\n\t<meta property=\"og:image:height\" content=\"800\" \/>\n\t<meta property=\"og:image:type\" content=\"image\/jpeg\" \/>\n<meta name=\"twitter:card\" content=\"summary_large_image\" \/>\n<meta name=\"twitter:label1\" content=\"Tiempo de lectura\" \/>\n\t<meta name=\"twitter:data1\" content=\"3 minutos\" \/>\n<script type=\"application\/ld+json\" class=\"yoast-schema-graph\">{\"@context\":\"https:\\\/\\\/schema.org\",\"@graph\":[{\"@type\":\"WebPage\",\"@id\":\"https:\\\/\\\/repliquemangacine.fr\\\/katana-bleach\\\/katana-bankai-tensa-zangetsu-ichigo-104cm\\\/\",\"url\":\"https:\\\/\\\/repliquemangacine.fr\\\/katana-bleach\\\/katana-bankai-tensa-zangetsu-ichigo-104cm\\\/\",\"name\":\"Katana Banka\u00ef Ichigo 104cm - Bleach -Boutique en ligne | RMC\",\"isPartOf\":{\"@id\":\"https:\\\/\\\/repliquemangacine.fr\\\/#website\"},\"primaryImageOfPage\":{\"@id\":\"https:\\\/\\\/repliquemangacine.fr\\\/katana-bleach\\\/katana-bankai-tensa-zangetsu-ichigo-104cm\\\/#primaryimage\"},\"image\":{\"@id\":\"https:\\\/\\\/repliquemangacine.fr\\\/katana-bleach\\\/katana-bankai-tensa-zangetsu-ichigo-104cm\\\/#primaryimage\"},\"thumbnailUrl\":\"https:\\\/\\\/repliquemangacine.fr\\\/wp-content\\\/uploads\\\/2023\\\/10\\\/96-replique-katana-Ichigo-Tensa-Zangetsu-104cm.jpg\",\"datePublished\":\"2016-08-21T15:52:07+00:00\",\"dateModified\":\"2026-01-28T19:53:41+00:00\",\"description\":\"Commandez le premier Katana Banka\u00ef Ichigo 104cm Tensa Zangetsu au meilleur prix - Chaine bris\u00e9e - Lame en acier. Longueur totale : 104cm - Envoi 24\\\/48h\",\"breadcrumb\":{\"@id\":\"https:\\\/\\\/repliquemangacine.fr\\\/katana-bleach\\\/katana-bankai-tensa-zangetsu-ichigo-104cm\\\/#breadcrumb\"},\"inLanguage\":\"es\",\"potentialAction\":[{\"@type\":\"ReadAction\",\"target\":[\"https:\\\/\\\/repliquemangacine.fr\\\/katana-bleach\\\/katana-bankai-tensa-zangetsu-ichigo-104cm\\\/\"]}]},{\"@type\":\"ImageObject\",\"inLanguage\":\"es\",\"@id\":\"https:\\\/\\\/repliquemangacine.fr\\\/katana-bleach\\\/katana-bankai-tensa-zangetsu-ichigo-104cm\\\/#primaryimage\",\"url\":\"https:\\\/\\\/repliquemangacine.fr\\\/wp-content\\\/uploads\\\/2023\\\/10\\\/96-replique-katana-Ichigo-Tensa-Zangetsu-104cm.jpg\",\"contentUrl\":\"https:\\\/\\\/repliquemangacine.fr\\\/wp-content\\\/uploads\\\/2023\\\/10\\\/96-replique-katana-Ichigo-Tensa-Zangetsu-104cm.jpg\",\"width\":800,\"height\":800,\"caption\":\"r\u00e9plique katana Ichigo - Tensa Zangetsu 104cm\"},{\"@type\":\"BreadcrumbList\",\"@id\":\"https:\\\/\\\/repliquemangacine.fr\\\/katana-bleach\\\/katana-bankai-tensa-zangetsu-ichigo-104cm\\\/#breadcrumb\",\"itemListElement\":[{\"@type\":\"ListItem\",\"position\":1,\"name\":\"Accueil\",\"item\":\"https:\\\/\\\/repliquemangacine.fr\\\/\"},{\"@type\":\"ListItem\",\"position\":2,\"name\":\"Produits\",\"item\":\"https:\\\/\\\/repliquemangacine.fr\\\/boutique\\\/\"},{\"@type\":\"ListItem\",\"position\":3,\"name\":\"Katana Banka\u00ef Ichigo 104cm\"}]},{\"@type\":\"WebSite\",\"@id\":\"https:\\\/\\\/repliquemangacine.fr\\\/#website\",\"url\":\"https:\\\/\\\/repliquemangacine.fr\\\/\",\"name\":\"R\u00e9plique Manga Cin\u00e9\",\"description\":\"\",\"publisher\":{\"@id\":\"https:\\\/\\\/repliquemangacine.fr\\\/#organization\"},\"potentialAction\":[{\"@type\":\"SearchAction\",\"target\":{\"@type\":\"EntryPoint\",\"urlTemplate\":\"https:\\\/\\\/repliquemangacine.fr\\\/?s={search_term_string}\"},\"query-input\":{\"@type\":\"PropertyValueSpecification\",\"valueRequired\":true,\"valueName\":\"search_term_string\"}}],\"inLanguage\":\"es\"},{\"@type\":\"Organization\",\"@id\":\"https:\\\/\\\/repliquemangacine.fr\\\/#organization\",\"name\":\"R\u00e9plique Manga Cin\u00e9\",\"url\":\"https:\\\/\\\/repliquemangacine.fr\\\/\",\"logo\":{\"@type\":\"ImageObject\",\"inLanguage\":\"es\",\"@id\":\"https:\\\/\\\/repliquemangacine.fr\\\/#\\\/schema\\\/logo\\\/image\\\/\",\"url\":\"https:\\\/\\\/repliquemangacine.fr\\\/wp-content\\\/uploads\\\/2023\\\/10\\\/RMC-500250.png\",\"contentUrl\":\"https:\\\/\\\/repliquemangacine.fr\\\/wp-content\\\/uploads\\\/2023\\\/10\\\/RMC-500250.png\",\"width\":500,\"height\":250,\"caption\":\"R\u00e9plique Manga Cin\u00e9\"},\"image\":{\"@id\":\"https:\\\/\\\/repliquemangacine.fr\\\/#\\\/schema\\\/logo\\\/image\\\/\"},\"sameAs\":[\"https:\\\/\\\/www.facebook.com\\\/RepliqueMangaCine\",\"https:\\\/\\\/www.instagram.com\\\/repliquemangacine.fr\\\/\"]}]}<\/script>\n<!-- \/ Yoast SEO plugin. -->","yoast_head_json":{"title":"Katana Banka\u00ef Ichigo 104cm - Bleach - Tienda Online | RMC","description":"Encargar la primera Katana Banka\u00ef Ichigo 104cm Tensa Zangetsu al mejor precio - Cadena rota - Hoja de acero. Longitud total: 104cm - Env\u00edo 24\/48h","robots":{"index":"index","follow":"follow","max-snippet":"max-snippet:-1","max-image-preview":"max-image-preview:large","max-video-preview":"max-video-preview:-1"},"canonical":"https:\/\/repliquemangacine.fr\/es\/blanqueador-katana\/katana-bankai-tensa-zangetsu-ichigo-104cm\/","og_locale":"es_ES","og_type":"article","og_title":"Katana Banka\u00ef Ichigo 104cm - Bleach -Boutique en ligne | RMC","og_description":"Commandez le premier Katana Banka\u00ef Ichigo 104cm Tensa Zangetsu au meilleur prix - Chaine bris\u00e9e - Lame en acier. Longueur totale : 104cm - Envoi 24\/48h","og_url":"https:\/\/repliquemangacine.fr\/es\/blanqueador-katana\/katana-bankai-tensa-zangetsu-ichigo-104cm\/","og_site_name":"R\u00e9plique Manga Cin\u00e9","article_publisher":"https:\/\/www.facebook.com\/RepliqueMangaCine","article_modified_time":"2026-01-28T19:53:41+00:00","og_image":[{"width":800,"height":800,"url":"https:\/\/repliquemangacine.fr\/wp-content\/uploads\/2023\/10\/96-replique-katana-Ichigo-Tensa-Zangetsu-104cm.jpg","type":"image\/jpeg"}],"twitter_card":"summary_large_image","twitter_misc":{"Tiempo de lectura":"3 minutos"},"schema":{"@context":"https:\/\/schema.org","@graph":[{"@type":"WebPage","@id":"https:\/\/repliquemangacine.fr\/katana-bleach\/katana-bankai-tensa-zangetsu-ichigo-104cm\/","url":"https:\/\/repliquemangacine.fr\/katana-bleach\/katana-bankai-tensa-zangetsu-ichigo-104cm\/","name":"Katana Banka\u00ef Ichigo 104cm - Bleach - Tienda Online | RMC","isPartOf":{"@id":"https:\/\/repliquemangacine.fr\/#website"},"primaryImageOfPage":{"@id":"https:\/\/repliquemangacine.fr\/katana-bleach\/katana-bankai-tensa-zangetsu-ichigo-104cm\/#primaryimage"},"image":{"@id":"https:\/\/repliquemangacine.fr\/katana-bleach\/katana-bankai-tensa-zangetsu-ichigo-104cm\/#primaryimage"},"thumbnailUrl":"https:\/\/repliquemangacine.fr\/wp-content\/uploads\/2023\/10\/96-replique-katana-Ichigo-Tensa-Zangetsu-104cm.jpg","datePublished":"2016-08-21T15:52:07+00:00","dateModified":"2026-01-28T19:53:41+00:00","description":"Encargar la primera Katana Banka\u00ef Ichigo 104cm Tensa Zangetsu al mejor precio - Cadena rota - Hoja de acero. Longitud total: 104cm - Env\u00edo 24\/48h","breadcrumb":{"@id":"https:\/\/repliquemangacine.fr\/katana-bleach\/katana-bankai-tensa-zangetsu-ichigo-104cm\/#breadcrumb"},"inLanguage":"es","potentialAction":[{"@type":"ReadAction","target":["https:\/\/repliquemangacine.fr\/katana-bleach\/katana-bankai-tensa-zangetsu-ichigo-104cm\/"]}]},{"@type":"ImageObject","inLanguage":"es","@id":"https:\/\/repliquemangacine.fr\/katana-bleach\/katana-bankai-tensa-zangetsu-ichigo-104cm\/#primaryimage","url":"https:\/\/repliquemangacine.fr\/wp-content\/uploads\/2023\/10\/96-replique-katana-Ichigo-Tensa-Zangetsu-104cm.jpg","contentUrl":"https:\/\/repliquemangacine.fr\/wp-content\/uploads\/2023\/10\/96-replique-katana-Ichigo-Tensa-Zangetsu-104cm.jpg","width":800,"height":800,"caption":"r\u00e9plique katana Ichigo - Tensa Zangetsu 104cm"},{"@type":"BreadcrumbList","@id":"https:\/\/repliquemangacine.fr\/katana-bleach\/katana-bankai-tensa-zangetsu-ichigo-104cm\/#breadcrumb","itemListElement":[{"@type":"ListItem","position":1,"name":"Accueil","item":"https:\/\/repliquemangacine.fr\/"},{"@type":"ListItem","position":2,"name":"Produits","item":"https:\/\/repliquemangacine.fr\/boutique\/"},{"@type":"ListItem","position":3,"name":"Katana Banka\u00ef Ichigo 104cm"}]},{"@type":"WebSite","@id":"https:\/\/repliquemangacine.fr\/#website","url":"https:\/\/repliquemangacine.fr\/","name":"R\u00e9plique Manga Cin\u00e9","description":"","publisher":{"@id":"https:\/\/repliquemangacine.fr\/#organization"},"potentialAction":[{"@type":"SearchAction","target":{"@type":"EntryPoint","urlTemplate":"https:\/\/repliquemangacine.fr\/?s={search_term_string}"},"query-input":{"@type":"PropertyValueSpecification","valueRequired":true,"valueName":"search_term_string"}}],"inLanguage":"es"},{"@type":"Organization","@id":"https:\/\/repliquemangacine.fr\/#organization","name":"R\u00e9plique Manga Cin\u00e9","url":"https:\/\/repliquemangacine.fr\/","logo":{"@type":"ImageObject","inLanguage":"es","@id":"https:\/\/repliquemangacine.fr\/#\/schema\/logo\/image\/","url":"https:\/\/repliquemangacine.fr\/wp-content\/uploads\/2023\/10\/RMC-500250.png","contentUrl":"https:\/\/repliquemangacine.fr\/wp-content\/uploads\/2023\/10\/RMC-500250.png","width":500,"height":250,"caption":"R\u00e9plique Manga Cin\u00e9"},"image":{"@id":"https:\/\/repliquemangacine.fr\/#\/schema\/logo\/image\/"},"sameAs":["https:\/\/www.facebook.com\/RepliqueMangaCine","https:\/\/www.instagram.com\/repliquemangacine.fr\/"]}]}},"_links":{"self":[{"href":"https:\/\/repliquemangacine.fr\/es\/wp-json\/wp\/v2\/product\/25282","targetHints":{"allow":["GET"]}}],"collection":[{"href":"https:\/\/repliquemangacine.fr\/es\/wp-json\/wp\/v2\/product"}],"about":[{"href":"https:\/\/repliquemangacine.fr\/es\/wp-json\/wp\/v2\/types\/product"}],"wp:featuredmedia":[{"embeddable":true,"href":"https:\/\/repliquemangacine.fr\/es\/wp-json\/wp\/v2\/media\/25283"}],"wp:attachment":[{"href":"https:\/\/repliquemangacine.fr\/es\/wp-json\/wp\/v2\/media?parent=25282"}],"wp:term":[{"taxonomy":"product_brand","embeddable":true,"href":"https:\/\/repliquemangacine.fr\/es\/wp-json\/wp\/v2\/product_brand?post=25282"},{"taxonomy":"product_cat","embeddable":true,"href":"https:\/\/repliquemangacine.fr\/es\/wp-json\/wp\/v2\/product_cat?post=25282"},{"taxonomy":"product_tag","embeddable":true,"href":"https:\/\/repliquemangacine.fr\/es\/wp-json\/wp\/v2\/product_tag?post=25282"}],"curies":[{"name":"wp","href":"https:\/\/api.w.org\/{rel}","templated":true}]}}