





{"id":25247,"date":"2016-08-17T15:09:01","date_gmt":"2016-08-17T13:09:01","guid":{"rendered":"https:\/\/repliquemangacine.fr\/?post_type=product&#038;p=25247"},"modified":"2026-04-15T13:04:29","modified_gmt":"2026-04-15T11:04:29","slug":"fusil-dassaut-m16-a1","status":"publish","type":"product","link":"https:\/\/repliquemangacine.fr\/es\/fusil-d-assaut-fusil-moderne\/fusil-dassaut-m16-a1\/","title":{"rendered":"Fusil de asalto M16A1"},"content":{"rendered":"<h2>R\u00e9plica del fusil de asalto M16 A1 - Denix<\/h2>\n<p>Para empezar, el <strong>Fusil de asalto M16 A1<\/strong> Es el arma individual reglamentaria del ej\u00e9rcito estadounidense en Vietnam desde 1967. El M16 fue adoptado oficialmente por la Fuerza A\u00e9rea de los Estados Unidos en 1964 y por el Ej\u00e9rcito de los Estados Unidos en 1967.<\/p>\n<p>La innovaci\u00f3n de Colt consiste en el uso de munici\u00f3n de peque\u00f1o calibre. Armalite desarroll\u00f3 una potente munici\u00f3n de calibre .22, es decir, de aproximadamente 5,6 mm.<\/p>\n<p>La nueva munici\u00f3n desarrollada para el M16 permit\u00eda a los soldados llevar m\u00e1s cartuchos en las operaciones y beneficiarse de un arma vers\u00e1til con un alcance, una precisi\u00f3n y una potencia tan adecuados como los del AK-47.<\/p>\n<p>M\u00e1s de cincuenta a\u00f1os despu\u00e9s de su dise\u00f1o, sigue siendo el arma individual de los soldados estadounidenses, con la versi\u00f3n A4 utilizada actualmente.<\/p>\n<h2>Tu Fusil de asalto M16 A1 al mejor precio.<\/h2>\n<p>Ofrecemos una amplia gama de reproducciones de armas hist\u00f3ricas.<\/p>\n<p>Lo primero y m\u00e1s importante,<\/p>\n<ul>\n<li>Le <a href=\"https:\/\/repliquemangacine.fr\/es\/reproducciones-darmes\/subametralladora-mp40\/\">Pistola ametralladora MP40<\/a> de la abreviatura alemana Maschinenpistole 1940.<\/li>\n<li>As\u00ed como el <a href=\"https:\/\/repliquemangacine.fr\/es\/reproducciones-darmes\/lee-enfield-smle-mark-iii-rifle-ingles\/\">Fusil ingl\u00e9s Lee-Enfield<\/a> SMLE Mark III.<\/li>\n<li>Tambi\u00e9n existe la <a href=\"https:\/\/repliquemangacine.fr\/es\/reproducciones-darmes\/pistola-ametralladora-ppsh-41-urss\/\">Ametralladora rusa PPSH 41<\/a> URSS 1941<\/li>\n<li>Y muchos m\u00e1s por descubrir en nuestra tienda en l\u00ednea.<\/li>\n<\/ul>\n<p>Por eso es una magn\u00edfica idea de regalo para todos los amantes de las armas hist\u00f3ricas.<\/p>\n<p>En conclusi\u00f3n, puede utilizar este <strong>Fusil de asalto M16<\/strong> <strong>A1<\/strong> para sus reconstrucciones hist\u00f3ricas.<\/p>\n<p>Por encima de todo, esta arma es un objeto de colecci\u00f3n y una pieza decorativa.<\/p>\n<p>R\u00e9plique Manga Cin\u00e9 es una empresa francesa, distribuidora oficial de la marca. <a href=\"https:\/\/www.denix.fr\/fr\/catalogue\/armes-modernes-1945-1982\/carabines-carabines-et-fusils\/1133\/\" target=\"_blank\" rel=\"noopener noreferrer\">Denix<\/a>.<\/p>\n<h2>\u00bfC\u00f3mo se fabrican las r\u00e9plicas de armas Denix?<\/h2>\n<p>Utilizadas en recreaciones hist\u00f3ricas, pel\u00edculas, series y por coleccionistas. Las reproducciones Denix est\u00e1n fabricadas con materiales de alta calidad. Cuidadosamente elaboradas y ensambladas para crear armas de colecci\u00f3n realistas.<\/p>\n<ul>\n<li>Los metales se encuentran en una aleaci\u00f3n met\u00e1lica conocida como Zamac, cuya composici\u00f3n b\u00e1sica es zinc en 95%.<\/li>\n<li>Las piezas de pl\u00e1stico de las r\u00e9plicas son de ABS moldeado, que ofrece una gran resistencia.<\/li>\n<li>Las maderas elegidas por su belleza y durabilidad, como la caoba, el olivo o el nogal, dar\u00e1n a sus culatas y barricas un aspecto elegante y aut\u00e9ntico.<\/li>\n<\/ul>\n<p>Cabe se\u00f1alar que todas las reproducciones Denix son id\u00e9nticas a los originales, como su <strong>Fusil de asalto M16 A1<\/strong>.<\/p>","protected":false},"excerpt":{"rendered":"<p>Estrictamente id\u00e9ntico al original, reproducci\u00f3n del fusil de asalto M16.<\/p>\n<ul>\n<li>Todo de metal y ABS moldeado (culata y ca\u00f1\u00f3n).<\/li>\n<li>Piezas met\u00e1licas en Zamac.<\/li>\n<li>Cargador extra\u00edble.<\/li>\n<li>Armas y huelgas.<\/li>\n<li>No apto para disparar.<\/li>\n<li>No se requiere autorizaci\u00f3n. Venta y posesi\u00f3n libres<\/li>\n<li>Longitud total: 98 cm - Peso: 3335 g<\/li>\n<\/ul>\n<p><iframe title=\"Reproductor de v\u00eddeo YouTube\" src=\"https:\/\/www.youtube.com\/embed\/m7OXLHGBu1s\" width=\"560\" height=\"315\" frameborder=\"0\" allowfullscreen=\"allowfullscreen\"><\/iframe><\/p>","protected":false},"featured_media":25248,"template":"","meta":[],"product_brand":[896],"product_cat":[102,46,28],"product_tag":[],"class_list":{"0":"post-25247","1":"product","2":"type-product","3":"status-publish","4":"has-post-thumbnail","6":"product_brand-replique-manga-cine","7":"product_cat-denix","8":"product_cat-fusil-d-assaut-fusil-moderne","9":"product_cat-repliques-darmes","11":"first","12":"instock","13":"sale","14":"taxable","15":"shipping-taxable","16":"purchasable","17":"product-type-simple"},"yoast_head":"<!-- This site is optimized with the Yoast SEO plugin v27.4 - https:\/\/yoast.com\/product\/yoast-seo-wordpress\/ -->\n<title>Fusil d&#039;assaut M16 A1 - Armes Denix | R\u00e9plique Manga Cin\u00e9<\/title>\n<meta name=\"description\" content=\"Offrez-vous le Fusil d&#039;assaut M16 A1 au meilleur prix - En m\u00e9tal et ABS - M\u00e9canisme fonctionnel - Simulations de tirs - Longueur : 98 cm\" \/>\n<meta name=\"robots\" content=\"index, follow, max-snippet:-1, max-image-preview:large, max-video-preview:-1\" \/>\n<link rel=\"canonical\" href=\"https:\/\/repliquemangacine.fr\/es\/fusil-de-asalto-fusil-moderno\/fusil-dassaut-m16-a1\/\" \/>\n<meta property=\"og:locale\" content=\"es_ES\" \/>\n<meta property=\"og:type\" content=\"article\" \/>\n<meta property=\"og:title\" content=\"Fusil d&#039;assaut M16 A1 - Armes Denix | R\u00e9plique Manga Cin\u00e9\" \/>\n<meta property=\"og:description\" content=\"Offrez-vous le Fusil d&#039;assaut M16 A1 au meilleur prix - En m\u00e9tal et ABS - M\u00e9canisme fonctionnel - Simulations de tirs - Longueur : 98 cm\" \/>\n<meta property=\"og:url\" content=\"https:\/\/repliquemangacine.fr\/es\/fusil-de-asalto-fusil-moderno\/fusil-dassaut-m16-a1\/\" \/>\n<meta property=\"og:site_name\" content=\"R\u00e9plique Manga Cin\u00e9\" \/>\n<meta property=\"article:publisher\" content=\"https:\/\/www.facebook.com\/RepliqueMangaCine\" \/>\n<meta property=\"article:modified_time\" content=\"2026-04-15T11:04:29+00:00\" \/>\n<meta property=\"og:image\" content=\"https:\/\/repliquemangacine.fr\/wp-content\/uploads\/2023\/10\/Fusil-DAssaut-M16A1.jpg\" \/>\n\t<meta property=\"og:image:width\" content=\"500\" \/>\n\t<meta property=\"og:image:height\" content=\"500\" \/>\n\t<meta property=\"og:image:type\" content=\"image\/jpeg\" \/>\n<meta name=\"twitter:card\" content=\"summary_large_image\" \/>\n<meta name=\"twitter:label1\" content=\"Tiempo de lectura\" \/>\n\t<meta name=\"twitter:data1\" content=\"2 minutos\" \/>\n<script type=\"application\/ld+json\" class=\"yoast-schema-graph\">{\"@context\":\"https:\\\/\\\/schema.org\",\"@graph\":[{\"@type\":\"WebPage\",\"@id\":\"https:\\\/\\\/repliquemangacine.fr\\\/fusil-d-assaut-fusil-moderne\\\/fusil-dassaut-m16-a1\\\/\",\"url\":\"https:\\\/\\\/repliquemangacine.fr\\\/fusil-d-assaut-fusil-moderne\\\/fusil-dassaut-m16-a1\\\/\",\"name\":\"Fusil d'assaut M16 A1 - Armes Denix | R\u00e9plique Manga Cin\u00e9\",\"isPartOf\":{\"@id\":\"https:\\\/\\\/repliquemangacine.fr\\\/#website\"},\"primaryImageOfPage\":{\"@id\":\"https:\\\/\\\/repliquemangacine.fr\\\/fusil-d-assaut-fusil-moderne\\\/fusil-dassaut-m16-a1\\\/#primaryimage\"},\"image\":{\"@id\":\"https:\\\/\\\/repliquemangacine.fr\\\/fusil-d-assaut-fusil-moderne\\\/fusil-dassaut-m16-a1\\\/#primaryimage\"},\"thumbnailUrl\":\"https:\\\/\\\/repliquemangacine.fr\\\/wp-content\\\/uploads\\\/2023\\\/10\\\/Fusil-DAssaut-M16A1.jpg\",\"datePublished\":\"2016-08-17T13:09:01+00:00\",\"dateModified\":\"2026-04-15T11:04:29+00:00\",\"description\":\"Offrez-vous le Fusil d'assaut M16 A1 au meilleur prix - En m\u00e9tal et ABS - M\u00e9canisme fonctionnel - Simulations de tirs - Longueur : 98 cm\",\"breadcrumb\":{\"@id\":\"https:\\\/\\\/repliquemangacine.fr\\\/fusil-d-assaut-fusil-moderne\\\/fusil-dassaut-m16-a1\\\/#breadcrumb\"},\"inLanguage\":\"es\",\"potentialAction\":[{\"@type\":\"ReadAction\",\"target\":[\"https:\\\/\\\/repliquemangacine.fr\\\/fusil-d-assaut-fusil-moderne\\\/fusil-dassaut-m16-a1\\\/\"]}]},{\"@type\":\"ImageObject\",\"inLanguage\":\"es\",\"@id\":\"https:\\\/\\\/repliquemangacine.fr\\\/fusil-d-assaut-fusil-moderne\\\/fusil-dassaut-m16-a1\\\/#primaryimage\",\"url\":\"https:\\\/\\\/repliquemangacine.fr\\\/wp-content\\\/uploads\\\/2023\\\/10\\\/Fusil-DAssaut-M16A1.jpg\",\"contentUrl\":\"https:\\\/\\\/repliquemangacine.fr\\\/wp-content\\\/uploads\\\/2023\\\/10\\\/Fusil-DAssaut-M16A1.jpg\",\"width\":500,\"height\":500,\"caption\":\"Fusil-d'assaut-M16 A1\"},{\"@type\":\"BreadcrumbList\",\"@id\":\"https:\\\/\\\/repliquemangacine.fr\\\/fusil-d-assaut-fusil-moderne\\\/fusil-dassaut-m16-a1\\\/#breadcrumb\",\"itemListElement\":[{\"@type\":\"ListItem\",\"position\":1,\"name\":\"Accueil\",\"item\":\"https:\\\/\\\/repliquemangacine.fr\\\/\"},{\"@type\":\"ListItem\",\"position\":2,\"name\":\"Produits\",\"item\":\"https:\\\/\\\/repliquemangacine.fr\\\/boutique\\\/\"},{\"@type\":\"ListItem\",\"position\":3,\"name\":\"Fusil d&#8217;Assaut M16A1\"}]},{\"@type\":\"WebSite\",\"@id\":\"https:\\\/\\\/repliquemangacine.fr\\\/#website\",\"url\":\"https:\\\/\\\/repliquemangacine.fr\\\/\",\"name\":\"R\u00e9plique Manga Cin\u00e9\",\"description\":\"\",\"publisher\":{\"@id\":\"https:\\\/\\\/repliquemangacine.fr\\\/#organization\"},\"potentialAction\":[{\"@type\":\"SearchAction\",\"target\":{\"@type\":\"EntryPoint\",\"urlTemplate\":\"https:\\\/\\\/repliquemangacine.fr\\\/?s={search_term_string}\"},\"query-input\":{\"@type\":\"PropertyValueSpecification\",\"valueRequired\":true,\"valueName\":\"search_term_string\"}}],\"inLanguage\":\"es\"},{\"@type\":\"Organization\",\"@id\":\"https:\\\/\\\/repliquemangacine.fr\\\/#organization\",\"name\":\"R\u00e9plique Manga Cin\u00e9\",\"url\":\"https:\\\/\\\/repliquemangacine.fr\\\/\",\"logo\":{\"@type\":\"ImageObject\",\"inLanguage\":\"es\",\"@id\":\"https:\\\/\\\/repliquemangacine.fr\\\/#\\\/schema\\\/logo\\\/image\\\/\",\"url\":\"https:\\\/\\\/repliquemangacine.fr\\\/wp-content\\\/uploads\\\/2023\\\/10\\\/RMC-500250.png\",\"contentUrl\":\"https:\\\/\\\/repliquemangacine.fr\\\/wp-content\\\/uploads\\\/2023\\\/10\\\/RMC-500250.png\",\"width\":500,\"height\":250,\"caption\":\"R\u00e9plique Manga Cin\u00e9\"},\"image\":{\"@id\":\"https:\\\/\\\/repliquemangacine.fr\\\/#\\\/schema\\\/logo\\\/image\\\/\"},\"sameAs\":[\"https:\\\/\\\/www.facebook.com\\\/RepliqueMangaCine\",\"https:\\\/\\\/www.instagram.com\\\/repliquemangacine.fr\\\/\"]}]}<\/script>\n<!-- \/ Yoast SEO plugin. -->","yoast_head_json":{"title":"Fusil de asalto M16 A1 - Armes Denix | R\u00e9plique Manga Cin\u00e9","description":"Reg\u00e1late el fusil de asalto M16 A1 al mejor precio - En metal y ABS - Mecanismo funcional - Tiro simulado - Longitud: 98 cm","robots":{"index":"index","follow":"follow","max-snippet":"max-snippet:-1","max-image-preview":"max-image-preview:large","max-video-preview":"max-video-preview:-1"},"canonical":"https:\/\/repliquemangacine.fr\/es\/fusil-de-asalto-fusil-moderno\/fusil-dassaut-m16-a1\/","og_locale":"es_ES","og_type":"article","og_title":"Fusil d'assaut M16 A1 - Armes Denix | R\u00e9plique Manga Cin\u00e9","og_description":"Offrez-vous le Fusil d'assaut M16 A1 au meilleur prix - En m\u00e9tal et ABS - M\u00e9canisme fonctionnel - Simulations de tirs - Longueur : 98 cm","og_url":"https:\/\/repliquemangacine.fr\/es\/fusil-de-asalto-fusil-moderno\/fusil-dassaut-m16-a1\/","og_site_name":"R\u00e9plique Manga Cin\u00e9","article_publisher":"https:\/\/www.facebook.com\/RepliqueMangaCine","article_modified_time":"2026-04-15T11:04:29+00:00","og_image":[{"width":500,"height":500,"url":"https:\/\/repliquemangacine.fr\/wp-content\/uploads\/2023\/10\/Fusil-DAssaut-M16A1.jpg","type":"image\/jpeg"}],"twitter_card":"summary_large_image","twitter_misc":{"Tiempo de lectura":"2 minutos"},"schema":{"@context":"https:\/\/schema.org","@graph":[{"@type":"WebPage","@id":"https:\/\/repliquemangacine.fr\/fusil-d-assaut-fusil-moderne\/fusil-dassaut-m16-a1\/","url":"https:\/\/repliquemangacine.fr\/fusil-d-assaut-fusil-moderne\/fusil-dassaut-m16-a1\/","name":"Fusil de asalto M16 A1 - Armes Denix | R\u00e9plique Manga Cin\u00e9","isPartOf":{"@id":"https:\/\/repliquemangacine.fr\/#website"},"primaryImageOfPage":{"@id":"https:\/\/repliquemangacine.fr\/fusil-d-assaut-fusil-moderne\/fusil-dassaut-m16-a1\/#primaryimage"},"image":{"@id":"https:\/\/repliquemangacine.fr\/fusil-d-assaut-fusil-moderne\/fusil-dassaut-m16-a1\/#primaryimage"},"thumbnailUrl":"https:\/\/repliquemangacine.fr\/wp-content\/uploads\/2023\/10\/Fusil-DAssaut-M16A1.jpg","datePublished":"2016-08-17T13:09:01+00:00","dateModified":"2026-04-15T11:04:29+00:00","description":"Reg\u00e1late el fusil de asalto M16 A1 al mejor precio - En metal y ABS - Mecanismo funcional - Tiro simulado - Longitud: 98 cm","breadcrumb":{"@id":"https:\/\/repliquemangacine.fr\/fusil-d-assaut-fusil-moderne\/fusil-dassaut-m16-a1\/#breadcrumb"},"inLanguage":"es","potentialAction":[{"@type":"ReadAction","target":["https:\/\/repliquemangacine.fr\/fusil-d-assaut-fusil-moderne\/fusil-dassaut-m16-a1\/"]}]},{"@type":"ImageObject","inLanguage":"es","@id":"https:\/\/repliquemangacine.fr\/fusil-d-assaut-fusil-moderne\/fusil-dassaut-m16-a1\/#primaryimage","url":"https:\/\/repliquemangacine.fr\/wp-content\/uploads\/2023\/10\/Fusil-DAssaut-M16A1.jpg","contentUrl":"https:\/\/repliquemangacine.fr\/wp-content\/uploads\/2023\/10\/Fusil-DAssaut-M16A1.jpg","width":500,"height":500,"caption":"Fusil-d'assaut-M16 A1"},{"@type":"BreadcrumbList","@id":"https:\/\/repliquemangacine.fr\/fusil-d-assaut-fusil-moderne\/fusil-dassaut-m16-a1\/#breadcrumb","itemListElement":[{"@type":"ListItem","position":1,"name":"Accueil","item":"https:\/\/repliquemangacine.fr\/"},{"@type":"ListItem","position":2,"name":"Produits","item":"https:\/\/repliquemangacine.fr\/boutique\/"},{"@type":"ListItem","position":3,"name":"Fusil d&#8217;Assaut M16A1"}]},{"@type":"WebSite","@id":"https:\/\/repliquemangacine.fr\/#website","url":"https:\/\/repliquemangacine.fr\/","name":"R\u00e9plique Manga Cin\u00e9","description":"","publisher":{"@id":"https:\/\/repliquemangacine.fr\/#organization"},"potentialAction":[{"@type":"SearchAction","target":{"@type":"EntryPoint","urlTemplate":"https:\/\/repliquemangacine.fr\/?s={search_term_string}"},"query-input":{"@type":"PropertyValueSpecification","valueRequired":true,"valueName":"search_term_string"}}],"inLanguage":"es"},{"@type":"Organization","@id":"https:\/\/repliquemangacine.fr\/#organization","name":"R\u00e9plique Manga Cin\u00e9","url":"https:\/\/repliquemangacine.fr\/","logo":{"@type":"ImageObject","inLanguage":"es","@id":"https:\/\/repliquemangacine.fr\/#\/schema\/logo\/image\/","url":"https:\/\/repliquemangacine.fr\/wp-content\/uploads\/2023\/10\/RMC-500250.png","contentUrl":"https:\/\/repliquemangacine.fr\/wp-content\/uploads\/2023\/10\/RMC-500250.png","width":500,"height":250,"caption":"R\u00e9plique Manga Cin\u00e9"},"image":{"@id":"https:\/\/repliquemangacine.fr\/#\/schema\/logo\/image\/"},"sameAs":["https:\/\/www.facebook.com\/RepliqueMangaCine","https:\/\/www.instagram.com\/repliquemangacine.fr\/"]}]}},"_links":{"self":[{"href":"https:\/\/repliquemangacine.fr\/es\/wp-json\/wp\/v2\/product\/25247","targetHints":{"allow":["GET"]}}],"collection":[{"href":"https:\/\/repliquemangacine.fr\/es\/wp-json\/wp\/v2\/product"}],"about":[{"href":"https:\/\/repliquemangacine.fr\/es\/wp-json\/wp\/v2\/types\/product"}],"wp:featuredmedia":[{"embeddable":true,"href":"https:\/\/repliquemangacine.fr\/es\/wp-json\/wp\/v2\/media\/25248"}],"wp:attachment":[{"href":"https:\/\/repliquemangacine.fr\/es\/wp-json\/wp\/v2\/media?parent=25247"}],"wp:term":[{"taxonomy":"product_brand","embeddable":true,"href":"https:\/\/repliquemangacine.fr\/es\/wp-json\/wp\/v2\/product_brand?post=25247"},{"taxonomy":"product_cat","embeddable":true,"href":"https:\/\/repliquemangacine.fr\/es\/wp-json\/wp\/v2\/product_cat?post=25247"},{"taxonomy":"product_tag","embeddable":true,"href":"https:\/\/repliquemangacine.fr\/es\/wp-json\/wp\/v2\/product_tag?post=25247"}],"curies":[{"name":"wp","href":"https:\/\/api.w.org\/{rel}","templated":true}]}}