





{"id":25194,"date":"2016-08-14T12:47:42","date_gmt":"2016-08-14T10:47:42","guid":{"rendered":"https:\/\/repliquemangacine.fr\/?post_type=product&#038;p=25194"},"modified":"2025-12-04T12:26:58","modified_gmt":"2025-12-04T11:26:58","slug":"fusil-aleman-stg-44-stumgewehr","status":"publish","type":"product","link":"https:\/\/repliquemangacine.fr\/es\/reproductions-armes-seconde-guerre-mondiale-denix\/fusil-allemand-stg-44-stumgewehr\/","title":{"rendered":"Rifle STG44"},"content":{"rendered":"<h2>Fusil alem\u00e1n StG.44 Stumgewehr 1943 - Denix<\/h2>\n<p>Para empezar, el <strong>Fusil alem\u00e1n StG.44 Stumgewehr<\/strong>, rifle de asalto desarrollado en Alemania durante el Tercer Reich, en 1942, durante la Segunda Guerra Mundial. Se le considera generalmente el precursor de los rifles de asalto modernos.<\/p>\n<p>Ofrec\u00eda una alternativa entre la metralleta MP 40 y el fusil Mauser 98K. Desarrollado en 1942, este concepto h\u00edbrido dar\u00eda lugar a un arma con cualidades excepcionales para la \u00e9poca.<\/p>\n<p>Hitler se entera de la existencia de esta arma al leer los informes de campo, y no por sus subordinados inmediatos. Estos informes solicitaban su distribuci\u00f3n masiva, y su fabricaci\u00f3n en serie se autoriz\u00f3 a partir de 1944, con la denominaci\u00f3n oficial de Sturmgewehr 44.<\/p>\n<p>Utilizado masivamente durante la batalla de las Ardenas, donde el Sturmgewehr 44 demostr\u00f3 su formidable eficacia.<\/p>\n<h2>Su fusil alem\u00e1n StG.44 Stumgewehr al mejor precio.<\/h2>\n<p>Ofrecemos una amplia gama de reproducciones de armas hist\u00f3ricas.<\/p>\n<p>Lo primero y m\u00e1s importante,<\/p>\n<ul>\n<li>La ametralladora <a href=\"https:\/\/repliquemangacine.fr\/es\/guerra-mundial\/subametralladora-mp41\/\">Maschinen Pistole 41<\/a> (MP41), hermano peque\u00f1o del MP40 con culata de madera.<\/li>\n<li>Adem\u00e1s de la reproducci\u00f3n de <a href=\"https:\/\/repliquemangacine.fr\/es\/reproducciones-darmes\/pistola-ametralladora-ppsh-41-urss\/\">Pistola ametralladora PPSH 41<\/a> Ruso.<\/li>\n<li>Tambi\u00e9n existe la <a href=\"https:\/\/repliquemangacine.fr\/es\/reproducciones-darmes\/fusil-mauser-k98\/\">Fusil alem\u00e1n Mauser k98<\/a> fabricado por Denix.<\/li>\n<li>Y muchos m\u00e1s por descubrir en nuestra tienda en l\u00ednea.<\/li>\n<\/ul>\n<p>Por eso es una magn\u00edfica idea de regalo para todos los amantes de las armas hist\u00f3ricas.<\/p>\n<p>En conclusi\u00f3n, puede utilizar este <strong>Fusil alem\u00e1n StG.44 Stumgewehr<\/strong> para sus recreaciones hist\u00f3ricas. Pero, sobre todo, esta arma es una pieza de coleccionista y una pieza decorativa.<\/p>\n<p>R\u00e9plique Manga Cin\u00e9 es una empresa francesa y distribuidor oficial de la marca <a href=\"https:\/\/www.denix.fr\/fr\/catalogue\/guerres-mondiales-1914-1945\/mitraillettes-et-mitrailleuses\/1125-c\/\" target=\"_blank\" rel=\"noopener noreferrer\">Denix<\/a>.<\/p>\n<h2>\u00bfC\u00f3mo se fabrican las r\u00e9plicas de armas Denix?<\/h2>\n<p>Utilizadas en recreaciones hist\u00f3ricas, pel\u00edculas, series y por coleccionistas. Las reproducciones Denix est\u00e1n fabricadas con materiales de alta calidad. Cuidadosamente elaboradas y ensambladas para crear armas de colecci\u00f3n realistas.<\/p>\n<ul>\n<li>Los metales se encuentran en una aleaci\u00f3n met\u00e1lica conocida como Zamac, cuya composici\u00f3n b\u00e1sica es zinc en 95%.<\/li>\n<li>Las piezas de pl\u00e1stico de las r\u00e9plicas son de ABS moldeado, que ofrece una gran resistencia.<\/li>\n<li>Las maderas elegidas por su belleza y durabilidad, como la caoba, el olivo o el nogal, dar\u00e1n a sus culatas y barricas un aspecto elegante y aut\u00e9ntico.<\/li>\n<\/ul>\n<p>Cabe se\u00f1alar que todas las reproducciones Denix son id\u00e9nticas a los originales, como su <strong>Fusil alem\u00e1n StG.44 Stumgewehr<\/strong>.<\/p>","protected":false},"excerpt":{"rendered":"<p>Reproducci\u00f3n del fusil de asalto Sturmgewehr MP44 (STG44).<\/p>\n<ul>\n<li>Culata de madera maciza.<\/li>\n<li>Marco de Zamac.<\/li>\n<li>Cargador incluido<\/li>\n<li>Se entrega con correa de cuero.<\/li>\n<li>Se dispara y se estrella, pero es <strong>totalmente incapaz de disparar<\/strong>.<\/li>\n<li>No se requiere autorizaci\u00f3n. Venta y posesi\u00f3n libres<\/li>\n<li>Longitud total: 93 cm - Peso: 4824 grs<\/li>\n<\/ul>\n<p><iframe title=\"Reproductor de v\u00eddeo YouTube\" src=\"https:\/\/www.youtube.com\/embed\/LZuaMfPxVdw\" width=\"560\" height=\"315\" frameborder=\"0\" allowfullscreen=\"allowfullscreen\"><\/iframe><\/p>","protected":false},"featured_media":92087,"template":"","meta":[],"product_brand":[896],"product_cat":[25,46,54,28,76],"product_tag":[],"class_list":{"0":"post-25194","1":"product","2":"type-product","3":"status-publish","4":"has-post-thumbnail","6":"product_brand-replique-manga-cine","7":"product_cat-armes-historiques","8":"product_cat-fusil-d-assaut-fusil-moderne","9":"product_cat-armes-accessoires-guerre-mondiale","10":"product_cat-repliques-darmes","11":"product_cat-reproductions-armes-seconde-guerre-mondiale-denix","13":"first","14":"instock","15":"sale","16":"taxable","17":"shipping-taxable","18":"purchasable","19":"product-type-simple"},"yoast_head":"<!-- This site is optimized with the Yoast SEO plugin v27.4 - https:\/\/yoast.com\/product\/yoast-seo-wordpress\/ -->\n<title>Fusil Allemand StG.44 Stumgewehr - Denix | R\u00e9plique Manga Cin\u00e9<\/title>\n<meta name=\"description\" content=\"Offrez-vous ce Fusil Allemand StG.44 Stumgewehr au meilleur prix - En m\u00e9tal et bois - M\u00e9canisme fonctionnel - Longueur totale : 93 cm - Poids : 4824 g\" \/>\n<meta name=\"robots\" content=\"index, follow, max-snippet:-1, max-image-preview:large, max-video-preview:-1\" \/>\n<link rel=\"canonical\" href=\"https:\/\/repliquemangacine.fr\/es\/reproduccion-armas-segunda-guerra-mundial-denix\/fusil-aleman-stg-44-stumgewehr\/\" \/>\n<meta property=\"og:locale\" content=\"es_ES\" \/>\n<meta property=\"og:type\" content=\"article\" \/>\n<meta property=\"og:title\" content=\"Fusil Allemand StG.44 Stumgewehr - Denix | R\u00e9plique Manga Cin\u00e9\" \/>\n<meta property=\"og:description\" content=\"Offrez-vous ce Fusil Allemand StG.44 Stumgewehr au meilleur prix - En m\u00e9tal et bois - M\u00e9canisme fonctionnel - Longueur totale : 93 cm - Poids : 4824 g\" \/>\n<meta property=\"og:url\" content=\"https:\/\/repliquemangacine.fr\/es\/reproduccion-armas-segunda-guerra-mundial-denix\/fusil-aleman-stg-44-stumgewehr\/\" \/>\n<meta property=\"og:site_name\" content=\"R\u00e9plique Manga Cin\u00e9\" \/>\n<meta property=\"article:publisher\" content=\"https:\/\/www.facebook.com\/RepliqueMangaCine\" \/>\n<meta property=\"article:modified_time\" content=\"2025-12-04T11:26:58+00:00\" \/>\n<meta property=\"og:image\" content=\"https:\/\/repliquemangacine.fr\/wp-content\/uploads\/2016\/08\/Fusil-Allemand-StG.44-Stumgewehr.jpg\" \/>\n\t<meta property=\"og:image:width\" content=\"700\" \/>\n\t<meta property=\"og:image:height\" content=\"700\" \/>\n\t<meta property=\"og:image:type\" content=\"image\/jpeg\" \/>\n<meta name=\"twitter:card\" content=\"summary_large_image\" \/>\n<meta name=\"twitter:label1\" content=\"Tiempo de lectura\" \/>\n\t<meta name=\"twitter:data1\" content=\"3 minutos\" \/>\n<script type=\"application\/ld+json\" class=\"yoast-schema-graph\">{\"@context\":\"https:\\\/\\\/schema.org\",\"@graph\":[{\"@type\":\"WebPage\",\"@id\":\"https:\\\/\\\/repliquemangacine.fr\\\/reproductions-armes-seconde-guerre-mondiale-denix\\\/fusil-allemand-stg-44-stumgewehr\\\/\",\"url\":\"https:\\\/\\\/repliquemangacine.fr\\\/reproductions-armes-seconde-guerre-mondiale-denix\\\/fusil-allemand-stg-44-stumgewehr\\\/\",\"name\":\"Fusil Allemand StG.44 Stumgewehr - Denix | R\u00e9plique Manga Cin\u00e9\",\"isPartOf\":{\"@id\":\"https:\\\/\\\/repliquemangacine.fr\\\/#website\"},\"primaryImageOfPage\":{\"@id\":\"https:\\\/\\\/repliquemangacine.fr\\\/reproductions-armes-seconde-guerre-mondiale-denix\\\/fusil-allemand-stg-44-stumgewehr\\\/#primaryimage\"},\"image\":{\"@id\":\"https:\\\/\\\/repliquemangacine.fr\\\/reproductions-armes-seconde-guerre-mondiale-denix\\\/fusil-allemand-stg-44-stumgewehr\\\/#primaryimage\"},\"thumbnailUrl\":\"https:\\\/\\\/repliquemangacine.fr\\\/wp-content\\\/uploads\\\/2016\\\/08\\\/Fusil-Allemand-StG.44-Stumgewehr.jpg\",\"datePublished\":\"2016-08-14T10:47:42+00:00\",\"dateModified\":\"2025-12-04T11:26:58+00:00\",\"description\":\"Offrez-vous ce Fusil Allemand StG.44 Stumgewehr au meilleur prix - En m\u00e9tal et bois - M\u00e9canisme fonctionnel - Longueur totale : 93 cm - Poids : 4824 g\",\"breadcrumb\":{\"@id\":\"https:\\\/\\\/repliquemangacine.fr\\\/reproductions-armes-seconde-guerre-mondiale-denix\\\/fusil-allemand-stg-44-stumgewehr\\\/#breadcrumb\"},\"inLanguage\":\"es\",\"potentialAction\":[{\"@type\":\"ReadAction\",\"target\":[\"https:\\\/\\\/repliquemangacine.fr\\\/reproductions-armes-seconde-guerre-mondiale-denix\\\/fusil-allemand-stg-44-stumgewehr\\\/\"]}]},{\"@type\":\"ImageObject\",\"inLanguage\":\"es\",\"@id\":\"https:\\\/\\\/repliquemangacine.fr\\\/reproductions-armes-seconde-guerre-mondiale-denix\\\/fusil-allemand-stg-44-stumgewehr\\\/#primaryimage\",\"url\":\"https:\\\/\\\/repliquemangacine.fr\\\/wp-content\\\/uploads\\\/2016\\\/08\\\/Fusil-Allemand-StG.44-Stumgewehr.jpg\",\"contentUrl\":\"https:\\\/\\\/repliquemangacine.fr\\\/wp-content\\\/uploads\\\/2016\\\/08\\\/Fusil-Allemand-StG.44-Stumgewehr.jpg\",\"width\":700,\"height\":700,\"caption\":\"Fusil Allemand StG.44 Stumgewehr denix\"},{\"@type\":\"BreadcrumbList\",\"@id\":\"https:\\\/\\\/repliquemangacine.fr\\\/reproductions-armes-seconde-guerre-mondiale-denix\\\/fusil-allemand-stg-44-stumgewehr\\\/#breadcrumb\",\"itemListElement\":[{\"@type\":\"ListItem\",\"position\":1,\"name\":\"Accueil\",\"item\":\"https:\\\/\\\/repliquemangacine.fr\\\/\"},{\"@type\":\"ListItem\",\"position\":2,\"name\":\"Produits\",\"item\":\"https:\\\/\\\/repliquemangacine.fr\\\/boutique\\\/\"},{\"@type\":\"ListItem\",\"position\":3,\"name\":\"Fusil STG44\"}]},{\"@type\":\"WebSite\",\"@id\":\"https:\\\/\\\/repliquemangacine.fr\\\/#website\",\"url\":\"https:\\\/\\\/repliquemangacine.fr\\\/\",\"name\":\"R\u00e9plique Manga Cin\u00e9\",\"description\":\"\",\"publisher\":{\"@id\":\"https:\\\/\\\/repliquemangacine.fr\\\/#organization\"},\"potentialAction\":[{\"@type\":\"SearchAction\",\"target\":{\"@type\":\"EntryPoint\",\"urlTemplate\":\"https:\\\/\\\/repliquemangacine.fr\\\/?s={search_term_string}\"},\"query-input\":{\"@type\":\"PropertyValueSpecification\",\"valueRequired\":true,\"valueName\":\"search_term_string\"}}],\"inLanguage\":\"es\"},{\"@type\":\"Organization\",\"@id\":\"https:\\\/\\\/repliquemangacine.fr\\\/#organization\",\"name\":\"R\u00e9plique Manga Cin\u00e9\",\"url\":\"https:\\\/\\\/repliquemangacine.fr\\\/\",\"logo\":{\"@type\":\"ImageObject\",\"inLanguage\":\"es\",\"@id\":\"https:\\\/\\\/repliquemangacine.fr\\\/#\\\/schema\\\/logo\\\/image\\\/\",\"url\":\"https:\\\/\\\/repliquemangacine.fr\\\/wp-content\\\/uploads\\\/2023\\\/10\\\/RMC-500250.png\",\"contentUrl\":\"https:\\\/\\\/repliquemangacine.fr\\\/wp-content\\\/uploads\\\/2023\\\/10\\\/RMC-500250.png\",\"width\":500,\"height\":250,\"caption\":\"R\u00e9plique Manga Cin\u00e9\"},\"image\":{\"@id\":\"https:\\\/\\\/repliquemangacine.fr\\\/#\\\/schema\\\/logo\\\/image\\\/\"},\"sameAs\":[\"https:\\\/\\\/www.facebook.com\\\/RepliqueMangaCine\",\"https:\\\/\\\/www.instagram.com\\\/repliquemangacine.fr\\\/\"]}]}<\/script>\n<!-- \/ Yoast SEO plugin. -->","yoast_head_json":{"title":"Fusil alem\u00e1n StG.44 Stumgewehr - Denix | R\u00e9plique Manga Cin\u00e9","description":"Reg\u00e1lese este fusil alem\u00e1n StG.44 Stumgewehr al mejor precio - En metal y madera - Mecanismo funcional - Longitud total: 93 cm - Peso: 4824 g","robots":{"index":"index","follow":"follow","max-snippet":"max-snippet:-1","max-image-preview":"max-image-preview:large","max-video-preview":"max-video-preview:-1"},"canonical":"https:\/\/repliquemangacine.fr\/es\/reproduccion-armas-segunda-guerra-mundial-denix\/fusil-aleman-stg-44-stumgewehr\/","og_locale":"es_ES","og_type":"article","og_title":"Fusil Allemand StG.44 Stumgewehr - Denix | R\u00e9plique Manga Cin\u00e9","og_description":"Offrez-vous ce Fusil Allemand StG.44 Stumgewehr au meilleur prix - En m\u00e9tal et bois - M\u00e9canisme fonctionnel - Longueur totale : 93 cm - Poids : 4824 g","og_url":"https:\/\/repliquemangacine.fr\/es\/reproduccion-armas-segunda-guerra-mundial-denix\/fusil-aleman-stg-44-stumgewehr\/","og_site_name":"R\u00e9plique Manga Cin\u00e9","article_publisher":"https:\/\/www.facebook.com\/RepliqueMangaCine","article_modified_time":"2025-12-04T11:26:58+00:00","og_image":[{"width":700,"height":700,"url":"https:\/\/repliquemangacine.fr\/wp-content\/uploads\/2016\/08\/Fusil-Allemand-StG.44-Stumgewehr.jpg","type":"image\/jpeg"}],"twitter_card":"summary_large_image","twitter_misc":{"Tiempo de lectura":"3 minutos"},"schema":{"@context":"https:\/\/schema.org","@graph":[{"@type":"WebPage","@id":"https:\/\/repliquemangacine.fr\/reproductions-armes-seconde-guerre-mondiale-denix\/fusil-allemand-stg-44-stumgewehr\/","url":"https:\/\/repliquemangacine.fr\/reproductions-armes-seconde-guerre-mondiale-denix\/fusil-allemand-stg-44-stumgewehr\/","name":"Fusil alem\u00e1n StG.44 Stumgewehr - Denix | R\u00e9plique Manga Cin\u00e9","isPartOf":{"@id":"https:\/\/repliquemangacine.fr\/#website"},"primaryImageOfPage":{"@id":"https:\/\/repliquemangacine.fr\/reproductions-armes-seconde-guerre-mondiale-denix\/fusil-allemand-stg-44-stumgewehr\/#primaryimage"},"image":{"@id":"https:\/\/repliquemangacine.fr\/reproductions-armes-seconde-guerre-mondiale-denix\/fusil-allemand-stg-44-stumgewehr\/#primaryimage"},"thumbnailUrl":"https:\/\/repliquemangacine.fr\/wp-content\/uploads\/2016\/08\/Fusil-Allemand-StG.44-Stumgewehr.jpg","datePublished":"2016-08-14T10:47:42+00:00","dateModified":"2025-12-04T11:26:58+00:00","description":"Reg\u00e1lese este fusil alem\u00e1n StG.44 Stumgewehr al mejor precio - En metal y madera - Mecanismo funcional - Longitud total: 93 cm - Peso: 4824 g","breadcrumb":{"@id":"https:\/\/repliquemangacine.fr\/reproductions-armes-seconde-guerre-mondiale-denix\/fusil-allemand-stg-44-stumgewehr\/#breadcrumb"},"inLanguage":"es","potentialAction":[{"@type":"ReadAction","target":["https:\/\/repliquemangacine.fr\/reproductions-armes-seconde-guerre-mondiale-denix\/fusil-allemand-stg-44-stumgewehr\/"]}]},{"@type":"ImageObject","inLanguage":"es","@id":"https:\/\/repliquemangacine.fr\/reproductions-armes-seconde-guerre-mondiale-denix\/fusil-allemand-stg-44-stumgewehr\/#primaryimage","url":"https:\/\/repliquemangacine.fr\/wp-content\/uploads\/2016\/08\/Fusil-Allemand-StG.44-Stumgewehr.jpg","contentUrl":"https:\/\/repliquemangacine.fr\/wp-content\/uploads\/2016\/08\/Fusil-Allemand-StG.44-Stumgewehr.jpg","width":700,"height":700,"caption":"Fusil Allemand StG.44 Stumgewehr denix"},{"@type":"BreadcrumbList","@id":"https:\/\/repliquemangacine.fr\/reproductions-armes-seconde-guerre-mondiale-denix\/fusil-allemand-stg-44-stumgewehr\/#breadcrumb","itemListElement":[{"@type":"ListItem","position":1,"name":"Accueil","item":"https:\/\/repliquemangacine.fr\/"},{"@type":"ListItem","position":2,"name":"Produits","item":"https:\/\/repliquemangacine.fr\/boutique\/"},{"@type":"ListItem","position":3,"name":"Fusil STG44"}]},{"@type":"WebSite","@id":"https:\/\/repliquemangacine.fr\/#website","url":"https:\/\/repliquemangacine.fr\/","name":"R\u00e9plique Manga Cin\u00e9","description":"","publisher":{"@id":"https:\/\/repliquemangacine.fr\/#organization"},"potentialAction":[{"@type":"SearchAction","target":{"@type":"EntryPoint","urlTemplate":"https:\/\/repliquemangacine.fr\/?s={search_term_string}"},"query-input":{"@type":"PropertyValueSpecification","valueRequired":true,"valueName":"search_term_string"}}],"inLanguage":"es"},{"@type":"Organization","@id":"https:\/\/repliquemangacine.fr\/#organization","name":"R\u00e9plique Manga Cin\u00e9","url":"https:\/\/repliquemangacine.fr\/","logo":{"@type":"ImageObject","inLanguage":"es","@id":"https:\/\/repliquemangacine.fr\/#\/schema\/logo\/image\/","url":"https:\/\/repliquemangacine.fr\/wp-content\/uploads\/2023\/10\/RMC-500250.png","contentUrl":"https:\/\/repliquemangacine.fr\/wp-content\/uploads\/2023\/10\/RMC-500250.png","width":500,"height":250,"caption":"R\u00e9plique Manga Cin\u00e9"},"image":{"@id":"https:\/\/repliquemangacine.fr\/#\/schema\/logo\/image\/"},"sameAs":["https:\/\/www.facebook.com\/RepliqueMangaCine","https:\/\/www.instagram.com\/repliquemangacine.fr\/"]}]}},"_links":{"self":[{"href":"https:\/\/repliquemangacine.fr\/es\/wp-json\/wp\/v2\/product\/25194","targetHints":{"allow":["GET"]}}],"collection":[{"href":"https:\/\/repliquemangacine.fr\/es\/wp-json\/wp\/v2\/product"}],"about":[{"href":"https:\/\/repliquemangacine.fr\/es\/wp-json\/wp\/v2\/types\/product"}],"wp:featuredmedia":[{"embeddable":true,"href":"https:\/\/repliquemangacine.fr\/es\/wp-json\/wp\/v2\/media\/92087"}],"wp:attachment":[{"href":"https:\/\/repliquemangacine.fr\/es\/wp-json\/wp\/v2\/media?parent=25194"}],"wp:term":[{"taxonomy":"product_brand","embeddable":true,"href":"https:\/\/repliquemangacine.fr\/es\/wp-json\/wp\/v2\/product_brand?post=25194"},{"taxonomy":"product_cat","embeddable":true,"href":"https:\/\/repliquemangacine.fr\/es\/wp-json\/wp\/v2\/product_cat?post=25194"},{"taxonomy":"product_tag","embeddable":true,"href":"https:\/\/repliquemangacine.fr\/es\/wp-json\/wp\/v2\/product_tag?post=25194"}],"curies":[{"name":"wp","href":"https:\/\/api.w.org\/{rel}","templated":true}]}}