





{"id":25165,"date":"2016-06-27T13:13:29","date_gmt":"2016-06-27T11:13:29","guid":{"rendered":"https:\/\/repliquemangacine.fr\/?post_type=product&#038;p=25165"},"modified":"2026-03-13T19:35:07","modified_gmt":"2026-03-13T18:35:07","slug":"el-dardo-de-la-espada-de-bilbo","status":"publish","type":"product","link":"https:\/\/repliquemangacine.fr\/es\/epees-the-hobbit\/dard-epee-de-bilbo\/","title":{"rendered":"La espada de Frodo Dard"},"content":{"rendered":"<h2>Espada de Frodo Dard El Se\u00f1or de los Anillos<\/h2>\n<p>Para empezar, el<strong>La espada de Frodo<\/strong> <strong>Dardo<\/strong> es ante todo una espada sin nombre, que el Hobbit Bilbo Bols\u00f3n descubre en una cueva de Trolls. Al mismo tiempo, Gandalf y Thorin descubren sus respectivas espadas, Glamdring y Orcrist.<\/p>\n<p>El aguij\u00f3n es forjado por los Elfos de Gondolin. Se caracteriza por brillar en azul cuando hay orcos cerca. Bilbo lo lleva consigo cuando abandona la Comarca en direcci\u00f3n a Rivendel, y m\u00e1s tarde se lo da, junto con su cota de malla de mithril, a su sobrino Frodo.<\/p>\n<p>Es particularmente \u00fatil para el criado de Frodo, Sam Gamegie, para cortar las telara\u00f1as de Aracne y luchar contra ella. De hecho, Sam Gamegie recupera el Dard cuando cree muerto a su amo Frodo, envenenado por el veneno de Aracne, y lo utiliza contra los orcos.<\/p>\n<h2>Tu espada Frodo Dard al mejor precio.<\/h2>\n<p>Te traemos todas las frases de El Se\u00f1or de los Anillos del escritor <a href=\"https:\/\/www.tolkiendil.com\/tolkien\/biographie\" target=\"_blank\" rel=\"noopener noreferrer\">J.R.R. Tolkien<\/a>.<\/p>\n<p>Lo primero y m\u00e1s importante,<\/p>\n<ul>\n<li>L'<a href=\"https:\/\/repliquemangacine.fr\/es\/espadas-del-senor-de-los-anillos\/strider-espada-aragorn-vaina-espada\/\">La espada de Aragorn<\/a> con su vaina.<\/li>\n<li>As\u00ed como el<a href=\"https:\/\/repliquemangacine.fr\/es\/espadas-del-senor-de-los-anillos\/espada-theoden-espada-herugrim\/\">La espada de Th\u00e9oden<\/a> Rey de Rohan.<\/li>\n<li>Y muchos m\u00e1s por descubrir en nuestra tienda en l\u00ednea.<\/li>\n<\/ul>\n<p>He aqu\u00ed una estupenda idea de regalo para los fans de la trilog\u00eda de El Se\u00f1or de los Anillos.<\/p>\n<p>Pero tambi\u00e9n puede utilizar <strong>La espada de Frodo<\/strong> <strong>Dardo<\/strong> para tus fiestas tem\u00e1ticas o tus desfiles de cosplay en convenciones. Pero, sobre todo, la daga de aguij\u00f3n es una pieza de coleccionista y un objeto decorativo.<\/p>\n<h2>\u00bfC\u00f3mo mantengo la hoja de mi espada de El Se\u00f1or de los Anillos?<\/h2>\n<p>Las espadas de colecci\u00f3n y decorativas se fabrican y ensamblan de forma simplificada. Como su uso es decorativo, no cuentan con los elementos de seguridad necesarios para una espada japonesa destinada al entrenamiento.<\/p>\n<p>Sin embargo, su <strong>La espada de Frodo Dard<\/strong> a una hoja de acero que hay que cuidar para evitar que se estropee con el tiempo. Cuando exponga su katana, sus amigos sentir\u00e1n curiosidad por ver la hoja y tocarla. Aqu\u00ed es donde hay que tener cuidado, ya que la acidez de los dedos es muy perjudicial para el acero, sea cual sea su calidad.<\/p>\n<p>Sin embargo, si esto ocurre, no te asustes, todo lo que necesitas es un pa\u00f1o humedecido con un poco de aceite y limpiar las huellas dactilares. Si haces esto, tu espada durar\u00e1 mucho tiempo.<\/p>\n<p>&nbsp;<\/p>","protected":false},"excerpt":{"rendered":"<p>R\u00e9plica de la espada de dardos de Frodo<\/p>\n<ul>\n<li>Hoja de acero con grabado \u00e9lfico.<\/li>\n<li>Empu\u00f1adura y pomo de metal.<\/li>\n<li>Mango de ABS decorado.<\/li>\n<li>Soporte de pared.<\/li>\n<li>Longitud de la hoja: 31 cm - Longitud total: 46 cm<\/li>\n<\/ul>","protected":false},"featured_media":25166,"template":"","meta":[],"product_brand":[896],"product_cat":[68,69,24,29],"product_tag":[],"class_list":{"0":"post-25165","1":"product","2":"type-product","3":"status-publish","4":"has-post-thumbnail","6":"product_brand-replique-manga-cine","7":"product_cat-epees-seigneur-des-anneaux","8":"product_cat-epees-the-hobbit","9":"product_cat-films-series-tv-vente-de-katana-epee-et-produits-derives","10":"product_cat-le-seigneur-des-anneaux","12":"first","13":"instock","14":"sale","15":"taxable","16":"shipping-taxable","17":"purchasable","18":"product-type-simple"},"yoast_head":"<!-- This site is optimized with the Yoast SEO plugin v27.4 - https:\/\/yoast.com\/product\/yoast-seo-wordpress\/ -->\n<title>Ep\u00e9e de Frodon Dard - R\u00e9pliques Seigneur des Anneaux | RMC<\/title>\n<meta name=\"description\" content=\"Commandez vite ! L&#039;Ep\u00e9e de Frodon Dard au meilleur prix - Lame en acier inoxydable 440 - Gravures Elfique - Longueur totale : 46 cm - Envoi 24\/48h\" \/>\n<meta name=\"robots\" content=\"index, follow, max-snippet:-1, max-image-preview:large, max-video-preview:-1\" \/>\n<link rel=\"canonical\" href=\"https:\/\/repliquemangacine.fr\/es\/las-espadas-del-hobbit\/el-dardo-de-la-espada-de-bilbo\/\" \/>\n<meta property=\"og:locale\" content=\"es_ES\" \/>\n<meta property=\"og:type\" content=\"article\" \/>\n<meta property=\"og:title\" content=\"Ep\u00e9e de Frodon Dard - R\u00e9pliques Seigneur des Anneaux | RMC\" \/>\n<meta property=\"og:description\" content=\"Commandez vite ! L&#039;Ep\u00e9e de Frodon Dard au meilleur prix - Lame en acier inoxydable 440 - Gravures Elfique - Longueur totale : 46 cm - Envoi 24\/48h\" \/>\n<meta property=\"og:url\" content=\"https:\/\/repliquemangacine.fr\/es\/las-espadas-del-hobbit\/el-dardo-de-la-espada-de-bilbo\/\" \/>\n<meta property=\"og:site_name\" content=\"R\u00e9plique Manga Cin\u00e9\" \/>\n<meta property=\"article:publisher\" content=\"https:\/\/www.facebook.com\/RepliqueMangaCine\" \/>\n<meta property=\"article:modified_time\" content=\"2026-03-13T18:35:07+00:00\" \/>\n<meta property=\"og:image\" content=\"https:\/\/repliquemangacine.fr\/wp-content\/uploads\/2023\/10\/Dague-frodon.jpg\" \/>\n\t<meta property=\"og:image:width\" content=\"500\" \/>\n\t<meta property=\"og:image:height\" content=\"500\" \/>\n\t<meta property=\"og:image:type\" content=\"image\/jpeg\" \/>\n<meta name=\"twitter:card\" content=\"summary_large_image\" \/>\n<meta name=\"twitter:label1\" content=\"Tiempo de lectura\" \/>\n\t<meta name=\"twitter:data1\" content=\"2 minutos\" \/>\n<script type=\"application\/ld+json\" class=\"yoast-schema-graph\">{\"@context\":\"https:\\\/\\\/schema.org\",\"@graph\":[{\"@type\":\"WebPage\",\"@id\":\"https:\\\/\\\/repliquemangacine.fr\\\/epees-the-hobbit\\\/dard-epee-de-bilbo\\\/\",\"url\":\"https:\\\/\\\/repliquemangacine.fr\\\/epees-the-hobbit\\\/dard-epee-de-bilbo\\\/\",\"name\":\"Ep\u00e9e de Frodon Dard - R\u00e9pliques Seigneur des Anneaux | RMC\",\"isPartOf\":{\"@id\":\"https:\\\/\\\/repliquemangacine.fr\\\/#website\"},\"primaryImageOfPage\":{\"@id\":\"https:\\\/\\\/repliquemangacine.fr\\\/epees-the-hobbit\\\/dard-epee-de-bilbo\\\/#primaryimage\"},\"image\":{\"@id\":\"https:\\\/\\\/repliquemangacine.fr\\\/epees-the-hobbit\\\/dard-epee-de-bilbo\\\/#primaryimage\"},\"thumbnailUrl\":\"https:\\\/\\\/repliquemangacine.fr\\\/wp-content\\\/uploads\\\/2023\\\/10\\\/Dague-frodon.jpg\",\"datePublished\":\"2016-06-27T11:13:29+00:00\",\"dateModified\":\"2026-03-13T18:35:07+00:00\",\"description\":\"Commandez vite ! L'Ep\u00e9e de Frodon Dard au meilleur prix - Lame en acier inoxydable 440 - Gravures Elfique - Longueur totale : 46 cm - Envoi 24\\\/48h\",\"breadcrumb\":{\"@id\":\"https:\\\/\\\/repliquemangacine.fr\\\/epees-the-hobbit\\\/dard-epee-de-bilbo\\\/#breadcrumb\"},\"inLanguage\":\"es\",\"potentialAction\":[{\"@type\":\"ReadAction\",\"target\":[\"https:\\\/\\\/repliquemangacine.fr\\\/epees-the-hobbit\\\/dard-epee-de-bilbo\\\/\"]}]},{\"@type\":\"ImageObject\",\"inLanguage\":\"es\",\"@id\":\"https:\\\/\\\/repliquemangacine.fr\\\/epees-the-hobbit\\\/dard-epee-de-bilbo\\\/#primaryimage\",\"url\":\"https:\\\/\\\/repliquemangacine.fr\\\/wp-content\\\/uploads\\\/2023\\\/10\\\/Dague-frodon.jpg\",\"contentUrl\":\"https:\\\/\\\/repliquemangacine.fr\\\/wp-content\\\/uploads\\\/2023\\\/10\\\/Dague-frodon.jpg\",\"width\":500,\"height\":500,\"caption\":\"Dard - Ep\u00e9e de Bilbo saquet\"},{\"@type\":\"BreadcrumbList\",\"@id\":\"https:\\\/\\\/repliquemangacine.fr\\\/epees-the-hobbit\\\/dard-epee-de-bilbo\\\/#breadcrumb\",\"itemListElement\":[{\"@type\":\"ListItem\",\"position\":1,\"name\":\"Accueil\",\"item\":\"https:\\\/\\\/repliquemangacine.fr\\\/\"},{\"@type\":\"ListItem\",\"position\":2,\"name\":\"Produits\",\"item\":\"https:\\\/\\\/repliquemangacine.fr\\\/boutique\\\/\"},{\"@type\":\"ListItem\",\"position\":3,\"name\":\"Ep\u00e9e de Frodon Dard\"}]},{\"@type\":\"WebSite\",\"@id\":\"https:\\\/\\\/repliquemangacine.fr\\\/#website\",\"url\":\"https:\\\/\\\/repliquemangacine.fr\\\/\",\"name\":\"R\u00e9plique Manga Cin\u00e9\",\"description\":\"\",\"publisher\":{\"@id\":\"https:\\\/\\\/repliquemangacine.fr\\\/#organization\"},\"potentialAction\":[{\"@type\":\"SearchAction\",\"target\":{\"@type\":\"EntryPoint\",\"urlTemplate\":\"https:\\\/\\\/repliquemangacine.fr\\\/?s={search_term_string}\"},\"query-input\":{\"@type\":\"PropertyValueSpecification\",\"valueRequired\":true,\"valueName\":\"search_term_string\"}}],\"inLanguage\":\"es\"},{\"@type\":\"Organization\",\"@id\":\"https:\\\/\\\/repliquemangacine.fr\\\/#organization\",\"name\":\"R\u00e9plique Manga Cin\u00e9\",\"url\":\"https:\\\/\\\/repliquemangacine.fr\\\/\",\"logo\":{\"@type\":\"ImageObject\",\"inLanguage\":\"es\",\"@id\":\"https:\\\/\\\/repliquemangacine.fr\\\/#\\\/schema\\\/logo\\\/image\\\/\",\"url\":\"https:\\\/\\\/repliquemangacine.fr\\\/wp-content\\\/uploads\\\/2023\\\/10\\\/RMC-500250.png\",\"contentUrl\":\"https:\\\/\\\/repliquemangacine.fr\\\/wp-content\\\/uploads\\\/2023\\\/10\\\/RMC-500250.png\",\"width\":500,\"height\":250,\"caption\":\"R\u00e9plique Manga Cin\u00e9\"},\"image\":{\"@id\":\"https:\\\/\\\/repliquemangacine.fr\\\/#\\\/schema\\\/logo\\\/image\\\/\"},\"sameAs\":[\"https:\\\/\\\/www.facebook.com\\\/RepliqueMangaCine\",\"https:\\\/\\\/www.instagram.com\\\/repliquemangacine.fr\\\/\"]}]}<\/script>\n<!-- \/ Yoast SEO plugin. -->","yoast_head_json":{"title":"Espada de Frodo Dard - R\u00e9plicas de El Se\u00f1or de los Anillos | RMC","description":"Haz tu pedido La Espada de Frodo Dard al mejor precio - Hoja de acero inoxidable 440 - Grabados \u00e9lficos - Longitud total: 46 cm - Env\u00edo 24\/48h","robots":{"index":"index","follow":"follow","max-snippet":"max-snippet:-1","max-image-preview":"max-image-preview:large","max-video-preview":"max-video-preview:-1"},"canonical":"https:\/\/repliquemangacine.fr\/es\/las-espadas-del-hobbit\/el-dardo-de-la-espada-de-bilbo\/","og_locale":"es_ES","og_type":"article","og_title":"Ep\u00e9e de Frodon Dard - R\u00e9pliques Seigneur des Anneaux | RMC","og_description":"Commandez vite ! L'Ep\u00e9e de Frodon Dard au meilleur prix - Lame en acier inoxydable 440 - Gravures Elfique - Longueur totale : 46 cm - Envoi 24\/48h","og_url":"https:\/\/repliquemangacine.fr\/es\/las-espadas-del-hobbit\/el-dardo-de-la-espada-de-bilbo\/","og_site_name":"R\u00e9plique Manga Cin\u00e9","article_publisher":"https:\/\/www.facebook.com\/RepliqueMangaCine","article_modified_time":"2026-03-13T18:35:07+00:00","og_image":[{"width":500,"height":500,"url":"https:\/\/repliquemangacine.fr\/wp-content\/uploads\/2023\/10\/Dague-frodon.jpg","type":"image\/jpeg"}],"twitter_card":"summary_large_image","twitter_misc":{"Tiempo de lectura":"2 minutos"},"schema":{"@context":"https:\/\/schema.org","@graph":[{"@type":"WebPage","@id":"https:\/\/repliquemangacine.fr\/epees-the-hobbit\/dard-epee-de-bilbo\/","url":"https:\/\/repliquemangacine.fr\/epees-the-hobbit\/dard-epee-de-bilbo\/","name":"Espada de Frodo Dard - R\u00e9plicas de El Se\u00f1or de los Anillos | RMC","isPartOf":{"@id":"https:\/\/repliquemangacine.fr\/#website"},"primaryImageOfPage":{"@id":"https:\/\/repliquemangacine.fr\/epees-the-hobbit\/dard-epee-de-bilbo\/#primaryimage"},"image":{"@id":"https:\/\/repliquemangacine.fr\/epees-the-hobbit\/dard-epee-de-bilbo\/#primaryimage"},"thumbnailUrl":"https:\/\/repliquemangacine.fr\/wp-content\/uploads\/2023\/10\/Dague-frodon.jpg","datePublished":"2016-06-27T11:13:29+00:00","dateModified":"2026-03-13T18:35:07+00:00","description":"Haz tu pedido La Espada de Frodo Dard al mejor precio - Hoja de acero inoxidable 440 - Grabados \u00e9lficos - Longitud total: 46 cm - Env\u00edo 24\/48h","breadcrumb":{"@id":"https:\/\/repliquemangacine.fr\/epees-the-hobbit\/dard-epee-de-bilbo\/#breadcrumb"},"inLanguage":"es","potentialAction":[{"@type":"ReadAction","target":["https:\/\/repliquemangacine.fr\/epees-the-hobbit\/dard-epee-de-bilbo\/"]}]},{"@type":"ImageObject","inLanguage":"es","@id":"https:\/\/repliquemangacine.fr\/epees-the-hobbit\/dard-epee-de-bilbo\/#primaryimage","url":"https:\/\/repliquemangacine.fr\/wp-content\/uploads\/2023\/10\/Dague-frodon.jpg","contentUrl":"https:\/\/repliquemangacine.fr\/wp-content\/uploads\/2023\/10\/Dague-frodon.jpg","width":500,"height":500,"caption":"Dard - Ep\u00e9e de Bilbo saquet"},{"@type":"BreadcrumbList","@id":"https:\/\/repliquemangacine.fr\/epees-the-hobbit\/dard-epee-de-bilbo\/#breadcrumb","itemListElement":[{"@type":"ListItem","position":1,"name":"Accueil","item":"https:\/\/repliquemangacine.fr\/"},{"@type":"ListItem","position":2,"name":"Produits","item":"https:\/\/repliquemangacine.fr\/boutique\/"},{"@type":"ListItem","position":3,"name":"Ep\u00e9e de Frodon Dard"}]},{"@type":"WebSite","@id":"https:\/\/repliquemangacine.fr\/#website","url":"https:\/\/repliquemangacine.fr\/","name":"R\u00e9plique Manga Cin\u00e9","description":"","publisher":{"@id":"https:\/\/repliquemangacine.fr\/#organization"},"potentialAction":[{"@type":"SearchAction","target":{"@type":"EntryPoint","urlTemplate":"https:\/\/repliquemangacine.fr\/?s={search_term_string}"},"query-input":{"@type":"PropertyValueSpecification","valueRequired":true,"valueName":"search_term_string"}}],"inLanguage":"es"},{"@type":"Organization","@id":"https:\/\/repliquemangacine.fr\/#organization","name":"R\u00e9plique Manga Cin\u00e9","url":"https:\/\/repliquemangacine.fr\/","logo":{"@type":"ImageObject","inLanguage":"es","@id":"https:\/\/repliquemangacine.fr\/#\/schema\/logo\/image\/","url":"https:\/\/repliquemangacine.fr\/wp-content\/uploads\/2023\/10\/RMC-500250.png","contentUrl":"https:\/\/repliquemangacine.fr\/wp-content\/uploads\/2023\/10\/RMC-500250.png","width":500,"height":250,"caption":"R\u00e9plique Manga Cin\u00e9"},"image":{"@id":"https:\/\/repliquemangacine.fr\/#\/schema\/logo\/image\/"},"sameAs":["https:\/\/www.facebook.com\/RepliqueMangaCine","https:\/\/www.instagram.com\/repliquemangacine.fr\/"]}]}},"_links":{"self":[{"href":"https:\/\/repliquemangacine.fr\/es\/wp-json\/wp\/v2\/product\/25165","targetHints":{"allow":["GET"]}}],"collection":[{"href":"https:\/\/repliquemangacine.fr\/es\/wp-json\/wp\/v2\/product"}],"about":[{"href":"https:\/\/repliquemangacine.fr\/es\/wp-json\/wp\/v2\/types\/product"}],"wp:featuredmedia":[{"embeddable":true,"href":"https:\/\/repliquemangacine.fr\/es\/wp-json\/wp\/v2\/media\/25166"}],"wp:attachment":[{"href":"https:\/\/repliquemangacine.fr\/es\/wp-json\/wp\/v2\/media?parent=25165"}],"wp:term":[{"taxonomy":"product_brand","embeddable":true,"href":"https:\/\/repliquemangacine.fr\/es\/wp-json\/wp\/v2\/product_brand?post=25165"},{"taxonomy":"product_cat","embeddable":true,"href":"https:\/\/repliquemangacine.fr\/es\/wp-json\/wp\/v2\/product_cat?post=25165"},{"taxonomy":"product_tag","embeddable":true,"href":"https:\/\/repliquemangacine.fr\/es\/wp-json\/wp\/v2\/product_tag?post=25165"}],"curies":[{"name":"wp","href":"https:\/\/api.w.org\/{rel}","templated":true}]}}