





{"id":70882,"date":"2024-04-03T14:27:12","date_gmt":"2024-04-03T12:27:12","guid":{"rendered":"https:\/\/repliquemangacine.fr\/?page_id=70882"},"modified":"2025-04-16T13:31:52","modified_gmt":"2025-04-16T11:31:52","slug":"informacion-legal","status":"publish","type":"page","link":"https:\/\/repliquemangacine.fr\/es\/mentions-legales\/","title":{"rendered":"Informaci\u00f3n jur\u00eddica"},"content":{"rendered":"<div data-elementor-type=\"wp-page\" data-elementor-id=\"70882\" class=\"elementor elementor-70882\" data-elementor-post-type=\"page\">\n\t\t\t\t\t\t<section class=\"elementor-section elementor-top-section elementor-element elementor-element-c904b80 elementor-section-boxed elementor-section-height-default elementor-section-height-default\" data-id=\"c904b80\" data-element_type=\"section\" data-e-type=\"section\">\n\t\t\t\t\t\t<div class=\"elementor-container elementor-column-gap-default\">\n\t\t\t\t\t<div class=\"elementor-column elementor-col-100 elementor-top-column elementor-element elementor-element-8ff2a84\" data-id=\"8ff2a84\" data-element_type=\"column\" data-e-type=\"column\">\n\t\t\t<div class=\"elementor-widget-wrap elementor-element-populated\">\n\t\t\t\t\t\t<div class=\"elementor-element elementor-element-9b09417 elementor-widget elementor-widget-heading\" data-id=\"9b09417\" data-element_type=\"widget\" data-e-type=\"widget\" data-widget_type=\"heading.default\">\n\t\t\t\t<div class=\"elementor-widget-container\">\n\t\t\t\t\t<h2 class=\"elementor-heading-title elementor-size-default\">INFORMACI\u00d3N LEGAL<\/h2>\t\t\t\t<\/div>\n\t\t\t\t<\/div>\n\t\t\t\t<div class=\"elementor-element elementor-element-c29f241 elementor-widget elementor-widget-text-editor\" data-id=\"c29f241\" data-element_type=\"widget\" data-e-type=\"widget\" data-widget_type=\"text-editor.default\">\n\t\t\t\t<div class=\"elementor-widget-container\">\n\t\t\t\t\t\t\t\t\t<h3><span style=\"text-decoration: underline;\">EDITOR<\/span><\/h3><p>Para empezar, aqu\u00ed est\u00e1 el Aviso Legal de<strong> R\u00e9plique Manga Cin\u00e9,<\/strong> publicado por la empresa <strong>EI Muriel Coquizart<\/strong>registrada en Evreux con el n\u00ba siret: <strong>325 371 441 00057 <\/strong>con domicilio social en 46 rue des Ifs - 27160 Breteuil - Francia<\/p><p><strong>Almac\u00e9n<\/strong> 46 rue des Ifs, Breteuil 27160.<\/p><p><strong>TEL<\/strong> : 02.27.34.24.06<\/p><p><strong>CONTACTO<\/strong> : savrepliquemangacine@gmail.com<\/p><p>R\u00e9plique Manga Cin\u00e9 (RMC) es una empresa individual con n\u00famero de IVA : <strong>FR37325371441.<\/strong><\/p><p>Jefe de publicaci\u00f3n : <strong>Muriel Coquizart<\/strong><\/p><h3><span style=\"text-decoration: underline;\">WEBMASTER<\/span><\/h3><p>RMC, creado por <strong>Woocommerce,<\/strong> accionado por <strong>Profiescient<\/strong>. El anfitri\u00f3n del sitio web es <strong>Hostinger Francia<\/strong> con domicilio social en 143 Rue Emile Julien, 34070 Montpellier, Francia. Cuyo domicilio social se encuentra en HOSTINGER INTERNATIONAL LTD, 61 Lordou Vironos Street, 6023 Larnaca, Chipre.<\/p>\t\t\t\t\t\t\t\t<\/div>\n\t\t\t\t<\/div>\n\t\t\t\t\t<\/div>\n\t\t<\/div>\n\t\t\t\t\t<\/div>\n\t\t<\/section>\n\t\t\t\t<section class=\"elementor-section elementor-top-section elementor-element elementor-element-f87bbce elementor-section-boxed elementor-section-height-default elementor-section-height-default\" data-id=\"f87bbce\" data-element_type=\"section\" data-e-type=\"section\">\n\t\t\t\t\t\t<div class=\"elementor-container elementor-column-gap-default\">\n\t\t\t\t\t<div class=\"elementor-column elementor-col-100 elementor-top-column elementor-element elementor-element-d0d895f\" data-id=\"d0d895f\" data-element_type=\"column\" data-e-type=\"column\">\n\t\t\t<div class=\"elementor-widget-wrap elementor-element-populated\">\n\t\t\t\t\t\t<div class=\"elementor-element elementor-element-9e4267a elementor-widget elementor-widget-heading\" data-id=\"9e4267a\" data-element_type=\"widget\" data-e-type=\"widget\" data-widget_type=\"heading.default\">\n\t\t\t\t<div class=\"elementor-widget-container\">\n\t\t\t\t\t<h2 class=\"elementor-heading-title elementor-size-default\">Informaci\u00f3n jur\u00eddica \/ Pol\u00edtica de privacidad<\/h2>\t\t\t\t<\/div>\n\t\t\t\t<\/div>\n\t\t\t\t<div class=\"elementor-element elementor-element-90728a4 elementor-widget elementor-widget-text-editor\" data-id=\"90728a4\" data-element_type=\"widget\" data-e-type=\"widget\" data-widget_type=\"text-editor.default\">\n\t\t\t\t<div class=\"elementor-widget-container\">\n\t\t\t\t\t\t\t\t\t<p>R\u00e9plique Manga Cin\u00e9 aplica estrictamente la ley 78-17 del 6 de enero de 1978 relativa a \"la inform\u00e1tica, los ficheros y las libertades\". As\u00ed como los principios deontol\u00f3gicos que se derivan de ella en cuanto a la informaci\u00f3n personal que usted puede ser llevado a comunicarnos en el marco de un pedido realizado en nuestro sitio Internet.<\/p><p><strong>Derecho de acceso y rectificaci\u00f3n de los datos transmitidos<\/strong><\/p><p>Le recordamos que, seg\u00fan lo dispuesto en el art\u00edculo 34 de la ley francesa de 6 de enero de 1978 relativa a la protecci\u00f3n de datos, usted dispone de un derecho de acceso, modificaci\u00f3n, rectificaci\u00f3n y supresi\u00f3n de los datos que le conciernen. Usted dispone de un derecho de acceso, modificaci\u00f3n, rectificaci\u00f3n y supresi\u00f3n de los datos que le conciernen. Puede ejercer este derecho dirigi\u00e9ndose a nosotros por carta certificada con acuse de recibo, a la siguiente direcci\u00f3n  EI Coquizart RMC- 46 rue des Ifs - 27160 Breteuil sur Iton.<\/p><p><strong>Uso del correo electr\u00f3nico<\/strong><\/p><p>Cuando realiza un pedido en nuestro sitio web, nos facilita su direcci\u00f3n de correo electr\u00f3nico, que se utiliza para hacer un seguimiento de su pedido. Estos datos tambi\u00e9n se utilizan para enviarle nuestros boletines informativos sobre productos. A partir de entonces, si no desea seguir recibiendo informaci\u00f3n de R\u00e9plique Manga Cin\u00e9. Siempre le daremos la opci\u00f3n de darse de baja de esta lista de distribuci\u00f3n devolvi\u00e9ndonos el correo electr\u00f3nico o haciendo clic en el enlace que figura en el mismo.<\/p><p><strong>Pol\u00edtica de cookies<\/strong><\/p><p>Determinadas cookies garantizan que ciertas partes del sitio web funcionen correctamente y que se tengan en cuenta sus preferencias como internauta. Al instalar cookies funcionales, facilitamos su visita a nuestro sitio web. Por ejemplo, no tiene que introducir la misma informaci\u00f3n varias veces al visitar nuestro sitio web y los art\u00edculos permanecen en su cesta de la compra hasta que paga. Para m\u00e1s informaci\u00f3n sobre las cookies: <a href=\"https:\/\/repliquemangacine.fr\/es\/politica-de-cookies-de-la-ue\/\">Pol\u00edtica de cookies<\/a>.<\/p>\t\t\t\t\t\t\t\t<\/div>\n\t\t\t\t<\/div>\n\t\t\t\t\t<\/div>\n\t\t<\/div>\n\t\t\t\t\t<\/div>\n\t\t<\/section>\n\t\t\t\t<\/div>","protected":false},"excerpt":{"rendered":"<p>MENTIONS LEGALES EDITEUR Pour commencer, voici les Mentions l\u00e9gales de R\u00e9plique Manga Cin\u00e9, publi\u00e9 par l&#8217;entreprise EI Muriel Coquizart, immatricul\u00e9e \u00e0 Evreux sous le N\u00b0 siret: 325 371 441 00057 dont le si\u00e8ge social se trouve 46 rue des Ifs &#8211; 27160 Breteuil Entrep\u00f4t : 46 rue des Ifs \u00e0 Breteuil 27160. TEL : 02.27.34.24.06 [&hellip;]<\/p>\n","protected":false},"author":7689,"featured_media":0,"parent":0,"menu_order":0,"comment_status":"closed","ping_status":"closed","template":"","meta":{"footnotes":""},"class_list":["post-70882","page","type-page","status-publish","hentry"],"yoast_head":"<!-- This site is optimized with the Yoast SEO plugin v27.5 - https:\/\/yoast.com\/product\/yoast-seo-wordpress\/ -->\n<title>Mentions l\u00e9gales - R\u00e9plique Manga Cin\u00e9<\/title>\n<meta name=\"description\" content=\"D\u00e9couvrez nos Mentions l\u00e9gales qui vous donneront toutes les informations que vous recherch\u00e9s. Identification, h\u00e9bergeur....\" \/>\n<meta name=\"robots\" content=\"index, follow, max-snippet:-1, max-image-preview:large, max-video-preview:-1\" \/>\n<link rel=\"canonical\" href=\"https:\/\/repliquemangacine.fr\/es\/informacion-legal\/\" \/>\n<meta property=\"og:locale\" content=\"es_ES\" \/>\n<meta property=\"og:type\" content=\"article\" \/>\n<meta property=\"og:title\" content=\"Mentions l\u00e9gales - R\u00e9plique Manga Cin\u00e9\" \/>\n<meta property=\"og:description\" content=\"D\u00e9couvrez nos Mentions l\u00e9gales qui vous donneront toutes les informations que vous recherch\u00e9s. Identification, h\u00e9bergeur....\" \/>\n<meta property=\"og:url\" content=\"https:\/\/repliquemangacine.fr\/es\/informacion-legal\/\" \/>\n<meta property=\"og:site_name\" content=\"R\u00e9plique Manga Cin\u00e9\" \/>\n<meta property=\"article:publisher\" content=\"https:\/\/www.facebook.com\/RepliqueMangaCine\" \/>\n<meta property=\"article:modified_time\" content=\"2025-04-16T11:31:52+00:00\" \/>\n<meta property=\"og:image\" content=\"https:\/\/repliquemangacine.fr\/wp-content\/uploads\/2023\/10\/RMC-500250.png\" \/>\n\t<meta property=\"og:image:width\" content=\"500\" \/>\n\t<meta property=\"og:image:height\" content=\"250\" \/>\n\t<meta property=\"og:image:type\" content=\"image\/png\" \/>\n<meta name=\"twitter:card\" content=\"summary_large_image\" \/>\n<meta name=\"twitter:label1\" content=\"Tiempo de lectura\" \/>\n\t<meta name=\"twitter:data1\" content=\"3 minutos\" \/>\n<script type=\"application\/ld+json\" class=\"yoast-schema-graph\">{\"@context\":\"https:\\\/\\\/schema.org\",\"@graph\":[{\"@type\":\"WebPage\",\"@id\":\"https:\\\/\\\/repliquemangacine.fr\\\/mentions-legales\\\/\",\"url\":\"https:\\\/\\\/repliquemangacine.fr\\\/mentions-legales\\\/\",\"name\":\"Mentions l\u00e9gales - R\u00e9plique Manga Cin\u00e9\",\"isPartOf\":{\"@id\":\"https:\\\/\\\/repliquemangacine.fr\\\/#website\"},\"datePublished\":\"2024-04-03T12:27:12+00:00\",\"dateModified\":\"2025-04-16T11:31:52+00:00\",\"description\":\"D\u00e9couvrez nos Mentions l\u00e9gales qui vous donneront toutes les informations que vous recherch\u00e9s. Identification, h\u00e9bergeur....\",\"breadcrumb\":{\"@id\":\"https:\\\/\\\/repliquemangacine.fr\\\/mentions-legales\\\/#breadcrumb\"},\"inLanguage\":\"es\",\"potentialAction\":[{\"@type\":\"ReadAction\",\"target\":[\"https:\\\/\\\/repliquemangacine.fr\\\/mentions-legales\\\/\"]}]},{\"@type\":\"BreadcrumbList\",\"@id\":\"https:\\\/\\\/repliquemangacine.fr\\\/mentions-legales\\\/#breadcrumb\",\"itemListElement\":[{\"@type\":\"ListItem\",\"position\":1,\"name\":\"Accueil\",\"item\":\"https:\\\/\\\/repliquemangacine.fr\\\/\"},{\"@type\":\"ListItem\",\"position\":2,\"name\":\"Mentions l\u00e9gales\"}]},{\"@type\":\"WebSite\",\"@id\":\"https:\\\/\\\/repliquemangacine.fr\\\/#website\",\"url\":\"https:\\\/\\\/repliquemangacine.fr\\\/\",\"name\":\"R\u00e9plique Manga Cin\u00e9\",\"description\":\"\",\"publisher\":{\"@id\":\"https:\\\/\\\/repliquemangacine.fr\\\/#organization\"},\"potentialAction\":[{\"@type\":\"SearchAction\",\"target\":{\"@type\":\"EntryPoint\",\"urlTemplate\":\"https:\\\/\\\/repliquemangacine.fr\\\/?s={search_term_string}\"},\"query-input\":{\"@type\":\"PropertyValueSpecification\",\"valueRequired\":true,\"valueName\":\"search_term_string\"}}],\"inLanguage\":\"es\"},{\"@type\":\"Organization\",\"@id\":\"https:\\\/\\\/repliquemangacine.fr\\\/#organization\",\"name\":\"R\u00e9plique Manga Cin\u00e9\",\"url\":\"https:\\\/\\\/repliquemangacine.fr\\\/\",\"logo\":{\"@type\":\"ImageObject\",\"inLanguage\":\"es\",\"@id\":\"https:\\\/\\\/repliquemangacine.fr\\\/#\\\/schema\\\/logo\\\/image\\\/\",\"url\":\"https:\\\/\\\/repliquemangacine.fr\\\/wp-content\\\/uploads\\\/2023\\\/10\\\/RMC-500250.png\",\"contentUrl\":\"https:\\\/\\\/repliquemangacine.fr\\\/wp-content\\\/uploads\\\/2023\\\/10\\\/RMC-500250.png\",\"width\":500,\"height\":250,\"caption\":\"R\u00e9plique Manga Cin\u00e9\"},\"image\":{\"@id\":\"https:\\\/\\\/repliquemangacine.fr\\\/#\\\/schema\\\/logo\\\/image\\\/\"},\"sameAs\":[\"https:\\\/\\\/www.facebook.com\\\/RepliqueMangaCine\",\"https:\\\/\\\/www.instagram.com\\\/repliquemangacine.fr\\\/\"]}]}<\/script>\n<!-- \/ Yoast SEO plugin. -->","yoast_head_json":{"title":"Informaci\u00f3n legal - R\u00e9plique Manga Cin\u00e9","description":"Descubra nuestro Aviso Legal, que le proporcionar\u00e1 toda la informaci\u00f3n que busca. Identificaci\u00f3n, host....","robots":{"index":"index","follow":"follow","max-snippet":"max-snippet:-1","max-image-preview":"max-image-preview:large","max-video-preview":"max-video-preview:-1"},"canonical":"https:\/\/repliquemangacine.fr\/es\/informacion-legal\/","og_locale":"es_ES","og_type":"article","og_title":"Mentions l\u00e9gales - R\u00e9plique Manga Cin\u00e9","og_description":"D\u00e9couvrez nos Mentions l\u00e9gales qui vous donneront toutes les informations que vous recherch\u00e9s. Identification, h\u00e9bergeur....","og_url":"https:\/\/repliquemangacine.fr\/es\/informacion-legal\/","og_site_name":"R\u00e9plique Manga Cin\u00e9","article_publisher":"https:\/\/www.facebook.com\/RepliqueMangaCine","article_modified_time":"2025-04-16T11:31:52+00:00","og_image":[{"width":500,"height":250,"url":"https:\/\/repliquemangacine.fr\/wp-content\/uploads\/2023\/10\/RMC-500250.png","type":"image\/png"}],"twitter_card":"summary_large_image","twitter_misc":{"Tiempo de lectura":"3 minutos"},"schema":{"@context":"https:\/\/schema.org","@graph":[{"@type":"WebPage","@id":"https:\/\/repliquemangacine.fr\/mentions-legales\/","url":"https:\/\/repliquemangacine.fr\/mentions-legales\/","name":"Informaci\u00f3n legal - R\u00e9plique Manga Cin\u00e9","isPartOf":{"@id":"https:\/\/repliquemangacine.fr\/#website"},"datePublished":"2024-04-03T12:27:12+00:00","dateModified":"2025-04-16T11:31:52+00:00","description":"Descubra nuestro Aviso Legal, que le proporcionar\u00e1 toda la informaci\u00f3n que busca. Identificaci\u00f3n, host....","breadcrumb":{"@id":"https:\/\/repliquemangacine.fr\/mentions-legales\/#breadcrumb"},"inLanguage":"es","potentialAction":[{"@type":"ReadAction","target":["https:\/\/repliquemangacine.fr\/mentions-legales\/"]}]},{"@type":"BreadcrumbList","@id":"https:\/\/repliquemangacine.fr\/mentions-legales\/#breadcrumb","itemListElement":[{"@type":"ListItem","position":1,"name":"Accueil","item":"https:\/\/repliquemangacine.fr\/"},{"@type":"ListItem","position":2,"name":"Mentions l\u00e9gales"}]},{"@type":"WebSite","@id":"https:\/\/repliquemangacine.fr\/#website","url":"https:\/\/repliquemangacine.fr\/","name":"R\u00e9plique Manga Cin\u00e9","description":"","publisher":{"@id":"https:\/\/repliquemangacine.fr\/#organization"},"potentialAction":[{"@type":"SearchAction","target":{"@type":"EntryPoint","urlTemplate":"https:\/\/repliquemangacine.fr\/?s={search_term_string}"},"query-input":{"@type":"PropertyValueSpecification","valueRequired":true,"valueName":"search_term_string"}}],"inLanguage":"es"},{"@type":"Organization","@id":"https:\/\/repliquemangacine.fr\/#organization","name":"R\u00e9plique Manga Cin\u00e9","url":"https:\/\/repliquemangacine.fr\/","logo":{"@type":"ImageObject","inLanguage":"es","@id":"https:\/\/repliquemangacine.fr\/#\/schema\/logo\/image\/","url":"https:\/\/repliquemangacine.fr\/wp-content\/uploads\/2023\/10\/RMC-500250.png","contentUrl":"https:\/\/repliquemangacine.fr\/wp-content\/uploads\/2023\/10\/RMC-500250.png","width":500,"height":250,"caption":"R\u00e9plique Manga Cin\u00e9"},"image":{"@id":"https:\/\/repliquemangacine.fr\/#\/schema\/logo\/image\/"},"sameAs":["https:\/\/www.facebook.com\/RepliqueMangaCine","https:\/\/www.instagram.com\/repliquemangacine.fr\/"]}]}},"_links":{"self":[{"href":"https:\/\/repliquemangacine.fr\/es\/wp-json\/wp\/v2\/pages\/70882","targetHints":{"allow":["GET"]}}],"collection":[{"href":"https:\/\/repliquemangacine.fr\/es\/wp-json\/wp\/v2\/pages"}],"about":[{"href":"https:\/\/repliquemangacine.fr\/es\/wp-json\/wp\/v2\/types\/page"}],"author":[{"embeddable":true,"href":"https:\/\/repliquemangacine.fr\/es\/wp-json\/wp\/v2\/users\/7689"}],"replies":[{"embeddable":true,"href":"https:\/\/repliquemangacine.fr\/es\/wp-json\/wp\/v2\/comments?post=70882"}],"version-history":[{"count":5,"href":"https:\/\/repliquemangacine.fr\/es\/wp-json\/wp\/v2\/pages\/70882\/revisions"}],"predecessor-version":[{"id":83590,"href":"https:\/\/repliquemangacine.fr\/es\/wp-json\/wp\/v2\/pages\/70882\/revisions\/83590"}],"wp:attachment":[{"href":"https:\/\/repliquemangacine.fr\/es\/wp-json\/wp\/v2\/media?parent=70882"}],"curies":[{"name":"wp","href":"https:\/\/api.w.org\/{rel}","templated":true}]}}