





{"id":98706,"date":"2026-05-07T15:30:48","date_gmt":"2026-05-07T13:30:48","guid":{"rendered":"https:\/\/repliquemangacine.fr\/?post_type=product&#038;p=98706"},"modified":"2026-05-07T18:06:34","modified_gmt":"2026-05-07T16:06:34","slug":"griffins-oath-dagger","status":"publish","type":"product","link":"https:\/\/repliquemangacine.fr\/en\/dagues-medievales\/dague-du-serment-du-griffon\/","title":{"rendered":"Dagger of the Griffin Oath"},"content":{"rendered":"<h2>Dagger of the Griffin Oath: a medieval blade of honor<\/h2>\n<p>Visit <strong>Dagger of the Griffin Oath<\/strong> makes an immediate style statement. Its shiny blade, worked black sheath and silver finish create a strong decorative piece. It's an eye-catcher right from the start.<\/p>\n<p>The gold-rimmed black handle adds a noble touch. The hilt features a coat of arms with a golden griffin, a symbol of vigilance and loyalty. The knight on the pommel represents T\u00e9m\u00e9rion de Valmor, the first to make this vow, kneeling before the throne.<\/p>\n<p>This decorative replica is ideal for collectors of medieval weapons. It will also find its place in a showcase, a desk or a fantasy room. In short, it has more panache than a simple paperweight.<\/p>\n<h3>A finish rich in detail<\/h3>\n<p>The black scabbard features embossed motifs. The silver-plated metal parts reinforce its chivalrous appearance. Finally, the overall silhouette evokes medieval ceremonial daggers.<\/p>\n<h2>Griffin Oath Dagger: Inspired by the oaths of chivalry<\/h2>\n<p>This dagger tells a story before it's even drawn. Designed as a symbol of sacred commitment to the Elmyrr Honor Guard. Offered to knights sworn to protect the royal line until their last breath, it is only given out after a secret ceremony held in the Ancestors' Hall. As such, the object evokes ancient orders, royal guards and court legends.<\/p>\n<p>Visit <a href=\"https:\/\/fr.wikipedia.org\/wiki\/Griffon_(mythologie)\" target=\"_blank\" rel=\"noopener noreferrer\">griffon<\/a> plays a central role in this symbolism. A mythical creature, it represents protection, nobility and strength. Consequently, this dagger becomes more than just a decorative accessory.<\/p>\n<p>Disappeared during the last crusade in the North, it has resurfaced today, untouched, as if waiting for the man or woman who can bear its oath.<\/p>\n<h3>An object for fantasy enthusiasts<\/h3>\n<p>This piece speaks to fans of knights, forgotten realms and legendary relics. It adds instant presence to your d\u00e9cor. It also complements a collection of\u2019<a href=\"https:\/\/repliquemangacine.fr\/en\/medieval-templar-sword\/\">medieval swords<\/a> or the<a href=\"https:\/\/repliquemangacine.fr\/en\/medieval-war-axes-and-accessories\/\"> medieval axes and accessories<\/a>.<\/p>\n<h2>Why choose a decorative medieval dagger?<\/h2>\n<p>A decorative metal dagger is more realistic than a lightweight accessory. It has a real visual presence. What's more, its details stand out better in a shop window or on a wall mount.<\/p>\n<p>However, it is primarily intended for collecting and decoration. It is therefore ideal for enthusiasts looking for a beautiful display piece. For cosplay, it can accompany a medieval outfit with lots of character.<\/p>\n<p>The Griffin Oath Dagger will appeal to discerning collectors. It will also appeal to lovers of chivalry and fantasy objects. And between you and me, it's clearly more attractive than a moss sword forgotten in the attic.<\/p>\n<p>&nbsp;<\/p>","protected":false},"excerpt":{"rendered":"<p><strong>A noble, dark and heroic medieval dagger, ready to join your collection.<\/strong><\/p>\n<p>The Griffin Oath Dagger is a superb medieval decorative piece. Its black scabbard, ornate hilt and knight's pommel make for a spectacular display. It evokes ancient oaths, forgotten coats-of-arms and display cases that deserve more than a mere trinket.<\/p>\n<p><strong>Features :\u00a0<\/strong><\/p>\n<ul>\n<li>24 cm steel blade<\/li>\n<li>Metal knob in the shape of a kneeling knight<\/li>\n<li>Steel guard with golden griffin crest<\/li>\n<li>ABS sheath covered with synthetic imitation leather, decorated and stitched<\/li>\n<li>Black handle with gold trim<\/li>\n<li>Total length: 41.5 cm<\/li>\n<li>Weight: 320 g<\/li>\n<\/ul>","protected":false},"featured_media":98707,"template":"","meta":[],"product_brand":[],"product_cat":[93,107],"product_tag":[],"class_list":{"0":"post-98706","1":"product","2":"type-product","3":"status-publish","4":"has-post-thumbnail","6":"product_cat-dagues-medievales","7":"product_cat-nouveautes","9":"first","10":"instock","11":"taxable","12":"shipping-taxable","13":"purchasable","14":"product-type-simple"},"yoast_head":"<!-- This site is optimized with the Yoast SEO plugin v27.6 - https:\/\/yoast.com\/product\/yoast-seo-wordpress\/ -->\n<title>Dague du Serment du Griffon - R\u00e9plique Manga Cin\u00e9<\/title>\n<meta name=\"description\" content=\"D\u00e9couvrez la Dague du Serment du Griffon, une lame d\u00e9corative m\u00e9di\u00e9vale avec fourreau noir, garde orn\u00e9e et pommeau chevalier.\" \/>\n<meta name=\"robots\" content=\"index, follow, max-snippet:-1, max-image-preview:large, max-video-preview:-1\" \/>\n<link rel=\"canonical\" href=\"https:\/\/repliquemangacine.fr\/en\/medieval-daggers\/griffins-oath-dagger\/\" \/>\n<meta property=\"og:locale\" content=\"en_US\" \/>\n<meta property=\"og:type\" content=\"article\" \/>\n<meta property=\"og:title\" content=\"Dague du Serment du Griffon - R\u00e9plique Manga Cin\u00e9\" \/>\n<meta property=\"og:description\" content=\"D\u00e9couvrez la Dague du Serment du Griffon, une lame d\u00e9corative m\u00e9di\u00e9vale avec fourreau noir, garde orn\u00e9e et pommeau chevalier.\" \/>\n<meta property=\"og:url\" content=\"https:\/\/repliquemangacine.fr\/en\/medieval-daggers\/griffins-oath-dagger\/\" \/>\n<meta property=\"og:site_name\" content=\"R\u00e9plique Manga Cin\u00e9\" \/>\n<meta property=\"article:publisher\" content=\"https:\/\/www.facebook.com\/RepliqueMangaCine\" \/>\n<meta property=\"article:modified_time\" content=\"2026-05-07T16:06:34+00:00\" \/>\n<meta property=\"og:image\" content=\"https:\/\/repliquemangacine.fr\/wp-content\/uploads\/2026\/05\/Dague-du-Serment-du-Griffon.jpg\" \/>\n\t<meta property=\"og:image:width\" content=\"700\" \/>\n\t<meta property=\"og:image:height\" content=\"700\" \/>\n\t<meta property=\"og:image:type\" content=\"image\/jpeg\" \/>\n<meta name=\"twitter:card\" content=\"summary_large_image\" \/>\n<meta name=\"twitter:label1\" content=\"Est. reading time\" \/>\n\t<meta name=\"twitter:data1\" content=\"3 minutes\" \/>\n<script type=\"application\/ld+json\" class=\"yoast-schema-graph\">{\"@context\":\"https:\\\/\\\/schema.org\",\"@graph\":[{\"@type\":\"WebPage\",\"@id\":\"https:\\\/\\\/repliquemangacine.fr\\\/dagues-medievales\\\/dague-du-serment-du-griffon\\\/\",\"url\":\"https:\\\/\\\/repliquemangacine.fr\\\/dagues-medievales\\\/dague-du-serment-du-griffon\\\/\",\"name\":\"Dague du Serment du Griffon - R\u00e9plique Manga Cin\u00e9\",\"isPartOf\":{\"@id\":\"https:\\\/\\\/repliquemangacine.fr\\\/#website\"},\"primaryImageOfPage\":{\"@id\":\"https:\\\/\\\/repliquemangacine.fr\\\/dagues-medievales\\\/dague-du-serment-du-griffon\\\/#primaryimage\"},\"image\":{\"@id\":\"https:\\\/\\\/repliquemangacine.fr\\\/dagues-medievales\\\/dague-du-serment-du-griffon\\\/#primaryimage\"},\"thumbnailUrl\":\"https:\\\/\\\/repliquemangacine.fr\\\/wp-content\\\/uploads\\\/2026\\\/05\\\/Dague-du-Serment-du-Griffon.jpg\",\"datePublished\":\"2026-05-07T13:30:48+00:00\",\"dateModified\":\"2026-05-07T16:06:34+00:00\",\"description\":\"D\u00e9couvrez la Dague du Serment du Griffon, une lame d\u00e9corative m\u00e9di\u00e9vale avec fourreau noir, garde orn\u00e9e et pommeau chevalier.\",\"breadcrumb\":{\"@id\":\"https:\\\/\\\/repliquemangacine.fr\\\/dagues-medievales\\\/dague-du-serment-du-griffon\\\/#breadcrumb\"},\"inLanguage\":\"en-US\",\"potentialAction\":[{\"@type\":\"ReadAction\",\"target\":[\"https:\\\/\\\/repliquemangacine.fr\\\/dagues-medievales\\\/dague-du-serment-du-griffon\\\/\"]}]},{\"@type\":\"ImageObject\",\"inLanguage\":\"en-US\",\"@id\":\"https:\\\/\\\/repliquemangacine.fr\\\/dagues-medievales\\\/dague-du-serment-du-griffon\\\/#primaryimage\",\"url\":\"https:\\\/\\\/repliquemangacine.fr\\\/wp-content\\\/uploads\\\/2026\\\/05\\\/Dague-du-Serment-du-Griffon.jpg\",\"contentUrl\":\"https:\\\/\\\/repliquemangacine.fr\\\/wp-content\\\/uploads\\\/2026\\\/05\\\/Dague-du-Serment-du-Griffon.jpg\",\"width\":700,\"height\":700,\"caption\":\"Dague-du-Serment-du-Griffon\"},{\"@type\":\"BreadcrumbList\",\"@id\":\"https:\\\/\\\/repliquemangacine.fr\\\/dagues-medievales\\\/dague-du-serment-du-griffon\\\/#breadcrumb\",\"itemListElement\":[{\"@type\":\"ListItem\",\"position\":1,\"name\":\"Accueil\",\"item\":\"https:\\\/\\\/repliquemangacine.fr\\\/\"},{\"@type\":\"ListItem\",\"position\":2,\"name\":\"Produits\",\"item\":\"https:\\\/\\\/repliquemangacine.fr\\\/boutique\\\/\"},{\"@type\":\"ListItem\",\"position\":3,\"name\":\"Dague du Serment du Griffon\"}]},{\"@type\":\"WebSite\",\"@id\":\"https:\\\/\\\/repliquemangacine.fr\\\/#website\",\"url\":\"https:\\\/\\\/repliquemangacine.fr\\\/\",\"name\":\"R\u00e9plique Manga Cin\u00e9\",\"description\":\"\",\"publisher\":{\"@id\":\"https:\\\/\\\/repliquemangacine.fr\\\/#organization\"},\"potentialAction\":[{\"@type\":\"SearchAction\",\"target\":{\"@type\":\"EntryPoint\",\"urlTemplate\":\"https:\\\/\\\/repliquemangacine.fr\\\/?s={search_term_string}\"},\"query-input\":{\"@type\":\"PropertyValueSpecification\",\"valueRequired\":true,\"valueName\":\"search_term_string\"}}],\"inLanguage\":\"en-US\"},{\"@type\":\"Organization\",\"@id\":\"https:\\\/\\\/repliquemangacine.fr\\\/#organization\",\"name\":\"R\u00e9plique Manga Cin\u00e9\",\"url\":\"https:\\\/\\\/repliquemangacine.fr\\\/\",\"logo\":{\"@type\":\"ImageObject\",\"inLanguage\":\"en-US\",\"@id\":\"https:\\\/\\\/repliquemangacine.fr\\\/#\\\/schema\\\/logo\\\/image\\\/\",\"url\":\"https:\\\/\\\/repliquemangacine.fr\\\/wp-content\\\/uploads\\\/2023\\\/10\\\/RMC-500250.png\",\"contentUrl\":\"https:\\\/\\\/repliquemangacine.fr\\\/wp-content\\\/uploads\\\/2023\\\/10\\\/RMC-500250.png\",\"width\":500,\"height\":250,\"caption\":\"R\u00e9plique Manga Cin\u00e9\"},\"image\":{\"@id\":\"https:\\\/\\\/repliquemangacine.fr\\\/#\\\/schema\\\/logo\\\/image\\\/\"},\"sameAs\":[\"https:\\\/\\\/www.facebook.com\\\/RepliqueMangaCine\",\"https:\\\/\\\/www.instagram.com\\\/repliquemangacine.fr\\\/\"]}]}<\/script>\n<!-- \/ Yoast SEO plugin. -->","yoast_head_json":{"title":"Griffin Oath Dagger - R\u00e9plique Manga Cin\u00e9","description":"Discover the Griffin Oath Dagger, a decorative medieval blade with black scabbard, ornate hilt and knight's pommel.","robots":{"index":"index","follow":"follow","max-snippet":"max-snippet:-1","max-image-preview":"max-image-preview:large","max-video-preview":"max-video-preview:-1"},"canonical":"https:\/\/repliquemangacine.fr\/en\/medieval-daggers\/griffins-oath-dagger\/","og_locale":"en_US","og_type":"article","og_title":"Dague du Serment du Griffon - R\u00e9plique Manga Cin\u00e9","og_description":"D\u00e9couvrez la Dague du Serment du Griffon, une lame d\u00e9corative m\u00e9di\u00e9vale avec fourreau noir, garde orn\u00e9e et pommeau chevalier.","og_url":"https:\/\/repliquemangacine.fr\/en\/medieval-daggers\/griffins-oath-dagger\/","og_site_name":"R\u00e9plique Manga Cin\u00e9","article_publisher":"https:\/\/www.facebook.com\/RepliqueMangaCine","article_modified_time":"2026-05-07T16:06:34+00:00","og_image":[{"width":700,"height":700,"url":"https:\/\/repliquemangacine.fr\/wp-content\/uploads\/2026\/05\/Dague-du-Serment-du-Griffon.jpg","type":"image\/jpeg"}],"twitter_card":"summary_large_image","twitter_misc":{"Est. reading time":"3 minutes"},"schema":{"@context":"https:\/\/schema.org","@graph":[{"@type":"WebPage","@id":"https:\/\/repliquemangacine.fr\/dagues-medievales\/dague-du-serment-du-griffon\/","url":"https:\/\/repliquemangacine.fr\/dagues-medievales\/dague-du-serment-du-griffon\/","name":"Griffin Oath Dagger - R\u00e9plique Manga Cin\u00e9","isPartOf":{"@id":"https:\/\/repliquemangacine.fr\/#website"},"primaryImageOfPage":{"@id":"https:\/\/repliquemangacine.fr\/dagues-medievales\/dague-du-serment-du-griffon\/#primaryimage"},"image":{"@id":"https:\/\/repliquemangacine.fr\/dagues-medievales\/dague-du-serment-du-griffon\/#primaryimage"},"thumbnailUrl":"https:\/\/repliquemangacine.fr\/wp-content\/uploads\/2026\/05\/Dague-du-Serment-du-Griffon.jpg","datePublished":"2026-05-07T13:30:48+00:00","dateModified":"2026-05-07T16:06:34+00:00","description":"Discover the Griffin Oath Dagger, a decorative medieval blade with black scabbard, ornate hilt and knight's pommel.","breadcrumb":{"@id":"https:\/\/repliquemangacine.fr\/dagues-medievales\/dague-du-serment-du-griffon\/#breadcrumb"},"inLanguage":"en-US","potentialAction":[{"@type":"ReadAction","target":["https:\/\/repliquemangacine.fr\/dagues-medievales\/dague-du-serment-du-griffon\/"]}]},{"@type":"ImageObject","inLanguage":"en-US","@id":"https:\/\/repliquemangacine.fr\/dagues-medievales\/dague-du-serment-du-griffon\/#primaryimage","url":"https:\/\/repliquemangacine.fr\/wp-content\/uploads\/2026\/05\/Dague-du-Serment-du-Griffon.jpg","contentUrl":"https:\/\/repliquemangacine.fr\/wp-content\/uploads\/2026\/05\/Dague-du-Serment-du-Griffon.jpg","width":700,"height":700,"caption":"Dague-du-Serment-du-Griffon"},{"@type":"BreadcrumbList","@id":"https:\/\/repliquemangacine.fr\/dagues-medievales\/dague-du-serment-du-griffon\/#breadcrumb","itemListElement":[{"@type":"ListItem","position":1,"name":"Accueil","item":"https:\/\/repliquemangacine.fr\/"},{"@type":"ListItem","position":2,"name":"Produits","item":"https:\/\/repliquemangacine.fr\/boutique\/"},{"@type":"ListItem","position":3,"name":"Dague du Serment du Griffon"}]},{"@type":"WebSite","@id":"https:\/\/repliquemangacine.fr\/#website","url":"https:\/\/repliquemangacine.fr\/","name":"R\u00e9plique Manga Cin\u00e9","description":"","publisher":{"@id":"https:\/\/repliquemangacine.fr\/#organization"},"potentialAction":[{"@type":"SearchAction","target":{"@type":"EntryPoint","urlTemplate":"https:\/\/repliquemangacine.fr\/?s={search_term_string}"},"query-input":{"@type":"PropertyValueSpecification","valueRequired":true,"valueName":"search_term_string"}}],"inLanguage":"en-US"},{"@type":"Organization","@id":"https:\/\/repliquemangacine.fr\/#organization","name":"R\u00e9plique Manga Cin\u00e9","url":"https:\/\/repliquemangacine.fr\/","logo":{"@type":"ImageObject","inLanguage":"en-US","@id":"https:\/\/repliquemangacine.fr\/#\/schema\/logo\/image\/","url":"https:\/\/repliquemangacine.fr\/wp-content\/uploads\/2023\/10\/RMC-500250.png","contentUrl":"https:\/\/repliquemangacine.fr\/wp-content\/uploads\/2023\/10\/RMC-500250.png","width":500,"height":250,"caption":"R\u00e9plique Manga Cin\u00e9"},"image":{"@id":"https:\/\/repliquemangacine.fr\/#\/schema\/logo\/image\/"},"sameAs":["https:\/\/www.facebook.com\/RepliqueMangaCine","https:\/\/www.instagram.com\/repliquemangacine.fr\/"]}]}},"_links":{"self":[{"href":"https:\/\/repliquemangacine.fr\/en\/wp-json\/wp\/v2\/product\/98706","targetHints":{"allow":["GET"]}}],"collection":[{"href":"https:\/\/repliquemangacine.fr\/en\/wp-json\/wp\/v2\/product"}],"about":[{"href":"https:\/\/repliquemangacine.fr\/en\/wp-json\/wp\/v2\/types\/product"}],"wp:featuredmedia":[{"embeddable":true,"href":"https:\/\/repliquemangacine.fr\/en\/wp-json\/wp\/v2\/media\/98707"}],"wp:attachment":[{"href":"https:\/\/repliquemangacine.fr\/en\/wp-json\/wp\/v2\/media?parent=98706"}],"wp:term":[{"taxonomy":"product_brand","embeddable":true,"href":"https:\/\/repliquemangacine.fr\/en\/wp-json\/wp\/v2\/product_brand?post=98706"},{"taxonomy":"product_cat","embeddable":true,"href":"https:\/\/repliquemangacine.fr\/en\/wp-json\/wp\/v2\/product_cat?post=98706"},{"taxonomy":"product_tag","embeddable":true,"href":"https:\/\/repliquemangacine.fr\/en\/wp-json\/wp\/v2\/product_tag?post=98706"}],"curies":[{"name":"wp","href":"https:\/\/api.w.org\/{rel}","templated":true}]}}