





{"id":98698,"date":"2026-05-07T14:51:25","date_gmt":"2026-05-07T12:51:25","guid":{"rendered":"https:\/\/repliquemangacine.fr\/?post_type=product&#038;p=98698"},"modified":"2026-05-07T17:26:49","modified_gmt":"2026-05-07T15:26:49","slug":"templar-crusader-dagger","status":"publish","type":"product","link":"https:\/\/repliquemangacine.fr\/en\/dagues-medievales\/dague-templier-des-croisades\/","title":{"rendered":"Templar Dagger of the Crusades"},"content":{"rendered":"<h2>Templar dagger from the Crusades: a medieval piece of sacred significance<\/h2>\n<p>This <strong>Templar dagger from the Crusades<\/strong> makes an immediate style statement. Its straight blade, black scabbard and red details evoke the world of chivalry. As a result, it catches the eye from the very first exposure.<\/p>\n<p>In addition, its curved hilt, engraved with the word \u201cCrusade\u201d, reminded its wearer that he was fighting a spiritual as well as a military battle. The red crosses also reinforce its medieval identity. The helmet-shaped pommel adds a real historical presence.<\/p>\n<p>Finally, this decorative replica is ideal for collectors, Templar enthusiasts and lovers of medieval decoration. It's a perfect match for a medieval sword, shield or helmet.<\/p>\n<h3>An engraved guard full of symbols<\/h3>\n<p>The silver hilt, cross patches and embossing give a very visual finish.<\/p>\n<h2>A dagger inspired by the Knights Templar<\/h2>\n<p>The Templars continue to fascinate to this day. Their history combines faith, discipline, mystery and legend. As a result, every symbol becomes immediately powerful.<\/p>\n<p>This dagger takes up the strong codes of the\u2019<a href=\"https:\/\/fr.wikipedia.org\/wiki\/Ordre_du_Temple\" target=\"_blank\" rel=\"noopener noreferrer\">Order of the Temple<\/a>. The red crosses recall the Crusades. The \u201cCrusade\u201d engraving adds an even more evocative touch.<\/p>\n<p>It is said that this dagger, known as the\u00a0<strong><em>Blade of Holy Shadow<\/em><\/strong>, was forged in the heart of Jerusalem, on the eve of the Seventh Crusade. Worn by knight Alphonse de Marnay, it was not only used in battle, but also marked the seal of a sacred oath. Each Templar received it after swearing loyalty to the Rule, before the altar of the Holy Sepulchre.<\/p>\n<h2>Why choose this decorative Templar dagger?<\/h2>\n<p>This dagger is ideal for enriching a medieval collection. It's also ideal for historical decoration, photo staging or cosplay. However, it remains above all a decorative piece.<\/p>\n<p>Its main advantage is its complete look. Blade, guard, handle and scabbard all follow the same visual direction. Nothing is left to chance.<\/p>\n<p>Discover our world of <a href=\"https:\/\/repliquemangacine.fr\/en\/reproductions-of-medieval-weapons-and-accessories\/\">medieval reproductions<\/a> : <a href=\"https:\/\/repliquemangacine.fr\/en\/medieval-templar-sword\/\">knights' swords<\/a>, <a href=\"https:\/\/repliquemangacine.fr\/en\/helmet-helmet-knight-templar\/\">helms<\/a>, <a href=\"https:\/\/repliquemangacine.fr\/en\/medieval-daggers\/\">daggers<\/a>, <a href=\"https:\/\/repliquemangacine.fr\/en\/shields-and-armor\/\">shields<\/a> and historical weapons inspired by the great battles of the Middle Ages. Immerse yourself in a collection designed for history buffs, collectors and medieval re-enactment enthusiasts.<\/p>","protected":false},"excerpt":{"rendered":"<p><strong>A Templar dagger engraved with \u201cCrusade\u201d, designed for lovers of crusades and fine medieval pieces.<\/strong><\/p>\n<p>This decorative replica features a straight blade, an elaborate guard and a black scabbard adorned with red crosses.<br \/>\nIts helmet-shaped pommel reinforces its chivalric style.<br \/>\nPerfect for collecting, decorating or medieval cosplay.<\/p>\n<p><strong>Features :<\/strong><\/p>\n<ul>\n<li>24 cm stainless steel blade<\/li>\n<li>Engraved steel guard<\/li>\n<li>Moulded ABS handle for a secure grip<\/li>\n<li>Metal knob in the shape of a knight's helmet<\/li>\n<li>ABS sheath with trim<\/li>\n<li>Total length with scabbard: 39 cm<\/li>\n<li>Weight 315 g<\/li>\n<\/ul>","protected":false},"featured_media":98700,"template":"","meta":[],"product_brand":[],"product_cat":[93,107],"product_tag":[],"class_list":{"0":"post-98698","1":"product","2":"type-product","3":"status-publish","4":"has-post-thumbnail","6":"product_cat-dagues-medievales","7":"product_cat-nouveautes","9":"first","10":"instock","11":"taxable","12":"shipping-taxable","13":"purchasable","14":"product-type-simple"},"yoast_head":"<!-- This site is optimized with the Yoast SEO plugin v27.6 - https:\/\/yoast.com\/product\/yoast-seo-wordpress\/ -->\n<title>Dague Templier des Croisades - R\u00e9plique Manga Cin\u00e9<\/title>\n<meta name=\"description\" content=\"Dague Templier des Croisades, son pommeau en forme de heaume, croix rouges et fourreau noir. Une pi\u00e8ce m\u00e9di\u00e9vale forte pour collection, d\u00e9co ou cosplay.\" \/>\n<meta name=\"robots\" content=\"index, follow, max-snippet:-1, max-image-preview:large, max-video-preview:-1\" \/>\n<link rel=\"canonical\" href=\"https:\/\/repliquemangacine.fr\/en\/medieval-daggers\/templar-crusader-dagger\/\" \/>\n<meta property=\"og:locale\" content=\"en_US\" \/>\n<meta property=\"og:type\" content=\"article\" \/>\n<meta property=\"og:title\" content=\"Dague Templier des Croisades - R\u00e9plique Manga Cin\u00e9\" \/>\n<meta property=\"og:description\" content=\"Dague Templier des Croisades, son pommeau en forme de heaume, croix rouges et fourreau noir. Une pi\u00e8ce m\u00e9di\u00e9vale forte pour collection, d\u00e9co ou cosplay.\" \/>\n<meta property=\"og:url\" content=\"https:\/\/repliquemangacine.fr\/en\/medieval-daggers\/templar-crusader-dagger\/\" \/>\n<meta property=\"og:site_name\" content=\"R\u00e9plique Manga Cin\u00e9\" \/>\n<meta property=\"article:publisher\" content=\"https:\/\/www.facebook.com\/RepliqueMangaCine\" \/>\n<meta property=\"article:modified_time\" content=\"2026-05-07T15:26:49+00:00\" \/>\n<meta property=\"og:image\" content=\"https:\/\/repliquemangacine.fr\/wp-content\/uploads\/2026\/05\/Dague-des-Templiers-des-Croisades-dans-son-fourreau.jpg\" \/>\n\t<meta property=\"og:image:width\" content=\"700\" \/>\n\t<meta property=\"og:image:height\" content=\"700\" \/>\n\t<meta property=\"og:image:type\" content=\"image\/jpeg\" \/>\n<meta name=\"twitter:card\" content=\"summary_large_image\" \/>\n<meta name=\"twitter:label1\" content=\"Est. reading time\" \/>\n\t<meta name=\"twitter:data1\" content=\"3 minutes\" \/>\n<script type=\"application\/ld+json\" class=\"yoast-schema-graph\">{\"@context\":\"https:\\\/\\\/schema.org\",\"@graph\":[{\"@type\":\"WebPage\",\"@id\":\"https:\\\/\\\/repliquemangacine.fr\\\/dagues-medievales\\\/dague-templier-des-croisades\\\/\",\"url\":\"https:\\\/\\\/repliquemangacine.fr\\\/dagues-medievales\\\/dague-templier-des-croisades\\\/\",\"name\":\"Dague Templier des Croisades - R\u00e9plique Manga Cin\u00e9\",\"isPartOf\":{\"@id\":\"https:\\\/\\\/repliquemangacine.fr\\\/#website\"},\"primaryImageOfPage\":{\"@id\":\"https:\\\/\\\/repliquemangacine.fr\\\/dagues-medievales\\\/dague-templier-des-croisades\\\/#primaryimage\"},\"image\":{\"@id\":\"https:\\\/\\\/repliquemangacine.fr\\\/dagues-medievales\\\/dague-templier-des-croisades\\\/#primaryimage\"},\"thumbnailUrl\":\"https:\\\/\\\/repliquemangacine.fr\\\/wp-content\\\/uploads\\\/2026\\\/05\\\/Dague-des-Templiers-des-Croisades-dans-son-fourreau.jpg\",\"datePublished\":\"2026-05-07T12:51:25+00:00\",\"dateModified\":\"2026-05-07T15:26:49+00:00\",\"description\":\"Dague Templier des Croisades, son pommeau en forme de heaume, croix rouges et fourreau noir. Une pi\u00e8ce m\u00e9di\u00e9vale forte pour collection, d\u00e9co ou cosplay.\",\"breadcrumb\":{\"@id\":\"https:\\\/\\\/repliquemangacine.fr\\\/dagues-medievales\\\/dague-templier-des-croisades\\\/#breadcrumb\"},\"inLanguage\":\"en-US\",\"potentialAction\":[{\"@type\":\"ReadAction\",\"target\":[\"https:\\\/\\\/repliquemangacine.fr\\\/dagues-medievales\\\/dague-templier-des-croisades\\\/\"]}]},{\"@type\":\"ImageObject\",\"inLanguage\":\"en-US\",\"@id\":\"https:\\\/\\\/repliquemangacine.fr\\\/dagues-medievales\\\/dague-templier-des-croisades\\\/#primaryimage\",\"url\":\"https:\\\/\\\/repliquemangacine.fr\\\/wp-content\\\/uploads\\\/2026\\\/05\\\/Dague-des-Templiers-des-Croisades-dans-son-fourreau.jpg\",\"contentUrl\":\"https:\\\/\\\/repliquemangacine.fr\\\/wp-content\\\/uploads\\\/2026\\\/05\\\/Dague-des-Templiers-des-Croisades-dans-son-fourreau.jpg\",\"width\":700,\"height\":700,\"caption\":\"Dague-des-Templiers-des-Croisades-dans-son-fourreau\"},{\"@type\":\"BreadcrumbList\",\"@id\":\"https:\\\/\\\/repliquemangacine.fr\\\/dagues-medievales\\\/dague-templier-des-croisades\\\/#breadcrumb\",\"itemListElement\":[{\"@type\":\"ListItem\",\"position\":1,\"name\":\"Accueil\",\"item\":\"https:\\\/\\\/repliquemangacine.fr\\\/\"},{\"@type\":\"ListItem\",\"position\":2,\"name\":\"Produits\",\"item\":\"https:\\\/\\\/repliquemangacine.fr\\\/boutique\\\/\"},{\"@type\":\"ListItem\",\"position\":3,\"name\":\"Dague Templier des Croisades\"}]},{\"@type\":\"WebSite\",\"@id\":\"https:\\\/\\\/repliquemangacine.fr\\\/#website\",\"url\":\"https:\\\/\\\/repliquemangacine.fr\\\/\",\"name\":\"R\u00e9plique Manga Cin\u00e9\",\"description\":\"\",\"publisher\":{\"@id\":\"https:\\\/\\\/repliquemangacine.fr\\\/#organization\"},\"potentialAction\":[{\"@type\":\"SearchAction\",\"target\":{\"@type\":\"EntryPoint\",\"urlTemplate\":\"https:\\\/\\\/repliquemangacine.fr\\\/?s={search_term_string}\"},\"query-input\":{\"@type\":\"PropertyValueSpecification\",\"valueRequired\":true,\"valueName\":\"search_term_string\"}}],\"inLanguage\":\"en-US\"},{\"@type\":\"Organization\",\"@id\":\"https:\\\/\\\/repliquemangacine.fr\\\/#organization\",\"name\":\"R\u00e9plique Manga Cin\u00e9\",\"url\":\"https:\\\/\\\/repliquemangacine.fr\\\/\",\"logo\":{\"@type\":\"ImageObject\",\"inLanguage\":\"en-US\",\"@id\":\"https:\\\/\\\/repliquemangacine.fr\\\/#\\\/schema\\\/logo\\\/image\\\/\",\"url\":\"https:\\\/\\\/repliquemangacine.fr\\\/wp-content\\\/uploads\\\/2023\\\/10\\\/RMC-500250.png\",\"contentUrl\":\"https:\\\/\\\/repliquemangacine.fr\\\/wp-content\\\/uploads\\\/2023\\\/10\\\/RMC-500250.png\",\"width\":500,\"height\":250,\"caption\":\"R\u00e9plique Manga Cin\u00e9\"},\"image\":{\"@id\":\"https:\\\/\\\/repliquemangacine.fr\\\/#\\\/schema\\\/logo\\\/image\\\/\"},\"sameAs\":[\"https:\\\/\\\/www.facebook.com\\\/RepliqueMangaCine\",\"https:\\\/\\\/www.instagram.com\\\/repliquemangacine.fr\\\/\"]}]}<\/script>\n<!-- \/ Yoast SEO plugin. -->","yoast_head_json":{"title":"Templar Dagger of the Crusades - R\u00e9plique Manga Cin\u00e9","description":"Templar dagger from the Crusades, with its helmet-shaped pommel, red crosses and black scabbard. A powerful medieval piece for collecting, decorating or cosplaying.","robots":{"index":"index","follow":"follow","max-snippet":"max-snippet:-1","max-image-preview":"max-image-preview:large","max-video-preview":"max-video-preview:-1"},"canonical":"https:\/\/repliquemangacine.fr\/en\/medieval-daggers\/templar-crusader-dagger\/","og_locale":"en_US","og_type":"article","og_title":"Dague Templier des Croisades - R\u00e9plique Manga Cin\u00e9","og_description":"Dague Templier des Croisades, son pommeau en forme de heaume, croix rouges et fourreau noir. Une pi\u00e8ce m\u00e9di\u00e9vale forte pour collection, d\u00e9co ou cosplay.","og_url":"https:\/\/repliquemangacine.fr\/en\/medieval-daggers\/templar-crusader-dagger\/","og_site_name":"R\u00e9plique Manga Cin\u00e9","article_publisher":"https:\/\/www.facebook.com\/RepliqueMangaCine","article_modified_time":"2026-05-07T15:26:49+00:00","og_image":[{"width":700,"height":700,"url":"https:\/\/repliquemangacine.fr\/wp-content\/uploads\/2026\/05\/Dague-des-Templiers-des-Croisades-dans-son-fourreau.jpg","type":"image\/jpeg"}],"twitter_card":"summary_large_image","twitter_misc":{"Est. reading time":"3 minutes"},"schema":{"@context":"https:\/\/schema.org","@graph":[{"@type":"WebPage","@id":"https:\/\/repliquemangacine.fr\/dagues-medievales\/dague-templier-des-croisades\/","url":"https:\/\/repliquemangacine.fr\/dagues-medievales\/dague-templier-des-croisades\/","name":"Templar Dagger of the Crusades - R\u00e9plique Manga Cin\u00e9","isPartOf":{"@id":"https:\/\/repliquemangacine.fr\/#website"},"primaryImageOfPage":{"@id":"https:\/\/repliquemangacine.fr\/dagues-medievales\/dague-templier-des-croisades\/#primaryimage"},"image":{"@id":"https:\/\/repliquemangacine.fr\/dagues-medievales\/dague-templier-des-croisades\/#primaryimage"},"thumbnailUrl":"https:\/\/repliquemangacine.fr\/wp-content\/uploads\/2026\/05\/Dague-des-Templiers-des-Croisades-dans-son-fourreau.jpg","datePublished":"2026-05-07T12:51:25+00:00","dateModified":"2026-05-07T15:26:49+00:00","description":"Templar dagger from the Crusades, with its helmet-shaped pommel, red crosses and black scabbard. A powerful medieval piece for collecting, decorating or cosplaying.","breadcrumb":{"@id":"https:\/\/repliquemangacine.fr\/dagues-medievales\/dague-templier-des-croisades\/#breadcrumb"},"inLanguage":"en-US","potentialAction":[{"@type":"ReadAction","target":["https:\/\/repliquemangacine.fr\/dagues-medievales\/dague-templier-des-croisades\/"]}]},{"@type":"ImageObject","inLanguage":"en-US","@id":"https:\/\/repliquemangacine.fr\/dagues-medievales\/dague-templier-des-croisades\/#primaryimage","url":"https:\/\/repliquemangacine.fr\/wp-content\/uploads\/2026\/05\/Dague-des-Templiers-des-Croisades-dans-son-fourreau.jpg","contentUrl":"https:\/\/repliquemangacine.fr\/wp-content\/uploads\/2026\/05\/Dague-des-Templiers-des-Croisades-dans-son-fourreau.jpg","width":700,"height":700,"caption":"Dague-des-Templiers-des-Croisades-dans-son-fourreau"},{"@type":"BreadcrumbList","@id":"https:\/\/repliquemangacine.fr\/dagues-medievales\/dague-templier-des-croisades\/#breadcrumb","itemListElement":[{"@type":"ListItem","position":1,"name":"Accueil","item":"https:\/\/repliquemangacine.fr\/"},{"@type":"ListItem","position":2,"name":"Produits","item":"https:\/\/repliquemangacine.fr\/boutique\/"},{"@type":"ListItem","position":3,"name":"Dague Templier des Croisades"}]},{"@type":"WebSite","@id":"https:\/\/repliquemangacine.fr\/#website","url":"https:\/\/repliquemangacine.fr\/","name":"R\u00e9plique Manga Cin\u00e9","description":"","publisher":{"@id":"https:\/\/repliquemangacine.fr\/#organization"},"potentialAction":[{"@type":"SearchAction","target":{"@type":"EntryPoint","urlTemplate":"https:\/\/repliquemangacine.fr\/?s={search_term_string}"},"query-input":{"@type":"PropertyValueSpecification","valueRequired":true,"valueName":"search_term_string"}}],"inLanguage":"en-US"},{"@type":"Organization","@id":"https:\/\/repliquemangacine.fr\/#organization","name":"R\u00e9plique Manga Cin\u00e9","url":"https:\/\/repliquemangacine.fr\/","logo":{"@type":"ImageObject","inLanguage":"en-US","@id":"https:\/\/repliquemangacine.fr\/#\/schema\/logo\/image\/","url":"https:\/\/repliquemangacine.fr\/wp-content\/uploads\/2023\/10\/RMC-500250.png","contentUrl":"https:\/\/repliquemangacine.fr\/wp-content\/uploads\/2023\/10\/RMC-500250.png","width":500,"height":250,"caption":"R\u00e9plique Manga Cin\u00e9"},"image":{"@id":"https:\/\/repliquemangacine.fr\/#\/schema\/logo\/image\/"},"sameAs":["https:\/\/www.facebook.com\/RepliqueMangaCine","https:\/\/www.instagram.com\/repliquemangacine.fr\/"]}]}},"_links":{"self":[{"href":"https:\/\/repliquemangacine.fr\/en\/wp-json\/wp\/v2\/product\/98698","targetHints":{"allow":["GET"]}}],"collection":[{"href":"https:\/\/repliquemangacine.fr\/en\/wp-json\/wp\/v2\/product"}],"about":[{"href":"https:\/\/repliquemangacine.fr\/en\/wp-json\/wp\/v2\/types\/product"}],"wp:featuredmedia":[{"embeddable":true,"href":"https:\/\/repliquemangacine.fr\/en\/wp-json\/wp\/v2\/media\/98700"}],"wp:attachment":[{"href":"https:\/\/repliquemangacine.fr\/en\/wp-json\/wp\/v2\/media?parent=98698"}],"wp:term":[{"taxonomy":"product_brand","embeddable":true,"href":"https:\/\/repliquemangacine.fr\/en\/wp-json\/wp\/v2\/product_brand?post=98698"},{"taxonomy":"product_cat","embeddable":true,"href":"https:\/\/repliquemangacine.fr\/en\/wp-json\/wp\/v2\/product_cat?post=98698"},{"taxonomy":"product_tag","embeddable":true,"href":"https:\/\/repliquemangacine.fr\/en\/wp-json\/wp\/v2\/product_tag?post=98698"}],"curies":[{"name":"wp","href":"https:\/\/api.w.org\/{rel}","templated":true}]}}