





{"id":97218,"date":"2026-03-30T18:01:29","date_gmt":"2026-03-30T16:01:29","guid":{"rendered":"https:\/\/repliquemangacine.fr\/?post_type=product&#038;p=97218"},"modified":"2026-04-02T11:20:35","modified_gmt":"2026-04-02T09:20:35","slug":"ace-one-piece-portgas-dagger","status":"publish","type":"product","link":"https:\/\/repliquemangacine.fr\/en\/katana-one-piece\/dague-de-portgas-d-ace-one-piece\/","title":{"rendered":"D.Ace Portgas Dagger - One Piece"},"content":{"rendered":"<h2>Portgas D.Ace dagger: a faithful, charismatic replica<\/h2>\n<p>From the very first glance, this Portgas D.Ace Dagger captivates with its unique style. Indeed, its elaborate design is immediately reminiscent of the One Piece universe. Its wide stainless steel blade offers a realistic look. What's more, its 6.5 cm width reinforces its powerful appearance. The solid metal handle ensures solidity and balance. It is adorned with detailed, aged-style gold parts.<\/p>\n<p>The molded ABS sheath is the perfect complement. It protects the blade effectively and adds a touch of style. Last but not least, the interior felt holds the blade in place without damaging it. Every detail has been thought out for a premium experience.<\/p>\n<p>Complete your world with :<\/p>\n<ul>\n<li><a href=\"https:\/\/repliquemangacine.fr\/en\/one-piece-metal-katana\/zoro-one-piece-katana-enma-v13\/\">Katana Enma<\/a> or Ame no Habakiri<\/li>\n<li><a href=\"https:\/\/repliquemangacine.fr\/en\/replicas-manga-video-games\/set-of-3-zoro-katanas\/\">Zoro's One Piece sabres<\/a><\/li>\n<li><a href=\"https:\/\/repliquemangacine.fr\/en\/pirate-weapons\/\">Replica pirate weapons\u00a0<\/a><\/li>\n<\/ul>\n<h2>Portgas D. Ace: fire, loyalty and legend<\/h2>\n<p>In <a href=\"https:\/\/onepiece.fandom.com\/fr\/wiki\/One_Piece_Encyclop%C3%A9die\" target=\"_blank\" rel=\"noopener noreferrer\">One Piece<\/a>, Portgas D. Ace embodies power and freedom. As Luffy's brother and a user of the power of fire, he makes a lasting impression. His style is distinguished by his natural charisma. He doesn't seek to dominate, but to protect those he loves. What's more, every weapon associated with Ace reflects this duality. Between brute strength and elegance, it's all about balance.<\/p>\n<p>As a result, this dagger becomes much more than an accessory. It represents a powerful symbol for fans, even if Ace wears it but never uses it. To own this replica is to keep a part of his flame. It's also a tribute to a cult character.<\/p>\n<h2>An ideal piece for cosplay, collecting and passion<\/h2>\n<p>Above all, this dagger is for the discerning enthusiast. It combines aesthetics, quality and faithfulness to the original work. Thanks to its side ring, it attaches easily to the belt.<br \/>\nThis makes it the perfect addition to any successful cosplay. What's more, its 41 cm size makes it easy to handle. It's comfortable to hold, yet retains a strong presence.<\/p>\n<p>On display, it immediately attracts attention. The aged gold finish gives it a unique charm. Last but not least, it fits perfectly into a One Piece collection. It brings a different touch to classic swords.<\/p>","protected":false},"excerpt":{"rendered":"<p>A dagger in Ace's image... elegant, powerful and impossible to forget.<\/p>\n<p><strong>Ace's flame in your hands<\/strong><\/p>\n<p>Adopt Portgas D. Ace's dagger and show off your pirate style.<br \/>\nA faithful replica, elegant and full of character.<br \/>\nPerfect for cosplay, collection or manga decoration.<\/p>\n<p><strong>Features<\/strong> :<\/p>\n<ul>\n<li>Total length: 41 cm<\/li>\n<li>Blade length: 22.5 cm<\/li>\n<li>Blade width: 6.5 cm<\/li>\n<li>Weight: 1090g with scabbard<\/li>\n<li>Blade material: stainless steel<\/li>\n<li>Handle: solid metal with aged gold finish<\/li>\n<li>Sheath: molded ABS with interior felt<\/li>\n<li>Detail: ring for belt fastening<\/li>\n<li>Usage: cosplay \/ collection \/ decoration<\/li>\n<\/ul>","protected":false},"featured_media":97220,"template":"","meta":[],"product_brand":[],"product_cat":[123,107,36,121],"product_tag":[1021,1023,1022],"class_list":{"0":"post-97218","1":"product","2":"type-product","3":"status-publish","4":"has-post-thumbnail","6":"product_cat-katana-en-metal-one-piece","7":"product_cat-nouveautes","8":"product_cat-katana-one-piece","9":"product_cat-tanto-mini-katana-one-piece","10":"product_tag-arme-portgas-d-ace","11":"product_tag-dague-ace-one-piece","12":"product_tag-replique-one-piece","14":"first","15":"instock","16":"taxable","17":"shipping-taxable","18":"purchasable","19":"product-type-simple"},"yoast_head":"<!-- This site is optimized with the Yoast SEO plugin v27.6 - https:\/\/yoast.com\/product\/yoast-seo-wordpress\/ -->\n<title>Dague de Portgas D.Ace - One Piece - R\u00e9plique Manga Cin\u00e9<\/title>\n<meta name=\"description\" content=\"Adopte la Dague de Portgas D.Ace dans One Piece. R\u00e9plique en acier 41 cm avec fourreau d\u00e9cor\u00e9, id\u00e9ale cosplay et collection.\" \/>\n<meta name=\"robots\" content=\"index, follow, max-snippet:-1, max-image-preview:large, max-video-preview:-1\" \/>\n<link rel=\"canonical\" href=\"https:\/\/repliquemangacine.fr\/en\/katana-one-piece\/ace-one-piece-portgas-dagger\/\" \/>\n<meta property=\"og:locale\" content=\"en_US\" \/>\n<meta property=\"og:type\" content=\"article\" \/>\n<meta property=\"og:title\" content=\"Dague de Portgas D.Ace - One Piece - R\u00e9plique Manga Cin\u00e9\" \/>\n<meta property=\"og:description\" content=\"Adopte la Dague de Portgas D.Ace dans One Piece. R\u00e9plique en acier 41 cm avec fourreau d\u00e9cor\u00e9, id\u00e9ale cosplay et collection.\" \/>\n<meta property=\"og:url\" content=\"https:\/\/repliquemangacine.fr\/en\/katana-one-piece\/ace-one-piece-portgas-dagger\/\" \/>\n<meta property=\"og:site_name\" content=\"R\u00e9plique Manga Cin\u00e9\" \/>\n<meta property=\"article:publisher\" content=\"https:\/\/www.facebook.com\/RepliqueMangaCine\" \/>\n<meta property=\"article:modified_time\" content=\"2026-04-02T09:20:35+00:00\" \/>\n<meta property=\"og:image\" content=\"https:\/\/repliquemangacine.fr\/wp-content\/uploads\/2026\/03\/Dague-de-Portgas-D.Ace-one-piece.webp\" \/>\n\t<meta property=\"og:image:width\" content=\"700\" \/>\n\t<meta property=\"og:image:height\" content=\"700\" \/>\n\t<meta property=\"og:image:type\" content=\"image\/webp\" \/>\n<meta name=\"twitter:card\" content=\"summary_large_image\" \/>\n<meta name=\"twitter:label1\" content=\"Est. reading time\" \/>\n\t<meta name=\"twitter:data1\" content=\"2 minutes\" \/>\n<script type=\"application\/ld+json\" class=\"yoast-schema-graph\">{\"@context\":\"https:\\\/\\\/schema.org\",\"@graph\":[{\"@type\":\"WebPage\",\"@id\":\"https:\\\/\\\/repliquemangacine.fr\\\/katana-one-piece\\\/dague-de-portgas-d-ace-one-piece\\\/\",\"url\":\"https:\\\/\\\/repliquemangacine.fr\\\/katana-one-piece\\\/dague-de-portgas-d-ace-one-piece\\\/\",\"name\":\"Dague de Portgas D.Ace - One Piece - R\u00e9plique Manga Cin\u00e9\",\"isPartOf\":{\"@id\":\"https:\\\/\\\/repliquemangacine.fr\\\/#website\"},\"primaryImageOfPage\":{\"@id\":\"https:\\\/\\\/repliquemangacine.fr\\\/katana-one-piece\\\/dague-de-portgas-d-ace-one-piece\\\/#primaryimage\"},\"image\":{\"@id\":\"https:\\\/\\\/repliquemangacine.fr\\\/katana-one-piece\\\/dague-de-portgas-d-ace-one-piece\\\/#primaryimage\"},\"thumbnailUrl\":\"https:\\\/\\\/repliquemangacine.fr\\\/wp-content\\\/uploads\\\/2026\\\/03\\\/Dague-de-Portgas-D.Ace-one-piece.webp\",\"datePublished\":\"2026-03-30T16:01:29+00:00\",\"dateModified\":\"2026-04-02T09:20:35+00:00\",\"description\":\"Adopte la Dague de Portgas D.Ace dans One Piece. R\u00e9plique en acier 41 cm avec fourreau d\u00e9cor\u00e9, id\u00e9ale cosplay et collection.\",\"breadcrumb\":{\"@id\":\"https:\\\/\\\/repliquemangacine.fr\\\/katana-one-piece\\\/dague-de-portgas-d-ace-one-piece\\\/#breadcrumb\"},\"inLanguage\":\"en-US\",\"potentialAction\":[{\"@type\":\"ReadAction\",\"target\":[\"https:\\\/\\\/repliquemangacine.fr\\\/katana-one-piece\\\/dague-de-portgas-d-ace-one-piece\\\/\"]}]},{\"@type\":\"ImageObject\",\"inLanguage\":\"en-US\",\"@id\":\"https:\\\/\\\/repliquemangacine.fr\\\/katana-one-piece\\\/dague-de-portgas-d-ace-one-piece\\\/#primaryimage\",\"url\":\"https:\\\/\\\/repliquemangacine.fr\\\/wp-content\\\/uploads\\\/2026\\\/03\\\/Dague-de-Portgas-D.Ace-one-piece.webp\",\"contentUrl\":\"https:\\\/\\\/repliquemangacine.fr\\\/wp-content\\\/uploads\\\/2026\\\/03\\\/Dague-de-Portgas-D.Ace-one-piece.webp\",\"width\":700,\"height\":700,\"caption\":\"Dague de Portgas D.Ace One Piece\"},{\"@type\":\"BreadcrumbList\",\"@id\":\"https:\\\/\\\/repliquemangacine.fr\\\/katana-one-piece\\\/dague-de-portgas-d-ace-one-piece\\\/#breadcrumb\",\"itemListElement\":[{\"@type\":\"ListItem\",\"position\":1,\"name\":\"Accueil\",\"item\":\"https:\\\/\\\/repliquemangacine.fr\\\/\"},{\"@type\":\"ListItem\",\"position\":2,\"name\":\"Produits\",\"item\":\"https:\\\/\\\/repliquemangacine.fr\\\/boutique\\\/\"},{\"@type\":\"ListItem\",\"position\":3,\"name\":\"Dague de Portgas D.Ace &#8211; One Piece\"}]},{\"@type\":\"WebSite\",\"@id\":\"https:\\\/\\\/repliquemangacine.fr\\\/#website\",\"url\":\"https:\\\/\\\/repliquemangacine.fr\\\/\",\"name\":\"R\u00e9plique Manga Cin\u00e9\",\"description\":\"\",\"publisher\":{\"@id\":\"https:\\\/\\\/repliquemangacine.fr\\\/#organization\"},\"potentialAction\":[{\"@type\":\"SearchAction\",\"target\":{\"@type\":\"EntryPoint\",\"urlTemplate\":\"https:\\\/\\\/repliquemangacine.fr\\\/?s={search_term_string}\"},\"query-input\":{\"@type\":\"PropertyValueSpecification\",\"valueRequired\":true,\"valueName\":\"search_term_string\"}}],\"inLanguage\":\"en-US\"},{\"@type\":\"Organization\",\"@id\":\"https:\\\/\\\/repliquemangacine.fr\\\/#organization\",\"name\":\"R\u00e9plique Manga Cin\u00e9\",\"url\":\"https:\\\/\\\/repliquemangacine.fr\\\/\",\"logo\":{\"@type\":\"ImageObject\",\"inLanguage\":\"en-US\",\"@id\":\"https:\\\/\\\/repliquemangacine.fr\\\/#\\\/schema\\\/logo\\\/image\\\/\",\"url\":\"https:\\\/\\\/repliquemangacine.fr\\\/wp-content\\\/uploads\\\/2023\\\/10\\\/RMC-500250.png\",\"contentUrl\":\"https:\\\/\\\/repliquemangacine.fr\\\/wp-content\\\/uploads\\\/2023\\\/10\\\/RMC-500250.png\",\"width\":500,\"height\":250,\"caption\":\"R\u00e9plique Manga Cin\u00e9\"},\"image\":{\"@id\":\"https:\\\/\\\/repliquemangacine.fr\\\/#\\\/schema\\\/logo\\\/image\\\/\"},\"sameAs\":[\"https:\\\/\\\/www.facebook.com\\\/RepliqueMangaCine\",\"https:\\\/\\\/www.instagram.com\\\/repliquemangacine.fr\\\/\"]}]}<\/script>\n<!-- \/ Yoast SEO plugin. -->","yoast_head_json":{"title":"D.Ace Portgas Dagger - One Piece - R\u00e9plique Manga Cin\u00e9","description":"Adopt the Dagger of Portgas D.Ace in One Piece. 41 cm steel replica with decorated scabbard, ideal for cosplay and collecting.","robots":{"index":"index","follow":"follow","max-snippet":"max-snippet:-1","max-image-preview":"max-image-preview:large","max-video-preview":"max-video-preview:-1"},"canonical":"https:\/\/repliquemangacine.fr\/en\/katana-one-piece\/ace-one-piece-portgas-dagger\/","og_locale":"en_US","og_type":"article","og_title":"Dague de Portgas D.Ace - One Piece - R\u00e9plique Manga Cin\u00e9","og_description":"Adopte la Dague de Portgas D.Ace dans One Piece. R\u00e9plique en acier 41 cm avec fourreau d\u00e9cor\u00e9, id\u00e9ale cosplay et collection.","og_url":"https:\/\/repliquemangacine.fr\/en\/katana-one-piece\/ace-one-piece-portgas-dagger\/","og_site_name":"R\u00e9plique Manga Cin\u00e9","article_publisher":"https:\/\/www.facebook.com\/RepliqueMangaCine","article_modified_time":"2026-04-02T09:20:35+00:00","og_image":[{"width":700,"height":700,"url":"https:\/\/repliquemangacine.fr\/wp-content\/uploads\/2026\/03\/Dague-de-Portgas-D.Ace-one-piece.webp","type":"image\/webp"}],"twitter_card":"summary_large_image","twitter_misc":{"Est. reading time":"2 minutes"},"schema":{"@context":"https:\/\/schema.org","@graph":[{"@type":"WebPage","@id":"https:\/\/repliquemangacine.fr\/katana-one-piece\/dague-de-portgas-d-ace-one-piece\/","url":"https:\/\/repliquemangacine.fr\/katana-one-piece\/dague-de-portgas-d-ace-one-piece\/","name":"D.Ace Portgas Dagger - One Piece - R\u00e9plique Manga Cin\u00e9","isPartOf":{"@id":"https:\/\/repliquemangacine.fr\/#website"},"primaryImageOfPage":{"@id":"https:\/\/repliquemangacine.fr\/katana-one-piece\/dague-de-portgas-d-ace-one-piece\/#primaryimage"},"image":{"@id":"https:\/\/repliquemangacine.fr\/katana-one-piece\/dague-de-portgas-d-ace-one-piece\/#primaryimage"},"thumbnailUrl":"https:\/\/repliquemangacine.fr\/wp-content\/uploads\/2026\/03\/Dague-de-Portgas-D.Ace-one-piece.webp","datePublished":"2026-03-30T16:01:29+00:00","dateModified":"2026-04-02T09:20:35+00:00","description":"Adopt the Dagger of Portgas D.Ace in One Piece. 41 cm steel replica with decorated scabbard, ideal for cosplay and collecting.","breadcrumb":{"@id":"https:\/\/repliquemangacine.fr\/katana-one-piece\/dague-de-portgas-d-ace-one-piece\/#breadcrumb"},"inLanguage":"en-US","potentialAction":[{"@type":"ReadAction","target":["https:\/\/repliquemangacine.fr\/katana-one-piece\/dague-de-portgas-d-ace-one-piece\/"]}]},{"@type":"ImageObject","inLanguage":"en-US","@id":"https:\/\/repliquemangacine.fr\/katana-one-piece\/dague-de-portgas-d-ace-one-piece\/#primaryimage","url":"https:\/\/repliquemangacine.fr\/wp-content\/uploads\/2026\/03\/Dague-de-Portgas-D.Ace-one-piece.webp","contentUrl":"https:\/\/repliquemangacine.fr\/wp-content\/uploads\/2026\/03\/Dague-de-Portgas-D.Ace-one-piece.webp","width":700,"height":700,"caption":"Dague de Portgas D.Ace One Piece"},{"@type":"BreadcrumbList","@id":"https:\/\/repliquemangacine.fr\/katana-one-piece\/dague-de-portgas-d-ace-one-piece\/#breadcrumb","itemListElement":[{"@type":"ListItem","position":1,"name":"Accueil","item":"https:\/\/repliquemangacine.fr\/"},{"@type":"ListItem","position":2,"name":"Produits","item":"https:\/\/repliquemangacine.fr\/boutique\/"},{"@type":"ListItem","position":3,"name":"Dague de Portgas D.Ace &#8211; One Piece"}]},{"@type":"WebSite","@id":"https:\/\/repliquemangacine.fr\/#website","url":"https:\/\/repliquemangacine.fr\/","name":"R\u00e9plique Manga Cin\u00e9","description":"","publisher":{"@id":"https:\/\/repliquemangacine.fr\/#organization"},"potentialAction":[{"@type":"SearchAction","target":{"@type":"EntryPoint","urlTemplate":"https:\/\/repliquemangacine.fr\/?s={search_term_string}"},"query-input":{"@type":"PropertyValueSpecification","valueRequired":true,"valueName":"search_term_string"}}],"inLanguage":"en-US"},{"@type":"Organization","@id":"https:\/\/repliquemangacine.fr\/#organization","name":"R\u00e9plique Manga Cin\u00e9","url":"https:\/\/repliquemangacine.fr\/","logo":{"@type":"ImageObject","inLanguage":"en-US","@id":"https:\/\/repliquemangacine.fr\/#\/schema\/logo\/image\/","url":"https:\/\/repliquemangacine.fr\/wp-content\/uploads\/2023\/10\/RMC-500250.png","contentUrl":"https:\/\/repliquemangacine.fr\/wp-content\/uploads\/2023\/10\/RMC-500250.png","width":500,"height":250,"caption":"R\u00e9plique Manga Cin\u00e9"},"image":{"@id":"https:\/\/repliquemangacine.fr\/#\/schema\/logo\/image\/"},"sameAs":["https:\/\/www.facebook.com\/RepliqueMangaCine","https:\/\/www.instagram.com\/repliquemangacine.fr\/"]}]}},"_links":{"self":[{"href":"https:\/\/repliquemangacine.fr\/en\/wp-json\/wp\/v2\/product\/97218","targetHints":{"allow":["GET"]}}],"collection":[{"href":"https:\/\/repliquemangacine.fr\/en\/wp-json\/wp\/v2\/product"}],"about":[{"href":"https:\/\/repliquemangacine.fr\/en\/wp-json\/wp\/v2\/types\/product"}],"wp:featuredmedia":[{"embeddable":true,"href":"https:\/\/repliquemangacine.fr\/en\/wp-json\/wp\/v2\/media\/97220"}],"wp:attachment":[{"href":"https:\/\/repliquemangacine.fr\/en\/wp-json\/wp\/v2\/media?parent=97218"}],"wp:term":[{"taxonomy":"product_brand","embeddable":true,"href":"https:\/\/repliquemangacine.fr\/en\/wp-json\/wp\/v2\/product_brand?post=97218"},{"taxonomy":"product_cat","embeddable":true,"href":"https:\/\/repliquemangacine.fr\/en\/wp-json\/wp\/v2\/product_cat?post=97218"},{"taxonomy":"product_tag","embeddable":true,"href":"https:\/\/repliquemangacine.fr\/en\/wp-json\/wp\/v2\/product_tag?post=97218"}],"curies":[{"name":"wp","href":"https:\/\/api.w.org\/{rel}","templated":true}]}}