





{"id":95600,"date":"2026-02-25T18:48:56","date_gmt":"2026-02-25T17:48:56","guid":{"rendered":"https:\/\/repliquemangacine.fr\/?post_type=product&#038;p=95600"},"modified":"2026-03-02T15:26:05","modified_gmt":"2026-03-02T14:26:05","slug":"robin-des-bois-sword-v2","status":"publish","type":"product","link":"https:\/\/repliquemangacine.fr\/en\/epee-templier-medievale\/epee-de-robin-des-bois-v2\/","title":{"rendered":"Robin Hood's sword V2"},"content":{"rendered":"<h2>Faithful and powerful Robin Hood V2 sword<\/h2>\n<p>First of all, this <strong>Robin Hood's sword V2<\/strong> is directly inspired by <a href=\"https:\/\/fr.wikipedia.org\/wiki\/Ridley_Scott\" target=\"_blank\" rel=\"noopener noreferrer\">Ridley Scott<\/a> with Russell Crowe. At first glance, it imposes a noble, assertive presence. Indeed, its stainless steel blade offers a brilliant, durable finish. What's more, the central groove refines the line and reinforces its medieval allure.<\/p>\n<p>The solid steel guard provides solidity and visual balance. As for the solid pommel, it features a precisely engraved cross. Every detail evokes the chivalry and faith of the fighters of yesteryear. The richly decorated handle catches the light and highlights the ornamental work.<\/p>\n<p>Finally, this replica comes with a wooden wall bracket. So you can proudly display it in a living room, office or dedicated room. It immediately becomes a centerpiece of medieval decor.<\/p>\n<h2>The spirit of Robin Hood etched in steel<\/h2>\n<p>To begin with, Robin Hood isn't just an archer. He is the embodiment of rebellion against injustice and the defense of the oppressed. His sword symbolizes this fierce determination. It accompanies the man who defies established power to protect the weakest.<\/p>\n<p>So, on each side of the handle, two engraved phrases recall this indomitable spirit. \u201cRise and rise again\u201d affirms resilience. \u201cUntil lambs become lions\u201d celebrates the transformation of the weak into fighters. These words give this line an almost philosophical dimension. In other words: rise again until lambs become lions. A powerful image. Weakness transformed into strength. Sentence spoken by Russell Crowe in the film<\/p>\n<p>So this sword is more than just decoration. It tells a story, embodies an ideal. It speaks to all those who admire rebel figures and outlaw heroes. To complete your cinema collection, discover our replicas in the category <a href=\"https:\/\/repliquemangacine.fr\/en\/films-tv-series-sale-of-katana-sword-and-related-products\/\">Films &amp; Series<\/a>. You can also explore our selection of medieval weapons in our Replica Weapons category.\u2019<a href=\"https:\/\/repliquemangacine.fr\/en\/historical-weapons\/\">historical weapons<\/a>.<\/p>\n<h2>Why choose this medieval replica for your collection?<\/h2>\n<p>Choosing this sword means opting for visual authenticity and quality materials. Stainless steel guarantees durability and ease of maintenance. On the other hand, the solid metal of the guard and pommel reinforce the premium look.<\/p>\n<p>For the collector, this V2 version offers an accomplished finish and emblematic engravings. Indeed, on each side of the handle, there's a message \u201cRise and rise again\u201d which means \u201dSe relever, encore et encore\u201d. It evokes the idea of resilience. Falling down. Getting hit. To fail. Then rise again. And again. And again. Until you're impossible to knock down.<\/p>\n<p>On the other hand, \u201cUntil lambs become lions\u201d means \u201cUntil lambs become lions.\u201d It's a powerful image. The lamb represents innocence, fragility, sometimes even naivety. The lion embodies power, domination, courage.<\/p>\n<p>So, to conclude, the full sentence \u201cRise and rise again until lambs become lions\u201d tells of a transformation. Not magical. Not instantaneous. A metamorphosis through trial. You fall. Then you learn. You take it. And after a while, your nature changes.<\/p>","protected":false},"excerpt":{"rendered":"<p>Embody the legendary rebellion with the Robin Hood V2 sword, a symbol of honor and insubordination.<\/p>\n<ul>\n<li>Blade with central groove in stainless steel.<\/li>\n<li>Solid steel knob with cross engraving<\/li>\n<li>Specially shaped metal guard<\/li>\n<li>Handle decorated with \u201cRise and rise again until lambs become lions\u201d engraved on each side\u201d<\/li>\n<li>Supplied with a richly decorated wall bracket.<\/li>\n<li>Unofficial reply<\/li>\n<li>Blade length: 90cm - Total length: 113.5 cm<\/li>\n<li>Weight: 840g<\/li>\n<\/ul>\n<p><strong><a href=\"https:\/\/youtube.com\/shorts\/whA4Lk3k3mQ?si=9bj9tFUEs4UqB5TW\">\u27a1\ufe0fRetrouvez the presentation of the Robin Hood V2 sword on our YouTube channel\u00a0<\/a><\/strong><\/p>\n<p><strong>Sale forbidden to minors<\/strong><\/p>","protected":false},"featured_media":95601,"template":"","meta":[],"product_brand":[],"product_cat":[91,84,24,107],"product_tag":[],"class_list":{"0":"post-95600","1":"product","2":"type-product","3":"status-publish","4":"has-post-thumbnail","6":"product_cat-katana-les-epees-de-films-et-series","7":"product_cat-epee-templier-medievale","8":"product_cat-films-series-tv-vente-de-katana-epee-et-produits-derives","9":"product_cat-nouveautes","11":"first","12":"instock","13":"taxable","14":"shipping-taxable","15":"purchasable","16":"product-type-simple"},"yoast_head":"<!-- This site is optimized with the Yoast SEO plugin v27.4 - https:\/\/yoast.com\/product\/yoast-seo-wordpress\/ -->\n<title>Ep\u00e9e de Robin des Bois V2 - R\u00e9plique Manga Cin\u00e9<\/title>\n<meta name=\"description\" content=\"D\u00e9couvrez l\u2019Ep\u00e9e Robin des Bois V2 inspir\u00e9e du film : lame en acier inoxydable avec gorge centrale, gravures iconiques et support mural en bois inclus.\" \/>\n<meta name=\"robots\" content=\"index, follow, max-snippet:-1, max-image-preview:large, max-video-preview:-1\" \/>\n<link rel=\"canonical\" href=\"https:\/\/repliquemangacine.fr\/en\/medieval-templar-sword\/robin-des-bois-sword-v2\/\" \/>\n<meta property=\"og:locale\" content=\"en_US\" \/>\n<meta property=\"og:type\" content=\"article\" \/>\n<meta property=\"og:title\" content=\"Ep\u00e9e de Robin des Bois V2 - R\u00e9plique Manga Cin\u00e9\" \/>\n<meta property=\"og:description\" content=\"D\u00e9couvrez l\u2019Ep\u00e9e Robin des Bois V2 inspir\u00e9e du film : lame en acier inoxydable avec gorge centrale, gravures iconiques et support mural en bois inclus.\" \/>\n<meta property=\"og:url\" content=\"https:\/\/repliquemangacine.fr\/en\/medieval-templar-sword\/robin-des-bois-sword-v2\/\" \/>\n<meta property=\"og:site_name\" content=\"R\u00e9plique Manga Cin\u00e9\" \/>\n<meta property=\"article:publisher\" content=\"https:\/\/www.facebook.com\/RepliqueMangaCine\" \/>\n<meta property=\"article:modified_time\" content=\"2026-03-02T14:26:05+00:00\" \/>\n<meta property=\"og:image\" content=\"https:\/\/repliquemangacine.fr\/wp-content\/uploads\/2026\/02\/epee-Robin-des-Bois-V2.jpg\" \/>\n\t<meta property=\"og:image:width\" content=\"700\" \/>\n\t<meta property=\"og:image:height\" content=\"700\" \/>\n\t<meta property=\"og:image:type\" content=\"image\/jpeg\" \/>\n<meta name=\"twitter:card\" content=\"summary_large_image\" \/>\n<meta name=\"twitter:label1\" content=\"Est. reading time\" \/>\n\t<meta name=\"twitter:data1\" content=\"3 minutes\" \/>\n<script type=\"application\/ld+json\" class=\"yoast-schema-graph\">{\"@context\":\"https:\\\/\\\/schema.org\",\"@graph\":[{\"@type\":\"WebPage\",\"@id\":\"https:\\\/\\\/repliquemangacine.fr\\\/epee-templier-medievale\\\/epee-de-robin-des-bois-v2\\\/\",\"url\":\"https:\\\/\\\/repliquemangacine.fr\\\/epee-templier-medievale\\\/epee-de-robin-des-bois-v2\\\/\",\"name\":\"Ep\u00e9e de Robin des Bois V2 - R\u00e9plique Manga Cin\u00e9\",\"isPartOf\":{\"@id\":\"https:\\\/\\\/repliquemangacine.fr\\\/#website\"},\"primaryImageOfPage\":{\"@id\":\"https:\\\/\\\/repliquemangacine.fr\\\/epee-templier-medievale\\\/epee-de-robin-des-bois-v2\\\/#primaryimage\"},\"image\":{\"@id\":\"https:\\\/\\\/repliquemangacine.fr\\\/epee-templier-medievale\\\/epee-de-robin-des-bois-v2\\\/#primaryimage\"},\"thumbnailUrl\":\"https:\\\/\\\/repliquemangacine.fr\\\/wp-content\\\/uploads\\\/2026\\\/02\\\/epee-Robin-des-Bois-V2.jpg\",\"datePublished\":\"2026-02-25T17:48:56+00:00\",\"dateModified\":\"2026-03-02T14:26:05+00:00\",\"description\":\"D\u00e9couvrez l\u2019Ep\u00e9e Robin des Bois V2 inspir\u00e9e du film : lame en acier inoxydable avec gorge centrale, gravures iconiques et support mural en bois inclus.\",\"breadcrumb\":{\"@id\":\"https:\\\/\\\/repliquemangacine.fr\\\/epee-templier-medievale\\\/epee-de-robin-des-bois-v2\\\/#breadcrumb\"},\"inLanguage\":\"en-US\",\"potentialAction\":[{\"@type\":\"ReadAction\",\"target\":[\"https:\\\/\\\/repliquemangacine.fr\\\/epee-templier-medievale\\\/epee-de-robin-des-bois-v2\\\/\"]}]},{\"@type\":\"ImageObject\",\"inLanguage\":\"en-US\",\"@id\":\"https:\\\/\\\/repliquemangacine.fr\\\/epee-templier-medievale\\\/epee-de-robin-des-bois-v2\\\/#primaryimage\",\"url\":\"https:\\\/\\\/repliquemangacine.fr\\\/wp-content\\\/uploads\\\/2026\\\/02\\\/epee-Robin-des-Bois-V2.jpg\",\"contentUrl\":\"https:\\\/\\\/repliquemangacine.fr\\\/wp-content\\\/uploads\\\/2026\\\/02\\\/epee-Robin-des-Bois-V2.jpg\",\"width\":700,\"height\":700,\"caption\":\"Ep\u00e9e de Robin des Bois V2, poign\u00e9e et garde\"},{\"@type\":\"BreadcrumbList\",\"@id\":\"https:\\\/\\\/repliquemangacine.fr\\\/epee-templier-medievale\\\/epee-de-robin-des-bois-v2\\\/#breadcrumb\",\"itemListElement\":[{\"@type\":\"ListItem\",\"position\":1,\"name\":\"Accueil\",\"item\":\"https:\\\/\\\/repliquemangacine.fr\\\/\"},{\"@type\":\"ListItem\",\"position\":2,\"name\":\"Produits\",\"item\":\"https:\\\/\\\/repliquemangacine.fr\\\/boutique\\\/\"},{\"@type\":\"ListItem\",\"position\":3,\"name\":\"Ep\u00e9e de Robin des Bois V2\"}]},{\"@type\":\"WebSite\",\"@id\":\"https:\\\/\\\/repliquemangacine.fr\\\/#website\",\"url\":\"https:\\\/\\\/repliquemangacine.fr\\\/\",\"name\":\"R\u00e9plique Manga Cin\u00e9\",\"description\":\"\",\"publisher\":{\"@id\":\"https:\\\/\\\/repliquemangacine.fr\\\/#organization\"},\"potentialAction\":[{\"@type\":\"SearchAction\",\"target\":{\"@type\":\"EntryPoint\",\"urlTemplate\":\"https:\\\/\\\/repliquemangacine.fr\\\/?s={search_term_string}\"},\"query-input\":{\"@type\":\"PropertyValueSpecification\",\"valueRequired\":true,\"valueName\":\"search_term_string\"}}],\"inLanguage\":\"en-US\"},{\"@type\":\"Organization\",\"@id\":\"https:\\\/\\\/repliquemangacine.fr\\\/#organization\",\"name\":\"R\u00e9plique Manga Cin\u00e9\",\"url\":\"https:\\\/\\\/repliquemangacine.fr\\\/\",\"logo\":{\"@type\":\"ImageObject\",\"inLanguage\":\"en-US\",\"@id\":\"https:\\\/\\\/repliquemangacine.fr\\\/#\\\/schema\\\/logo\\\/image\\\/\",\"url\":\"https:\\\/\\\/repliquemangacine.fr\\\/wp-content\\\/uploads\\\/2023\\\/10\\\/RMC-500250.png\",\"contentUrl\":\"https:\\\/\\\/repliquemangacine.fr\\\/wp-content\\\/uploads\\\/2023\\\/10\\\/RMC-500250.png\",\"width\":500,\"height\":250,\"caption\":\"R\u00e9plique Manga Cin\u00e9\"},\"image\":{\"@id\":\"https:\\\/\\\/repliquemangacine.fr\\\/#\\\/schema\\\/logo\\\/image\\\/\"},\"sameAs\":[\"https:\\\/\\\/www.facebook.com\\\/RepliqueMangaCine\",\"https:\\\/\\\/www.instagram.com\\\/repliquemangacine.fr\\\/\"]}]}<\/script>\n<!-- \/ Yoast SEO plugin. -->","yoast_head_json":{"title":"Robin Hood Sword V2 - R\u00e9plique Manga Cin\u00e9","description":"Discover the Robin Hood V2 sword inspired by the film: stainless steel blade with central groove, iconic engravings and wooden wall bracket included.","robots":{"index":"index","follow":"follow","max-snippet":"max-snippet:-1","max-image-preview":"max-image-preview:large","max-video-preview":"max-video-preview:-1"},"canonical":"https:\/\/repliquemangacine.fr\/en\/medieval-templar-sword\/robin-des-bois-sword-v2\/","og_locale":"en_US","og_type":"article","og_title":"Ep\u00e9e de Robin des Bois V2 - R\u00e9plique Manga Cin\u00e9","og_description":"D\u00e9couvrez l\u2019Ep\u00e9e Robin des Bois V2 inspir\u00e9e du film : lame en acier inoxydable avec gorge centrale, gravures iconiques et support mural en bois inclus.","og_url":"https:\/\/repliquemangacine.fr\/en\/medieval-templar-sword\/robin-des-bois-sword-v2\/","og_site_name":"R\u00e9plique Manga Cin\u00e9","article_publisher":"https:\/\/www.facebook.com\/RepliqueMangaCine","article_modified_time":"2026-03-02T14:26:05+00:00","og_image":[{"width":700,"height":700,"url":"https:\/\/repliquemangacine.fr\/wp-content\/uploads\/2026\/02\/epee-Robin-des-Bois-V2.jpg","type":"image\/jpeg"}],"twitter_card":"summary_large_image","twitter_misc":{"Est. reading time":"3 minutes"},"schema":{"@context":"https:\/\/schema.org","@graph":[{"@type":"WebPage","@id":"https:\/\/repliquemangacine.fr\/epee-templier-medievale\/epee-de-robin-des-bois-v2\/","url":"https:\/\/repliquemangacine.fr\/epee-templier-medievale\/epee-de-robin-des-bois-v2\/","name":"Robin Hood Sword V2 - R\u00e9plique Manga Cin\u00e9","isPartOf":{"@id":"https:\/\/repliquemangacine.fr\/#website"},"primaryImageOfPage":{"@id":"https:\/\/repliquemangacine.fr\/epee-templier-medievale\/epee-de-robin-des-bois-v2\/#primaryimage"},"image":{"@id":"https:\/\/repliquemangacine.fr\/epee-templier-medievale\/epee-de-robin-des-bois-v2\/#primaryimage"},"thumbnailUrl":"https:\/\/repliquemangacine.fr\/wp-content\/uploads\/2026\/02\/epee-Robin-des-Bois-V2.jpg","datePublished":"2026-02-25T17:48:56+00:00","dateModified":"2026-03-02T14:26:05+00:00","description":"Discover the Robin Hood V2 sword inspired by the film: stainless steel blade with central groove, iconic engravings and wooden wall bracket included.","breadcrumb":{"@id":"https:\/\/repliquemangacine.fr\/epee-templier-medievale\/epee-de-robin-des-bois-v2\/#breadcrumb"},"inLanguage":"en-US","potentialAction":[{"@type":"ReadAction","target":["https:\/\/repliquemangacine.fr\/epee-templier-medievale\/epee-de-robin-des-bois-v2\/"]}]},{"@type":"ImageObject","inLanguage":"en-US","@id":"https:\/\/repliquemangacine.fr\/epee-templier-medievale\/epee-de-robin-des-bois-v2\/#primaryimage","url":"https:\/\/repliquemangacine.fr\/wp-content\/uploads\/2026\/02\/epee-Robin-des-Bois-V2.jpg","contentUrl":"https:\/\/repliquemangacine.fr\/wp-content\/uploads\/2026\/02\/epee-Robin-des-Bois-V2.jpg","width":700,"height":700,"caption":"Ep\u00e9e de Robin des Bois V2, poign\u00e9e et garde"},{"@type":"BreadcrumbList","@id":"https:\/\/repliquemangacine.fr\/epee-templier-medievale\/epee-de-robin-des-bois-v2\/#breadcrumb","itemListElement":[{"@type":"ListItem","position":1,"name":"Accueil","item":"https:\/\/repliquemangacine.fr\/"},{"@type":"ListItem","position":2,"name":"Produits","item":"https:\/\/repliquemangacine.fr\/boutique\/"},{"@type":"ListItem","position":3,"name":"Ep\u00e9e de Robin des Bois V2"}]},{"@type":"WebSite","@id":"https:\/\/repliquemangacine.fr\/#website","url":"https:\/\/repliquemangacine.fr\/","name":"R\u00e9plique Manga Cin\u00e9","description":"","publisher":{"@id":"https:\/\/repliquemangacine.fr\/#organization"},"potentialAction":[{"@type":"SearchAction","target":{"@type":"EntryPoint","urlTemplate":"https:\/\/repliquemangacine.fr\/?s={search_term_string}"},"query-input":{"@type":"PropertyValueSpecification","valueRequired":true,"valueName":"search_term_string"}}],"inLanguage":"en-US"},{"@type":"Organization","@id":"https:\/\/repliquemangacine.fr\/#organization","name":"R\u00e9plique Manga Cin\u00e9","url":"https:\/\/repliquemangacine.fr\/","logo":{"@type":"ImageObject","inLanguage":"en-US","@id":"https:\/\/repliquemangacine.fr\/#\/schema\/logo\/image\/","url":"https:\/\/repliquemangacine.fr\/wp-content\/uploads\/2023\/10\/RMC-500250.png","contentUrl":"https:\/\/repliquemangacine.fr\/wp-content\/uploads\/2023\/10\/RMC-500250.png","width":500,"height":250,"caption":"R\u00e9plique Manga Cin\u00e9"},"image":{"@id":"https:\/\/repliquemangacine.fr\/#\/schema\/logo\/image\/"},"sameAs":["https:\/\/www.facebook.com\/RepliqueMangaCine","https:\/\/www.instagram.com\/repliquemangacine.fr\/"]}]}},"_links":{"self":[{"href":"https:\/\/repliquemangacine.fr\/en\/wp-json\/wp\/v2\/product\/95600","targetHints":{"allow":["GET"]}}],"collection":[{"href":"https:\/\/repliquemangacine.fr\/en\/wp-json\/wp\/v2\/product"}],"about":[{"href":"https:\/\/repliquemangacine.fr\/en\/wp-json\/wp\/v2\/types\/product"}],"wp:featuredmedia":[{"embeddable":true,"href":"https:\/\/repliquemangacine.fr\/en\/wp-json\/wp\/v2\/media\/95601"}],"wp:attachment":[{"href":"https:\/\/repliquemangacine.fr\/en\/wp-json\/wp\/v2\/media?parent=95600"}],"wp:term":[{"taxonomy":"product_brand","embeddable":true,"href":"https:\/\/repliquemangacine.fr\/en\/wp-json\/wp\/v2\/product_brand?post=95600"},{"taxonomy":"product_cat","embeddable":true,"href":"https:\/\/repliquemangacine.fr\/en\/wp-json\/wp\/v2\/product_cat?post=95600"},{"taxonomy":"product_tag","embeddable":true,"href":"https:\/\/repliquemangacine.fr\/en\/wp-json\/wp\/v2\/product_tag?post=95600"}],"curies":[{"name":"wp","href":"https:\/\/api.w.org\/{rel}","templated":true}]}}