





{"id":95374,"date":"2026-02-17T15:28:40","date_gmt":"2026-02-17T14:28:40","guid":{"rendered":"https:\/\/repliquemangacine.fr\/?post_type=product&#038;p=95374"},"modified":"2026-04-15T12:04:51","modified_gmt":"2026-04-15T10:04:51","slug":"dalucards-sword-in-castlevania","status":"publish","type":"product","link":"https:\/\/repliquemangacine.fr\/en\/repliques-manga-jeux-video\/epee-dalucard-dans-castlevania\/","title":{"rendered":"Alucard's sword in Castlevania"},"content":{"rendered":"<h2>Sword of Alucard - Castlevania-inspired steel replica<\/h2>\n<p>Between shadow and elegance, this Alucard sword immediately imposes its style. Inspired by the anime <a href=\"https:\/\/konami.fandom.com\/fr\/wiki\/Castlevania_(s%C3%A9rie_anim%C3%A9e)\" target=\"_blank\" rel=\"noopener noreferrer\">Castlevania<\/a>, With its slender, noble lines, it's reminiscent of the son of Dracula. The steel blade has a slender, balanced profile. Its shiny finish enhances its dark aura. The precision-worked geometric guard evokes subtle Gothic art. Every detail recalls the cool nobility of the character. The richly patterned scabbard completes the ensemble with character. In the display case, the sword catches the light and attracts the eye. In hand, it inspires power and mastery. This decorative replica is a must-have for all vampire and dark fantasy enthusiasts.<\/p>\n<h2>Alucard, heir to Dracula and icon of dark fantasy<\/h2>\n<p>In Castlevania, Alucard embodies the conflict between humanity and immortality. Son of Dracula, he nevertheless chooses to protect humans. His sword becomes a symbol of resistance. It cuts through darkness as well as inner doubts. Consequently, to own this replica is to capture the essence of a complex anti-hero. Every fight in the series reinforces its mythical aura. His swift, precise style makes this blade a natural extension of his will. As such, this sword represents more than just a weapon. It embodies the delicate balance between light and darkness. For fans of gothic fantasy, it's a piece charged with meaning.<\/p>\n<h2>Steel blade: the choice of the discerning collector<\/h2>\n<p>The material makes all the difference. A steel blade offers a realistic look and authentic presence. Unlike foam or resin versions, it asserts its character. So, for a collector, steel remains the visual reference. On the other hand, for intensive cosplay, the weight may point towards other options. However, for long-lasting display, this version is the obvious choice. It goes perfectly with other pieces from the dark fantasy universe available on Repliquemangacine. For example, you can complete your collection with our replicas inspired by <a href=\"https:\/\/repliquemangacine.fr\/en\/replicas-manga-video-games\/\">manga and video games<\/a>. And if you want to add to your collection, discover the<a href=\"https:\/\/repliquemangacine.fr\/en\/fantasy-swords-and-daggers\/\"> fantasy swords<\/a> on our website.<\/p>","protected":false},"excerpt":{"rendered":"<p>Bring the dark elegance of Alucard into your collection and tame the darkness.<\/p>\n<ul>\n<li>440 stainless stell steel blade<\/li>\n<li>Wooden scabbard covered with decorated black leatherette.<\/li>\n<li>At the end of the scabbard, metal parts ending in a cross.<\/li>\n<li>Handle and knob in specially shaped solid steel<\/li>\n<li>Moulded ABS handle<\/li>\n<li>Supplied with Alucard wooden wall plaque<\/li>\n<li>Blade length: 73cm - Total length: 110cm<\/li>\n<li>Weight: 1135g<\/li>\n<\/ul>\n<p><strong>Sale forbidden to minors<\/strong><\/p>","protected":false},"featured_media":95384,"template":"","meta":[],"product_brand":[],"product_cat":[65,23,107,67],"product_tag":[],"class_list":{"0":"post-95374","1":"product","2":"type-product","3":"status-publish","4":"has-post-thumbnail","6":"product_cat-katana-et-epee-de-manga-anime-autre-manga","7":"product_cat-repliques-manga-jeux-video","8":"product_cat-nouveautes","9":"product_cat-katana-et-epee-de-jeux-video-autre-jeux-video","11":"first","12":"instock","13":"taxable","14":"shipping-taxable","15":"purchasable","16":"product-type-simple"},"yoast_head":"<!-- This site is optimized with the Yoast SEO plugin v27.4 - https:\/\/yoast.com\/product\/yoast-seo-wordpress\/ -->\n<title>\u00c9p\u00e9e d&#039;Alucard dans Castlevania - R\u00e9plique Manga Cin\u00e9<\/title>\n<meta name=\"description\" content=\"D\u00e9couvrez l\u2019\u00e9p\u00e9e d\u2019Alucard de Castlevania en lame acier. Une r\u00e9plique \u00e9l\u00e9gante et sombre pour collectionneurs passionn\u00e9s de dark fantasy.\" \/>\n<meta name=\"robots\" content=\"index, follow, max-snippet:-1, max-image-preview:large, max-video-preview:-1\" \/>\n<link rel=\"canonical\" href=\"https:\/\/repliquemangacine.fr\/en\/replicas-manga-video-games\/dalucards-sword-in-castlevania\/\" \/>\n<meta property=\"og:locale\" content=\"en_US\" \/>\n<meta property=\"og:type\" content=\"article\" \/>\n<meta property=\"og:title\" content=\"\u00c9p\u00e9e d&#039;Alucard dans Castlevania - R\u00e9plique Manga Cin\u00e9\" \/>\n<meta property=\"og:description\" content=\"D\u00e9couvrez l\u2019\u00e9p\u00e9e d\u2019Alucard de Castlevania en lame acier. Une r\u00e9plique \u00e9l\u00e9gante et sombre pour collectionneurs passionn\u00e9s de dark fantasy.\" \/>\n<meta property=\"og:url\" content=\"https:\/\/repliquemangacine.fr\/en\/replicas-manga-video-games\/dalucards-sword-in-castlevania\/\" \/>\n<meta property=\"og:site_name\" content=\"R\u00e9plique Manga Cin\u00e9\" \/>\n<meta property=\"article:publisher\" content=\"https:\/\/www.facebook.com\/RepliqueMangaCine\" \/>\n<meta property=\"article:modified_time\" content=\"2026-04-15T10:04:51+00:00\" \/>\n<meta property=\"og:image\" content=\"https:\/\/repliquemangacine.fr\/wp-content\/uploads\/2026\/02\/Epee-dAlucard-dans-Castlevania.jpg\" \/>\n\t<meta property=\"og:image:width\" content=\"800\" \/>\n\t<meta property=\"og:image:height\" content=\"800\" \/>\n\t<meta property=\"og:image:type\" content=\"image\/jpeg\" \/>\n<meta name=\"twitter:card\" content=\"summary_large_image\" \/>\n<meta name=\"twitter:label1\" content=\"Est. reading time\" \/>\n\t<meta name=\"twitter:data1\" content=\"2 minutes\" \/>\n<script type=\"application\/ld+json\" class=\"yoast-schema-graph\">{\"@context\":\"https:\\\/\\\/schema.org\",\"@graph\":[{\"@type\":\"WebPage\",\"@id\":\"https:\\\/\\\/repliquemangacine.fr\\\/repliques-manga-jeux-video\\\/epee-dalucard-dans-castlevania\\\/\",\"url\":\"https:\\\/\\\/repliquemangacine.fr\\\/repliques-manga-jeux-video\\\/epee-dalucard-dans-castlevania\\\/\",\"name\":\"\u00c9p\u00e9e d'Alucard dans Castlevania - R\u00e9plique Manga Cin\u00e9\",\"isPartOf\":{\"@id\":\"https:\\\/\\\/repliquemangacine.fr\\\/#website\"},\"primaryImageOfPage\":{\"@id\":\"https:\\\/\\\/repliquemangacine.fr\\\/repliques-manga-jeux-video\\\/epee-dalucard-dans-castlevania\\\/#primaryimage\"},\"image\":{\"@id\":\"https:\\\/\\\/repliquemangacine.fr\\\/repliques-manga-jeux-video\\\/epee-dalucard-dans-castlevania\\\/#primaryimage\"},\"thumbnailUrl\":\"https:\\\/\\\/repliquemangacine.fr\\\/wp-content\\\/uploads\\\/2026\\\/02\\\/Epee-dAlucard-dans-Castlevania.jpg\",\"datePublished\":\"2026-02-17T14:28:40+00:00\",\"dateModified\":\"2026-04-15T10:04:51+00:00\",\"description\":\"D\u00e9couvrez l\u2019\u00e9p\u00e9e d\u2019Alucard de Castlevania en lame acier. Une r\u00e9plique \u00e9l\u00e9gante et sombre pour collectionneurs passionn\u00e9s de dark fantasy.\",\"breadcrumb\":{\"@id\":\"https:\\\/\\\/repliquemangacine.fr\\\/repliques-manga-jeux-video\\\/epee-dalucard-dans-castlevania\\\/#breadcrumb\"},\"inLanguage\":\"en-US\",\"potentialAction\":[{\"@type\":\"ReadAction\",\"target\":[\"https:\\\/\\\/repliquemangacine.fr\\\/repliques-manga-jeux-video\\\/epee-dalucard-dans-castlevania\\\/\"]}]},{\"@type\":\"ImageObject\",\"inLanguage\":\"en-US\",\"@id\":\"https:\\\/\\\/repliquemangacine.fr\\\/repliques-manga-jeux-video\\\/epee-dalucard-dans-castlevania\\\/#primaryimage\",\"url\":\"https:\\\/\\\/repliquemangacine.fr\\\/wp-content\\\/uploads\\\/2026\\\/02\\\/Epee-dAlucard-dans-Castlevania.jpg\",\"contentUrl\":\"https:\\\/\\\/repliquemangacine.fr\\\/wp-content\\\/uploads\\\/2026\\\/02\\\/Epee-dAlucard-dans-Castlevania.jpg\",\"width\":800,\"height\":800,\"caption\":\"\u00c9p\u00e9e d'Alucard dans Castlevania\"},{\"@type\":\"BreadcrumbList\",\"@id\":\"https:\\\/\\\/repliquemangacine.fr\\\/repliques-manga-jeux-video\\\/epee-dalucard-dans-castlevania\\\/#breadcrumb\",\"itemListElement\":[{\"@type\":\"ListItem\",\"position\":1,\"name\":\"Accueil\",\"item\":\"https:\\\/\\\/repliquemangacine.fr\\\/\"},{\"@type\":\"ListItem\",\"position\":2,\"name\":\"Produits\",\"item\":\"https:\\\/\\\/repliquemangacine.fr\\\/boutique\\\/\"},{\"@type\":\"ListItem\",\"position\":3,\"name\":\"\u00c9p\u00e9e d&#8217;Alucard dans Castlevania\"}]},{\"@type\":\"WebSite\",\"@id\":\"https:\\\/\\\/repliquemangacine.fr\\\/#website\",\"url\":\"https:\\\/\\\/repliquemangacine.fr\\\/\",\"name\":\"R\u00e9plique Manga Cin\u00e9\",\"description\":\"\",\"publisher\":{\"@id\":\"https:\\\/\\\/repliquemangacine.fr\\\/#organization\"},\"potentialAction\":[{\"@type\":\"SearchAction\",\"target\":{\"@type\":\"EntryPoint\",\"urlTemplate\":\"https:\\\/\\\/repliquemangacine.fr\\\/?s={search_term_string}\"},\"query-input\":{\"@type\":\"PropertyValueSpecification\",\"valueRequired\":true,\"valueName\":\"search_term_string\"}}],\"inLanguage\":\"en-US\"},{\"@type\":\"Organization\",\"@id\":\"https:\\\/\\\/repliquemangacine.fr\\\/#organization\",\"name\":\"R\u00e9plique Manga Cin\u00e9\",\"url\":\"https:\\\/\\\/repliquemangacine.fr\\\/\",\"logo\":{\"@type\":\"ImageObject\",\"inLanguage\":\"en-US\",\"@id\":\"https:\\\/\\\/repliquemangacine.fr\\\/#\\\/schema\\\/logo\\\/image\\\/\",\"url\":\"https:\\\/\\\/repliquemangacine.fr\\\/wp-content\\\/uploads\\\/2023\\\/10\\\/RMC-500250.png\",\"contentUrl\":\"https:\\\/\\\/repliquemangacine.fr\\\/wp-content\\\/uploads\\\/2023\\\/10\\\/RMC-500250.png\",\"width\":500,\"height\":250,\"caption\":\"R\u00e9plique Manga Cin\u00e9\"},\"image\":{\"@id\":\"https:\\\/\\\/repliquemangacine.fr\\\/#\\\/schema\\\/logo\\\/image\\\/\"},\"sameAs\":[\"https:\\\/\\\/www.facebook.com\\\/RepliqueMangaCine\",\"https:\\\/\\\/www.instagram.com\\\/repliquemangacine.fr\\\/\"]}]}<\/script>\n<!-- \/ Yoast SEO plugin. -->","yoast_head_json":{"title":"Alucard's sword in Castlevania - R\u00e9plique Manga Cin\u00e9","description":"Discover Castlevania's Alucard sword in steel blade. An elegant, dark replica for dark fantasy enthusiasts.","robots":{"index":"index","follow":"follow","max-snippet":"max-snippet:-1","max-image-preview":"max-image-preview:large","max-video-preview":"max-video-preview:-1"},"canonical":"https:\/\/repliquemangacine.fr\/en\/replicas-manga-video-games\/dalucards-sword-in-castlevania\/","og_locale":"en_US","og_type":"article","og_title":"\u00c9p\u00e9e d'Alucard dans Castlevania - R\u00e9plique Manga Cin\u00e9","og_description":"D\u00e9couvrez l\u2019\u00e9p\u00e9e d\u2019Alucard de Castlevania en lame acier. Une r\u00e9plique \u00e9l\u00e9gante et sombre pour collectionneurs passionn\u00e9s de dark fantasy.","og_url":"https:\/\/repliquemangacine.fr\/en\/replicas-manga-video-games\/dalucards-sword-in-castlevania\/","og_site_name":"R\u00e9plique Manga Cin\u00e9","article_publisher":"https:\/\/www.facebook.com\/RepliqueMangaCine","article_modified_time":"2026-04-15T10:04:51+00:00","og_image":[{"width":800,"height":800,"url":"https:\/\/repliquemangacine.fr\/wp-content\/uploads\/2026\/02\/Epee-dAlucard-dans-Castlevania.jpg","type":"image\/jpeg"}],"twitter_card":"summary_large_image","twitter_misc":{"Est. reading time":"2 minutes"},"schema":{"@context":"https:\/\/schema.org","@graph":[{"@type":"WebPage","@id":"https:\/\/repliquemangacine.fr\/repliques-manga-jeux-video\/epee-dalucard-dans-castlevania\/","url":"https:\/\/repliquemangacine.fr\/repliques-manga-jeux-video\/epee-dalucard-dans-castlevania\/","name":"Alucard's sword in Castlevania - R\u00e9plique Manga Cin\u00e9","isPartOf":{"@id":"https:\/\/repliquemangacine.fr\/#website"},"primaryImageOfPage":{"@id":"https:\/\/repliquemangacine.fr\/repliques-manga-jeux-video\/epee-dalucard-dans-castlevania\/#primaryimage"},"image":{"@id":"https:\/\/repliquemangacine.fr\/repliques-manga-jeux-video\/epee-dalucard-dans-castlevania\/#primaryimage"},"thumbnailUrl":"https:\/\/repliquemangacine.fr\/wp-content\/uploads\/2026\/02\/Epee-dAlucard-dans-Castlevania.jpg","datePublished":"2026-02-17T14:28:40+00:00","dateModified":"2026-04-15T10:04:51+00:00","description":"Discover Castlevania's Alucard sword in steel blade. An elegant, dark replica for dark fantasy enthusiasts.","breadcrumb":{"@id":"https:\/\/repliquemangacine.fr\/repliques-manga-jeux-video\/epee-dalucard-dans-castlevania\/#breadcrumb"},"inLanguage":"en-US","potentialAction":[{"@type":"ReadAction","target":["https:\/\/repliquemangacine.fr\/repliques-manga-jeux-video\/epee-dalucard-dans-castlevania\/"]}]},{"@type":"ImageObject","inLanguage":"en-US","@id":"https:\/\/repliquemangacine.fr\/repliques-manga-jeux-video\/epee-dalucard-dans-castlevania\/#primaryimage","url":"https:\/\/repliquemangacine.fr\/wp-content\/uploads\/2026\/02\/Epee-dAlucard-dans-Castlevania.jpg","contentUrl":"https:\/\/repliquemangacine.fr\/wp-content\/uploads\/2026\/02\/Epee-dAlucard-dans-Castlevania.jpg","width":800,"height":800,"caption":"\u00c9p\u00e9e d'Alucard dans Castlevania"},{"@type":"BreadcrumbList","@id":"https:\/\/repliquemangacine.fr\/repliques-manga-jeux-video\/epee-dalucard-dans-castlevania\/#breadcrumb","itemListElement":[{"@type":"ListItem","position":1,"name":"Accueil","item":"https:\/\/repliquemangacine.fr\/"},{"@type":"ListItem","position":2,"name":"Produits","item":"https:\/\/repliquemangacine.fr\/boutique\/"},{"@type":"ListItem","position":3,"name":"\u00c9p\u00e9e d&#8217;Alucard dans Castlevania"}]},{"@type":"WebSite","@id":"https:\/\/repliquemangacine.fr\/#website","url":"https:\/\/repliquemangacine.fr\/","name":"R\u00e9plique Manga Cin\u00e9","description":"","publisher":{"@id":"https:\/\/repliquemangacine.fr\/#organization"},"potentialAction":[{"@type":"SearchAction","target":{"@type":"EntryPoint","urlTemplate":"https:\/\/repliquemangacine.fr\/?s={search_term_string}"},"query-input":{"@type":"PropertyValueSpecification","valueRequired":true,"valueName":"search_term_string"}}],"inLanguage":"en-US"},{"@type":"Organization","@id":"https:\/\/repliquemangacine.fr\/#organization","name":"R\u00e9plique Manga Cin\u00e9","url":"https:\/\/repliquemangacine.fr\/","logo":{"@type":"ImageObject","inLanguage":"en-US","@id":"https:\/\/repliquemangacine.fr\/#\/schema\/logo\/image\/","url":"https:\/\/repliquemangacine.fr\/wp-content\/uploads\/2023\/10\/RMC-500250.png","contentUrl":"https:\/\/repliquemangacine.fr\/wp-content\/uploads\/2023\/10\/RMC-500250.png","width":500,"height":250,"caption":"R\u00e9plique Manga Cin\u00e9"},"image":{"@id":"https:\/\/repliquemangacine.fr\/#\/schema\/logo\/image\/"},"sameAs":["https:\/\/www.facebook.com\/RepliqueMangaCine","https:\/\/www.instagram.com\/repliquemangacine.fr\/"]}]}},"_links":{"self":[{"href":"https:\/\/repliquemangacine.fr\/en\/wp-json\/wp\/v2\/product\/95374","targetHints":{"allow":["GET"]}}],"collection":[{"href":"https:\/\/repliquemangacine.fr\/en\/wp-json\/wp\/v2\/product"}],"about":[{"href":"https:\/\/repliquemangacine.fr\/en\/wp-json\/wp\/v2\/types\/product"}],"wp:featuredmedia":[{"embeddable":true,"href":"https:\/\/repliquemangacine.fr\/en\/wp-json\/wp\/v2\/media\/95384"}],"wp:attachment":[{"href":"https:\/\/repliquemangacine.fr\/en\/wp-json\/wp\/v2\/media?parent=95374"}],"wp:term":[{"taxonomy":"product_brand","embeddable":true,"href":"https:\/\/repliquemangacine.fr\/en\/wp-json\/wp\/v2\/product_brand?post=95374"},{"taxonomy":"product_cat","embeddable":true,"href":"https:\/\/repliquemangacine.fr\/en\/wp-json\/wp\/v2\/product_cat?post=95374"},{"taxonomy":"product_tag","embeddable":true,"href":"https:\/\/repliquemangacine.fr\/en\/wp-json\/wp\/v2\/product_tag?post=95374"}],"curies":[{"name":"wp","href":"https:\/\/api.w.org\/{rel}","templated":true}]}}