





{"id":94109,"date":"2026-01-13T15:02:59","date_gmt":"2026-01-13T14:02:59","guid":{"rendered":"https:\/\/repliquemangacine.fr\/?post_type=product&#038;p=94109"},"modified":"2026-02-05T11:49:13","modified_gmt":"2026-02-05T10:49:13","slug":"aemond-targaryen-sword-house-of-the-dragon","status":"publish","type":"product","link":"https:\/\/repliquemangacine.fr\/en\/house-of-the-dragon\/epee-de-aemond-targaryen-house-of-the-dragon\/","title":{"rendered":"The sword of Aemond Targaryen"},"content":{"rendered":"<h2>Aemond Targaryen's sword at the heart of the Dance of Dragons<\/h2>\n<p><strong>The sword of Aemond Targaryen<\/strong> reflects a severe, martial aesthetic, in the image of its wearer. The steel blade has a taut line, designed for direct, uncompromising combat. The guard and pommel have a sober yet aggressive design, underlining a will to dominate. As a result, this weapon has a more brutal look than traditional royal blades. In the series, it accompanies Aemond at key moments of rising tension between the factions. What's more, its style evokes a weapon chosen to inspire fear. This replica thus becomes a powerful piece, representing the impending violence of the Targaryen civil war.<\/p>\n<h2>Aemond Targaryen, anger incarnate<\/h2>\n<p>Aemond Targaryen is one of the most feared characters in House of the Dragon. Scarred by the loss of his eye, he develops a cold, disciplined and ruthless character. Unlike his brother, he fully embraces war and power. His sword becomes the extension of his will, precise and implacable. What's more, his bond with <a href=\"https:\/\/gameofthrones.fandom.com\/fr\/wiki\/Vhagar\" target=\"_blank\" rel=\"noopener noreferrer\">Vhagar<\/a> reinforces his image as a fearless warrior. Aemond's every appearance heralds a shift to violence. This weapon symbolizes his thirst for revenge, his ambition and his central role in the Dance of Dragons.<\/p>\n<h2>Targaryen and Game of Thrones weapons on R\u00e9plique Manga Cin\u00e9<\/h2>\n<p>This sword joins a prestigious collection dedicated to House of the Dragon on R\u00e9plique Manga Cin\u00e9. Enthusiasts will find the\u2019<a href=\"https:\/\/repliquemangacine.fr\/en\/house-of-the-dragon\/jacaerys-velaryon-sword\/\">Jacaerys Velaryon's sword<\/a>, symbol of Targaryen heritage. What's more, the\u2019<a href=\"https:\/\/repliquemangacine.fr\/en\/house-of-the-dragon\/rhaenyra-sword-house-of-the-dragon\/\">sword of Rhaenyra<\/a> embodies legitimacy and the will to rule. Finally, the\u2019<a href=\"https:\/\/repliquemangacine.fr\/en\/house-of-the-dragon\/feunoyr-viserys-targaryen-sword\/\">Viserys' sword<\/a> recalls the fragile age of peace before war. We also offer all the emblematic swords of Game of Thrones, making it possible to assemble the complete arsenal of Westeros. So every collector can recreate the history of the Seven Crowns through their weapons.<\/p>","protected":false},"excerpt":{"rendered":"<p>Assert the power of Aemond Targaryen with his sword, a symbol of anger, war and burning destiny.<\/p>\n<ul>\n<li>Blade in polished 440 steel with groove<\/li>\n<li>Guard and pommel in imitation bronze aged steel<\/li>\n<li>Handle with grip for a secure hold<\/li>\n<li>Supplied with wall bracket featuring Targaryen emblem<\/li>\n<li>Blade length: 84 cm - Total length: 108 cm<\/li>\n<li>Weight: 1230 gr<\/li>\n<\/ul>","protected":false},"featured_media":94111,"template":"","meta":[],"product_brand":[],"product_cat":[105,107],"product_tag":[],"class_list":{"0":"post-94109","1":"product","2":"type-product","3":"status-publish","4":"has-post-thumbnail","6":"product_cat-house-of-the-dragon","7":"product_cat-nouveautes","9":"first","10":"instock","11":"taxable","12":"shipping-taxable","13":"purchasable","14":"product-type-simple"},"yoast_head":"<!-- This site is optimized with the Yoast SEO plugin v27.4 - https:\/\/yoast.com\/product\/yoast-seo-wordpress\/ -->\n<title>L\u2019\u00e9p\u00e9e de Aemond Targaryen - R\u00e9plique Manga Cin\u00e9<\/title>\n<meta name=\"description\" content=\"L&#039;\u00e9p\u00e9e de Aemond Targaryen House of the Dragon, lame acier au style sombre. R\u00e9plique id\u00e9ale pour collection et fans de Westeros. 108 cm\" \/>\n<meta name=\"robots\" content=\"index, follow, max-snippet:-1, max-image-preview:large, max-video-preview:-1\" \/>\n<link rel=\"canonical\" href=\"https:\/\/repliquemangacine.fr\/en\/house-of-the-dragon\/aemond-targaryen-sword-house-of-the-dragon\/\" \/>\n<meta property=\"og:locale\" content=\"en_US\" \/>\n<meta property=\"og:type\" content=\"article\" \/>\n<meta property=\"og:title\" content=\"L\u2019\u00e9p\u00e9e de Aemond Targaryen - R\u00e9plique Manga Cin\u00e9\" \/>\n<meta property=\"og:description\" content=\"L&#039;\u00e9p\u00e9e de Aemond Targaryen House of the Dragon, lame acier au style sombre. R\u00e9plique id\u00e9ale pour collection et fans de Westeros. 108 cm\" \/>\n<meta property=\"og:url\" content=\"https:\/\/repliquemangacine.fr\/en\/house-of-the-dragon\/aemond-targaryen-sword-house-of-the-dragon\/\" \/>\n<meta property=\"og:site_name\" content=\"R\u00e9plique Manga Cin\u00e9\" \/>\n<meta property=\"article:publisher\" content=\"https:\/\/www.facebook.com\/RepliqueMangaCine\" \/>\n<meta property=\"article:modified_time\" content=\"2026-02-05T10:49:13+00:00\" \/>\n<meta property=\"og:image\" content=\"https:\/\/repliquemangacine.fr\/wp-content\/uploads\/2026\/01\/Epee-de-Aemond-Targaryen.jpg\" \/>\n\t<meta property=\"og:image:width\" content=\"800\" \/>\n\t<meta property=\"og:image:height\" content=\"800\" \/>\n\t<meta property=\"og:image:type\" content=\"image\/jpeg\" \/>\n<meta name=\"twitter:card\" content=\"summary_large_image\" \/>\n<meta name=\"twitter:label1\" content=\"Est. reading time\" \/>\n\t<meta name=\"twitter:data1\" content=\"2 minutes\" \/>\n<script type=\"application\/ld+json\" class=\"yoast-schema-graph\">{\"@context\":\"https:\\\/\\\/schema.org\",\"@graph\":[{\"@type\":\"WebPage\",\"@id\":\"https:\\\/\\\/repliquemangacine.fr\\\/house-of-the-dragon\\\/epee-de-aemond-targaryen-house-of-the-dragon\\\/\",\"url\":\"https:\\\/\\\/repliquemangacine.fr\\\/house-of-the-dragon\\\/epee-de-aemond-targaryen-house-of-the-dragon\\\/\",\"name\":\"L\u2019\u00e9p\u00e9e de Aemond Targaryen - R\u00e9plique Manga Cin\u00e9\",\"isPartOf\":{\"@id\":\"https:\\\/\\\/repliquemangacine.fr\\\/#website\"},\"primaryImageOfPage\":{\"@id\":\"https:\\\/\\\/repliquemangacine.fr\\\/house-of-the-dragon\\\/epee-de-aemond-targaryen-house-of-the-dragon\\\/#primaryimage\"},\"image\":{\"@id\":\"https:\\\/\\\/repliquemangacine.fr\\\/house-of-the-dragon\\\/epee-de-aemond-targaryen-house-of-the-dragon\\\/#primaryimage\"},\"thumbnailUrl\":\"https:\\\/\\\/repliquemangacine.fr\\\/wp-content\\\/uploads\\\/2026\\\/01\\\/Epee-de-Aemond-Targaryen.jpg\",\"datePublished\":\"2026-01-13T14:02:59+00:00\",\"dateModified\":\"2026-02-05T10:49:13+00:00\",\"description\":\"L'\u00e9p\u00e9e de Aemond Targaryen House of the Dragon, lame acier au style sombre. R\u00e9plique id\u00e9ale pour collection et fans de Westeros. 108 cm\",\"breadcrumb\":{\"@id\":\"https:\\\/\\\/repliquemangacine.fr\\\/house-of-the-dragon\\\/epee-de-aemond-targaryen-house-of-the-dragon\\\/#breadcrumb\"},\"inLanguage\":\"en-US\",\"potentialAction\":[{\"@type\":\"ReadAction\",\"target\":[\"https:\\\/\\\/repliquemangacine.fr\\\/house-of-the-dragon\\\/epee-de-aemond-targaryen-house-of-the-dragon\\\/\"]}]},{\"@type\":\"ImageObject\",\"inLanguage\":\"en-US\",\"@id\":\"https:\\\/\\\/repliquemangacine.fr\\\/house-of-the-dragon\\\/epee-de-aemond-targaryen-house-of-the-dragon\\\/#primaryimage\",\"url\":\"https:\\\/\\\/repliquemangacine.fr\\\/wp-content\\\/uploads\\\/2026\\\/01\\\/Epee-de-Aemond-Targaryen.jpg\",\"contentUrl\":\"https:\\\/\\\/repliquemangacine.fr\\\/wp-content\\\/uploads\\\/2026\\\/01\\\/Epee-de-Aemond-Targaryen.jpg\",\"width\":800,\"height\":800,\"caption\":\"L\u2019\u00e9p\u00e9e d\u2019Aemond Targaryen dans House of the Dragon\"},{\"@type\":\"BreadcrumbList\",\"@id\":\"https:\\\/\\\/repliquemangacine.fr\\\/house-of-the-dragon\\\/epee-de-aemond-targaryen-house-of-the-dragon\\\/#breadcrumb\",\"itemListElement\":[{\"@type\":\"ListItem\",\"position\":1,\"name\":\"Accueil\",\"item\":\"https:\\\/\\\/repliquemangacine.fr\\\/\"},{\"@type\":\"ListItem\",\"position\":2,\"name\":\"Produits\",\"item\":\"https:\\\/\\\/repliquemangacine.fr\\\/boutique\\\/\"},{\"@type\":\"ListItem\",\"position\":3,\"name\":\"L\u2019\u00e9p\u00e9e de Aemond Targaryen\"}]},{\"@type\":\"WebSite\",\"@id\":\"https:\\\/\\\/repliquemangacine.fr\\\/#website\",\"url\":\"https:\\\/\\\/repliquemangacine.fr\\\/\",\"name\":\"R\u00e9plique Manga Cin\u00e9\",\"description\":\"\",\"publisher\":{\"@id\":\"https:\\\/\\\/repliquemangacine.fr\\\/#organization\"},\"potentialAction\":[{\"@type\":\"SearchAction\",\"target\":{\"@type\":\"EntryPoint\",\"urlTemplate\":\"https:\\\/\\\/repliquemangacine.fr\\\/?s={search_term_string}\"},\"query-input\":{\"@type\":\"PropertyValueSpecification\",\"valueRequired\":true,\"valueName\":\"search_term_string\"}}],\"inLanguage\":\"en-US\"},{\"@type\":\"Organization\",\"@id\":\"https:\\\/\\\/repliquemangacine.fr\\\/#organization\",\"name\":\"R\u00e9plique Manga Cin\u00e9\",\"url\":\"https:\\\/\\\/repliquemangacine.fr\\\/\",\"logo\":{\"@type\":\"ImageObject\",\"inLanguage\":\"en-US\",\"@id\":\"https:\\\/\\\/repliquemangacine.fr\\\/#\\\/schema\\\/logo\\\/image\\\/\",\"url\":\"https:\\\/\\\/repliquemangacine.fr\\\/wp-content\\\/uploads\\\/2023\\\/10\\\/RMC-500250.png\",\"contentUrl\":\"https:\\\/\\\/repliquemangacine.fr\\\/wp-content\\\/uploads\\\/2023\\\/10\\\/RMC-500250.png\",\"width\":500,\"height\":250,\"caption\":\"R\u00e9plique Manga Cin\u00e9\"},\"image\":{\"@id\":\"https:\\\/\\\/repliquemangacine.fr\\\/#\\\/schema\\\/logo\\\/image\\\/\"},\"sameAs\":[\"https:\\\/\\\/www.facebook.com\\\/RepliqueMangaCine\",\"https:\\\/\\\/www.instagram.com\\\/repliquemangacine.fr\\\/\"]}]}<\/script>\n<!-- \/ Yoast SEO plugin. -->","yoast_head_json":{"title":"The sword of Aemond Targaryen - R\u00e9plique Manga Cin\u00e9","description":"Aemond Targaryen's House of the Dragon sword, dark steel blade. Ideal replica for collectors and Westeros fans. 108 cm","robots":{"index":"index","follow":"follow","max-snippet":"max-snippet:-1","max-image-preview":"max-image-preview:large","max-video-preview":"max-video-preview:-1"},"canonical":"https:\/\/repliquemangacine.fr\/en\/house-of-the-dragon\/aemond-targaryen-sword-house-of-the-dragon\/","og_locale":"en_US","og_type":"article","og_title":"L\u2019\u00e9p\u00e9e de Aemond Targaryen - R\u00e9plique Manga Cin\u00e9","og_description":"L'\u00e9p\u00e9e de Aemond Targaryen House of the Dragon, lame acier au style sombre. R\u00e9plique id\u00e9ale pour collection et fans de Westeros. 108 cm","og_url":"https:\/\/repliquemangacine.fr\/en\/house-of-the-dragon\/aemond-targaryen-sword-house-of-the-dragon\/","og_site_name":"R\u00e9plique Manga Cin\u00e9","article_publisher":"https:\/\/www.facebook.com\/RepliqueMangaCine","article_modified_time":"2026-02-05T10:49:13+00:00","og_image":[{"width":800,"height":800,"url":"https:\/\/repliquemangacine.fr\/wp-content\/uploads\/2026\/01\/Epee-de-Aemond-Targaryen.jpg","type":"image\/jpeg"}],"twitter_card":"summary_large_image","twitter_misc":{"Est. reading time":"2 minutes"},"schema":{"@context":"https:\/\/schema.org","@graph":[{"@type":"WebPage","@id":"https:\/\/repliquemangacine.fr\/house-of-the-dragon\/epee-de-aemond-targaryen-house-of-the-dragon\/","url":"https:\/\/repliquemangacine.fr\/house-of-the-dragon\/epee-de-aemond-targaryen-house-of-the-dragon\/","name":"The sword of Aemond Targaryen - R\u00e9plique Manga Cin\u00e9","isPartOf":{"@id":"https:\/\/repliquemangacine.fr\/#website"},"primaryImageOfPage":{"@id":"https:\/\/repliquemangacine.fr\/house-of-the-dragon\/epee-de-aemond-targaryen-house-of-the-dragon\/#primaryimage"},"image":{"@id":"https:\/\/repliquemangacine.fr\/house-of-the-dragon\/epee-de-aemond-targaryen-house-of-the-dragon\/#primaryimage"},"thumbnailUrl":"https:\/\/repliquemangacine.fr\/wp-content\/uploads\/2026\/01\/Epee-de-Aemond-Targaryen.jpg","datePublished":"2026-01-13T14:02:59+00:00","dateModified":"2026-02-05T10:49:13+00:00","description":"Aemond Targaryen's House of the Dragon sword, dark steel blade. Ideal replica for collectors and Westeros fans. 108 cm","breadcrumb":{"@id":"https:\/\/repliquemangacine.fr\/house-of-the-dragon\/epee-de-aemond-targaryen-house-of-the-dragon\/#breadcrumb"},"inLanguage":"en-US","potentialAction":[{"@type":"ReadAction","target":["https:\/\/repliquemangacine.fr\/house-of-the-dragon\/epee-de-aemond-targaryen-house-of-the-dragon\/"]}]},{"@type":"ImageObject","inLanguage":"en-US","@id":"https:\/\/repliquemangacine.fr\/house-of-the-dragon\/epee-de-aemond-targaryen-house-of-the-dragon\/#primaryimage","url":"https:\/\/repliquemangacine.fr\/wp-content\/uploads\/2026\/01\/Epee-de-Aemond-Targaryen.jpg","contentUrl":"https:\/\/repliquemangacine.fr\/wp-content\/uploads\/2026\/01\/Epee-de-Aemond-Targaryen.jpg","width":800,"height":800,"caption":"L\u2019\u00e9p\u00e9e d\u2019Aemond Targaryen dans House of the Dragon"},{"@type":"BreadcrumbList","@id":"https:\/\/repliquemangacine.fr\/house-of-the-dragon\/epee-de-aemond-targaryen-house-of-the-dragon\/#breadcrumb","itemListElement":[{"@type":"ListItem","position":1,"name":"Accueil","item":"https:\/\/repliquemangacine.fr\/"},{"@type":"ListItem","position":2,"name":"Produits","item":"https:\/\/repliquemangacine.fr\/boutique\/"},{"@type":"ListItem","position":3,"name":"L\u2019\u00e9p\u00e9e de Aemond Targaryen"}]},{"@type":"WebSite","@id":"https:\/\/repliquemangacine.fr\/#website","url":"https:\/\/repliquemangacine.fr\/","name":"R\u00e9plique Manga Cin\u00e9","description":"","publisher":{"@id":"https:\/\/repliquemangacine.fr\/#organization"},"potentialAction":[{"@type":"SearchAction","target":{"@type":"EntryPoint","urlTemplate":"https:\/\/repliquemangacine.fr\/?s={search_term_string}"},"query-input":{"@type":"PropertyValueSpecification","valueRequired":true,"valueName":"search_term_string"}}],"inLanguage":"en-US"},{"@type":"Organization","@id":"https:\/\/repliquemangacine.fr\/#organization","name":"R\u00e9plique Manga Cin\u00e9","url":"https:\/\/repliquemangacine.fr\/","logo":{"@type":"ImageObject","inLanguage":"en-US","@id":"https:\/\/repliquemangacine.fr\/#\/schema\/logo\/image\/","url":"https:\/\/repliquemangacine.fr\/wp-content\/uploads\/2023\/10\/RMC-500250.png","contentUrl":"https:\/\/repliquemangacine.fr\/wp-content\/uploads\/2023\/10\/RMC-500250.png","width":500,"height":250,"caption":"R\u00e9plique Manga Cin\u00e9"},"image":{"@id":"https:\/\/repliquemangacine.fr\/#\/schema\/logo\/image\/"},"sameAs":["https:\/\/www.facebook.com\/RepliqueMangaCine","https:\/\/www.instagram.com\/repliquemangacine.fr\/"]}]}},"_links":{"self":[{"href":"https:\/\/repliquemangacine.fr\/en\/wp-json\/wp\/v2\/product\/94109","targetHints":{"allow":["GET"]}}],"collection":[{"href":"https:\/\/repliquemangacine.fr\/en\/wp-json\/wp\/v2\/product"}],"about":[{"href":"https:\/\/repliquemangacine.fr\/en\/wp-json\/wp\/v2\/types\/product"}],"wp:featuredmedia":[{"embeddable":true,"href":"https:\/\/repliquemangacine.fr\/en\/wp-json\/wp\/v2\/media\/94111"}],"wp:attachment":[{"href":"https:\/\/repliquemangacine.fr\/en\/wp-json\/wp\/v2\/media?parent=94109"}],"wp:term":[{"taxonomy":"product_brand","embeddable":true,"href":"https:\/\/repliquemangacine.fr\/en\/wp-json\/wp\/v2\/product_brand?post=94109"},{"taxonomy":"product_cat","embeddable":true,"href":"https:\/\/repliquemangacine.fr\/en\/wp-json\/wp\/v2\/product_cat?post=94109"},{"taxonomy":"product_tag","embeddable":true,"href":"https:\/\/repliquemangacine.fr\/en\/wp-json\/wp\/v2\/product_tag?post=94109"}],"curies":[{"name":"wp","href":"https:\/\/api.w.org\/{rel}","templated":true}]}}