





{"id":94015,"date":"2026-01-11T17:09:26","date_gmt":"2026-01-11T16:09:26","guid":{"rendered":"https:\/\/repliquemangacine.fr\/?post_type=product&#038;p=94015"},"modified":"2026-04-17T16:11:08","modified_gmt":"2026-04-17T14:11:08","slug":"narsil-broken-sword","status":"publish","type":"product","link":"https:\/\/repliquemangacine.fr\/en\/epees-seigneur-des-anneaux\/narsil-epee-brisee\/","title":{"rendered":"Narsil broken sword"},"content":{"rendered":"<h2>Narsil The legendary broken sword from The Lord of the Rings<\/h2>\n<p>Narsil, the mythical broken sword from the Lord of the Rings saga, symbolizes sacrifice and rebirth.<br \/>\nThis faithful replica presents the blade in five steel fragments, just like in the movies.<br \/>\nEach track embodies the story of\u2019<a href=\"https:\/\/lotr.fandom.com\/fr\/wiki\/Elendil\" target=\"_blank\" rel=\"noopener noreferrer\">Elendil<\/a> and transmission to the next generation.<\/p>\n<p>Blade made of 440 stainless steel, with elegant central groove.<br \/>\nWhat's more, each fragment is supplied separately, ready for display.<br \/>\nThis fragmented format tells the visual story of the weapon's fall and rebuilding.<\/p>\n<p>As a result, this piece is more than just a replica.<br \/>\nIt becomes a narrative object, transporting the eye and creating a Tolkien atmosphere in any collection.<br \/>\nFinally, the included black velvet fabric enhances the display and protects the fragments while enhancing the presentation.<\/p>\n<p>This Narsil replica is a natural addition to our collection of\u2019<a href=\"https:\/\/repliquemangacine.fr\/en\/lord-of-the-rings-swords\/\">Lord of the Rings swords<\/a>, while completing the universe of <a href=\"https:\/\/repliquemangacine.fr\/en\/films-tv-series-sale-of-katana-sword-and-related-products\/\">film and TV series replicas<\/a> available in the store.<\/p>\n<h2>The story of Narsil and the fall of Elendil<\/h2>\n<p>During the battle against Sauron, King Elendil confronts the forces of evil.<br \/>\nHowever, during the fight, Narsil shatters on impact.<br \/>\nThe king falls, and the legendary sword is destroyed.<\/p>\n<p>The broken blade becomes a witness to failure and hope deferred.<br \/>\nNarsil fragments are preserved for generations.<br \/>\nThey symbolize the expectation of the return of the rightful king.<\/p>\n<p>This line tells the visual story of this key moment in the saga.<br \/>\nEach fragment is a reminder of transmission, memory and heritage.<br \/>\nFrom then on, the broken sword makes perfect sense in a Tolkien collection.<\/p>\n<h2>A unique piece for Tolkien collectors<\/h2>\n<p>This Narsil replica is ideal for all Lord of the Rings fans.<br \/>\nIn particular, it is the perfect addition to any collection of Middle-earth weapons.<br \/>\nWhat's more, its fragmented aesthetic tells a story, that of inheritance to royalty.<\/p>\n<p>It can easily be placed on a shelf, display case or wall.<br \/>\nIn this way, it becomes a key decorative element in a fantasy world.<br \/>\nLast but not least, it makes a remarkable gift for any Tolkien fan.<\/p>\n<p>To extend the legend, this broken sword can be associated with <a href=\"https:\/\/repliquemangacine.fr\/en\/swords-and-daggers-the-rings-of-power\/anduril-sword-aragorn-lord-of-the-rings\/\">And\u00faril reforged sword<\/a>, and to our<a href=\"https:\/\/repliquemangacine.fr\/en\/medieval-templar-sword\/gondor-tree-wall-bracket\/\"> sword holders<\/a>, to create a coherent, elegant setting.<\/p>","protected":false},"excerpt":{"rendered":"<p>Exhibit Narsil, the broken sword of kings, eternal symbol of the fall and rebirth of Middle-earth.<\/p>\n<ul>\n<li>440 stainless steel blade with central groove<\/li>\n<li>Supplied with 5 laser-cut fragments<\/li>\n<li>Metal handle covered with hand-stitched black leather.<\/li>\n<li>Specially shaped knob with elven engravings.<\/li>\n<li>Supplied with black velvet fabric for display as in the film.<\/li>\n<li>Fabric size: 160 cm X 40 cm<\/li>\n<li>Blade length: 89.5 cm assembled and 4.5mm thick<\/li>\n<li>Sword length: 57.4 cm and 120.5 cm combined.<\/li>\n<li>Weight: 1365 g and 1985 g combined.<\/li>\n<\/ul>","protected":false},"featured_media":94020,"template":"","meta":[],"product_brand":[],"product_cat":[68,29,107],"product_tag":[],"class_list":{"0":"post-94015","1":"product","2":"type-product","3":"status-publish","4":"has-post-thumbnail","6":"product_cat-epees-seigneur-des-anneaux","7":"product_cat-le-seigneur-des-anneaux","8":"product_cat-nouveautes","10":"first","11":"instock","12":"taxable","13":"shipping-taxable","14":"purchasable","15":"product-type-simple"},"yoast_head":"<!-- This site is optimized with the Yoast SEO plugin v27.4 - https:\/\/yoast.com\/product\/yoast-seo-wordpress\/ -->\n<title>Narsil \u00e9p\u00e9e bris\u00e9e - R\u00e9plique Manga Cin\u00e9<\/title>\n<meta name=\"description\" content=\"Narsil \u00e9p\u00e9e bris\u00e9e en acier, pr\u00e9sent\u00e9e en 5 fragments avec velours noir. R\u00e9plique culte du Seigneur des Anneaux pour collection Tolkien.\" \/>\n<meta name=\"robots\" content=\"index, follow, max-snippet:-1, max-image-preview:large, max-video-preview:-1\" \/>\n<link rel=\"canonical\" href=\"https:\/\/repliquemangacine.fr\/en\/lord-of-the-rings-swords\/narsil-broken-sword\/\" \/>\n<meta property=\"og:locale\" content=\"en_US\" \/>\n<meta property=\"og:type\" content=\"article\" \/>\n<meta property=\"og:title\" content=\"Narsil \u00e9p\u00e9e bris\u00e9e - R\u00e9plique Manga Cin\u00e9\" \/>\n<meta property=\"og:description\" content=\"Narsil \u00e9p\u00e9e bris\u00e9e en acier, pr\u00e9sent\u00e9e en 5 fragments avec velours noir. R\u00e9plique culte du Seigneur des Anneaux pour collection Tolkien.\" \/>\n<meta property=\"og:url\" content=\"https:\/\/repliquemangacine.fr\/en\/lord-of-the-rings-swords\/narsil-broken-sword\/\" \/>\n<meta property=\"og:site_name\" content=\"R\u00e9plique Manga Cin\u00e9\" \/>\n<meta property=\"article:publisher\" content=\"https:\/\/www.facebook.com\/RepliqueMangaCine\" \/>\n<meta property=\"article:modified_time\" content=\"2026-04-17T14:11:08+00:00\" \/>\n<meta property=\"og:image\" content=\"https:\/\/repliquemangacine.fr\/wp-content\/uploads\/2026\/01\/Narsil-epee-brisee.jpg\" \/>\n\t<meta property=\"og:image:width\" content=\"800\" \/>\n\t<meta property=\"og:image:height\" content=\"800\" \/>\n\t<meta property=\"og:image:type\" content=\"image\/jpeg\" \/>\n<meta name=\"twitter:card\" content=\"summary_large_image\" \/>\n<meta name=\"twitter:label1\" content=\"Est. reading time\" \/>\n\t<meta name=\"twitter:data1\" content=\"3 minutes\" \/>\n<script type=\"application\/ld+json\" class=\"yoast-schema-graph\">{\"@context\":\"https:\\\/\\\/schema.org\",\"@graph\":[{\"@type\":\"WebPage\",\"@id\":\"https:\\\/\\\/repliquemangacine.fr\\\/epees-seigneur-des-anneaux\\\/narsil-epee-brisee\\\/\",\"url\":\"https:\\\/\\\/repliquemangacine.fr\\\/epees-seigneur-des-anneaux\\\/narsil-epee-brisee\\\/\",\"name\":\"Narsil \u00e9p\u00e9e bris\u00e9e - R\u00e9plique Manga Cin\u00e9\",\"isPartOf\":{\"@id\":\"https:\\\/\\\/repliquemangacine.fr\\\/#website\"},\"primaryImageOfPage\":{\"@id\":\"https:\\\/\\\/repliquemangacine.fr\\\/epees-seigneur-des-anneaux\\\/narsil-epee-brisee\\\/#primaryimage\"},\"image\":{\"@id\":\"https:\\\/\\\/repliquemangacine.fr\\\/epees-seigneur-des-anneaux\\\/narsil-epee-brisee\\\/#primaryimage\"},\"thumbnailUrl\":\"https:\\\/\\\/repliquemangacine.fr\\\/wp-content\\\/uploads\\\/2026\\\/01\\\/Narsil-epee-brisee.jpg\",\"datePublished\":\"2026-01-11T16:09:26+00:00\",\"dateModified\":\"2026-04-17T14:11:08+00:00\",\"description\":\"Narsil \u00e9p\u00e9e bris\u00e9e en acier, pr\u00e9sent\u00e9e en 5 fragments avec velours noir. R\u00e9plique culte du Seigneur des Anneaux pour collection Tolkien.\",\"breadcrumb\":{\"@id\":\"https:\\\/\\\/repliquemangacine.fr\\\/epees-seigneur-des-anneaux\\\/narsil-epee-brisee\\\/#breadcrumb\"},\"inLanguage\":\"en-US\",\"potentialAction\":[{\"@type\":\"ReadAction\",\"target\":[\"https:\\\/\\\/repliquemangacine.fr\\\/epees-seigneur-des-anneaux\\\/narsil-epee-brisee\\\/\"]}]},{\"@type\":\"ImageObject\",\"inLanguage\":\"en-US\",\"@id\":\"https:\\\/\\\/repliquemangacine.fr\\\/epees-seigneur-des-anneaux\\\/narsil-epee-brisee\\\/#primaryimage\",\"url\":\"https:\\\/\\\/repliquemangacine.fr\\\/wp-content\\\/uploads\\\/2026\\\/01\\\/Narsil-epee-brisee.jpg\",\"contentUrl\":\"https:\\\/\\\/repliquemangacine.fr\\\/wp-content\\\/uploads\\\/2026\\\/01\\\/Narsil-epee-brisee.jpg\",\"width\":800,\"height\":800,\"caption\":\"Narsil \u00e9p\u00e9e bris\u00e9e, le seigneur des anneaux\"},{\"@type\":\"BreadcrumbList\",\"@id\":\"https:\\\/\\\/repliquemangacine.fr\\\/epees-seigneur-des-anneaux\\\/narsil-epee-brisee\\\/#breadcrumb\",\"itemListElement\":[{\"@type\":\"ListItem\",\"position\":1,\"name\":\"Accueil\",\"item\":\"https:\\\/\\\/repliquemangacine.fr\\\/\"},{\"@type\":\"ListItem\",\"position\":2,\"name\":\"Produits\",\"item\":\"https:\\\/\\\/repliquemangacine.fr\\\/boutique\\\/\"},{\"@type\":\"ListItem\",\"position\":3,\"name\":\"Narsil \u00e9p\u00e9e bris\u00e9e\"}]},{\"@type\":\"WebSite\",\"@id\":\"https:\\\/\\\/repliquemangacine.fr\\\/#website\",\"url\":\"https:\\\/\\\/repliquemangacine.fr\\\/\",\"name\":\"R\u00e9plique Manga Cin\u00e9\",\"description\":\"\",\"publisher\":{\"@id\":\"https:\\\/\\\/repliquemangacine.fr\\\/#organization\"},\"potentialAction\":[{\"@type\":\"SearchAction\",\"target\":{\"@type\":\"EntryPoint\",\"urlTemplate\":\"https:\\\/\\\/repliquemangacine.fr\\\/?s={search_term_string}\"},\"query-input\":{\"@type\":\"PropertyValueSpecification\",\"valueRequired\":true,\"valueName\":\"search_term_string\"}}],\"inLanguage\":\"en-US\"},{\"@type\":\"Organization\",\"@id\":\"https:\\\/\\\/repliquemangacine.fr\\\/#organization\",\"name\":\"R\u00e9plique Manga Cin\u00e9\",\"url\":\"https:\\\/\\\/repliquemangacine.fr\\\/\",\"logo\":{\"@type\":\"ImageObject\",\"inLanguage\":\"en-US\",\"@id\":\"https:\\\/\\\/repliquemangacine.fr\\\/#\\\/schema\\\/logo\\\/image\\\/\",\"url\":\"https:\\\/\\\/repliquemangacine.fr\\\/wp-content\\\/uploads\\\/2023\\\/10\\\/RMC-500250.png\",\"contentUrl\":\"https:\\\/\\\/repliquemangacine.fr\\\/wp-content\\\/uploads\\\/2023\\\/10\\\/RMC-500250.png\",\"width\":500,\"height\":250,\"caption\":\"R\u00e9plique Manga Cin\u00e9\"},\"image\":{\"@id\":\"https:\\\/\\\/repliquemangacine.fr\\\/#\\\/schema\\\/logo\\\/image\\\/\"},\"sameAs\":[\"https:\\\/\\\/www.facebook.com\\\/RepliqueMangaCine\",\"https:\\\/\\\/www.instagram.com\\\/repliquemangacine.fr\\\/\"]}]}<\/script>\n<!-- \/ Yoast SEO plugin. -->","yoast_head_json":{"title":"Narsil broken sword - R\u00e9plique Manga Cin\u00e9","description":"Narsil broken steel sword, presented in 5 fragments with black velvet. Cult Lord of the Rings replica for Tolkien collection.","robots":{"index":"index","follow":"follow","max-snippet":"max-snippet:-1","max-image-preview":"max-image-preview:large","max-video-preview":"max-video-preview:-1"},"canonical":"https:\/\/repliquemangacine.fr\/en\/lord-of-the-rings-swords\/narsil-broken-sword\/","og_locale":"en_US","og_type":"article","og_title":"Narsil \u00e9p\u00e9e bris\u00e9e - R\u00e9plique Manga Cin\u00e9","og_description":"Narsil \u00e9p\u00e9e bris\u00e9e en acier, pr\u00e9sent\u00e9e en 5 fragments avec velours noir. R\u00e9plique culte du Seigneur des Anneaux pour collection Tolkien.","og_url":"https:\/\/repliquemangacine.fr\/en\/lord-of-the-rings-swords\/narsil-broken-sword\/","og_site_name":"R\u00e9plique Manga Cin\u00e9","article_publisher":"https:\/\/www.facebook.com\/RepliqueMangaCine","article_modified_time":"2026-04-17T14:11:08+00:00","og_image":[{"width":800,"height":800,"url":"https:\/\/repliquemangacine.fr\/wp-content\/uploads\/2026\/01\/Narsil-epee-brisee.jpg","type":"image\/jpeg"}],"twitter_card":"summary_large_image","twitter_misc":{"Est. reading time":"3 minutes"},"schema":{"@context":"https:\/\/schema.org","@graph":[{"@type":"WebPage","@id":"https:\/\/repliquemangacine.fr\/epees-seigneur-des-anneaux\/narsil-epee-brisee\/","url":"https:\/\/repliquemangacine.fr\/epees-seigneur-des-anneaux\/narsil-epee-brisee\/","name":"Narsil broken sword - R\u00e9plique Manga Cin\u00e9","isPartOf":{"@id":"https:\/\/repliquemangacine.fr\/#website"},"primaryImageOfPage":{"@id":"https:\/\/repliquemangacine.fr\/epees-seigneur-des-anneaux\/narsil-epee-brisee\/#primaryimage"},"image":{"@id":"https:\/\/repliquemangacine.fr\/epees-seigneur-des-anneaux\/narsil-epee-brisee\/#primaryimage"},"thumbnailUrl":"https:\/\/repliquemangacine.fr\/wp-content\/uploads\/2026\/01\/Narsil-epee-brisee.jpg","datePublished":"2026-01-11T16:09:26+00:00","dateModified":"2026-04-17T14:11:08+00:00","description":"Narsil broken steel sword, presented in 5 fragments with black velvet. Cult Lord of the Rings replica for Tolkien collection.","breadcrumb":{"@id":"https:\/\/repliquemangacine.fr\/epees-seigneur-des-anneaux\/narsil-epee-brisee\/#breadcrumb"},"inLanguage":"en-US","potentialAction":[{"@type":"ReadAction","target":["https:\/\/repliquemangacine.fr\/epees-seigneur-des-anneaux\/narsil-epee-brisee\/"]}]},{"@type":"ImageObject","inLanguage":"en-US","@id":"https:\/\/repliquemangacine.fr\/epees-seigneur-des-anneaux\/narsil-epee-brisee\/#primaryimage","url":"https:\/\/repliquemangacine.fr\/wp-content\/uploads\/2026\/01\/Narsil-epee-brisee.jpg","contentUrl":"https:\/\/repliquemangacine.fr\/wp-content\/uploads\/2026\/01\/Narsil-epee-brisee.jpg","width":800,"height":800,"caption":"Narsil \u00e9p\u00e9e bris\u00e9e, le seigneur des anneaux"},{"@type":"BreadcrumbList","@id":"https:\/\/repliquemangacine.fr\/epees-seigneur-des-anneaux\/narsil-epee-brisee\/#breadcrumb","itemListElement":[{"@type":"ListItem","position":1,"name":"Accueil","item":"https:\/\/repliquemangacine.fr\/"},{"@type":"ListItem","position":2,"name":"Produits","item":"https:\/\/repliquemangacine.fr\/boutique\/"},{"@type":"ListItem","position":3,"name":"Narsil \u00e9p\u00e9e bris\u00e9e"}]},{"@type":"WebSite","@id":"https:\/\/repliquemangacine.fr\/#website","url":"https:\/\/repliquemangacine.fr\/","name":"R\u00e9plique Manga Cin\u00e9","description":"","publisher":{"@id":"https:\/\/repliquemangacine.fr\/#organization"},"potentialAction":[{"@type":"SearchAction","target":{"@type":"EntryPoint","urlTemplate":"https:\/\/repliquemangacine.fr\/?s={search_term_string}"},"query-input":{"@type":"PropertyValueSpecification","valueRequired":true,"valueName":"search_term_string"}}],"inLanguage":"en-US"},{"@type":"Organization","@id":"https:\/\/repliquemangacine.fr\/#organization","name":"R\u00e9plique Manga Cin\u00e9","url":"https:\/\/repliquemangacine.fr\/","logo":{"@type":"ImageObject","inLanguage":"en-US","@id":"https:\/\/repliquemangacine.fr\/#\/schema\/logo\/image\/","url":"https:\/\/repliquemangacine.fr\/wp-content\/uploads\/2023\/10\/RMC-500250.png","contentUrl":"https:\/\/repliquemangacine.fr\/wp-content\/uploads\/2023\/10\/RMC-500250.png","width":500,"height":250,"caption":"R\u00e9plique Manga Cin\u00e9"},"image":{"@id":"https:\/\/repliquemangacine.fr\/#\/schema\/logo\/image\/"},"sameAs":["https:\/\/www.facebook.com\/RepliqueMangaCine","https:\/\/www.instagram.com\/repliquemangacine.fr\/"]}]}},"_links":{"self":[{"href":"https:\/\/repliquemangacine.fr\/en\/wp-json\/wp\/v2\/product\/94015","targetHints":{"allow":["GET"]}}],"collection":[{"href":"https:\/\/repliquemangacine.fr\/en\/wp-json\/wp\/v2\/product"}],"about":[{"href":"https:\/\/repliquemangacine.fr\/en\/wp-json\/wp\/v2\/types\/product"}],"wp:featuredmedia":[{"embeddable":true,"href":"https:\/\/repliquemangacine.fr\/en\/wp-json\/wp\/v2\/media\/94020"}],"wp:attachment":[{"href":"https:\/\/repliquemangacine.fr\/en\/wp-json\/wp\/v2\/media?parent=94015"}],"wp:term":[{"taxonomy":"product_brand","embeddable":true,"href":"https:\/\/repliquemangacine.fr\/en\/wp-json\/wp\/v2\/product_brand?post=94015"},{"taxonomy":"product_cat","embeddable":true,"href":"https:\/\/repliquemangacine.fr\/en\/wp-json\/wp\/v2\/product_cat?post=94015"},{"taxonomy":"product_tag","embeddable":true,"href":"https:\/\/repliquemangacine.fr\/en\/wp-json\/wp\/v2\/product_tag?post=94015"}],"curies":[{"name":"wp","href":"https:\/\/api.w.org\/{rel}","templated":true}]}}