





{"id":92165,"date":"2025-12-05T11:23:50","date_gmt":"2025-12-05T10:23:50","guid":{"rendered":"https:\/\/repliquemangacine.fr\/?post_type=product&#038;p=92165"},"modified":"2026-03-04T22:18:45","modified_gmt":"2026-03-04T21:18:45","slug":"m16-rifle-vietnam-war-1967","status":"publish","type":"product","link":"https:\/\/repliquemangacine.fr\/en\/fusil-d-assaut-fusil-moderne\/fusil-m16-guerre-du-viet-nam-1967\/","title":{"rendered":"M16 rifle Vietnam War 1967"},"content":{"rendered":"<h2>The legendary M16 A1 rifle from 1967: a must-have historical replica<\/h2>\n<p>With this <strong>M16 rifle<\/strong> of 1967 signed <a href=\"https:\/\/www.denix.fr\/fr\/catalogue\/armes-modernes-1945-1982\/carabines-carabines-et-fusils\/9133\/\" target=\"_blank\" rel=\"noopener noreferrer\">Denix<\/a>, we are transported straight back to the Vietnam War. This replica, made entirely of zamac metal and molded ABS, offers stunning realism. This is thanks in particular to its removable magazine, simulated loading mechanism, and fake firing mechanism. The fabric strap adds an authentic finishing touch, perfect for proudly displaying it or completing an ultra-realistic military cosplay outfit. What's more, its balanced weight and matte black finish are instantly reminiscent of the iconic GI weapon. This makes it the ideal choice for history buffs, discerning collectors, or reenactment enthusiasts. This replica of the M16A1 perfectly embodies the visual power and legendary aura of a weapon that left its mark on its era.<\/p>\n<h2>M16 rifle: A military icon that became a symbol of a generation<\/h2>\n<p>The M16A1 is much more than a rifle: it is the technological and cultural emblem of a decisive conflict. Used extensively by the US Army from 1967 onwards, it revolutionized the design of assault rifles thanks to its light weight, rate of fire, and futuristic design for the time. In films, TV series, and video games, it symbolizes the tension of the Vietnamese jungles and the modernization of weaponry. This Denix replica captures the historical significance of this now legendary weapon. Its distinctive look evokes countless iconic scenes, making it instantly recognizable. For collectors, owning the M16A1 means holding a piece of history in their hands: a tangible fragment of 20th-century military evolution.<\/p>\n<h2>R\u00e9plique Manga Cin\u00e9: the benchmark for historical weapons from World War II<\/h2>\n<p>For military history enthusiasts, R\u00e9plique Manga Cin\u00e9 also offers a wide selection of iconic replicas from World War II and the Normandy landings. For example, the <a href=\"https:\/\/repliquemangacine.fr\/en\/denix\/replica-mg34-machine-gun-with-denix-tripods\/\">MG-34 machine gun<\/a>, a true icon of the German arsenal, impresses with its realism and robust finish. Similarly, the <a href=\"https:\/\/repliquemangacine.fr\/en\/denix\/mp40-sub-machin-gun\/\">MP40 Submachine Gun<\/a>, an essential weapon for paratroopers and motorized units, perfectly complements a collection dedicated to this era. In addition, the replica of the <a href=\"https:\/\/repliquemangacine.fr\/en\/reproductions-weapons-second-world-war-denix\/rifle-m1-garand\/\">M1 Garand rifle<\/a>, the first semi-automatic rifle adopted by the US military, remains a must-have for reenactment enthusiasts. Finally, the <a href=\"https:\/\/repliquemangacine.fr\/en\/reproductions-weapons-second-world-war-denix\/automatic-pistol-m1911a1-patinated-and-aged\/\">M1911A1 automatic pistol<\/a> The weathered and aged finish adds an authentic touch, reminiscent of the weapons carried by American soldiers. Thanks to these detailed pieces, your collection remains replete with replicas steeped in history.<\/p>","protected":false},"excerpt":{"rendered":"<p>Relive the intensity of Vietnam with this Denix M16 A1 assault rifle replica, the legendary weapon of the G.I.s, finally in your hands.<\/p>\n<ul>\n<li>All metal and molded ABS (stock and barrel).<\/li>\n<li>Metal parts in Zamac.<\/li>\n<li>Removable charger.<\/li>\n<li>Load and firing simulation (Arms and fires).<\/li>\n<li>Unfit for shooting.<\/li>\n<li>Comes with a fabric strap<\/li>\n<li>No authorization required. Free sale and possession<\/li>\n<li>Total length: 98 cm \u2013 Weight: 3608 g<\/li>\n<\/ul>","protected":false},"featured_media":92169,"template":"","meta":[],"product_brand":[],"product_cat":[25,46,107,28,76],"product_tag":[],"class_list":{"0":"post-92165","1":"product","2":"type-product","3":"status-publish","4":"has-post-thumbnail","6":"product_cat-armes-historiques","7":"product_cat-fusil-d-assaut-fusil-moderne","8":"product_cat-nouveautes","9":"product_cat-repliques-darmes","10":"product_cat-reproductions-armes-seconde-guerre-mondiale-denix","12":"first","13":"instock","14":"taxable","15":"shipping-taxable","16":"purchasable","17":"product-type-simple"},"yoast_head":"<!-- This site is optimized with the Yoast SEO plugin v27.5 - https:\/\/yoast.com\/product\/yoast-seo-wordpress\/ -->\n<title>Fusil M16 Guerre du Vi\u00eat-nam 1967 - R\u00e9plique Manga Cin\u00e9<\/title>\n<meta name=\"description\" content=\"Fusil M16 Guerre du Vi\u00eat-nam Denix : m\u00e9tal r\u00e9aliste, chargeur amovible, simulation de tirs. R\u00e9plique historique id\u00e9ale collection, d\u00e9co ou reconstitution.\" \/>\n<meta name=\"robots\" content=\"index, follow, max-snippet:-1, max-image-preview:large, max-video-preview:-1\" \/>\n<link rel=\"canonical\" href=\"https:\/\/repliquemangacine.fr\/en\/assault-rifle-modern-rifle\/m16-rifle-vietnam-war-1967\/\" \/>\n<meta property=\"og:locale\" content=\"en_US\" \/>\n<meta property=\"og:type\" content=\"article\" \/>\n<meta property=\"og:title\" content=\"Fusil M16 Guerre du Vi\u00eat-nam 1967 - R\u00e9plique Manga Cin\u00e9\" \/>\n<meta property=\"og:description\" content=\"Fusil M16 Guerre du Vi\u00eat-nam Denix : m\u00e9tal r\u00e9aliste, chargeur amovible, simulation de tirs. R\u00e9plique historique id\u00e9ale collection, d\u00e9co ou reconstitution.\" \/>\n<meta property=\"og:url\" content=\"https:\/\/repliquemangacine.fr\/en\/assault-rifle-modern-rifle\/m16-rifle-vietnam-war-1967\/\" \/>\n<meta property=\"og:site_name\" content=\"R\u00e9plique Manga Cin\u00e9\" \/>\n<meta property=\"article:publisher\" content=\"https:\/\/www.facebook.com\/RepliqueMangaCine\" \/>\n<meta property=\"article:modified_time\" content=\"2026-03-04T21:18:45+00:00\" \/>\n<meta property=\"og:image\" content=\"https:\/\/repliquemangacine.fr\/wp-content\/uploads\/2025\/12\/Fusil-M16A1-Guerre-Vietnam.jpg\" \/>\n\t<meta property=\"og:image:width\" content=\"700\" \/>\n\t<meta property=\"og:image:height\" content=\"700\" \/>\n\t<meta property=\"og:image:type\" content=\"image\/jpeg\" \/>\n<meta name=\"twitter:card\" content=\"summary_large_image\" \/>\n<meta name=\"twitter:label1\" content=\"Est. reading time\" \/>\n\t<meta name=\"twitter:data1\" content=\"3 minutes\" \/>\n<script type=\"application\/ld+json\" class=\"yoast-schema-graph\">{\"@context\":\"https:\\\/\\\/schema.org\",\"@graph\":[{\"@type\":\"WebPage\",\"@id\":\"https:\\\/\\\/repliquemangacine.fr\\\/fusil-d-assaut-fusil-moderne\\\/fusil-m16-guerre-du-viet-nam-1967\\\/\",\"url\":\"https:\\\/\\\/repliquemangacine.fr\\\/fusil-d-assaut-fusil-moderne\\\/fusil-m16-guerre-du-viet-nam-1967\\\/\",\"name\":\"Fusil M16 Guerre du Vi\u00eat-nam 1967 - R\u00e9plique Manga Cin\u00e9\",\"isPartOf\":{\"@id\":\"https:\\\/\\\/repliquemangacine.fr\\\/#website\"},\"primaryImageOfPage\":{\"@id\":\"https:\\\/\\\/repliquemangacine.fr\\\/fusil-d-assaut-fusil-moderne\\\/fusil-m16-guerre-du-viet-nam-1967\\\/#primaryimage\"},\"image\":{\"@id\":\"https:\\\/\\\/repliquemangacine.fr\\\/fusil-d-assaut-fusil-moderne\\\/fusil-m16-guerre-du-viet-nam-1967\\\/#primaryimage\"},\"thumbnailUrl\":\"https:\\\/\\\/repliquemangacine.fr\\\/wp-content\\\/uploads\\\/2025\\\/12\\\/Fusil-M16A1-Guerre-Vietnam.jpg\",\"datePublished\":\"2025-12-05T10:23:50+00:00\",\"dateModified\":\"2026-03-04T21:18:45+00:00\",\"description\":\"Fusil M16 Guerre du Vi\u00eat-nam Denix : m\u00e9tal r\u00e9aliste, chargeur amovible, simulation de tirs. R\u00e9plique historique id\u00e9ale collection, d\u00e9co ou reconstitution.\",\"breadcrumb\":{\"@id\":\"https:\\\/\\\/repliquemangacine.fr\\\/fusil-d-assaut-fusil-moderne\\\/fusil-m16-guerre-du-viet-nam-1967\\\/#breadcrumb\"},\"inLanguage\":\"en-US\",\"potentialAction\":[{\"@type\":\"ReadAction\",\"target\":[\"https:\\\/\\\/repliquemangacine.fr\\\/fusil-d-assaut-fusil-moderne\\\/fusil-m16-guerre-du-viet-nam-1967\\\/\"]}]},{\"@type\":\"ImageObject\",\"inLanguage\":\"en-US\",\"@id\":\"https:\\\/\\\/repliquemangacine.fr\\\/fusil-d-assaut-fusil-moderne\\\/fusil-m16-guerre-du-viet-nam-1967\\\/#primaryimage\",\"url\":\"https:\\\/\\\/repliquemangacine.fr\\\/wp-content\\\/uploads\\\/2025\\\/12\\\/Fusil-M16A1-Guerre-Vietnam.jpg\",\"contentUrl\":\"https:\\\/\\\/repliquemangacine.fr\\\/wp-content\\\/uploads\\\/2025\\\/12\\\/Fusil-M16A1-Guerre-Vietnam.jpg\",\"width\":700,\"height\":700,\"caption\":\"Fusil M16 Guerre du Vi\u00eat-nam 1967\"},{\"@type\":\"BreadcrumbList\",\"@id\":\"https:\\\/\\\/repliquemangacine.fr\\\/fusil-d-assaut-fusil-moderne\\\/fusil-m16-guerre-du-viet-nam-1967\\\/#breadcrumb\",\"itemListElement\":[{\"@type\":\"ListItem\",\"position\":1,\"name\":\"Accueil\",\"item\":\"https:\\\/\\\/repliquemangacine.fr\\\/\"},{\"@type\":\"ListItem\",\"position\":2,\"name\":\"Produits\",\"item\":\"https:\\\/\\\/repliquemangacine.fr\\\/boutique\\\/\"},{\"@type\":\"ListItem\",\"position\":3,\"name\":\"Fusil M16 Guerre du Vi\u00eat-nam 1967\"}]},{\"@type\":\"WebSite\",\"@id\":\"https:\\\/\\\/repliquemangacine.fr\\\/#website\",\"url\":\"https:\\\/\\\/repliquemangacine.fr\\\/\",\"name\":\"R\u00e9plique Manga Cin\u00e9\",\"description\":\"\",\"publisher\":{\"@id\":\"https:\\\/\\\/repliquemangacine.fr\\\/#organization\"},\"potentialAction\":[{\"@type\":\"SearchAction\",\"target\":{\"@type\":\"EntryPoint\",\"urlTemplate\":\"https:\\\/\\\/repliquemangacine.fr\\\/?s={search_term_string}\"},\"query-input\":{\"@type\":\"PropertyValueSpecification\",\"valueRequired\":true,\"valueName\":\"search_term_string\"}}],\"inLanguage\":\"en-US\"},{\"@type\":\"Organization\",\"@id\":\"https:\\\/\\\/repliquemangacine.fr\\\/#organization\",\"name\":\"R\u00e9plique Manga Cin\u00e9\",\"url\":\"https:\\\/\\\/repliquemangacine.fr\\\/\",\"logo\":{\"@type\":\"ImageObject\",\"inLanguage\":\"en-US\",\"@id\":\"https:\\\/\\\/repliquemangacine.fr\\\/#\\\/schema\\\/logo\\\/image\\\/\",\"url\":\"https:\\\/\\\/repliquemangacine.fr\\\/wp-content\\\/uploads\\\/2023\\\/10\\\/RMC-500250.png\",\"contentUrl\":\"https:\\\/\\\/repliquemangacine.fr\\\/wp-content\\\/uploads\\\/2023\\\/10\\\/RMC-500250.png\",\"width\":500,\"height\":250,\"caption\":\"R\u00e9plique Manga Cin\u00e9\"},\"image\":{\"@id\":\"https:\\\/\\\/repliquemangacine.fr\\\/#\\\/schema\\\/logo\\\/image\\\/\"},\"sameAs\":[\"https:\\\/\\\/www.facebook.com\\\/RepliqueMangaCine\",\"https:\\\/\\\/www.instagram.com\\\/repliquemangacine.fr\\\/\"]}]}<\/script>\n<!-- \/ Yoast SEO plugin. -->","yoast_head_json":{"title":"M16 rifle Vietnam War 1967 - R\u00e9plique Manga Cin\u00e9","description":"Denix M16 rifle from the Vietnam War: realistic metal, removable magazine, simulated firing. Ideal historical replica for collection, decoration, or reenactment.","robots":{"index":"index","follow":"follow","max-snippet":"max-snippet:-1","max-image-preview":"max-image-preview:large","max-video-preview":"max-video-preview:-1"},"canonical":"https:\/\/repliquemangacine.fr\/en\/assault-rifle-modern-rifle\/m16-rifle-vietnam-war-1967\/","og_locale":"en_US","og_type":"article","og_title":"Fusil M16 Guerre du Vi\u00eat-nam 1967 - R\u00e9plique Manga Cin\u00e9","og_description":"Fusil M16 Guerre du Vi\u00eat-nam Denix : m\u00e9tal r\u00e9aliste, chargeur amovible, simulation de tirs. R\u00e9plique historique id\u00e9ale collection, d\u00e9co ou reconstitution.","og_url":"https:\/\/repliquemangacine.fr\/en\/assault-rifle-modern-rifle\/m16-rifle-vietnam-war-1967\/","og_site_name":"R\u00e9plique Manga Cin\u00e9","article_publisher":"https:\/\/www.facebook.com\/RepliqueMangaCine","article_modified_time":"2026-03-04T21:18:45+00:00","og_image":[{"width":700,"height":700,"url":"https:\/\/repliquemangacine.fr\/wp-content\/uploads\/2025\/12\/Fusil-M16A1-Guerre-Vietnam.jpg","type":"image\/jpeg"}],"twitter_card":"summary_large_image","twitter_misc":{"Est. reading time":"3 minutes"},"schema":{"@context":"https:\/\/schema.org","@graph":[{"@type":"WebPage","@id":"https:\/\/repliquemangacine.fr\/fusil-d-assaut-fusil-moderne\/fusil-m16-guerre-du-viet-nam-1967\/","url":"https:\/\/repliquemangacine.fr\/fusil-d-assaut-fusil-moderne\/fusil-m16-guerre-du-viet-nam-1967\/","name":"M16 rifle Vietnam War 1967 - R\u00e9plique Manga Cin\u00e9","isPartOf":{"@id":"https:\/\/repliquemangacine.fr\/#website"},"primaryImageOfPage":{"@id":"https:\/\/repliquemangacine.fr\/fusil-d-assaut-fusil-moderne\/fusil-m16-guerre-du-viet-nam-1967\/#primaryimage"},"image":{"@id":"https:\/\/repliquemangacine.fr\/fusil-d-assaut-fusil-moderne\/fusil-m16-guerre-du-viet-nam-1967\/#primaryimage"},"thumbnailUrl":"https:\/\/repliquemangacine.fr\/wp-content\/uploads\/2025\/12\/Fusil-M16A1-Guerre-Vietnam.jpg","datePublished":"2025-12-05T10:23:50+00:00","dateModified":"2026-03-04T21:18:45+00:00","description":"Denix M16 rifle from the Vietnam War: realistic metal, removable magazine, simulated firing. Ideal historical replica for collection, decoration, or reenactment.","breadcrumb":{"@id":"https:\/\/repliquemangacine.fr\/fusil-d-assaut-fusil-moderne\/fusil-m16-guerre-du-viet-nam-1967\/#breadcrumb"},"inLanguage":"en-US","potentialAction":[{"@type":"ReadAction","target":["https:\/\/repliquemangacine.fr\/fusil-d-assaut-fusil-moderne\/fusil-m16-guerre-du-viet-nam-1967\/"]}]},{"@type":"ImageObject","inLanguage":"en-US","@id":"https:\/\/repliquemangacine.fr\/fusil-d-assaut-fusil-moderne\/fusil-m16-guerre-du-viet-nam-1967\/#primaryimage","url":"https:\/\/repliquemangacine.fr\/wp-content\/uploads\/2025\/12\/Fusil-M16A1-Guerre-Vietnam.jpg","contentUrl":"https:\/\/repliquemangacine.fr\/wp-content\/uploads\/2025\/12\/Fusil-M16A1-Guerre-Vietnam.jpg","width":700,"height":700,"caption":"Fusil M16 Guerre du Vi\u00eat-nam 1967"},{"@type":"BreadcrumbList","@id":"https:\/\/repliquemangacine.fr\/fusil-d-assaut-fusil-moderne\/fusil-m16-guerre-du-viet-nam-1967\/#breadcrumb","itemListElement":[{"@type":"ListItem","position":1,"name":"Accueil","item":"https:\/\/repliquemangacine.fr\/"},{"@type":"ListItem","position":2,"name":"Produits","item":"https:\/\/repliquemangacine.fr\/boutique\/"},{"@type":"ListItem","position":3,"name":"Fusil M16 Guerre du Vi\u00eat-nam 1967"}]},{"@type":"WebSite","@id":"https:\/\/repliquemangacine.fr\/#website","url":"https:\/\/repliquemangacine.fr\/","name":"R\u00e9plique Manga Cin\u00e9","description":"","publisher":{"@id":"https:\/\/repliquemangacine.fr\/#organization"},"potentialAction":[{"@type":"SearchAction","target":{"@type":"EntryPoint","urlTemplate":"https:\/\/repliquemangacine.fr\/?s={search_term_string}"},"query-input":{"@type":"PropertyValueSpecification","valueRequired":true,"valueName":"search_term_string"}}],"inLanguage":"en-US"},{"@type":"Organization","@id":"https:\/\/repliquemangacine.fr\/#organization","name":"R\u00e9plique Manga Cin\u00e9","url":"https:\/\/repliquemangacine.fr\/","logo":{"@type":"ImageObject","inLanguage":"en-US","@id":"https:\/\/repliquemangacine.fr\/#\/schema\/logo\/image\/","url":"https:\/\/repliquemangacine.fr\/wp-content\/uploads\/2023\/10\/RMC-500250.png","contentUrl":"https:\/\/repliquemangacine.fr\/wp-content\/uploads\/2023\/10\/RMC-500250.png","width":500,"height":250,"caption":"R\u00e9plique Manga Cin\u00e9"},"image":{"@id":"https:\/\/repliquemangacine.fr\/#\/schema\/logo\/image\/"},"sameAs":["https:\/\/www.facebook.com\/RepliqueMangaCine","https:\/\/www.instagram.com\/repliquemangacine.fr\/"]}]}},"_links":{"self":[{"href":"https:\/\/repliquemangacine.fr\/en\/wp-json\/wp\/v2\/product\/92165","targetHints":{"allow":["GET"]}}],"collection":[{"href":"https:\/\/repliquemangacine.fr\/en\/wp-json\/wp\/v2\/product"}],"about":[{"href":"https:\/\/repliquemangacine.fr\/en\/wp-json\/wp\/v2\/types\/product"}],"wp:featuredmedia":[{"embeddable":true,"href":"https:\/\/repliquemangacine.fr\/en\/wp-json\/wp\/v2\/media\/92169"}],"wp:attachment":[{"href":"https:\/\/repliquemangacine.fr\/en\/wp-json\/wp\/v2\/media?parent=92165"}],"wp:term":[{"taxonomy":"product_brand","embeddable":true,"href":"https:\/\/repliquemangacine.fr\/en\/wp-json\/wp\/v2\/product_brand?post=92165"},{"taxonomy":"product_cat","embeddable":true,"href":"https:\/\/repliquemangacine.fr\/en\/wp-json\/wp\/v2\/product_cat?post=92165"},{"taxonomy":"product_tag","embeddable":true,"href":"https:\/\/repliquemangacine.fr\/en\/wp-json\/wp\/v2\/product_tag?post=92165"}],"curies":[{"name":"wp","href":"https:\/\/api.w.org\/{rel}","templated":true}]}}