





{"id":91195,"date":"2025-11-23T16:35:13","date_gmt":"2025-11-23T15:35:13","guid":{"rendered":"https:\/\/repliquemangacine.fr\/?post_type=product&#038;p=91195"},"modified":"2025-11-30T20:12:03","modified_gmt":"2025-11-30T19:12:03","slug":"sacred-relic-sword-elden-ring","status":"publish","type":"product","link":"https:\/\/repliquemangacine.fr\/en\/elden-ring\/epee-relique-sacree-elden-ring\/","title":{"rendered":"Sacred Relic Sword Elden Ring"},"content":{"rendered":"<h2>Sacred Relic Sword: A blade with a unique design<\/h2>\n<p>First, the\u2019<strong>Sacred Relic Sword,<\/strong> It is THE ultimate trophy of the Sans-\u00c9clat champion, a symbolic reward from the final boss of Elden Ring when you follow the \u201cAge of the Fracture\u201d ending.<\/p>\n<p>It should be noted that this <strong>Sacred Relic Sword<\/strong> features a distinctive silhouette that is instantly recognizable. A thin, clear, openwork blade forms a twisted structure. Its textured metal shifts from silver tones to golden hues, evoking a divine relic sealed in time. The guard features organic carved patterns reminiscent of the Elden Root and the influence of the Golden Beast. It comes with a wooden wall mount, allowing for a noble display worthy of a sacred weapon. This slender shape reinforces the celestial aspect of this weapon intended for those who have reached the highest ascension.<\/p>\n<h2>Symbol of the fate of the Sans-\u00c9clat<\/h2>\n<p>To begin with, in <a href=\"https:\/\/eldenring.fandom.com\/wiki\/Elden_Ring_Wiki\" target=\"_blank\" rel=\"noopener noreferrer\">Elden Ring<\/a>, The Sacred Relic Sword is the iconic weapon associated with the end of the \u201cAge of Ruin,\u201d embodying the restoration of the Golden Order. Linked to the sacred power of the Elden Beast, it unleashes devastating waves of light, punishing corrupted enemies and creatures of Chaos. Obtaining this weapon means defeating the most powerful entities in the Betweenlands and assuming the role of Lord Elden. In conclusion, it is not just a weapon, but a divine seal proving that the golden will has chosen you. On display, it tells the heroic rise of the Unshining.<\/p>\n<h2>A complete Elden Ring collection on R\u00e9plique Manga Cin\u00e9<\/h2>\n<p>This sword joins a prestigious selection of weapons from the Elden Ring universe offered by R\u00e9plique Manga Cin\u00e9. It includes the <a href=\"https:\/\/repliquemangacine.fr\/en\/elden-ring\/elden-ring-dragon-hunter-great-katana\/\">Great Dragon Hunter Katana<\/a>, red steel blade covered with mineral spikes. In addition, the <a href=\"https:\/\/repliquemangacine.fr\/en\/elden-ring\/elden-ring-blade\/\">Dagger Blade of Calling<\/a> pays tribute to assassins guided by Grace. Finally, the superb <a href=\"https:\/\/repliquemangacine.fr\/en\/elden-ring\/rellana-elden-ring-twin-blades\/\">set of two Rellana Twin Blades<\/a> offers an imperial and celestial design. Thanks to these varied replicas, every fan can build a collection worthy of the legendary Sans-\u00c9clat. Discover our entire range of weapons to complete your pantheon.<\/p>","protected":false},"excerpt":{"rendered":"<p>\u00c9p\u00e9e Relique Sacr\u00e9e:Une lame au design unique D&#8217;abord, l\u2019\u00c9p\u00e9e Relique Sacr\u00e9e, c\u2019est LE troph\u00e9e ultime du Sans-\u00c9clat champion, r\u00e9compense symbolique du boss final de Elden Ring quand on suit la fin \u201c\u00c2ge de la Fracture\u201d. Il faut souligner que cette \u00c9p\u00e9e Relique Sacr\u00e9e arbore la silhouette caract\u00e9ristique reconnaissable entre toutes. Une lame fine, claire et [&hellip;]<\/p>\n","protected":false},"featured_media":91197,"template":"","meta":[],"product_brand":[],"product_cat":[876,107],"product_tag":[],"class_list":{"0":"post-91195","1":"product","2":"type-product","3":"status-publish","4":"has-post-thumbnail","6":"product_cat-elden-ring","7":"product_cat-nouveautes","9":"first","10":"instock","11":"taxable","12":"shipping-taxable","13":"purchasable","14":"product-type-simple"},"yoast_head":"<!-- This site is optimized with the Yoast SEO plugin v27.4 - https:\/\/yoast.com\/product\/yoast-seo-wordpress\/ -->\n<title>\u00c9p\u00e9e Relique Sacr\u00e9e Elden Ring - R\u00e9plique Manga Cin\u00e9<\/title>\n<meta name=\"description\" content=\"\u00c9p\u00e9e Relique Sacr\u00e9e Elden Ring, lame dor\u00e9e ajour\u00e9e avec support mural. R\u00e9plique divine id\u00e9ale exposition et collection fantasy.\" \/>\n<meta name=\"robots\" content=\"index, follow, max-snippet:-1, max-image-preview:large, max-video-preview:-1\" \/>\n<link rel=\"canonical\" href=\"https:\/\/repliquemangacine.fr\/en\/elden-ring\/sacred-relic-sword-elden-ring\/\" \/>\n<meta property=\"og:locale\" content=\"en_US\" \/>\n<meta property=\"og:type\" content=\"article\" \/>\n<meta property=\"og:title\" content=\"\u00c9p\u00e9e Relique Sacr\u00e9e Elden Ring - R\u00e9plique Manga Cin\u00e9\" \/>\n<meta property=\"og:description\" content=\"\u00c9p\u00e9e Relique Sacr\u00e9e Elden Ring, lame dor\u00e9e ajour\u00e9e avec support mural. R\u00e9plique divine id\u00e9ale exposition et collection fantasy.\" \/>\n<meta property=\"og:url\" content=\"https:\/\/repliquemangacine.fr\/en\/elden-ring\/sacred-relic-sword-elden-ring\/\" \/>\n<meta property=\"og:site_name\" content=\"R\u00e9plique Manga Cin\u00e9\" \/>\n<meta property=\"article:publisher\" content=\"https:\/\/www.facebook.com\/RepliqueMangaCine\" \/>\n<meta property=\"article:modified_time\" content=\"2025-11-30T19:12:03+00:00\" \/>\n<meta property=\"og:image\" content=\"https:\/\/repliquemangacine.fr\/wp-content\/uploads\/2025\/11\/Epee-Relique-Sacree.jpg\" \/>\n\t<meta property=\"og:image:width\" content=\"700\" \/>\n\t<meta property=\"og:image:height\" content=\"700\" \/>\n\t<meta property=\"og:image:type\" content=\"image\/jpeg\" \/>\n<meta name=\"twitter:card\" content=\"summary_large_image\" \/>\n<meta name=\"twitter:label1\" content=\"Est. reading time\" \/>\n\t<meta name=\"twitter:data1\" content=\"2 minutes\" \/>\n<script type=\"application\/ld+json\" class=\"yoast-schema-graph\">{\"@context\":\"https:\\\/\\\/schema.org\",\"@graph\":[{\"@type\":\"WebPage\",\"@id\":\"https:\\\/\\\/repliquemangacine.fr\\\/elden-ring\\\/epee-relique-sacree-elden-ring\\\/\",\"url\":\"https:\\\/\\\/repliquemangacine.fr\\\/elden-ring\\\/epee-relique-sacree-elden-ring\\\/\",\"name\":\"\u00c9p\u00e9e Relique Sacr\u00e9e Elden Ring - R\u00e9plique Manga Cin\u00e9\",\"isPartOf\":{\"@id\":\"https:\\\/\\\/repliquemangacine.fr\\\/#website\"},\"primaryImageOfPage\":{\"@id\":\"https:\\\/\\\/repliquemangacine.fr\\\/elden-ring\\\/epee-relique-sacree-elden-ring\\\/#primaryimage\"},\"image\":{\"@id\":\"https:\\\/\\\/repliquemangacine.fr\\\/elden-ring\\\/epee-relique-sacree-elden-ring\\\/#primaryimage\"},\"thumbnailUrl\":\"https:\\\/\\\/repliquemangacine.fr\\\/wp-content\\\/uploads\\\/2025\\\/11\\\/Epee-Relique-Sacree.jpg\",\"datePublished\":\"2025-11-23T15:35:13+00:00\",\"dateModified\":\"2025-11-30T19:12:03+00:00\",\"description\":\"\u00c9p\u00e9e Relique Sacr\u00e9e Elden Ring, lame dor\u00e9e ajour\u00e9e avec support mural. R\u00e9plique divine id\u00e9ale exposition et collection fantasy.\",\"breadcrumb\":{\"@id\":\"https:\\\/\\\/repliquemangacine.fr\\\/elden-ring\\\/epee-relique-sacree-elden-ring\\\/#breadcrumb\"},\"inLanguage\":\"en-US\",\"potentialAction\":[{\"@type\":\"ReadAction\",\"target\":[\"https:\\\/\\\/repliquemangacine.fr\\\/elden-ring\\\/epee-relique-sacree-elden-ring\\\/\"]}]},{\"@type\":\"ImageObject\",\"inLanguage\":\"en-US\",\"@id\":\"https:\\\/\\\/repliquemangacine.fr\\\/elden-ring\\\/epee-relique-sacree-elden-ring\\\/#primaryimage\",\"url\":\"https:\\\/\\\/repliquemangacine.fr\\\/wp-content\\\/uploads\\\/2025\\\/11\\\/Epee-Relique-Sacree.jpg\",\"contentUrl\":\"https:\\\/\\\/repliquemangacine.fr\\\/wp-content\\\/uploads\\\/2025\\\/11\\\/Epee-Relique-Sacree.jpg\",\"width\":700,\"height\":700,\"caption\":\"\u00c9p\u00e9e Relique Sacr\u00e9e dans Elden Ring\"},{\"@type\":\"BreadcrumbList\",\"@id\":\"https:\\\/\\\/repliquemangacine.fr\\\/elden-ring\\\/epee-relique-sacree-elden-ring\\\/#breadcrumb\",\"itemListElement\":[{\"@type\":\"ListItem\",\"position\":1,\"name\":\"Accueil\",\"item\":\"https:\\\/\\\/repliquemangacine.fr\\\/\"},{\"@type\":\"ListItem\",\"position\":2,\"name\":\"Produits\",\"item\":\"https:\\\/\\\/repliquemangacine.fr\\\/boutique\\\/\"},{\"@type\":\"ListItem\",\"position\":3,\"name\":\"\u00c9p\u00e9e Relique Sacr\u00e9e Elden Ring\"}]},{\"@type\":\"WebSite\",\"@id\":\"https:\\\/\\\/repliquemangacine.fr\\\/#website\",\"url\":\"https:\\\/\\\/repliquemangacine.fr\\\/\",\"name\":\"R\u00e9plique Manga Cin\u00e9\",\"description\":\"\",\"publisher\":{\"@id\":\"https:\\\/\\\/repliquemangacine.fr\\\/#organization\"},\"potentialAction\":[{\"@type\":\"SearchAction\",\"target\":{\"@type\":\"EntryPoint\",\"urlTemplate\":\"https:\\\/\\\/repliquemangacine.fr\\\/?s={search_term_string}\"},\"query-input\":{\"@type\":\"PropertyValueSpecification\",\"valueRequired\":true,\"valueName\":\"search_term_string\"}}],\"inLanguage\":\"en-US\"},{\"@type\":\"Organization\",\"@id\":\"https:\\\/\\\/repliquemangacine.fr\\\/#organization\",\"name\":\"R\u00e9plique Manga Cin\u00e9\",\"url\":\"https:\\\/\\\/repliquemangacine.fr\\\/\",\"logo\":{\"@type\":\"ImageObject\",\"inLanguage\":\"en-US\",\"@id\":\"https:\\\/\\\/repliquemangacine.fr\\\/#\\\/schema\\\/logo\\\/image\\\/\",\"url\":\"https:\\\/\\\/repliquemangacine.fr\\\/wp-content\\\/uploads\\\/2023\\\/10\\\/RMC-500250.png\",\"contentUrl\":\"https:\\\/\\\/repliquemangacine.fr\\\/wp-content\\\/uploads\\\/2023\\\/10\\\/RMC-500250.png\",\"width\":500,\"height\":250,\"caption\":\"R\u00e9plique Manga Cin\u00e9\"},\"image\":{\"@id\":\"https:\\\/\\\/repliquemangacine.fr\\\/#\\\/schema\\\/logo\\\/image\\\/\"},\"sameAs\":[\"https:\\\/\\\/www.facebook.com\\\/RepliqueMangaCine\",\"https:\\\/\\\/www.instagram.com\\\/repliquemangacine.fr\\\/\"]}]}<\/script>\n<!-- \/ Yoast SEO plugin. -->","yoast_head_json":{"title":"Elden Ring Sacred Relic Sword - R\u00e9plique Manga Cin\u00e9","description":"Elden Ring Sacred Relic Sword, golden openwork blade with wall mount. Divine replica ideal for display and fantasy collections.","robots":{"index":"index","follow":"follow","max-snippet":"max-snippet:-1","max-image-preview":"max-image-preview:large","max-video-preview":"max-video-preview:-1"},"canonical":"https:\/\/repliquemangacine.fr\/en\/elden-ring\/sacred-relic-sword-elden-ring\/","og_locale":"en_US","og_type":"article","og_title":"\u00c9p\u00e9e Relique Sacr\u00e9e Elden Ring - R\u00e9plique Manga Cin\u00e9","og_description":"\u00c9p\u00e9e Relique Sacr\u00e9e Elden Ring, lame dor\u00e9e ajour\u00e9e avec support mural. R\u00e9plique divine id\u00e9ale exposition et collection fantasy.","og_url":"https:\/\/repliquemangacine.fr\/en\/elden-ring\/sacred-relic-sword-elden-ring\/","og_site_name":"R\u00e9plique Manga Cin\u00e9","article_publisher":"https:\/\/www.facebook.com\/RepliqueMangaCine","article_modified_time":"2025-11-30T19:12:03+00:00","og_image":[{"width":700,"height":700,"url":"https:\/\/repliquemangacine.fr\/wp-content\/uploads\/2025\/11\/Epee-Relique-Sacree.jpg","type":"image\/jpeg"}],"twitter_card":"summary_large_image","twitter_misc":{"Est. reading time":"2 minutes"},"schema":{"@context":"https:\/\/schema.org","@graph":[{"@type":"WebPage","@id":"https:\/\/repliquemangacine.fr\/elden-ring\/epee-relique-sacree-elden-ring\/","url":"https:\/\/repliquemangacine.fr\/elden-ring\/epee-relique-sacree-elden-ring\/","name":"Elden Ring Sacred Relic Sword - R\u00e9plique Manga Cin\u00e9","isPartOf":{"@id":"https:\/\/repliquemangacine.fr\/#website"},"primaryImageOfPage":{"@id":"https:\/\/repliquemangacine.fr\/elden-ring\/epee-relique-sacree-elden-ring\/#primaryimage"},"image":{"@id":"https:\/\/repliquemangacine.fr\/elden-ring\/epee-relique-sacree-elden-ring\/#primaryimage"},"thumbnailUrl":"https:\/\/repliquemangacine.fr\/wp-content\/uploads\/2025\/11\/Epee-Relique-Sacree.jpg","datePublished":"2025-11-23T15:35:13+00:00","dateModified":"2025-11-30T19:12:03+00:00","description":"Elden Ring Sacred Relic Sword, golden openwork blade with wall mount. Divine replica ideal for display and fantasy collections.","breadcrumb":{"@id":"https:\/\/repliquemangacine.fr\/elden-ring\/epee-relique-sacree-elden-ring\/#breadcrumb"},"inLanguage":"en-US","potentialAction":[{"@type":"ReadAction","target":["https:\/\/repliquemangacine.fr\/elden-ring\/epee-relique-sacree-elden-ring\/"]}]},{"@type":"ImageObject","inLanguage":"en-US","@id":"https:\/\/repliquemangacine.fr\/elden-ring\/epee-relique-sacree-elden-ring\/#primaryimage","url":"https:\/\/repliquemangacine.fr\/wp-content\/uploads\/2025\/11\/Epee-Relique-Sacree.jpg","contentUrl":"https:\/\/repliquemangacine.fr\/wp-content\/uploads\/2025\/11\/Epee-Relique-Sacree.jpg","width":700,"height":700,"caption":"\u00c9p\u00e9e Relique Sacr\u00e9e dans Elden Ring"},{"@type":"BreadcrumbList","@id":"https:\/\/repliquemangacine.fr\/elden-ring\/epee-relique-sacree-elden-ring\/#breadcrumb","itemListElement":[{"@type":"ListItem","position":1,"name":"Accueil","item":"https:\/\/repliquemangacine.fr\/"},{"@type":"ListItem","position":2,"name":"Produits","item":"https:\/\/repliquemangacine.fr\/boutique\/"},{"@type":"ListItem","position":3,"name":"\u00c9p\u00e9e Relique Sacr\u00e9e Elden Ring"}]},{"@type":"WebSite","@id":"https:\/\/repliquemangacine.fr\/#website","url":"https:\/\/repliquemangacine.fr\/","name":"R\u00e9plique Manga Cin\u00e9","description":"","publisher":{"@id":"https:\/\/repliquemangacine.fr\/#organization"},"potentialAction":[{"@type":"SearchAction","target":{"@type":"EntryPoint","urlTemplate":"https:\/\/repliquemangacine.fr\/?s={search_term_string}"},"query-input":{"@type":"PropertyValueSpecification","valueRequired":true,"valueName":"search_term_string"}}],"inLanguage":"en-US"},{"@type":"Organization","@id":"https:\/\/repliquemangacine.fr\/#organization","name":"R\u00e9plique Manga Cin\u00e9","url":"https:\/\/repliquemangacine.fr\/","logo":{"@type":"ImageObject","inLanguage":"en-US","@id":"https:\/\/repliquemangacine.fr\/#\/schema\/logo\/image\/","url":"https:\/\/repliquemangacine.fr\/wp-content\/uploads\/2023\/10\/RMC-500250.png","contentUrl":"https:\/\/repliquemangacine.fr\/wp-content\/uploads\/2023\/10\/RMC-500250.png","width":500,"height":250,"caption":"R\u00e9plique Manga Cin\u00e9"},"image":{"@id":"https:\/\/repliquemangacine.fr\/#\/schema\/logo\/image\/"},"sameAs":["https:\/\/www.facebook.com\/RepliqueMangaCine","https:\/\/www.instagram.com\/repliquemangacine.fr\/"]}]}},"_links":{"self":[{"href":"https:\/\/repliquemangacine.fr\/en\/wp-json\/wp\/v2\/product\/91195","targetHints":{"allow":["GET"]}}],"collection":[{"href":"https:\/\/repliquemangacine.fr\/en\/wp-json\/wp\/v2\/product"}],"about":[{"href":"https:\/\/repliquemangacine.fr\/en\/wp-json\/wp\/v2\/types\/product"}],"wp:featuredmedia":[{"embeddable":true,"href":"https:\/\/repliquemangacine.fr\/en\/wp-json\/wp\/v2\/media\/91197"}],"wp:attachment":[{"href":"https:\/\/repliquemangacine.fr\/en\/wp-json\/wp\/v2\/media?parent=91195"}],"wp:term":[{"taxonomy":"product_brand","embeddable":true,"href":"https:\/\/repliquemangacine.fr\/en\/wp-json\/wp\/v2\/product_brand?post=91195"},{"taxonomy":"product_cat","embeddable":true,"href":"https:\/\/repliquemangacine.fr\/en\/wp-json\/wp\/v2\/product_cat?post=91195"},{"taxonomy":"product_tag","embeddable":true,"href":"https:\/\/repliquemangacine.fr\/en\/wp-json\/wp\/v2\/product_tag?post=91195"}],"curies":[{"name":"wp","href":"https:\/\/api.w.org\/{rel}","templated":true}]}}