





{"id":91103,"date":"2025-11-22T16:43:30","date_gmt":"2025-11-22T15:43:30","guid":{"rendered":"https:\/\/repliquemangacine.fr\/?post_type=product&#038;p=91103"},"modified":"2025-11-30T20:10:43","modified_gmt":"2025-11-30T19:10:43","slug":"454-casull-alucard-hellsing-pistol","status":"publish","type":"product","link":"https:\/\/repliquemangacine.fr\/en\/katana-et-epee-de-manga-anime-autre-manga\/pistolet-454-casull-alucard-hellsing\/","title":{"rendered":"454 Casull Alucard pistol - Hellsing"},"content":{"rendered":"<h2>A formidable replica of Alucard's .454 Casull pistol<\/h2>\n<p>First, this <strong>.454 Casull pistol, <\/strong>Resin replica inspired by the legendary weapon used in the Hellsing manga. Entirely molded in solid resin, it features a silver metal finish with iconic engravings. The handle imitates varnished wood for a premium look worthy of the most serious collections. Measuring 34.5 cm and weighing 790 g, it offers realistic proportions suitable for display or cosplay. Delivered with its wooden display stand, it stands proudly as a sacred weapon of the modern exorcist. In the Hellsing universe, this pistol fires anti-monster bullets capable of annihilating ghouls and vampires. Thus, it becomes a symbol of authority and terror in the face of creatures of the night.<\/p>\n<h2>Alucard, the Hellsing Organization's ultimate weapon<\/h2>\n<p>To get started, <a href=\"https:\/\/hellsing.fandom.com\/wiki\/Alucard#Weapons\" target=\"_blank\" rel=\"noopener noreferrer\">Alucard<\/a> is one of the most powerful and mysterious characters in the manga. An immortal vampire thirsty for battle, he loyally serves the Hellsing Organization, which fights against occult forces. His fighting style combines unapologetic sadism, macabre elegance, and overwhelming power. The 454 Casull is the first weapon he uses before moving on to the most destructive anti-demon arsenal. With this weapon, he eliminates his enemies with ruthless precision while revealing his monstrous nature. This replica pays tribute to a unique vampire figure, emblematic of dark and stylized manga.<\/p>\n<h2>A dark and heroic pop culture collection<\/h2>\n<p>This weapon joins a diverse selection inspired by cult universes available on R\u00e9plique Manga Cin\u00e9. For example, the resin replica of the <a href=\"https:\/\/repliquemangacine.fr\/en\/replica-weapons-films-and-series\/blaster-pistol-dl-44-han-solo-star-wars\/\">DL-44 Blaster Pistol<\/a> Han Solo \u2013 Star Wars brings a galactic touch to your window display. We also offer the\u2019<a href=\"https:\/\/repliquemangacine.fr\/en\/replica-weapons-films-and-series\/sword-alita-battle-angel-damascus-blade\/\">Alita Battle Angel Damascus Blade Sword<\/a> for fans of bloody cyberpunk. Finally, the replica of the\u2019<a href=\"https:\/\/repliquemangacine.fr\/en\/films-tv-series-sale-of-katana-sword-and-related-products\/doptimus-prime-judgment-sword\/\">Sword of Judgment of Optimus Prime<\/a> in Transformers completes a collection focused on titanic heroes. With these pieces, you can build a unique set combining science fiction, manga, and fantasy. Discover our entire range to enrich your collection.<\/p>","protected":false},"excerpt":{"rendered":"<p>Arm your collection with Alucard's 454 Casull, a disturbing and elegant replica inspired by the manga Hellsing.<\/p>\n<ul>\n<li>Pistol made entirely of molded resin.<\/li>\n<li>High quality<\/li>\n<li>Non-functional, for collection or cosplay purposes only<\/li>\n<li>Comes with wooden display stand<\/li>\n<li>Length: 34.5 cm \u2013 Weight: 790 g<\/li>\n<\/ul>","protected":false},"featured_media":91107,"template":"","meta":[],"product_brand":[],"product_cat":[65,23,107],"product_tag":[],"class_list":{"0":"post-91103","1":"product","2":"type-product","3":"status-publish","4":"has-post-thumbnail","6":"product_cat-katana-et-epee-de-manga-anime-autre-manga","7":"product_cat-repliques-manga-jeux-video","8":"product_cat-nouveautes","10":"first","11":"instock","12":"taxable","13":"shipping-taxable","14":"purchasable","15":"product-type-simple"},"yoast_head":"<!-- This site is optimized with the Yoast SEO plugin v27.4 - https:\/\/yoast.com\/product\/yoast-seo-wordpress\/ -->\n<title>Pistolet 454 Casull Alucard - Hellsing - R\u00e9plique Manga Cin\u00e9<\/title>\n<meta name=\"description\" content=\"Pistolet 454 Casull Hellsing en r\u00e9sine, 34,5 cm, 790 g, avec support bois. R\u00e9plique d\u00e9corative id\u00e9ale cosplay et collection manga dark.\" \/>\n<meta name=\"robots\" content=\"index, follow, max-snippet:-1, max-image-preview:large, max-video-preview:-1\" \/>\n<link rel=\"canonical\" href=\"https:\/\/repliquemangacine.fr\/en\/katana-and-sword-from-anime-other-manga\/454-casull-alucard-hellsing-pistol\/\" \/>\n<meta property=\"og:locale\" content=\"en_US\" \/>\n<meta property=\"og:type\" content=\"article\" \/>\n<meta property=\"og:title\" content=\"Pistolet 454 Casull Alucard - Hellsing - R\u00e9plique Manga Cin\u00e9\" \/>\n<meta property=\"og:description\" content=\"Pistolet 454 Casull Hellsing en r\u00e9sine, 34,5 cm, 790 g, avec support bois. R\u00e9plique d\u00e9corative id\u00e9ale cosplay et collection manga dark.\" \/>\n<meta property=\"og:url\" content=\"https:\/\/repliquemangacine.fr\/en\/katana-and-sword-from-anime-other-manga\/454-casull-alucard-hellsing-pistol\/\" \/>\n<meta property=\"og:site_name\" content=\"R\u00e9plique Manga Cin\u00e9\" \/>\n<meta property=\"article:publisher\" content=\"https:\/\/www.facebook.com\/RepliqueMangaCine\" \/>\n<meta property=\"article:modified_time\" content=\"2025-11-30T19:10:43+00:00\" \/>\n<meta property=\"og:image\" content=\"https:\/\/repliquemangacine.fr\/wp-content\/uploads\/2025\/11\/Pistolet-454-Casull-Hellsing-sur-son-support.jpg\" \/>\n\t<meta property=\"og:image:width\" content=\"700\" \/>\n\t<meta property=\"og:image:height\" content=\"700\" \/>\n\t<meta property=\"og:image:type\" content=\"image\/jpeg\" \/>\n<meta name=\"twitter:card\" content=\"summary_large_image\" \/>\n<meta name=\"twitter:label1\" content=\"Est. reading time\" \/>\n\t<meta name=\"twitter:data1\" content=\"2 minutes\" \/>\n<script type=\"application\/ld+json\" class=\"yoast-schema-graph\">{\"@context\":\"https:\\\/\\\/schema.org\",\"@graph\":[{\"@type\":\"WebPage\",\"@id\":\"https:\\\/\\\/repliquemangacine.fr\\\/katana-et-epee-de-manga-anime-autre-manga\\\/pistolet-454-casull-alucard-hellsing\\\/\",\"url\":\"https:\\\/\\\/repliquemangacine.fr\\\/katana-et-epee-de-manga-anime-autre-manga\\\/pistolet-454-casull-alucard-hellsing\\\/\",\"name\":\"Pistolet 454 Casull Alucard - Hellsing - R\u00e9plique Manga Cin\u00e9\",\"isPartOf\":{\"@id\":\"https:\\\/\\\/repliquemangacine.fr\\\/#website\"},\"primaryImageOfPage\":{\"@id\":\"https:\\\/\\\/repliquemangacine.fr\\\/katana-et-epee-de-manga-anime-autre-manga\\\/pistolet-454-casull-alucard-hellsing\\\/#primaryimage\"},\"image\":{\"@id\":\"https:\\\/\\\/repliquemangacine.fr\\\/katana-et-epee-de-manga-anime-autre-manga\\\/pistolet-454-casull-alucard-hellsing\\\/#primaryimage\"},\"thumbnailUrl\":\"https:\\\/\\\/repliquemangacine.fr\\\/wp-content\\\/uploads\\\/2025\\\/11\\\/Pistolet-454-Casull-Hellsing-sur-son-support.jpg\",\"datePublished\":\"2025-11-22T15:43:30+00:00\",\"dateModified\":\"2025-11-30T19:10:43+00:00\",\"description\":\"Pistolet 454 Casull Hellsing en r\u00e9sine, 34,5 cm, 790 g, avec support bois. R\u00e9plique d\u00e9corative id\u00e9ale cosplay et collection manga dark.\",\"breadcrumb\":{\"@id\":\"https:\\\/\\\/repliquemangacine.fr\\\/katana-et-epee-de-manga-anime-autre-manga\\\/pistolet-454-casull-alucard-hellsing\\\/#breadcrumb\"},\"inLanguage\":\"en-US\",\"potentialAction\":[{\"@type\":\"ReadAction\",\"target\":[\"https:\\\/\\\/repliquemangacine.fr\\\/katana-et-epee-de-manga-anime-autre-manga\\\/pistolet-454-casull-alucard-hellsing\\\/\"]}]},{\"@type\":\"ImageObject\",\"inLanguage\":\"en-US\",\"@id\":\"https:\\\/\\\/repliquemangacine.fr\\\/katana-et-epee-de-manga-anime-autre-manga\\\/pistolet-454-casull-alucard-hellsing\\\/#primaryimage\",\"url\":\"https:\\\/\\\/repliquemangacine.fr\\\/wp-content\\\/uploads\\\/2025\\\/11\\\/Pistolet-454-Casull-Hellsing-sur-son-support.jpg\",\"contentUrl\":\"https:\\\/\\\/repliquemangacine.fr\\\/wp-content\\\/uploads\\\/2025\\\/11\\\/Pistolet-454-Casull-Hellsing-sur-son-support.jpg\",\"width\":700,\"height\":700,\"caption\":\"Pistolet 454 Casull - Alucard - Hellsing\"},{\"@type\":\"BreadcrumbList\",\"@id\":\"https:\\\/\\\/repliquemangacine.fr\\\/katana-et-epee-de-manga-anime-autre-manga\\\/pistolet-454-casull-alucard-hellsing\\\/#breadcrumb\",\"itemListElement\":[{\"@type\":\"ListItem\",\"position\":1,\"name\":\"Accueil\",\"item\":\"https:\\\/\\\/repliquemangacine.fr\\\/\"},{\"@type\":\"ListItem\",\"position\":2,\"name\":\"Produits\",\"item\":\"https:\\\/\\\/repliquemangacine.fr\\\/boutique\\\/\"},{\"@type\":\"ListItem\",\"position\":3,\"name\":\"Pistolet 454 Casull Alucard &#8211; Hellsing\"}]},{\"@type\":\"WebSite\",\"@id\":\"https:\\\/\\\/repliquemangacine.fr\\\/#website\",\"url\":\"https:\\\/\\\/repliquemangacine.fr\\\/\",\"name\":\"R\u00e9plique Manga Cin\u00e9\",\"description\":\"\",\"publisher\":{\"@id\":\"https:\\\/\\\/repliquemangacine.fr\\\/#organization\"},\"potentialAction\":[{\"@type\":\"SearchAction\",\"target\":{\"@type\":\"EntryPoint\",\"urlTemplate\":\"https:\\\/\\\/repliquemangacine.fr\\\/?s={search_term_string}\"},\"query-input\":{\"@type\":\"PropertyValueSpecification\",\"valueRequired\":true,\"valueName\":\"search_term_string\"}}],\"inLanguage\":\"en-US\"},{\"@type\":\"Organization\",\"@id\":\"https:\\\/\\\/repliquemangacine.fr\\\/#organization\",\"name\":\"R\u00e9plique Manga Cin\u00e9\",\"url\":\"https:\\\/\\\/repliquemangacine.fr\\\/\",\"logo\":{\"@type\":\"ImageObject\",\"inLanguage\":\"en-US\",\"@id\":\"https:\\\/\\\/repliquemangacine.fr\\\/#\\\/schema\\\/logo\\\/image\\\/\",\"url\":\"https:\\\/\\\/repliquemangacine.fr\\\/wp-content\\\/uploads\\\/2023\\\/10\\\/RMC-500250.png\",\"contentUrl\":\"https:\\\/\\\/repliquemangacine.fr\\\/wp-content\\\/uploads\\\/2023\\\/10\\\/RMC-500250.png\",\"width\":500,\"height\":250,\"caption\":\"R\u00e9plique Manga Cin\u00e9\"},\"image\":{\"@id\":\"https:\\\/\\\/repliquemangacine.fr\\\/#\\\/schema\\\/logo\\\/image\\\/\"},\"sameAs\":[\"https:\\\/\\\/www.facebook.com\\\/RepliqueMangaCine\",\"https:\\\/\\\/www.instagram.com\\\/repliquemangacine.fr\\\/\"]}]}<\/script>\n<!-- \/ Yoast SEO plugin. -->","yoast_head_json":{"title":"454 Casull Alucard Pistol - Hellsing - R\u00e9plique Manga Cin\u00e9","description":"Hellsing 454 Casull resin pistol, 34.5 cm, 790 g, with wooden stand. Decorative replica ideal for cosplay and dark manga collections.","robots":{"index":"index","follow":"follow","max-snippet":"max-snippet:-1","max-image-preview":"max-image-preview:large","max-video-preview":"max-video-preview:-1"},"canonical":"https:\/\/repliquemangacine.fr\/en\/katana-and-sword-from-anime-other-manga\/454-casull-alucard-hellsing-pistol\/","og_locale":"en_US","og_type":"article","og_title":"Pistolet 454 Casull Alucard - Hellsing - R\u00e9plique Manga Cin\u00e9","og_description":"Pistolet 454 Casull Hellsing en r\u00e9sine, 34,5 cm, 790 g, avec support bois. R\u00e9plique d\u00e9corative id\u00e9ale cosplay et collection manga dark.","og_url":"https:\/\/repliquemangacine.fr\/en\/katana-and-sword-from-anime-other-manga\/454-casull-alucard-hellsing-pistol\/","og_site_name":"R\u00e9plique Manga Cin\u00e9","article_publisher":"https:\/\/www.facebook.com\/RepliqueMangaCine","article_modified_time":"2025-11-30T19:10:43+00:00","og_image":[{"width":700,"height":700,"url":"https:\/\/repliquemangacine.fr\/wp-content\/uploads\/2025\/11\/Pistolet-454-Casull-Hellsing-sur-son-support.jpg","type":"image\/jpeg"}],"twitter_card":"summary_large_image","twitter_misc":{"Est. reading time":"2 minutes"},"schema":{"@context":"https:\/\/schema.org","@graph":[{"@type":"WebPage","@id":"https:\/\/repliquemangacine.fr\/katana-et-epee-de-manga-anime-autre-manga\/pistolet-454-casull-alucard-hellsing\/","url":"https:\/\/repliquemangacine.fr\/katana-et-epee-de-manga-anime-autre-manga\/pistolet-454-casull-alucard-hellsing\/","name":"454 Casull Alucard Pistol - Hellsing - R\u00e9plique Manga Cin\u00e9","isPartOf":{"@id":"https:\/\/repliquemangacine.fr\/#website"},"primaryImageOfPage":{"@id":"https:\/\/repliquemangacine.fr\/katana-et-epee-de-manga-anime-autre-manga\/pistolet-454-casull-alucard-hellsing\/#primaryimage"},"image":{"@id":"https:\/\/repliquemangacine.fr\/katana-et-epee-de-manga-anime-autre-manga\/pistolet-454-casull-alucard-hellsing\/#primaryimage"},"thumbnailUrl":"https:\/\/repliquemangacine.fr\/wp-content\/uploads\/2025\/11\/Pistolet-454-Casull-Hellsing-sur-son-support.jpg","datePublished":"2025-11-22T15:43:30+00:00","dateModified":"2025-11-30T19:10:43+00:00","description":"Hellsing 454 Casull resin pistol, 34.5 cm, 790 g, with wooden stand. Decorative replica ideal for cosplay and dark manga collections.","breadcrumb":{"@id":"https:\/\/repliquemangacine.fr\/katana-et-epee-de-manga-anime-autre-manga\/pistolet-454-casull-alucard-hellsing\/#breadcrumb"},"inLanguage":"en-US","potentialAction":[{"@type":"ReadAction","target":["https:\/\/repliquemangacine.fr\/katana-et-epee-de-manga-anime-autre-manga\/pistolet-454-casull-alucard-hellsing\/"]}]},{"@type":"ImageObject","inLanguage":"en-US","@id":"https:\/\/repliquemangacine.fr\/katana-et-epee-de-manga-anime-autre-manga\/pistolet-454-casull-alucard-hellsing\/#primaryimage","url":"https:\/\/repliquemangacine.fr\/wp-content\/uploads\/2025\/11\/Pistolet-454-Casull-Hellsing-sur-son-support.jpg","contentUrl":"https:\/\/repliquemangacine.fr\/wp-content\/uploads\/2025\/11\/Pistolet-454-Casull-Hellsing-sur-son-support.jpg","width":700,"height":700,"caption":"Pistolet 454 Casull - Alucard - Hellsing"},{"@type":"BreadcrumbList","@id":"https:\/\/repliquemangacine.fr\/katana-et-epee-de-manga-anime-autre-manga\/pistolet-454-casull-alucard-hellsing\/#breadcrumb","itemListElement":[{"@type":"ListItem","position":1,"name":"Accueil","item":"https:\/\/repliquemangacine.fr\/"},{"@type":"ListItem","position":2,"name":"Produits","item":"https:\/\/repliquemangacine.fr\/boutique\/"},{"@type":"ListItem","position":3,"name":"Pistolet 454 Casull Alucard &#8211; Hellsing"}]},{"@type":"WebSite","@id":"https:\/\/repliquemangacine.fr\/#website","url":"https:\/\/repliquemangacine.fr\/","name":"R\u00e9plique Manga Cin\u00e9","description":"","publisher":{"@id":"https:\/\/repliquemangacine.fr\/#organization"},"potentialAction":[{"@type":"SearchAction","target":{"@type":"EntryPoint","urlTemplate":"https:\/\/repliquemangacine.fr\/?s={search_term_string}"},"query-input":{"@type":"PropertyValueSpecification","valueRequired":true,"valueName":"search_term_string"}}],"inLanguage":"en-US"},{"@type":"Organization","@id":"https:\/\/repliquemangacine.fr\/#organization","name":"R\u00e9plique Manga Cin\u00e9","url":"https:\/\/repliquemangacine.fr\/","logo":{"@type":"ImageObject","inLanguage":"en-US","@id":"https:\/\/repliquemangacine.fr\/#\/schema\/logo\/image\/","url":"https:\/\/repliquemangacine.fr\/wp-content\/uploads\/2023\/10\/RMC-500250.png","contentUrl":"https:\/\/repliquemangacine.fr\/wp-content\/uploads\/2023\/10\/RMC-500250.png","width":500,"height":250,"caption":"R\u00e9plique Manga Cin\u00e9"},"image":{"@id":"https:\/\/repliquemangacine.fr\/#\/schema\/logo\/image\/"},"sameAs":["https:\/\/www.facebook.com\/RepliqueMangaCine","https:\/\/www.instagram.com\/repliquemangacine.fr\/"]}]}},"_links":{"self":[{"href":"https:\/\/repliquemangacine.fr\/en\/wp-json\/wp\/v2\/product\/91103","targetHints":{"allow":["GET"]}}],"collection":[{"href":"https:\/\/repliquemangacine.fr\/en\/wp-json\/wp\/v2\/product"}],"about":[{"href":"https:\/\/repliquemangacine.fr\/en\/wp-json\/wp\/v2\/types\/product"}],"wp:featuredmedia":[{"embeddable":true,"href":"https:\/\/repliquemangacine.fr\/en\/wp-json\/wp\/v2\/media\/91107"}],"wp:attachment":[{"href":"https:\/\/repliquemangacine.fr\/en\/wp-json\/wp\/v2\/media?parent=91103"}],"wp:term":[{"taxonomy":"product_brand","embeddable":true,"href":"https:\/\/repliquemangacine.fr\/en\/wp-json\/wp\/v2\/product_brand?post=91103"},{"taxonomy":"product_cat","embeddable":true,"href":"https:\/\/repliquemangacine.fr\/en\/wp-json\/wp\/v2\/product_cat?post=91103"},{"taxonomy":"product_tag","embeddable":true,"href":"https:\/\/repliquemangacine.fr\/en\/wp-json\/wp\/v2\/product_tag?post=91103"}],"curies":[{"name":"wp","href":"https:\/\/api.w.org\/{rel}","templated":true}]}}