





{"id":90994,"date":"2025-11-20T15:40:04","date_gmt":"2025-11-20T14:40:04","guid":{"rendered":"https:\/\/repliquemangacine.fr\/?post_type=product&#038;p=90994"},"modified":"2026-03-31T10:04:55","modified_gmt":"2026-03-31T08:04:55","slug":"gimli-double-bladed-axe","status":"publish","type":"product","link":"https:\/\/repliquemangacine.fr\/en\/epees-seigneur-des-anneaux\/hache-double-lame-gimli\/","title":{"rendered":"Gimli double-bladed axe"},"content":{"rendered":"<h2>A Gimli double-bladed axe for the heroes of Middle-earth<\/h2>\n<p>First of all, this replica of the <strong>Gimli double-bladed axe<\/strong> faithfully reproduces the aesthetics of the weapon seen in The Lord of the Rings. The head is composed of two finely-worked metal blades with dwarf-inspired gold motifs. The brown handle, reinforced by a non-slip texture, guarantees a firm grip. With its well-balanced dimensions, the piece boasts a total length of 880 mm for a 280 mm blade. Its imposing weight of 4400 g reinforces the weapon's authentic, solid appearance. Supplied with a wall bracket, it becomes a prestigious decorative piece. This axe symbolizes the warrior power of the Dwarf people and their mastery of close combat throughout the trilogy.<\/p>\n<h2>Gimli, dwarf warrior of inexhaustible courage<\/h2>\n<p>Gimli embodies bravery and loyalty, blending brute strength with biting humor. This <strong>Gimli double-bladed axe<\/strong>, The sword, wielded in battle, accompanies his heroic charges and unyielding temperament. His friendship with Legolas remains one of the strongest symbols of the union between free peoples. Each of their exploits reinforces the mutual respect born of war. What's more, his alliance with <a href=\"https:\/\/lotr.fandom.com\/fr\/wiki\/Aragorn\" target=\"_blank\" rel=\"noopener noreferrer\">Aragorn<\/a> proves his loyalty to the kings of Gondor. Moreover, this weapon underlines his Dwarven pride, ancestral heritage and place within the Fellowship. To own this replica is to celebrate one of Tolkien's greatest warriors.<\/p>\n<h2>An epic collection for Lord of the Rings fans<\/h2>\n<p>This axe can join a prestigious selection available on R\u00e9plique Manga Cin\u00e9. These include the superb replica of the\u2019<a href=\"https:\/\/repliquemangacine.fr\/en\/lord-of-the-rings-swords\/eowyns-sword-lord-of-the-rings\/\">\u00c9owyn's sword<\/a> pays tribute to the bravery of the Rohirrim. The replica of the\u2019<a href=\"https:\/\/repliquemangacine.fr\/en\/lord-of-the-rings-swords\/lord-of-the-rings-nazgul-sword-black-knights-sword\/\">Nazg\u00fbl sword<\/a>, a dark weapon carried by the Black Riders. Finally, the magnificent <a href=\"https:\/\/repliquemangacine.fr\/en\/lord-of-the-rings-swords\/glamdring-scabbard-gandalf-lotr-sword\/\">Glamdring sword<\/a> blue version recalls the splendor of Gandalf's weapon. With these replicas, you can build a complete collection dedicated to the mythical battles of Middle-earth. In conclusion, discover all our Tolkien-inspired weapons to enrich your pantheon of heroes.<\/p>","protected":false},"excerpt":{"rendered":"<p>Dominate Middle-earth with Gimli's double-bladed axe, a massive, authentic replica worthy of a dwarf warrior.<\/p>\n<ul>\n<li>Double-bladed head in non-cutting steel<\/li>\n<li>Metal plate connecting the two brass blades with engravings.<\/li>\n<li>Brown fiber-covered metal handle<\/li>\n<li>Supplied with wooden presentation stand<\/li>\n<li>Double head dimensions: 28cm - Total length: 88 cm<\/li>\n<li>Weight: 4400 g<\/li>\n<\/ul>","protected":false},"featured_media":90996,"template":"","meta":[],"product_brand":[],"product_cat":[68,29],"product_tag":[],"class_list":{"0":"post-90994","1":"product","2":"type-product","3":"status-publish","4":"has-post-thumbnail","6":"product_cat-epees-seigneur-des-anneaux","7":"product_cat-le-seigneur-des-anneaux","9":"first","10":"outofstock","11":"taxable","12":"shipping-taxable","13":"purchasable","14":"product-type-simple"},"yoast_head":"<!-- This site is optimized with the Yoast SEO plugin v27.4 - https:\/\/yoast.com\/product\/yoast-seo-wordpress\/ -->\n<title>Hache double lame Gimli - R\u00e9plique Manga Cin\u00e9<\/title>\n<meta name=\"description\" content=\"Hache double lame de Gimli en m\u00e9tal avec poign\u00e9e marron et support mural. 880 mm, 4,4 kg. R\u00e9plique Seigneur des Anneaux pour collection passionn\u00e9e.\" \/>\n<meta name=\"robots\" content=\"index, follow, max-snippet:-1, max-image-preview:large, max-video-preview:-1\" \/>\n<link rel=\"canonical\" href=\"https:\/\/repliquemangacine.fr\/en\/lord-of-the-rings-swords\/gimli-double-bladed-axe\/\" \/>\n<meta property=\"og:locale\" content=\"en_US\" \/>\n<meta property=\"og:type\" content=\"article\" \/>\n<meta property=\"og:title\" content=\"Hache double lame Gimli - R\u00e9plique Manga Cin\u00e9\" \/>\n<meta property=\"og:description\" content=\"Hache double lame de Gimli en m\u00e9tal avec poign\u00e9e marron et support mural. 880 mm, 4,4 kg. R\u00e9plique Seigneur des Anneaux pour collection passionn\u00e9e.\" \/>\n<meta property=\"og:url\" content=\"https:\/\/repliquemangacine.fr\/en\/lord-of-the-rings-swords\/gimli-double-bladed-axe\/\" \/>\n<meta property=\"og:site_name\" content=\"R\u00e9plique Manga Cin\u00e9\" \/>\n<meta property=\"article:publisher\" content=\"https:\/\/www.facebook.com\/RepliqueMangaCine\" \/>\n<meta property=\"article:modified_time\" content=\"2026-03-31T08:04:55+00:00\" \/>\n<meta property=\"og:image\" content=\"https:\/\/repliquemangacine.fr\/wp-content\/uploads\/2025\/11\/Hache-double-lame-Gimli-Lord-of-the-Ring.jpg\" \/>\n\t<meta property=\"og:image:width\" content=\"700\" \/>\n\t<meta property=\"og:image:height\" content=\"700\" \/>\n\t<meta property=\"og:image:type\" content=\"image\/jpeg\" \/>\n<meta name=\"twitter:card\" content=\"summary_large_image\" \/>\n<meta name=\"twitter:label1\" content=\"Est. reading time\" \/>\n\t<meta name=\"twitter:data1\" content=\"2 minutes\" \/>\n<script type=\"application\/ld+json\" class=\"yoast-schema-graph\">{\"@context\":\"https:\\\/\\\/schema.org\",\"@graph\":[{\"@type\":\"WebPage\",\"@id\":\"https:\\\/\\\/repliquemangacine.fr\\\/epees-seigneur-des-anneaux\\\/hache-double-lame-gimli\\\/\",\"url\":\"https:\\\/\\\/repliquemangacine.fr\\\/epees-seigneur-des-anneaux\\\/hache-double-lame-gimli\\\/\",\"name\":\"Hache double lame Gimli - R\u00e9plique Manga Cin\u00e9\",\"isPartOf\":{\"@id\":\"https:\\\/\\\/repliquemangacine.fr\\\/#website\"},\"primaryImageOfPage\":{\"@id\":\"https:\\\/\\\/repliquemangacine.fr\\\/epees-seigneur-des-anneaux\\\/hache-double-lame-gimli\\\/#primaryimage\"},\"image\":{\"@id\":\"https:\\\/\\\/repliquemangacine.fr\\\/epees-seigneur-des-anneaux\\\/hache-double-lame-gimli\\\/#primaryimage\"},\"thumbnailUrl\":\"https:\\\/\\\/repliquemangacine.fr\\\/wp-content\\\/uploads\\\/2025\\\/11\\\/Hache-double-lame-Gimli-Lord-of-the-Ring.jpg\",\"datePublished\":\"2025-11-20T14:40:04+00:00\",\"dateModified\":\"2026-03-31T08:04:55+00:00\",\"description\":\"Hache double lame de Gimli en m\u00e9tal avec poign\u00e9e marron et support mural. 880 mm, 4,4 kg. R\u00e9plique Seigneur des Anneaux pour collection passionn\u00e9e.\",\"breadcrumb\":{\"@id\":\"https:\\\/\\\/repliquemangacine.fr\\\/epees-seigneur-des-anneaux\\\/hache-double-lame-gimli\\\/#breadcrumb\"},\"inLanguage\":\"en-US\",\"potentialAction\":[{\"@type\":\"ReadAction\",\"target\":[\"https:\\\/\\\/repliquemangacine.fr\\\/epees-seigneur-des-anneaux\\\/hache-double-lame-gimli\\\/\"]}]},{\"@type\":\"ImageObject\",\"inLanguage\":\"en-US\",\"@id\":\"https:\\\/\\\/repliquemangacine.fr\\\/epees-seigneur-des-anneaux\\\/hache-double-lame-gimli\\\/#primaryimage\",\"url\":\"https:\\\/\\\/repliquemangacine.fr\\\/wp-content\\\/uploads\\\/2025\\\/11\\\/Hache-double-lame-Gimli-Lord-of-the-Ring.jpg\",\"contentUrl\":\"https:\\\/\\\/repliquemangacine.fr\\\/wp-content\\\/uploads\\\/2025\\\/11\\\/Hache-double-lame-Gimli-Lord-of-the-Ring.jpg\",\"width\":700,\"height\":700,\"caption\":\"Hache double lame Gimli - Le Seigneur des Anneaux\"},{\"@type\":\"BreadcrumbList\",\"@id\":\"https:\\\/\\\/repliquemangacine.fr\\\/epees-seigneur-des-anneaux\\\/hache-double-lame-gimli\\\/#breadcrumb\",\"itemListElement\":[{\"@type\":\"ListItem\",\"position\":1,\"name\":\"Accueil\",\"item\":\"https:\\\/\\\/repliquemangacine.fr\\\/\"},{\"@type\":\"ListItem\",\"position\":2,\"name\":\"Produits\",\"item\":\"https:\\\/\\\/repliquemangacine.fr\\\/boutique\\\/\"},{\"@type\":\"ListItem\",\"position\":3,\"name\":\"Hache double lame Gimli\"}]},{\"@type\":\"WebSite\",\"@id\":\"https:\\\/\\\/repliquemangacine.fr\\\/#website\",\"url\":\"https:\\\/\\\/repliquemangacine.fr\\\/\",\"name\":\"R\u00e9plique Manga Cin\u00e9\",\"description\":\"\",\"publisher\":{\"@id\":\"https:\\\/\\\/repliquemangacine.fr\\\/#organization\"},\"potentialAction\":[{\"@type\":\"SearchAction\",\"target\":{\"@type\":\"EntryPoint\",\"urlTemplate\":\"https:\\\/\\\/repliquemangacine.fr\\\/?s={search_term_string}\"},\"query-input\":{\"@type\":\"PropertyValueSpecification\",\"valueRequired\":true,\"valueName\":\"search_term_string\"}}],\"inLanguage\":\"en-US\"},{\"@type\":\"Organization\",\"@id\":\"https:\\\/\\\/repliquemangacine.fr\\\/#organization\",\"name\":\"R\u00e9plique Manga Cin\u00e9\",\"url\":\"https:\\\/\\\/repliquemangacine.fr\\\/\",\"logo\":{\"@type\":\"ImageObject\",\"inLanguage\":\"en-US\",\"@id\":\"https:\\\/\\\/repliquemangacine.fr\\\/#\\\/schema\\\/logo\\\/image\\\/\",\"url\":\"https:\\\/\\\/repliquemangacine.fr\\\/wp-content\\\/uploads\\\/2023\\\/10\\\/RMC-500250.png\",\"contentUrl\":\"https:\\\/\\\/repliquemangacine.fr\\\/wp-content\\\/uploads\\\/2023\\\/10\\\/RMC-500250.png\",\"width\":500,\"height\":250,\"caption\":\"R\u00e9plique Manga Cin\u00e9\"},\"image\":{\"@id\":\"https:\\\/\\\/repliquemangacine.fr\\\/#\\\/schema\\\/logo\\\/image\\\/\"},\"sameAs\":[\"https:\\\/\\\/www.facebook.com\\\/RepliqueMangaCine\",\"https:\\\/\\\/www.instagram.com\\\/repliquemangacine.fr\\\/\"]}]}<\/script>\n<!-- \/ Yoast SEO plugin. -->","yoast_head_json":{"title":"Gimli double-bladed axe - R\u00e9plique Manga Cin\u00e9","description":"Gimli metal double-bladed axe with brown handle and wall bracket. 880 mm, 4.4 kg. Lord of the Rings replica for enthusiastic collectors.","robots":{"index":"index","follow":"follow","max-snippet":"max-snippet:-1","max-image-preview":"max-image-preview:large","max-video-preview":"max-video-preview:-1"},"canonical":"https:\/\/repliquemangacine.fr\/en\/lord-of-the-rings-swords\/gimli-double-bladed-axe\/","og_locale":"en_US","og_type":"article","og_title":"Hache double lame Gimli - R\u00e9plique Manga Cin\u00e9","og_description":"Hache double lame de Gimli en m\u00e9tal avec poign\u00e9e marron et support mural. 880 mm, 4,4 kg. R\u00e9plique Seigneur des Anneaux pour collection passionn\u00e9e.","og_url":"https:\/\/repliquemangacine.fr\/en\/lord-of-the-rings-swords\/gimli-double-bladed-axe\/","og_site_name":"R\u00e9plique Manga Cin\u00e9","article_publisher":"https:\/\/www.facebook.com\/RepliqueMangaCine","article_modified_time":"2026-03-31T08:04:55+00:00","og_image":[{"width":700,"height":700,"url":"https:\/\/repliquemangacine.fr\/wp-content\/uploads\/2025\/11\/Hache-double-lame-Gimli-Lord-of-the-Ring.jpg","type":"image\/jpeg"}],"twitter_card":"summary_large_image","twitter_misc":{"Est. reading time":"2 minutes"},"schema":{"@context":"https:\/\/schema.org","@graph":[{"@type":"WebPage","@id":"https:\/\/repliquemangacine.fr\/epees-seigneur-des-anneaux\/hache-double-lame-gimli\/","url":"https:\/\/repliquemangacine.fr\/epees-seigneur-des-anneaux\/hache-double-lame-gimli\/","name":"Gimli double-bladed axe - R\u00e9plique Manga Cin\u00e9","isPartOf":{"@id":"https:\/\/repliquemangacine.fr\/#website"},"primaryImageOfPage":{"@id":"https:\/\/repliquemangacine.fr\/epees-seigneur-des-anneaux\/hache-double-lame-gimli\/#primaryimage"},"image":{"@id":"https:\/\/repliquemangacine.fr\/epees-seigneur-des-anneaux\/hache-double-lame-gimli\/#primaryimage"},"thumbnailUrl":"https:\/\/repliquemangacine.fr\/wp-content\/uploads\/2025\/11\/Hache-double-lame-Gimli-Lord-of-the-Ring.jpg","datePublished":"2025-11-20T14:40:04+00:00","dateModified":"2026-03-31T08:04:55+00:00","description":"Gimli metal double-bladed axe with brown handle and wall bracket. 880 mm, 4.4 kg. Lord of the Rings replica for enthusiastic collectors.","breadcrumb":{"@id":"https:\/\/repliquemangacine.fr\/epees-seigneur-des-anneaux\/hache-double-lame-gimli\/#breadcrumb"},"inLanguage":"en-US","potentialAction":[{"@type":"ReadAction","target":["https:\/\/repliquemangacine.fr\/epees-seigneur-des-anneaux\/hache-double-lame-gimli\/"]}]},{"@type":"ImageObject","inLanguage":"en-US","@id":"https:\/\/repliquemangacine.fr\/epees-seigneur-des-anneaux\/hache-double-lame-gimli\/#primaryimage","url":"https:\/\/repliquemangacine.fr\/wp-content\/uploads\/2025\/11\/Hache-double-lame-Gimli-Lord-of-the-Ring.jpg","contentUrl":"https:\/\/repliquemangacine.fr\/wp-content\/uploads\/2025\/11\/Hache-double-lame-Gimli-Lord-of-the-Ring.jpg","width":700,"height":700,"caption":"Hache double lame Gimli - Le Seigneur des Anneaux"},{"@type":"BreadcrumbList","@id":"https:\/\/repliquemangacine.fr\/epees-seigneur-des-anneaux\/hache-double-lame-gimli\/#breadcrumb","itemListElement":[{"@type":"ListItem","position":1,"name":"Accueil","item":"https:\/\/repliquemangacine.fr\/"},{"@type":"ListItem","position":2,"name":"Produits","item":"https:\/\/repliquemangacine.fr\/boutique\/"},{"@type":"ListItem","position":3,"name":"Hache double lame Gimli"}]},{"@type":"WebSite","@id":"https:\/\/repliquemangacine.fr\/#website","url":"https:\/\/repliquemangacine.fr\/","name":"R\u00e9plique Manga Cin\u00e9","description":"","publisher":{"@id":"https:\/\/repliquemangacine.fr\/#organization"},"potentialAction":[{"@type":"SearchAction","target":{"@type":"EntryPoint","urlTemplate":"https:\/\/repliquemangacine.fr\/?s={search_term_string}"},"query-input":{"@type":"PropertyValueSpecification","valueRequired":true,"valueName":"search_term_string"}}],"inLanguage":"en-US"},{"@type":"Organization","@id":"https:\/\/repliquemangacine.fr\/#organization","name":"R\u00e9plique Manga Cin\u00e9","url":"https:\/\/repliquemangacine.fr\/","logo":{"@type":"ImageObject","inLanguage":"en-US","@id":"https:\/\/repliquemangacine.fr\/#\/schema\/logo\/image\/","url":"https:\/\/repliquemangacine.fr\/wp-content\/uploads\/2023\/10\/RMC-500250.png","contentUrl":"https:\/\/repliquemangacine.fr\/wp-content\/uploads\/2023\/10\/RMC-500250.png","width":500,"height":250,"caption":"R\u00e9plique Manga Cin\u00e9"},"image":{"@id":"https:\/\/repliquemangacine.fr\/#\/schema\/logo\/image\/"},"sameAs":["https:\/\/www.facebook.com\/RepliqueMangaCine","https:\/\/www.instagram.com\/repliquemangacine.fr\/"]}]}},"_links":{"self":[{"href":"https:\/\/repliquemangacine.fr\/en\/wp-json\/wp\/v2\/product\/90994","targetHints":{"allow":["GET"]}}],"collection":[{"href":"https:\/\/repliquemangacine.fr\/en\/wp-json\/wp\/v2\/product"}],"about":[{"href":"https:\/\/repliquemangacine.fr\/en\/wp-json\/wp\/v2\/types\/product"}],"wp:featuredmedia":[{"embeddable":true,"href":"https:\/\/repliquemangacine.fr\/en\/wp-json\/wp\/v2\/media\/90996"}],"wp:attachment":[{"href":"https:\/\/repliquemangacine.fr\/en\/wp-json\/wp\/v2\/media?parent=90994"}],"wp:term":[{"taxonomy":"product_brand","embeddable":true,"href":"https:\/\/repliquemangacine.fr\/en\/wp-json\/wp\/v2\/product_brand?post=90994"},{"taxonomy":"product_cat","embeddable":true,"href":"https:\/\/repliquemangacine.fr\/en\/wp-json\/wp\/v2\/product_cat?post=90994"},{"taxonomy":"product_tag","embeddable":true,"href":"https:\/\/repliquemangacine.fr\/en\/wp-json\/wp\/v2\/product_tag?post=90994"}],"curies":[{"name":"wp","href":"https:\/\/api.w.org\/{rel}","templated":true}]}}