





{"id":90971,"date":"2025-11-20T11:42:14","date_gmt":"2025-11-20T10:42:14","guid":{"rendered":"https:\/\/repliquemangacine.fr\/?post_type=product&#038;p=90971"},"modified":"2026-03-29T14:08:54","modified_gmt":"2026-03-29T12:08:54","slug":"lucius-malfoy-harry-potters-cane","status":"publish","type":"product","link":"https:\/\/repliquemangacine.fr\/en\/collectors-et-goodies-harry-potter\/canne-de-lucius-malfoy-harry-potter\/","title":{"rendered":"Lucius Malfoy's walking stick - Harry Potter"},"content":{"rendered":"<h2>Lucius Malfoy's cane, Magistral replica<\/h2>\n<p>This Lucius Malfoy walking stick reproduces the iconic weapon used by a certain influential wizard in the saga. The tube is made entirely of metal for rigidity and durability. The snake-shaped handle is made of aluminum with a superb silver finish. There's also an inlaid green eye to reinforce its venomous allure. At 93.5 cm and weighing just 530 g, it remains light and easy to handle. In the world of magic, this cane symbolizes authority, wealth and intimidation. Finally, it's a must-have for any Harry Potter collection, whether on display or in cosplay.<\/p>\n<h2>Lucius Malfoy, venomous elegance<\/h2>\n<p>Lucius Malfoy stands out for his cool charisma, prestigious rank and political influence. He wields this cane with confidence, revealing a calculating, aristocratic character. His role in the saga goes beyond that of a simple antagonist, illustrating the complexity of noble wizarding families. This weapon is not just an accessory, but a symbol of power and allegiance. Lucius embodies superiority but also darkness, operating behind the scenes of major events. Thanks to this replica, fans will rediscover some of the dark, refined charm that has marked the saga.<\/p>\n<h2>A prestigious Harry Potter collection<\/h2>\n<p>This rod fits perfectly into a selection of exceptional pieces available in our Replique Manga Cin\u00e9 boutique. In addition, you'll find all the<a href=\"https:\/\/repliquemangacine.fr\/en\/harry-potter-character-wands\/\"> character chopsticks<\/a> to display your own Relic Room. What's more, the official replica of the <a href=\"https:\/\/repliquemangacine.fr\/en\/harry-potter-collectors-and-goodies\/firebolt-broom-harry-potter\/\">Firebolt broom<\/a> is ideal for quidditch enthusiasts. Finally, the\u2019<a href=\"https:\/\/repliquemangacine.fr\/en\/various-goodies\/echiquier-des-sorciers-chess-game-hp\/\">Harry Potter Official Chessboard<\/a> distributed by The <a href=\"https:\/\/noblecollection.fr\/index.php\" target=\"_blank\" rel=\"noopener noreferrer\">Noble Collection<\/a> lets you relive the magical atmosphere of strategic duels. Thanks to a wide and varied selection, every collector can create a complete universe inspired by the wizarding world. Discover all our products now.<\/p>","protected":false},"excerpt":{"rendered":"<p>Assert your magic with Lucius Malfoy's cane, an elegant replica with venomous charm for discerning collectors.<\/p>\n<ul>\n<li>Unofficial walking stick<\/li>\n<li>Steel tube<\/li>\n<li>Rubber tip<\/li>\n<li>Finely detailed aluminum snake head<\/li>\n<li>Total rod length: 93.5 cm - Weight: 530 g<\/li>\n<\/ul>","protected":false},"featured_media":90972,"template":"","meta":[],"product_brand":[],"product_cat":[87,41,107],"product_tag":[],"class_list":{"0":"post-90971","1":"product","2":"type-product","3":"status-publish","4":"has-post-thumbnail","6":"product_cat-collectors-et-goodies-harry-potter","7":"product_cat-baguettes-et-goodies-harry-potter","8":"product_cat-nouveautes","10":"first","11":"instock","12":"taxable","13":"shipping-taxable","14":"purchasable","15":"product-type-simple"},"yoast_head":"<!-- This site is optimized with the Yoast SEO plugin v27.5 - https:\/\/yoast.com\/product\/yoast-seo-wordpress\/ -->\n<title>Canne de Lucius Malfoy - Harry Potter - R\u00e9plique Manga Cin\u00e9<\/title>\n<meta name=\"description\" content=\"Canne de Lucius Malfoy en m\u00e9tal avec poign\u00e9e serpent aluminium et \u0153il vert. 93,5 cm, 530 g. R\u00e9plique Harry Potter id\u00e9ale cosplay et collection.\" \/>\n<meta name=\"robots\" content=\"index, follow, max-snippet:-1, max-image-preview:large, max-video-preview:-1\" \/>\n<link rel=\"canonical\" href=\"https:\/\/repliquemangacine.fr\/en\/harry-potter-collectors-and-goodies\/lucius-malfoy-harry-potters-cane\/\" \/>\n<meta property=\"og:locale\" content=\"en_US\" \/>\n<meta property=\"og:type\" content=\"article\" \/>\n<meta property=\"og:title\" content=\"Canne de Lucius Malfoy - Harry Potter - R\u00e9plique Manga Cin\u00e9\" \/>\n<meta property=\"og:description\" content=\"Canne de Lucius Malfoy en m\u00e9tal avec poign\u00e9e serpent aluminium et \u0153il vert. 93,5 cm, 530 g. R\u00e9plique Harry Potter id\u00e9ale cosplay et collection.\" \/>\n<meta property=\"og:url\" content=\"https:\/\/repliquemangacine.fr\/en\/harry-potter-collectors-and-goodies\/lucius-malfoy-harry-potters-cane\/\" \/>\n<meta property=\"og:site_name\" content=\"R\u00e9plique Manga Cin\u00e9\" \/>\n<meta property=\"article:publisher\" content=\"https:\/\/www.facebook.com\/RepliqueMangaCine\" \/>\n<meta property=\"article:modified_time\" content=\"2026-03-29T12:08:54+00:00\" \/>\n<meta property=\"og:image\" content=\"https:\/\/repliquemangacine.fr\/wp-content\/uploads\/2025\/11\/Canne-de-Lucius-Malfoy.jpg\" \/>\n\t<meta property=\"og:image:width\" content=\"700\" \/>\n\t<meta property=\"og:image:height\" content=\"700\" \/>\n\t<meta property=\"og:image:type\" content=\"image\/jpeg\" \/>\n<meta name=\"twitter:card\" content=\"summary_large_image\" \/>\n<meta name=\"twitter:label1\" content=\"Est. reading time\" \/>\n\t<meta name=\"twitter:data1\" content=\"2 minutes\" \/>\n<script type=\"application\/ld+json\" class=\"yoast-schema-graph\">{\"@context\":\"https:\\\/\\\/schema.org\",\"@graph\":[{\"@type\":\"WebPage\",\"@id\":\"https:\\\/\\\/repliquemangacine.fr\\\/collectors-et-goodies-harry-potter\\\/canne-de-lucius-malfoy-harry-potter\\\/\",\"url\":\"https:\\\/\\\/repliquemangacine.fr\\\/collectors-et-goodies-harry-potter\\\/canne-de-lucius-malfoy-harry-potter\\\/\",\"name\":\"Canne de Lucius Malfoy - Harry Potter - R\u00e9plique Manga Cin\u00e9\",\"isPartOf\":{\"@id\":\"https:\\\/\\\/repliquemangacine.fr\\\/#website\"},\"primaryImageOfPage\":{\"@id\":\"https:\\\/\\\/repliquemangacine.fr\\\/collectors-et-goodies-harry-potter\\\/canne-de-lucius-malfoy-harry-potter\\\/#primaryimage\"},\"image\":{\"@id\":\"https:\\\/\\\/repliquemangacine.fr\\\/collectors-et-goodies-harry-potter\\\/canne-de-lucius-malfoy-harry-potter\\\/#primaryimage\"},\"thumbnailUrl\":\"https:\\\/\\\/repliquemangacine.fr\\\/wp-content\\\/uploads\\\/2025\\\/11\\\/Canne-de-Lucius-Malfoy.jpg\",\"datePublished\":\"2025-11-20T10:42:14+00:00\",\"dateModified\":\"2026-03-29T12:08:54+00:00\",\"description\":\"Canne de Lucius Malfoy en m\u00e9tal avec poign\u00e9e serpent aluminium et \u0153il vert. 93,5 cm, 530 g. R\u00e9plique Harry Potter id\u00e9ale cosplay et collection.\",\"breadcrumb\":{\"@id\":\"https:\\\/\\\/repliquemangacine.fr\\\/collectors-et-goodies-harry-potter\\\/canne-de-lucius-malfoy-harry-potter\\\/#breadcrumb\"},\"inLanguage\":\"en-US\",\"potentialAction\":[{\"@type\":\"ReadAction\",\"target\":[\"https:\\\/\\\/repliquemangacine.fr\\\/collectors-et-goodies-harry-potter\\\/canne-de-lucius-malfoy-harry-potter\\\/\"]}]},{\"@type\":\"ImageObject\",\"inLanguage\":\"en-US\",\"@id\":\"https:\\\/\\\/repliquemangacine.fr\\\/collectors-et-goodies-harry-potter\\\/canne-de-lucius-malfoy-harry-potter\\\/#primaryimage\",\"url\":\"https:\\\/\\\/repliquemangacine.fr\\\/wp-content\\\/uploads\\\/2025\\\/11\\\/Canne-de-Lucius-Malfoy.jpg\",\"contentUrl\":\"https:\\\/\\\/repliquemangacine.fr\\\/wp-content\\\/uploads\\\/2025\\\/11\\\/Canne-de-Lucius-Malfoy.jpg\",\"width\":700,\"height\":700,\"caption\":\"Canne de Lucius Malfoy dans Harry Potter\"},{\"@type\":\"BreadcrumbList\",\"@id\":\"https:\\\/\\\/repliquemangacine.fr\\\/collectors-et-goodies-harry-potter\\\/canne-de-lucius-malfoy-harry-potter\\\/#breadcrumb\",\"itemListElement\":[{\"@type\":\"ListItem\",\"position\":1,\"name\":\"Accueil\",\"item\":\"https:\\\/\\\/repliquemangacine.fr\\\/\"},{\"@type\":\"ListItem\",\"position\":2,\"name\":\"Produits\",\"item\":\"https:\\\/\\\/repliquemangacine.fr\\\/boutique\\\/\"},{\"@type\":\"ListItem\",\"position\":3,\"name\":\"Canne de Lucius Malfoy &#8211; Harry Potter\"}]},{\"@type\":\"WebSite\",\"@id\":\"https:\\\/\\\/repliquemangacine.fr\\\/#website\",\"url\":\"https:\\\/\\\/repliquemangacine.fr\\\/\",\"name\":\"R\u00e9plique Manga Cin\u00e9\",\"description\":\"\",\"publisher\":{\"@id\":\"https:\\\/\\\/repliquemangacine.fr\\\/#organization\"},\"potentialAction\":[{\"@type\":\"SearchAction\",\"target\":{\"@type\":\"EntryPoint\",\"urlTemplate\":\"https:\\\/\\\/repliquemangacine.fr\\\/?s={search_term_string}\"},\"query-input\":{\"@type\":\"PropertyValueSpecification\",\"valueRequired\":true,\"valueName\":\"search_term_string\"}}],\"inLanguage\":\"en-US\"},{\"@type\":\"Organization\",\"@id\":\"https:\\\/\\\/repliquemangacine.fr\\\/#organization\",\"name\":\"R\u00e9plique Manga Cin\u00e9\",\"url\":\"https:\\\/\\\/repliquemangacine.fr\\\/\",\"logo\":{\"@type\":\"ImageObject\",\"inLanguage\":\"en-US\",\"@id\":\"https:\\\/\\\/repliquemangacine.fr\\\/#\\\/schema\\\/logo\\\/image\\\/\",\"url\":\"https:\\\/\\\/repliquemangacine.fr\\\/wp-content\\\/uploads\\\/2023\\\/10\\\/RMC-500250.png\",\"contentUrl\":\"https:\\\/\\\/repliquemangacine.fr\\\/wp-content\\\/uploads\\\/2023\\\/10\\\/RMC-500250.png\",\"width\":500,\"height\":250,\"caption\":\"R\u00e9plique Manga Cin\u00e9\"},\"image\":{\"@id\":\"https:\\\/\\\/repliquemangacine.fr\\\/#\\\/schema\\\/logo\\\/image\\\/\"},\"sameAs\":[\"https:\\\/\\\/www.facebook.com\\\/RepliqueMangaCine\",\"https:\\\/\\\/www.instagram.com\\\/repliquemangacine.fr\\\/\"]}]}<\/script>\n<!-- \/ Yoast SEO plugin. -->","yoast_head_json":{"title":"Lucius Malfoy's walking stick - Harry Potter - R\u00e9plique Manga Cin\u00e9","description":"Lucius Malfoy metal cane with aluminium snake handle and green eye. 93.5 cm, 530 g. Harry Potter replica ideal for cosplay and collecting.","robots":{"index":"index","follow":"follow","max-snippet":"max-snippet:-1","max-image-preview":"max-image-preview:large","max-video-preview":"max-video-preview:-1"},"canonical":"https:\/\/repliquemangacine.fr\/en\/harry-potter-collectors-and-goodies\/lucius-malfoy-harry-potters-cane\/","og_locale":"en_US","og_type":"article","og_title":"Canne de Lucius Malfoy - Harry Potter - R\u00e9plique Manga Cin\u00e9","og_description":"Canne de Lucius Malfoy en m\u00e9tal avec poign\u00e9e serpent aluminium et \u0153il vert. 93,5 cm, 530 g. R\u00e9plique Harry Potter id\u00e9ale cosplay et collection.","og_url":"https:\/\/repliquemangacine.fr\/en\/harry-potter-collectors-and-goodies\/lucius-malfoy-harry-potters-cane\/","og_site_name":"R\u00e9plique Manga Cin\u00e9","article_publisher":"https:\/\/www.facebook.com\/RepliqueMangaCine","article_modified_time":"2026-03-29T12:08:54+00:00","og_image":[{"width":700,"height":700,"url":"https:\/\/repliquemangacine.fr\/wp-content\/uploads\/2025\/11\/Canne-de-Lucius-Malfoy.jpg","type":"image\/jpeg"}],"twitter_card":"summary_large_image","twitter_misc":{"Est. reading time":"2 minutes"},"schema":{"@context":"https:\/\/schema.org","@graph":[{"@type":"WebPage","@id":"https:\/\/repliquemangacine.fr\/collectors-et-goodies-harry-potter\/canne-de-lucius-malfoy-harry-potter\/","url":"https:\/\/repliquemangacine.fr\/collectors-et-goodies-harry-potter\/canne-de-lucius-malfoy-harry-potter\/","name":"Lucius Malfoy's walking stick - Harry Potter - R\u00e9plique Manga Cin\u00e9","isPartOf":{"@id":"https:\/\/repliquemangacine.fr\/#website"},"primaryImageOfPage":{"@id":"https:\/\/repliquemangacine.fr\/collectors-et-goodies-harry-potter\/canne-de-lucius-malfoy-harry-potter\/#primaryimage"},"image":{"@id":"https:\/\/repliquemangacine.fr\/collectors-et-goodies-harry-potter\/canne-de-lucius-malfoy-harry-potter\/#primaryimage"},"thumbnailUrl":"https:\/\/repliquemangacine.fr\/wp-content\/uploads\/2025\/11\/Canne-de-Lucius-Malfoy.jpg","datePublished":"2025-11-20T10:42:14+00:00","dateModified":"2026-03-29T12:08:54+00:00","description":"Lucius Malfoy metal cane with aluminium snake handle and green eye. 93.5 cm, 530 g. Harry Potter replica ideal for cosplay and collecting.","breadcrumb":{"@id":"https:\/\/repliquemangacine.fr\/collectors-et-goodies-harry-potter\/canne-de-lucius-malfoy-harry-potter\/#breadcrumb"},"inLanguage":"en-US","potentialAction":[{"@type":"ReadAction","target":["https:\/\/repliquemangacine.fr\/collectors-et-goodies-harry-potter\/canne-de-lucius-malfoy-harry-potter\/"]}]},{"@type":"ImageObject","inLanguage":"en-US","@id":"https:\/\/repliquemangacine.fr\/collectors-et-goodies-harry-potter\/canne-de-lucius-malfoy-harry-potter\/#primaryimage","url":"https:\/\/repliquemangacine.fr\/wp-content\/uploads\/2025\/11\/Canne-de-Lucius-Malfoy.jpg","contentUrl":"https:\/\/repliquemangacine.fr\/wp-content\/uploads\/2025\/11\/Canne-de-Lucius-Malfoy.jpg","width":700,"height":700,"caption":"Canne de Lucius Malfoy dans Harry Potter"},{"@type":"BreadcrumbList","@id":"https:\/\/repliquemangacine.fr\/collectors-et-goodies-harry-potter\/canne-de-lucius-malfoy-harry-potter\/#breadcrumb","itemListElement":[{"@type":"ListItem","position":1,"name":"Accueil","item":"https:\/\/repliquemangacine.fr\/"},{"@type":"ListItem","position":2,"name":"Produits","item":"https:\/\/repliquemangacine.fr\/boutique\/"},{"@type":"ListItem","position":3,"name":"Canne de Lucius Malfoy &#8211; Harry Potter"}]},{"@type":"WebSite","@id":"https:\/\/repliquemangacine.fr\/#website","url":"https:\/\/repliquemangacine.fr\/","name":"R\u00e9plique Manga Cin\u00e9","description":"","publisher":{"@id":"https:\/\/repliquemangacine.fr\/#organization"},"potentialAction":[{"@type":"SearchAction","target":{"@type":"EntryPoint","urlTemplate":"https:\/\/repliquemangacine.fr\/?s={search_term_string}"},"query-input":{"@type":"PropertyValueSpecification","valueRequired":true,"valueName":"search_term_string"}}],"inLanguage":"en-US"},{"@type":"Organization","@id":"https:\/\/repliquemangacine.fr\/#organization","name":"R\u00e9plique Manga Cin\u00e9","url":"https:\/\/repliquemangacine.fr\/","logo":{"@type":"ImageObject","inLanguage":"en-US","@id":"https:\/\/repliquemangacine.fr\/#\/schema\/logo\/image\/","url":"https:\/\/repliquemangacine.fr\/wp-content\/uploads\/2023\/10\/RMC-500250.png","contentUrl":"https:\/\/repliquemangacine.fr\/wp-content\/uploads\/2023\/10\/RMC-500250.png","width":500,"height":250,"caption":"R\u00e9plique Manga Cin\u00e9"},"image":{"@id":"https:\/\/repliquemangacine.fr\/#\/schema\/logo\/image\/"},"sameAs":["https:\/\/www.facebook.com\/RepliqueMangaCine","https:\/\/www.instagram.com\/repliquemangacine.fr\/"]}]}},"_links":{"self":[{"href":"https:\/\/repliquemangacine.fr\/en\/wp-json\/wp\/v2\/product\/90971","targetHints":{"allow":["GET"]}}],"collection":[{"href":"https:\/\/repliquemangacine.fr\/en\/wp-json\/wp\/v2\/product"}],"about":[{"href":"https:\/\/repliquemangacine.fr\/en\/wp-json\/wp\/v2\/types\/product"}],"wp:featuredmedia":[{"embeddable":true,"href":"https:\/\/repliquemangacine.fr\/en\/wp-json\/wp\/v2\/media\/90972"}],"wp:attachment":[{"href":"https:\/\/repliquemangacine.fr\/en\/wp-json\/wp\/v2\/media?parent=90971"}],"wp:term":[{"taxonomy":"product_brand","embeddable":true,"href":"https:\/\/repliquemangacine.fr\/en\/wp-json\/wp\/v2\/product_brand?post=90971"},{"taxonomy":"product_cat","embeddable":true,"href":"https:\/\/repliquemangacine.fr\/en\/wp-json\/wp\/v2\/product_cat?post=90971"},{"taxonomy":"product_tag","embeddable":true,"href":"https:\/\/repliquemangacine.fr\/en\/wp-json\/wp\/v2\/product_tag?post=90971"}],"curies":[{"name":"wp","href":"https:\/\/api.w.org\/{rel}","templated":true}]}}