





{"id":90932,"date":"2025-11-19T16:45:26","date_gmt":"2025-11-19T15:45:26","guid":{"rendered":"https:\/\/repliquemangacine.fr\/?post_type=product&#038;p=90932"},"modified":"2026-04-24T14:27:23","modified_gmt":"2026-04-24T12:27:23","slug":"squall-gunblade-final-fantasy","status":"publish","type":"product","link":"https:\/\/repliquemangacine.fr\/en\/katana-et-epee-de-jeux-video-autre-jeux-video\/gunblade-de-squall-final-fantasy\/","title":{"rendered":"Squall's Gunblade - Final Fantasy"},"content":{"rendered":"<h2>The iconic Gunblade for true SeeDs<\/h2>\n<p>This replica of <strong>Gunblade<\/strong> features a bright steel blade with a detailed lion engraving. The hilt takes on the aesthetics of a metal barrel for a powerful, solid look. The cylinder is rotatable, although the mechanism is non-functional. The resin handle offers a comfortable grip while respecting the original design. What's more, a chain ends in a lion's head, adding an elegant touch. Finally, the set comes with a wooden stand for display worthy of a Garden room.<\/p>\n<h2>Squall and Final Fantasy, a JRPG legend<\/h2>\n<p>This pistol sword <strong>Gunblade<\/strong> is inspired by the taciturn hero known for his black fur coat and solitary nature. <a href=\"https:\/\/finalfantasy.fandom.com\/wiki\/Squall_Leonhart\" target=\"_blank\" rel=\"noopener noreferrer\">Squall Leonhart<\/a> embodies a resolutely modern style blending melancholy, tactical combat and heroic destiny. He idolizes the mythical angel-winged griever lion, holding it up as an idol of courage and strength, traits he strives to realize himself. The lion has become his symbol, just as Rinoa is associated with angelic wings.<\/p>\n<p>In the Final Fantasy universe, this type of weapon ingeniously merges technology and tradition. As such, this reproduction captures the essence of a world filled with titanic summons, epic romances and memorable battles. It's for fans who want to relive an adventure marked by courage and determination.<\/p>\n<h2>A Final Fantasy collection to complete<\/h2>\n<p>This Gunblade can be added to an already extensive collection, bringing coherence and prestige. Our store also offers other references from the saga, creating a gallery worthy of a museum dedicated to the JRPG. For example, the\u2019<a href=\"https:\/\/repliquemangacine.fr\/en\/katana-and-video-game-sword-other-video-games\/fusion-sword-cloud-multiblade-buster-sword-final-fantasy-vii\/\">Cloud fusion sword<\/a> Strife with its detachable parts. There's also the huge <a href=\"https:\/\/repliquemangacine.fr\/en\/katana-and-video-game-sword-other-video-games\/sephiroth-masamune-sword-192-cm\/\">Sephiroth Masamune Sword<\/a> 192 cm long. So every fan can put together a unique collection reminiscent of his or her greatest video game hours. The Final Fantasy universe is waiting for you.<\/p>","protected":false},"excerpt":{"rendered":"<p>Immerse yourself in the legendary world of Final Fantasy with Squall's Gunblade, a steel replica as elegant as it is fearsome, ideal for discerning collectors.<\/p>\n<ul>\n<li>440 stainless steel blade<\/li>\n<li>Engraving on a lion's blade<\/li>\n<li>Metal gun guard<\/li>\n<li>Features a rotating cylinder, but the mechanism is non-functional.<\/li>\n<li>Metal and resin handle for a secure grip<\/li>\n<li>Chainette with lion's head on the end of the handle.<\/li>\n<li>Supplied with wooden presentation stand.<\/li>\n<li>Blade length: 88cm - Total length: 129 cm<\/li>\n<li>Weight: 3660 g<\/li>\n<\/ul>","protected":false},"featured_media":90934,"template":"","meta":[],"product_brand":[],"product_cat":[1012,107,67],"product_tag":[],"class_list":{"0":"post-90932","1":"product","2":"type-product","3":"status-publish","4":"has-post-thumbnail","6":"product_cat-final-fantasy-repliques-final-fantasy","7":"product_cat-nouveautes","8":"product_cat-katana-et-epee-de-jeux-video-autre-jeux-video","10":"first","11":"instock","12":"taxable","13":"shipping-taxable","14":"purchasable","15":"product-type-simple"},"yoast_head":"<!-- This site is optimized with the Yoast SEO plugin v27.4 - https:\/\/yoast.com\/product\/yoast-seo-wordpress\/ -->\n<title>Gunblade de Squall - Final Fantasy - R\u00e9plique Manga Cin\u00e9<\/title>\n<meta name=\"description\" content=\"R\u00e9plique Gunblade de Squall en acier avec gravure lion, garde pistolet et support bois. Une pi\u00e8ce premium inspir\u00e9e de Final Fantasy pour fans.\" \/>\n<meta name=\"robots\" content=\"index, follow, max-snippet:-1, max-image-preview:large, max-video-preview:-1\" \/>\n<link rel=\"canonical\" href=\"https:\/\/repliquemangacine.fr\/en\/katana-and-video-game-sword-other-video-games\/squall-gunblade-final-fantasy\/\" \/>\n<meta property=\"og:locale\" content=\"en_US\" \/>\n<meta property=\"og:type\" content=\"article\" \/>\n<meta property=\"og:title\" content=\"Gunblade de Squall - Final Fantasy - R\u00e9plique Manga Cin\u00e9\" \/>\n<meta property=\"og:description\" content=\"R\u00e9plique Gunblade de Squall en acier avec gravure lion, garde pistolet et support bois. Une pi\u00e8ce premium inspir\u00e9e de Final Fantasy pour fans.\" \/>\n<meta property=\"og:url\" content=\"https:\/\/repliquemangacine.fr\/en\/katana-and-video-game-sword-other-video-games\/squall-gunblade-final-fantasy\/\" \/>\n<meta property=\"og:site_name\" content=\"R\u00e9plique Manga Cin\u00e9\" \/>\n<meta property=\"article:publisher\" content=\"https:\/\/www.facebook.com\/RepliqueMangaCine\" \/>\n<meta property=\"article:modified_time\" content=\"2026-04-24T12:27:23+00:00\" \/>\n<meta property=\"og:image\" content=\"https:\/\/repliquemangacine.fr\/wp-content\/uploads\/2025\/11\/Gunblade-Epee-de-Squall-FF7.jpg\" \/>\n\t<meta property=\"og:image:width\" content=\"700\" \/>\n\t<meta property=\"og:image:height\" content=\"700\" \/>\n\t<meta property=\"og:image:type\" content=\"image\/jpeg\" \/>\n<meta name=\"twitter:card\" content=\"summary_large_image\" \/>\n<meta name=\"twitter:label1\" content=\"Est. reading time\" \/>\n\t<meta name=\"twitter:data1\" content=\"2 minutes\" \/>\n<script type=\"application\/ld+json\" class=\"yoast-schema-graph\">{\"@context\":\"https:\\\/\\\/schema.org\",\"@graph\":[{\"@type\":\"WebPage\",\"@id\":\"https:\\\/\\\/repliquemangacine.fr\\\/katana-et-epee-de-jeux-video-autre-jeux-video\\\/gunblade-de-squall-final-fantasy\\\/\",\"url\":\"https:\\\/\\\/repliquemangacine.fr\\\/katana-et-epee-de-jeux-video-autre-jeux-video\\\/gunblade-de-squall-final-fantasy\\\/\",\"name\":\"Gunblade de Squall - Final Fantasy - R\u00e9plique Manga Cin\u00e9\",\"isPartOf\":{\"@id\":\"https:\\\/\\\/repliquemangacine.fr\\\/#website\"},\"primaryImageOfPage\":{\"@id\":\"https:\\\/\\\/repliquemangacine.fr\\\/katana-et-epee-de-jeux-video-autre-jeux-video\\\/gunblade-de-squall-final-fantasy\\\/#primaryimage\"},\"image\":{\"@id\":\"https:\\\/\\\/repliquemangacine.fr\\\/katana-et-epee-de-jeux-video-autre-jeux-video\\\/gunblade-de-squall-final-fantasy\\\/#primaryimage\"},\"thumbnailUrl\":\"https:\\\/\\\/repliquemangacine.fr\\\/wp-content\\\/uploads\\\/2025\\\/11\\\/Gunblade-Epee-de-Squall-FF7.jpg\",\"datePublished\":\"2025-11-19T15:45:26+00:00\",\"dateModified\":\"2026-04-24T12:27:23+00:00\",\"description\":\"R\u00e9plique Gunblade de Squall en acier avec gravure lion, garde pistolet et support bois. Une pi\u00e8ce premium inspir\u00e9e de Final Fantasy pour fans.\",\"breadcrumb\":{\"@id\":\"https:\\\/\\\/repliquemangacine.fr\\\/katana-et-epee-de-jeux-video-autre-jeux-video\\\/gunblade-de-squall-final-fantasy\\\/#breadcrumb\"},\"inLanguage\":\"en-US\",\"potentialAction\":[{\"@type\":\"ReadAction\",\"target\":[\"https:\\\/\\\/repliquemangacine.fr\\\/katana-et-epee-de-jeux-video-autre-jeux-video\\\/gunblade-de-squall-final-fantasy\\\/\"]}]},{\"@type\":\"ImageObject\",\"inLanguage\":\"en-US\",\"@id\":\"https:\\\/\\\/repliquemangacine.fr\\\/katana-et-epee-de-jeux-video-autre-jeux-video\\\/gunblade-de-squall-final-fantasy\\\/#primaryimage\",\"url\":\"https:\\\/\\\/repliquemangacine.fr\\\/wp-content\\\/uploads\\\/2025\\\/11\\\/Gunblade-Epee-de-Squall-FF7.jpg\",\"contentUrl\":\"https:\\\/\\\/repliquemangacine.fr\\\/wp-content\\\/uploads\\\/2025\\\/11\\\/Gunblade-Epee-de-Squall-FF7.jpg\",\"width\":700,\"height\":700,\"caption\":\"Gunblade Ep\u00e9e de squall Final Fantasy\"},{\"@type\":\"BreadcrumbList\",\"@id\":\"https:\\\/\\\/repliquemangacine.fr\\\/katana-et-epee-de-jeux-video-autre-jeux-video\\\/gunblade-de-squall-final-fantasy\\\/#breadcrumb\",\"itemListElement\":[{\"@type\":\"ListItem\",\"position\":1,\"name\":\"Accueil\",\"item\":\"https:\\\/\\\/repliquemangacine.fr\\\/\"},{\"@type\":\"ListItem\",\"position\":2,\"name\":\"Produits\",\"item\":\"https:\\\/\\\/repliquemangacine.fr\\\/boutique\\\/\"},{\"@type\":\"ListItem\",\"position\":3,\"name\":\"Gunblade de Squall &#8211; Final Fantasy\"}]},{\"@type\":\"WebSite\",\"@id\":\"https:\\\/\\\/repliquemangacine.fr\\\/#website\",\"url\":\"https:\\\/\\\/repliquemangacine.fr\\\/\",\"name\":\"R\u00e9plique Manga Cin\u00e9\",\"description\":\"\",\"publisher\":{\"@id\":\"https:\\\/\\\/repliquemangacine.fr\\\/#organization\"},\"potentialAction\":[{\"@type\":\"SearchAction\",\"target\":{\"@type\":\"EntryPoint\",\"urlTemplate\":\"https:\\\/\\\/repliquemangacine.fr\\\/?s={search_term_string}\"},\"query-input\":{\"@type\":\"PropertyValueSpecification\",\"valueRequired\":true,\"valueName\":\"search_term_string\"}}],\"inLanguage\":\"en-US\"},{\"@type\":\"Organization\",\"@id\":\"https:\\\/\\\/repliquemangacine.fr\\\/#organization\",\"name\":\"R\u00e9plique Manga Cin\u00e9\",\"url\":\"https:\\\/\\\/repliquemangacine.fr\\\/\",\"logo\":{\"@type\":\"ImageObject\",\"inLanguage\":\"en-US\",\"@id\":\"https:\\\/\\\/repliquemangacine.fr\\\/#\\\/schema\\\/logo\\\/image\\\/\",\"url\":\"https:\\\/\\\/repliquemangacine.fr\\\/wp-content\\\/uploads\\\/2023\\\/10\\\/RMC-500250.png\",\"contentUrl\":\"https:\\\/\\\/repliquemangacine.fr\\\/wp-content\\\/uploads\\\/2023\\\/10\\\/RMC-500250.png\",\"width\":500,\"height\":250,\"caption\":\"R\u00e9plique Manga Cin\u00e9\"},\"image\":{\"@id\":\"https:\\\/\\\/repliquemangacine.fr\\\/#\\\/schema\\\/logo\\\/image\\\/\"},\"sameAs\":[\"https:\\\/\\\/www.facebook.com\\\/RepliqueMangaCine\",\"https:\\\/\\\/www.instagram.com\\\/repliquemangacine.fr\\\/\"]}]}<\/script>\n<!-- \/ Yoast SEO plugin. -->","yoast_head_json":{"title":"Squall's Gunblade - Final Fantasy - R\u00e9plique Manga Cin\u00e9","description":"Steel Squall Gunblade replica with lion engraving, pistol guard and wooden stand. A premium Final Fantasy-inspired piece for fans.","robots":{"index":"index","follow":"follow","max-snippet":"max-snippet:-1","max-image-preview":"max-image-preview:large","max-video-preview":"max-video-preview:-1"},"canonical":"https:\/\/repliquemangacine.fr\/en\/katana-and-video-game-sword-other-video-games\/squall-gunblade-final-fantasy\/","og_locale":"en_US","og_type":"article","og_title":"Gunblade de Squall - Final Fantasy - R\u00e9plique Manga Cin\u00e9","og_description":"R\u00e9plique Gunblade de Squall en acier avec gravure lion, garde pistolet et support bois. Une pi\u00e8ce premium inspir\u00e9e de Final Fantasy pour fans.","og_url":"https:\/\/repliquemangacine.fr\/en\/katana-and-video-game-sword-other-video-games\/squall-gunblade-final-fantasy\/","og_site_name":"R\u00e9plique Manga Cin\u00e9","article_publisher":"https:\/\/www.facebook.com\/RepliqueMangaCine","article_modified_time":"2026-04-24T12:27:23+00:00","og_image":[{"width":700,"height":700,"url":"https:\/\/repliquemangacine.fr\/wp-content\/uploads\/2025\/11\/Gunblade-Epee-de-Squall-FF7.jpg","type":"image\/jpeg"}],"twitter_card":"summary_large_image","twitter_misc":{"Est. reading time":"2 minutes"},"schema":{"@context":"https:\/\/schema.org","@graph":[{"@type":"WebPage","@id":"https:\/\/repliquemangacine.fr\/katana-et-epee-de-jeux-video-autre-jeux-video\/gunblade-de-squall-final-fantasy\/","url":"https:\/\/repliquemangacine.fr\/katana-et-epee-de-jeux-video-autre-jeux-video\/gunblade-de-squall-final-fantasy\/","name":"Squall's Gunblade - Final Fantasy - R\u00e9plique Manga Cin\u00e9","isPartOf":{"@id":"https:\/\/repliquemangacine.fr\/#website"},"primaryImageOfPage":{"@id":"https:\/\/repliquemangacine.fr\/katana-et-epee-de-jeux-video-autre-jeux-video\/gunblade-de-squall-final-fantasy\/#primaryimage"},"image":{"@id":"https:\/\/repliquemangacine.fr\/katana-et-epee-de-jeux-video-autre-jeux-video\/gunblade-de-squall-final-fantasy\/#primaryimage"},"thumbnailUrl":"https:\/\/repliquemangacine.fr\/wp-content\/uploads\/2025\/11\/Gunblade-Epee-de-Squall-FF7.jpg","datePublished":"2025-11-19T15:45:26+00:00","dateModified":"2026-04-24T12:27:23+00:00","description":"Steel Squall Gunblade replica with lion engraving, pistol guard and wooden stand. A premium Final Fantasy-inspired piece for fans.","breadcrumb":{"@id":"https:\/\/repliquemangacine.fr\/katana-et-epee-de-jeux-video-autre-jeux-video\/gunblade-de-squall-final-fantasy\/#breadcrumb"},"inLanguage":"en-US","potentialAction":[{"@type":"ReadAction","target":["https:\/\/repliquemangacine.fr\/katana-et-epee-de-jeux-video-autre-jeux-video\/gunblade-de-squall-final-fantasy\/"]}]},{"@type":"ImageObject","inLanguage":"en-US","@id":"https:\/\/repliquemangacine.fr\/katana-et-epee-de-jeux-video-autre-jeux-video\/gunblade-de-squall-final-fantasy\/#primaryimage","url":"https:\/\/repliquemangacine.fr\/wp-content\/uploads\/2025\/11\/Gunblade-Epee-de-Squall-FF7.jpg","contentUrl":"https:\/\/repliquemangacine.fr\/wp-content\/uploads\/2025\/11\/Gunblade-Epee-de-Squall-FF7.jpg","width":700,"height":700,"caption":"Gunblade Ep\u00e9e de squall Final Fantasy"},{"@type":"BreadcrumbList","@id":"https:\/\/repliquemangacine.fr\/katana-et-epee-de-jeux-video-autre-jeux-video\/gunblade-de-squall-final-fantasy\/#breadcrumb","itemListElement":[{"@type":"ListItem","position":1,"name":"Accueil","item":"https:\/\/repliquemangacine.fr\/"},{"@type":"ListItem","position":2,"name":"Produits","item":"https:\/\/repliquemangacine.fr\/boutique\/"},{"@type":"ListItem","position":3,"name":"Gunblade de Squall &#8211; Final Fantasy"}]},{"@type":"WebSite","@id":"https:\/\/repliquemangacine.fr\/#website","url":"https:\/\/repliquemangacine.fr\/","name":"R\u00e9plique Manga Cin\u00e9","description":"","publisher":{"@id":"https:\/\/repliquemangacine.fr\/#organization"},"potentialAction":[{"@type":"SearchAction","target":{"@type":"EntryPoint","urlTemplate":"https:\/\/repliquemangacine.fr\/?s={search_term_string}"},"query-input":{"@type":"PropertyValueSpecification","valueRequired":true,"valueName":"search_term_string"}}],"inLanguage":"en-US"},{"@type":"Organization","@id":"https:\/\/repliquemangacine.fr\/#organization","name":"R\u00e9plique Manga Cin\u00e9","url":"https:\/\/repliquemangacine.fr\/","logo":{"@type":"ImageObject","inLanguage":"en-US","@id":"https:\/\/repliquemangacine.fr\/#\/schema\/logo\/image\/","url":"https:\/\/repliquemangacine.fr\/wp-content\/uploads\/2023\/10\/RMC-500250.png","contentUrl":"https:\/\/repliquemangacine.fr\/wp-content\/uploads\/2023\/10\/RMC-500250.png","width":500,"height":250,"caption":"R\u00e9plique Manga Cin\u00e9"},"image":{"@id":"https:\/\/repliquemangacine.fr\/#\/schema\/logo\/image\/"},"sameAs":["https:\/\/www.facebook.com\/RepliqueMangaCine","https:\/\/www.instagram.com\/repliquemangacine.fr\/"]}]}},"_links":{"self":[{"href":"https:\/\/repliquemangacine.fr\/en\/wp-json\/wp\/v2\/product\/90932","targetHints":{"allow":["GET"]}}],"collection":[{"href":"https:\/\/repliquemangacine.fr\/en\/wp-json\/wp\/v2\/product"}],"about":[{"href":"https:\/\/repliquemangacine.fr\/en\/wp-json\/wp\/v2\/types\/product"}],"wp:featuredmedia":[{"embeddable":true,"href":"https:\/\/repliquemangacine.fr\/en\/wp-json\/wp\/v2\/media\/90934"}],"wp:attachment":[{"href":"https:\/\/repliquemangacine.fr\/en\/wp-json\/wp\/v2\/media?parent=90932"}],"wp:term":[{"taxonomy":"product_brand","embeddable":true,"href":"https:\/\/repliquemangacine.fr\/en\/wp-json\/wp\/v2\/product_brand?post=90932"},{"taxonomy":"product_cat","embeddable":true,"href":"https:\/\/repliquemangacine.fr\/en\/wp-json\/wp\/v2\/product_cat?post=90932"},{"taxonomy":"product_tag","embeddable":true,"href":"https:\/\/repliquemangacine.fr\/en\/wp-json\/wp\/v2\/product_tag?post=90932"}],"curies":[{"name":"wp","href":"https:\/\/api.w.org\/{rel}","templated":true}]}}